{"id":14501,"date":"2026-04-26T08:38:51","date_gmt":"2026-04-26T08:38:51","guid":{"rendered":"https:\/\/gastora.eu\/?post_type=product&#038;p=14501"},"modified":"2026-04-28T16:56:39","modified_gmt":"2026-04-28T16:56:39","slug":"premium-cuiseur-de-ptes-unit-simple-profondeur-90-cm-gaz","status":"publish","type":"product","link":"https:\/\/gastora.eu\/en\/product\/premium-cuiseur-de-ptes-unit-simple-profondeur-90-cm-gaz\/","title":{"rendered":"Premium cuiseur de p\u00e2tes &#8211; unit\u00e9 simple &#8211; profondeur 90 cm &#8211; gaz"},"content":{"rendered":"<p>Ce cuiseur de p\u00e2tes \u00e9l\u00e9gant et de qualit\u00e9 sup\u00e9rieure vous permet de pr\u00e9parer un repas de p\u00e2tes complet en quelques minutes. Avec une capacit\u00e9 de 40 litres et trois paniers en acier inoxydable, vous pouvez pr\u00e9parer plusieurs plats simultan\u00e9ment. Vous pouvez cuire diff\u00e9rentes sortes de p\u00e2tes, ainsi que d&#8217;autres aliments comme le riz, les pommes de terre, les l\u00e9gumes ou les nouilles.<\/p>\n<h3>Cuiseur de p\u00e2tes polyvalent<\/h3>\n<p>Gr\u00e2ce aux fines perforations des paniers \u00e0 p\u00e2tes, le cuiseur \u00e0 p\u00e2tes peut \u00eatre utilis\u00e9 pour un grand nombre d&#8217;applications. Lorsque les p\u00e2tes sont cuites, posez les paniers sur la surface d&#8217;\u00e9gouttage sp\u00e9ciale o\u00f9 les p\u00e2tes peuvent s&#8217;\u00e9goutter. Le robinet \u00e0 bille pratique vous permet de vider rapidement le r\u00e9servoir d&#8217;eau. Le r\u00e9servoir d&#8217;eau en acier inoxydable a des coins arrondis et le dessus du cuiseur de p\u00e2tes a \u00e9t\u00e9 soud\u00e9 sans joints, ce qui le rend facile \u00e0 nettoyer.<\/p>\n<h3>Travailler en toute s\u00e9curit\u00e9 avec le gaz<\/h3>\n<p>Le r\u00e9servoir d&#8217;eau peut \u00eatre rempli par l&#8217;alimentation en eau froide \u00e0 l&#8217;aide d&#8217;une \u00e9lectrovanne. Le thermostat de s\u00e9curit\u00e9 permet de chauffer l&#8217;eau entre 20 et 200\u00b0C. Il y a une soupape de s\u00e9curit\u00e9 avec un thermocouple. Celle-ci veille \u00e0 ce que la vanne de gaz reste ouverte tant que le capteur enregistre encore de la chaleur. D\u00e8s qu&#8217;il n&#8217;y a plus de flamme, la vanne de gaz se ferme automatiquement, de sorte que le gaz ne s&#8217;\u00e9chappe pas. Le br\u00fbleur est \u00e9galement \u00e9quip\u00e9 d&#8217;une flamme pilote pour une utilisation s\u00fbre et confortable. Le gril peut \u00eatre aliment\u00e9 au GPL ou au gaz naturel. Il peut \u00eatre plac\u00e9 dans une ligne de cuisson.<\/p>\n<p><strong>Caract\u00e9ristiques<\/strong><\/p>\n<ul>\n<li>Des \u00e9l\u00e9ments chauffants efficaces et blind\u00e9s dans le r\u00e9servoir d&#8217;eau assurent un chauffage rapide<\/li>\n<li>Vidange rapide du r\u00e9servoir d&#8217;eau gr\u00e2ce au robinet \u00e0 bille et \u00e0 la vidange<\/li>\n<li>Construction tr\u00e8s durable et design ergonomique<\/li>\n<li>Comprend une base avec un placard pour un rangement suppl\u00e9mentaire<\/li>\n<\/ul>\n<p><strong>Caract\u00e9ristiques du produit<\/strong><\/p>\n<ul>\n<li>Poids net : 67 kg<\/li>\n<li>Dimensions du panier : L27 x P14 x H23cm<\/li>\n<li>Dimensions de l&#8217;appareil : L40 x P90 x H85m<\/li>\n<li>Puissance totale du gaz : 18,0 kW<\/li>\n<li>Injecteurs de gaz install\u00e9s : G25 &#8211; gaz naturel<\/li>\n<\/ul>","protected":false},"excerpt":{"rendered":"<p>Ce cuiseur de p\u00e2tes haut de gamme est un atout dans toutes les cuisines de restauration. Non seulement il est tr\u00e8s \u00e9l\u00e9gant, mais il offre \u00e9galement un large \u00e9ventail d&#8217;applications de cuisson. Avec une capacit\u00e9 de 40 litres d&#8217;eau et trois paniers \u00e0 p\u00e2tes en acier inoxydable, toutes vos p\u00e2tes, nouilles, l\u00e9gumes et riz devraient \u00eatre pr\u00eats en un rien de temps.<\/p>","protected":false},"featured_media":7746,"template":"","meta":{"_acf_changed":false},"product_brand":[],"product_cat":[495],"product_tag":[],"class_list":{"0":"post-14501","1":"product","2":"type-product","3":"status-publish","4":"has-post-thumbnail","6":"product_cat-plaques-pianos-de-cuisson-2","8":"first","9":"instock","10":"sale","11":"taxable","12":"shipping-taxable","13":"purchasable","14":"product-type-simple"},"acf":[],"yoast_head":"<!-- This site is optimized with the Yoast SEO plugin v27.6 - https:\/\/yoast.com\/product\/yoast-seo-wordpress\/ -->\n<title>Premium cuiseur de p\u00e2tes - unit\u00e9 simple - profondeur 90 cm - gaz - Gastora<\/title>\n<meta name=\"description\" content=\"Achetez Premium cuiseur de p\u00e2tes - unit\u00e9 simple - profondeur 90 cm - gaz au meilleur prix, fiable et performant avec une livraison rapide\" \/>\n<meta name=\"robots\" content=\"index, follow, max-snippet:-1, max-image-preview:large, max-video-preview:-1\" \/>\n<link rel=\"canonical\" href=\"https:\/\/gastora.eu\/en\/product\/premium-cuiseur-de-ptes-unit-simple-profondeur-90-cm-gaz\/\" \/>\n<meta property=\"og:locale\" content=\"en_US\" \/>\n<meta property=\"og:type\" content=\"article\" \/>\n<meta property=\"og:title\" content=\"Premium cuiseur de p\u00e2tes - unit\u00e9 simple - profondeur 90 cm - gaz - Gastora\" \/>\n<meta property=\"og:description\" content=\"Achetez Premium cuiseur de p\u00e2tes - unit\u00e9 simple - profondeur 90 cm - gaz au meilleur prix, fiable et performant avec une livraison rapide\" \/>\n<meta property=\"og:url\" content=\"https:\/\/gastora.eu\/en\/product\/premium-cuiseur-de-ptes-unit-simple-profondeur-90-cm-gaz\/\" \/>\n<meta property=\"og:site_name\" content=\"Gastora\" \/>\n<meta property=\"article:modified_time\" content=\"2026-04-28T16:56:39+00:00\" \/>\n<meta name=\"twitter:card\" content=\"summary_large_image\" \/>\n<meta name=\"twitter:label1\" content=\"Est. reading time\" \/>\n\t<meta name=\"twitter:data1\" content=\"2 minutes\" \/>\n<script type=\"application\/ld+json\" class=\"yoast-schema-graph\">{\"@context\":\"https:\\\/\\\/schema.org\",\"@graph\":[{\"@type\":\"WebPage\",\"@id\":\"https:\\\/\\\/gastora.eu\\\/product\\\/premium-cuiseur-de-ptes-unit-simple-profondeur-90-cm-gaz\\\/\",\"url\":\"https:\\\/\\\/gastora.eu\\\/product\\\/premium-cuiseur-de-ptes-unit-simple-profondeur-90-cm-gaz\\\/\",\"name\":\"Premium cuiseur de p\u00e2tes - unit\u00e9 simple - profondeur 90 cm - gaz - Gastora\",\"isPartOf\":{\"@id\":\"https:\\\/\\\/gastora.eu\\\/#website\"},\"primaryImageOfPage\":{\"@id\":\"https:\\\/\\\/gastora.eu\\\/product\\\/premium-cuiseur-de-ptes-unit-simple-profondeur-90-cm-gaz\\\/#primaryimage\"},\"image\":{\"@id\":\"https:\\\/\\\/gastora.eu\\\/product\\\/premium-cuiseur-de-ptes-unit-simple-profondeur-90-cm-gaz\\\/#primaryimage\"},\"thumbnailUrl\":\"https:\\\/\\\/gastora.eu\\\/wp-content\\\/uploads\\\/2026\\\/04\\\/pastakoker_gas.jpg\",\"datePublished\":\"2026-04-26T08:38:51+00:00\",\"dateModified\":\"2026-04-28T16:56:39+00:00\",\"description\":\"Achetez Premium cuiseur de p\u00e2tes - unit\u00e9 simple - profondeur 90 cm - gaz au meilleur prix, fiable et performant avec une livraison rapide\",\"breadcrumb\":{\"@id\":\"https:\\\/\\\/gastora.eu\\\/product\\\/premium-cuiseur-de-ptes-unit-simple-profondeur-90-cm-gaz\\\/#breadcrumb\"},\"inLanguage\":\"en-US\",\"potentialAction\":[{\"@type\":\"ReadAction\",\"target\":[\"https:\\\/\\\/gastora.eu\\\/product\\\/premium-cuiseur-de-ptes-unit-simple-profondeur-90-cm-gaz\\\/\"]}]},{\"@type\":\"ImageObject\",\"inLanguage\":\"en-US\",\"@id\":\"https:\\\/\\\/gastora.eu\\\/product\\\/premium-cuiseur-de-ptes-unit-simple-profondeur-90-cm-gaz\\\/#primaryimage\",\"url\":\"https:\\\/\\\/gastora.eu\\\/wp-content\\\/uploads\\\/2026\\\/04\\\/pastakoker_gas.jpg\",\"contentUrl\":\"https:\\\/\\\/gastora.eu\\\/wp-content\\\/uploads\\\/2026\\\/04\\\/pastakoker_gas.jpg\",\"width\":900,\"height\":900},{\"@type\":\"BreadcrumbList\",\"@id\":\"https:\\\/\\\/gastora.eu\\\/product\\\/premium-cuiseur-de-ptes-unit-simple-profondeur-90-cm-gaz\\\/#breadcrumb\",\"itemListElement\":[{\"@type\":\"ListItem\",\"position\":1,\"name\":\"Home\",\"item\":\"https:\\\/\\\/gastora.eu\\\/\"},{\"@type\":\"ListItem\",\"position\":2,\"name\":\"Shop\",\"item\":\"https:\\\/\\\/gastora.eu\\\/shop\\\/\"},{\"@type\":\"ListItem\",\"position\":3,\"name\":\"Premium cuiseur de p\u00e2tes &#8211; unit\u00e9 simple &#8211; profondeur 90 cm &#8211; gaz\"}]},{\"@type\":\"WebSite\",\"@id\":\"https:\\\/\\\/gastora.eu\\\/#website\",\"url\":\"https:\\\/\\\/gastora.eu\\\/\",\"name\":\"Gastora\",\"description\":\"\u00c9quipements professionnels CHR\",\"publisher\":{\"@id\":\"https:\\\/\\\/gastora.eu\\\/#organization\"},\"potentialAction\":[{\"@type\":\"SearchAction\",\"target\":{\"@type\":\"EntryPoint\",\"urlTemplate\":\"https:\\\/\\\/gastora.eu\\\/?s={search_term_string}\"},\"query-input\":{\"@type\":\"PropertyValueSpecification\",\"valueRequired\":true,\"valueName\":\"search_term_string\"}}],\"inLanguage\":\"en-US\"},{\"@type\":\"Organization\",\"@id\":\"https:\\\/\\\/gastora.eu\\\/#organization\",\"name\":\"Gastora\",\"url\":\"https:\\\/\\\/gastora.eu\\\/\",\"logo\":{\"@type\":\"ImageObject\",\"inLanguage\":\"en-US\",\"@id\":\"https:\\\/\\\/gastora.eu\\\/#\\\/schema\\\/logo\\\/image\\\/\",\"url\":\"https:\\\/\\\/gastora.eu\\\/wp-content\\\/uploads\\\/2025\\\/12\\\/ChatGPT-Image-2-janv.-2026-22_52_47-1.png\",\"contentUrl\":\"https:\\\/\\\/gastora.eu\\\/wp-content\\\/uploads\\\/2025\\\/12\\\/ChatGPT-Image-2-janv.-2026-22_52_47-1.png\",\"width\":1536,\"height\":320,\"caption\":\"Gastora\"},\"image\":{\"@id\":\"https:\\\/\\\/gastora.eu\\\/#\\\/schema\\\/logo\\\/image\\\/\"}}]}<\/script>\n<!-- \/ Yoast SEO plugin. -->","yoast_head_json":{"title":"Premium cuiseur de p\u00e2tes - unit\u00e9 simple - profondeur 90 cm - gaz - Gastora","description":"Achetez Premium cuiseur de p\u00e2tes - unit\u00e9 simple - profondeur 90 cm - gaz au meilleur prix, fiable et performant avec une livraison rapide","robots":{"index":"index","follow":"follow","max-snippet":"max-snippet:-1","max-image-preview":"max-image-preview:large","max-video-preview":"max-video-preview:-1"},"canonical":"https:\/\/gastora.eu\/en\/product\/premium-cuiseur-de-ptes-unit-simple-profondeur-90-cm-gaz\/","og_locale":"en_US","og_type":"article","og_title":"Premium cuiseur de p\u00e2tes - unit\u00e9 simple - profondeur 90 cm - gaz - Gastora","og_description":"Achetez Premium cuiseur de p\u00e2tes - unit\u00e9 simple - profondeur 90 cm - gaz au meilleur prix, fiable et performant avec une livraison rapide","og_url":"https:\/\/gastora.eu\/en\/product\/premium-cuiseur-de-ptes-unit-simple-profondeur-90-cm-gaz\/","og_site_name":"Gastora","article_modified_time":"2026-04-28T16:56:39+00:00","twitter_card":"summary_large_image","twitter_misc":{"Est. reading time":"2 minutes"},"schema":{"@context":"https:\/\/schema.org","@graph":[{"@type":"WebPage","@id":"https:\/\/gastora.eu\/product\/premium-cuiseur-de-ptes-unit-simple-profondeur-90-cm-gaz\/","url":"https:\/\/gastora.eu\/product\/premium-cuiseur-de-ptes-unit-simple-profondeur-90-cm-gaz\/","name":"Premium cuiseur de p\u00e2tes - unit\u00e9 simple - profondeur 90 cm - gaz - Gastora","isPartOf":{"@id":"https:\/\/gastora.eu\/#website"},"primaryImageOfPage":{"@id":"https:\/\/gastora.eu\/product\/premium-cuiseur-de-ptes-unit-simple-profondeur-90-cm-gaz\/#primaryimage"},"image":{"@id":"https:\/\/gastora.eu\/product\/premium-cuiseur-de-ptes-unit-simple-profondeur-90-cm-gaz\/#primaryimage"},"thumbnailUrl":"https:\/\/gastora.eu\/wp-content\/uploads\/2026\/04\/pastakoker_gas.jpg","datePublished":"2026-04-26T08:38:51+00:00","dateModified":"2026-04-28T16:56:39+00:00","description":"Achetez Premium cuiseur de p\u00e2tes - unit\u00e9 simple - profondeur 90 cm - gaz au meilleur prix, fiable et performant avec une livraison rapide","breadcrumb":{"@id":"https:\/\/gastora.eu\/product\/premium-cuiseur-de-ptes-unit-simple-profondeur-90-cm-gaz\/#breadcrumb"},"inLanguage":"en-US","potentialAction":[{"@type":"ReadAction","target":["https:\/\/gastora.eu\/product\/premium-cuiseur-de-ptes-unit-simple-profondeur-90-cm-gaz\/"]}]},{"@type":"ImageObject","inLanguage":"en-US","@id":"https:\/\/gastora.eu\/product\/premium-cuiseur-de-ptes-unit-simple-profondeur-90-cm-gaz\/#primaryimage","url":"https:\/\/gastora.eu\/wp-content\/uploads\/2026\/04\/pastakoker_gas.jpg","contentUrl":"https:\/\/gastora.eu\/wp-content\/uploads\/2026\/04\/pastakoker_gas.jpg","width":900,"height":900},{"@type":"BreadcrumbList","@id":"https:\/\/gastora.eu\/product\/premium-cuiseur-de-ptes-unit-simple-profondeur-90-cm-gaz\/#breadcrumb","itemListElement":[{"@type":"ListItem","position":1,"name":"Home","item":"https:\/\/gastora.eu\/"},{"@type":"ListItem","position":2,"name":"Shop","item":"https:\/\/gastora.eu\/shop\/"},{"@type":"ListItem","position":3,"name":"Premium cuiseur de p\u00e2tes &#8211; unit\u00e9 simple &#8211; profondeur 90 cm &#8211; gaz"}]},{"@type":"WebSite","@id":"https:\/\/gastora.eu\/#website","url":"https:\/\/gastora.eu\/","name":"Gastora","description":"\u00c9quipements professionnels CHR","publisher":{"@id":"https:\/\/gastora.eu\/#organization"},"potentialAction":[{"@type":"SearchAction","target":{"@type":"EntryPoint","urlTemplate":"https:\/\/gastora.eu\/?s={search_term_string}"},"query-input":{"@type":"PropertyValueSpecification","valueRequired":true,"valueName":"search_term_string"}}],"inLanguage":"en-US"},{"@type":"Organization","@id":"https:\/\/gastora.eu\/#organization","name":"Gastora","url":"https:\/\/gastora.eu\/","logo":{"@type":"ImageObject","inLanguage":"en-US","@id":"https:\/\/gastora.eu\/#\/schema\/logo\/image\/","url":"https:\/\/gastora.eu\/wp-content\/uploads\/2025\/12\/ChatGPT-Image-2-janv.-2026-22_52_47-1.png","contentUrl":"https:\/\/gastora.eu\/wp-content\/uploads\/2025\/12\/ChatGPT-Image-2-janv.-2026-22_52_47-1.png","width":1536,"height":320,"caption":"Gastora"},"image":{"@id":"https:\/\/gastora.eu\/#\/schema\/logo\/image\/"}}]}},"jetpack_sharing_enabled":true,"_links":{"self":[{"href":"https:\/\/gastora.eu\/en\/wp-json\/wp\/v2\/product\/14501","targetHints":{"allow":["GET"]}}],"collection":[{"href":"https:\/\/gastora.eu\/en\/wp-json\/wp\/v2\/product"}],"about":[{"href":"https:\/\/gastora.eu\/en\/wp-json\/wp\/v2\/types\/product"}],"wp:featuredmedia":[{"embeddable":true,"href":"https:\/\/gastora.eu\/en\/wp-json\/wp\/v2\/media\/7746"}],"wp:attachment":[{"href":"https:\/\/gastora.eu\/en\/wp-json\/wp\/v2\/media?parent=14501"}],"wp:term":[{"taxonomy":"product_brand","embeddable":true,"href":"https:\/\/gastora.eu\/en\/wp-json\/wp\/v2\/product_brand?post=14501"},{"taxonomy":"product_cat","embeddable":true,"href":"https:\/\/gastora.eu\/en\/wp-json\/wp\/v2\/product_cat?post=14501"},{"taxonomy":"product_tag","embeddable":true,"href":"https:\/\/gastora.eu\/en\/wp-json\/wp\/v2\/product_tag?post=14501"}],"curies":[{"name":"wp","href":"https:\/\/api.w.org\/{rel}","templated":true}]}}