{"id":14494,"date":"2026-04-25T17:51:38","date_gmt":"2026-04-25T17:51:38","guid":{"rendered":"https:\/\/gastora.eu\/?post_type=product&#038;p=14494"},"modified":"2026-04-28T16:56:38","modified_gmt":"2026-04-28T16:56:38","slug":"premium-bratt-pan-205-l-profondeur-90-cm-gaz","status":"publish","type":"product","link":"https:\/\/gastora.eu\/en\/product\/premium-bratt-pan-205-l-profondeur-90-cm-gaz\/","title":{"rendered":"Premium bratt pan &#8211; 205 L &#8211; profondeur 90 cm &#8211; gaz"},"content":{"rendered":"<p>Cette robuste marmite est pr\u00eate \u00e0 affronter les grandes t\u00e2ches de la cuisine. Avec sa capacit\u00e9 de 205 litres, vous pouvez facilement cuisiner les plats les plus savoureux en grandes quantit\u00e9s. Elle est donc id\u00e9ale pour une utilisation dans une cuisine professionnelle. Cette sauteuse fonctionne au gaz et est \u00e9galement inclinable, ce qui vous permet de retirer facilement le plat fini pour le servir ou m\u00eame le nettoyer.<\/p>\n<h3>\u00c9quip\u00e9e d&#8217;une isolation thermique<\/h3>\n<p>Travailler en toute s\u00e9curit\u00e9 dans le secteur de l&#8217;h\u00f4tellerie et de la restauration est essentiel. C&#8217;est pourquoi cette sauteuse professionnelle est \u00e9quip\u00e9e d&#8217;un syst\u00e8me de s\u00e9curit\u00e9 qui coupe le gaz et le chauffage lorsque le couvercle est ouvert. Le thermostat de s\u00e9curit\u00e9 permet d&#8217;\u00e9viter toute surchauffe. La temp\u00e9rature peut \u00eatre r\u00e9gl\u00e9e entre 120 et 300\u00b0C. Pour limiter les pertes de chaleur et maintenir la consommation d&#8217;\u00e9nergie \u00e0 un niveau bas, la sauteuse est \u00e9quip\u00e9e d&#8217;une isolation thermique. Le fond de la casserole int\u00e9rieure est en acier inoxydable d&#8217;une \u00e9paisseur de 8 mm pour \u00e9viter la corrosion, ce qui garantit \u00e9galement une r\u00e9partition uniforme de la chaleur.<\/p>\n<h3>Facile \u00e0 nettoyer<\/h3>\n<p>Le nettoyage est un \u00e9l\u00e9ment important de la facilit\u00e9 d&#8217;utilisation. Gr\u00e2ce \u00e0 la conception intelligente et \u00e0 l&#8217;utilisation de mat\u00e9riaux lisses, vous n&#8217;aurez jamais \u00e0 vous en soucier. L&#8217;acier inoxydable est tr\u00e8s facile \u00e0 nettoyer, simplement \u00e0 l&#8217;aide d&#8217;un chiffon. Les coins sont arrondis pour \u00e9viter l&#8217;accumulation de r\u00e9sidus alimentaires et, gr\u00e2ce au robinet d&#8217;eau pratique, vous avez toujours de l&#8217;eau \u00e0 port\u00e9e de main pour le nettoyage. L&#8217;inclinaison du bac int\u00e9rieur est \u00e9galement tr\u00e8s pratique pour nettoyer et s\u00e9cher la po\u00eale \u00e0 frire.<\/p>\n<p><strong>Caract\u00e9ristiques<\/strong><\/p>\n<ul>\n<li>fond en acier inoxydable de 8 mm d&#8217;\u00e9paisseur<\/li>\n<li>Le m\u00e9canisme du couvercle \u00e0 charni\u00e8re permet une ouverture et une fermeture faciles<\/li>\n<li>Br\u00fbleurs en acier inoxydable avec protection de la flamme<\/li>\n<li>Temp\u00e9rature r\u00e9glable de 120 \u00e0 300\u00b0C<\/li>\n<li>Thermostat de s\u00e9curit\u00e9 pour \u00e9viter la surchauffe de la casserole<\/li>\n<li>Allumage pi\u00e9zo\u00e9lectrique et t\u00e9moins de temp\u00e9rature sur le panneau avant<\/li>\n<li>\u00c9quip\u00e9 d&#8217;une \u00e9lectrovanne pour l&#8217;eau froide ou chaude<\/li>\n<\/ul>\n<p><strong>Caract\u00e9ristiques du produit<\/strong><\/p>\n<ul>\n<li>Poids net : 255,5 kg<\/li>\n<li>Capacit\u00e9 nette : 165L<\/li>\n<li>Dimensions de la surface de cuisson : L132,5 x P53cm<\/li>\n<li>Dimensions de l&#8217;appareil : L160 x P90 x H85cm<\/li>\n<li>Puissance totale du gaz : 44,0 kW<\/li>\n<li>Injecteurs de gaz install\u00e9s : G25 &#8211; gaz naturel<\/li>\n<li>Jeu suppl\u00e9mentaire d&#8217;injecteurs de gaz : G30 &#8211; GPL (propane \/ butane)<\/li>\n<\/ul>\n<section id=\"description\">\n<div class=\"product-section-content\">\n<div class=\"product-description\">\n<p><em><strong>Remarque : le produit illustr\u00e9 peut diff\u00e9rer l\u00e9g\u00e8rement du mod\u00e8le r\u00e9el<\/strong><\/em><\/p>\n<\/div>\n<\/div>\n<\/section>\n<section id=\"product.section.pros-and-cons\"><\/section><\/p>","protected":false},"excerpt":{"rendered":"<p>Avec cette po\u00eale \u00e0 brasero \u00e0 gaz, vous aurez toujours assez de capacit\u00e9 pour cuire, r\u00f4tir, cuisiner ou mijoter rapidement de grandes quantit\u00e9s de d\u00e9licieux repas. Enti\u00e8rement fabriqu\u00e9e en acier inoxydable, elle est \u00e9quip\u00e9e d&#8217;un bac int\u00e9rieur inclinable pour faciliter le vidage et le nettoyage.<\/p>","protected":false},"featured_media":7736,"template":"","meta":{"_acf_changed":false},"product_brand":[],"product_cat":[495],"product_tag":[],"class_list":{"0":"post-14494","1":"product","2":"type-product","3":"status-publish","4":"has-post-thumbnail","6":"product_cat-plaques-pianos-de-cuisson-2","8":"first","9":"instock","10":"sale","11":"taxable","12":"shipping-taxable","13":"purchasable","14":"product-type-simple"},"acf":[],"yoast_head":"<!-- This site is optimized with the Yoast SEO plugin v27.6 - https:\/\/yoast.com\/product\/yoast-seo-wordpress\/ -->\n<title>Premium bratt pan - 205 L - profondeur 90 cm - gaz - Gastora<\/title>\n<meta name=\"description\" content=\"Achetez Premium bratt pan - 205 L - profondeur 90 cm - gaz au meilleur prix, fiable et performant avec une livraison rapide\" \/>\n<meta name=\"robots\" content=\"index, follow, max-snippet:-1, max-image-preview:large, max-video-preview:-1\" \/>\n<link rel=\"canonical\" href=\"https:\/\/gastora.eu\/en\/product\/premium-bratt-pan-205-l-profondeur-90-cm-gaz\/\" \/>\n<meta property=\"og:locale\" content=\"en_US\" \/>\n<meta property=\"og:type\" content=\"article\" \/>\n<meta property=\"og:title\" content=\"Premium bratt pan - 205 L - profondeur 90 cm - gaz - Gastora\" \/>\n<meta property=\"og:description\" content=\"Achetez Premium bratt pan - 205 L - profondeur 90 cm - gaz au meilleur prix, fiable et performant avec une livraison rapide\" \/>\n<meta property=\"og:url\" content=\"https:\/\/gastora.eu\/en\/product\/premium-bratt-pan-205-l-profondeur-90-cm-gaz\/\" \/>\n<meta property=\"og:site_name\" content=\"Gastora\" \/>\n<meta property=\"article:modified_time\" content=\"2026-04-28T16:56:38+00:00\" \/>\n<meta name=\"twitter:card\" content=\"summary_large_image\" \/>\n<meta name=\"twitter:label1\" content=\"Est. reading time\" \/>\n\t<meta name=\"twitter:data1\" content=\"2 minutes\" \/>\n<script type=\"application\/ld+json\" class=\"yoast-schema-graph\">{\"@context\":\"https:\\\/\\\/schema.org\",\"@graph\":[{\"@type\":\"WebPage\",\"@id\":\"https:\\\/\\\/gastora.eu\\\/product\\\/premium-bratt-pan-205-l-profondeur-90-cm-gaz\\\/\",\"url\":\"https:\\\/\\\/gastora.eu\\\/product\\\/premium-bratt-pan-205-l-profondeur-90-cm-gaz\\\/\",\"name\":\"Premium bratt pan - 205 L - profondeur 90 cm - gaz - Gastora\",\"isPartOf\":{\"@id\":\"https:\\\/\\\/gastora.eu\\\/#website\"},\"primaryImageOfPage\":{\"@id\":\"https:\\\/\\\/gastora.eu\\\/product\\\/premium-bratt-pan-205-l-profondeur-90-cm-gaz\\\/#primaryimage\"},\"image\":{\"@id\":\"https:\\\/\\\/gastora.eu\\\/product\\\/premium-bratt-pan-205-l-profondeur-90-cm-gaz\\\/#primaryimage\"},\"thumbnailUrl\":\"https:\\\/\\\/gastora.eu\\\/wp-content\\\/uploads\\\/2026\\\/04\\\/09398672_aangepast.png\",\"datePublished\":\"2026-04-25T17:51:38+00:00\",\"dateModified\":\"2026-04-28T16:56:38+00:00\",\"description\":\"Achetez Premium bratt pan - 205 L - profondeur 90 cm - gaz au meilleur prix, fiable et performant avec une livraison rapide\",\"breadcrumb\":{\"@id\":\"https:\\\/\\\/gastora.eu\\\/product\\\/premium-bratt-pan-205-l-profondeur-90-cm-gaz\\\/#breadcrumb\"},\"inLanguage\":\"en-US\",\"potentialAction\":[{\"@type\":\"ReadAction\",\"target\":[\"https:\\\/\\\/gastora.eu\\\/product\\\/premium-bratt-pan-205-l-profondeur-90-cm-gaz\\\/\"]}]},{\"@type\":\"ImageObject\",\"inLanguage\":\"en-US\",\"@id\":\"https:\\\/\\\/gastora.eu\\\/product\\\/premium-bratt-pan-205-l-profondeur-90-cm-gaz\\\/#primaryimage\",\"url\":\"https:\\\/\\\/gastora.eu\\\/wp-content\\\/uploads\\\/2026\\\/04\\\/09398672_aangepast.png\",\"contentUrl\":\"https:\\\/\\\/gastora.eu\\\/wp-content\\\/uploads\\\/2026\\\/04\\\/09398672_aangepast.png\",\"width\":1200,\"height\":1200},{\"@type\":\"BreadcrumbList\",\"@id\":\"https:\\\/\\\/gastora.eu\\\/product\\\/premium-bratt-pan-205-l-profondeur-90-cm-gaz\\\/#breadcrumb\",\"itemListElement\":[{\"@type\":\"ListItem\",\"position\":1,\"name\":\"Home\",\"item\":\"https:\\\/\\\/gastora.eu\\\/\"},{\"@type\":\"ListItem\",\"position\":2,\"name\":\"Shop\",\"item\":\"https:\\\/\\\/gastora.eu\\\/shop\\\/\"},{\"@type\":\"ListItem\",\"position\":3,\"name\":\"Premium bratt pan &#8211; 205 L &#8211; profondeur 90 cm &#8211; gaz\"}]},{\"@type\":\"WebSite\",\"@id\":\"https:\\\/\\\/gastora.eu\\\/#website\",\"url\":\"https:\\\/\\\/gastora.eu\\\/\",\"name\":\"Gastora\",\"description\":\"\u00c9quipements professionnels CHR\",\"publisher\":{\"@id\":\"https:\\\/\\\/gastora.eu\\\/#organization\"},\"potentialAction\":[{\"@type\":\"SearchAction\",\"target\":{\"@type\":\"EntryPoint\",\"urlTemplate\":\"https:\\\/\\\/gastora.eu\\\/?s={search_term_string}\"},\"query-input\":{\"@type\":\"PropertyValueSpecification\",\"valueRequired\":true,\"valueName\":\"search_term_string\"}}],\"inLanguage\":\"en-US\"},{\"@type\":\"Organization\",\"@id\":\"https:\\\/\\\/gastora.eu\\\/#organization\",\"name\":\"Gastora\",\"url\":\"https:\\\/\\\/gastora.eu\\\/\",\"logo\":{\"@type\":\"ImageObject\",\"inLanguage\":\"en-US\",\"@id\":\"https:\\\/\\\/gastora.eu\\\/#\\\/schema\\\/logo\\\/image\\\/\",\"url\":\"https:\\\/\\\/gastora.eu\\\/wp-content\\\/uploads\\\/2025\\\/12\\\/ChatGPT-Image-2-janv.-2026-22_52_47-1.png\",\"contentUrl\":\"https:\\\/\\\/gastora.eu\\\/wp-content\\\/uploads\\\/2025\\\/12\\\/ChatGPT-Image-2-janv.-2026-22_52_47-1.png\",\"width\":1536,\"height\":320,\"caption\":\"Gastora\"},\"image\":{\"@id\":\"https:\\\/\\\/gastora.eu\\\/#\\\/schema\\\/logo\\\/image\\\/\"}}]}<\/script>\n<!-- \/ Yoast SEO plugin. -->","yoast_head_json":{"title":"Premium bratt pan - 205 L - profondeur 90 cm - gaz - Gastora","description":"Achetez Premium bratt pan - 205 L - profondeur 90 cm - gaz au meilleur prix, fiable et performant avec une livraison rapide","robots":{"index":"index","follow":"follow","max-snippet":"max-snippet:-1","max-image-preview":"max-image-preview:large","max-video-preview":"max-video-preview:-1"},"canonical":"https:\/\/gastora.eu\/en\/product\/premium-bratt-pan-205-l-profondeur-90-cm-gaz\/","og_locale":"en_US","og_type":"article","og_title":"Premium bratt pan - 205 L - profondeur 90 cm - gaz - Gastora","og_description":"Achetez Premium bratt pan - 205 L - profondeur 90 cm - gaz au meilleur prix, fiable et performant avec une livraison rapide","og_url":"https:\/\/gastora.eu\/en\/product\/premium-bratt-pan-205-l-profondeur-90-cm-gaz\/","og_site_name":"Gastora","article_modified_time":"2026-04-28T16:56:38+00:00","twitter_card":"summary_large_image","twitter_misc":{"Est. reading time":"2 minutes"},"schema":{"@context":"https:\/\/schema.org","@graph":[{"@type":"WebPage","@id":"https:\/\/gastora.eu\/product\/premium-bratt-pan-205-l-profondeur-90-cm-gaz\/","url":"https:\/\/gastora.eu\/product\/premium-bratt-pan-205-l-profondeur-90-cm-gaz\/","name":"Premium bratt pan - 205 L - profondeur 90 cm - gaz - Gastora","isPartOf":{"@id":"https:\/\/gastora.eu\/#website"},"primaryImageOfPage":{"@id":"https:\/\/gastora.eu\/product\/premium-bratt-pan-205-l-profondeur-90-cm-gaz\/#primaryimage"},"image":{"@id":"https:\/\/gastora.eu\/product\/premium-bratt-pan-205-l-profondeur-90-cm-gaz\/#primaryimage"},"thumbnailUrl":"https:\/\/gastora.eu\/wp-content\/uploads\/2026\/04\/09398672_aangepast.png","datePublished":"2026-04-25T17:51:38+00:00","dateModified":"2026-04-28T16:56:38+00:00","description":"Achetez Premium bratt pan - 205 L - profondeur 90 cm - gaz au meilleur prix, fiable et performant avec une livraison rapide","breadcrumb":{"@id":"https:\/\/gastora.eu\/product\/premium-bratt-pan-205-l-profondeur-90-cm-gaz\/#breadcrumb"},"inLanguage":"en-US","potentialAction":[{"@type":"ReadAction","target":["https:\/\/gastora.eu\/product\/premium-bratt-pan-205-l-profondeur-90-cm-gaz\/"]}]},{"@type":"ImageObject","inLanguage":"en-US","@id":"https:\/\/gastora.eu\/product\/premium-bratt-pan-205-l-profondeur-90-cm-gaz\/#primaryimage","url":"https:\/\/gastora.eu\/wp-content\/uploads\/2026\/04\/09398672_aangepast.png","contentUrl":"https:\/\/gastora.eu\/wp-content\/uploads\/2026\/04\/09398672_aangepast.png","width":1200,"height":1200},{"@type":"BreadcrumbList","@id":"https:\/\/gastora.eu\/product\/premium-bratt-pan-205-l-profondeur-90-cm-gaz\/#breadcrumb","itemListElement":[{"@type":"ListItem","position":1,"name":"Home","item":"https:\/\/gastora.eu\/"},{"@type":"ListItem","position":2,"name":"Shop","item":"https:\/\/gastora.eu\/shop\/"},{"@type":"ListItem","position":3,"name":"Premium bratt pan &#8211; 205 L &#8211; profondeur 90 cm &#8211; gaz"}]},{"@type":"WebSite","@id":"https:\/\/gastora.eu\/#website","url":"https:\/\/gastora.eu\/","name":"Gastora","description":"\u00c9quipements professionnels CHR","publisher":{"@id":"https:\/\/gastora.eu\/#organization"},"potentialAction":[{"@type":"SearchAction","target":{"@type":"EntryPoint","urlTemplate":"https:\/\/gastora.eu\/?s={search_term_string}"},"query-input":{"@type":"PropertyValueSpecification","valueRequired":true,"valueName":"search_term_string"}}],"inLanguage":"en-US"},{"@type":"Organization","@id":"https:\/\/gastora.eu\/#organization","name":"Gastora","url":"https:\/\/gastora.eu\/","logo":{"@type":"ImageObject","inLanguage":"en-US","@id":"https:\/\/gastora.eu\/#\/schema\/logo\/image\/","url":"https:\/\/gastora.eu\/wp-content\/uploads\/2025\/12\/ChatGPT-Image-2-janv.-2026-22_52_47-1.png","contentUrl":"https:\/\/gastora.eu\/wp-content\/uploads\/2025\/12\/ChatGPT-Image-2-janv.-2026-22_52_47-1.png","width":1536,"height":320,"caption":"Gastora"},"image":{"@id":"https:\/\/gastora.eu\/#\/schema\/logo\/image\/"}}]}},"jetpack_sharing_enabled":true,"_links":{"self":[{"href":"https:\/\/gastora.eu\/en\/wp-json\/wp\/v2\/product\/14494","targetHints":{"allow":["GET"]}}],"collection":[{"href":"https:\/\/gastora.eu\/en\/wp-json\/wp\/v2\/product"}],"about":[{"href":"https:\/\/gastora.eu\/en\/wp-json\/wp\/v2\/types\/product"}],"wp:featuredmedia":[{"embeddable":true,"href":"https:\/\/gastora.eu\/en\/wp-json\/wp\/v2\/media\/7736"}],"wp:attachment":[{"href":"https:\/\/gastora.eu\/en\/wp-json\/wp\/v2\/media?parent=14494"}],"wp:term":[{"taxonomy":"product_brand","embeddable":true,"href":"https:\/\/gastora.eu\/en\/wp-json\/wp\/v2\/product_brand?post=14494"},{"taxonomy":"product_cat","embeddable":true,"href":"https:\/\/gastora.eu\/en\/wp-json\/wp\/v2\/product_cat?post=14494"},{"taxonomy":"product_tag","embeddable":true,"href":"https:\/\/gastora.eu\/en\/wp-json\/wp\/v2\/product_tag?post=14494"}],"curies":[{"name":"wp","href":"https:\/\/api.w.org\/{rel}","templated":true}]}}