{"id":14492,"date":"2026-04-25T17:51:35","date_gmt":"2026-04-25T17:51:35","guid":{"rendered":"https:\/\/gastora.eu\/?post_type=product&#038;p=14492"},"modified":"2026-04-28T16:56:38","modified_gmt":"2026-04-28T16:56:38","slug":"premium-bratt-pan-100-l-profondeur-90-cm-gaz","status":"publish","type":"product","link":"https:\/\/gastora.eu\/en\/product\/premium-bratt-pan-100-l-profondeur-90-cm-gaz\/","title":{"rendered":"Premium bratt pan &#8211; 100 L &#8211; profondeur 90 cm &#8211; gaz"},"content":{"rendered":"<h2>Sauteuse Premium 100L &#8211; Gaz<\/h2>\n<p>Cette sauteuse basculante robuste a une capacit\u00e9 de 100 litres. La sauteuse est multifonctionnelle, vous pouvez facilement cuire, r\u00f4tir, mijoter et cuisiner avec elle. Il suffit de chauffer la sauteuse et de placer les aliments dans la cuve int\u00e9rieure sans soudure. Lorsque les aliments sont pr\u00eats, utilisez la molette situ\u00e9e \u00e0 l&#8217;avant pour incliner le plat int\u00e9rieur vers vous. De cette fa\u00e7on, vous pouvez tr\u00e8s facilement retirer les aliments ou, lorsque vous les faites cuire, les \u00e9goutter. La finition en acier inoxydable de la r\u00f4tissoire et les coins arrondis rendent la sauteuse \u00e0 gaz facile \u00e0 nettoyer.<\/p>\n<p>Caract\u00e9ristiques de la sauteuse \u00e0 gaz<\/p>\n<ul>\n<li>fond en acier inoxydable de 8 mm d&#8217;\u00e9paisseur pour une grande r\u00e9sistance \u00e0 la corrosion<\/li>\n<li>Le couvercle \u00e0 double paroi augmente l&#8217;isolation et le m\u00e9canisme \u00e0 charni\u00e8re permet une ouverture et une fermeture faciles<\/li>\n<li>Br\u00fbleurs en acier inoxydable avec protection de la flamme pour une combustion optimale<\/li>\n<li>Temp\u00e9rature r\u00e9glable de 120 \u00b0C \u00e0 300 \u00b0C<\/li>\n<li>Thermostat de s\u00e9curit\u00e9 pour \u00e9viter la surchauffe de la casserole<\/li>\n<li>Allumage pi\u00e9zo\u00e9lectrique et t\u00e9moins de temp\u00e9rature sur le panneau avant<\/li>\n<li>Les br\u00fbleurs s&#8217;\u00e9teignent automatiquement lorsque la sauteuse est inclin\u00e9e<\/li>\n<li>D\u00e9marrage automatique des br\u00fbleurs par micro-interrupteur lorsque la casserole est de nouveau inclin\u00e9e vers l&#8217;arri\u00e8re<\/li>\n<li>L&#8217;isolation thermique garantit un rayonnement thermique limit\u00e9 et une faible consommation d&#8217;\u00e9nergie<\/li>\n<li>La vidange du brattoir est simplifi\u00e9e par le plateau basculant<\/li>\n<li>Equip\u00e9 d&#8217;une \u00e9lectrovanne pour l&#8217;eau froide ou chaude<\/li>\n<li>Robinet d&#8217;eau pour remplir ou rincer le bac int\u00e9rieur<\/li>\n<li>Pieds robustes en acier inoxydable pour une meilleure stabilit\u00e9<\/li>\n<\/ul>\n<p>Caract\u00e9ristiques du produit<\/p>\n<ul>\n<li>Poids net : 135,9 kg<\/li>\n<li>Capacit\u00e9 nette : 90 L.<\/li>\n<li>Dimensions de la surface de cuisson : L900 x D530 mm<\/li>\n<li>Dimensions de l&#8217;appareil : L1000 x P900 x H850 mm<\/li>\n<li>Puissance totale du gaz : 24,0 kW<\/li>\n<\/ul>\n<p>Injecteurs de gaz install\u00e9s : G25 &#8211; Gaz<br \/>naturelJeu<\/br>suppl\u00e9mentaire<br \/>d&#8217;injecteurs de gaz : G30 &#8211; GPL (Propane \/ Butane)<\/br><\/p>","protected":false},"excerpt":{"rendered":"<p>La po\u00eale \u00e0 braser premium 100L, \u00e9quip\u00e9e d&#8217;un plateau basculant, est tr\u00e8s adapt\u00e9e \u00e0 un usage professionnel. Elle est id\u00e9ale pour faire mijoter des aliments ou pr\u00e9parer des sauces.<\/p>","protected":false},"featured_media":7732,"template":"","meta":{"_acf_changed":false},"product_brand":[],"product_cat":[495],"product_tag":[],"class_list":{"0":"post-14492","1":"product","2":"type-product","3":"status-publish","4":"has-post-thumbnail","6":"product_cat-plaques-pianos-de-cuisson-2","8":"first","9":"instock","10":"sale","11":"taxable","12":"shipping-taxable","13":"purchasable","14":"product-type-simple"},"acf":[],"yoast_head":"<!-- This site is optimized with the Yoast SEO plugin v27.5 - https:\/\/yoast.com\/product\/yoast-seo-wordpress\/ -->\n<title>Premium bratt pan - 100 L - profondeur 90 cm - gaz - Gastora<\/title>\n<meta name=\"description\" content=\"Achetez Premium bratt pan - 100 L - profondeur 90 cm - gaz au meilleur prix, fiable et performant avec une livraison rapide\" \/>\n<meta name=\"robots\" content=\"index, follow, max-snippet:-1, max-image-preview:large, max-video-preview:-1\" \/>\n<link rel=\"canonical\" href=\"https:\/\/gastora.eu\/en\/product\/premium-bratt-pan-100-l-profondeur-90-cm-gaz\/\" \/>\n<meta property=\"og:locale\" content=\"en_US\" \/>\n<meta property=\"og:type\" content=\"article\" \/>\n<meta property=\"og:title\" content=\"Premium bratt pan - 100 L - profondeur 90 cm - gaz - Gastora\" \/>\n<meta property=\"og:description\" content=\"Achetez Premium bratt pan - 100 L - profondeur 90 cm - gaz au meilleur prix, fiable et performant avec une livraison rapide\" \/>\n<meta property=\"og:url\" content=\"https:\/\/gastora.eu\/en\/product\/premium-bratt-pan-100-l-profondeur-90-cm-gaz\/\" \/>\n<meta property=\"og:site_name\" content=\"Gastora\" \/>\n<meta property=\"article:modified_time\" content=\"2026-04-28T16:56:38+00:00\" \/>\n<meta name=\"twitter:card\" content=\"summary_large_image\" \/>\n<meta name=\"twitter:label1\" content=\"Est. reading time\" \/>\n\t<meta name=\"twitter:data1\" content=\"2 minutes\" \/>\n<script type=\"application\/ld+json\" class=\"yoast-schema-graph\">{\"@context\":\"https:\\\/\\\/schema.org\",\"@graph\":[{\"@type\":\"WebPage\",\"@id\":\"https:\\\/\\\/gastora.eu\\\/product\\\/premium-bratt-pan-100-l-profondeur-90-cm-gaz\\\/\",\"url\":\"https:\\\/\\\/gastora.eu\\\/product\\\/premium-bratt-pan-100-l-profondeur-90-cm-gaz\\\/\",\"name\":\"Premium bratt pan - 100 L - profondeur 90 cm - gaz - Gastora\",\"isPartOf\":{\"@id\":\"https:\\\/\\\/gastora.eu\\\/#website\"},\"primaryImageOfPage\":{\"@id\":\"https:\\\/\\\/gastora.eu\\\/product\\\/premium-bratt-pan-100-l-profondeur-90-cm-gaz\\\/#primaryimage\"},\"image\":{\"@id\":\"https:\\\/\\\/gastora.eu\\\/product\\\/premium-bratt-pan-100-l-profondeur-90-cm-gaz\\\/#primaryimage\"},\"thumbnailUrl\":\"https:\\\/\\\/gastora.eu\\\/wp-content\\\/uploads\\\/2026\\\/04\\\/7867n11090802.jpg\",\"datePublished\":\"2026-04-25T17:51:35+00:00\",\"dateModified\":\"2026-04-28T16:56:38+00:00\",\"description\":\"Achetez Premium bratt pan - 100 L - profondeur 90 cm - gaz au meilleur prix, fiable et performant avec une livraison rapide\",\"breadcrumb\":{\"@id\":\"https:\\\/\\\/gastora.eu\\\/product\\\/premium-bratt-pan-100-l-profondeur-90-cm-gaz\\\/#breadcrumb\"},\"inLanguage\":\"en-US\",\"potentialAction\":[{\"@type\":\"ReadAction\",\"target\":[\"https:\\\/\\\/gastora.eu\\\/product\\\/premium-bratt-pan-100-l-profondeur-90-cm-gaz\\\/\"]}]},{\"@type\":\"ImageObject\",\"inLanguage\":\"en-US\",\"@id\":\"https:\\\/\\\/gastora.eu\\\/product\\\/premium-bratt-pan-100-l-profondeur-90-cm-gaz\\\/#primaryimage\",\"url\":\"https:\\\/\\\/gastora.eu\\\/wp-content\\\/uploads\\\/2026\\\/04\\\/7867n11090802.jpg\",\"contentUrl\":\"https:\\\/\\\/gastora.eu\\\/wp-content\\\/uploads\\\/2026\\\/04\\\/7867n11090802.jpg\",\"width\":1200,\"height\":1200},{\"@type\":\"BreadcrumbList\",\"@id\":\"https:\\\/\\\/gastora.eu\\\/product\\\/premium-bratt-pan-100-l-profondeur-90-cm-gaz\\\/#breadcrumb\",\"itemListElement\":[{\"@type\":\"ListItem\",\"position\":1,\"name\":\"Home\",\"item\":\"https:\\\/\\\/gastora.eu\\\/\"},{\"@type\":\"ListItem\",\"position\":2,\"name\":\"Shop\",\"item\":\"https:\\\/\\\/gastora.eu\\\/shop\\\/\"},{\"@type\":\"ListItem\",\"position\":3,\"name\":\"Premium bratt pan &#8211; 100 L &#8211; profondeur 90 cm &#8211; gaz\"}]},{\"@type\":\"WebSite\",\"@id\":\"https:\\\/\\\/gastora.eu\\\/#website\",\"url\":\"https:\\\/\\\/gastora.eu\\\/\",\"name\":\"Gastora\",\"description\":\"\u00c9quipements professionnels CHR\",\"publisher\":{\"@id\":\"https:\\\/\\\/gastora.eu\\\/#organization\"},\"potentialAction\":[{\"@type\":\"SearchAction\",\"target\":{\"@type\":\"EntryPoint\",\"urlTemplate\":\"https:\\\/\\\/gastora.eu\\\/?s={search_term_string}\"},\"query-input\":{\"@type\":\"PropertyValueSpecification\",\"valueRequired\":true,\"valueName\":\"search_term_string\"}}],\"inLanguage\":\"en-US\"},{\"@type\":\"Organization\",\"@id\":\"https:\\\/\\\/gastora.eu\\\/#organization\",\"name\":\"Gastora\",\"url\":\"https:\\\/\\\/gastora.eu\\\/\",\"logo\":{\"@type\":\"ImageObject\",\"inLanguage\":\"en-US\",\"@id\":\"https:\\\/\\\/gastora.eu\\\/#\\\/schema\\\/logo\\\/image\\\/\",\"url\":\"https:\\\/\\\/gastora.eu\\\/wp-content\\\/uploads\\\/2025\\\/12\\\/ChatGPT-Image-2-janv.-2026-22_52_47-1.png\",\"contentUrl\":\"https:\\\/\\\/gastora.eu\\\/wp-content\\\/uploads\\\/2025\\\/12\\\/ChatGPT-Image-2-janv.-2026-22_52_47-1.png\",\"width\":1536,\"height\":320,\"caption\":\"Gastora\"},\"image\":{\"@id\":\"https:\\\/\\\/gastora.eu\\\/#\\\/schema\\\/logo\\\/image\\\/\"}}]}<\/script>\n<!-- \/ Yoast SEO plugin. -->","yoast_head_json":{"title":"Premium bratt pan - 100 L - profondeur 90 cm - gaz - Gastora","description":"Achetez Premium bratt pan - 100 L - profondeur 90 cm - gaz au meilleur prix, fiable et performant avec une livraison rapide","robots":{"index":"index","follow":"follow","max-snippet":"max-snippet:-1","max-image-preview":"max-image-preview:large","max-video-preview":"max-video-preview:-1"},"canonical":"https:\/\/gastora.eu\/en\/product\/premium-bratt-pan-100-l-profondeur-90-cm-gaz\/","og_locale":"en_US","og_type":"article","og_title":"Premium bratt pan - 100 L - profondeur 90 cm - gaz - Gastora","og_description":"Achetez Premium bratt pan - 100 L - profondeur 90 cm - gaz au meilleur prix, fiable et performant avec une livraison rapide","og_url":"https:\/\/gastora.eu\/en\/product\/premium-bratt-pan-100-l-profondeur-90-cm-gaz\/","og_site_name":"Gastora","article_modified_time":"2026-04-28T16:56:38+00:00","twitter_card":"summary_large_image","twitter_misc":{"Est. reading time":"2 minutes"},"schema":{"@context":"https:\/\/schema.org","@graph":[{"@type":"WebPage","@id":"https:\/\/gastora.eu\/product\/premium-bratt-pan-100-l-profondeur-90-cm-gaz\/","url":"https:\/\/gastora.eu\/product\/premium-bratt-pan-100-l-profondeur-90-cm-gaz\/","name":"Premium bratt pan - 100 L - profondeur 90 cm - gaz - Gastora","isPartOf":{"@id":"https:\/\/gastora.eu\/#website"},"primaryImageOfPage":{"@id":"https:\/\/gastora.eu\/product\/premium-bratt-pan-100-l-profondeur-90-cm-gaz\/#primaryimage"},"image":{"@id":"https:\/\/gastora.eu\/product\/premium-bratt-pan-100-l-profondeur-90-cm-gaz\/#primaryimage"},"thumbnailUrl":"https:\/\/gastora.eu\/wp-content\/uploads\/2026\/04\/7867n11090802.jpg","datePublished":"2026-04-25T17:51:35+00:00","dateModified":"2026-04-28T16:56:38+00:00","description":"Achetez Premium bratt pan - 100 L - profondeur 90 cm - gaz au meilleur prix, fiable et performant avec une livraison rapide","breadcrumb":{"@id":"https:\/\/gastora.eu\/product\/premium-bratt-pan-100-l-profondeur-90-cm-gaz\/#breadcrumb"},"inLanguage":"en-US","potentialAction":[{"@type":"ReadAction","target":["https:\/\/gastora.eu\/product\/premium-bratt-pan-100-l-profondeur-90-cm-gaz\/"]}]},{"@type":"ImageObject","inLanguage":"en-US","@id":"https:\/\/gastora.eu\/product\/premium-bratt-pan-100-l-profondeur-90-cm-gaz\/#primaryimage","url":"https:\/\/gastora.eu\/wp-content\/uploads\/2026\/04\/7867n11090802.jpg","contentUrl":"https:\/\/gastora.eu\/wp-content\/uploads\/2026\/04\/7867n11090802.jpg","width":1200,"height":1200},{"@type":"BreadcrumbList","@id":"https:\/\/gastora.eu\/product\/premium-bratt-pan-100-l-profondeur-90-cm-gaz\/#breadcrumb","itemListElement":[{"@type":"ListItem","position":1,"name":"Home","item":"https:\/\/gastora.eu\/"},{"@type":"ListItem","position":2,"name":"Shop","item":"https:\/\/gastora.eu\/shop\/"},{"@type":"ListItem","position":3,"name":"Premium bratt pan &#8211; 100 L &#8211; profondeur 90 cm &#8211; gaz"}]},{"@type":"WebSite","@id":"https:\/\/gastora.eu\/#website","url":"https:\/\/gastora.eu\/","name":"Gastora","description":"\u00c9quipements professionnels CHR","publisher":{"@id":"https:\/\/gastora.eu\/#organization"},"potentialAction":[{"@type":"SearchAction","target":{"@type":"EntryPoint","urlTemplate":"https:\/\/gastora.eu\/?s={search_term_string}"},"query-input":{"@type":"PropertyValueSpecification","valueRequired":true,"valueName":"search_term_string"}}],"inLanguage":"en-US"},{"@type":"Organization","@id":"https:\/\/gastora.eu\/#organization","name":"Gastora","url":"https:\/\/gastora.eu\/","logo":{"@type":"ImageObject","inLanguage":"en-US","@id":"https:\/\/gastora.eu\/#\/schema\/logo\/image\/","url":"https:\/\/gastora.eu\/wp-content\/uploads\/2025\/12\/ChatGPT-Image-2-janv.-2026-22_52_47-1.png","contentUrl":"https:\/\/gastora.eu\/wp-content\/uploads\/2025\/12\/ChatGPT-Image-2-janv.-2026-22_52_47-1.png","width":1536,"height":320,"caption":"Gastora"},"image":{"@id":"https:\/\/gastora.eu\/#\/schema\/logo\/image\/"}}]}},"jetpack_sharing_enabled":true,"_links":{"self":[{"href":"https:\/\/gastora.eu\/en\/wp-json\/wp\/v2\/product\/14492","targetHints":{"allow":["GET"]}}],"collection":[{"href":"https:\/\/gastora.eu\/en\/wp-json\/wp\/v2\/product"}],"about":[{"href":"https:\/\/gastora.eu\/en\/wp-json\/wp\/v2\/types\/product"}],"wp:featuredmedia":[{"embeddable":true,"href":"https:\/\/gastora.eu\/en\/wp-json\/wp\/v2\/media\/7732"}],"wp:attachment":[{"href":"https:\/\/gastora.eu\/en\/wp-json\/wp\/v2\/media?parent=14492"}],"wp:term":[{"taxonomy":"product_brand","embeddable":true,"href":"https:\/\/gastora.eu\/en\/wp-json\/wp\/v2\/product_brand?post=14492"},{"taxonomy":"product_cat","embeddable":true,"href":"https:\/\/gastora.eu\/en\/wp-json\/wp\/v2\/product_cat?post=14492"},{"taxonomy":"product_tag","embeddable":true,"href":"https:\/\/gastora.eu\/en\/wp-json\/wp\/v2\/product_tag?post=14492"}],"curies":[{"name":"wp","href":"https:\/\/api.w.org\/{rel}","templated":true}]}}