{"id":14487,"date":"2026-04-25T17:51:27","date_gmt":"2026-04-25T17:51:27","guid":{"rendered":"https:\/\/gastora.eu\/?post_type=product&#038;p=14487"},"modified":"2026-04-28T16:56:37","modified_gmt":"2026-04-28T16:56:37","slug":"premium-marmite-160-l-directe-profondeur-90-cm-gaz","status":"publish","type":"product","link":"https:\/\/gastora.eu\/en\/product\/premium-marmite-160-l-directe-profondeur-90-cm-gaz\/","title":{"rendered":"Premium marmite &#8211; 160 L &#8211; directe &#8211; profondeur 90 cm &#8211; gaz"},"content":{"rendered":"<p>Dans les cuisines professionnelles o\u00f9 une grande capacit\u00e9 de cuisson est n\u00e9cessaire, cette marmite de qualit\u00e9 sup\u00e9rieure trouve sa place. Dans cette marmite ronde, vous pouvez cuire, pocher et cuire au four une grande vari\u00e9t\u00e9 d&#8217;aliments. Elle a \u00e9t\u00e9 sp\u00e9cialement con\u00e7ue pour rendre la cuisson plus efficace. Par exemple, elle est dot\u00e9e d&#8217;un grand robinet d&#8217;\u00e9coulement pour \u00e9goutter les plats liquides et de larges boutons de commande.<\/p>\n<h3>Syst\u00e8me de chauffage direct<\/h3>\n<p>Cette marmite fonctionne au gaz et dispose de vannes d&#8217;\u00e9tranglement \u00e0 commande \u00e9lectronique, tout comme le syst\u00e8me d&#8217;allumage. Les br\u00fbleurs micro-perfor\u00e9s sont en acier inoxydable et \u00e9quip\u00e9s d&#8217;une protection contre les flammes. La marmite est dot\u00e9e d&#8217;une paroi unique et la source de chaleur se trouve directement sous la chaudi\u00e8re, ce qui signifie qu&#8217;elle offre un syst\u00e8me de chauffage direct. Elle est donc id\u00e9ale pour les aliments que vous cuisez dans l&#8217;eau, comme les l\u00e9gumes, les pommes de terre, le riz, les saucisses et la viande. Le thermostat de s\u00e9curit\u00e9 prot\u00e8ge contre les niveaux d&#8217;eau trop bas afin que les plats ne br\u00fblent pas rapidement. Gr\u00e2ce au mat\u00e9riau isolant suppl\u00e9mentaire, les pertes de chaleur et la consommation d&#8217;\u00e9nergie sont \u00e9galement r\u00e9duites au minimum.<\/p>\n<h3>Facile \u00e0 utiliser<\/h3>\n<p>Avec ses 91,3 kg, c&#8217;est un appareil de cuisson lourd, mais qui reste tr\u00e8s facile \u00e0 utiliser. Le couvercle \u00e0 double couche est dot\u00e9 d&#8217;une grande poign\u00e9e et d&#8217;un m\u00e9canisme d&#8217;ouverture avec contrepoids, ce qui permet une ouverture et une fermeture en douceur. La facilit\u00e9 de nettoyage est un \u00e9l\u00e9ment important de la facilit\u00e9 d&#8217;utilisation. L&#8217;int\u00e9rieur est rond et, gr\u00e2ce \u00e0 l&#8217;acier inoxydable, il pr\u00e9sente une finition lisse partout. Une casserole \u00e0 bouillir a \u00e9galement besoin d&#8217;un robinet de vidange pratique pour \u00e9vacuer le liquide sans probl\u00e8me. Cela n&#8217;est pas seulement utile pour \u00e9vacuer l&#8217;eau de cuisson, mais c&#8217;est \u00e9galement tr\u00e8s pratique pour le nettoyage.<\/p>\n<p><strong>Caract\u00e9ristiques<\/strong><\/p>\n<ul>\n<li>Syst\u00e8me de chauffage direct<\/li>\n<li>R\u00e9glage de l&#8217;\u00e9nergie \u00e0 l&#8217;aide d&#8217;un bouton de commande<\/li>\n<li>Inflammation pi\u00e9zo\u00e9lectrique<\/li>\n<\/ul>\n<p><strong>Caract\u00e9ristiques du produit<\/strong><\/p>\n<ul>\n<li>Poids net : 92,2 kg<\/li>\n<li>Capacit\u00e9 nette : 150L<\/li>\n<li>Dimensions de l&#8217;appareil : L80 x P90 x H85cm<\/li>\n<li>Puissance totale du gaz : 22,0 kW<\/li>\n<li>Injecteurs de gaz install\u00e9s : G25 &#8211; gaz naturel<\/li>\n<li>Jeu suppl\u00e9mentaire d&#8217;injecteurs de gaz : G30 &#8211; GPL (propane \/ butane)<\/li>\n<\/ul>\n<p><em><strong>Remarque : le produit illustr\u00e9 peut diff\u00e9rer l\u00e9g\u00e8rement du mod\u00e8le r\u00e9el.<\/strong><\/em><\/p>","protected":false},"excerpt":{"rendered":"<p>Cette marmite haut de gamme fonctionne au gaz et a une capacit\u00e9 de 160 litres. Elle est id\u00e9ale pour pr\u00e9parer de grandes quantit\u00e9s de plats. Gr\u00e2ce au couvercle \u00e0 double paroi, l&#8217;isolation de la marmite r\u00e9duit les pertes de chaleur et d&#8217;\u00e9nergie, ce qui la rend tr\u00e8s \u00e9conome en \u00e9nergie. Elle est \u00e9galement tr\u00e8s conviviale et facile \u00e0 nettoyer.<\/p>","protected":false},"featured_media":7722,"template":"","meta":{"_acf_changed":false},"product_brand":[],"product_cat":[495],"product_tag":[],"class_list":{"0":"post-14487","1":"product","2":"type-product","3":"status-publish","4":"has-post-thumbnail","6":"product_cat-plaques-pianos-de-cuisson-2","8":"first","9":"instock","10":"sale","11":"taxable","12":"shipping-taxable","13":"purchasable","14":"product-type-simple"},"acf":[],"yoast_head":"<!-- This site is optimized with the Yoast SEO plugin v27.5 - https:\/\/yoast.com\/product\/yoast-seo-wordpress\/ -->\n<title>Premium marmite - 160 L - directe - profondeur 90 cm - gaz - Gastora<\/title>\n<meta name=\"description\" content=\"Achetez Premium marmite - 160 L - directe - profondeur 90 cm - gaz au meilleur prix, fiable et performant avec une livraison rapide\" \/>\n<meta name=\"robots\" content=\"index, follow, max-snippet:-1, max-image-preview:large, max-video-preview:-1\" \/>\n<link rel=\"canonical\" href=\"https:\/\/gastora.eu\/en\/product\/premium-marmite-160-l-directe-profondeur-90-cm-gaz\/\" \/>\n<meta property=\"og:locale\" content=\"en_US\" \/>\n<meta property=\"og:type\" content=\"article\" \/>\n<meta property=\"og:title\" content=\"Premium marmite - 160 L - directe - profondeur 90 cm - gaz - Gastora\" \/>\n<meta property=\"og:description\" content=\"Achetez Premium marmite - 160 L - directe - profondeur 90 cm - gaz au meilleur prix, fiable et performant avec une livraison rapide\" \/>\n<meta property=\"og:url\" content=\"https:\/\/gastora.eu\/en\/product\/premium-marmite-160-l-directe-profondeur-90-cm-gaz\/\" \/>\n<meta property=\"og:site_name\" content=\"Gastora\" \/>\n<meta property=\"article:modified_time\" content=\"2026-04-28T16:56:37+00:00\" \/>\n<meta name=\"twitter:card\" content=\"summary_large_image\" \/>\n<meta name=\"twitter:label1\" content=\"Est. reading time\" \/>\n\t<meta name=\"twitter:data1\" content=\"2 minutes\" \/>\n<script type=\"application\/ld+json\" class=\"yoast-schema-graph\">{\"@context\":\"https:\\\/\\\/schema.org\",\"@graph\":[{\"@type\":\"WebPage\",\"@id\":\"https:\\\/\\\/gastora.eu\\\/product\\\/premium-marmite-160-l-directe-profondeur-90-cm-gaz\\\/\",\"url\":\"https:\\\/\\\/gastora.eu\\\/product\\\/premium-marmite-160-l-directe-profondeur-90-cm-gaz\\\/\",\"name\":\"Premium marmite - 160 L - directe - profondeur 90 cm - gaz - Gastora\",\"isPartOf\":{\"@id\":\"https:\\\/\\\/gastora.eu\\\/#website\"},\"primaryImageOfPage\":{\"@id\":\"https:\\\/\\\/gastora.eu\\\/product\\\/premium-marmite-160-l-directe-profondeur-90-cm-gaz\\\/#primaryimage\"},\"image\":{\"@id\":\"https:\\\/\\\/gastora.eu\\\/product\\\/premium-marmite-160-l-directe-profondeur-90-cm-gaz\\\/#primaryimage\"},\"thumbnailUrl\":\"https:\\\/\\\/gastora.eu\\\/wp-content\\\/uploads\\\/2026\\\/04\\\/7855.n1.80908.01.jpg\",\"datePublished\":\"2026-04-25T17:51:27+00:00\",\"dateModified\":\"2026-04-28T16:56:37+00:00\",\"description\":\"Achetez Premium marmite - 160 L - directe - profondeur 90 cm - gaz au meilleur prix, fiable et performant avec une livraison rapide\",\"breadcrumb\":{\"@id\":\"https:\\\/\\\/gastora.eu\\\/product\\\/premium-marmite-160-l-directe-profondeur-90-cm-gaz\\\/#breadcrumb\"},\"inLanguage\":\"en-US\",\"potentialAction\":[{\"@type\":\"ReadAction\",\"target\":[\"https:\\\/\\\/gastora.eu\\\/product\\\/premium-marmite-160-l-directe-profondeur-90-cm-gaz\\\/\"]}]},{\"@type\":\"ImageObject\",\"inLanguage\":\"en-US\",\"@id\":\"https:\\\/\\\/gastora.eu\\\/product\\\/premium-marmite-160-l-directe-profondeur-90-cm-gaz\\\/#primaryimage\",\"url\":\"https:\\\/\\\/gastora.eu\\\/wp-content\\\/uploads\\\/2026\\\/04\\\/7855.n1.80908.01.jpg\",\"contentUrl\":\"https:\\\/\\\/gastora.eu\\\/wp-content\\\/uploads\\\/2026\\\/04\\\/7855.n1.80908.01.jpg\",\"width\":1200,\"height\":1200},{\"@type\":\"BreadcrumbList\",\"@id\":\"https:\\\/\\\/gastora.eu\\\/product\\\/premium-marmite-160-l-directe-profondeur-90-cm-gaz\\\/#breadcrumb\",\"itemListElement\":[{\"@type\":\"ListItem\",\"position\":1,\"name\":\"Home\",\"item\":\"https:\\\/\\\/gastora.eu\\\/\"},{\"@type\":\"ListItem\",\"position\":2,\"name\":\"Shop\",\"item\":\"https:\\\/\\\/gastora.eu\\\/shop\\\/\"},{\"@type\":\"ListItem\",\"position\":3,\"name\":\"Premium marmite &#8211; 160 L &#8211; directe &#8211; profondeur 90 cm &#8211; gaz\"}]},{\"@type\":\"WebSite\",\"@id\":\"https:\\\/\\\/gastora.eu\\\/#website\",\"url\":\"https:\\\/\\\/gastora.eu\\\/\",\"name\":\"Gastora\",\"description\":\"\u00c9quipements professionnels CHR\",\"publisher\":{\"@id\":\"https:\\\/\\\/gastora.eu\\\/#organization\"},\"potentialAction\":[{\"@type\":\"SearchAction\",\"target\":{\"@type\":\"EntryPoint\",\"urlTemplate\":\"https:\\\/\\\/gastora.eu\\\/?s={search_term_string}\"},\"query-input\":{\"@type\":\"PropertyValueSpecification\",\"valueRequired\":true,\"valueName\":\"search_term_string\"}}],\"inLanguage\":\"en-US\"},{\"@type\":\"Organization\",\"@id\":\"https:\\\/\\\/gastora.eu\\\/#organization\",\"name\":\"Gastora\",\"url\":\"https:\\\/\\\/gastora.eu\\\/\",\"logo\":{\"@type\":\"ImageObject\",\"inLanguage\":\"en-US\",\"@id\":\"https:\\\/\\\/gastora.eu\\\/#\\\/schema\\\/logo\\\/image\\\/\",\"url\":\"https:\\\/\\\/gastora.eu\\\/wp-content\\\/uploads\\\/2025\\\/12\\\/ChatGPT-Image-2-janv.-2026-22_52_47-1.png\",\"contentUrl\":\"https:\\\/\\\/gastora.eu\\\/wp-content\\\/uploads\\\/2025\\\/12\\\/ChatGPT-Image-2-janv.-2026-22_52_47-1.png\",\"width\":1536,\"height\":320,\"caption\":\"Gastora\"},\"image\":{\"@id\":\"https:\\\/\\\/gastora.eu\\\/#\\\/schema\\\/logo\\\/image\\\/\"}}]}<\/script>\n<!-- \/ Yoast SEO plugin. -->","yoast_head_json":{"title":"Premium marmite - 160 L - directe - profondeur 90 cm - gaz - Gastora","description":"Achetez Premium marmite - 160 L - directe - profondeur 90 cm - gaz au meilleur prix, fiable et performant avec une livraison rapide","robots":{"index":"index","follow":"follow","max-snippet":"max-snippet:-1","max-image-preview":"max-image-preview:large","max-video-preview":"max-video-preview:-1"},"canonical":"https:\/\/gastora.eu\/en\/product\/premium-marmite-160-l-directe-profondeur-90-cm-gaz\/","og_locale":"en_US","og_type":"article","og_title":"Premium marmite - 160 L - directe - profondeur 90 cm - gaz - Gastora","og_description":"Achetez Premium marmite - 160 L - directe - profondeur 90 cm - gaz au meilleur prix, fiable et performant avec une livraison rapide","og_url":"https:\/\/gastora.eu\/en\/product\/premium-marmite-160-l-directe-profondeur-90-cm-gaz\/","og_site_name":"Gastora","article_modified_time":"2026-04-28T16:56:37+00:00","twitter_card":"summary_large_image","twitter_misc":{"Est. reading time":"2 minutes"},"schema":{"@context":"https:\/\/schema.org","@graph":[{"@type":"WebPage","@id":"https:\/\/gastora.eu\/product\/premium-marmite-160-l-directe-profondeur-90-cm-gaz\/","url":"https:\/\/gastora.eu\/product\/premium-marmite-160-l-directe-profondeur-90-cm-gaz\/","name":"Premium marmite - 160 L - directe - profondeur 90 cm - gaz - Gastora","isPartOf":{"@id":"https:\/\/gastora.eu\/#website"},"primaryImageOfPage":{"@id":"https:\/\/gastora.eu\/product\/premium-marmite-160-l-directe-profondeur-90-cm-gaz\/#primaryimage"},"image":{"@id":"https:\/\/gastora.eu\/product\/premium-marmite-160-l-directe-profondeur-90-cm-gaz\/#primaryimage"},"thumbnailUrl":"https:\/\/gastora.eu\/wp-content\/uploads\/2026\/04\/7855.n1.80908.01.jpg","datePublished":"2026-04-25T17:51:27+00:00","dateModified":"2026-04-28T16:56:37+00:00","description":"Achetez Premium marmite - 160 L - directe - profondeur 90 cm - gaz au meilleur prix, fiable et performant avec une livraison rapide","breadcrumb":{"@id":"https:\/\/gastora.eu\/product\/premium-marmite-160-l-directe-profondeur-90-cm-gaz\/#breadcrumb"},"inLanguage":"en-US","potentialAction":[{"@type":"ReadAction","target":["https:\/\/gastora.eu\/product\/premium-marmite-160-l-directe-profondeur-90-cm-gaz\/"]}]},{"@type":"ImageObject","inLanguage":"en-US","@id":"https:\/\/gastora.eu\/product\/premium-marmite-160-l-directe-profondeur-90-cm-gaz\/#primaryimage","url":"https:\/\/gastora.eu\/wp-content\/uploads\/2026\/04\/7855.n1.80908.01.jpg","contentUrl":"https:\/\/gastora.eu\/wp-content\/uploads\/2026\/04\/7855.n1.80908.01.jpg","width":1200,"height":1200},{"@type":"BreadcrumbList","@id":"https:\/\/gastora.eu\/product\/premium-marmite-160-l-directe-profondeur-90-cm-gaz\/#breadcrumb","itemListElement":[{"@type":"ListItem","position":1,"name":"Home","item":"https:\/\/gastora.eu\/"},{"@type":"ListItem","position":2,"name":"Shop","item":"https:\/\/gastora.eu\/shop\/"},{"@type":"ListItem","position":3,"name":"Premium marmite &#8211; 160 L &#8211; directe &#8211; profondeur 90 cm &#8211; gaz"}]},{"@type":"WebSite","@id":"https:\/\/gastora.eu\/#website","url":"https:\/\/gastora.eu\/","name":"Gastora","description":"\u00c9quipements professionnels CHR","publisher":{"@id":"https:\/\/gastora.eu\/#organization"},"potentialAction":[{"@type":"SearchAction","target":{"@type":"EntryPoint","urlTemplate":"https:\/\/gastora.eu\/?s={search_term_string}"},"query-input":{"@type":"PropertyValueSpecification","valueRequired":true,"valueName":"search_term_string"}}],"inLanguage":"en-US"},{"@type":"Organization","@id":"https:\/\/gastora.eu\/#organization","name":"Gastora","url":"https:\/\/gastora.eu\/","logo":{"@type":"ImageObject","inLanguage":"en-US","@id":"https:\/\/gastora.eu\/#\/schema\/logo\/image\/","url":"https:\/\/gastora.eu\/wp-content\/uploads\/2025\/12\/ChatGPT-Image-2-janv.-2026-22_52_47-1.png","contentUrl":"https:\/\/gastora.eu\/wp-content\/uploads\/2025\/12\/ChatGPT-Image-2-janv.-2026-22_52_47-1.png","width":1536,"height":320,"caption":"Gastora"},"image":{"@id":"https:\/\/gastora.eu\/#\/schema\/logo\/image\/"}}]}},"jetpack_sharing_enabled":true,"_links":{"self":[{"href":"https:\/\/gastora.eu\/en\/wp-json\/wp\/v2\/product\/14487","targetHints":{"allow":["GET"]}}],"collection":[{"href":"https:\/\/gastora.eu\/en\/wp-json\/wp\/v2\/product"}],"about":[{"href":"https:\/\/gastora.eu\/en\/wp-json\/wp\/v2\/types\/product"}],"wp:featuredmedia":[{"embeddable":true,"href":"https:\/\/gastora.eu\/en\/wp-json\/wp\/v2\/media\/7722"}],"wp:attachment":[{"href":"https:\/\/gastora.eu\/en\/wp-json\/wp\/v2\/media?parent=14487"}],"wp:term":[{"taxonomy":"product_brand","embeddable":true,"href":"https:\/\/gastora.eu\/en\/wp-json\/wp\/v2\/product_brand?post=14487"},{"taxonomy":"product_cat","embeddable":true,"href":"https:\/\/gastora.eu\/en\/wp-json\/wp\/v2\/product_cat?post=14487"},{"taxonomy":"product_tag","embeddable":true,"href":"https:\/\/gastora.eu\/en\/wp-json\/wp\/v2\/product_tag?post=14487"}],"curies":[{"name":"wp","href":"https:\/\/api.w.org\/{rel}","templated":true}]}}