{"id":14465,"date":"2026-04-25T17:51:01","date_gmt":"2026-04-25T17:51:01","guid":{"rendered":"https:\/\/gastora.eu\/?post_type=product&#038;p=14465"},"modified":"2026-04-28T16:56:35","modified_gmt":"2026-04-28T16:56:35","slug":"plaque-de-gril-chrome-lisse-36-cm-incl-plateau-dgouttement","status":"publish","type":"product","link":"https:\/\/gastora.eu\/en\/product\/plaque-de-gril-chrome-lisse-36-cm-incl-plateau-dgouttement\/","title":{"rendered":"Plaque de gril &#8211; chrome lisse &#8211; 36 cm &#8211; incl plateau d&#8217;\u00e9gouttement"},"content":{"rendered":"<p>Pour pr\u00e9parer les plats de viande et de poisson les plus d\u00e9licieux, une plancha est indispensable dans la cuisine du traiteur. Les grillades conservent plus longtemps les saveurs et les vitamines et les plats sont cuits rapidement. L&#8217;avantage de cette plancha est qu&#8217;elle chauffe et refroidit rapidement. La plaque de cuisson est en acier lisse de 8 mm avec une finition chrome miroir. Cet appareil de restauration convient donc parfaitement \u00e0 une grande quantit\u00e9 de plats et \u00e0 une utilisation intensive. Gr\u00e2ce \u00e0 la r\u00e9partition uniforme de la chaleur, les aliments sont cuits de mani\u00e8re homog\u00e8ne.<\/p>\n<h3>Commande conviviale<\/h3>\n<p>La temp\u00e9rature de cette plancha peut \u00eatre r\u00e9gl\u00e9e entre 50 et 300\u00b0C. L&#8217;appareil dispose \u00e9galement d&#8217;un voyant lumineux qui indique si le gril est \u00e0 la bonne temp\u00e9rature et pr\u00eat \u00e0 l&#8217;emploi. Malgr\u00e9 les temp\u00e9ratures \u00e9lev\u00e9es, cette plancha professionnelle peut \u00eatre utilis\u00e9e en toute s\u00e9curit\u00e9. Elle est \u00e9quip\u00e9e de hauts pare-\u00e9claboussures en acier inoxydable qui emp\u00eachent les \u00e9claboussures d&#8217;huile. La plancha est tr\u00e8s facile \u00e0 utiliser. Mettez-la en marche \u00e0 l&#8217;aide de l&#8217;interrupteur, graissez la surface de la grille avec de l&#8217;huile et, lorsque la bonne temp\u00e9rature est atteinte, placez les aliments sur la plaque.<\/p>\n<h3>Facile \u00e0 nettoyer<\/h3>\n<p>Le nettoyage de la plancha est un jeu d&#8217;enfant. Un bac amovible situ\u00e9 sous l&#8217;appareil recueille les graisses. Gr\u00e2ce au bo\u00eetier, aux pare-\u00e9claboussures et \u00e0 la plaque en acier inoxydable, les surfaces lisses sont faciles \u00e0 nettoyer. Enlevez les r\u00e9sidus br\u00fbl\u00e9s \u00e0 l&#8217;aide d&#8217;un grattoir. Chauffez ensuite l&#8217;appareil \u00e0 75\u00b0C et versez un peu d&#8217;eau sur la surface du gril. De cette mani\u00e8re, vous pouvez facilement \u00e9liminer les r\u00e9sidus les plus tenaces. N&#8217;oubliez pas d&#8217;utiliser des gants. \u00c0 l&#8217;aide d&#8217;un chiffon humide, essuyez l&#8217;ext\u00e9rieur et la plaque de cuisson. Veillez \u00e0 ce que toutes les parties soient bien s\u00e8ches avant de r\u00e9utiliser le gril.<\/p>\n<p><strong>Caract\u00e9ristiques<\/strong><\/p>\n<ul>\n<li>Gril avec finition miroir chrom\u00e9e<\/li>\n<li>Bo\u00eetier et bac de r\u00e9cup\u00e9ration en acier inoxydable<\/li>\n<li>Thermostat entre 50 \u00baC et 300 \u00baC<\/li>\n<li>T\u00e9moin lumineux de temp\u00e9rature<\/li>\n<li>Protection contre les surcharges<\/li>\n<\/ul>\n<p><strong>Caract\u00e9ristiques du produit<\/strong><\/p>\n<ul>\n<li>Poids net : 19 kg<\/li>\n<li>Surface de cuisson : L35,6 x P38,5cm<\/li>\n<li>Dimensions de l&#8217;appareil : L36 x P45 x H22cm<\/li>\n<li>Puissance : 230V\/50Hz\/1Phase 2000W<\/li>\n<\/ul>","protected":false},"excerpt":{"rendered":"<p>Cette plaque de cuisson en acier inoxydable pr\u00e9sente une surface de gril lisse avec une finition chrome miroir. La surface lisse est parfaite pour griller les aliments d\u00e9licats. Elle est dot\u00e9e de protections contre les \u00e9claboussures et sa petite taille la rend id\u00e9ale pour une utilisation quotidienne dans les cuisines professionnelles. Le bac \u00e0 graisse amovible rend cette plancha facile \u00e0 nettoyer.<\/p>","protected":false},"featured_media":7678,"template":"","meta":{"_acf_changed":false},"product_brand":[],"product_cat":[470],"product_tag":[],"class_list":{"0":"post-14465","1":"product","2":"type-product","3":"status-publish","4":"has-post-thumbnail","6":"product_cat-grills-planchas-2","8":"first","9":"instock","10":"sale","11":"taxable","12":"shipping-taxable","13":"purchasable","14":"product-type-simple"},"acf":[],"yoast_head":"<!-- This site is optimized with the Yoast SEO plugin v27.5 - https:\/\/yoast.com\/product\/yoast-seo-wordpress\/ -->\n<title>Plaque de gril - chrome lisse - 36 cm - incl plateau d&#039;\u00e9gouttement - Gastora<\/title>\n<meta name=\"description\" content=\"Achetez Plaque de gril - chrome lisse - 36 cm - incl plateau d&#039;\u00e9gouttement au meilleur prix, fiable et performant avec une livraison rapide\" \/>\n<meta name=\"robots\" content=\"index, follow, max-snippet:-1, max-image-preview:large, max-video-preview:-1\" \/>\n<link rel=\"canonical\" href=\"https:\/\/gastora.eu\/en\/product\/plaque-de-gril-chrome-lisse-36-cm-incl-plateau-dgouttement\/\" \/>\n<meta property=\"og:locale\" content=\"en_US\" \/>\n<meta property=\"og:type\" content=\"article\" \/>\n<meta property=\"og:title\" content=\"Plaque de gril - chrome lisse - 36 cm - incl plateau d&#039;\u00e9gouttement - Gastora\" \/>\n<meta property=\"og:description\" content=\"Achetez Plaque de gril - chrome lisse - 36 cm - incl plateau d&#039;\u00e9gouttement au meilleur prix, fiable et performant avec une livraison rapide\" \/>\n<meta property=\"og:url\" content=\"https:\/\/gastora.eu\/en\/product\/plaque-de-gril-chrome-lisse-36-cm-incl-plateau-dgouttement\/\" \/>\n<meta property=\"og:site_name\" content=\"Gastora\" \/>\n<meta property=\"article:modified_time\" content=\"2026-04-28T16:56:35+00:00\" \/>\n<meta name=\"twitter:card\" content=\"summary_large_image\" \/>\n<meta name=\"twitter:label1\" content=\"Est. reading time\" \/>\n\t<meta name=\"twitter:data1\" content=\"2 minutes\" \/>\n<script type=\"application\/ld+json\" class=\"yoast-schema-graph\">{\"@context\":\"https:\\\/\\\/schema.org\",\"@graph\":[{\"@type\":\"WebPage\",\"@id\":\"https:\\\/\\\/gastora.eu\\\/product\\\/plaque-de-gril-chrome-lisse-36-cm-incl-plateau-dgouttement\\\/\",\"url\":\"https:\\\/\\\/gastora.eu\\\/product\\\/plaque-de-gril-chrome-lisse-36-cm-incl-plateau-dgouttement\\\/\",\"name\":\"Plaque de gril - chrome lisse - 36 cm - incl plateau d'\u00e9gouttement - Gastora\",\"isPartOf\":{\"@id\":\"https:\\\/\\\/gastora.eu\\\/#website\"},\"primaryImageOfPage\":{\"@id\":\"https:\\\/\\\/gastora.eu\\\/product\\\/plaque-de-gril-chrome-lisse-36-cm-incl-plateau-dgouttement\\\/#primaryimage\"},\"image\":{\"@id\":\"https:\\\/\\\/gastora.eu\\\/product\\\/plaque-de-gril-chrome-lisse-36-cm-incl-plateau-dgouttement\\\/#primaryimage\"},\"thumbnailUrl\":\"https:\\\/\\\/gastora.eu\\\/wp-content\\\/uploads\\\/2026\\\/04\\\/sp-005-61656f7916eb8.jpg\",\"datePublished\":\"2026-04-25T17:51:01+00:00\",\"dateModified\":\"2026-04-28T16:56:35+00:00\",\"description\":\"Achetez Plaque de gril - chrome lisse - 36 cm - incl plateau d'\u00e9gouttement au meilleur prix, fiable et performant avec une livraison rapide\",\"breadcrumb\":{\"@id\":\"https:\\\/\\\/gastora.eu\\\/product\\\/plaque-de-gril-chrome-lisse-36-cm-incl-plateau-dgouttement\\\/#breadcrumb\"},\"inLanguage\":\"en-US\",\"potentialAction\":[{\"@type\":\"ReadAction\",\"target\":[\"https:\\\/\\\/gastora.eu\\\/product\\\/plaque-de-gril-chrome-lisse-36-cm-incl-plateau-dgouttement\\\/\"]}]},{\"@type\":\"ImageObject\",\"inLanguage\":\"en-US\",\"@id\":\"https:\\\/\\\/gastora.eu\\\/product\\\/plaque-de-gril-chrome-lisse-36-cm-incl-plateau-dgouttement\\\/#primaryimage\",\"url\":\"https:\\\/\\\/gastora.eu\\\/wp-content\\\/uploads\\\/2026\\\/04\\\/sp-005-61656f7916eb8.jpg\",\"contentUrl\":\"https:\\\/\\\/gastora.eu\\\/wp-content\\\/uploads\\\/2026\\\/04\\\/sp-005-61656f7916eb8.jpg\",\"width\":2048,\"height\":2048},{\"@type\":\"BreadcrumbList\",\"@id\":\"https:\\\/\\\/gastora.eu\\\/product\\\/plaque-de-gril-chrome-lisse-36-cm-incl-plateau-dgouttement\\\/#breadcrumb\",\"itemListElement\":[{\"@type\":\"ListItem\",\"position\":1,\"name\":\"Home\",\"item\":\"https:\\\/\\\/gastora.eu\\\/\"},{\"@type\":\"ListItem\",\"position\":2,\"name\":\"Shop\",\"item\":\"https:\\\/\\\/gastora.eu\\\/shop\\\/\"},{\"@type\":\"ListItem\",\"position\":3,\"name\":\"Plaque de gril &#8211; chrome lisse &#8211; 36 cm &#8211; incl plateau d&#8217;\u00e9gouttement\"}]},{\"@type\":\"WebSite\",\"@id\":\"https:\\\/\\\/gastora.eu\\\/#website\",\"url\":\"https:\\\/\\\/gastora.eu\\\/\",\"name\":\"Gastora\",\"description\":\"\u00c9quipements professionnels CHR\",\"publisher\":{\"@id\":\"https:\\\/\\\/gastora.eu\\\/#organization\"},\"potentialAction\":[{\"@type\":\"SearchAction\",\"target\":{\"@type\":\"EntryPoint\",\"urlTemplate\":\"https:\\\/\\\/gastora.eu\\\/?s={search_term_string}\"},\"query-input\":{\"@type\":\"PropertyValueSpecification\",\"valueRequired\":true,\"valueName\":\"search_term_string\"}}],\"inLanguage\":\"en-US\"},{\"@type\":\"Organization\",\"@id\":\"https:\\\/\\\/gastora.eu\\\/#organization\",\"name\":\"Gastora\",\"url\":\"https:\\\/\\\/gastora.eu\\\/\",\"logo\":{\"@type\":\"ImageObject\",\"inLanguage\":\"en-US\",\"@id\":\"https:\\\/\\\/gastora.eu\\\/#\\\/schema\\\/logo\\\/image\\\/\",\"url\":\"https:\\\/\\\/gastora.eu\\\/wp-content\\\/uploads\\\/2025\\\/12\\\/ChatGPT-Image-2-janv.-2026-22_52_47-1.png\",\"contentUrl\":\"https:\\\/\\\/gastora.eu\\\/wp-content\\\/uploads\\\/2025\\\/12\\\/ChatGPT-Image-2-janv.-2026-22_52_47-1.png\",\"width\":1536,\"height\":320,\"caption\":\"Gastora\"},\"image\":{\"@id\":\"https:\\\/\\\/gastora.eu\\\/#\\\/schema\\\/logo\\\/image\\\/\"}}]}<\/script>\n<!-- \/ Yoast SEO plugin. -->","yoast_head_json":{"title":"Plaque de gril - chrome lisse - 36 cm - incl plateau d'\u00e9gouttement - Gastora","description":"Achetez Plaque de gril - chrome lisse - 36 cm - incl plateau d'\u00e9gouttement au meilleur prix, fiable et performant avec une livraison rapide","robots":{"index":"index","follow":"follow","max-snippet":"max-snippet:-1","max-image-preview":"max-image-preview:large","max-video-preview":"max-video-preview:-1"},"canonical":"https:\/\/gastora.eu\/en\/product\/plaque-de-gril-chrome-lisse-36-cm-incl-plateau-dgouttement\/","og_locale":"en_US","og_type":"article","og_title":"Plaque de gril - chrome lisse - 36 cm - incl plateau d'\u00e9gouttement - Gastora","og_description":"Achetez Plaque de gril - chrome lisse - 36 cm - incl plateau d'\u00e9gouttement au meilleur prix, fiable et performant avec une livraison rapide","og_url":"https:\/\/gastora.eu\/en\/product\/plaque-de-gril-chrome-lisse-36-cm-incl-plateau-dgouttement\/","og_site_name":"Gastora","article_modified_time":"2026-04-28T16:56:35+00:00","twitter_card":"summary_large_image","twitter_misc":{"Est. reading time":"2 minutes"},"schema":{"@context":"https:\/\/schema.org","@graph":[{"@type":"WebPage","@id":"https:\/\/gastora.eu\/product\/plaque-de-gril-chrome-lisse-36-cm-incl-plateau-dgouttement\/","url":"https:\/\/gastora.eu\/product\/plaque-de-gril-chrome-lisse-36-cm-incl-plateau-dgouttement\/","name":"Plaque de gril - chrome lisse - 36 cm - incl plateau d'\u00e9gouttement - Gastora","isPartOf":{"@id":"https:\/\/gastora.eu\/#website"},"primaryImageOfPage":{"@id":"https:\/\/gastora.eu\/product\/plaque-de-gril-chrome-lisse-36-cm-incl-plateau-dgouttement\/#primaryimage"},"image":{"@id":"https:\/\/gastora.eu\/product\/plaque-de-gril-chrome-lisse-36-cm-incl-plateau-dgouttement\/#primaryimage"},"thumbnailUrl":"https:\/\/gastora.eu\/wp-content\/uploads\/2026\/04\/sp-005-61656f7916eb8.jpg","datePublished":"2026-04-25T17:51:01+00:00","dateModified":"2026-04-28T16:56:35+00:00","description":"Achetez Plaque de gril - chrome lisse - 36 cm - incl plateau d'\u00e9gouttement au meilleur prix, fiable et performant avec une livraison rapide","breadcrumb":{"@id":"https:\/\/gastora.eu\/product\/plaque-de-gril-chrome-lisse-36-cm-incl-plateau-dgouttement\/#breadcrumb"},"inLanguage":"en-US","potentialAction":[{"@type":"ReadAction","target":["https:\/\/gastora.eu\/product\/plaque-de-gril-chrome-lisse-36-cm-incl-plateau-dgouttement\/"]}]},{"@type":"ImageObject","inLanguage":"en-US","@id":"https:\/\/gastora.eu\/product\/plaque-de-gril-chrome-lisse-36-cm-incl-plateau-dgouttement\/#primaryimage","url":"https:\/\/gastora.eu\/wp-content\/uploads\/2026\/04\/sp-005-61656f7916eb8.jpg","contentUrl":"https:\/\/gastora.eu\/wp-content\/uploads\/2026\/04\/sp-005-61656f7916eb8.jpg","width":2048,"height":2048},{"@type":"BreadcrumbList","@id":"https:\/\/gastora.eu\/product\/plaque-de-gril-chrome-lisse-36-cm-incl-plateau-dgouttement\/#breadcrumb","itemListElement":[{"@type":"ListItem","position":1,"name":"Home","item":"https:\/\/gastora.eu\/"},{"@type":"ListItem","position":2,"name":"Shop","item":"https:\/\/gastora.eu\/shop\/"},{"@type":"ListItem","position":3,"name":"Plaque de gril &#8211; chrome lisse &#8211; 36 cm &#8211; incl plateau d&#8217;\u00e9gouttement"}]},{"@type":"WebSite","@id":"https:\/\/gastora.eu\/#website","url":"https:\/\/gastora.eu\/","name":"Gastora","description":"\u00c9quipements professionnels CHR","publisher":{"@id":"https:\/\/gastora.eu\/#organization"},"potentialAction":[{"@type":"SearchAction","target":{"@type":"EntryPoint","urlTemplate":"https:\/\/gastora.eu\/?s={search_term_string}"},"query-input":{"@type":"PropertyValueSpecification","valueRequired":true,"valueName":"search_term_string"}}],"inLanguage":"en-US"},{"@type":"Organization","@id":"https:\/\/gastora.eu\/#organization","name":"Gastora","url":"https:\/\/gastora.eu\/","logo":{"@type":"ImageObject","inLanguage":"en-US","@id":"https:\/\/gastora.eu\/#\/schema\/logo\/image\/","url":"https:\/\/gastora.eu\/wp-content\/uploads\/2025\/12\/ChatGPT-Image-2-janv.-2026-22_52_47-1.png","contentUrl":"https:\/\/gastora.eu\/wp-content\/uploads\/2025\/12\/ChatGPT-Image-2-janv.-2026-22_52_47-1.png","width":1536,"height":320,"caption":"Gastora"},"image":{"@id":"https:\/\/gastora.eu\/#\/schema\/logo\/image\/"}}]}},"jetpack_sharing_enabled":true,"_links":{"self":[{"href":"https:\/\/gastora.eu\/en\/wp-json\/wp\/v2\/product\/14465","targetHints":{"allow":["GET"]}}],"collection":[{"href":"https:\/\/gastora.eu\/en\/wp-json\/wp\/v2\/product"}],"about":[{"href":"https:\/\/gastora.eu\/en\/wp-json\/wp\/v2\/types\/product"}],"wp:featuredmedia":[{"embeddable":true,"href":"https:\/\/gastora.eu\/en\/wp-json\/wp\/v2\/media\/7678"}],"wp:attachment":[{"href":"https:\/\/gastora.eu\/en\/wp-json\/wp\/v2\/media?parent=14465"}],"wp:term":[{"taxonomy":"product_brand","embeddable":true,"href":"https:\/\/gastora.eu\/en\/wp-json\/wp\/v2\/product_brand?post=14465"},{"taxonomy":"product_cat","embeddable":true,"href":"https:\/\/gastora.eu\/en\/wp-json\/wp\/v2\/product_cat?post=14465"},{"taxonomy":"product_tag","embeddable":true,"href":"https:\/\/gastora.eu\/en\/wp-json\/wp\/v2\/product_tag?post=14465"}],"curies":[{"name":"wp","href":"https:\/\/api.w.org\/{rel}","templated":true}]}}