{"id":14448,"date":"2026-04-25T17:50:43","date_gmt":"2026-04-25T17:50:43","guid":{"rendered":"https:\/\/gastora.eu\/?post_type=product&#038;p=14448"},"modified":"2026-04-28T16:56:33","modified_gmt":"2026-04-28T16:56:33","slug":"bton-mixeur-manche-26-cm-450w","status":"publish","type":"product","link":"https:\/\/gastora.eu\/en\/product\/bton-mixeur-manche-26-cm-450w\/","title":{"rendered":"B\u00e2ton mixeur &#8211; manche 26 cm &#8211; 450W"},"content":{"rendered":"<p>Dans une cuisine professionnelle, un mixeur \u00e0 main de haute qualit\u00e9 est indispensable. Ce mixeur \u00e0 main est ergonomique et tient bien dans la main. Il permet non seulement de m\u00e9langer, mais aussi de r\u00e9duire en pur\u00e9e, de mixer, de broyer et de battre. Vous pouvez ainsi pr\u00e9parer rapidement et facilement les sauces pour p\u00e2tes, les pur\u00e9es, la cr\u00e8me fouett\u00e9e ou les desserts les plus savoureux. Broyer de la viande, des l\u00e9gumes, des pommes de terre ou du riz est \u00e9galement tr\u00e8s facile avec ce mixeur professionnel. Le mixeur a une profondeur de 20 cm, ce qui vous permet d&#8217;atteindre facilement le fond des casseroles profondes et de tout bien m\u00e9langer.<\/p>\n<h3>Avec plusieurs accessoires<\/h3>\n<p>Le manche fourni avec le mixeur est \u00e9quip\u00e9 de lames en acier tranchantes. Vous pouvez \u00e9galement commander un accessoire avec deux petits fouets pour fouetter la cr\u00e8me, par exemple. Le stick blender est en outre \u00e9quip\u00e9 d&#8217;un moteur ventil\u00e9 avec protection thermique contre les surcharges. Gr\u00e2ce aux raccords r\u00e9sistants \u00e0 l&#8217;usure, tant au niveau du b\u00e2ton que du bloc moteur, le changement d&#8217;accessoire est tr\u00e8s rapide. L&#8217;arbre en acier inoxydable est \u00e9quip\u00e9 d&#8217;un arbre int\u00e9rieur \u00e0 double palier et d&#8217;un logement pour les lames. L&#8217;interrupteur permet de r\u00e9gler la vitesse pour obtenir des r\u00e9sultats optimaux de fouettage et de m\u00e9lange.<\/p>\n<p><strong>Caract\u00e9ristiques :<\/strong><\/p>\n<ul>\n<li>Accouplements r\u00e9sistants \u00e0 l&#8217;usure dans la tige et le bloc moteur pour un changement rapide des accessoires<\/li>\n<li>Moteur ventil\u00e9 avec protection contre les surcharges thermiques<\/li>\n<li>Interrupteur de contr\u00f4le de la vitesse variable<\/li>\n<li>La tige en acier inoxydable est munie d&#8217;un arbre int\u00e9rieur \u00e0 double roulement et d&#8217;un carter de couteau<\/li>\n<li>Construction tr\u00e8s durable<\/li>\n<li>Conception hygi\u00e9nique<\/li>\n<\/ul>\n<p><strong>Caract\u00e9ristiques du produit<\/strong><\/p>\n<ul>\n<li>Vitesse : 4 000 &#8211; 16 000 tr\/min<\/li>\n<li>Capacit\u00e9 de traitement : 30L<\/li>\n<li>Barre de profondeur d&#8217;insertion : 20cm<\/li>\n<li>Diam\u00e8tre du pied : \u2205 8cm<\/li>\n<li>Poids net : 4kg<\/li>\n<li>Dimensions de l&#8217;appareil : L71 x P26 x H10cm<\/li>\n<li>Puissance \u00e9lectrique totale : 0,45 kW<\/li>\n<li>Puissance : 230V \/ 50Hz \/ 1Phase 450 Watt<\/li>\n<\/ul>","protected":false},"excerpt":{"rendered":"<p>Ce mixeur ergonomique est dot\u00e9 d&#8217;un manche en acier inoxydable de 26 cm et d&#8217;une profondeur d&#8217;insertion de 16 cm. Son moteur ventil\u00e9 de 450 W est dot\u00e9 d&#8217;une protection contre les surcharges thermiques et d&#8217;un interrupteur de contr\u00f4le de la vitesse variable. Ce stick blender est id\u00e9al pour m\u00e9langer, r\u00e9duire en pur\u00e9e, mixer, moudre et battre au quotidien dans une cuisine professionnelle.<\/p>","protected":false},"featured_media":7644,"template":"","meta":{"_acf_changed":false},"product_brand":[],"product_cat":[480],"product_tag":[],"class_list":{"0":"post-14448","1":"product","2":"type-product","3":"status-publish","4":"has-post-thumbnail","6":"product_cat-batteurs-melangeurs-2","8":"first","9":"instock","10":"sale","11":"taxable","12":"shipping-taxable","13":"purchasable","14":"product-type-simple"},"acf":[],"yoast_head":"<!-- This site is optimized with the Yoast SEO plugin v27.5 - https:\/\/yoast.com\/product\/yoast-seo-wordpress\/ -->\n<title>B\u00e2ton mixeur - manche 26 cm - 450W - Gastora<\/title>\n<meta name=\"description\" content=\"Achetez B\u00e2ton mixeur - manche 26 cm - 450W au meilleur prix, fiable et performant avec une livraison rapide\" \/>\n<meta name=\"robots\" content=\"index, follow, max-snippet:-1, max-image-preview:large, max-video-preview:-1\" \/>\n<link rel=\"canonical\" href=\"https:\/\/gastora.eu\/en\/product\/bton-mixeur-manche-26-cm-450w\/\" \/>\n<meta property=\"og:locale\" content=\"en_US\" \/>\n<meta property=\"og:type\" content=\"article\" \/>\n<meta property=\"og:title\" content=\"B\u00e2ton mixeur - manche 26 cm - 450W - Gastora\" \/>\n<meta property=\"og:description\" content=\"Achetez B\u00e2ton mixeur - manche 26 cm - 450W au meilleur prix, fiable et performant avec une livraison rapide\" \/>\n<meta property=\"og:url\" content=\"https:\/\/gastora.eu\/en\/product\/bton-mixeur-manche-26-cm-450w\/\" \/>\n<meta property=\"og:site_name\" content=\"Gastora\" \/>\n<meta property=\"article:modified_time\" content=\"2026-04-28T16:56:33+00:00\" \/>\n<meta name=\"twitter:card\" content=\"summary_large_image\" \/>\n<meta name=\"twitter:label1\" content=\"Est. reading time\" \/>\n\t<meta name=\"twitter:data1\" content=\"2 minutes\" \/>\n<script type=\"application\/ld+json\" class=\"yoast-schema-graph\">{\"@context\":\"https:\\\/\\\/schema.org\",\"@graph\":[{\"@type\":\"WebPage\",\"@id\":\"https:\\\/\\\/gastora.eu\\\/product\\\/bton-mixeur-manche-26-cm-450w\\\/\",\"url\":\"https:\\\/\\\/gastora.eu\\\/product\\\/bton-mixeur-manche-26-cm-450w\\\/\",\"name\":\"B\u00e2ton mixeur - manche 26 cm - 450W - Gastora\",\"isPartOf\":{\"@id\":\"https:\\\/\\\/gastora.eu\\\/#website\"},\"primaryImageOfPage\":{\"@id\":\"https:\\\/\\\/gastora.eu\\\/product\\\/bton-mixeur-manche-26-cm-450w\\\/#primaryimage\"},\"image\":{\"@id\":\"https:\\\/\\\/gastora.eu\\\/product\\\/bton-mixeur-manche-26-cm-450w\\\/#primaryimage\"},\"thumbnailUrl\":\"https:\\\/\\\/gastora.eu\\\/wp-content\\\/uploads\\\/2026\\\/04\\\/sp-028-61656f7e61df2.jpg\",\"datePublished\":\"2026-04-25T17:50:43+00:00\",\"dateModified\":\"2026-04-28T16:56:33+00:00\",\"description\":\"Achetez B\u00e2ton mixeur - manche 26 cm - 450W au meilleur prix, fiable et performant avec une livraison rapide\",\"breadcrumb\":{\"@id\":\"https:\\\/\\\/gastora.eu\\\/product\\\/bton-mixeur-manche-26-cm-450w\\\/#breadcrumb\"},\"inLanguage\":\"en-US\",\"potentialAction\":[{\"@type\":\"ReadAction\",\"target\":[\"https:\\\/\\\/gastora.eu\\\/product\\\/bton-mixeur-manche-26-cm-450w\\\/\"]}]},{\"@type\":\"ImageObject\",\"inLanguage\":\"en-US\",\"@id\":\"https:\\\/\\\/gastora.eu\\\/product\\\/bton-mixeur-manche-26-cm-450w\\\/#primaryimage\",\"url\":\"https:\\\/\\\/gastora.eu\\\/wp-content\\\/uploads\\\/2026\\\/04\\\/sp-028-61656f7e61df2.jpg\",\"contentUrl\":\"https:\\\/\\\/gastora.eu\\\/wp-content\\\/uploads\\\/2026\\\/04\\\/sp-028-61656f7e61df2.jpg\",\"width\":2048,\"height\":1366},{\"@type\":\"BreadcrumbList\",\"@id\":\"https:\\\/\\\/gastora.eu\\\/product\\\/bton-mixeur-manche-26-cm-450w\\\/#breadcrumb\",\"itemListElement\":[{\"@type\":\"ListItem\",\"position\":1,\"name\":\"Home\",\"item\":\"https:\\\/\\\/gastora.eu\\\/\"},{\"@type\":\"ListItem\",\"position\":2,\"name\":\"Shop\",\"item\":\"https:\\\/\\\/gastora.eu\\\/shop\\\/\"},{\"@type\":\"ListItem\",\"position\":3,\"name\":\"B\u00e2ton mixeur &#8211; manche 26 cm &#8211; 450W\"}]},{\"@type\":\"WebSite\",\"@id\":\"https:\\\/\\\/gastora.eu\\\/#website\",\"url\":\"https:\\\/\\\/gastora.eu\\\/\",\"name\":\"Gastora\",\"description\":\"\u00c9quipements professionnels CHR\",\"publisher\":{\"@id\":\"https:\\\/\\\/gastora.eu\\\/#organization\"},\"potentialAction\":[{\"@type\":\"SearchAction\",\"target\":{\"@type\":\"EntryPoint\",\"urlTemplate\":\"https:\\\/\\\/gastora.eu\\\/?s={search_term_string}\"},\"query-input\":{\"@type\":\"PropertyValueSpecification\",\"valueRequired\":true,\"valueName\":\"search_term_string\"}}],\"inLanguage\":\"en-US\"},{\"@type\":\"Organization\",\"@id\":\"https:\\\/\\\/gastora.eu\\\/#organization\",\"name\":\"Gastora\",\"url\":\"https:\\\/\\\/gastora.eu\\\/\",\"logo\":{\"@type\":\"ImageObject\",\"inLanguage\":\"en-US\",\"@id\":\"https:\\\/\\\/gastora.eu\\\/#\\\/schema\\\/logo\\\/image\\\/\",\"url\":\"https:\\\/\\\/gastora.eu\\\/wp-content\\\/uploads\\\/2025\\\/12\\\/ChatGPT-Image-2-janv.-2026-22_52_47-1.png\",\"contentUrl\":\"https:\\\/\\\/gastora.eu\\\/wp-content\\\/uploads\\\/2025\\\/12\\\/ChatGPT-Image-2-janv.-2026-22_52_47-1.png\",\"width\":1536,\"height\":320,\"caption\":\"Gastora\"},\"image\":{\"@id\":\"https:\\\/\\\/gastora.eu\\\/#\\\/schema\\\/logo\\\/image\\\/\"}}]}<\/script>\n<!-- \/ Yoast SEO plugin. -->","yoast_head_json":{"title":"B\u00e2ton mixeur - manche 26 cm - 450W - Gastora","description":"Achetez B\u00e2ton mixeur - manche 26 cm - 450W au meilleur prix, fiable et performant avec une livraison rapide","robots":{"index":"index","follow":"follow","max-snippet":"max-snippet:-1","max-image-preview":"max-image-preview:large","max-video-preview":"max-video-preview:-1"},"canonical":"https:\/\/gastora.eu\/en\/product\/bton-mixeur-manche-26-cm-450w\/","og_locale":"en_US","og_type":"article","og_title":"B\u00e2ton mixeur - manche 26 cm - 450W - Gastora","og_description":"Achetez B\u00e2ton mixeur - manche 26 cm - 450W au meilleur prix, fiable et performant avec une livraison rapide","og_url":"https:\/\/gastora.eu\/en\/product\/bton-mixeur-manche-26-cm-450w\/","og_site_name":"Gastora","article_modified_time":"2026-04-28T16:56:33+00:00","twitter_card":"summary_large_image","twitter_misc":{"Est. reading time":"2 minutes"},"schema":{"@context":"https:\/\/schema.org","@graph":[{"@type":"WebPage","@id":"https:\/\/gastora.eu\/product\/bton-mixeur-manche-26-cm-450w\/","url":"https:\/\/gastora.eu\/product\/bton-mixeur-manche-26-cm-450w\/","name":"B\u00e2ton mixeur - manche 26 cm - 450W - Gastora","isPartOf":{"@id":"https:\/\/gastora.eu\/#website"},"primaryImageOfPage":{"@id":"https:\/\/gastora.eu\/product\/bton-mixeur-manche-26-cm-450w\/#primaryimage"},"image":{"@id":"https:\/\/gastora.eu\/product\/bton-mixeur-manche-26-cm-450w\/#primaryimage"},"thumbnailUrl":"https:\/\/gastora.eu\/wp-content\/uploads\/2026\/04\/sp-028-61656f7e61df2.jpg","datePublished":"2026-04-25T17:50:43+00:00","dateModified":"2026-04-28T16:56:33+00:00","description":"Achetez B\u00e2ton mixeur - manche 26 cm - 450W au meilleur prix, fiable et performant avec une livraison rapide","breadcrumb":{"@id":"https:\/\/gastora.eu\/product\/bton-mixeur-manche-26-cm-450w\/#breadcrumb"},"inLanguage":"en-US","potentialAction":[{"@type":"ReadAction","target":["https:\/\/gastora.eu\/product\/bton-mixeur-manche-26-cm-450w\/"]}]},{"@type":"ImageObject","inLanguage":"en-US","@id":"https:\/\/gastora.eu\/product\/bton-mixeur-manche-26-cm-450w\/#primaryimage","url":"https:\/\/gastora.eu\/wp-content\/uploads\/2026\/04\/sp-028-61656f7e61df2.jpg","contentUrl":"https:\/\/gastora.eu\/wp-content\/uploads\/2026\/04\/sp-028-61656f7e61df2.jpg","width":2048,"height":1366},{"@type":"BreadcrumbList","@id":"https:\/\/gastora.eu\/product\/bton-mixeur-manche-26-cm-450w\/#breadcrumb","itemListElement":[{"@type":"ListItem","position":1,"name":"Home","item":"https:\/\/gastora.eu\/"},{"@type":"ListItem","position":2,"name":"Shop","item":"https:\/\/gastora.eu\/shop\/"},{"@type":"ListItem","position":3,"name":"B\u00e2ton mixeur &#8211; manche 26 cm &#8211; 450W"}]},{"@type":"WebSite","@id":"https:\/\/gastora.eu\/#website","url":"https:\/\/gastora.eu\/","name":"Gastora","description":"\u00c9quipements professionnels CHR","publisher":{"@id":"https:\/\/gastora.eu\/#organization"},"potentialAction":[{"@type":"SearchAction","target":{"@type":"EntryPoint","urlTemplate":"https:\/\/gastora.eu\/?s={search_term_string}"},"query-input":{"@type":"PropertyValueSpecification","valueRequired":true,"valueName":"search_term_string"}}],"inLanguage":"en-US"},{"@type":"Organization","@id":"https:\/\/gastora.eu\/#organization","name":"Gastora","url":"https:\/\/gastora.eu\/","logo":{"@type":"ImageObject","inLanguage":"en-US","@id":"https:\/\/gastora.eu\/#\/schema\/logo\/image\/","url":"https:\/\/gastora.eu\/wp-content\/uploads\/2025\/12\/ChatGPT-Image-2-janv.-2026-22_52_47-1.png","contentUrl":"https:\/\/gastora.eu\/wp-content\/uploads\/2025\/12\/ChatGPT-Image-2-janv.-2026-22_52_47-1.png","width":1536,"height":320,"caption":"Gastora"},"image":{"@id":"https:\/\/gastora.eu\/#\/schema\/logo\/image\/"}}]}},"jetpack_sharing_enabled":true,"_links":{"self":[{"href":"https:\/\/gastora.eu\/en\/wp-json\/wp\/v2\/product\/14448","targetHints":{"allow":["GET"]}}],"collection":[{"href":"https:\/\/gastora.eu\/en\/wp-json\/wp\/v2\/product"}],"about":[{"href":"https:\/\/gastora.eu\/en\/wp-json\/wp\/v2\/types\/product"}],"wp:featuredmedia":[{"embeddable":true,"href":"https:\/\/gastora.eu\/en\/wp-json\/wp\/v2\/media\/7644"}],"wp:attachment":[{"href":"https:\/\/gastora.eu\/en\/wp-json\/wp\/v2\/media?parent=14448"}],"wp:term":[{"taxonomy":"product_brand","embeddable":true,"href":"https:\/\/gastora.eu\/en\/wp-json\/wp\/v2\/product_brand?post=14448"},{"taxonomy":"product_cat","embeddable":true,"href":"https:\/\/gastora.eu\/en\/wp-json\/wp\/v2\/product_cat?post=14448"},{"taxonomy":"product_tag","embeddable":true,"href":"https:\/\/gastora.eu\/en\/wp-json\/wp\/v2\/product_tag?post=14448"}],"curies":[{"name":"wp","href":"https:\/\/api.w.org\/{rel}","templated":true}]}}