{"id":14446,"date":"2026-04-25T17:50:39","date_gmt":"2026-04-25T17:50:39","guid":{"rendered":"https:\/\/gastora.eu\/?post_type=product&#038;p=14446"},"modified":"2026-04-28T16:56:32","modified_gmt":"2026-04-28T16:56:32","slug":"fouet-mlangeur-en-bton-185-mm","status":"publish","type":"product","link":"https:\/\/gastora.eu\/en\/product\/fouet-mlangeur-en-bton-185-mm\/","title":{"rendered":"Fouet m\u00e9langeur en b\u00e2ton &#8211; 185 mm"},"content":{"rendered":"<p>Ce fouet libre pour le Maxima Stick Blender est parfait pour fouetter, m\u00e9langer et battre les ingr\u00e9dients avec rapidit\u00e9 et pr\u00e9cision. \u00c9quip\u00e9 de deux fouets puissants, il garantit des r\u00e9sultats homog\u00e8nes et a\u00e9r\u00e9s \u00e0 chaque fois. Fabriqu\u00e9 \u00e0 partir de mat\u00e9riaux durables et sans danger pour les aliments, il est con\u00e7u pour une utilisation quotidienne dans les cuisines professionnelles. Sa conception l\u00e9g\u00e8re facilite sa mise en place et son utilisation, ce qui vous permet de gagner du temps et d&#8217;\u00e9conomiser des efforts. Un outil essentiel pour les chefs qui souhaitent pr\u00e9parer des cr\u00e8mes, des p\u00e2tes et des sauces parfaitement fouett\u00e9es.<\/p>","protected":false},"excerpt":{"rendered":"<p>Fouet m\u00e9langeur en b\u00e2ton &#8211; 185 mm<\/p>","protected":false},"featured_media":7640,"template":"","meta":{"_acf_changed":false},"product_brand":[],"product_cat":[480],"product_tag":[],"class_list":{"0":"post-14446","1":"product","2":"type-product","3":"status-publish","4":"has-post-thumbnail","6":"product_cat-batteurs-melangeurs-2","8":"first","9":"instock","10":"sale","11":"taxable","12":"shipping-taxable","13":"purchasable","14":"product-type-simple"},"acf":[],"yoast_head":"<!-- This site is optimized with the Yoast SEO plugin v27.5 - https:\/\/yoast.com\/product\/yoast-seo-wordpress\/ -->\n<title>Fouet m\u00e9langeur en b\u00e2ton - 185 mm - Gastora<\/title>\n<meta name=\"description\" content=\"Achetez Fouet m\u00e9langeur en b\u00e2ton - 185 mm au meilleur prix, fiable et performant avec une livraison rapide\" \/>\n<meta name=\"robots\" content=\"index, follow, max-snippet:-1, max-image-preview:large, max-video-preview:-1\" \/>\n<link rel=\"canonical\" href=\"https:\/\/gastora.eu\/en\/product\/fouet-mlangeur-en-bton-185-mm\/\" \/>\n<meta property=\"og:locale\" content=\"en_US\" \/>\n<meta property=\"og:type\" content=\"article\" \/>\n<meta property=\"og:title\" content=\"Fouet m\u00e9langeur en b\u00e2ton - 185 mm - Gastora\" \/>\n<meta property=\"og:description\" content=\"Achetez Fouet m\u00e9langeur en b\u00e2ton - 185 mm au meilleur prix, fiable et performant avec une livraison rapide\" \/>\n<meta property=\"og:url\" content=\"https:\/\/gastora.eu\/en\/product\/fouet-mlangeur-en-bton-185-mm\/\" \/>\n<meta property=\"og:site_name\" content=\"Gastora\" \/>\n<meta property=\"article:modified_time\" content=\"2026-04-28T16:56:32+00:00\" \/>\n<meta name=\"twitter:card\" content=\"summary_large_image\" \/>\n<meta name=\"twitter:label1\" content=\"Est. reading time\" \/>\n\t<meta name=\"twitter:data1\" content=\"1 minute\" \/>\n<script type=\"application\/ld+json\" class=\"yoast-schema-graph\">{\"@context\":\"https:\\\/\\\/schema.org\",\"@graph\":[{\"@type\":\"WebPage\",\"@id\":\"https:\\\/\\\/gastora.eu\\\/product\\\/fouet-mlangeur-en-bton-185-mm\\\/\",\"url\":\"https:\\\/\\\/gastora.eu\\\/product\\\/fouet-mlangeur-en-bton-185-mm\\\/\",\"name\":\"Fouet m\u00e9langeur en b\u00e2ton - 185 mm - Gastora\",\"isPartOf\":{\"@id\":\"https:\\\/\\\/gastora.eu\\\/#website\"},\"primaryImageOfPage\":{\"@id\":\"https:\\\/\\\/gastora.eu\\\/product\\\/fouet-mlangeur-en-bton-185-mm\\\/#primaryimage\"},\"image\":{\"@id\":\"https:\\\/\\\/gastora.eu\\\/product\\\/fouet-mlangeur-en-bton-185-mm\\\/#primaryimage\"},\"thumbnailUrl\":\"https:\\\/\\\/gastora.eu\\\/wp-content\\\/uploads\\\/2026\\\/04\\\/sp-013-61656f80a9c90.jpg\",\"datePublished\":\"2026-04-25T17:50:39+00:00\",\"dateModified\":\"2026-04-28T16:56:32+00:00\",\"description\":\"Achetez Fouet m\u00e9langeur en b\u00e2ton - 185 mm au meilleur prix, fiable et performant avec une livraison rapide\",\"breadcrumb\":{\"@id\":\"https:\\\/\\\/gastora.eu\\\/product\\\/fouet-mlangeur-en-bton-185-mm\\\/#breadcrumb\"},\"inLanguage\":\"en-US\",\"potentialAction\":[{\"@type\":\"ReadAction\",\"target\":[\"https:\\\/\\\/gastora.eu\\\/product\\\/fouet-mlangeur-en-bton-185-mm\\\/\"]}]},{\"@type\":\"ImageObject\",\"inLanguage\":\"en-US\",\"@id\":\"https:\\\/\\\/gastora.eu\\\/product\\\/fouet-mlangeur-en-bton-185-mm\\\/#primaryimage\",\"url\":\"https:\\\/\\\/gastora.eu\\\/wp-content\\\/uploads\\\/2026\\\/04\\\/sp-013-61656f80a9c90.jpg\",\"contentUrl\":\"https:\\\/\\\/gastora.eu\\\/wp-content\\\/uploads\\\/2026\\\/04\\\/sp-013-61656f80a9c90.jpg\",\"width\":2048,\"height\":1366},{\"@type\":\"BreadcrumbList\",\"@id\":\"https:\\\/\\\/gastora.eu\\\/product\\\/fouet-mlangeur-en-bton-185-mm\\\/#breadcrumb\",\"itemListElement\":[{\"@type\":\"ListItem\",\"position\":1,\"name\":\"Home\",\"item\":\"https:\\\/\\\/gastora.eu\\\/\"},{\"@type\":\"ListItem\",\"position\":2,\"name\":\"Shop\",\"item\":\"https:\\\/\\\/gastora.eu\\\/shop\\\/\"},{\"@type\":\"ListItem\",\"position\":3,\"name\":\"Fouet m\u00e9langeur en b\u00e2ton &#8211; 185 mm\"}]},{\"@type\":\"WebSite\",\"@id\":\"https:\\\/\\\/gastora.eu\\\/#website\",\"url\":\"https:\\\/\\\/gastora.eu\\\/\",\"name\":\"Gastora\",\"description\":\"\u00c9quipements professionnels CHR\",\"publisher\":{\"@id\":\"https:\\\/\\\/gastora.eu\\\/#organization\"},\"potentialAction\":[{\"@type\":\"SearchAction\",\"target\":{\"@type\":\"EntryPoint\",\"urlTemplate\":\"https:\\\/\\\/gastora.eu\\\/?s={search_term_string}\"},\"query-input\":{\"@type\":\"PropertyValueSpecification\",\"valueRequired\":true,\"valueName\":\"search_term_string\"}}],\"inLanguage\":\"en-US\"},{\"@type\":\"Organization\",\"@id\":\"https:\\\/\\\/gastora.eu\\\/#organization\",\"name\":\"Gastora\",\"url\":\"https:\\\/\\\/gastora.eu\\\/\",\"logo\":{\"@type\":\"ImageObject\",\"inLanguage\":\"en-US\",\"@id\":\"https:\\\/\\\/gastora.eu\\\/#\\\/schema\\\/logo\\\/image\\\/\",\"url\":\"https:\\\/\\\/gastora.eu\\\/wp-content\\\/uploads\\\/2025\\\/12\\\/ChatGPT-Image-2-janv.-2026-22_52_47-1.png\",\"contentUrl\":\"https:\\\/\\\/gastora.eu\\\/wp-content\\\/uploads\\\/2025\\\/12\\\/ChatGPT-Image-2-janv.-2026-22_52_47-1.png\",\"width\":1536,\"height\":320,\"caption\":\"Gastora\"},\"image\":{\"@id\":\"https:\\\/\\\/gastora.eu\\\/#\\\/schema\\\/logo\\\/image\\\/\"}}]}<\/script>\n<!-- \/ Yoast SEO plugin. -->","yoast_head_json":{"title":"Fouet m\u00e9langeur en b\u00e2ton - 185 mm - Gastora","description":"Achetez Fouet m\u00e9langeur en b\u00e2ton - 185 mm au meilleur prix, fiable et performant avec une livraison rapide","robots":{"index":"index","follow":"follow","max-snippet":"max-snippet:-1","max-image-preview":"max-image-preview:large","max-video-preview":"max-video-preview:-1"},"canonical":"https:\/\/gastora.eu\/en\/product\/fouet-mlangeur-en-bton-185-mm\/","og_locale":"en_US","og_type":"article","og_title":"Fouet m\u00e9langeur en b\u00e2ton - 185 mm - Gastora","og_description":"Achetez Fouet m\u00e9langeur en b\u00e2ton - 185 mm au meilleur prix, fiable et performant avec une livraison rapide","og_url":"https:\/\/gastora.eu\/en\/product\/fouet-mlangeur-en-bton-185-mm\/","og_site_name":"Gastora","article_modified_time":"2026-04-28T16:56:32+00:00","twitter_card":"summary_large_image","twitter_misc":{"Est. reading time":"1 minute"},"schema":{"@context":"https:\/\/schema.org","@graph":[{"@type":"WebPage","@id":"https:\/\/gastora.eu\/product\/fouet-mlangeur-en-bton-185-mm\/","url":"https:\/\/gastora.eu\/product\/fouet-mlangeur-en-bton-185-mm\/","name":"Fouet m\u00e9langeur en b\u00e2ton - 185 mm - Gastora","isPartOf":{"@id":"https:\/\/gastora.eu\/#website"},"primaryImageOfPage":{"@id":"https:\/\/gastora.eu\/product\/fouet-mlangeur-en-bton-185-mm\/#primaryimage"},"image":{"@id":"https:\/\/gastora.eu\/product\/fouet-mlangeur-en-bton-185-mm\/#primaryimage"},"thumbnailUrl":"https:\/\/gastora.eu\/wp-content\/uploads\/2026\/04\/sp-013-61656f80a9c90.jpg","datePublished":"2026-04-25T17:50:39+00:00","dateModified":"2026-04-28T16:56:32+00:00","description":"Achetez Fouet m\u00e9langeur en b\u00e2ton - 185 mm au meilleur prix, fiable et performant avec une livraison rapide","breadcrumb":{"@id":"https:\/\/gastora.eu\/product\/fouet-mlangeur-en-bton-185-mm\/#breadcrumb"},"inLanguage":"en-US","potentialAction":[{"@type":"ReadAction","target":["https:\/\/gastora.eu\/product\/fouet-mlangeur-en-bton-185-mm\/"]}]},{"@type":"ImageObject","inLanguage":"en-US","@id":"https:\/\/gastora.eu\/product\/fouet-mlangeur-en-bton-185-mm\/#primaryimage","url":"https:\/\/gastora.eu\/wp-content\/uploads\/2026\/04\/sp-013-61656f80a9c90.jpg","contentUrl":"https:\/\/gastora.eu\/wp-content\/uploads\/2026\/04\/sp-013-61656f80a9c90.jpg","width":2048,"height":1366},{"@type":"BreadcrumbList","@id":"https:\/\/gastora.eu\/product\/fouet-mlangeur-en-bton-185-mm\/#breadcrumb","itemListElement":[{"@type":"ListItem","position":1,"name":"Home","item":"https:\/\/gastora.eu\/"},{"@type":"ListItem","position":2,"name":"Shop","item":"https:\/\/gastora.eu\/shop\/"},{"@type":"ListItem","position":3,"name":"Fouet m\u00e9langeur en b\u00e2ton &#8211; 185 mm"}]},{"@type":"WebSite","@id":"https:\/\/gastora.eu\/#website","url":"https:\/\/gastora.eu\/","name":"Gastora","description":"\u00c9quipements professionnels CHR","publisher":{"@id":"https:\/\/gastora.eu\/#organization"},"potentialAction":[{"@type":"SearchAction","target":{"@type":"EntryPoint","urlTemplate":"https:\/\/gastora.eu\/?s={search_term_string}"},"query-input":{"@type":"PropertyValueSpecification","valueRequired":true,"valueName":"search_term_string"}}],"inLanguage":"en-US"},{"@type":"Organization","@id":"https:\/\/gastora.eu\/#organization","name":"Gastora","url":"https:\/\/gastora.eu\/","logo":{"@type":"ImageObject","inLanguage":"en-US","@id":"https:\/\/gastora.eu\/#\/schema\/logo\/image\/","url":"https:\/\/gastora.eu\/wp-content\/uploads\/2025\/12\/ChatGPT-Image-2-janv.-2026-22_52_47-1.png","contentUrl":"https:\/\/gastora.eu\/wp-content\/uploads\/2025\/12\/ChatGPT-Image-2-janv.-2026-22_52_47-1.png","width":1536,"height":320,"caption":"Gastora"},"image":{"@id":"https:\/\/gastora.eu\/#\/schema\/logo\/image\/"}}]}},"jetpack_sharing_enabled":true,"_links":{"self":[{"href":"https:\/\/gastora.eu\/en\/wp-json\/wp\/v2\/product\/14446","targetHints":{"allow":["GET"]}}],"collection":[{"href":"https:\/\/gastora.eu\/en\/wp-json\/wp\/v2\/product"}],"about":[{"href":"https:\/\/gastora.eu\/en\/wp-json\/wp\/v2\/types\/product"}],"wp:featuredmedia":[{"embeddable":true,"href":"https:\/\/gastora.eu\/en\/wp-json\/wp\/v2\/media\/7640"}],"wp:attachment":[{"href":"https:\/\/gastora.eu\/en\/wp-json\/wp\/v2\/media?parent=14446"}],"wp:term":[{"taxonomy":"product_brand","embeddable":true,"href":"https:\/\/gastora.eu\/en\/wp-json\/wp\/v2\/product_brand?post=14446"},{"taxonomy":"product_cat","embeddable":true,"href":"https:\/\/gastora.eu\/en\/wp-json\/wp\/v2\/product_cat?post=14446"},{"taxonomy":"product_tag","embeddable":true,"href":"https:\/\/gastora.eu\/en\/wp-json\/wp\/v2\/product_tag?post=14446"}],"curies":[{"name":"wp","href":"https:\/\/api.w.org\/{rel}","templated":true}]}}