{"id":14438,"date":"2026-04-25T17:50:31","date_gmt":"2026-04-25T17:50:31","guid":{"rendered":"https:\/\/gastora.eu\/?post_type=product&#038;p=14438"},"modified":"2026-04-28T16:56:32","modified_gmt":"2026-04-28T16:56:32","slug":"ptrin-spirale-ptrin-pte-50-l-30-kg-de-pte-2-vitesses-bol-amovible-400v","status":"publish","type":"product","link":"https:\/\/gastora.eu\/en\/product\/ptrin-spirale-ptrin-pte-50-l-30-kg-de-pte-2-vitesses-bol-amovible-400v\/","title":{"rendered":"P\u00e9trin \u00e0 spirale \/ p\u00e9trin \u00e0 p\u00e2te &#8211; 50 L &#8211; 30 kg de p\u00e2te &#8211; 2 vitesses &#8211; bol amovible &#8211; 400V"},"content":{"rendered":"<p>P\u00e9trir de grandes quantit\u00e9s de p\u00e2te \u00e0 la main demande beaucoup de temps et de travail manuel. Si vous investissez dans ce p\u00e9trin professionnel dans votre cuisine de restauration, vous pourrez facilement p\u00e9trir jusqu&#8217;\u00e0 30 kg de p\u00e2te. Le bol de m\u00e9lange a une capacit\u00e9 de 50 litres et, comme le crochet p\u00e9trisseur, il tourne autour de son axe, ce qui le rend parfait pour p\u00e9trir la p\u00e2te \u00e0 pain ou \u00e0 pizza.<\/p>\n<h3>Un appareil complet et s\u00fbr<\/h3>\n<p>Une grande attention a \u00e9t\u00e9 port\u00e9e \u00e0 la s\u00e9curit\u00e9 d&#8217;utilisation de cet appareil. Gr\u00e2ce \u00e0 la minuterie tr\u00e8s pratique, vous pouvez laisser le p\u00e9trin faire son travail. Il est \u00e9galement \u00e9quip\u00e9 d&#8217;un interrupteur de s\u00e9curit\u00e9 qui \u00e9teint automatiquement la machine en cas de surchauffe du moteur. En outre, ce p\u00e9trin est \u00e9quip\u00e9 d&#8217;une grille de s\u00e9curit\u00e9 qui sert \u00e0 fermer le bol de m\u00e9lange. Si la grille n&#8217;est pas compl\u00e8tement ferm\u00e9e, le p\u00e9trin ne d\u00e9marre pas. Les pieds en caoutchouc robustes garantissent que l&#8217;appareil reste en place pendant l&#8217;utilisation.<\/p>\n<h3>Facile \u00e0 nettoyer<\/h3>\n<p>Ce p\u00e9trin professionnel est fabriqu\u00e9 en m\u00e9tal avec un rev\u00eatement durable. Le bol de mixage et le crochet de p\u00e9trissage sont tous deux en acier inoxydable lisse. Ce choix de mat\u00e9riau permet non seulement \u00e0 l&#8217;appareil de conserver longtemps sa beaut\u00e9, mais il est \u00e9galement facile \u00e0 nettoyer. Pour ce faire, utilisez un chiffon humide et un d\u00e9tergent doux. Le bol de mixage est amovible, ce qui facilite le nettoyage. Apr\u00e8s le nettoyage, s\u00e9chez le tout avec un chiffon doux avant de r\u00e9utiliser l&#8217;appareil.<\/p>\n<p><strong>Caract\u00e9ristiques :<\/strong><\/p>\n<ul>\n<li>Un moteur puissant et silencieux garantit l&#8217;absence de nuisances sonores<\/li>\n<li>Le bol amovible permet de retirer facilement la p\u00e2te<\/li>\n<li>Les pi\u00e8ces en acier inoxydable sont faciles \u00e0 nettoyer<\/li>\n<li>La t\u00eate inclinable permet d&#8217;ajouter facilement les ingr\u00e9dients<\/li>\n<li>Entra\u00eenement par cha\u00eene de haute qualit\u00e9 pour une plus grande long\u00e9vit\u00e9<\/li>\n<li>Deux vitesses : 90 et 135 tr\/min<\/li>\n<\/ul>\n<p><strong>Caract\u00e9ristiques du produit :<\/strong><\/p>\n<ul>\n<li>Poids net : 168 kg<\/li>\n<li>Capacit\u00e9 nette de la cuve : 51l<\/li>\n<li>Vitesse du bol : 9 et 13,5RPM<\/li>\n<li>Dimensions de l&#8217;appareil : L53,5 x P92,5 x H76,5cm<\/li>\n<li>Puissance \u00e9lectrique totale : 1,5 kW<\/li>\n<li>400V \/ 50Hz \/ 3 Phase 1500W<\/li>\n<\/ul>\n<p><strong>Capacit\u00e9 de production :<\/strong><\/p>\n<ul>\n<li>Max. 20kg de farine<\/li>\n<li>Max. 30kg de p\u00e2te<\/li>\n<li>Min. 6kg de p\u00e2te<\/li>\n<\/ul>","protected":false},"excerpt":{"rendered":"<p>Ce p\u00e9trin professionnel et silencieux, dot\u00e9 d&#8217;un bol de 50 litres, convient au p\u00e9trissage de la p\u00e2te \u00e0 pain et \u00e0 pizza. Il est \u00e9quip\u00e9 d&#8217;une t\u00eate inclinable et d&#8217;un moteur puissant, ce qui vous permet d&#8217;\u00eatre s\u00fbr qu&#8217;il m\u00e9langera parfaitement ce dont vous avez besoin. Il peut p\u00e9trir jusqu&#8217;\u00e0 30 kg de p\u00e2te et dispose de deux vitesses.<\/p>","protected":false},"featured_media":7624,"template":"","meta":{"_acf_changed":false},"product_brand":[],"product_cat":[481],"product_tag":[],"class_list":{"0":"post-14438","1":"product","2":"type-product","3":"status-publish","4":"has-post-thumbnail","6":"product_cat-petrins-2","8":"first","9":"instock","10":"sale","11":"taxable","12":"shipping-taxable","13":"purchasable","14":"product-type-simple"},"acf":[],"yoast_head":"<!-- This site is optimized with the Yoast SEO plugin v27.5 - https:\/\/yoast.com\/product\/yoast-seo-wordpress\/ -->\n<title>P\u00e9trin \u00e0 spirale \/ p\u00e9trin \u00e0 p\u00e2te - 50 L - 30 kg de p\u00e2te - 2 vitesses - bol amovible - 400V - Gastora<\/title>\n<meta name=\"description\" content=\"Achetez P\u00e9trin \u00e0 spirale \/ p\u00e9trin \u00e0 p\u00e2te - 50 L - 30 kg de p\u00e2te - 2 vitesses - bol amovible - 400V au meilleur prix, fiable et performant avec une livraison rapide\" \/>\n<meta name=\"robots\" content=\"index, follow, max-snippet:-1, max-image-preview:large, max-video-preview:-1\" \/>\n<link rel=\"canonical\" href=\"https:\/\/gastora.eu\/en\/product\/ptrin-spirale-ptrin-pte-50-l-30-kg-de-pte-2-vitesses-bol-amovible-400v\/\" \/>\n<meta property=\"og:locale\" content=\"en_US\" \/>\n<meta property=\"og:type\" content=\"article\" \/>\n<meta property=\"og:title\" content=\"P\u00e9trin \u00e0 spirale \/ p\u00e9trin \u00e0 p\u00e2te - 50 L - 30 kg de p\u00e2te - 2 vitesses - bol amovible - 400V - Gastora\" \/>\n<meta property=\"og:description\" content=\"Achetez P\u00e9trin \u00e0 spirale \/ p\u00e9trin \u00e0 p\u00e2te - 50 L - 30 kg de p\u00e2te - 2 vitesses - bol amovible - 400V au meilleur prix, fiable et performant avec une livraison rapide\" \/>\n<meta property=\"og:url\" content=\"https:\/\/gastora.eu\/en\/product\/ptrin-spirale-ptrin-pte-50-l-30-kg-de-pte-2-vitesses-bol-amovible-400v\/\" \/>\n<meta property=\"og:site_name\" content=\"Gastora\" \/>\n<meta property=\"article:modified_time\" content=\"2026-04-28T16:56:32+00:00\" \/>\n<meta name=\"twitter:card\" content=\"summary_large_image\" \/>\n<meta name=\"twitter:label1\" content=\"Est. reading time\" \/>\n\t<meta name=\"twitter:data1\" content=\"2 minutes\" \/>\n<script type=\"application\/ld+json\" class=\"yoast-schema-graph\">{\"@context\":\"https:\\\/\\\/schema.org\",\"@graph\":[{\"@type\":\"WebPage\",\"@id\":\"https:\\\/\\\/gastora.eu\\\/product\\\/ptrin-spirale-ptrin-pte-50-l-30-kg-de-pte-2-vitesses-bol-amovible-400v\\\/\",\"url\":\"https:\\\/\\\/gastora.eu\\\/product\\\/ptrin-spirale-ptrin-pte-50-l-30-kg-de-pte-2-vitesses-bol-amovible-400v\\\/\",\"name\":\"P\u00e9trin \u00e0 spirale \\\/ p\u00e9trin \u00e0 p\u00e2te - 50 L - 30 kg de p\u00e2te - 2 vitesses - bol amovible - 400V - Gastora\",\"isPartOf\":{\"@id\":\"https:\\\/\\\/gastora.eu\\\/#website\"},\"primaryImageOfPage\":{\"@id\":\"https:\\\/\\\/gastora.eu\\\/product\\\/ptrin-spirale-ptrin-pte-50-l-30-kg-de-pte-2-vitesses-bol-amovible-400v\\\/#primaryimage\"},\"image\":{\"@id\":\"https:\\\/\\\/gastora.eu\\\/product\\\/ptrin-spirale-ptrin-pte-50-l-30-kg-de-pte-2-vitesses-bol-amovible-400v\\\/#primaryimage\"},\"thumbnailUrl\":\"https:\\\/\\\/gastora.eu\\\/wp-content\\\/uploads\\\/2026\\\/04\\\/sp-077.jpg\",\"datePublished\":\"2026-04-25T17:50:31+00:00\",\"dateModified\":\"2026-04-28T16:56:32+00:00\",\"description\":\"Achetez P\u00e9trin \u00e0 spirale \\\/ p\u00e9trin \u00e0 p\u00e2te - 50 L - 30 kg de p\u00e2te - 2 vitesses - bol amovible - 400V au meilleur prix, fiable et performant avec une livraison rapide\",\"breadcrumb\":{\"@id\":\"https:\\\/\\\/gastora.eu\\\/product\\\/ptrin-spirale-ptrin-pte-50-l-30-kg-de-pte-2-vitesses-bol-amovible-400v\\\/#breadcrumb\"},\"inLanguage\":\"en-US\",\"potentialAction\":[{\"@type\":\"ReadAction\",\"target\":[\"https:\\\/\\\/gastora.eu\\\/product\\\/ptrin-spirale-ptrin-pte-50-l-30-kg-de-pte-2-vitesses-bol-amovible-400v\\\/\"]}]},{\"@type\":\"ImageObject\",\"inLanguage\":\"en-US\",\"@id\":\"https:\\\/\\\/gastora.eu\\\/product\\\/ptrin-spirale-ptrin-pte-50-l-30-kg-de-pte-2-vitesses-bol-amovible-400v\\\/#primaryimage\",\"url\":\"https:\\\/\\\/gastora.eu\\\/wp-content\\\/uploads\\\/2026\\\/04\\\/sp-077.jpg\",\"contentUrl\":\"https:\\\/\\\/gastora.eu\\\/wp-content\\\/uploads\\\/2026\\\/04\\\/sp-077.jpg\",\"width\":1200,\"height\":1200},{\"@type\":\"BreadcrumbList\",\"@id\":\"https:\\\/\\\/gastora.eu\\\/product\\\/ptrin-spirale-ptrin-pte-50-l-30-kg-de-pte-2-vitesses-bol-amovible-400v\\\/#breadcrumb\",\"itemListElement\":[{\"@type\":\"ListItem\",\"position\":1,\"name\":\"Home\",\"item\":\"https:\\\/\\\/gastora.eu\\\/\"},{\"@type\":\"ListItem\",\"position\":2,\"name\":\"Shop\",\"item\":\"https:\\\/\\\/gastora.eu\\\/shop\\\/\"},{\"@type\":\"ListItem\",\"position\":3,\"name\":\"P\u00e9trin \u00e0 spirale \\\/ p\u00e9trin \u00e0 p\u00e2te &#8211; 50 L &#8211; 30 kg de p\u00e2te &#8211; 2 vitesses &#8211; bol amovible &#8211; 400V\"}]},{\"@type\":\"WebSite\",\"@id\":\"https:\\\/\\\/gastora.eu\\\/#website\",\"url\":\"https:\\\/\\\/gastora.eu\\\/\",\"name\":\"Gastora\",\"description\":\"\u00c9quipements professionnels CHR\",\"publisher\":{\"@id\":\"https:\\\/\\\/gastora.eu\\\/#organization\"},\"potentialAction\":[{\"@type\":\"SearchAction\",\"target\":{\"@type\":\"EntryPoint\",\"urlTemplate\":\"https:\\\/\\\/gastora.eu\\\/?s={search_term_string}\"},\"query-input\":{\"@type\":\"PropertyValueSpecification\",\"valueRequired\":true,\"valueName\":\"search_term_string\"}}],\"inLanguage\":\"en-US\"},{\"@type\":\"Organization\",\"@id\":\"https:\\\/\\\/gastora.eu\\\/#organization\",\"name\":\"Gastora\",\"url\":\"https:\\\/\\\/gastora.eu\\\/\",\"logo\":{\"@type\":\"ImageObject\",\"inLanguage\":\"en-US\",\"@id\":\"https:\\\/\\\/gastora.eu\\\/#\\\/schema\\\/logo\\\/image\\\/\",\"url\":\"https:\\\/\\\/gastora.eu\\\/wp-content\\\/uploads\\\/2025\\\/12\\\/ChatGPT-Image-2-janv.-2026-22_52_47-1.png\",\"contentUrl\":\"https:\\\/\\\/gastora.eu\\\/wp-content\\\/uploads\\\/2025\\\/12\\\/ChatGPT-Image-2-janv.-2026-22_52_47-1.png\",\"width\":1536,\"height\":320,\"caption\":\"Gastora\"},\"image\":{\"@id\":\"https:\\\/\\\/gastora.eu\\\/#\\\/schema\\\/logo\\\/image\\\/\"}}]}<\/script>\n<!-- \/ Yoast SEO plugin. -->","yoast_head_json":{"title":"P\u00e9trin \u00e0 spirale \/ p\u00e9trin \u00e0 p\u00e2te - 50 L - 30 kg de p\u00e2te - 2 vitesses - bol amovible - 400V - Gastora","description":"Achetez P\u00e9trin \u00e0 spirale \/ p\u00e9trin \u00e0 p\u00e2te - 50 L - 30 kg de p\u00e2te - 2 vitesses - bol amovible - 400V au meilleur prix, fiable et performant avec une livraison rapide","robots":{"index":"index","follow":"follow","max-snippet":"max-snippet:-1","max-image-preview":"max-image-preview:large","max-video-preview":"max-video-preview:-1"},"canonical":"https:\/\/gastora.eu\/en\/product\/ptrin-spirale-ptrin-pte-50-l-30-kg-de-pte-2-vitesses-bol-amovible-400v\/","og_locale":"en_US","og_type":"article","og_title":"P\u00e9trin \u00e0 spirale \/ p\u00e9trin \u00e0 p\u00e2te - 50 L - 30 kg de p\u00e2te - 2 vitesses - bol amovible - 400V - Gastora","og_description":"Achetez P\u00e9trin \u00e0 spirale \/ p\u00e9trin \u00e0 p\u00e2te - 50 L - 30 kg de p\u00e2te - 2 vitesses - bol amovible - 400V au meilleur prix, fiable et performant avec une livraison rapide","og_url":"https:\/\/gastora.eu\/en\/product\/ptrin-spirale-ptrin-pte-50-l-30-kg-de-pte-2-vitesses-bol-amovible-400v\/","og_site_name":"Gastora","article_modified_time":"2026-04-28T16:56:32+00:00","twitter_card":"summary_large_image","twitter_misc":{"Est. reading time":"2 minutes"},"schema":{"@context":"https:\/\/schema.org","@graph":[{"@type":"WebPage","@id":"https:\/\/gastora.eu\/product\/ptrin-spirale-ptrin-pte-50-l-30-kg-de-pte-2-vitesses-bol-amovible-400v\/","url":"https:\/\/gastora.eu\/product\/ptrin-spirale-ptrin-pte-50-l-30-kg-de-pte-2-vitesses-bol-amovible-400v\/","name":"P\u00e9trin \u00e0 spirale \/ p\u00e9trin \u00e0 p\u00e2te - 50 L - 30 kg de p\u00e2te - 2 vitesses - bol amovible - 400V - Gastora","isPartOf":{"@id":"https:\/\/gastora.eu\/#website"},"primaryImageOfPage":{"@id":"https:\/\/gastora.eu\/product\/ptrin-spirale-ptrin-pte-50-l-30-kg-de-pte-2-vitesses-bol-amovible-400v\/#primaryimage"},"image":{"@id":"https:\/\/gastora.eu\/product\/ptrin-spirale-ptrin-pte-50-l-30-kg-de-pte-2-vitesses-bol-amovible-400v\/#primaryimage"},"thumbnailUrl":"https:\/\/gastora.eu\/wp-content\/uploads\/2026\/04\/sp-077.jpg","datePublished":"2026-04-25T17:50:31+00:00","dateModified":"2026-04-28T16:56:32+00:00","description":"Achetez P\u00e9trin \u00e0 spirale \/ p\u00e9trin \u00e0 p\u00e2te - 50 L - 30 kg de p\u00e2te - 2 vitesses - bol amovible - 400V au meilleur prix, fiable et performant avec une livraison rapide","breadcrumb":{"@id":"https:\/\/gastora.eu\/product\/ptrin-spirale-ptrin-pte-50-l-30-kg-de-pte-2-vitesses-bol-amovible-400v\/#breadcrumb"},"inLanguage":"en-US","potentialAction":[{"@type":"ReadAction","target":["https:\/\/gastora.eu\/product\/ptrin-spirale-ptrin-pte-50-l-30-kg-de-pte-2-vitesses-bol-amovible-400v\/"]}]},{"@type":"ImageObject","inLanguage":"en-US","@id":"https:\/\/gastora.eu\/product\/ptrin-spirale-ptrin-pte-50-l-30-kg-de-pte-2-vitesses-bol-amovible-400v\/#primaryimage","url":"https:\/\/gastora.eu\/wp-content\/uploads\/2026\/04\/sp-077.jpg","contentUrl":"https:\/\/gastora.eu\/wp-content\/uploads\/2026\/04\/sp-077.jpg","width":1200,"height":1200},{"@type":"BreadcrumbList","@id":"https:\/\/gastora.eu\/product\/ptrin-spirale-ptrin-pte-50-l-30-kg-de-pte-2-vitesses-bol-amovible-400v\/#breadcrumb","itemListElement":[{"@type":"ListItem","position":1,"name":"Home","item":"https:\/\/gastora.eu\/"},{"@type":"ListItem","position":2,"name":"Shop","item":"https:\/\/gastora.eu\/shop\/"},{"@type":"ListItem","position":3,"name":"P\u00e9trin \u00e0 spirale \/ p\u00e9trin \u00e0 p\u00e2te &#8211; 50 L &#8211; 30 kg de p\u00e2te &#8211; 2 vitesses &#8211; bol amovible &#8211; 400V"}]},{"@type":"WebSite","@id":"https:\/\/gastora.eu\/#website","url":"https:\/\/gastora.eu\/","name":"Gastora","description":"\u00c9quipements professionnels CHR","publisher":{"@id":"https:\/\/gastora.eu\/#organization"},"potentialAction":[{"@type":"SearchAction","target":{"@type":"EntryPoint","urlTemplate":"https:\/\/gastora.eu\/?s={search_term_string}"},"query-input":{"@type":"PropertyValueSpecification","valueRequired":true,"valueName":"search_term_string"}}],"inLanguage":"en-US"},{"@type":"Organization","@id":"https:\/\/gastora.eu\/#organization","name":"Gastora","url":"https:\/\/gastora.eu\/","logo":{"@type":"ImageObject","inLanguage":"en-US","@id":"https:\/\/gastora.eu\/#\/schema\/logo\/image\/","url":"https:\/\/gastora.eu\/wp-content\/uploads\/2025\/12\/ChatGPT-Image-2-janv.-2026-22_52_47-1.png","contentUrl":"https:\/\/gastora.eu\/wp-content\/uploads\/2025\/12\/ChatGPT-Image-2-janv.-2026-22_52_47-1.png","width":1536,"height":320,"caption":"Gastora"},"image":{"@id":"https:\/\/gastora.eu\/#\/schema\/logo\/image\/"}}]}},"jetpack_sharing_enabled":true,"_links":{"self":[{"href":"https:\/\/gastora.eu\/en\/wp-json\/wp\/v2\/product\/14438","targetHints":{"allow":["GET"]}}],"collection":[{"href":"https:\/\/gastora.eu\/en\/wp-json\/wp\/v2\/product"}],"about":[{"href":"https:\/\/gastora.eu\/en\/wp-json\/wp\/v2\/types\/product"}],"wp:featuredmedia":[{"embeddable":true,"href":"https:\/\/gastora.eu\/en\/wp-json\/wp\/v2\/media\/7624"}],"wp:attachment":[{"href":"https:\/\/gastora.eu\/en\/wp-json\/wp\/v2\/media?parent=14438"}],"wp:term":[{"taxonomy":"product_brand","embeddable":true,"href":"https:\/\/gastora.eu\/en\/wp-json\/wp\/v2\/product_brand?post=14438"},{"taxonomy":"product_cat","embeddable":true,"href":"https:\/\/gastora.eu\/en\/wp-json\/wp\/v2\/product_cat?post=14438"},{"taxonomy":"product_tag","embeddable":true,"href":"https:\/\/gastora.eu\/en\/wp-json\/wp\/v2\/product_tag?post=14438"}],"curies":[{"name":"wp","href":"https:\/\/api.w.org\/{rel}","templated":true}]}}