{"id":14437,"date":"2026-04-25T17:50:28","date_gmt":"2026-04-25T17:50:28","guid":{"rendered":"https:\/\/gastora.eu\/?post_type=product&#038;p=14437"},"modified":"2026-04-28T16:56:31","modified_gmt":"2026-04-28T16:56:31","slug":"ptrin-spirale-ptrin-pte-30-l-18-kg-de-pte-2-vitesses-bol-amovible","status":"publish","type":"product","link":"https:\/\/gastora.eu\/en\/product\/ptrin-spirale-ptrin-pte-30-l-18-kg-de-pte-2-vitesses-bol-amovible\/","title":{"rendered":"P\u00e9trin \u00e0 spirale \/ p\u00e9trin \u00e0 p\u00e2te &#8211; 30 L &#8211; 18 kg de p\u00e2te &#8211; 2 vitesses &#8211; bol amovible"},"content":{"rendered":"<p>P\u00e9trir de grandes quantit\u00e9s de p\u00e2te \u00e0 la main demande beaucoup de temps et de travail manuel. Si vous investissez dans ce p\u00e9trin professionnel dans votre cuisine de restauration, vous pourrez facilement p\u00e9trir jusqu&#8217;\u00e0 18 kg de p\u00e2te. Cette fonction est utile dans les entreprises telles que les boulangeries, les supermarch\u00e9s ou les caf\u00e9s, qui fabriquent des produits de boulangerie tous les jours. Le bol de m\u00e9lange a une capacit\u00e9 de 30 litres et, comme le crochet p\u00e9trisseur, il tourne sur son axe, ce qui le rend parfait pour p\u00e9trir la p\u00e2te \u00e0 pain ou \u00e0 pizza.<\/p>\n<h3>S\u00fbr et facile \u00e0 utiliser<\/h3>\n<p>Les caract\u00e9ristiques de s\u00e9curit\u00e9 de cet appareil ont fait l&#8217;objet d&#8217;une attention particuli\u00e8re. Gr\u00e2ce \u00e0 la minuterie tr\u00e8s pratique, vous pouvez laisser le p\u00e9trin faire son travail. Il est \u00e9galement \u00e9quip\u00e9 d&#8217;un interrupteur de s\u00e9curit\u00e9 qui \u00e9teint automatiquement la machine en cas de surchauffe du moteur. En outre, ce p\u00e9trin est \u00e9quip\u00e9 d&#8217;une grille de s\u00e9curit\u00e9 qui sert \u00e0 fermer le bol de m\u00e9lange. Si la grille n&#8217;est pas compl\u00e8tement ferm\u00e9e, le p\u00e9trin ne d\u00e9marre pas. Les pieds en caoutchouc robustes garantissent que l&#8217;appareil reste en place pendant l&#8217;utilisation, tandis que l&#8217;entra\u00eenement par cha\u00eene de haute qualit\u00e9 se traduit par une plus grande long\u00e9vit\u00e9.<\/p>\n<h3>Nettoyage facile<\/h3>\n<p>Ce p\u00e9trin professionnel est fabriqu\u00e9 en m\u00e9tal avec un rev\u00eatement durable. Le bol de mixage et le crochet de p\u00e9trissage sont tous deux en acier inoxydable lisse. Ce choix de mat\u00e9riau permet non seulement \u00e0 l&#8217;appareil de conserver longtemps sa beaut\u00e9, mais il est \u00e9galement facile \u00e0 nettoyer. Pour ce faire, utilisez un chiffon humide et un d\u00e9tergent doux. Le bol de mixage est amovible, ce qui facilite encore le nettoyage. Apr\u00e8s le nettoyage, s\u00e9chez le tout avec un chiffon doux avant de r\u00e9utiliser l&#8217;appareil.<\/p>\n<p><strong>Caract\u00e9ristiques :<\/strong><\/p>\n<ul>\n<li>Robuste et lourd, le p\u00e9trin ne vibre pas pendant le fonctionnement<\/li>\n<li>Un moteur puissant et silencieux pour \u00e9viter les nuisances sonores<\/li>\n<li>Le bol amovible permet de retirer facilement la p\u00e2te<\/li>\n<li>Les pi\u00e8ces en acier inoxydable sont durables et faciles \u00e0 nettoyer<\/li>\n<li>La t\u00eate inclinable facilite l&#8217;ajout d&#8217;ingr\u00e9dients<\/li>\n<\/ul>\n<p><strong>Caract\u00e9ristiques du produit :<\/strong><\/p>\n<ul>\n<li>Poids net : 134 kg<\/li>\n<li>Capacit\u00e9 nette du bol : 33l<\/li>\n<li>Dimensions de l&#8217;appareil : L42 x P80 x H77.5cm<\/li>\n<li>Vitesse de rotation : 125 et 158RPM<\/li>\n<li>Vitesse du bol : 15 et 22RPM<\/li>\n<li>230 V \/ 50 Hz \/ 1 Fase 1500W<\/li>\n<\/ul>\n<p><strong>Capacit\u00e9 de production :<\/strong><\/p>\n<ul>\n<li>Max. 12kg de farine<\/li>\n<li>Max. 18kg de p\u00e2te<\/li>\n<li>Min. 4kg de p\u00e2te<\/li>\n<\/ul>","protected":false},"excerpt":{"rendered":"<p>Ce p\u00e9trin professionnel et silencieux, dot\u00e9 d&#8217;un bol de 30 litres, permet de p\u00e9trir toutes les p\u00e2tes, du pain \u00e0 la p\u00e2te \u00e0 pizza. Il est \u00e9quip\u00e9 d&#8217;une t\u00eate inclinable et d&#8217;un moteur puissant, ce qui vous garantit un p\u00e9trissage parfait. Il peut p\u00e9trir jusqu&#8217;\u00e0 18 kg de p\u00e2te et dispose de deux vitesses, ce qui le rend id\u00e9al pour les boulangeries, les supermarch\u00e9s et les caf\u00e9s qui cuisinent tous les jours.<\/p>","protected":false},"featured_media":7622,"template":"","meta":{"_acf_changed":false},"product_brand":[],"product_cat":[493],"product_tag":[],"class_list":{"0":"post-14437","1":"product","2":"type-product","3":"status-publish","4":"has-post-thumbnail","6":"product_cat-petrins-spirale-2","8":"first","9":"instock","10":"sale","11":"taxable","12":"shipping-taxable","13":"purchasable","14":"product-type-simple"},"acf":[],"yoast_head":"<!-- This site is optimized with the Yoast SEO plugin v27.4 - https:\/\/yoast.com\/product\/yoast-seo-wordpress\/ -->\n<title>P\u00e9trin \u00e0 spirale \/ p\u00e9trin \u00e0 p\u00e2te - 30 L - 18 kg de p\u00e2te - 2 vitesses - bol amovible - Gastora<\/title>\n<meta name=\"description\" content=\"Achetez P\u00e9trin \u00e0 spirale \/ p\u00e9trin \u00e0 p\u00e2te - 30 L - 18 kg de p\u00e2te - 2 vitesses - bol amovible au meilleur prix, fiable et performant avec une livraison rapide\" \/>\n<meta name=\"robots\" content=\"index, follow, max-snippet:-1, max-image-preview:large, max-video-preview:-1\" \/>\n<link rel=\"canonical\" href=\"https:\/\/gastora.eu\/en\/product\/ptrin-spirale-ptrin-pte-30-l-18-kg-de-pte-2-vitesses-bol-amovible\/\" \/>\n<meta property=\"og:locale\" content=\"en_US\" \/>\n<meta property=\"og:type\" content=\"article\" \/>\n<meta property=\"og:title\" content=\"P\u00e9trin \u00e0 spirale \/ p\u00e9trin \u00e0 p\u00e2te - 30 L - 18 kg de p\u00e2te - 2 vitesses - bol amovible - Gastora\" \/>\n<meta property=\"og:description\" content=\"Achetez P\u00e9trin \u00e0 spirale \/ p\u00e9trin \u00e0 p\u00e2te - 30 L - 18 kg de p\u00e2te - 2 vitesses - bol amovible au meilleur prix, fiable et performant avec une livraison rapide\" \/>\n<meta property=\"og:url\" content=\"https:\/\/gastora.eu\/en\/product\/ptrin-spirale-ptrin-pte-30-l-18-kg-de-pte-2-vitesses-bol-amovible\/\" \/>\n<meta property=\"og:site_name\" content=\"Gastora\" \/>\n<meta property=\"article:modified_time\" content=\"2026-04-28T16:56:31+00:00\" \/>\n<meta name=\"twitter:card\" content=\"summary_large_image\" \/>\n<meta name=\"twitter:label1\" content=\"Est. reading time\" \/>\n\t<meta name=\"twitter:data1\" content=\"2 minutes\" \/>\n<script type=\"application\/ld+json\" class=\"yoast-schema-graph\">{\"@context\":\"https:\\\/\\\/schema.org\",\"@graph\":[{\"@type\":\"WebPage\",\"@id\":\"https:\\\/\\\/gastora.eu\\\/product\\\/ptrin-spirale-ptrin-pte-30-l-18-kg-de-pte-2-vitesses-bol-amovible\\\/\",\"url\":\"https:\\\/\\\/gastora.eu\\\/product\\\/ptrin-spirale-ptrin-pte-30-l-18-kg-de-pte-2-vitesses-bol-amovible\\\/\",\"name\":\"P\u00e9trin \u00e0 spirale \\\/ p\u00e9trin \u00e0 p\u00e2te - 30 L - 18 kg de p\u00e2te - 2 vitesses - bol amovible - Gastora\",\"isPartOf\":{\"@id\":\"https:\\\/\\\/gastora.eu\\\/#website\"},\"primaryImageOfPage\":{\"@id\":\"https:\\\/\\\/gastora.eu\\\/product\\\/ptrin-spirale-ptrin-pte-30-l-18-kg-de-pte-2-vitesses-bol-amovible\\\/#primaryimage\"},\"image\":{\"@id\":\"https:\\\/\\\/gastora.eu\\\/product\\\/ptrin-spirale-ptrin-pte-30-l-18-kg-de-pte-2-vitesses-bol-amovible\\\/#primaryimage\"},\"thumbnailUrl\":\"https:\\\/\\\/gastora.eu\\\/wp-content\\\/uploads\\\/2026\\\/04\\\/sp-1052_1.jpg\",\"datePublished\":\"2026-04-25T17:50:28+00:00\",\"dateModified\":\"2026-04-28T16:56:31+00:00\",\"description\":\"Achetez P\u00e9trin \u00e0 spirale \\\/ p\u00e9trin \u00e0 p\u00e2te - 30 L - 18 kg de p\u00e2te - 2 vitesses - bol amovible au meilleur prix, fiable et performant avec une livraison rapide\",\"breadcrumb\":{\"@id\":\"https:\\\/\\\/gastora.eu\\\/product\\\/ptrin-spirale-ptrin-pte-30-l-18-kg-de-pte-2-vitesses-bol-amovible\\\/#breadcrumb\"},\"inLanguage\":\"en-US\",\"potentialAction\":[{\"@type\":\"ReadAction\",\"target\":[\"https:\\\/\\\/gastora.eu\\\/product\\\/ptrin-spirale-ptrin-pte-30-l-18-kg-de-pte-2-vitesses-bol-amovible\\\/\"]}]},{\"@type\":\"ImageObject\",\"inLanguage\":\"en-US\",\"@id\":\"https:\\\/\\\/gastora.eu\\\/product\\\/ptrin-spirale-ptrin-pte-30-l-18-kg-de-pte-2-vitesses-bol-amovible\\\/#primaryimage\",\"url\":\"https:\\\/\\\/gastora.eu\\\/wp-content\\\/uploads\\\/2026\\\/04\\\/sp-1052_1.jpg\",\"contentUrl\":\"https:\\\/\\\/gastora.eu\\\/wp-content\\\/uploads\\\/2026\\\/04\\\/sp-1052_1.jpg\",\"width\":1200,\"height\":1200},{\"@type\":\"BreadcrumbList\",\"@id\":\"https:\\\/\\\/gastora.eu\\\/product\\\/ptrin-spirale-ptrin-pte-30-l-18-kg-de-pte-2-vitesses-bol-amovible\\\/#breadcrumb\",\"itemListElement\":[{\"@type\":\"ListItem\",\"position\":1,\"name\":\"Home\",\"item\":\"https:\\\/\\\/gastora.eu\\\/\"},{\"@type\":\"ListItem\",\"position\":2,\"name\":\"Shop\",\"item\":\"https:\\\/\\\/gastora.eu\\\/shop\\\/\"},{\"@type\":\"ListItem\",\"position\":3,\"name\":\"P\u00e9trin \u00e0 spirale \\\/ p\u00e9trin \u00e0 p\u00e2te &#8211; 30 L &#8211; 18 kg de p\u00e2te &#8211; 2 vitesses &#8211; bol amovible\"}]},{\"@type\":\"WebSite\",\"@id\":\"https:\\\/\\\/gastora.eu\\\/#website\",\"url\":\"https:\\\/\\\/gastora.eu\\\/\",\"name\":\"Gastora\",\"description\":\"\u00c9quipements professionnels CHR\",\"publisher\":{\"@id\":\"https:\\\/\\\/gastora.eu\\\/#organization\"},\"potentialAction\":[{\"@type\":\"SearchAction\",\"target\":{\"@type\":\"EntryPoint\",\"urlTemplate\":\"https:\\\/\\\/gastora.eu\\\/?s={search_term_string}\"},\"query-input\":{\"@type\":\"PropertyValueSpecification\",\"valueRequired\":true,\"valueName\":\"search_term_string\"}}],\"inLanguage\":\"en-US\"},{\"@type\":\"Organization\",\"@id\":\"https:\\\/\\\/gastora.eu\\\/#organization\",\"name\":\"Gastora\",\"url\":\"https:\\\/\\\/gastora.eu\\\/\",\"logo\":{\"@type\":\"ImageObject\",\"inLanguage\":\"en-US\",\"@id\":\"https:\\\/\\\/gastora.eu\\\/#\\\/schema\\\/logo\\\/image\\\/\",\"url\":\"https:\\\/\\\/gastora.eu\\\/wp-content\\\/uploads\\\/2025\\\/12\\\/ChatGPT-Image-2-janv.-2026-22_52_47-1.png\",\"contentUrl\":\"https:\\\/\\\/gastora.eu\\\/wp-content\\\/uploads\\\/2025\\\/12\\\/ChatGPT-Image-2-janv.-2026-22_52_47-1.png\",\"width\":1536,\"height\":320,\"caption\":\"Gastora\"},\"image\":{\"@id\":\"https:\\\/\\\/gastora.eu\\\/#\\\/schema\\\/logo\\\/image\\\/\"}}]}<\/script>\n<!-- \/ Yoast SEO plugin. -->","yoast_head_json":{"title":"P\u00e9trin \u00e0 spirale \/ p\u00e9trin \u00e0 p\u00e2te - 30 L - 18 kg de p\u00e2te - 2 vitesses - bol amovible - Gastora","description":"Achetez P\u00e9trin \u00e0 spirale \/ p\u00e9trin \u00e0 p\u00e2te - 30 L - 18 kg de p\u00e2te - 2 vitesses - bol amovible au meilleur prix, fiable et performant avec une livraison rapide","robots":{"index":"index","follow":"follow","max-snippet":"max-snippet:-1","max-image-preview":"max-image-preview:large","max-video-preview":"max-video-preview:-1"},"canonical":"https:\/\/gastora.eu\/en\/product\/ptrin-spirale-ptrin-pte-30-l-18-kg-de-pte-2-vitesses-bol-amovible\/","og_locale":"en_US","og_type":"article","og_title":"P\u00e9trin \u00e0 spirale \/ p\u00e9trin \u00e0 p\u00e2te - 30 L - 18 kg de p\u00e2te - 2 vitesses - bol amovible - Gastora","og_description":"Achetez P\u00e9trin \u00e0 spirale \/ p\u00e9trin \u00e0 p\u00e2te - 30 L - 18 kg de p\u00e2te - 2 vitesses - bol amovible au meilleur prix, fiable et performant avec une livraison rapide","og_url":"https:\/\/gastora.eu\/en\/product\/ptrin-spirale-ptrin-pte-30-l-18-kg-de-pte-2-vitesses-bol-amovible\/","og_site_name":"Gastora","article_modified_time":"2026-04-28T16:56:31+00:00","twitter_card":"summary_large_image","twitter_misc":{"Est. reading time":"2 minutes"},"schema":{"@context":"https:\/\/schema.org","@graph":[{"@type":"WebPage","@id":"https:\/\/gastora.eu\/product\/ptrin-spirale-ptrin-pte-30-l-18-kg-de-pte-2-vitesses-bol-amovible\/","url":"https:\/\/gastora.eu\/product\/ptrin-spirale-ptrin-pte-30-l-18-kg-de-pte-2-vitesses-bol-amovible\/","name":"P\u00e9trin \u00e0 spirale \/ p\u00e9trin \u00e0 p\u00e2te - 30 L - 18 kg de p\u00e2te - 2 vitesses - bol amovible - Gastora","isPartOf":{"@id":"https:\/\/gastora.eu\/#website"},"primaryImageOfPage":{"@id":"https:\/\/gastora.eu\/product\/ptrin-spirale-ptrin-pte-30-l-18-kg-de-pte-2-vitesses-bol-amovible\/#primaryimage"},"image":{"@id":"https:\/\/gastora.eu\/product\/ptrin-spirale-ptrin-pte-30-l-18-kg-de-pte-2-vitesses-bol-amovible\/#primaryimage"},"thumbnailUrl":"https:\/\/gastora.eu\/wp-content\/uploads\/2026\/04\/sp-1052_1.jpg","datePublished":"2026-04-25T17:50:28+00:00","dateModified":"2026-04-28T16:56:31+00:00","description":"Achetez P\u00e9trin \u00e0 spirale \/ p\u00e9trin \u00e0 p\u00e2te - 30 L - 18 kg de p\u00e2te - 2 vitesses - bol amovible au meilleur prix, fiable et performant avec une livraison rapide","breadcrumb":{"@id":"https:\/\/gastora.eu\/product\/ptrin-spirale-ptrin-pte-30-l-18-kg-de-pte-2-vitesses-bol-amovible\/#breadcrumb"},"inLanguage":"en-US","potentialAction":[{"@type":"ReadAction","target":["https:\/\/gastora.eu\/product\/ptrin-spirale-ptrin-pte-30-l-18-kg-de-pte-2-vitesses-bol-amovible\/"]}]},{"@type":"ImageObject","inLanguage":"en-US","@id":"https:\/\/gastora.eu\/product\/ptrin-spirale-ptrin-pte-30-l-18-kg-de-pte-2-vitesses-bol-amovible\/#primaryimage","url":"https:\/\/gastora.eu\/wp-content\/uploads\/2026\/04\/sp-1052_1.jpg","contentUrl":"https:\/\/gastora.eu\/wp-content\/uploads\/2026\/04\/sp-1052_1.jpg","width":1200,"height":1200},{"@type":"BreadcrumbList","@id":"https:\/\/gastora.eu\/product\/ptrin-spirale-ptrin-pte-30-l-18-kg-de-pte-2-vitesses-bol-amovible\/#breadcrumb","itemListElement":[{"@type":"ListItem","position":1,"name":"Home","item":"https:\/\/gastora.eu\/"},{"@type":"ListItem","position":2,"name":"Shop","item":"https:\/\/gastora.eu\/shop\/"},{"@type":"ListItem","position":3,"name":"P\u00e9trin \u00e0 spirale \/ p\u00e9trin \u00e0 p\u00e2te &#8211; 30 L &#8211; 18 kg de p\u00e2te &#8211; 2 vitesses &#8211; bol amovible"}]},{"@type":"WebSite","@id":"https:\/\/gastora.eu\/#website","url":"https:\/\/gastora.eu\/","name":"Gastora","description":"\u00c9quipements professionnels CHR","publisher":{"@id":"https:\/\/gastora.eu\/#organization"},"potentialAction":[{"@type":"SearchAction","target":{"@type":"EntryPoint","urlTemplate":"https:\/\/gastora.eu\/?s={search_term_string}"},"query-input":{"@type":"PropertyValueSpecification","valueRequired":true,"valueName":"search_term_string"}}],"inLanguage":"en-US"},{"@type":"Organization","@id":"https:\/\/gastora.eu\/#organization","name":"Gastora","url":"https:\/\/gastora.eu\/","logo":{"@type":"ImageObject","inLanguage":"en-US","@id":"https:\/\/gastora.eu\/#\/schema\/logo\/image\/","url":"https:\/\/gastora.eu\/wp-content\/uploads\/2025\/12\/ChatGPT-Image-2-janv.-2026-22_52_47-1.png","contentUrl":"https:\/\/gastora.eu\/wp-content\/uploads\/2025\/12\/ChatGPT-Image-2-janv.-2026-22_52_47-1.png","width":1536,"height":320,"caption":"Gastora"},"image":{"@id":"https:\/\/gastora.eu\/#\/schema\/logo\/image\/"}}]}},"jetpack_sharing_enabled":true,"_links":{"self":[{"href":"https:\/\/gastora.eu\/en\/wp-json\/wp\/v2\/product\/14437","targetHints":{"allow":["GET"]}}],"collection":[{"href":"https:\/\/gastora.eu\/en\/wp-json\/wp\/v2\/product"}],"about":[{"href":"https:\/\/gastora.eu\/en\/wp-json\/wp\/v2\/types\/product"}],"wp:featuredmedia":[{"embeddable":true,"href":"https:\/\/gastora.eu\/en\/wp-json\/wp\/v2\/media\/7622"}],"wp:attachment":[{"href":"https:\/\/gastora.eu\/en\/wp-json\/wp\/v2\/media?parent=14437"}],"wp:term":[{"taxonomy":"product_brand","embeddable":true,"href":"https:\/\/gastora.eu\/en\/wp-json\/wp\/v2\/product_brand?post=14437"},{"taxonomy":"product_cat","embeddable":true,"href":"https:\/\/gastora.eu\/en\/wp-json\/wp\/v2\/product_cat?post=14437"},{"taxonomy":"product_tag","embeddable":true,"href":"https:\/\/gastora.eu\/en\/wp-json\/wp\/v2\/product_tag?post=14437"}],"curies":[{"name":"wp","href":"https:\/\/api.w.org\/{rel}","templated":true}]}}