{"id":14435,"date":"2026-04-25T17:50:26","date_gmt":"2026-04-25T17:50:26","guid":{"rendered":"https:\/\/gastora.eu\/?post_type=product&#038;p=14435"},"modified":"2026-04-28T16:56:31","modified_gmt":"2026-04-28T16:56:31","slug":"ptrin-spirale-ptrin-pte-200-l-120-kg-de-pte-2-vitesses-400v","status":"publish","type":"product","link":"https:\/\/gastora.eu\/en\/product\/ptrin-spirale-ptrin-pte-200-l-120-kg-de-pte-2-vitesses-400v\/","title":{"rendered":"P\u00e9trin \u00e0 spirale \/ p\u00e9trin \u00e0 p\u00e2te &#8211; 200 L &#8211; 120 kg de p\u00e2te &#8211; 2 vitesses &#8211; 400V"},"content":{"rendered":"<p>M\u00eame les travaux de p\u00e9trissage les plus lourds ne posent aucun probl\u00e8me \u00e0 ce puissant p\u00e9trin professionnel. Le bol de m\u00e9lange en acier inoxydable de 200 litres peut contenir jusqu&#8217;\u00e0 120 kg de p\u00e2te ou 75 kg de farine. Le crochet de p\u00e9trissage et le bol tournant sur leur axe, cet appareil p\u00e9trit tous les ingr\u00e9dients pour obtenir une p\u00e2te lisse.<\/p>\n<h3>Fonctionne \u00e0 deux vitesses<\/h3>\n<p>Ce p\u00e9trin est tr\u00e8s facile \u00e0 utiliser. Gr\u00e2ce au panneau de commande convivial, vous pouvez facilement r\u00e9gler la vitesse souhait\u00e9e. Le bol de mixage et le crochet de p\u00e9trissage ont chacun deux vitesses. L&#8217;appareil dispose d&#8217;un bouton qui permet d&#8217;inverser le sens de rotation du crochet. Cela permet au crochet d&#8217;avancer et de reculer. En plus d&#8217;\u00eatre facile \u00e0 utiliser, ce p\u00e9trin est \u00e9galement s\u00fbr. L&#8217;interrupteur de s\u00e9curit\u00e9 veille \u00e0 ce que le moteur ne surchauffe pas et s&#8217;\u00e9teint automatiquement par pr\u00e9caution. La protection contre les surcharges garantit que le bol de mixage ne peut pas \u00eatre charg\u00e9 avec trop d&#8217;ingr\u00e9dients. Le bol de mixage est \u00e9galement \u00e9quip\u00e9 d&#8217;une grille de protection. La grille de protection doit \u00eatre correctement ferm\u00e9e pour que la machine puisse fonctionner. Le p\u00e9trin est \u00e9quip\u00e9 d&#8217;un entra\u00eenement par courroie pour une plus grande long\u00e9vit\u00e9. Le p\u00e9trin est tr\u00e8s silencieux et ne vibre pas pendant l&#8217;utilisation gr\u00e2ce \u00e0 ses solides pieds r\u00e9glables.<\/p>\n<h3>Facile \u00e0 nettoyer<\/h3>\n<p>Si vous utilisez le p\u00e9trin de mani\u00e8re intensive, vous devrez \u00e9galement le nettoyer souvent. Gr\u00e2ce aux pi\u00e8ces en acier inoxydable et au bo\u00eetier en m\u00e9tal avec un rev\u00eatement durable, c&#8217;est une t\u00e2che facile. Pour ce faire, vous aurez besoin d&#8217;un chiffon humide et d&#8217;un d\u00e9tergent doux. Apr\u00e8s le nettoyage, s\u00e9chez soigneusement l&#8217;ensemble avec un chiffon doux.<\/p>\n<p><strong>Caract\u00e9ristiques<\/strong><\/p>\n<ul>\n<li>\u00c9quip\u00e9 d&#8217;une cha\u00eene d&#8217;entra\u00eenement et de courroies trap\u00e9zo\u00efdales<\/li>\n<li>Bo\u00eetier m\u00e9tallique avec rev\u00eatement durable<\/li>\n<li>Axe et spirale en acier inoxydable<\/li>\n<li>Comprend une minuterie lente et une minuterie rapide<\/li>\n<li>Protection en m\u00e9tal<\/li>\n<li>Mont\u00e9 sur roulettes et pieds r\u00e9glables<\/li>\n<\/ul>\n<p><strong>Caract\u00e9ristiques du produit<\/strong><\/p>\n<ul>\n<li>Poids net : 720 kg<\/li>\n<li>Capacit\u00e9 nette du bol : 196l<\/li>\n<li>Dimensions de l&#8217;appareil : L141 x P90,5 x H140,5cm<\/li>\n<li>Vitesses du crochet \u00e0 p\u00e2te : 112 et 252 tr\/min<\/li>\n<li>Vitesses du bol m\u00e9langeur : 16 RPM<\/li>\n<li>400V \/ 50Hz \/ 3 Phase 9000 W<\/li>\n<\/ul>\n<p><strong>Capacit\u00e9 de production :<\/strong><\/p>\n<ul>\n<li>Quantit\u00e9 max. de farine : 75kg<\/li>\n<li>Quantit\u00e9 max. de p\u00e2te : 120kg<\/li>\n<li>Quantit\u00e9 minimale de p\u00e2te : 45kg<\/li>\n<\/ul>","protected":false},"excerpt":{"rendered":"<p>Ce p\u00e9trin professionnel avec bol de 200 litres permet de p\u00e9trir jusqu&#8217;\u00e0 120 kg de p\u00e2te. Il est dot\u00e9 d&#8217;un panneau de commande facile \u00e0 utiliser, de deux vitesses, de minuteries et de plusieurs dispositifs de s\u00e9curit\u00e9 tels que des interrupteurs de s\u00e9curit\u00e9 et une grille de protection. Le p\u00e9trin est dot\u00e9 d&#8217;un bo\u00eetier m\u00e9tallique avec rev\u00eatement, d&#8217;un crochet en acier inoxydable et d&#8217;un bol de m\u00e9lange fixe.<\/p>","protected":false},"featured_media":7618,"template":"","meta":{"_acf_changed":false},"product_brand":[],"product_cat":[481],"product_tag":[],"class_list":{"0":"post-14435","1":"product","2":"type-product","3":"status-publish","4":"has-post-thumbnail","6":"product_cat-petrins-2","8":"first","9":"instock","10":"sale","11":"taxable","12":"shipping-taxable","13":"purchasable","14":"product-type-simple"},"acf":[],"yoast_head":"<!-- This site is optimized with the Yoast SEO plugin v27.6 - https:\/\/yoast.com\/product\/yoast-seo-wordpress\/ -->\n<title>P\u00e9trin \u00e0 spirale \/ p\u00e9trin \u00e0 p\u00e2te - 200 L - 120 kg de p\u00e2te - 2 vitesses - 400V - Gastora<\/title>\n<meta name=\"description\" content=\"Achetez P\u00e9trin \u00e0 spirale \/ p\u00e9trin \u00e0 p\u00e2te - 200 L - 120 kg de p\u00e2te - 2 vitesses - 400V au meilleur prix, fiable et performant avec une livraison rapide\" \/>\n<meta name=\"robots\" content=\"index, follow, max-snippet:-1, max-image-preview:large, max-video-preview:-1\" \/>\n<link rel=\"canonical\" href=\"https:\/\/gastora.eu\/en\/product\/ptrin-spirale-ptrin-pte-200-l-120-kg-de-pte-2-vitesses-400v\/\" \/>\n<meta property=\"og:locale\" content=\"en_US\" \/>\n<meta property=\"og:type\" content=\"article\" \/>\n<meta property=\"og:title\" content=\"P\u00e9trin \u00e0 spirale \/ p\u00e9trin \u00e0 p\u00e2te - 200 L - 120 kg de p\u00e2te - 2 vitesses - 400V - Gastora\" \/>\n<meta property=\"og:description\" content=\"Achetez P\u00e9trin \u00e0 spirale \/ p\u00e9trin \u00e0 p\u00e2te - 200 L - 120 kg de p\u00e2te - 2 vitesses - 400V au meilleur prix, fiable et performant avec une livraison rapide\" \/>\n<meta property=\"og:url\" content=\"https:\/\/gastora.eu\/en\/product\/ptrin-spirale-ptrin-pte-200-l-120-kg-de-pte-2-vitesses-400v\/\" \/>\n<meta property=\"og:site_name\" content=\"Gastora\" \/>\n<meta property=\"article:modified_time\" content=\"2026-04-28T16:56:31+00:00\" \/>\n<meta name=\"twitter:card\" content=\"summary_large_image\" \/>\n<meta name=\"twitter:label1\" content=\"Est. reading time\" \/>\n\t<meta name=\"twitter:data1\" content=\"2 minutes\" \/>\n<script type=\"application\/ld+json\" class=\"yoast-schema-graph\">{\"@context\":\"https:\\\/\\\/schema.org\",\"@graph\":[{\"@type\":\"WebPage\",\"@id\":\"https:\\\/\\\/gastora.eu\\\/product\\\/ptrin-spirale-ptrin-pte-200-l-120-kg-de-pte-2-vitesses-400v\\\/\",\"url\":\"https:\\\/\\\/gastora.eu\\\/product\\\/ptrin-spirale-ptrin-pte-200-l-120-kg-de-pte-2-vitesses-400v\\\/\",\"name\":\"P\u00e9trin \u00e0 spirale \\\/ p\u00e9trin \u00e0 p\u00e2te - 200 L - 120 kg de p\u00e2te - 2 vitesses - 400V - Gastora\",\"isPartOf\":{\"@id\":\"https:\\\/\\\/gastora.eu\\\/#website\"},\"primaryImageOfPage\":{\"@id\":\"https:\\\/\\\/gastora.eu\\\/product\\\/ptrin-spirale-ptrin-pte-200-l-120-kg-de-pte-2-vitesses-400v\\\/#primaryimage\"},\"image\":{\"@id\":\"https:\\\/\\\/gastora.eu\\\/product\\\/ptrin-spirale-ptrin-pte-200-l-120-kg-de-pte-2-vitesses-400v\\\/#primaryimage\"},\"thumbnailUrl\":\"https:\\\/\\\/gastora.eu\\\/wp-content\\\/uploads\\\/2026\\\/04\\\/1_msm-100_w38_3229_1.jpg\",\"datePublished\":\"2026-04-25T17:50:26+00:00\",\"dateModified\":\"2026-04-28T16:56:31+00:00\",\"description\":\"Achetez P\u00e9trin \u00e0 spirale \\\/ p\u00e9trin \u00e0 p\u00e2te - 200 L - 120 kg de p\u00e2te - 2 vitesses - 400V au meilleur prix, fiable et performant avec une livraison rapide\",\"breadcrumb\":{\"@id\":\"https:\\\/\\\/gastora.eu\\\/product\\\/ptrin-spirale-ptrin-pte-200-l-120-kg-de-pte-2-vitesses-400v\\\/#breadcrumb\"},\"inLanguage\":\"en-US\",\"potentialAction\":[{\"@type\":\"ReadAction\",\"target\":[\"https:\\\/\\\/gastora.eu\\\/product\\\/ptrin-spirale-ptrin-pte-200-l-120-kg-de-pte-2-vitesses-400v\\\/\"]}]},{\"@type\":\"ImageObject\",\"inLanguage\":\"en-US\",\"@id\":\"https:\\\/\\\/gastora.eu\\\/product\\\/ptrin-spirale-ptrin-pte-200-l-120-kg-de-pte-2-vitesses-400v\\\/#primaryimage\",\"url\":\"https:\\\/\\\/gastora.eu\\\/wp-content\\\/uploads\\\/2026\\\/04\\\/1_msm-100_w38_3229_1.jpg\",\"contentUrl\":\"https:\\\/\\\/gastora.eu\\\/wp-content\\\/uploads\\\/2026\\\/04\\\/1_msm-100_w38_3229_1.jpg\",\"width\":1200,\"height\":1200},{\"@type\":\"BreadcrumbList\",\"@id\":\"https:\\\/\\\/gastora.eu\\\/product\\\/ptrin-spirale-ptrin-pte-200-l-120-kg-de-pte-2-vitesses-400v\\\/#breadcrumb\",\"itemListElement\":[{\"@type\":\"ListItem\",\"position\":1,\"name\":\"Home\",\"item\":\"https:\\\/\\\/gastora.eu\\\/\"},{\"@type\":\"ListItem\",\"position\":2,\"name\":\"Shop\",\"item\":\"https:\\\/\\\/gastora.eu\\\/shop\\\/\"},{\"@type\":\"ListItem\",\"position\":3,\"name\":\"P\u00e9trin \u00e0 spirale \\\/ p\u00e9trin \u00e0 p\u00e2te &#8211; 200 L &#8211; 120 kg de p\u00e2te &#8211; 2 vitesses &#8211; 400V\"}]},{\"@type\":\"WebSite\",\"@id\":\"https:\\\/\\\/gastora.eu\\\/#website\",\"url\":\"https:\\\/\\\/gastora.eu\\\/\",\"name\":\"Gastora\",\"description\":\"\u00c9quipements professionnels CHR\",\"publisher\":{\"@id\":\"https:\\\/\\\/gastora.eu\\\/#organization\"},\"potentialAction\":[{\"@type\":\"SearchAction\",\"target\":{\"@type\":\"EntryPoint\",\"urlTemplate\":\"https:\\\/\\\/gastora.eu\\\/?s={search_term_string}\"},\"query-input\":{\"@type\":\"PropertyValueSpecification\",\"valueRequired\":true,\"valueName\":\"search_term_string\"}}],\"inLanguage\":\"en-US\"},{\"@type\":\"Organization\",\"@id\":\"https:\\\/\\\/gastora.eu\\\/#organization\",\"name\":\"Gastora\",\"url\":\"https:\\\/\\\/gastora.eu\\\/\",\"logo\":{\"@type\":\"ImageObject\",\"inLanguage\":\"en-US\",\"@id\":\"https:\\\/\\\/gastora.eu\\\/#\\\/schema\\\/logo\\\/image\\\/\",\"url\":\"https:\\\/\\\/gastora.eu\\\/wp-content\\\/uploads\\\/2025\\\/12\\\/ChatGPT-Image-2-janv.-2026-22_52_47-1.png\",\"contentUrl\":\"https:\\\/\\\/gastora.eu\\\/wp-content\\\/uploads\\\/2025\\\/12\\\/ChatGPT-Image-2-janv.-2026-22_52_47-1.png\",\"width\":1536,\"height\":320,\"caption\":\"Gastora\"},\"image\":{\"@id\":\"https:\\\/\\\/gastora.eu\\\/#\\\/schema\\\/logo\\\/image\\\/\"}}]}<\/script>\n<!-- \/ Yoast SEO plugin. -->","yoast_head_json":{"title":"P\u00e9trin \u00e0 spirale \/ p\u00e9trin \u00e0 p\u00e2te - 200 L - 120 kg de p\u00e2te - 2 vitesses - 400V - Gastora","description":"Achetez P\u00e9trin \u00e0 spirale \/ p\u00e9trin \u00e0 p\u00e2te - 200 L - 120 kg de p\u00e2te - 2 vitesses - 400V au meilleur prix, fiable et performant avec une livraison rapide","robots":{"index":"index","follow":"follow","max-snippet":"max-snippet:-1","max-image-preview":"max-image-preview:large","max-video-preview":"max-video-preview:-1"},"canonical":"https:\/\/gastora.eu\/en\/product\/ptrin-spirale-ptrin-pte-200-l-120-kg-de-pte-2-vitesses-400v\/","og_locale":"en_US","og_type":"article","og_title":"P\u00e9trin \u00e0 spirale \/ p\u00e9trin \u00e0 p\u00e2te - 200 L - 120 kg de p\u00e2te - 2 vitesses - 400V - Gastora","og_description":"Achetez P\u00e9trin \u00e0 spirale \/ p\u00e9trin \u00e0 p\u00e2te - 200 L - 120 kg de p\u00e2te - 2 vitesses - 400V au meilleur prix, fiable et performant avec une livraison rapide","og_url":"https:\/\/gastora.eu\/en\/product\/ptrin-spirale-ptrin-pte-200-l-120-kg-de-pte-2-vitesses-400v\/","og_site_name":"Gastora","article_modified_time":"2026-04-28T16:56:31+00:00","twitter_card":"summary_large_image","twitter_misc":{"Est. reading time":"2 minutes"},"schema":{"@context":"https:\/\/schema.org","@graph":[{"@type":"WebPage","@id":"https:\/\/gastora.eu\/product\/ptrin-spirale-ptrin-pte-200-l-120-kg-de-pte-2-vitesses-400v\/","url":"https:\/\/gastora.eu\/product\/ptrin-spirale-ptrin-pte-200-l-120-kg-de-pte-2-vitesses-400v\/","name":"P\u00e9trin \u00e0 spirale \/ p\u00e9trin \u00e0 p\u00e2te - 200 L - 120 kg de p\u00e2te - 2 vitesses - 400V - Gastora","isPartOf":{"@id":"https:\/\/gastora.eu\/#website"},"primaryImageOfPage":{"@id":"https:\/\/gastora.eu\/product\/ptrin-spirale-ptrin-pte-200-l-120-kg-de-pte-2-vitesses-400v\/#primaryimage"},"image":{"@id":"https:\/\/gastora.eu\/product\/ptrin-spirale-ptrin-pte-200-l-120-kg-de-pte-2-vitesses-400v\/#primaryimage"},"thumbnailUrl":"https:\/\/gastora.eu\/wp-content\/uploads\/2026\/04\/1_msm-100_w38_3229_1.jpg","datePublished":"2026-04-25T17:50:26+00:00","dateModified":"2026-04-28T16:56:31+00:00","description":"Achetez P\u00e9trin \u00e0 spirale \/ p\u00e9trin \u00e0 p\u00e2te - 200 L - 120 kg de p\u00e2te - 2 vitesses - 400V au meilleur prix, fiable et performant avec une livraison rapide","breadcrumb":{"@id":"https:\/\/gastora.eu\/product\/ptrin-spirale-ptrin-pte-200-l-120-kg-de-pte-2-vitesses-400v\/#breadcrumb"},"inLanguage":"en-US","potentialAction":[{"@type":"ReadAction","target":["https:\/\/gastora.eu\/product\/ptrin-spirale-ptrin-pte-200-l-120-kg-de-pte-2-vitesses-400v\/"]}]},{"@type":"ImageObject","inLanguage":"en-US","@id":"https:\/\/gastora.eu\/product\/ptrin-spirale-ptrin-pte-200-l-120-kg-de-pte-2-vitesses-400v\/#primaryimage","url":"https:\/\/gastora.eu\/wp-content\/uploads\/2026\/04\/1_msm-100_w38_3229_1.jpg","contentUrl":"https:\/\/gastora.eu\/wp-content\/uploads\/2026\/04\/1_msm-100_w38_3229_1.jpg","width":1200,"height":1200},{"@type":"BreadcrumbList","@id":"https:\/\/gastora.eu\/product\/ptrin-spirale-ptrin-pte-200-l-120-kg-de-pte-2-vitesses-400v\/#breadcrumb","itemListElement":[{"@type":"ListItem","position":1,"name":"Home","item":"https:\/\/gastora.eu\/"},{"@type":"ListItem","position":2,"name":"Shop","item":"https:\/\/gastora.eu\/shop\/"},{"@type":"ListItem","position":3,"name":"P\u00e9trin \u00e0 spirale \/ p\u00e9trin \u00e0 p\u00e2te &#8211; 200 L &#8211; 120 kg de p\u00e2te &#8211; 2 vitesses &#8211; 400V"}]},{"@type":"WebSite","@id":"https:\/\/gastora.eu\/#website","url":"https:\/\/gastora.eu\/","name":"Gastora","description":"\u00c9quipements professionnels CHR","publisher":{"@id":"https:\/\/gastora.eu\/#organization"},"potentialAction":[{"@type":"SearchAction","target":{"@type":"EntryPoint","urlTemplate":"https:\/\/gastora.eu\/?s={search_term_string}"},"query-input":{"@type":"PropertyValueSpecification","valueRequired":true,"valueName":"search_term_string"}}],"inLanguage":"en-US"},{"@type":"Organization","@id":"https:\/\/gastora.eu\/#organization","name":"Gastora","url":"https:\/\/gastora.eu\/","logo":{"@type":"ImageObject","inLanguage":"en-US","@id":"https:\/\/gastora.eu\/#\/schema\/logo\/image\/","url":"https:\/\/gastora.eu\/wp-content\/uploads\/2025\/12\/ChatGPT-Image-2-janv.-2026-22_52_47-1.png","contentUrl":"https:\/\/gastora.eu\/wp-content\/uploads\/2025\/12\/ChatGPT-Image-2-janv.-2026-22_52_47-1.png","width":1536,"height":320,"caption":"Gastora"},"image":{"@id":"https:\/\/gastora.eu\/#\/schema\/logo\/image\/"}}]}},"jetpack_sharing_enabled":true,"_links":{"self":[{"href":"https:\/\/gastora.eu\/en\/wp-json\/wp\/v2\/product\/14435","targetHints":{"allow":["GET"]}}],"collection":[{"href":"https:\/\/gastora.eu\/en\/wp-json\/wp\/v2\/product"}],"about":[{"href":"https:\/\/gastora.eu\/en\/wp-json\/wp\/v2\/types\/product"}],"wp:featuredmedia":[{"embeddable":true,"href":"https:\/\/gastora.eu\/en\/wp-json\/wp\/v2\/media\/7618"}],"wp:attachment":[{"href":"https:\/\/gastora.eu\/en\/wp-json\/wp\/v2\/media?parent=14435"}],"wp:term":[{"taxonomy":"product_brand","embeddable":true,"href":"https:\/\/gastora.eu\/en\/wp-json\/wp\/v2\/product_brand?post=14435"},{"taxonomy":"product_cat","embeddable":true,"href":"https:\/\/gastora.eu\/en\/wp-json\/wp\/v2\/product_cat?post=14435"},{"taxonomy":"product_tag","embeddable":true,"href":"https:\/\/gastora.eu\/en\/wp-json\/wp\/v2\/product_tag?post=14435"}],"curies":[{"name":"wp","href":"https:\/\/api.w.org\/{rel}","templated":true}]}}