{"id":14432,"date":"2026-04-25T17:50:22","date_gmt":"2026-04-25T17:50:22","guid":{"rendered":"https:\/\/gastora.eu\/?post_type=product&#038;p=14432"},"modified":"2026-04-28T16:56:31","modified_gmt":"2026-04-28T16:56:31","slug":"clippeuse-saucisses-manuel-excl-les-u-clips","status":"publish","type":"product","link":"https:\/\/gastora.eu\/en\/product\/clippeuse-saucisses-manuel-excl-les-u-clips\/","title":{"rendered":"Clippeuse \u00e0 saucisses &#8211; manuel &#8211; excl les U-clips"},"content":{"rendered":"<p>Les saucisses bien emball\u00e9es sont tr\u00e8s attrayantes dans la vitrine r\u00e9frig\u00e9r\u00e9e d&#8217;une boucherie ou d&#8217;un steakhouse. Avec cette pince \u00e0 saucisses, vous pouvez fermer les saucisses rapidement et facilement des deux c\u00f4t\u00e9s \u00e0 l&#8217;aide d&#8217;un clip. Cet outil pratique convient aux bouchers, aux transformateurs de viande ou \u00e0 l&#8217;industrie de la viande o\u00f9 l&#8217;on fabrique des saucisses artisanales. La pince \u00e0 saucisses peut \u00e9galement \u00eatre utilis\u00e9e pour fermer les filets \u00e0 viande et les sacs en plastique.<\/p>\n<h3>Tondeuse \u00e0 saucisses facile \u00e0 utiliser<\/h3>\n<p>Cette pince \u00e0 saucisses est tr\u00e8s facile \u00e0 utiliser. Avant de sceller les saucisses, il faut d&#8217;abord glisser les clips en forme de U sur le rail. Ins\u00e9rez ensuite la saucisse fra\u00eeche dans la pince \u00e0 saucisses et abaissez le levier. Le clip en U se referme autour de la saucisse et la scelle. Proc\u00e9dez ainsi pour les deux extr\u00e9mit\u00e9s de la saucisse. Vous pouvez facilement r\u00e9gler la force de pression \u00e0 l&#8217;aide du cadran. Les clips en U doivent \u00eatre command\u00e9s s\u00e9par\u00e9ment.<\/p>\n<h3>Facile \u00e0 nettoyer<\/h3>\n<p>Cette tondeuse \u00e0 saucisses professionnelle et robuste est fabriqu\u00e9e en acier inoxydable, ce qui la rend facile \u00e0 nettoyer. Un chiffon humide et un d\u00e9tergent doux suffisent \u00e0 nettoyer toutes les surfaces. Gr\u00e2ce \u00e0 sa large base, la tondeuse \u00e0 saucisses est tr\u00e8s stable lorsqu&#8217;elle est utilis\u00e9e.<\/p>\n<p><strong>Caract\u00e9ristiques<\/strong><\/p>\n<ul>\n<li>Enti\u00e8rement fabriqu\u00e9e en acier inoxydable<\/li>\n<li>Large base pour une stabilit\u00e9 optimale de l&#8217;appareil<\/li>\n<li>Fonctionnement simple gr\u00e2ce \u00e0 l&#8217;utilisation manuelle<\/li>\n<li>La force de pression des pinces peut \u00eatre r\u00e9gl\u00e9e \u00e0 l&#8217;aide d&#8217;un bouton<\/li>\n<li>Il peut \u00e9galement \u00eatre utilis\u00e9 pour fermer des sacs ou des filets en plastique<\/li>\n<\/ul>\n<p><strong>Caract\u00e9ristiques du produit<\/strong><\/p>\n<ul>\n<li>Poids du filet : 11,9 kg<\/li>\n<li>Dimensions du clip en forme de U : L11,7 x P11,8 x H2,1mm<\/li>\n<li>Dimensions de l&#8217;appareil : B36 x D18 x H56cm<\/li>\n<\/ul>","protected":false},"excerpt":{"rendered":"<p>Cette pince \u00e0 saucisse manuelle pratique permet de fermer facilement les extr\u00e9mit\u00e9s de la saucisse. Cette pince \u00e0 saucisses en acier inoxydable utilise des pinces en forme de U et vous pouvez r\u00e9gler la force de pression des pinces \u00e0 l&#8217;aide d&#8217;un bouton. Vous pouvez l&#8217;utiliser pour couper des saucisses, mais aussi pour fermer des sacs en plastique ou des filets.<\/p>","protected":false},"featured_media":7612,"template":"","meta":{"_acf_changed":false},"product_brand":[],"product_cat":[41],"product_tag":[],"class_list":{"0":"post-14432","1":"product","2":"type-product","3":"status-publish","4":"has-post-thumbnail","6":"product_cat-preparation","8":"first","9":"instock","10":"sale","11":"taxable","12":"shipping-taxable","13":"purchasable","14":"product-type-simple"},"acf":[],"yoast_head":"<!-- This site is optimized with the Yoast SEO plugin v27.5 - https:\/\/yoast.com\/product\/yoast-seo-wordpress\/ -->\n<title>Clippeuse \u00e0 saucisses - manuel - excl les U-clips - Gastora<\/title>\n<meta name=\"description\" content=\"Achetez Clippeuse \u00e0 saucisses - manuel - excl les U-clips au meilleur prix, fiable et performant avec une livraison rapide\" \/>\n<meta name=\"robots\" content=\"index, follow, max-snippet:-1, max-image-preview:large, max-video-preview:-1\" \/>\n<link rel=\"canonical\" href=\"https:\/\/gastora.eu\/en\/product\/clippeuse-saucisses-manuel-excl-les-u-clips\/\" \/>\n<meta property=\"og:locale\" content=\"en_US\" \/>\n<meta property=\"og:type\" content=\"article\" \/>\n<meta property=\"og:title\" content=\"Clippeuse \u00e0 saucisses - manuel - excl les U-clips - Gastora\" \/>\n<meta property=\"og:description\" content=\"Achetez Clippeuse \u00e0 saucisses - manuel - excl les U-clips au meilleur prix, fiable et performant avec une livraison rapide\" \/>\n<meta property=\"og:url\" content=\"https:\/\/gastora.eu\/en\/product\/clippeuse-saucisses-manuel-excl-les-u-clips\/\" \/>\n<meta property=\"og:site_name\" content=\"Gastora\" \/>\n<meta property=\"article:modified_time\" content=\"2026-04-28T16:56:31+00:00\" \/>\n<meta name=\"twitter:card\" content=\"summary_large_image\" \/>\n<meta name=\"twitter:label1\" content=\"Est. reading time\" \/>\n\t<meta name=\"twitter:data1\" content=\"2 minutes\" \/>\n<script type=\"application\/ld+json\" class=\"yoast-schema-graph\">{\"@context\":\"https:\\\/\\\/schema.org\",\"@graph\":[{\"@type\":\"WebPage\",\"@id\":\"https:\\\/\\\/gastora.eu\\\/product\\\/clippeuse-saucisses-manuel-excl-les-u-clips\\\/\",\"url\":\"https:\\\/\\\/gastora.eu\\\/product\\\/clippeuse-saucisses-manuel-excl-les-u-clips\\\/\",\"name\":\"Clippeuse \u00e0 saucisses - manuel - excl les U-clips - Gastora\",\"isPartOf\":{\"@id\":\"https:\\\/\\\/gastora.eu\\\/#website\"},\"primaryImageOfPage\":{\"@id\":\"https:\\\/\\\/gastora.eu\\\/product\\\/clippeuse-saucisses-manuel-excl-les-u-clips\\\/#primaryimage\"},\"image\":{\"@id\":\"https:\\\/\\\/gastora.eu\\\/product\\\/clippeuse-saucisses-manuel-excl-les-u-clips\\\/#primaryimage\"},\"thumbnailUrl\":\"https:\\\/\\\/gastora.eu\\\/wp-content\\\/uploads\\\/2026\\\/04\\\/sp-005-61656f7f67b67.jpg\",\"datePublished\":\"2026-04-25T17:50:22+00:00\",\"dateModified\":\"2026-04-28T16:56:31+00:00\",\"description\":\"Achetez Clippeuse \u00e0 saucisses - manuel - excl les U-clips au meilleur prix, fiable et performant avec une livraison rapide\",\"breadcrumb\":{\"@id\":\"https:\\\/\\\/gastora.eu\\\/product\\\/clippeuse-saucisses-manuel-excl-les-u-clips\\\/#breadcrumb\"},\"inLanguage\":\"en-US\",\"potentialAction\":[{\"@type\":\"ReadAction\",\"target\":[\"https:\\\/\\\/gastora.eu\\\/product\\\/clippeuse-saucisses-manuel-excl-les-u-clips\\\/\"]}]},{\"@type\":\"ImageObject\",\"inLanguage\":\"en-US\",\"@id\":\"https:\\\/\\\/gastora.eu\\\/product\\\/clippeuse-saucisses-manuel-excl-les-u-clips\\\/#primaryimage\",\"url\":\"https:\\\/\\\/gastora.eu\\\/wp-content\\\/uploads\\\/2026\\\/04\\\/sp-005-61656f7f67b67.jpg\",\"contentUrl\":\"https:\\\/\\\/gastora.eu\\\/wp-content\\\/uploads\\\/2026\\\/04\\\/sp-005-61656f7f67b67.jpg\",\"width\":2048,\"height\":2048},{\"@type\":\"BreadcrumbList\",\"@id\":\"https:\\\/\\\/gastora.eu\\\/product\\\/clippeuse-saucisses-manuel-excl-les-u-clips\\\/#breadcrumb\",\"itemListElement\":[{\"@type\":\"ListItem\",\"position\":1,\"name\":\"Home\",\"item\":\"https:\\\/\\\/gastora.eu\\\/\"},{\"@type\":\"ListItem\",\"position\":2,\"name\":\"Shop\",\"item\":\"https:\\\/\\\/gastora.eu\\\/shop\\\/\"},{\"@type\":\"ListItem\",\"position\":3,\"name\":\"Clippeuse \u00e0 saucisses &#8211; manuel &#8211; excl les U-clips\"}]},{\"@type\":\"WebSite\",\"@id\":\"https:\\\/\\\/gastora.eu\\\/#website\",\"url\":\"https:\\\/\\\/gastora.eu\\\/\",\"name\":\"Gastora\",\"description\":\"\u00c9quipements professionnels CHR\",\"publisher\":{\"@id\":\"https:\\\/\\\/gastora.eu\\\/#organization\"},\"potentialAction\":[{\"@type\":\"SearchAction\",\"target\":{\"@type\":\"EntryPoint\",\"urlTemplate\":\"https:\\\/\\\/gastora.eu\\\/?s={search_term_string}\"},\"query-input\":{\"@type\":\"PropertyValueSpecification\",\"valueRequired\":true,\"valueName\":\"search_term_string\"}}],\"inLanguage\":\"en-US\"},{\"@type\":\"Organization\",\"@id\":\"https:\\\/\\\/gastora.eu\\\/#organization\",\"name\":\"Gastora\",\"url\":\"https:\\\/\\\/gastora.eu\\\/\",\"logo\":{\"@type\":\"ImageObject\",\"inLanguage\":\"en-US\",\"@id\":\"https:\\\/\\\/gastora.eu\\\/#\\\/schema\\\/logo\\\/image\\\/\",\"url\":\"https:\\\/\\\/gastora.eu\\\/wp-content\\\/uploads\\\/2025\\\/12\\\/ChatGPT-Image-2-janv.-2026-22_52_47-1.png\",\"contentUrl\":\"https:\\\/\\\/gastora.eu\\\/wp-content\\\/uploads\\\/2025\\\/12\\\/ChatGPT-Image-2-janv.-2026-22_52_47-1.png\",\"width\":1536,\"height\":320,\"caption\":\"Gastora\"},\"image\":{\"@id\":\"https:\\\/\\\/gastora.eu\\\/#\\\/schema\\\/logo\\\/image\\\/\"}}]}<\/script>\n<!-- \/ Yoast SEO plugin. -->","yoast_head_json":{"title":"Clippeuse \u00e0 saucisses - manuel - excl les U-clips - Gastora","description":"Achetez Clippeuse \u00e0 saucisses - manuel - excl les U-clips au meilleur prix, fiable et performant avec une livraison rapide","robots":{"index":"index","follow":"follow","max-snippet":"max-snippet:-1","max-image-preview":"max-image-preview:large","max-video-preview":"max-video-preview:-1"},"canonical":"https:\/\/gastora.eu\/en\/product\/clippeuse-saucisses-manuel-excl-les-u-clips\/","og_locale":"en_US","og_type":"article","og_title":"Clippeuse \u00e0 saucisses - manuel - excl les U-clips - Gastora","og_description":"Achetez Clippeuse \u00e0 saucisses - manuel - excl les U-clips au meilleur prix, fiable et performant avec une livraison rapide","og_url":"https:\/\/gastora.eu\/en\/product\/clippeuse-saucisses-manuel-excl-les-u-clips\/","og_site_name":"Gastora","article_modified_time":"2026-04-28T16:56:31+00:00","twitter_card":"summary_large_image","twitter_misc":{"Est. reading time":"2 minutes"},"schema":{"@context":"https:\/\/schema.org","@graph":[{"@type":"WebPage","@id":"https:\/\/gastora.eu\/product\/clippeuse-saucisses-manuel-excl-les-u-clips\/","url":"https:\/\/gastora.eu\/product\/clippeuse-saucisses-manuel-excl-les-u-clips\/","name":"Clippeuse \u00e0 saucisses - manuel - excl les U-clips - Gastora","isPartOf":{"@id":"https:\/\/gastora.eu\/#website"},"primaryImageOfPage":{"@id":"https:\/\/gastora.eu\/product\/clippeuse-saucisses-manuel-excl-les-u-clips\/#primaryimage"},"image":{"@id":"https:\/\/gastora.eu\/product\/clippeuse-saucisses-manuel-excl-les-u-clips\/#primaryimage"},"thumbnailUrl":"https:\/\/gastora.eu\/wp-content\/uploads\/2026\/04\/sp-005-61656f7f67b67.jpg","datePublished":"2026-04-25T17:50:22+00:00","dateModified":"2026-04-28T16:56:31+00:00","description":"Achetez Clippeuse \u00e0 saucisses - manuel - excl les U-clips au meilleur prix, fiable et performant avec une livraison rapide","breadcrumb":{"@id":"https:\/\/gastora.eu\/product\/clippeuse-saucisses-manuel-excl-les-u-clips\/#breadcrumb"},"inLanguage":"en-US","potentialAction":[{"@type":"ReadAction","target":["https:\/\/gastora.eu\/product\/clippeuse-saucisses-manuel-excl-les-u-clips\/"]}]},{"@type":"ImageObject","inLanguage":"en-US","@id":"https:\/\/gastora.eu\/product\/clippeuse-saucisses-manuel-excl-les-u-clips\/#primaryimage","url":"https:\/\/gastora.eu\/wp-content\/uploads\/2026\/04\/sp-005-61656f7f67b67.jpg","contentUrl":"https:\/\/gastora.eu\/wp-content\/uploads\/2026\/04\/sp-005-61656f7f67b67.jpg","width":2048,"height":2048},{"@type":"BreadcrumbList","@id":"https:\/\/gastora.eu\/product\/clippeuse-saucisses-manuel-excl-les-u-clips\/#breadcrumb","itemListElement":[{"@type":"ListItem","position":1,"name":"Home","item":"https:\/\/gastora.eu\/"},{"@type":"ListItem","position":2,"name":"Shop","item":"https:\/\/gastora.eu\/shop\/"},{"@type":"ListItem","position":3,"name":"Clippeuse \u00e0 saucisses &#8211; manuel &#8211; excl les U-clips"}]},{"@type":"WebSite","@id":"https:\/\/gastora.eu\/#website","url":"https:\/\/gastora.eu\/","name":"Gastora","description":"\u00c9quipements professionnels CHR","publisher":{"@id":"https:\/\/gastora.eu\/#organization"},"potentialAction":[{"@type":"SearchAction","target":{"@type":"EntryPoint","urlTemplate":"https:\/\/gastora.eu\/?s={search_term_string}"},"query-input":{"@type":"PropertyValueSpecification","valueRequired":true,"valueName":"search_term_string"}}],"inLanguage":"en-US"},{"@type":"Organization","@id":"https:\/\/gastora.eu\/#organization","name":"Gastora","url":"https:\/\/gastora.eu\/","logo":{"@type":"ImageObject","inLanguage":"en-US","@id":"https:\/\/gastora.eu\/#\/schema\/logo\/image\/","url":"https:\/\/gastora.eu\/wp-content\/uploads\/2025\/12\/ChatGPT-Image-2-janv.-2026-22_52_47-1.png","contentUrl":"https:\/\/gastora.eu\/wp-content\/uploads\/2025\/12\/ChatGPT-Image-2-janv.-2026-22_52_47-1.png","width":1536,"height":320,"caption":"Gastora"},"image":{"@id":"https:\/\/gastora.eu\/#\/schema\/logo\/image\/"}}]}},"jetpack_sharing_enabled":true,"_links":{"self":[{"href":"https:\/\/gastora.eu\/en\/wp-json\/wp\/v2\/product\/14432","targetHints":{"allow":["GET"]}}],"collection":[{"href":"https:\/\/gastora.eu\/en\/wp-json\/wp\/v2\/product"}],"about":[{"href":"https:\/\/gastora.eu\/en\/wp-json\/wp\/v2\/types\/product"}],"wp:featuredmedia":[{"embeddable":true,"href":"https:\/\/gastora.eu\/en\/wp-json\/wp\/v2\/media\/7612"}],"wp:attachment":[{"href":"https:\/\/gastora.eu\/en\/wp-json\/wp\/v2\/media?parent=14432"}],"wp:term":[{"taxonomy":"product_brand","embeddable":true,"href":"https:\/\/gastora.eu\/en\/wp-json\/wp\/v2\/product_brand?post=14432"},{"taxonomy":"product_cat","embeddable":true,"href":"https:\/\/gastora.eu\/en\/wp-json\/wp\/v2\/product_cat?post=14432"},{"taxonomy":"product_tag","embeddable":true,"href":"https:\/\/gastora.eu\/en\/wp-json\/wp\/v2\/product_tag?post=14432"}],"curies":[{"name":"wp","href":"https:\/\/api.w.org\/{rel}","templated":true}]}}