{"id":14427,"date":"2026-04-25T17:50:15","date_gmt":"2026-04-25T17:50:15","guid":{"rendered":"https:\/\/gastora.eu\/?post_type=product&#038;p=14427"},"modified":"2026-04-28T16:56:30","modified_gmt":"2026-04-28T16:56:30","slug":"marmite-420-l-indirecte-lectrique-400v","status":"publish","type":"product","link":"https:\/\/gastora.eu\/en\/product\/marmite-420-l-indirecte-lectrique-400v\/","title":{"rendered":"Marmite &#8211; 420 L &#8211; indirecte &#8211; \u00e9lectrique &#8211; 400V"},"content":{"rendered":"<p>Dans les cuisines professionnelles o\u00f9 une grande capacit\u00e9 de cuisson est n\u00e9cessaire, cette marmite de qualit\u00e9 sup\u00e9rieure trouve sa place. Dans cette marmite, vous pouvez cuire, pocher et cuire au four un large \u00e9ventail d&#8217;aliments diff\u00e9rents. Elle a \u00e9t\u00e9 con\u00e7ue pour rendre la cuisson plus efficace. Par exemple, elle est dot\u00e9e d&#8217;un grand robinet d&#8217;\u00e9coulement pour \u00e9goutter les plats liquides, ainsi que de larges boutons de commande et d&#8217;un indicateur de pression facile \u00e0 lire.<\/p>\n<h3>Syst\u00e8me de chauffage indirect<\/h3>\n<p>Cette marmite fonctionne sur courant \u00e9lectrique (400V). La double paroi int\u00e9rieure peut \u00eatre remplie d&#8217;eau et la source de chaleur est situ\u00e9e directement sous la chaudi\u00e8re. Il en r\u00e9sulte un syst\u00e8me de chauffage indirect tr\u00e8s efficace. Le thermostat de s\u00e9curit\u00e9 prot\u00e8ge contre un niveau d&#8217;eau trop bas afin que les plats ne br\u00fblent pas rapidement. Cette marmite est donc parfaite pour les plats liquides ou les aliments que vous cuisez dans l&#8217;eau, comme le riz, les pommes de terre, la viande et les l\u00e9gumes. Gr\u00e2ce au mat\u00e9riau isolant suppl\u00e9mentaire, la perte de chaleur et la consommation d&#8217;\u00e9nergie sont \u00e9galement r\u00e9duites au minimum.<\/p>\n<h3>Facile \u00e0 utiliser<\/h3>\n<p>Avec ses 405 kg, il s&#8217;agit d&#8217;un appareil de cuisson lourd, mais qui reste tr\u00e8s facile \u00e0 utiliser. Le couvercle \u00e0 double couche est dot\u00e9 d&#8217;une grande poign\u00e9e et d&#8217;un m\u00e9canisme d&#8217;ouverture avec contrepoids, ce qui permet une ouverture et une fermeture en douceur. Le manom\u00e8tre est plac\u00e9 sur le dessus de l&#8217;appareil, ce qui permet de lire clairement la pression. La facilit\u00e9 de nettoyage est un \u00e9l\u00e9ment important de la facilit\u00e9 d&#8217;utilisation. L&#8217;int\u00e9rieur est rond et, gr\u00e2ce \u00e0 l&#8217;acier inoxydable, il pr\u00e9sente une finition lisse partout. Une marmite \u00e0 bouillir a \u00e9galement besoin d&#8217;un robinet de vidange pratique pour \u00e9vacuer le liquide sans probl\u00e8me. Ce robinet n&#8217;est pas seulement utile pour \u00e9vacuer l&#8217;eau de cuisson, mais il est \u00e9galement tr\u00e8s pratique lors du nettoyage.<\/p>\n<p><strong>Caract\u00e9ristiques<\/strong><\/p>\n<ul>\n<li>Marmite ronde en acier inoxydable pour un nettoyage rapide<\/li>\n<li>Isolation suppl\u00e9mentaire de l&#8217;ensemble de la chaudi\u00e8re pour des co\u00fbts \u00e9nerg\u00e9tiques minimaux<\/li>\n<li>Syst\u00e8me de chauffage indirect avec de la vapeur satur\u00e9e jusqu&#8217;\u00e0 110\u00b0C<\/li>\n<li>Soupape de s\u00e9curit\u00e9 pour \u00e9viter les surpressions<\/li>\n<li>Manom\u00e8tre clairement lisible<\/li>\n<li>R\u00e9gulation de l&#8217;\u00e9nergie \u00e0 l&#8217;aide d&#8217;un bouton de commande<\/li>\n<li>\u00c9quip\u00e9 d&#8217;un robinet de vidange pour faciliter l&#8217;\u00e9limination des aliments<\/li>\n<li>Comprend une soupape externe pour l&#8217;\u00e9vacuation de l&#8217;air exc\u00e9dentaire<\/li>\n<li>Construction durable<\/li>\n<li>Conception hygi\u00e9nique<\/li>\n<\/ul>\n<p><strong>Caract\u00e9ristiques du produit<\/strong><\/p>\n<ul>\n<li>Poids net : 178,4 kg<\/li>\n<li>Capacit\u00e9 nette : 420 litres<\/li>\n<li>Dimensions de l&#8217;appareil : L110 x P123,5 x H102cm<\/li>\n<li>Puissance \u00e9lectrique totale : 36,0 kW<\/li>\n<li>Puissance : 420V \/ 50Hz \/ 3 Phase 36000W<\/li>\n<\/ul>\n<p><strong>Ce produit est fourni sans prise.<\/strong><\/p>\n<div id=\"description\" class=\"data item content\" aria-labelledby=\"tab-label-description-title\" data-role=\"content\">\n<div class=\"item-content-inner\">\n<div class=\"product attribute description\">\n<div class=\"value\">\n<p><em><strong>Remarque : Le produit illustr\u00e9 peut diff\u00e9rer l\u00e9g\u00e8rement du mod\u00e8le r\u00e9el<\/strong><\/em><\/p>\n<\/div>\n<\/div>\n<\/div>\n<\/div>\n<div id=\"tab-label-pros.cons.tab\" class=\"data item title\"><\/div>","protected":false},"excerpt":{"rendered":"<p>Avec cette marmite en acier inoxydable de 420 litres, vous disposez toujours d&#8217;une capacit\u00e9 suffisante pour cuire, cuire au four ou pocher divers ingr\u00e9dients. Gr\u00e2ce \u00e0 son syst\u00e8me de chauffage indirect, cette marmite \u00e9lectrique est id\u00e9ale pour pr\u00e9parer des plats liquides. Elle a \u00e9t\u00e9 enti\u00e8rement fabriqu\u00e9e en acier inoxydable et est \u00e9quip\u00e9e d&#8217;un robinet de vidange tr\u00e8s pratique.<\/p>","protected":false},"featured_media":7602,"template":"","meta":{"_acf_changed":false},"product_brand":[],"product_cat":[495],"product_tag":[],"class_list":{"0":"post-14427","1":"product","2":"type-product","3":"status-publish","4":"has-post-thumbnail","6":"product_cat-plaques-pianos-de-cuisson-2","8":"first","9":"instock","10":"sale","11":"taxable","12":"shipping-taxable","13":"purchasable","14":"product-type-simple"},"acf":[],"yoast_head":"<!-- This site is optimized with the Yoast SEO plugin v27.5 - https:\/\/yoast.com\/product\/yoast-seo-wordpress\/ -->\n<title>Marmite - 420 L - indirecte - \u00e9lectrique - 400V - Gastora<\/title>\n<meta name=\"description\" content=\"Achetez Marmite - 420 L - indirecte - \u00e9lectrique - 400V au meilleur prix, fiable et performant avec une livraison rapide\" \/>\n<meta name=\"robots\" content=\"index, follow, max-snippet:-1, max-image-preview:large, max-video-preview:-1\" \/>\n<link rel=\"canonical\" href=\"https:\/\/gastora.eu\/en\/product\/marmite-420-l-indirecte-lectrique-400v\/\" \/>\n<meta property=\"og:locale\" content=\"en_US\" \/>\n<meta property=\"og:type\" content=\"article\" \/>\n<meta property=\"og:title\" content=\"Marmite - 420 L - indirecte - \u00e9lectrique - 400V - Gastora\" \/>\n<meta property=\"og:description\" content=\"Achetez Marmite - 420 L - indirecte - \u00e9lectrique - 400V au meilleur prix, fiable et performant avec une livraison rapide\" \/>\n<meta property=\"og:url\" content=\"https:\/\/gastora.eu\/en\/product\/marmite-420-l-indirecte-lectrique-400v\/\" \/>\n<meta property=\"og:site_name\" content=\"Gastora\" \/>\n<meta property=\"article:modified_time\" content=\"2026-04-28T16:56:30+00:00\" \/>\n<meta name=\"twitter:card\" content=\"summary_large_image\" \/>\n<meta name=\"twitter:label1\" content=\"Est. reading time\" \/>\n\t<meta name=\"twitter:data1\" content=\"2 minutes\" \/>\n<script type=\"application\/ld+json\" class=\"yoast-schema-graph\">{\"@context\":\"https:\\\/\\\/schema.org\",\"@graph\":[{\"@type\":\"WebPage\",\"@id\":\"https:\\\/\\\/gastora.eu\\\/product\\\/marmite-420-l-indirecte-lectrique-400v\\\/\",\"url\":\"https:\\\/\\\/gastora.eu\\\/product\\\/marmite-420-l-indirecte-lectrique-400v\\\/\",\"name\":\"Marmite - 420 L - indirecte - \u00e9lectrique - 400V - Gastora\",\"isPartOf\":{\"@id\":\"https:\\\/\\\/gastora.eu\\\/#website\"},\"primaryImageOfPage\":{\"@id\":\"https:\\\/\\\/gastora.eu\\\/product\\\/marmite-420-l-indirecte-lectrique-400v\\\/#primaryimage\"},\"image\":{\"@id\":\"https:\\\/\\\/gastora.eu\\\/product\\\/marmite-420-l-indirecte-lectrique-400v\\\/#primaryimage\"},\"thumbnailUrl\":\"https:\\\/\\\/gastora.eu\\\/wp-content\\\/uploads\\\/2026\\\/04\\\/09398713_2_2.jpg\",\"datePublished\":\"2026-04-25T17:50:15+00:00\",\"dateModified\":\"2026-04-28T16:56:30+00:00\",\"description\":\"Achetez Marmite - 420 L - indirecte - \u00e9lectrique - 400V au meilleur prix, fiable et performant avec une livraison rapide\",\"breadcrumb\":{\"@id\":\"https:\\\/\\\/gastora.eu\\\/product\\\/marmite-420-l-indirecte-lectrique-400v\\\/#breadcrumb\"},\"inLanguage\":\"en-US\",\"potentialAction\":[{\"@type\":\"ReadAction\",\"target\":[\"https:\\\/\\\/gastora.eu\\\/product\\\/marmite-420-l-indirecte-lectrique-400v\\\/\"]}]},{\"@type\":\"ImageObject\",\"inLanguage\":\"en-US\",\"@id\":\"https:\\\/\\\/gastora.eu\\\/product\\\/marmite-420-l-indirecte-lectrique-400v\\\/#primaryimage\",\"url\":\"https:\\\/\\\/gastora.eu\\\/wp-content\\\/uploads\\\/2026\\\/04\\\/09398713_2_2.jpg\",\"contentUrl\":\"https:\\\/\\\/gastora.eu\\\/wp-content\\\/uploads\\\/2026\\\/04\\\/09398713_2_2.jpg\",\"width\":900,\"height\":993},{\"@type\":\"BreadcrumbList\",\"@id\":\"https:\\\/\\\/gastora.eu\\\/product\\\/marmite-420-l-indirecte-lectrique-400v\\\/#breadcrumb\",\"itemListElement\":[{\"@type\":\"ListItem\",\"position\":1,\"name\":\"Home\",\"item\":\"https:\\\/\\\/gastora.eu\\\/\"},{\"@type\":\"ListItem\",\"position\":2,\"name\":\"Shop\",\"item\":\"https:\\\/\\\/gastora.eu\\\/shop\\\/\"},{\"@type\":\"ListItem\",\"position\":3,\"name\":\"Marmite &#8211; 420 L &#8211; indirecte &#8211; \u00e9lectrique &#8211; 400V\"}]},{\"@type\":\"WebSite\",\"@id\":\"https:\\\/\\\/gastora.eu\\\/#website\",\"url\":\"https:\\\/\\\/gastora.eu\\\/\",\"name\":\"Gastora\",\"description\":\"\u00c9quipements professionnels CHR\",\"publisher\":{\"@id\":\"https:\\\/\\\/gastora.eu\\\/#organization\"},\"potentialAction\":[{\"@type\":\"SearchAction\",\"target\":{\"@type\":\"EntryPoint\",\"urlTemplate\":\"https:\\\/\\\/gastora.eu\\\/?s={search_term_string}\"},\"query-input\":{\"@type\":\"PropertyValueSpecification\",\"valueRequired\":true,\"valueName\":\"search_term_string\"}}],\"inLanguage\":\"en-US\"},{\"@type\":\"Organization\",\"@id\":\"https:\\\/\\\/gastora.eu\\\/#organization\",\"name\":\"Gastora\",\"url\":\"https:\\\/\\\/gastora.eu\\\/\",\"logo\":{\"@type\":\"ImageObject\",\"inLanguage\":\"en-US\",\"@id\":\"https:\\\/\\\/gastora.eu\\\/#\\\/schema\\\/logo\\\/image\\\/\",\"url\":\"https:\\\/\\\/gastora.eu\\\/wp-content\\\/uploads\\\/2025\\\/12\\\/ChatGPT-Image-2-janv.-2026-22_52_47-1.png\",\"contentUrl\":\"https:\\\/\\\/gastora.eu\\\/wp-content\\\/uploads\\\/2025\\\/12\\\/ChatGPT-Image-2-janv.-2026-22_52_47-1.png\",\"width\":1536,\"height\":320,\"caption\":\"Gastora\"},\"image\":{\"@id\":\"https:\\\/\\\/gastora.eu\\\/#\\\/schema\\\/logo\\\/image\\\/\"}}]}<\/script>\n<!-- \/ Yoast SEO plugin. -->","yoast_head_json":{"title":"Marmite - 420 L - indirecte - \u00e9lectrique - 400V - Gastora","description":"Achetez Marmite - 420 L - indirecte - \u00e9lectrique - 400V au meilleur prix, fiable et performant avec une livraison rapide","robots":{"index":"index","follow":"follow","max-snippet":"max-snippet:-1","max-image-preview":"max-image-preview:large","max-video-preview":"max-video-preview:-1"},"canonical":"https:\/\/gastora.eu\/en\/product\/marmite-420-l-indirecte-lectrique-400v\/","og_locale":"en_US","og_type":"article","og_title":"Marmite - 420 L - indirecte - \u00e9lectrique - 400V - Gastora","og_description":"Achetez Marmite - 420 L - indirecte - \u00e9lectrique - 400V au meilleur prix, fiable et performant avec une livraison rapide","og_url":"https:\/\/gastora.eu\/en\/product\/marmite-420-l-indirecte-lectrique-400v\/","og_site_name":"Gastora","article_modified_time":"2026-04-28T16:56:30+00:00","twitter_card":"summary_large_image","twitter_misc":{"Est. reading time":"2 minutes"},"schema":{"@context":"https:\/\/schema.org","@graph":[{"@type":"WebPage","@id":"https:\/\/gastora.eu\/product\/marmite-420-l-indirecte-lectrique-400v\/","url":"https:\/\/gastora.eu\/product\/marmite-420-l-indirecte-lectrique-400v\/","name":"Marmite - 420 L - indirecte - \u00e9lectrique - 400V - Gastora","isPartOf":{"@id":"https:\/\/gastora.eu\/#website"},"primaryImageOfPage":{"@id":"https:\/\/gastora.eu\/product\/marmite-420-l-indirecte-lectrique-400v\/#primaryimage"},"image":{"@id":"https:\/\/gastora.eu\/product\/marmite-420-l-indirecte-lectrique-400v\/#primaryimage"},"thumbnailUrl":"https:\/\/gastora.eu\/wp-content\/uploads\/2026\/04\/09398713_2_2.jpg","datePublished":"2026-04-25T17:50:15+00:00","dateModified":"2026-04-28T16:56:30+00:00","description":"Achetez Marmite - 420 L - indirecte - \u00e9lectrique - 400V au meilleur prix, fiable et performant avec une livraison rapide","breadcrumb":{"@id":"https:\/\/gastora.eu\/product\/marmite-420-l-indirecte-lectrique-400v\/#breadcrumb"},"inLanguage":"en-US","potentialAction":[{"@type":"ReadAction","target":["https:\/\/gastora.eu\/product\/marmite-420-l-indirecte-lectrique-400v\/"]}]},{"@type":"ImageObject","inLanguage":"en-US","@id":"https:\/\/gastora.eu\/product\/marmite-420-l-indirecte-lectrique-400v\/#primaryimage","url":"https:\/\/gastora.eu\/wp-content\/uploads\/2026\/04\/09398713_2_2.jpg","contentUrl":"https:\/\/gastora.eu\/wp-content\/uploads\/2026\/04\/09398713_2_2.jpg","width":900,"height":993},{"@type":"BreadcrumbList","@id":"https:\/\/gastora.eu\/product\/marmite-420-l-indirecte-lectrique-400v\/#breadcrumb","itemListElement":[{"@type":"ListItem","position":1,"name":"Home","item":"https:\/\/gastora.eu\/"},{"@type":"ListItem","position":2,"name":"Shop","item":"https:\/\/gastora.eu\/shop\/"},{"@type":"ListItem","position":3,"name":"Marmite &#8211; 420 L &#8211; indirecte &#8211; \u00e9lectrique &#8211; 400V"}]},{"@type":"WebSite","@id":"https:\/\/gastora.eu\/#website","url":"https:\/\/gastora.eu\/","name":"Gastora","description":"\u00c9quipements professionnels CHR","publisher":{"@id":"https:\/\/gastora.eu\/#organization"},"potentialAction":[{"@type":"SearchAction","target":{"@type":"EntryPoint","urlTemplate":"https:\/\/gastora.eu\/?s={search_term_string}"},"query-input":{"@type":"PropertyValueSpecification","valueRequired":true,"valueName":"search_term_string"}}],"inLanguage":"en-US"},{"@type":"Organization","@id":"https:\/\/gastora.eu\/#organization","name":"Gastora","url":"https:\/\/gastora.eu\/","logo":{"@type":"ImageObject","inLanguage":"en-US","@id":"https:\/\/gastora.eu\/#\/schema\/logo\/image\/","url":"https:\/\/gastora.eu\/wp-content\/uploads\/2025\/12\/ChatGPT-Image-2-janv.-2026-22_52_47-1.png","contentUrl":"https:\/\/gastora.eu\/wp-content\/uploads\/2025\/12\/ChatGPT-Image-2-janv.-2026-22_52_47-1.png","width":1536,"height":320,"caption":"Gastora"},"image":{"@id":"https:\/\/gastora.eu\/#\/schema\/logo\/image\/"}}]}},"jetpack_sharing_enabled":true,"_links":{"self":[{"href":"https:\/\/gastora.eu\/en\/wp-json\/wp\/v2\/product\/14427","targetHints":{"allow":["GET"]}}],"collection":[{"href":"https:\/\/gastora.eu\/en\/wp-json\/wp\/v2\/product"}],"about":[{"href":"https:\/\/gastora.eu\/en\/wp-json\/wp\/v2\/types\/product"}],"wp:featuredmedia":[{"embeddable":true,"href":"https:\/\/gastora.eu\/en\/wp-json\/wp\/v2\/media\/7602"}],"wp:attachment":[{"href":"https:\/\/gastora.eu\/en\/wp-json\/wp\/v2\/media?parent=14427"}],"wp:term":[{"taxonomy":"product_brand","embeddable":true,"href":"https:\/\/gastora.eu\/en\/wp-json\/wp\/v2\/product_brand?post=14427"},{"taxonomy":"product_cat","embeddable":true,"href":"https:\/\/gastora.eu\/en\/wp-json\/wp\/v2\/product_cat?post=14427"},{"taxonomy":"product_tag","embeddable":true,"href":"https:\/\/gastora.eu\/en\/wp-json\/wp\/v2\/product_tag?post=14427"}],"curies":[{"name":"wp","href":"https:\/\/api.w.org\/{rel}","templated":true}]}}