{"id":14426,"date":"2026-04-25T17:50:14","date_gmt":"2026-04-25T17:50:14","guid":{"rendered":"https:\/\/gastora.eu\/?post_type=product&#038;p=14426"},"modified":"2026-04-28T16:56:30","modified_gmt":"2026-04-28T16:56:30","slug":"marmite-325-l-indirecte-lectrique-400v","status":"publish","type":"product","link":"https:\/\/gastora.eu\/en\/product\/marmite-325-l-indirecte-lectrique-400v\/","title":{"rendered":"Marmite &#8211; 325 L &#8211; indirecte &#8211; \u00e9lectrique &#8211; 400V"},"content":{"rendered":"<h2>Marmite 325L &#8211; 400V &#8211; Indirect<\/h2>\n<p>La marmite de 325 litres est id\u00e9ale pour cuire, cuisiner ou pocher des aliments. La marmite est dot\u00e9e d&#8217;un couvercle \u00e0 double paroi qui augmente l&#8217;isolation de la marmite. Le couvercle est \u00e9galement facile \u00e0 ouvrir et \u00e0 fermer gr\u00e2ce \u00e0 un m\u00e9canisme articul\u00e9 et \u00e9quilibr\u00e9. Cette casserole est dot\u00e9e d&#8217;une double paroi pouvant \u00eatre remplie d&#8217;eau ; il s&#8217;agit d&#8217;un syst\u00e8me de chauffage indirect qui assure un chauffage uniforme du fond et des parois de la casserole. Comme la marmite est enti\u00e8rement fabriqu\u00e9e en acier inoxydable, elle est facile \u00e0 nettoyer.<\/p>\n<p>Caract\u00e9ristiques de la marmite \u00e9lectrique 325L<\/p>\n<ul>\n<li>Cuvette ronde en acier inoxydable pour un nettoyage rapide<\/li>\n<li>Cuvette d&#8217;\u00e9bullition \u00e9quip\u00e9e d&#8217;un mat\u00e9riau isolant suppl\u00e9mentaire sur l&#8217;ensemble de la cuvette d&#8217;\u00e9bullition pour des co\u00fbts d&#8217;\u00e9nergie minimaux<\/li>\n<li>\u00c9l\u00e9ments chauffants blind\u00e9s avec thermostat de s\u00e9curit\u00e9<\/li>\n<li>Syst\u00e8me de chauffage indirect avec vapeur satur\u00e9e jusqu&#8217;\u00e0 110\u00b0C<\/li>\n<li>Soupape de s\u00e9curit\u00e9 emp\u00eachant la surpression de la vapeur dans la chemise<\/li>\n<li>Manom\u00e8tre bien lisible<\/li>\n<li>R\u00e9gulation de l&#8217;\u00e9nergie au moyen d&#8217;un bouton de commande<\/li>\n<li>Electrovanne et robinet pivotant chrom\u00e9 pour le remplissage en eau chaude ou froide<\/li>\n<li>Equip\u00e9 d&#8217;un robinet de vidange pour faciliter l&#8217;\u00e9limination des aliments<\/li>\n<li>\u00c9quip\u00e9 d&#8217;une valve externe pour l&#8217;\u00e9vacuation de l&#8217;air exc\u00e9dentaire<\/li>\n<li>Stable gr\u00e2ce aux 4 pieds en acier inoxydable, la marmite ne bouge pas<\/li>\n<li>Construction tr\u00e8s durable<\/li>\n<li>Conception hygi\u00e9nique<\/li>\n<\/ul>\n<p>Caract\u00e9ristiques du produit<\/p>\n<ul>\n<li>Poids net : 405 kg<\/li>\n<li>Capacit\u00e9 nette : 300L<\/li>\n<li>Dimensions de l&#8217;appareil : L1100 x P1235 x H896 mm<\/li>\n<li>Puissance \u00e9lectrique totale : 27.0 kW<\/li>\n<li>Puissance : 400V \/ 50Hz \/ 3Phase 27000 Watt<\/li>\n<\/ul>\n<div id=\"description\" class=\"data item content\" aria-labelledby=\"tab-label-description-title\" data-role=\"content\">\n<div class=\"item-content-inner\">\n<div class=\"product attribute description\">\n<div class=\"value\">\n<p><strong>Ce produit est livr\u00e9 sans fiche<\/strong><\/p>\n<\/div>\n<\/div>\n<\/div>\n<\/div>\n<div id=\"tab-label-downloads.tab\" class=\"data item title\" data-role=\"collapsible\"><\/div>","protected":false},"excerpt":{"rendered":"<p>Avec la marmite \u00e9lectrique en acier inoxydable de 325L, vous pouvez rapidement cuire, faire cuire ou pocher de grandes quantit\u00e9s d&#8217;aliments. La marmite est chauff\u00e9e indirectement.<\/p>","protected":false},"featured_media":7600,"template":"","meta":{"_acf_changed":false},"product_brand":[],"product_cat":[495],"product_tag":[],"class_list":{"0":"post-14426","1":"product","2":"type-product","3":"status-publish","4":"has-post-thumbnail","6":"product_cat-plaques-pianos-de-cuisson-2","8":"first","9":"instock","10":"sale","11":"taxable","12":"shipping-taxable","13":"purchasable","14":"product-type-simple"},"acf":[],"yoast_head":"<!-- This site is optimized with the Yoast SEO plugin v27.6 - https:\/\/yoast.com\/product\/yoast-seo-wordpress\/ -->\n<title>Marmite - 325 L - indirecte - \u00e9lectrique - 400V - Gastora<\/title>\n<meta name=\"description\" content=\"Achetez Marmite - 325 L - indirecte - \u00e9lectrique - 400V au meilleur prix, fiable et performant avec une livraison rapide\" \/>\n<meta name=\"robots\" content=\"index, follow, max-snippet:-1, max-image-preview:large, max-video-preview:-1\" \/>\n<link rel=\"canonical\" href=\"https:\/\/gastora.eu\/en\/product\/marmite-325-l-indirecte-lectrique-400v\/\" \/>\n<meta property=\"og:locale\" content=\"en_US\" \/>\n<meta property=\"og:type\" content=\"article\" \/>\n<meta property=\"og:title\" content=\"Marmite - 325 L - indirecte - \u00e9lectrique - 400V - Gastora\" \/>\n<meta property=\"og:description\" content=\"Achetez Marmite - 325 L - indirecte - \u00e9lectrique - 400V au meilleur prix, fiable et performant avec une livraison rapide\" \/>\n<meta property=\"og:url\" content=\"https:\/\/gastora.eu\/en\/product\/marmite-325-l-indirecte-lectrique-400v\/\" \/>\n<meta property=\"og:site_name\" content=\"Gastora\" \/>\n<meta property=\"article:modified_time\" content=\"2026-04-28T16:56:30+00:00\" \/>\n<meta name=\"twitter:card\" content=\"summary_large_image\" \/>\n<meta name=\"twitter:label1\" content=\"Est. reading time\" \/>\n\t<meta name=\"twitter:data1\" content=\"1 minute\" \/>\n<script type=\"application\/ld+json\" class=\"yoast-schema-graph\">{\"@context\":\"https:\\\/\\\/schema.org\",\"@graph\":[{\"@type\":\"WebPage\",\"@id\":\"https:\\\/\\\/gastora.eu\\\/product\\\/marmite-325-l-indirecte-lectrique-400v\\\/\",\"url\":\"https:\\\/\\\/gastora.eu\\\/product\\\/marmite-325-l-indirecte-lectrique-400v\\\/\",\"name\":\"Marmite - 325 L - indirecte - \u00e9lectrique - 400V - Gastora\",\"isPartOf\":{\"@id\":\"https:\\\/\\\/gastora.eu\\\/#website\"},\"primaryImageOfPage\":{\"@id\":\"https:\\\/\\\/gastora.eu\\\/product\\\/marmite-325-l-indirecte-lectrique-400v\\\/#primaryimage\"},\"image\":{\"@id\":\"https:\\\/\\\/gastora.eu\\\/product\\\/marmite-325-l-indirecte-lectrique-400v\\\/#primaryimage\"},\"thumbnailUrl\":\"https:\\\/\\\/gastora.eu\\\/wp-content\\\/uploads\\\/2026\\\/04\\\/09398713_2_1.jpg\",\"datePublished\":\"2026-04-25T17:50:14+00:00\",\"dateModified\":\"2026-04-28T16:56:30+00:00\",\"description\":\"Achetez Marmite - 325 L - indirecte - \u00e9lectrique - 400V au meilleur prix, fiable et performant avec une livraison rapide\",\"breadcrumb\":{\"@id\":\"https:\\\/\\\/gastora.eu\\\/product\\\/marmite-325-l-indirecte-lectrique-400v\\\/#breadcrumb\"},\"inLanguage\":\"en-US\",\"potentialAction\":[{\"@type\":\"ReadAction\",\"target\":[\"https:\\\/\\\/gastora.eu\\\/product\\\/marmite-325-l-indirecte-lectrique-400v\\\/\"]}]},{\"@type\":\"ImageObject\",\"inLanguage\":\"en-US\",\"@id\":\"https:\\\/\\\/gastora.eu\\\/product\\\/marmite-325-l-indirecte-lectrique-400v\\\/#primaryimage\",\"url\":\"https:\\\/\\\/gastora.eu\\\/wp-content\\\/uploads\\\/2026\\\/04\\\/09398713_2_1.jpg\",\"contentUrl\":\"https:\\\/\\\/gastora.eu\\\/wp-content\\\/uploads\\\/2026\\\/04\\\/09398713_2_1.jpg\",\"width\":900,\"height\":993},{\"@type\":\"BreadcrumbList\",\"@id\":\"https:\\\/\\\/gastora.eu\\\/product\\\/marmite-325-l-indirecte-lectrique-400v\\\/#breadcrumb\",\"itemListElement\":[{\"@type\":\"ListItem\",\"position\":1,\"name\":\"Home\",\"item\":\"https:\\\/\\\/gastora.eu\\\/\"},{\"@type\":\"ListItem\",\"position\":2,\"name\":\"Shop\",\"item\":\"https:\\\/\\\/gastora.eu\\\/shop\\\/\"},{\"@type\":\"ListItem\",\"position\":3,\"name\":\"Marmite &#8211; 325 L &#8211; indirecte &#8211; \u00e9lectrique &#8211; 400V\"}]},{\"@type\":\"WebSite\",\"@id\":\"https:\\\/\\\/gastora.eu\\\/#website\",\"url\":\"https:\\\/\\\/gastora.eu\\\/\",\"name\":\"Gastora\",\"description\":\"\u00c9quipements professionnels CHR\",\"publisher\":{\"@id\":\"https:\\\/\\\/gastora.eu\\\/#organization\"},\"potentialAction\":[{\"@type\":\"SearchAction\",\"target\":{\"@type\":\"EntryPoint\",\"urlTemplate\":\"https:\\\/\\\/gastora.eu\\\/?s={search_term_string}\"},\"query-input\":{\"@type\":\"PropertyValueSpecification\",\"valueRequired\":true,\"valueName\":\"search_term_string\"}}],\"inLanguage\":\"en-US\"},{\"@type\":\"Organization\",\"@id\":\"https:\\\/\\\/gastora.eu\\\/#organization\",\"name\":\"Gastora\",\"url\":\"https:\\\/\\\/gastora.eu\\\/\",\"logo\":{\"@type\":\"ImageObject\",\"inLanguage\":\"en-US\",\"@id\":\"https:\\\/\\\/gastora.eu\\\/#\\\/schema\\\/logo\\\/image\\\/\",\"url\":\"https:\\\/\\\/gastora.eu\\\/wp-content\\\/uploads\\\/2025\\\/12\\\/ChatGPT-Image-2-janv.-2026-22_52_47-1.png\",\"contentUrl\":\"https:\\\/\\\/gastora.eu\\\/wp-content\\\/uploads\\\/2025\\\/12\\\/ChatGPT-Image-2-janv.-2026-22_52_47-1.png\",\"width\":1536,\"height\":320,\"caption\":\"Gastora\"},\"image\":{\"@id\":\"https:\\\/\\\/gastora.eu\\\/#\\\/schema\\\/logo\\\/image\\\/\"}}]}<\/script>\n<!-- \/ Yoast SEO plugin. -->","yoast_head_json":{"title":"Marmite - 325 L - indirecte - \u00e9lectrique - 400V - Gastora","description":"Achetez Marmite - 325 L - indirecte - \u00e9lectrique - 400V au meilleur prix, fiable et performant avec une livraison rapide","robots":{"index":"index","follow":"follow","max-snippet":"max-snippet:-1","max-image-preview":"max-image-preview:large","max-video-preview":"max-video-preview:-1"},"canonical":"https:\/\/gastora.eu\/en\/product\/marmite-325-l-indirecte-lectrique-400v\/","og_locale":"en_US","og_type":"article","og_title":"Marmite - 325 L - indirecte - \u00e9lectrique - 400V - Gastora","og_description":"Achetez Marmite - 325 L - indirecte - \u00e9lectrique - 400V au meilleur prix, fiable et performant avec une livraison rapide","og_url":"https:\/\/gastora.eu\/en\/product\/marmite-325-l-indirecte-lectrique-400v\/","og_site_name":"Gastora","article_modified_time":"2026-04-28T16:56:30+00:00","twitter_card":"summary_large_image","twitter_misc":{"Est. reading time":"1 minute"},"schema":{"@context":"https:\/\/schema.org","@graph":[{"@type":"WebPage","@id":"https:\/\/gastora.eu\/product\/marmite-325-l-indirecte-lectrique-400v\/","url":"https:\/\/gastora.eu\/product\/marmite-325-l-indirecte-lectrique-400v\/","name":"Marmite - 325 L - indirecte - \u00e9lectrique - 400V - Gastora","isPartOf":{"@id":"https:\/\/gastora.eu\/#website"},"primaryImageOfPage":{"@id":"https:\/\/gastora.eu\/product\/marmite-325-l-indirecte-lectrique-400v\/#primaryimage"},"image":{"@id":"https:\/\/gastora.eu\/product\/marmite-325-l-indirecte-lectrique-400v\/#primaryimage"},"thumbnailUrl":"https:\/\/gastora.eu\/wp-content\/uploads\/2026\/04\/09398713_2_1.jpg","datePublished":"2026-04-25T17:50:14+00:00","dateModified":"2026-04-28T16:56:30+00:00","description":"Achetez Marmite - 325 L - indirecte - \u00e9lectrique - 400V au meilleur prix, fiable et performant avec une livraison rapide","breadcrumb":{"@id":"https:\/\/gastora.eu\/product\/marmite-325-l-indirecte-lectrique-400v\/#breadcrumb"},"inLanguage":"en-US","potentialAction":[{"@type":"ReadAction","target":["https:\/\/gastora.eu\/product\/marmite-325-l-indirecte-lectrique-400v\/"]}]},{"@type":"ImageObject","inLanguage":"en-US","@id":"https:\/\/gastora.eu\/product\/marmite-325-l-indirecte-lectrique-400v\/#primaryimage","url":"https:\/\/gastora.eu\/wp-content\/uploads\/2026\/04\/09398713_2_1.jpg","contentUrl":"https:\/\/gastora.eu\/wp-content\/uploads\/2026\/04\/09398713_2_1.jpg","width":900,"height":993},{"@type":"BreadcrumbList","@id":"https:\/\/gastora.eu\/product\/marmite-325-l-indirecte-lectrique-400v\/#breadcrumb","itemListElement":[{"@type":"ListItem","position":1,"name":"Home","item":"https:\/\/gastora.eu\/"},{"@type":"ListItem","position":2,"name":"Shop","item":"https:\/\/gastora.eu\/shop\/"},{"@type":"ListItem","position":3,"name":"Marmite &#8211; 325 L &#8211; indirecte &#8211; \u00e9lectrique &#8211; 400V"}]},{"@type":"WebSite","@id":"https:\/\/gastora.eu\/#website","url":"https:\/\/gastora.eu\/","name":"Gastora","description":"\u00c9quipements professionnels CHR","publisher":{"@id":"https:\/\/gastora.eu\/#organization"},"potentialAction":[{"@type":"SearchAction","target":{"@type":"EntryPoint","urlTemplate":"https:\/\/gastora.eu\/?s={search_term_string}"},"query-input":{"@type":"PropertyValueSpecification","valueRequired":true,"valueName":"search_term_string"}}],"inLanguage":"en-US"},{"@type":"Organization","@id":"https:\/\/gastora.eu\/#organization","name":"Gastora","url":"https:\/\/gastora.eu\/","logo":{"@type":"ImageObject","inLanguage":"en-US","@id":"https:\/\/gastora.eu\/#\/schema\/logo\/image\/","url":"https:\/\/gastora.eu\/wp-content\/uploads\/2025\/12\/ChatGPT-Image-2-janv.-2026-22_52_47-1.png","contentUrl":"https:\/\/gastora.eu\/wp-content\/uploads\/2025\/12\/ChatGPT-Image-2-janv.-2026-22_52_47-1.png","width":1536,"height":320,"caption":"Gastora"},"image":{"@id":"https:\/\/gastora.eu\/#\/schema\/logo\/image\/"}}]}},"jetpack_sharing_enabled":true,"_links":{"self":[{"href":"https:\/\/gastora.eu\/en\/wp-json\/wp\/v2\/product\/14426","targetHints":{"allow":["GET"]}}],"collection":[{"href":"https:\/\/gastora.eu\/en\/wp-json\/wp\/v2\/product"}],"about":[{"href":"https:\/\/gastora.eu\/en\/wp-json\/wp\/v2\/types\/product"}],"wp:featuredmedia":[{"embeddable":true,"href":"https:\/\/gastora.eu\/en\/wp-json\/wp\/v2\/media\/7600"}],"wp:attachment":[{"href":"https:\/\/gastora.eu\/en\/wp-json\/wp\/v2\/media?parent=14426"}],"wp:term":[{"taxonomy":"product_brand","embeddable":true,"href":"https:\/\/gastora.eu\/en\/wp-json\/wp\/v2\/product_brand?post=14426"},{"taxonomy":"product_cat","embeddable":true,"href":"https:\/\/gastora.eu\/en\/wp-json\/wp\/v2\/product_cat?post=14426"},{"taxonomy":"product_tag","embeddable":true,"href":"https:\/\/gastora.eu\/en\/wp-json\/wp\/v2\/product_tag?post=14426"}],"curies":[{"name":"wp","href":"https:\/\/api.w.org\/{rel}","templated":true}]}}