{"id":14424,"date":"2026-04-25T17:50:12","date_gmt":"2026-04-25T17:50:12","guid":{"rendered":"https:\/\/gastora.eu\/?post_type=product&#038;p=14424"},"modified":"2026-04-28T16:56:30","modified_gmt":"2026-04-28T16:56:30","slug":"marmite-325-l-indirecte-gaz","status":"publish","type":"product","link":"https:\/\/gastora.eu\/en\/product\/marmite-325-l-indirecte-gaz\/","title":{"rendered":"Marmite &#8211; 325 L &#8211; indirecte &#8211; gaz"},"content":{"rendered":"<p>Lorsque vous avez besoin d&#8217;une grande capacit\u00e9 de cuisson, vous pouvez compter sur cette marmite haut de gamme de Maxima. Avec une capacit\u00e9 de pas moins de 300 litres, vous pouvez rapidement cuire, cuire au four ou pocher de grandes quantit\u00e9s d&#8217;aliments \u00e0 servir \u00e0 des foules nombreuses. Elle est id\u00e9ale pour la cuisson des liquides et pr\u00e9sente de nombreuses caract\u00e9ristiques qui la rendent \u00e0 la fois s\u00fbre et facile \u00e0 utiliser.<\/p>\n<h3>Syst\u00e8me de chauffage indirect<\/h3>\n<p>Cette marmite est dot\u00e9e d&#8217;une double paroi dont l&#8217;int\u00e9rieur est rempli d&#8217;eau. Ainsi, l&#8217;eau n&#8217;est pas chauff\u00e9e directement par le fond de la casserole, mais de mani\u00e8re plus uniforme sur toute la paroi. Ce syst\u00e8me de chauffage indirect r\u00e9duit le risque de br\u00fbler les aliments, ce qui le rend id\u00e9al pour la pr\u00e9paration d&#8217;aliments liquides, tels que les soupes, les sauces, les bouillons et les cr\u00e8mes. Le mat\u00e9riau isolant dans lequel est fabriqu\u00e9e la marmite r\u00e9duit \u00e9galement les pertes de chaleur, ce qui permet de minimiser la consommation d&#8217;\u00e9nergie. En outre, un thermostat de s\u00e9curit\u00e9 prot\u00e8ge contre un niveau d&#8217;eau trop bas afin que les plats ne cuisent pas trop vite. Un manom\u00e8tre pratique est plac\u00e9 sur le dessus de la marmite pour lire la pression.<\/p>\n<h3>Tr\u00e8s facile \u00e0 utiliser<\/h3>\n<p>Un robinet de vidange est toujours utile, car il permet de vider facilement le contenu de la casserole. Le couvercle d&#8217;une marmite est souvent grand et lourd, mais gr\u00e2ce au m\u00e9canisme de poids, vous pouvez toujours l&#8217;ouvrir et le fermer facilement, ce qui le rend tr\u00e8s convivial. L&#8217;acier inoxydable utilis\u00e9 pour la construction de la marmite et la forme ronde de l&#8217;appareil en font un appareil facile \u00e0 nettoyer. Enfin, les pieds robustes garantissent que cet appareil reste toujours bien en place.<\/p>\n<p><strong>Caract\u00e9ristiques du produit<\/strong><\/p>\n<ul>\n<li>Capacit\u00e9 nette : 300 litres<\/li>\n<li>Poids net : 405 kg<\/li>\n<li>Dimensions de l&#8217;appareil : L110 x P136,2 x H89,5cm<\/li>\n<li>Puissance totale du gaz : 40,0 kW<\/li>\n<li>Injecteurs de gaz install\u00e9s : G25 &#8211; gaz naturel<\/li>\n<li>Jeu suppl\u00e9mentaire d&#8217;injecteurs de gaz : G30 &#8211; GPL (propane \/ butane)<\/li>\n<\/ul>\n<div id=\"description\" class=\"data item content\" aria-labelledby=\"tab-label-description-title\" data-role=\"content\">\n<div class=\"item-content-inner\">\n<div class=\"product attribute description\">\n<div class=\"value\">\n<p><em><strong>Remarque : le produit illustr\u00e9 peut diff\u00e9rer l\u00e9g\u00e8rement du mod\u00e8le r\u00e9el<\/strong><\/em><\/p>\n<\/div>\n<\/div>\n<\/div>\n<\/div>\n<div id=\"tab-label-pros.cons.tab\" class=\"data item title\"><\/div>","protected":false},"excerpt":{"rendered":"<p>Cette marmite ronde \u00e0 gaz est indispensable pour les gros travaux de cuisine d&#8217;une cuisine professionnelle. Elle vous aide \u00e0 pr\u00e9parer facilement les soupes, les bouillons, les sauces et les cr\u00e8mes les plus savoureux. Le syst\u00e8me de chauffage indirect permet de chauffer parfaitement les plats et d&#8217;\u00e9viter qu&#8217;ils ne se br\u00fblent. <\/p>","protected":false},"featured_media":7596,"template":"","meta":{"_acf_changed":false},"product_brand":[],"product_cat":[495],"product_tag":[],"class_list":{"0":"post-14424","1":"product","2":"type-product","3":"status-publish","4":"has-post-thumbnail","6":"product_cat-plaques-pianos-de-cuisson-2","8":"first","9":"instock","10":"sale","11":"taxable","12":"shipping-taxable","13":"purchasable","14":"product-type-simple"},"acf":[],"yoast_head":"<!-- This site is optimized with the Yoast SEO plugin v27.6 - https:\/\/yoast.com\/product\/yoast-seo-wordpress\/ -->\n<title>Marmite - 325 L - indirecte - gaz - Gastora<\/title>\n<meta name=\"description\" content=\"Achetez Marmite - 325 L - indirecte - gaz au meilleur prix, fiable et performant avec une livraison rapide\" \/>\n<meta name=\"robots\" content=\"index, follow, max-snippet:-1, max-image-preview:large, max-video-preview:-1\" \/>\n<link rel=\"canonical\" href=\"https:\/\/gastora.eu\/en\/product\/marmite-325-l-indirecte-gaz\/\" \/>\n<meta property=\"og:locale\" content=\"en_US\" \/>\n<meta property=\"og:type\" content=\"article\" \/>\n<meta property=\"og:title\" content=\"Marmite - 325 L - indirecte - gaz - Gastora\" \/>\n<meta property=\"og:description\" content=\"Achetez Marmite - 325 L - indirecte - gaz au meilleur prix, fiable et performant avec une livraison rapide\" \/>\n<meta property=\"og:url\" content=\"https:\/\/gastora.eu\/en\/product\/marmite-325-l-indirecte-gaz\/\" \/>\n<meta property=\"og:site_name\" content=\"Gastora\" \/>\n<meta property=\"article:modified_time\" content=\"2026-04-28T16:56:30+00:00\" \/>\n<meta name=\"twitter:card\" content=\"summary_large_image\" \/>\n<meta name=\"twitter:label1\" content=\"Est. reading time\" \/>\n\t<meta name=\"twitter:data1\" content=\"2 minutes\" \/>\n<script type=\"application\/ld+json\" class=\"yoast-schema-graph\">{\"@context\":\"https:\\\/\\\/schema.org\",\"@graph\":[{\"@type\":\"WebPage\",\"@id\":\"https:\\\/\\\/gastora.eu\\\/product\\\/marmite-325-l-indirecte-gaz\\\/\",\"url\":\"https:\\\/\\\/gastora.eu\\\/product\\\/marmite-325-l-indirecte-gaz\\\/\",\"name\":\"Marmite - 325 L - indirecte - gaz - Gastora\",\"isPartOf\":{\"@id\":\"https:\\\/\\\/gastora.eu\\\/#website\"},\"primaryImageOfPage\":{\"@id\":\"https:\\\/\\\/gastora.eu\\\/product\\\/marmite-325-l-indirecte-gaz\\\/#primaryimage\"},\"image\":{\"@id\":\"https:\\\/\\\/gastora.eu\\\/product\\\/marmite-325-l-indirecte-gaz\\\/#primaryimage\"},\"thumbnailUrl\":\"https:\\\/\\\/gastora.eu\\\/wp-content\\\/uploads\\\/2026\\\/04\\\/7855-00300-01-61656f8ec674a.jpg\",\"datePublished\":\"2026-04-25T17:50:12+00:00\",\"dateModified\":\"2026-04-28T16:56:30+00:00\",\"description\":\"Achetez Marmite - 325 L - indirecte - gaz au meilleur prix, fiable et performant avec une livraison rapide\",\"breadcrumb\":{\"@id\":\"https:\\\/\\\/gastora.eu\\\/product\\\/marmite-325-l-indirecte-gaz\\\/#breadcrumb\"},\"inLanguage\":\"en-US\",\"potentialAction\":[{\"@type\":\"ReadAction\",\"target\":[\"https:\\\/\\\/gastora.eu\\\/product\\\/marmite-325-l-indirecte-gaz\\\/\"]}]},{\"@type\":\"ImageObject\",\"inLanguage\":\"en-US\",\"@id\":\"https:\\\/\\\/gastora.eu\\\/product\\\/marmite-325-l-indirecte-gaz\\\/#primaryimage\",\"url\":\"https:\\\/\\\/gastora.eu\\\/wp-content\\\/uploads\\\/2026\\\/04\\\/7855-00300-01-61656f8ec674a.jpg\",\"contentUrl\":\"https:\\\/\\\/gastora.eu\\\/wp-content\\\/uploads\\\/2026\\\/04\\\/7855-00300-01-61656f8ec674a.jpg\",\"width\":1930,\"height\":2048},{\"@type\":\"BreadcrumbList\",\"@id\":\"https:\\\/\\\/gastora.eu\\\/product\\\/marmite-325-l-indirecte-gaz\\\/#breadcrumb\",\"itemListElement\":[{\"@type\":\"ListItem\",\"position\":1,\"name\":\"Home\",\"item\":\"https:\\\/\\\/gastora.eu\\\/\"},{\"@type\":\"ListItem\",\"position\":2,\"name\":\"Shop\",\"item\":\"https:\\\/\\\/gastora.eu\\\/shop\\\/\"},{\"@type\":\"ListItem\",\"position\":3,\"name\":\"Marmite &#8211; 325 L &#8211; indirecte &#8211; gaz\"}]},{\"@type\":\"WebSite\",\"@id\":\"https:\\\/\\\/gastora.eu\\\/#website\",\"url\":\"https:\\\/\\\/gastora.eu\\\/\",\"name\":\"Gastora\",\"description\":\"\u00c9quipements professionnels CHR\",\"publisher\":{\"@id\":\"https:\\\/\\\/gastora.eu\\\/#organization\"},\"potentialAction\":[{\"@type\":\"SearchAction\",\"target\":{\"@type\":\"EntryPoint\",\"urlTemplate\":\"https:\\\/\\\/gastora.eu\\\/?s={search_term_string}\"},\"query-input\":{\"@type\":\"PropertyValueSpecification\",\"valueRequired\":true,\"valueName\":\"search_term_string\"}}],\"inLanguage\":\"en-US\"},{\"@type\":\"Organization\",\"@id\":\"https:\\\/\\\/gastora.eu\\\/#organization\",\"name\":\"Gastora\",\"url\":\"https:\\\/\\\/gastora.eu\\\/\",\"logo\":{\"@type\":\"ImageObject\",\"inLanguage\":\"en-US\",\"@id\":\"https:\\\/\\\/gastora.eu\\\/#\\\/schema\\\/logo\\\/image\\\/\",\"url\":\"https:\\\/\\\/gastora.eu\\\/wp-content\\\/uploads\\\/2025\\\/12\\\/ChatGPT-Image-2-janv.-2026-22_52_47-1.png\",\"contentUrl\":\"https:\\\/\\\/gastora.eu\\\/wp-content\\\/uploads\\\/2025\\\/12\\\/ChatGPT-Image-2-janv.-2026-22_52_47-1.png\",\"width\":1536,\"height\":320,\"caption\":\"Gastora\"},\"image\":{\"@id\":\"https:\\\/\\\/gastora.eu\\\/#\\\/schema\\\/logo\\\/image\\\/\"}}]}<\/script>\n<!-- \/ Yoast SEO plugin. -->","yoast_head_json":{"title":"Marmite - 325 L - indirecte - gaz - Gastora","description":"Achetez Marmite - 325 L - indirecte - gaz au meilleur prix, fiable et performant avec une livraison rapide","robots":{"index":"index","follow":"follow","max-snippet":"max-snippet:-1","max-image-preview":"max-image-preview:large","max-video-preview":"max-video-preview:-1"},"canonical":"https:\/\/gastora.eu\/en\/product\/marmite-325-l-indirecte-gaz\/","og_locale":"en_US","og_type":"article","og_title":"Marmite - 325 L - indirecte - gaz - Gastora","og_description":"Achetez Marmite - 325 L - indirecte - gaz au meilleur prix, fiable et performant avec une livraison rapide","og_url":"https:\/\/gastora.eu\/en\/product\/marmite-325-l-indirecte-gaz\/","og_site_name":"Gastora","article_modified_time":"2026-04-28T16:56:30+00:00","twitter_card":"summary_large_image","twitter_misc":{"Est. reading time":"2 minutes"},"schema":{"@context":"https:\/\/schema.org","@graph":[{"@type":"WebPage","@id":"https:\/\/gastora.eu\/product\/marmite-325-l-indirecte-gaz\/","url":"https:\/\/gastora.eu\/product\/marmite-325-l-indirecte-gaz\/","name":"Marmite - 325 L - indirecte - gaz - Gastora","isPartOf":{"@id":"https:\/\/gastora.eu\/#website"},"primaryImageOfPage":{"@id":"https:\/\/gastora.eu\/product\/marmite-325-l-indirecte-gaz\/#primaryimage"},"image":{"@id":"https:\/\/gastora.eu\/product\/marmite-325-l-indirecte-gaz\/#primaryimage"},"thumbnailUrl":"https:\/\/gastora.eu\/wp-content\/uploads\/2026\/04\/7855-00300-01-61656f8ec674a.jpg","datePublished":"2026-04-25T17:50:12+00:00","dateModified":"2026-04-28T16:56:30+00:00","description":"Achetez Marmite - 325 L - indirecte - gaz au meilleur prix, fiable et performant avec une livraison rapide","breadcrumb":{"@id":"https:\/\/gastora.eu\/product\/marmite-325-l-indirecte-gaz\/#breadcrumb"},"inLanguage":"en-US","potentialAction":[{"@type":"ReadAction","target":["https:\/\/gastora.eu\/product\/marmite-325-l-indirecte-gaz\/"]}]},{"@type":"ImageObject","inLanguage":"en-US","@id":"https:\/\/gastora.eu\/product\/marmite-325-l-indirecte-gaz\/#primaryimage","url":"https:\/\/gastora.eu\/wp-content\/uploads\/2026\/04\/7855-00300-01-61656f8ec674a.jpg","contentUrl":"https:\/\/gastora.eu\/wp-content\/uploads\/2026\/04\/7855-00300-01-61656f8ec674a.jpg","width":1930,"height":2048},{"@type":"BreadcrumbList","@id":"https:\/\/gastora.eu\/product\/marmite-325-l-indirecte-gaz\/#breadcrumb","itemListElement":[{"@type":"ListItem","position":1,"name":"Home","item":"https:\/\/gastora.eu\/"},{"@type":"ListItem","position":2,"name":"Shop","item":"https:\/\/gastora.eu\/shop\/"},{"@type":"ListItem","position":3,"name":"Marmite &#8211; 325 L &#8211; indirecte &#8211; gaz"}]},{"@type":"WebSite","@id":"https:\/\/gastora.eu\/#website","url":"https:\/\/gastora.eu\/","name":"Gastora","description":"\u00c9quipements professionnels CHR","publisher":{"@id":"https:\/\/gastora.eu\/#organization"},"potentialAction":[{"@type":"SearchAction","target":{"@type":"EntryPoint","urlTemplate":"https:\/\/gastora.eu\/?s={search_term_string}"},"query-input":{"@type":"PropertyValueSpecification","valueRequired":true,"valueName":"search_term_string"}}],"inLanguage":"en-US"},{"@type":"Organization","@id":"https:\/\/gastora.eu\/#organization","name":"Gastora","url":"https:\/\/gastora.eu\/","logo":{"@type":"ImageObject","inLanguage":"en-US","@id":"https:\/\/gastora.eu\/#\/schema\/logo\/image\/","url":"https:\/\/gastora.eu\/wp-content\/uploads\/2025\/12\/ChatGPT-Image-2-janv.-2026-22_52_47-1.png","contentUrl":"https:\/\/gastora.eu\/wp-content\/uploads\/2025\/12\/ChatGPT-Image-2-janv.-2026-22_52_47-1.png","width":1536,"height":320,"caption":"Gastora"},"image":{"@id":"https:\/\/gastora.eu\/#\/schema\/logo\/image\/"}}]}},"jetpack_sharing_enabled":true,"_links":{"self":[{"href":"https:\/\/gastora.eu\/en\/wp-json\/wp\/v2\/product\/14424","targetHints":{"allow":["GET"]}}],"collection":[{"href":"https:\/\/gastora.eu\/en\/wp-json\/wp\/v2\/product"}],"about":[{"href":"https:\/\/gastora.eu\/en\/wp-json\/wp\/v2\/types\/product"}],"wp:featuredmedia":[{"embeddable":true,"href":"https:\/\/gastora.eu\/en\/wp-json\/wp\/v2\/media\/7596"}],"wp:attachment":[{"href":"https:\/\/gastora.eu\/en\/wp-json\/wp\/v2\/media?parent=14424"}],"wp:term":[{"taxonomy":"product_brand","embeddable":true,"href":"https:\/\/gastora.eu\/en\/wp-json\/wp\/v2\/product_brand?post=14424"},{"taxonomy":"product_cat","embeddable":true,"href":"https:\/\/gastora.eu\/en\/wp-json\/wp\/v2\/product_cat?post=14424"},{"taxonomy":"product_tag","embeddable":true,"href":"https:\/\/gastora.eu\/en\/wp-json\/wp\/v2\/product_tag?post=14424"}],"curies":[{"name":"wp","href":"https:\/\/api.w.org\/{rel}","templated":true}]}}