{"id":14423,"date":"2026-04-25T17:50:11","date_gmt":"2026-04-25T17:50:11","guid":{"rendered":"https:\/\/gastora.eu\/?post_type=product&#038;p=14423"},"modified":"2026-04-28T16:56:30","modified_gmt":"2026-04-28T16:56:30","slug":"marmite-basculante-550-l-indirect-gaz","status":"publish","type":"product","link":"https:\/\/gastora.eu\/en\/product\/marmite-basculante-550-l-indirect-gaz\/","title":{"rendered":"Marmite basculante &#8211; 550 L &#8211; Indirect &#8211; gaz"},"content":{"rendered":"<p>Avec une capacit\u00e9 de 550 litres, vous pouvez rapidement cuire, cuire au four ou pocher de grandes quantit\u00e9s d&#8217;aliments.<\/p>\n<h3>Syst\u00e8me de chauffage indirect<\/h3>\n<p>Cette marmite est dot\u00e9e d&#8217;une double paroi, dont l&#8217;int\u00e9rieur est rempli d&#8217;eau. Par cons\u00e9quent, elle n&#8217;est pas chauff\u00e9e directement au fond, mais de mani\u00e8re plus uniforme sur toute la paroi. Le risque de br\u00fblure est donc tr\u00e8s faible. C&#8217;est ce que l&#8217;on appelle un syst\u00e8me de chauffage indirect. Ce syst\u00e8me est parfait pour la pr\u00e9paration d&#8217;aliments liquides, comme les soupes, les sauces, les bouillons et les cr\u00e8mes. Gr\u00e2ce au mat\u00e9riau isolant suppl\u00e9mentaire dont est faite la marmite, la perte de chaleur et la consommation d&#8217;\u00e9nergie sont r\u00e9duites au minimum. En outre, un thermostat de s\u00e9curit\u00e9 prot\u00e8ge \u00e9galement contre un niveau d&#8217;eau trop bas, afin que les plats ne br\u00fblent pas trop rapidement. Un manom\u00e8tre pratique est plac\u00e9 sur le dessus de la marmite pour lire la pression plus facilement.<\/p>\n<h3>Convivialit\u00e9<\/h3>\n<p>La fonction la plus pratique de cette marmite \u00e0 gaz est son inclinaison. L&#8217;inclinaison permet d&#8217;ajouter plus facilement des ingr\u00e9dients, de les m\u00e9langer correctement ou de verser le contenu. Un large bec verseur est \u00e9galement pr\u00e9vu \u00e0 cet effet et l&#8217;inclinaison est enti\u00e8rement automatis\u00e9e via le panneau de commande. Le couvercle d&#8217;une marmite est g\u00e9n\u00e9ralement assez grand et lourd, mais gr\u00e2ce au m\u00e9canisme de poids de celle-ci, vous pouvez l&#8217;ouvrir et le fermer sans effort, ce qui rend cette marmite tr\u00e8s conviviale. Et comme l&#8217;acier inoxydable a \u00e9t\u00e9 utilis\u00e9 partout et que la chaudi\u00e8re est ronde \u00e0 l&#8217;int\u00e9rieur, elle est \u00e9galement facile \u00e0 nettoyer. Enfin, elle est \u00e9galement \u00e9quip\u00e9e de roulettes pour faciliter les d\u00e9placements en cas de besoin.<\/p>\n<p><strong>Caract\u00e9ristiques<\/strong><\/p>\n<ul>\n<li>Syst\u00e8me de chauffage indirect avec saturation de la vapeur jusqu&#8217;\u00e0 110\u00b0C<\/li>\n<li>Br\u00fbleurs microperfor\u00e9s en acier inoxydable avec protection de la flamme pour plus de s\u00e9curit\u00e9<\/li>\n<li>Soupape de s\u00e9curit\u00e9 emp\u00eachant la surpression de la vapeur<\/li>\n<li>\u00c9lectrovanne et robinet pivotant chrom\u00e9 pour le remplissage en eau chaude ou froide<\/li>\n<li>\u00c9quip\u00e9 d&#8217;un robinet de vidange pour faciliter l&#8217;\u00e9vacuation des aliments<\/li>\n<li>Contient une soupape externe pour \u00e9vacuer l&#8217;air exc\u00e9dentaire<\/li>\n<li>Allumage pi\u00e9zo<\/li>\n<li>Construction tr\u00e8s durable<\/li>\n<li>Conception hygi\u00e9nique<\/li>\n<\/ul>\n<p><strong>Caract\u00e9ristiques du produit<\/strong><\/p>\n<ul>\n<li>Poids net : 440,1 kg<\/li>\n<li>Capacit\u00e9 nette : 500L<\/li>\n<li>Dimensions de l&#8217;appareil : L192,8 x P165 x H108,7cm<\/li>\n<li>Puissance totale du gaz : 56,0 kW<\/li>\n<li>Injecteurs de gaz install\u00e9s : G25 &#8211; gaz naturel<\/li>\n<li>Jeu suppl\u00e9mentaire d&#8217;injecteurs de gaz : G30 &#8211; GPL (propane \/ butane)<\/li>\n<\/ul>\n<div id=\"description\" class=\"data item content\" aria-labelledby=\"tab-label-description-title\" data-role=\"content\">\n<div class=\"item-content-inner\">\n<div class=\"product attribute description\">\n<div class=\"value\">\n<p><em><strong>Remarque : le produit illustr\u00e9 peut diff\u00e9rer l\u00e9g\u00e8rement du mod\u00e8le r\u00e9el<\/strong><\/em><\/p>\n<\/div>\n<\/div>\n<\/div>\n<\/div>\n<div id=\"tab-label-pros.cons.tab\" class=\"data item title\"><\/div>","protected":false},"excerpt":{"rendered":"<p>Cette marmite professionnelle de 550 litres de Maxima fonctionne au gaz et est indispensable dans la cuisine professionnelle. Elle vous permet de pr\u00e9parer facilement les soupes, bouillons, sauces et cr\u00e8mes les plus savoureux. Avec cette version inclinable en particulier, vous vous facilitez encore plus la t\u00e2che.<\/p>","protected":false},"featured_media":7594,"template":"","meta":{"_acf_changed":false},"product_brand":[],"product_cat":[495],"product_tag":[],"class_list":{"0":"post-14423","1":"product","2":"type-product","3":"status-publish","4":"has-post-thumbnail","6":"product_cat-plaques-pianos-de-cuisson-2","8":"first","9":"instock","10":"sale","11":"taxable","12":"shipping-taxable","13":"purchasable","14":"product-type-simple"},"acf":[],"yoast_head":"<!-- This site is optimized with the Yoast SEO plugin v27.5 - https:\/\/yoast.com\/product\/yoast-seo-wordpress\/ -->\n<title>Marmite basculante - 550 L - Indirect - gaz - Gastora<\/title>\n<meta name=\"description\" content=\"Achetez Marmite basculante - 550 L - Indirect - gaz au meilleur prix, fiable et performant avec une livraison rapide\" \/>\n<meta name=\"robots\" content=\"index, follow, max-snippet:-1, max-image-preview:large, max-video-preview:-1\" \/>\n<link rel=\"canonical\" href=\"https:\/\/gastora.eu\/en\/product\/marmite-basculante-550-l-indirect-gaz\/\" \/>\n<meta property=\"og:locale\" content=\"en_US\" \/>\n<meta property=\"og:type\" content=\"article\" \/>\n<meta property=\"og:title\" content=\"Marmite basculante - 550 L - Indirect - gaz - Gastora\" \/>\n<meta property=\"og:description\" content=\"Achetez Marmite basculante - 550 L - Indirect - gaz au meilleur prix, fiable et performant avec une livraison rapide\" \/>\n<meta property=\"og:url\" content=\"https:\/\/gastora.eu\/en\/product\/marmite-basculante-550-l-indirect-gaz\/\" \/>\n<meta property=\"og:site_name\" content=\"Gastora\" \/>\n<meta property=\"article:modified_time\" content=\"2026-04-28T16:56:30+00:00\" \/>\n<meta name=\"twitter:card\" content=\"summary_large_image\" \/>\n<meta name=\"twitter:label1\" content=\"Est. reading time\" \/>\n\t<meta name=\"twitter:data1\" content=\"2 minutes\" \/>\n<script type=\"application\/ld+json\" class=\"yoast-schema-graph\">{\"@context\":\"https:\\\/\\\/schema.org\",\"@graph\":[{\"@type\":\"WebPage\",\"@id\":\"https:\\\/\\\/gastora.eu\\\/product\\\/marmite-basculante-550-l-indirect-gaz\\\/\",\"url\":\"https:\\\/\\\/gastora.eu\\\/product\\\/marmite-basculante-550-l-indirect-gaz\\\/\",\"name\":\"Marmite basculante - 550 L - Indirect - gaz - Gastora\",\"isPartOf\":{\"@id\":\"https:\\\/\\\/gastora.eu\\\/#website\"},\"primaryImageOfPage\":{\"@id\":\"https:\\\/\\\/gastora.eu\\\/product\\\/marmite-basculante-550-l-indirect-gaz\\\/#primaryimage\"},\"image\":{\"@id\":\"https:\\\/\\\/gastora.eu\\\/product\\\/marmite-basculante-550-l-indirect-gaz\\\/#primaryimage\"},\"thumbnailUrl\":\"https:\\\/\\\/gastora.eu\\\/wp-content\\\/uploads\\\/2026\\\/04\\\/img-3902-61656f8e8e976.jpg\",\"datePublished\":\"2026-04-25T17:50:11+00:00\",\"dateModified\":\"2026-04-28T16:56:30+00:00\",\"description\":\"Achetez Marmite basculante - 550 L - Indirect - gaz au meilleur prix, fiable et performant avec une livraison rapide\",\"breadcrumb\":{\"@id\":\"https:\\\/\\\/gastora.eu\\\/product\\\/marmite-basculante-550-l-indirect-gaz\\\/#breadcrumb\"},\"inLanguage\":\"en-US\",\"potentialAction\":[{\"@type\":\"ReadAction\",\"target\":[\"https:\\\/\\\/gastora.eu\\\/product\\\/marmite-basculante-550-l-indirect-gaz\\\/\"]}]},{\"@type\":\"ImageObject\",\"inLanguage\":\"en-US\",\"@id\":\"https:\\\/\\\/gastora.eu\\\/product\\\/marmite-basculante-550-l-indirect-gaz\\\/#primaryimage\",\"url\":\"https:\\\/\\\/gastora.eu\\\/wp-content\\\/uploads\\\/2026\\\/04\\\/img-3902-61656f8e8e976.jpg\",\"contentUrl\":\"https:\\\/\\\/gastora.eu\\\/wp-content\\\/uploads\\\/2026\\\/04\\\/img-3902-61656f8e8e976.jpg\",\"width\":1888,\"height\":2048},{\"@type\":\"BreadcrumbList\",\"@id\":\"https:\\\/\\\/gastora.eu\\\/product\\\/marmite-basculante-550-l-indirect-gaz\\\/#breadcrumb\",\"itemListElement\":[{\"@type\":\"ListItem\",\"position\":1,\"name\":\"Home\",\"item\":\"https:\\\/\\\/gastora.eu\\\/\"},{\"@type\":\"ListItem\",\"position\":2,\"name\":\"Shop\",\"item\":\"https:\\\/\\\/gastora.eu\\\/shop\\\/\"},{\"@type\":\"ListItem\",\"position\":3,\"name\":\"Marmite basculante &#8211; 550 L &#8211; Indirect &#8211; gaz\"}]},{\"@type\":\"WebSite\",\"@id\":\"https:\\\/\\\/gastora.eu\\\/#website\",\"url\":\"https:\\\/\\\/gastora.eu\\\/\",\"name\":\"Gastora\",\"description\":\"\u00c9quipements professionnels CHR\",\"publisher\":{\"@id\":\"https:\\\/\\\/gastora.eu\\\/#organization\"},\"potentialAction\":[{\"@type\":\"SearchAction\",\"target\":{\"@type\":\"EntryPoint\",\"urlTemplate\":\"https:\\\/\\\/gastora.eu\\\/?s={search_term_string}\"},\"query-input\":{\"@type\":\"PropertyValueSpecification\",\"valueRequired\":true,\"valueName\":\"search_term_string\"}}],\"inLanguage\":\"en-US\"},{\"@type\":\"Organization\",\"@id\":\"https:\\\/\\\/gastora.eu\\\/#organization\",\"name\":\"Gastora\",\"url\":\"https:\\\/\\\/gastora.eu\\\/\",\"logo\":{\"@type\":\"ImageObject\",\"inLanguage\":\"en-US\",\"@id\":\"https:\\\/\\\/gastora.eu\\\/#\\\/schema\\\/logo\\\/image\\\/\",\"url\":\"https:\\\/\\\/gastora.eu\\\/wp-content\\\/uploads\\\/2025\\\/12\\\/ChatGPT-Image-2-janv.-2026-22_52_47-1.png\",\"contentUrl\":\"https:\\\/\\\/gastora.eu\\\/wp-content\\\/uploads\\\/2025\\\/12\\\/ChatGPT-Image-2-janv.-2026-22_52_47-1.png\",\"width\":1536,\"height\":320,\"caption\":\"Gastora\"},\"image\":{\"@id\":\"https:\\\/\\\/gastora.eu\\\/#\\\/schema\\\/logo\\\/image\\\/\"}}]}<\/script>\n<!-- \/ Yoast SEO plugin. -->","yoast_head_json":{"title":"Marmite basculante - 550 L - Indirect - gaz - Gastora","description":"Achetez Marmite basculante - 550 L - Indirect - gaz au meilleur prix, fiable et performant avec une livraison rapide","robots":{"index":"index","follow":"follow","max-snippet":"max-snippet:-1","max-image-preview":"max-image-preview:large","max-video-preview":"max-video-preview:-1"},"canonical":"https:\/\/gastora.eu\/en\/product\/marmite-basculante-550-l-indirect-gaz\/","og_locale":"en_US","og_type":"article","og_title":"Marmite basculante - 550 L - Indirect - gaz - Gastora","og_description":"Achetez Marmite basculante - 550 L - Indirect - gaz au meilleur prix, fiable et performant avec une livraison rapide","og_url":"https:\/\/gastora.eu\/en\/product\/marmite-basculante-550-l-indirect-gaz\/","og_site_name":"Gastora","article_modified_time":"2026-04-28T16:56:30+00:00","twitter_card":"summary_large_image","twitter_misc":{"Est. reading time":"2 minutes"},"schema":{"@context":"https:\/\/schema.org","@graph":[{"@type":"WebPage","@id":"https:\/\/gastora.eu\/product\/marmite-basculante-550-l-indirect-gaz\/","url":"https:\/\/gastora.eu\/product\/marmite-basculante-550-l-indirect-gaz\/","name":"Marmite basculante - 550 L - Indirect - gaz - Gastora","isPartOf":{"@id":"https:\/\/gastora.eu\/#website"},"primaryImageOfPage":{"@id":"https:\/\/gastora.eu\/product\/marmite-basculante-550-l-indirect-gaz\/#primaryimage"},"image":{"@id":"https:\/\/gastora.eu\/product\/marmite-basculante-550-l-indirect-gaz\/#primaryimage"},"thumbnailUrl":"https:\/\/gastora.eu\/wp-content\/uploads\/2026\/04\/img-3902-61656f8e8e976.jpg","datePublished":"2026-04-25T17:50:11+00:00","dateModified":"2026-04-28T16:56:30+00:00","description":"Achetez Marmite basculante - 550 L - Indirect - gaz au meilleur prix, fiable et performant avec une livraison rapide","breadcrumb":{"@id":"https:\/\/gastora.eu\/product\/marmite-basculante-550-l-indirect-gaz\/#breadcrumb"},"inLanguage":"en-US","potentialAction":[{"@type":"ReadAction","target":["https:\/\/gastora.eu\/product\/marmite-basculante-550-l-indirect-gaz\/"]}]},{"@type":"ImageObject","inLanguage":"en-US","@id":"https:\/\/gastora.eu\/product\/marmite-basculante-550-l-indirect-gaz\/#primaryimage","url":"https:\/\/gastora.eu\/wp-content\/uploads\/2026\/04\/img-3902-61656f8e8e976.jpg","contentUrl":"https:\/\/gastora.eu\/wp-content\/uploads\/2026\/04\/img-3902-61656f8e8e976.jpg","width":1888,"height":2048},{"@type":"BreadcrumbList","@id":"https:\/\/gastora.eu\/product\/marmite-basculante-550-l-indirect-gaz\/#breadcrumb","itemListElement":[{"@type":"ListItem","position":1,"name":"Home","item":"https:\/\/gastora.eu\/"},{"@type":"ListItem","position":2,"name":"Shop","item":"https:\/\/gastora.eu\/shop\/"},{"@type":"ListItem","position":3,"name":"Marmite basculante &#8211; 550 L &#8211; Indirect &#8211; gaz"}]},{"@type":"WebSite","@id":"https:\/\/gastora.eu\/#website","url":"https:\/\/gastora.eu\/","name":"Gastora","description":"\u00c9quipements professionnels CHR","publisher":{"@id":"https:\/\/gastora.eu\/#organization"},"potentialAction":[{"@type":"SearchAction","target":{"@type":"EntryPoint","urlTemplate":"https:\/\/gastora.eu\/?s={search_term_string}"},"query-input":{"@type":"PropertyValueSpecification","valueRequired":true,"valueName":"search_term_string"}}],"inLanguage":"en-US"},{"@type":"Organization","@id":"https:\/\/gastora.eu\/#organization","name":"Gastora","url":"https:\/\/gastora.eu\/","logo":{"@type":"ImageObject","inLanguage":"en-US","@id":"https:\/\/gastora.eu\/#\/schema\/logo\/image\/","url":"https:\/\/gastora.eu\/wp-content\/uploads\/2025\/12\/ChatGPT-Image-2-janv.-2026-22_52_47-1.png","contentUrl":"https:\/\/gastora.eu\/wp-content\/uploads\/2025\/12\/ChatGPT-Image-2-janv.-2026-22_52_47-1.png","width":1536,"height":320,"caption":"Gastora"},"image":{"@id":"https:\/\/gastora.eu\/#\/schema\/logo\/image\/"}}]}},"jetpack_sharing_enabled":true,"_links":{"self":[{"href":"https:\/\/gastora.eu\/en\/wp-json\/wp\/v2\/product\/14423","targetHints":{"allow":["GET"]}}],"collection":[{"href":"https:\/\/gastora.eu\/en\/wp-json\/wp\/v2\/product"}],"about":[{"href":"https:\/\/gastora.eu\/en\/wp-json\/wp\/v2\/types\/product"}],"wp:featuredmedia":[{"embeddable":true,"href":"https:\/\/gastora.eu\/en\/wp-json\/wp\/v2\/media\/7594"}],"wp:attachment":[{"href":"https:\/\/gastora.eu\/en\/wp-json\/wp\/v2\/media?parent=14423"}],"wp:term":[{"taxonomy":"product_brand","embeddable":true,"href":"https:\/\/gastora.eu\/en\/wp-json\/wp\/v2\/product_brand?post=14423"},{"taxonomy":"product_cat","embeddable":true,"href":"https:\/\/gastora.eu\/en\/wp-json\/wp\/v2\/product_cat?post=14423"},{"taxonomy":"product_tag","embeddable":true,"href":"https:\/\/gastora.eu\/en\/wp-json\/wp\/v2\/product_tag?post=14423"}],"curies":[{"name":"wp","href":"https:\/\/api.w.org\/{rel}","templated":true}]}}