{"id":14417,"date":"2026-04-25T17:49:59","date_gmt":"2026-04-25T17:49:59","guid":{"rendered":"https:\/\/gastora.eu\/?post_type=product&#038;p=14417"},"modified":"2026-05-06T14:32:32","modified_gmt":"2026-05-06T14:32:32","slug":"premium-support-unit-double-profondeur-90-cm-ouvert","status":"publish","type":"product","link":"https:\/\/gastora.eu\/en\/product\/premium-support-unit-double-profondeur-90-cm-ouvert\/","title":{"rendered":"Premium support &#8211; unit\u00e9 double &#8211; profondeur 90 cm &#8211; ouvert"},"content":{"rendered":"<p>Si vous avez les magnifiques appareils de la gamme de cuisson 900 de Maxima dans votre cuisine, alors cette base triple est la pi\u00e8ce id\u00e9ale pour les compl\u00e9ter. La base est \u00e9quip\u00e9e d&#8217;un m\u00e9canisme de connexion simple pour que vous puissiez la connecter avec d&#8217;autres composants de la s\u00e9rie de la gamme de cuisson 900.<\/p>\n<h3>Beaucoup de rangement<\/h3>\n<p>Sur ce socle de qualit\u00e9 sup\u00e9rieure, non seulement vous placez vos appareils \u00e0 la hauteur de travail id\u00e9ale, mais vous disposez imm\u00e9diatement d&#8217;un espace de rangement important et pratique. Derri\u00e8re les portes de l&#8217;armoire, vous pouvez ranger soigneusement vos casseroles, po\u00eales et autres ustensiles afin de les avoir \u00e0 port\u00e9e de main au moment pr\u00e9cis o\u00f9 vous en avez besoin. Les portes s&#8217;ouvrent facilement, gr\u00e2ce aux larges poign\u00e9es, et se ferment aussi facilement \u00e0 l&#8217;aide de la fermeture magn\u00e9tique.<\/p>\n<h3>Id\u00e9al pour une utilisation dans une ligne de cuisson<\/h3>\n<p>Cette base a \u00e9t\u00e9 con\u00e7ue pour \u00eatre un \u00e9quipement extr\u00eamement robuste et convient donc parfaitement \u00e0 une utilisation quotidienne intensive dans toute cuisine professionnelle. Pour s&#8217;assurer que vous \u00eates toujours en mesure de vous adapter \u00e0 l&#8217;agencement de votre cuisine, Maxima propose des bases de diff\u00e9rentes tailles. Il existe \u00e9galement des bases avec une ou trois portes, ainsi que des bases ouvertes sans aucune porte.<\/p>\n<p><strong>Caract\u00e9ristiques du produit<\/strong><\/p>\n<ul>\n<li>Poids net : 23,5 kg<\/li>\n<li>Dimensions de la base : L80 x P74,3 x H57cm<\/li>\n<\/ul>","protected":false},"excerpt":{"rendered":"<p>Ce socle en acier inoxydable convient aux appareils de cuisine de la s\u00e9rie Cooking Range 900 de Maxima. Il est parfait pour maintenir les appareils de cuisine lourds et, en m\u00eame temps, pour cr\u00e9er une hauteur de travail id\u00e9ale. Il comprend \u00e9galement un grand espace de rangement suppl\u00e9mentaire dans le placard du dessous.<\/p>","protected":false},"featured_media":7582,"template":"","meta":{"_acf_changed":false},"product_brand":[],"product_cat":[495],"product_tag":[],"class_list":{"0":"post-14417","1":"product","2":"type-product","3":"status-publish","4":"has-post-thumbnail","6":"product_cat-plaques-pianos-de-cuisson-2","8":"first","9":"instock","10":"sale","11":"taxable","12":"shipping-taxable","13":"purchasable","14":"product-type-simple"},"acf":[],"yoast_head":"<!-- This site is optimized with the Yoast SEO plugin v27.5 - https:\/\/yoast.com\/product\/yoast-seo-wordpress\/ -->\n<title>Premium support - unit\u00e9 double - profondeur 90 cm - ouvert - Gastora<\/title>\n<meta name=\"description\" content=\"Achetez Premium support - unit\u00e9 double - profondeur 90 cm - ouvert au meilleur prix, fiable et performant avec une livraison rapide\" \/>\n<meta name=\"robots\" content=\"index, follow, max-snippet:-1, max-image-preview:large, max-video-preview:-1\" \/>\n<link rel=\"canonical\" href=\"https:\/\/gastora.eu\/en\/product\/premium-support-unit-double-profondeur-90-cm-ouvert\/\" \/>\n<meta property=\"og:locale\" content=\"en_US\" \/>\n<meta property=\"og:type\" content=\"article\" \/>\n<meta property=\"og:title\" content=\"Premium support - unit\u00e9 double - profondeur 90 cm - ouvert - Gastora\" \/>\n<meta property=\"og:description\" content=\"Achetez Premium support - unit\u00e9 double - profondeur 90 cm - ouvert au meilleur prix, fiable et performant avec une livraison rapide\" \/>\n<meta property=\"og:url\" content=\"https:\/\/gastora.eu\/en\/product\/premium-support-unit-double-profondeur-90-cm-ouvert\/\" \/>\n<meta property=\"og:site_name\" content=\"Gastora\" \/>\n<meta property=\"article:modified_time\" content=\"2026-05-06T14:32:32+00:00\" \/>\n<meta name=\"twitter:card\" content=\"summary_large_image\" \/>\n<meta name=\"twitter:label1\" content=\"Est. reading time\" \/>\n\t<meta name=\"twitter:data1\" content=\"1 minute\" \/>\n<script type=\"application\/ld+json\" class=\"yoast-schema-graph\">{\"@context\":\"https:\\\/\\\/schema.org\",\"@graph\":[{\"@type\":\"WebPage\",\"@id\":\"https:\\\/\\\/gastora.eu\\\/product\\\/premium-support-unit-double-profondeur-90-cm-ouvert\\\/\",\"url\":\"https:\\\/\\\/gastora.eu\\\/product\\\/premium-support-unit-double-profondeur-90-cm-ouvert\\\/\",\"name\":\"Premium support - unit\u00e9 double - profondeur 90 cm - ouvert - Gastora\",\"isPartOf\":{\"@id\":\"https:\\\/\\\/gastora.eu\\\/#website\"},\"primaryImageOfPage\":{\"@id\":\"https:\\\/\\\/gastora.eu\\\/product\\\/premium-support-unit-double-profondeur-90-cm-ouvert\\\/#primaryimage\"},\"image\":{\"@id\":\"https:\\\/\\\/gastora.eu\\\/product\\\/premium-support-unit-double-profondeur-90-cm-ouvert\\\/#primaryimage\"},\"thumbnailUrl\":\"https:\\\/\\\/gastora.eu\\\/wp-content\\\/uploads\\\/2026\\\/04\\\/700-serie-onderstel2-zonder-deuren-61656f82d958e.jpg\",\"datePublished\":\"2026-04-25T17:49:59+00:00\",\"dateModified\":\"2026-05-06T14:32:32+00:00\",\"description\":\"Achetez Premium support - unit\u00e9 double - profondeur 90 cm - ouvert au meilleur prix, fiable et performant avec une livraison rapide\",\"breadcrumb\":{\"@id\":\"https:\\\/\\\/gastora.eu\\\/product\\\/premium-support-unit-double-profondeur-90-cm-ouvert\\\/#breadcrumb\"},\"inLanguage\":\"en-US\",\"potentialAction\":[{\"@type\":\"ReadAction\",\"target\":[\"https:\\\/\\\/gastora.eu\\\/product\\\/premium-support-unit-double-profondeur-90-cm-ouvert\\\/\"]}]},{\"@type\":\"ImageObject\",\"inLanguage\":\"en-US\",\"@id\":\"https:\\\/\\\/gastora.eu\\\/product\\\/premium-support-unit-double-profondeur-90-cm-ouvert\\\/#primaryimage\",\"url\":\"https:\\\/\\\/gastora.eu\\\/wp-content\\\/uploads\\\/2026\\\/04\\\/700-serie-onderstel2-zonder-deuren-61656f82d958e.jpg\",\"contentUrl\":\"https:\\\/\\\/gastora.eu\\\/wp-content\\\/uploads\\\/2026\\\/04\\\/700-serie-onderstel2-zonder-deuren-61656f82d958e.jpg\",\"width\":1314,\"height\":1198},{\"@type\":\"BreadcrumbList\",\"@id\":\"https:\\\/\\\/gastora.eu\\\/product\\\/premium-support-unit-double-profondeur-90-cm-ouvert\\\/#breadcrumb\",\"itemListElement\":[{\"@type\":\"ListItem\",\"position\":1,\"name\":\"Home\",\"item\":\"https:\\\/\\\/gastora.eu\\\/\"},{\"@type\":\"ListItem\",\"position\":2,\"name\":\"Shop\",\"item\":\"https:\\\/\\\/gastora.eu\\\/shop\\\/\"},{\"@type\":\"ListItem\",\"position\":3,\"name\":\"Premium support &#8211; unit\u00e9 double &#8211; profondeur 90 cm &#8211; ouvert\"}]},{\"@type\":\"WebSite\",\"@id\":\"https:\\\/\\\/gastora.eu\\\/#website\",\"url\":\"https:\\\/\\\/gastora.eu\\\/\",\"name\":\"Gastora\",\"description\":\"\u00c9quipements professionnels CHR\",\"publisher\":{\"@id\":\"https:\\\/\\\/gastora.eu\\\/#organization\"},\"potentialAction\":[{\"@type\":\"SearchAction\",\"target\":{\"@type\":\"EntryPoint\",\"urlTemplate\":\"https:\\\/\\\/gastora.eu\\\/?s={search_term_string}\"},\"query-input\":{\"@type\":\"PropertyValueSpecification\",\"valueRequired\":true,\"valueName\":\"search_term_string\"}}],\"inLanguage\":\"en-US\"},{\"@type\":\"Organization\",\"@id\":\"https:\\\/\\\/gastora.eu\\\/#organization\",\"name\":\"Gastora\",\"url\":\"https:\\\/\\\/gastora.eu\\\/\",\"logo\":{\"@type\":\"ImageObject\",\"inLanguage\":\"en-US\",\"@id\":\"https:\\\/\\\/gastora.eu\\\/#\\\/schema\\\/logo\\\/image\\\/\",\"url\":\"https:\\\/\\\/gastora.eu\\\/wp-content\\\/uploads\\\/2025\\\/12\\\/ChatGPT-Image-2-janv.-2026-22_52_47-1.png\",\"contentUrl\":\"https:\\\/\\\/gastora.eu\\\/wp-content\\\/uploads\\\/2025\\\/12\\\/ChatGPT-Image-2-janv.-2026-22_52_47-1.png\",\"width\":1536,\"height\":320,\"caption\":\"Gastora\"},\"image\":{\"@id\":\"https:\\\/\\\/gastora.eu\\\/#\\\/schema\\\/logo\\\/image\\\/\"}}]}<\/script>\n<!-- \/ Yoast SEO plugin. -->","yoast_head_json":{"title":"Premium support - unit\u00e9 double - profondeur 90 cm - ouvert - Gastora","description":"Achetez Premium support - unit\u00e9 double - profondeur 90 cm - ouvert au meilleur prix, fiable et performant avec une livraison rapide","robots":{"index":"index","follow":"follow","max-snippet":"max-snippet:-1","max-image-preview":"max-image-preview:large","max-video-preview":"max-video-preview:-1"},"canonical":"https:\/\/gastora.eu\/en\/product\/premium-support-unit-double-profondeur-90-cm-ouvert\/","og_locale":"en_US","og_type":"article","og_title":"Premium support - unit\u00e9 double - profondeur 90 cm - ouvert - Gastora","og_description":"Achetez Premium support - unit\u00e9 double - profondeur 90 cm - ouvert au meilleur prix, fiable et performant avec une livraison rapide","og_url":"https:\/\/gastora.eu\/en\/product\/premium-support-unit-double-profondeur-90-cm-ouvert\/","og_site_name":"Gastora","article_modified_time":"2026-05-06T14:32:32+00:00","twitter_card":"summary_large_image","twitter_misc":{"Est. reading time":"1 minute"},"schema":{"@context":"https:\/\/schema.org","@graph":[{"@type":"WebPage","@id":"https:\/\/gastora.eu\/product\/premium-support-unit-double-profondeur-90-cm-ouvert\/","url":"https:\/\/gastora.eu\/product\/premium-support-unit-double-profondeur-90-cm-ouvert\/","name":"Premium support - unit\u00e9 double - profondeur 90 cm - ouvert - Gastora","isPartOf":{"@id":"https:\/\/gastora.eu\/#website"},"primaryImageOfPage":{"@id":"https:\/\/gastora.eu\/product\/premium-support-unit-double-profondeur-90-cm-ouvert\/#primaryimage"},"image":{"@id":"https:\/\/gastora.eu\/product\/premium-support-unit-double-profondeur-90-cm-ouvert\/#primaryimage"},"thumbnailUrl":"https:\/\/gastora.eu\/wp-content\/uploads\/2026\/04\/700-serie-onderstel2-zonder-deuren-61656f82d958e.jpg","datePublished":"2026-04-25T17:49:59+00:00","dateModified":"2026-05-06T14:32:32+00:00","description":"Achetez Premium support - unit\u00e9 double - profondeur 90 cm - ouvert au meilleur prix, fiable et performant avec une livraison rapide","breadcrumb":{"@id":"https:\/\/gastora.eu\/product\/premium-support-unit-double-profondeur-90-cm-ouvert\/#breadcrumb"},"inLanguage":"en-US","potentialAction":[{"@type":"ReadAction","target":["https:\/\/gastora.eu\/product\/premium-support-unit-double-profondeur-90-cm-ouvert\/"]}]},{"@type":"ImageObject","inLanguage":"en-US","@id":"https:\/\/gastora.eu\/product\/premium-support-unit-double-profondeur-90-cm-ouvert\/#primaryimage","url":"https:\/\/gastora.eu\/wp-content\/uploads\/2026\/04\/700-serie-onderstel2-zonder-deuren-61656f82d958e.jpg","contentUrl":"https:\/\/gastora.eu\/wp-content\/uploads\/2026\/04\/700-serie-onderstel2-zonder-deuren-61656f82d958e.jpg","width":1314,"height":1198},{"@type":"BreadcrumbList","@id":"https:\/\/gastora.eu\/product\/premium-support-unit-double-profondeur-90-cm-ouvert\/#breadcrumb","itemListElement":[{"@type":"ListItem","position":1,"name":"Home","item":"https:\/\/gastora.eu\/"},{"@type":"ListItem","position":2,"name":"Shop","item":"https:\/\/gastora.eu\/shop\/"},{"@type":"ListItem","position":3,"name":"Premium support &#8211; unit\u00e9 double &#8211; profondeur 90 cm &#8211; ouvert"}]},{"@type":"WebSite","@id":"https:\/\/gastora.eu\/#website","url":"https:\/\/gastora.eu\/","name":"Gastora","description":"\u00c9quipements professionnels CHR","publisher":{"@id":"https:\/\/gastora.eu\/#organization"},"potentialAction":[{"@type":"SearchAction","target":{"@type":"EntryPoint","urlTemplate":"https:\/\/gastora.eu\/?s={search_term_string}"},"query-input":{"@type":"PropertyValueSpecification","valueRequired":true,"valueName":"search_term_string"}}],"inLanguage":"en-US"},{"@type":"Organization","@id":"https:\/\/gastora.eu\/#organization","name":"Gastora","url":"https:\/\/gastora.eu\/","logo":{"@type":"ImageObject","inLanguage":"en-US","@id":"https:\/\/gastora.eu\/#\/schema\/logo\/image\/","url":"https:\/\/gastora.eu\/wp-content\/uploads\/2025\/12\/ChatGPT-Image-2-janv.-2026-22_52_47-1.png","contentUrl":"https:\/\/gastora.eu\/wp-content\/uploads\/2025\/12\/ChatGPT-Image-2-janv.-2026-22_52_47-1.png","width":1536,"height":320,"caption":"Gastora"},"image":{"@id":"https:\/\/gastora.eu\/#\/schema\/logo\/image\/"}}]}},"jetpack_sharing_enabled":true,"_links":{"self":[{"href":"https:\/\/gastora.eu\/en\/wp-json\/wp\/v2\/product\/14417","targetHints":{"allow":["GET"]}}],"collection":[{"href":"https:\/\/gastora.eu\/en\/wp-json\/wp\/v2\/product"}],"about":[{"href":"https:\/\/gastora.eu\/en\/wp-json\/wp\/v2\/types\/product"}],"wp:featuredmedia":[{"embeddable":true,"href":"https:\/\/gastora.eu\/en\/wp-json\/wp\/v2\/media\/7582"}],"wp:attachment":[{"href":"https:\/\/gastora.eu\/en\/wp-json\/wp\/v2\/media?parent=14417"}],"wp:term":[{"taxonomy":"product_brand","embeddable":true,"href":"https:\/\/gastora.eu\/en\/wp-json\/wp\/v2\/product_brand?post=14417"},{"taxonomy":"product_cat","embeddable":true,"href":"https:\/\/gastora.eu\/en\/wp-json\/wp\/v2\/product_cat?post=14417"},{"taxonomy":"product_tag","embeddable":true,"href":"https:\/\/gastora.eu\/en\/wp-json\/wp\/v2\/product_tag?post=14417"}],"curies":[{"name":"wp","href":"https:\/\/api.w.org\/{rel}","templated":true}]}}