{"id":14416,"date":"2026-04-25T17:49:58","date_gmt":"2026-04-25T17:49:58","guid":{"rendered":"https:\/\/gastora.eu\/?post_type=product&#038;p=14416"},"modified":"2026-04-28T16:56:29","modified_gmt":"2026-04-28T16:56:29","slug":"premium-support-unit-simple-profondeur-90-cm-ouvert","status":"publish","type":"product","link":"https:\/\/gastora.eu\/en\/product\/premium-support-unit-simple-profondeur-90-cm-ouvert\/","title":{"rendered":"Premium support &#8211; unit\u00e9 simple &#8211; profondeur 90 cm &#8211; ouvert"},"content":{"rendered":"<p>Si vous utilisez l&#8217;un des appareils de la s\u00e9rie 900 Cooking Line dans votre cuisine, une base solide et robuste est indispensable. Lorsque vous achetez une base, vous pouvez la connecter \u00e0 d&#8217;autres \u00e9l\u00e9ments de la s\u00e9rie 900 gr\u00e2ce au m\u00e9canisme de connexion. Cela vous permet non seulement de placer les diff\u00e9rents appareils de cuisine \u00e0 la bonne hauteur de travail ergonomique, mais aussi de cr\u00e9er un espace de rangement suppl\u00e9mentaire pour les casseroles et les po\u00eales<\/p>\n<h3>.Id\u00e9al pour une ligne de cuissonCe<\/h3>\n<p>socle professionnel en acier inoxydable convient \u00e0 une utilisation quotidienne intensive dans les cuisines professionnelles. Il peut \u00e9galement \u00eatre plac\u00e9 dans une ligne de cuisson. Ce support simple de 40 x 90 cm est \u00e9galement disponible en version triple de 120 x 90 cm, avec ou sans porte.<\/p>\n<h3>Facile \u00e0 nettoyerComme<\/h3>\n<p>le chariot est dot\u00e9 de pieds solides, vous pouvez travailler en toute s\u00e9curit\u00e9 dans la cuisine. Les surfaces en acier inoxydable facilitent le nettoyage. Un chiffon humide et un d\u00e9tergent doux suffisent pour un nettoyage hygi\u00e9nique.<\/p>\n<ul>\n<li>Robuste et enti\u00e8rement en acier inoxydable, facile \u00e0 nettoyer<\/li>\n<li>S&#8217;adapte \u00e0 tous les \u00e9l\u00e9ments de la s\u00e9rie 900, donc compatible et compl\u00e8te le mur de friture<\/li>\n<li>Espace de rangement suppl\u00e9mentaire, pour ne pas laisser tra\u00eener les ustensiles<\/li>\n<li>Repose sur des pieds robustes pour plus de stabilit\u00e9<\/li>\n<\/ul>\n<p>Caract\u00e9ristiques du produit<\/p>\n<ul>\n<li>Poids net : 13 kg<\/li>\n<li>Dimensions de l&#8217;armoire : L400 x P743 x H570 mm<\/li>\n<\/ul>\n<ul>\n<li>Poids net : 13 kg<\/li>\n<li>Dimensions du ch\u00e2ssis : L40 x P74,3 x H57cm<br \/>","protected":false},"excerpt":{"rendered":"<p>Ce support en acier inoxydable convient aux appareils de la s\u00e9rie 900 Cooking Line. Tout comme le reste de la gamme, il est con\u00e7u pour une utilisation quotidienne intensive. Il peut \u00eatre combin\u00e9 avec des tables de cuisson, des grilles et des plans de travail pour que vous puissiez toujours travailler \u00e0 la bonne hauteur. Le support est parfait pour ranger des objets dans votre cuisine.<\/p>","protected":false},"featured_media":7580,"template":"","meta":{"_acf_changed":false},"product_brand":[],"product_cat":[495],"product_tag":[],"class_list":{"0":"post-14416","1":"product","2":"type-product","3":"status-publish","4":"has-post-thumbnail","6":"product_cat-plaques-pianos-de-cuisson-2","8":"first","9":"instock","10":"sale","11":"taxable","12":"shipping-taxable","13":"purchasable","14":"product-type-simple"},"acf":[],"yoast_head":"<!-- This site is optimized with the Yoast SEO plugin v27.5 - https:\/\/yoast.com\/product\/yoast-seo-wordpress\/ -->\n<title>Premium support - unit\u00e9 simple - profondeur 90 cm - ouvert - Gastora<\/title>\n<meta name=\"description\" content=\"Achetez Premium support - unit\u00e9 simple - profondeur 90 cm - ouvert au meilleur prix, fiable et performant avec une livraison rapide\" \/>\n<meta name=\"robots\" content=\"index, follow, max-snippet:-1, max-image-preview:large, max-video-preview:-1\" \/>\n<link rel=\"canonical\" href=\"https:\/\/gastora.eu\/en\/product\/premium-support-unit-simple-profondeur-90-cm-ouvert\/\" \/>\n<meta property=\"og:locale\" content=\"en_US\" \/>\n<meta property=\"og:type\" content=\"article\" \/>\n<meta property=\"og:title\" content=\"Premium support - unit\u00e9 simple - profondeur 90 cm - ouvert - Gastora\" \/>\n<meta property=\"og:description\" content=\"Achetez Premium support - unit\u00e9 simple - profondeur 90 cm - ouvert au meilleur prix, fiable et performant avec une livraison rapide\" \/>\n<meta property=\"og:url\" content=\"https:\/\/gastora.eu\/en\/product\/premium-support-unit-simple-profondeur-90-cm-ouvert\/\" \/>\n<meta property=\"og:site_name\" content=\"Gastora\" \/>\n<meta property=\"article:modified_time\" content=\"2026-04-28T16:56:29+00:00\" \/>\n<meta name=\"twitter:card\" content=\"summary_large_image\" \/>\n<meta name=\"twitter:label1\" content=\"Est. reading time\" \/>\n\t<meta name=\"twitter:data1\" content=\"1 minute\" \/>\n<script type=\"application\/ld+json\" class=\"yoast-schema-graph\">{\"@context\":\"https:\\\/\\\/schema.org\",\"@graph\":[{\"@type\":\"WebPage\",\"@id\":\"https:\\\/\\\/gastora.eu\\\/product\\\/premium-support-unit-simple-profondeur-90-cm-ouvert\\\/\",\"url\":\"https:\\\/\\\/gastora.eu\\\/product\\\/premium-support-unit-simple-profondeur-90-cm-ouvert\\\/\",\"name\":\"Premium support - unit\u00e9 simple - profondeur 90 cm - ouvert - Gastora\",\"isPartOf\":{\"@id\":\"https:\\\/\\\/gastora.eu\\\/#website\"},\"primaryImageOfPage\":{\"@id\":\"https:\\\/\\\/gastora.eu\\\/product\\\/premium-support-unit-simple-profondeur-90-cm-ouvert\\\/#primaryimage\"},\"image\":{\"@id\":\"https:\\\/\\\/gastora.eu\\\/product\\\/premium-support-unit-simple-profondeur-90-cm-ouvert\\\/#primaryimage\"},\"thumbnailUrl\":\"https:\\\/\\\/gastora.eu\\\/wp-content\\\/uploads\\\/2026\\\/04\\\/700-serie-onderstel1-zonder-deuren-61656f82cbdc8.jpg\",\"datePublished\":\"2026-04-25T17:49:58+00:00\",\"dateModified\":\"2026-04-28T16:56:29+00:00\",\"description\":\"Achetez Premium support - unit\u00e9 simple - profondeur 90 cm - ouvert au meilleur prix, fiable et performant avec une livraison rapide\",\"breadcrumb\":{\"@id\":\"https:\\\/\\\/gastora.eu\\\/product\\\/premium-support-unit-simple-profondeur-90-cm-ouvert\\\/#breadcrumb\"},\"inLanguage\":\"en-US\",\"potentialAction\":[{\"@type\":\"ReadAction\",\"target\":[\"https:\\\/\\\/gastora.eu\\\/product\\\/premium-support-unit-simple-profondeur-90-cm-ouvert\\\/\"]}]},{\"@type\":\"ImageObject\",\"inLanguage\":\"en-US\",\"@id\":\"https:\\\/\\\/gastora.eu\\\/product\\\/premium-support-unit-simple-profondeur-90-cm-ouvert\\\/#primaryimage\",\"url\":\"https:\\\/\\\/gastora.eu\\\/wp-content\\\/uploads\\\/2026\\\/04\\\/700-serie-onderstel1-zonder-deuren-61656f82cbdc8.jpg\",\"contentUrl\":\"https:\\\/\\\/gastora.eu\\\/wp-content\\\/uploads\\\/2026\\\/04\\\/700-serie-onderstel1-zonder-deuren-61656f82cbdc8.jpg\",\"width\":1401,\"height\":1401},{\"@type\":\"BreadcrumbList\",\"@id\":\"https:\\\/\\\/gastora.eu\\\/product\\\/premium-support-unit-simple-profondeur-90-cm-ouvert\\\/#breadcrumb\",\"itemListElement\":[{\"@type\":\"ListItem\",\"position\":1,\"name\":\"Home\",\"item\":\"https:\\\/\\\/gastora.eu\\\/\"},{\"@type\":\"ListItem\",\"position\":2,\"name\":\"Shop\",\"item\":\"https:\\\/\\\/gastora.eu\\\/shop\\\/\"},{\"@type\":\"ListItem\",\"position\":3,\"name\":\"Premium support &#8211; unit\u00e9 simple &#8211; profondeur 90 cm &#8211; ouvert\"}]},{\"@type\":\"WebSite\",\"@id\":\"https:\\\/\\\/gastora.eu\\\/#website\",\"url\":\"https:\\\/\\\/gastora.eu\\\/\",\"name\":\"Gastora\",\"description\":\"\u00c9quipements professionnels CHR\",\"publisher\":{\"@id\":\"https:\\\/\\\/gastora.eu\\\/#organization\"},\"potentialAction\":[{\"@type\":\"SearchAction\",\"target\":{\"@type\":\"EntryPoint\",\"urlTemplate\":\"https:\\\/\\\/gastora.eu\\\/?s={search_term_string}\"},\"query-input\":{\"@type\":\"PropertyValueSpecification\",\"valueRequired\":true,\"valueName\":\"search_term_string\"}}],\"inLanguage\":\"en-US\"},{\"@type\":\"Organization\",\"@id\":\"https:\\\/\\\/gastora.eu\\\/#organization\",\"name\":\"Gastora\",\"url\":\"https:\\\/\\\/gastora.eu\\\/\",\"logo\":{\"@type\":\"ImageObject\",\"inLanguage\":\"en-US\",\"@id\":\"https:\\\/\\\/gastora.eu\\\/#\\\/schema\\\/logo\\\/image\\\/\",\"url\":\"https:\\\/\\\/gastora.eu\\\/wp-content\\\/uploads\\\/2025\\\/12\\\/ChatGPT-Image-2-janv.-2026-22_52_47-1.png\",\"contentUrl\":\"https:\\\/\\\/gastora.eu\\\/wp-content\\\/uploads\\\/2025\\\/12\\\/ChatGPT-Image-2-janv.-2026-22_52_47-1.png\",\"width\":1536,\"height\":320,\"caption\":\"Gastora\"},\"image\":{\"@id\":\"https:\\\/\\\/gastora.eu\\\/#\\\/schema\\\/logo\\\/image\\\/\"}}]}<\/script>\n<!-- \/ Yoast SEO plugin. -->","yoast_head_json":{"title":"Premium support - unit\u00e9 simple - profondeur 90 cm - ouvert - Gastora","description":"Achetez Premium support - unit\u00e9 simple - profondeur 90 cm - ouvert au meilleur prix, fiable et performant avec une livraison rapide","robots":{"index":"index","follow":"follow","max-snippet":"max-snippet:-1","max-image-preview":"max-image-preview:large","max-video-preview":"max-video-preview:-1"},"canonical":"https:\/\/gastora.eu\/en\/product\/premium-support-unit-simple-profondeur-90-cm-ouvert\/","og_locale":"en_US","og_type":"article","og_title":"Premium support - unit\u00e9 simple - profondeur 90 cm - ouvert - Gastora","og_description":"Achetez Premium support - unit\u00e9 simple - profondeur 90 cm - ouvert au meilleur prix, fiable et performant avec une livraison rapide","og_url":"https:\/\/gastora.eu\/en\/product\/premium-support-unit-simple-profondeur-90-cm-ouvert\/","og_site_name":"Gastora","article_modified_time":"2026-04-28T16:56:29+00:00","twitter_card":"summary_large_image","twitter_misc":{"Est. reading time":"1 minute"},"schema":{"@context":"https:\/\/schema.org","@graph":[{"@type":"WebPage","@id":"https:\/\/gastora.eu\/product\/premium-support-unit-simple-profondeur-90-cm-ouvert\/","url":"https:\/\/gastora.eu\/product\/premium-support-unit-simple-profondeur-90-cm-ouvert\/","name":"Premium support - unit\u00e9 simple - profondeur 90 cm - ouvert - Gastora","isPartOf":{"@id":"https:\/\/gastora.eu\/#website"},"primaryImageOfPage":{"@id":"https:\/\/gastora.eu\/product\/premium-support-unit-simple-profondeur-90-cm-ouvert\/#primaryimage"},"image":{"@id":"https:\/\/gastora.eu\/product\/premium-support-unit-simple-profondeur-90-cm-ouvert\/#primaryimage"},"thumbnailUrl":"https:\/\/gastora.eu\/wp-content\/uploads\/2026\/04\/700-serie-onderstel1-zonder-deuren-61656f82cbdc8.jpg","datePublished":"2026-04-25T17:49:58+00:00","dateModified":"2026-04-28T16:56:29+00:00","description":"Achetez Premium support - unit\u00e9 simple - profondeur 90 cm - ouvert au meilleur prix, fiable et performant avec une livraison rapide","breadcrumb":{"@id":"https:\/\/gastora.eu\/product\/premium-support-unit-simple-profondeur-90-cm-ouvert\/#breadcrumb"},"inLanguage":"en-US","potentialAction":[{"@type":"ReadAction","target":["https:\/\/gastora.eu\/product\/premium-support-unit-simple-profondeur-90-cm-ouvert\/"]}]},{"@type":"ImageObject","inLanguage":"en-US","@id":"https:\/\/gastora.eu\/product\/premium-support-unit-simple-profondeur-90-cm-ouvert\/#primaryimage","url":"https:\/\/gastora.eu\/wp-content\/uploads\/2026\/04\/700-serie-onderstel1-zonder-deuren-61656f82cbdc8.jpg","contentUrl":"https:\/\/gastora.eu\/wp-content\/uploads\/2026\/04\/700-serie-onderstel1-zonder-deuren-61656f82cbdc8.jpg","width":1401,"height":1401},{"@type":"BreadcrumbList","@id":"https:\/\/gastora.eu\/product\/premium-support-unit-simple-profondeur-90-cm-ouvert\/#breadcrumb","itemListElement":[{"@type":"ListItem","position":1,"name":"Home","item":"https:\/\/gastora.eu\/"},{"@type":"ListItem","position":2,"name":"Shop","item":"https:\/\/gastora.eu\/shop\/"},{"@type":"ListItem","position":3,"name":"Premium support &#8211; unit\u00e9 simple &#8211; profondeur 90 cm &#8211; ouvert"}]},{"@type":"WebSite","@id":"https:\/\/gastora.eu\/#website","url":"https:\/\/gastora.eu\/","name":"Gastora","description":"\u00c9quipements professionnels CHR","publisher":{"@id":"https:\/\/gastora.eu\/#organization"},"potentialAction":[{"@type":"SearchAction","target":{"@type":"EntryPoint","urlTemplate":"https:\/\/gastora.eu\/?s={search_term_string}"},"query-input":{"@type":"PropertyValueSpecification","valueRequired":true,"valueName":"search_term_string"}}],"inLanguage":"en-US"},{"@type":"Organization","@id":"https:\/\/gastora.eu\/#organization","name":"Gastora","url":"https:\/\/gastora.eu\/","logo":{"@type":"ImageObject","inLanguage":"en-US","@id":"https:\/\/gastora.eu\/#\/schema\/logo\/image\/","url":"https:\/\/gastora.eu\/wp-content\/uploads\/2025\/12\/ChatGPT-Image-2-janv.-2026-22_52_47-1.png","contentUrl":"https:\/\/gastora.eu\/wp-content\/uploads\/2025\/12\/ChatGPT-Image-2-janv.-2026-22_52_47-1.png","width":1536,"height":320,"caption":"Gastora"},"image":{"@id":"https:\/\/gastora.eu\/#\/schema\/logo\/image\/"}}]}},"jetpack_sharing_enabled":true,"_links":{"self":[{"href":"https:\/\/gastora.eu\/en\/wp-json\/wp\/v2\/product\/14416","targetHints":{"allow":["GET"]}}],"collection":[{"href":"https:\/\/gastora.eu\/en\/wp-json\/wp\/v2\/product"}],"about":[{"href":"https:\/\/gastora.eu\/en\/wp-json\/wp\/v2\/types\/product"}],"wp:featuredmedia":[{"embeddable":true,"href":"https:\/\/gastora.eu\/en\/wp-json\/wp\/v2\/media\/7580"}],"wp:attachment":[{"href":"https:\/\/gastora.eu\/en\/wp-json\/wp\/v2\/media?parent=14416"}],"wp:term":[{"taxonomy":"product_brand","embeddable":true,"href":"https:\/\/gastora.eu\/en\/wp-json\/wp\/v2\/product_brand?post=14416"},{"taxonomy":"product_cat","embeddable":true,"href":"https:\/\/gastora.eu\/en\/wp-json\/wp\/v2\/product_cat?post=14416"},{"taxonomy":"product_tag","embeddable":true,"href":"https:\/\/gastora.eu\/en\/wp-json\/wp\/v2\/product_tag?post=14416"}],"curies":[{"name":"wp","href":"https:\/\/api.w.org\/{rel}","templated":true}]}}