{"id":14413,"date":"2026-04-25T17:49:55","date_gmt":"2026-04-25T17:49:55","guid":{"rendered":"https:\/\/gastora.eu\/?post_type=product&#038;p=14413"},"modified":"2026-04-28T16:56:29","modified_gmt":"2026-04-28T16:56:29","slug":"premium-rchaud-frites-unit-simple-profondeur-90-cm-lectrique","status":"publish","type":"product","link":"https:\/\/gastora.eu\/en\/product\/premium-rchaud-frites-unit-simple-profondeur-90-cm-lectrique\/","title":{"rendered":"Premium r\u00e9chaud \u00e0 frites &#8211; unit\u00e9 simple &#8211; profondeur 90 cm &#8211; \u00e9lectrique"},"content":{"rendered":"<p>Les frites sont toujours l&#8217;un des en-cas les plus populaires et on les trouve un peu partout : dans les restaurants, les caf\u00e9s, les snack-bars et les cantines d&#8217;entreprise. Une unit\u00e9 de r\u00e9chauffage des frites est tout aussi indispensable qu&#8217;une friteuse elle-m\u00eame, car des frites chaudes et croustillantes doivent rester chaudes et croustillantes.<\/p>\n<h3>Facile \u00e0 utiliser<\/h3>\n<p>Le chauffe-frites est \u00e9quip\u00e9 \u00e0 l&#8217;arri\u00e8re d&#8217;un \u00e9l\u00e9ment chauffant \u00e0 infrarouge qui peut \u00eatre r\u00e9gl\u00e9 \u00e0 l&#8217;aide du thermostat \u00e0 des temp\u00e9ratures comprises entre 110 et 190\u00b0C. Ce n&#8217;est pas seulement la temp\u00e9rature qui maintient les frites chaudes, croustillantes et fra\u00eeches, mais aussi le fond du chauffe-frites. Sa surface est perfor\u00e9e de sorte que l&#8217;exc\u00e8s de graisse est r\u00e9cup\u00e9r\u00e9 dans le bac de r\u00e9cup\u00e9ration situ\u00e9 en dessous. Ainsi, m\u00eame les frites qui se trouvent sur le fond restent fra\u00eeches et savoureuses. Le fond perfor\u00e9 a \u00e9galement une forme l\u00e9g\u00e8rement incurv\u00e9e de sorte que vous puissiez retirer les frites plus facilement.<\/p>\n<h3>Une construction robuste<\/h3>\n<p>Le choix des mat\u00e9riaux et la conception intelligente du chauffe-frites lui permettent de r\u00e9sister \u00e0 l&#8217;utilisation quotidienne intensive dans les cuisines de restauration tr\u00e8s fr\u00e9quent\u00e9es. Cet appareil est enti\u00e8rement fabriqu\u00e9 en acier inoxydable, tout comme la plaque de fond et le bac de r\u00e9cup\u00e9ration de l&#8217;huile.<\/p>\n<p>L&#8217;acier inoxydable lisse, les soudures sans joints et les coins arrondis emp\u00eachent la salet\u00e9 de s&#8217;accumuler dans les coins ou sur les surfaces, ce qui rend le chauffe-frites tr\u00e8s facile \u00e0 nettoyer. Gr\u00e2ce \u00e0 ses quatre pieds robustes en acier inoxydable, il reste toujours bien en place. Il est \u00e9galement possible de commander un socle, disponible en version ouverte ou avec une porte d&#8217;armoire en dessous.<\/p>\n<p><strong>Caract\u00e9ristiques du produit<\/strong><\/p>\n<ul>\n<li>Poids net : 21 kg<\/li>\n<li>Dimensions de l&#8217;appareil : L40 x P90 x H28cm<\/li>\n<li>Puissance \u00e9lectrique totale : 1 kW<\/li>\n<li>Puissance : 230V \/ 50Hz \/ 1 Phase 1000W<\/li>\n<\/ul>\n<p><strong>Ce produit est livr\u00e9 sans prise.<\/strong><\/p>","protected":false},"excerpt":{"rendered":"<p>Les frites fra\u00eechement pr\u00e9par\u00e9es doivent toujours \u00eatre maintenues au chaud pour conserver leur texture croustillante. Une unit\u00e9 \u00e9lectrique de r\u00e9chauffage des frites est indispensable pour les snack-bars et autres \u00e9tablissements de restauration o\u00f9 de d\u00e9licieuses frites doivent toujours \u00eatre pr\u00eates \u00e0 \u00eatre servies. Cette unit\u00e9 peut \u00eatre plac\u00e9e dans une ligne de cuisson et est disponible avec une base en acier inoxydable.<\/p>","protected":false},"featured_media":7574,"template":"","meta":{"_acf_changed":false},"product_brand":[],"product_cat":[495],"product_tag":[],"class_list":{"0":"post-14413","1":"product","2":"type-product","3":"status-publish","4":"has-post-thumbnail","6":"product_cat-plaques-pianos-de-cuisson-2","8":"first","9":"instock","10":"sale","11":"taxable","12":"shipping-taxable","13":"purchasable","14":"product-type-simple"},"acf":[],"yoast_head":"<!-- This site is optimized with the Yoast SEO plugin v27.5 - https:\/\/yoast.com\/product\/yoast-seo-wordpress\/ -->\n<title>Premium r\u00e9chaud \u00e0 frites - unit\u00e9 simple - profondeur 90 cm - \u00e9lectrique - Gastora<\/title>\n<meta name=\"description\" content=\"Achetez Premium r\u00e9chaud \u00e0 frites - unit\u00e9 simple - profondeur 90 cm - \u00e9lectrique au meilleur prix, fiable et performant avec une livraison rapide\" \/>\n<meta name=\"robots\" content=\"index, follow, max-snippet:-1, max-image-preview:large, max-video-preview:-1\" \/>\n<link rel=\"canonical\" href=\"https:\/\/gastora.eu\/en\/product\/premium-rchaud-frites-unit-simple-profondeur-90-cm-lectrique\/\" \/>\n<meta property=\"og:locale\" content=\"en_US\" \/>\n<meta property=\"og:type\" content=\"article\" \/>\n<meta property=\"og:title\" content=\"Premium r\u00e9chaud \u00e0 frites - unit\u00e9 simple - profondeur 90 cm - \u00e9lectrique - Gastora\" \/>\n<meta property=\"og:description\" content=\"Achetez Premium r\u00e9chaud \u00e0 frites - unit\u00e9 simple - profondeur 90 cm - \u00e9lectrique au meilleur prix, fiable et performant avec une livraison rapide\" \/>\n<meta property=\"og:url\" content=\"https:\/\/gastora.eu\/en\/product\/premium-rchaud-frites-unit-simple-profondeur-90-cm-lectrique\/\" \/>\n<meta property=\"og:site_name\" content=\"Gastora\" \/>\n<meta property=\"article:modified_time\" content=\"2026-04-28T16:56:29+00:00\" \/>\n<meta name=\"twitter:card\" content=\"summary_large_image\" \/>\n<meta name=\"twitter:label1\" content=\"Est. reading time\" \/>\n\t<meta name=\"twitter:data1\" content=\"2 minutes\" \/>\n<script type=\"application\/ld+json\" class=\"yoast-schema-graph\">{\"@context\":\"https:\\\/\\\/schema.org\",\"@graph\":[{\"@type\":\"WebPage\",\"@id\":\"https:\\\/\\\/gastora.eu\\\/product\\\/premium-rchaud-frites-unit-simple-profondeur-90-cm-lectrique\\\/\",\"url\":\"https:\\\/\\\/gastora.eu\\\/product\\\/premium-rchaud-frites-unit-simple-profondeur-90-cm-lectrique\\\/\",\"name\":\"Premium r\u00e9chaud \u00e0 frites - unit\u00e9 simple - profondeur 90 cm - \u00e9lectrique - Gastora\",\"isPartOf\":{\"@id\":\"https:\\\/\\\/gastora.eu\\\/#website\"},\"primaryImageOfPage\":{\"@id\":\"https:\\\/\\\/gastora.eu\\\/product\\\/premium-rchaud-frites-unit-simple-profondeur-90-cm-lectrique\\\/#primaryimage\"},\"image\":{\"@id\":\"https:\\\/\\\/gastora.eu\\\/product\\\/premium-rchaud-frites-unit-simple-profondeur-90-cm-lectrique\\\/#primaryimage\"},\"thumbnailUrl\":\"https:\\\/\\\/gastora.eu\\\/wp-content\\\/uploads\\\/2026\\\/04\\\/7831n14090301-61656f7c80521.jpg\",\"datePublished\":\"2026-04-25T17:49:55+00:00\",\"dateModified\":\"2026-04-28T16:56:29+00:00\",\"description\":\"Achetez Premium r\u00e9chaud \u00e0 frites - unit\u00e9 simple - profondeur 90 cm - \u00e9lectrique au meilleur prix, fiable et performant avec une livraison rapide\",\"breadcrumb\":{\"@id\":\"https:\\\/\\\/gastora.eu\\\/product\\\/premium-rchaud-frites-unit-simple-profondeur-90-cm-lectrique\\\/#breadcrumb\"},\"inLanguage\":\"en-US\",\"potentialAction\":[{\"@type\":\"ReadAction\",\"target\":[\"https:\\\/\\\/gastora.eu\\\/product\\\/premium-rchaud-frites-unit-simple-profondeur-90-cm-lectrique\\\/\"]}]},{\"@type\":\"ImageObject\",\"inLanguage\":\"en-US\",\"@id\":\"https:\\\/\\\/gastora.eu\\\/product\\\/premium-rchaud-frites-unit-simple-profondeur-90-cm-lectrique\\\/#primaryimage\",\"url\":\"https:\\\/\\\/gastora.eu\\\/wp-content\\\/uploads\\\/2026\\\/04\\\/7831n14090301-61656f7c80521.jpg\",\"contentUrl\":\"https:\\\/\\\/gastora.eu\\\/wp-content\\\/uploads\\\/2026\\\/04\\\/7831n14090301-61656f7c80521.jpg\",\"width\":1200,\"height\":1200},{\"@type\":\"BreadcrumbList\",\"@id\":\"https:\\\/\\\/gastora.eu\\\/product\\\/premium-rchaud-frites-unit-simple-profondeur-90-cm-lectrique\\\/#breadcrumb\",\"itemListElement\":[{\"@type\":\"ListItem\",\"position\":1,\"name\":\"Home\",\"item\":\"https:\\\/\\\/gastora.eu\\\/\"},{\"@type\":\"ListItem\",\"position\":2,\"name\":\"Shop\",\"item\":\"https:\\\/\\\/gastora.eu\\\/shop\\\/\"},{\"@type\":\"ListItem\",\"position\":3,\"name\":\"Premium r\u00e9chaud \u00e0 frites &#8211; unit\u00e9 simple &#8211; profondeur 90 cm &#8211; \u00e9lectrique\"}]},{\"@type\":\"WebSite\",\"@id\":\"https:\\\/\\\/gastora.eu\\\/#website\",\"url\":\"https:\\\/\\\/gastora.eu\\\/\",\"name\":\"Gastora\",\"description\":\"\u00c9quipements professionnels CHR\",\"publisher\":{\"@id\":\"https:\\\/\\\/gastora.eu\\\/#organization\"},\"potentialAction\":[{\"@type\":\"SearchAction\",\"target\":{\"@type\":\"EntryPoint\",\"urlTemplate\":\"https:\\\/\\\/gastora.eu\\\/?s={search_term_string}\"},\"query-input\":{\"@type\":\"PropertyValueSpecification\",\"valueRequired\":true,\"valueName\":\"search_term_string\"}}],\"inLanguage\":\"en-US\"},{\"@type\":\"Organization\",\"@id\":\"https:\\\/\\\/gastora.eu\\\/#organization\",\"name\":\"Gastora\",\"url\":\"https:\\\/\\\/gastora.eu\\\/\",\"logo\":{\"@type\":\"ImageObject\",\"inLanguage\":\"en-US\",\"@id\":\"https:\\\/\\\/gastora.eu\\\/#\\\/schema\\\/logo\\\/image\\\/\",\"url\":\"https:\\\/\\\/gastora.eu\\\/wp-content\\\/uploads\\\/2025\\\/12\\\/ChatGPT-Image-2-janv.-2026-22_52_47-1.png\",\"contentUrl\":\"https:\\\/\\\/gastora.eu\\\/wp-content\\\/uploads\\\/2025\\\/12\\\/ChatGPT-Image-2-janv.-2026-22_52_47-1.png\",\"width\":1536,\"height\":320,\"caption\":\"Gastora\"},\"image\":{\"@id\":\"https:\\\/\\\/gastora.eu\\\/#\\\/schema\\\/logo\\\/image\\\/\"}}]}<\/script>\n<!-- \/ Yoast SEO plugin. -->","yoast_head_json":{"title":"Premium r\u00e9chaud \u00e0 frites - unit\u00e9 simple - profondeur 90 cm - \u00e9lectrique - Gastora","description":"Achetez Premium r\u00e9chaud \u00e0 frites - unit\u00e9 simple - profondeur 90 cm - \u00e9lectrique au meilleur prix, fiable et performant avec une livraison rapide","robots":{"index":"index","follow":"follow","max-snippet":"max-snippet:-1","max-image-preview":"max-image-preview:large","max-video-preview":"max-video-preview:-1"},"canonical":"https:\/\/gastora.eu\/en\/product\/premium-rchaud-frites-unit-simple-profondeur-90-cm-lectrique\/","og_locale":"en_US","og_type":"article","og_title":"Premium r\u00e9chaud \u00e0 frites - unit\u00e9 simple - profondeur 90 cm - \u00e9lectrique - Gastora","og_description":"Achetez Premium r\u00e9chaud \u00e0 frites - unit\u00e9 simple - profondeur 90 cm - \u00e9lectrique au meilleur prix, fiable et performant avec une livraison rapide","og_url":"https:\/\/gastora.eu\/en\/product\/premium-rchaud-frites-unit-simple-profondeur-90-cm-lectrique\/","og_site_name":"Gastora","article_modified_time":"2026-04-28T16:56:29+00:00","twitter_card":"summary_large_image","twitter_misc":{"Est. reading time":"2 minutes"},"schema":{"@context":"https:\/\/schema.org","@graph":[{"@type":"WebPage","@id":"https:\/\/gastora.eu\/product\/premium-rchaud-frites-unit-simple-profondeur-90-cm-lectrique\/","url":"https:\/\/gastora.eu\/product\/premium-rchaud-frites-unit-simple-profondeur-90-cm-lectrique\/","name":"Premium r\u00e9chaud \u00e0 frites - unit\u00e9 simple - profondeur 90 cm - \u00e9lectrique - Gastora","isPartOf":{"@id":"https:\/\/gastora.eu\/#website"},"primaryImageOfPage":{"@id":"https:\/\/gastora.eu\/product\/premium-rchaud-frites-unit-simple-profondeur-90-cm-lectrique\/#primaryimage"},"image":{"@id":"https:\/\/gastora.eu\/product\/premium-rchaud-frites-unit-simple-profondeur-90-cm-lectrique\/#primaryimage"},"thumbnailUrl":"https:\/\/gastora.eu\/wp-content\/uploads\/2026\/04\/7831n14090301-61656f7c80521.jpg","datePublished":"2026-04-25T17:49:55+00:00","dateModified":"2026-04-28T16:56:29+00:00","description":"Achetez Premium r\u00e9chaud \u00e0 frites - unit\u00e9 simple - profondeur 90 cm - \u00e9lectrique au meilleur prix, fiable et performant avec une livraison rapide","breadcrumb":{"@id":"https:\/\/gastora.eu\/product\/premium-rchaud-frites-unit-simple-profondeur-90-cm-lectrique\/#breadcrumb"},"inLanguage":"en-US","potentialAction":[{"@type":"ReadAction","target":["https:\/\/gastora.eu\/product\/premium-rchaud-frites-unit-simple-profondeur-90-cm-lectrique\/"]}]},{"@type":"ImageObject","inLanguage":"en-US","@id":"https:\/\/gastora.eu\/product\/premium-rchaud-frites-unit-simple-profondeur-90-cm-lectrique\/#primaryimage","url":"https:\/\/gastora.eu\/wp-content\/uploads\/2026\/04\/7831n14090301-61656f7c80521.jpg","contentUrl":"https:\/\/gastora.eu\/wp-content\/uploads\/2026\/04\/7831n14090301-61656f7c80521.jpg","width":1200,"height":1200},{"@type":"BreadcrumbList","@id":"https:\/\/gastora.eu\/product\/premium-rchaud-frites-unit-simple-profondeur-90-cm-lectrique\/#breadcrumb","itemListElement":[{"@type":"ListItem","position":1,"name":"Home","item":"https:\/\/gastora.eu\/"},{"@type":"ListItem","position":2,"name":"Shop","item":"https:\/\/gastora.eu\/shop\/"},{"@type":"ListItem","position":3,"name":"Premium r\u00e9chaud \u00e0 frites &#8211; unit\u00e9 simple &#8211; profondeur 90 cm &#8211; \u00e9lectrique"}]},{"@type":"WebSite","@id":"https:\/\/gastora.eu\/#website","url":"https:\/\/gastora.eu\/","name":"Gastora","description":"\u00c9quipements professionnels CHR","publisher":{"@id":"https:\/\/gastora.eu\/#organization"},"potentialAction":[{"@type":"SearchAction","target":{"@type":"EntryPoint","urlTemplate":"https:\/\/gastora.eu\/?s={search_term_string}"},"query-input":{"@type":"PropertyValueSpecification","valueRequired":true,"valueName":"search_term_string"}}],"inLanguage":"en-US"},{"@type":"Organization","@id":"https:\/\/gastora.eu\/#organization","name":"Gastora","url":"https:\/\/gastora.eu\/","logo":{"@type":"ImageObject","inLanguage":"en-US","@id":"https:\/\/gastora.eu\/#\/schema\/logo\/image\/","url":"https:\/\/gastora.eu\/wp-content\/uploads\/2025\/12\/ChatGPT-Image-2-janv.-2026-22_52_47-1.png","contentUrl":"https:\/\/gastora.eu\/wp-content\/uploads\/2025\/12\/ChatGPT-Image-2-janv.-2026-22_52_47-1.png","width":1536,"height":320,"caption":"Gastora"},"image":{"@id":"https:\/\/gastora.eu\/#\/schema\/logo\/image\/"}}]}},"jetpack_sharing_enabled":true,"_links":{"self":[{"href":"https:\/\/gastora.eu\/en\/wp-json\/wp\/v2\/product\/14413","targetHints":{"allow":["GET"]}}],"collection":[{"href":"https:\/\/gastora.eu\/en\/wp-json\/wp\/v2\/product"}],"about":[{"href":"https:\/\/gastora.eu\/en\/wp-json\/wp\/v2\/types\/product"}],"wp:featuredmedia":[{"embeddable":true,"href":"https:\/\/gastora.eu\/en\/wp-json\/wp\/v2\/media\/7574"}],"wp:attachment":[{"href":"https:\/\/gastora.eu\/en\/wp-json\/wp\/v2\/media?parent=14413"}],"wp:term":[{"taxonomy":"product_brand","embeddable":true,"href":"https:\/\/gastora.eu\/en\/wp-json\/wp\/v2\/product_brand?post=14413"},{"taxonomy":"product_cat","embeddable":true,"href":"https:\/\/gastora.eu\/en\/wp-json\/wp\/v2\/product_cat?post=14413"},{"taxonomy":"product_tag","embeddable":true,"href":"https:\/\/gastora.eu\/en\/wp-json\/wp\/v2\/product_tag?post=14413"}],"curies":[{"name":"wp","href":"https:\/\/api.w.org\/{rel}","templated":true}]}}