{"id":14411,"date":"2026-04-25T17:49:53","date_gmt":"2026-04-25T17:49:53","guid":{"rendered":"https:\/\/gastora.eu\/?post_type=product&#038;p=14411"},"modified":"2026-04-28T16:56:29","modified_gmt":"2026-04-28T16:56:29","slug":"premium-gril-en-pierre-de-lave-unit-double-profondeur-90-cm-gaz","status":"publish","type":"product","link":"https:\/\/gastora.eu\/en\/product\/premium-gril-en-pierre-de-lave-unit-double-profondeur-90-cm-gaz\/","title":{"rendered":"Premium gril en pierre de lave &#8211; unit\u00e9 double &#8211; profondeur 90 cm &#8211; gaz"},"content":{"rendered":"<p>Pour donner \u00e0 la viande, au poisson ou aux l\u00e9gumes un d\u00e9licieux go\u00fbt de barbecue fum\u00e9, utilisez ce gril en pierre de lave haut de gamme qui fonctionne au gaz. Gr\u00e2ce \u00e0 sa plaque de gril de 90 cm de profondeur, vous disposez de suffisamment d&#8217;espace pour pr\u00e9parer plusieurs plats en m\u00eame temps. Gr\u00e2ce \u00e0 sa construction robuste, ce gril en pierre de lave dure longtemps. Il peut encaisser des coups, ce qui rend cet appareil de cuisine adapt\u00e9 \u00e0 une utilisation intensive dans les cuisines professionnelles tr\u00e8s fr\u00e9quent\u00e9es. Il peut \u00eatre plac\u00e9 dans une ligne de cuisson ou comme un accessoire pour lequel vous pouvez facilement commander un socle.<\/p>\n<h3>S\u00e9curit\u00e9 d&#8217;utilisation<\/h3>\n<p>La partie gril inclin\u00e9e de ce gril en pierre de lave est r\u00e9glable en hauteur. Gr\u00e2ce \u00e0 la partie sup\u00e9rieure soud\u00e9e sans soudure, il ne reste aucun r\u00e9sidu de graisse ou d&#8217;huile apr\u00e8s le nettoyage. Ce gril en pierre de lave au gaz est \u00e9quip\u00e9 d&#8217;une flamme pilote et d&#8217;un allumage pi\u00e9zo\u00e9lectrique. Gr\u00e2ce au thermostat de s\u00e9curit\u00e9, vous pouvez r\u00e9gler les temp\u00e9ratures entre 100 et 300\u00b0C. Le gril en pierre est \u00e9galement \u00e9quip\u00e9 d&#8217;une soupape de s\u00e9curit\u00e9 pour le gaz avec thermocouple, qui fait en sorte que le papillon reste ouvert tant que le capteur d\u00e9tecte encore de la chaleur. D\u00e8s qu&#8217;il n&#8217;y a plus de flamme, celle-ci ferme automatiquement la vanne d&#8217;\u00e9tranglement afin qu&#8217;aucun gaz ne s&#8217;\u00e9chappe. Le br\u00fbleur est \u00e9quip\u00e9 d&#8217;une flamme pilote pour rendre son utilisation confortable et s\u00fbre. Il peut \u00eatre utilis\u00e9 avec du GPL ou du gaz naturel.<\/p>\n<h3>Une s\u00e9curit\u00e9 optimale<\/h3>\n<p>Les pare-\u00e9claboussures en acier inoxydable prot\u00e8gent des projections de graisse. Ce gril en pierre de lave est dot\u00e9 d&#8217;une grille sup\u00e9rieure en aluminium avec des rainures en V et de deux lourdes grilles en fonte en dessous. Les rainures en V permettent \u00e0 la graisse de s&#8217;\u00e9goutter sur les pierres de lave chaudes, donnant \u00e0 vos plats ce d\u00e9licieux go\u00fbt de barbecue. Les flammes sont prot\u00e9g\u00e9es par une grille inclin\u00e9e sur le fond. Cela permet non seulement \u00e0 la graisse de s&#8217;\u00e9goutter directement dans le bac de r\u00e9cup\u00e9ration des graisses amovible, mais l&#8217;emp\u00eache \u00e9galement de br\u00fbler.<\/p>\n<p><strong>Caract\u00e9ristiques du produit<\/strong><\/p>\n<ul>\n<li>Poids net : 103,8 kg<\/li>\n<li>Dimensions de l&#8217;appareil : L80 x P90 x H28cm<\/li>\n<li>Puissance totale du gaz : 20,0 kW<\/li>\n<li>Injecteurs de gaz install\u00e9s : G25 &#8211; gaz naturel<\/li>\n<li>Jeu suppl\u00e9mentaire d&#8217;injecteurs de gaz : G30 &#8211; GPL (propane \/ butane)<\/li>\n<\/ul>","protected":false},"excerpt":{"rendered":"<p>Avec ce gril en pierre de lave qui fonctionne au gaz, vous pouvez vraiment donner \u00e0 la viande, au poisson et aux l\u00e9gumes ce go\u00fbt authentique de barbecue fum\u00e9. Il a \u00e9t\u00e9 cr\u00e9\u00e9 \u00e0 partir de mat\u00e9riaux de premi\u00e8re qualit\u00e9 pour \u00eatre parfaitement adapt\u00e9 \u00e0 une utilisation quotidienne intensive dans les cuisines professionnelles.<\/p>","protected":false},"featured_media":7570,"template":"","meta":{"_acf_changed":false},"product_brand":[],"product_cat":[495],"product_tag":[],"class_list":{"0":"post-14411","1":"product","2":"type-product","3":"status-publish","4":"has-post-thumbnail","6":"product_cat-plaques-pianos-de-cuisson-2","8":"first","9":"instock","10":"sale","11":"taxable","12":"shipping-taxable","13":"purchasable","14":"product-type-simple"},"acf":[],"yoast_head":"<!-- This site is optimized with the Yoast SEO plugin v27.5 - https:\/\/yoast.com\/product\/yoast-seo-wordpress\/ -->\n<title>Premium gril en pierre de lave - unit\u00e9 double - profondeur 90 cm - gaz - Gastora<\/title>\n<meta name=\"description\" content=\"Achetez Premium gril en pierre de lave - unit\u00e9 double - profondeur 90 cm - gaz au meilleur prix, fiable et performant avec une livraison rapide\" \/>\n<meta name=\"robots\" content=\"index, follow, max-snippet:-1, max-image-preview:large, max-video-preview:-1\" \/>\n<link rel=\"canonical\" href=\"https:\/\/gastora.eu\/en\/product\/premium-gril-en-pierre-de-lave-unit-double-profondeur-90-cm-gaz\/\" \/>\n<meta property=\"og:locale\" content=\"en_US\" \/>\n<meta property=\"og:type\" content=\"article\" \/>\n<meta property=\"og:title\" content=\"Premium gril en pierre de lave - unit\u00e9 double - profondeur 90 cm - gaz - Gastora\" \/>\n<meta property=\"og:description\" content=\"Achetez Premium gril en pierre de lave - unit\u00e9 double - profondeur 90 cm - gaz au meilleur prix, fiable et performant avec une livraison rapide\" \/>\n<meta property=\"og:url\" content=\"https:\/\/gastora.eu\/en\/product\/premium-gril-en-pierre-de-lave-unit-double-profondeur-90-cm-gaz\/\" \/>\n<meta property=\"og:site_name\" content=\"Gastora\" \/>\n<meta property=\"article:modified_time\" content=\"2026-04-28T16:56:29+00:00\" \/>\n<meta name=\"twitter:card\" content=\"summary_large_image\" \/>\n<meta name=\"twitter:label1\" content=\"Est. reading time\" \/>\n\t<meta name=\"twitter:data1\" content=\"2 minutes\" \/>\n<script type=\"application\/ld+json\" class=\"yoast-schema-graph\">{\"@context\":\"https:\\\/\\\/schema.org\",\"@graph\":[{\"@type\":\"WebPage\",\"@id\":\"https:\\\/\\\/gastora.eu\\\/product\\\/premium-gril-en-pierre-de-lave-unit-double-profondeur-90-cm-gaz\\\/\",\"url\":\"https:\\\/\\\/gastora.eu\\\/product\\\/premium-gril-en-pierre-de-lave-unit-double-profondeur-90-cm-gaz\\\/\",\"name\":\"Premium gril en pierre de lave - unit\u00e9 double - profondeur 90 cm - gaz - Gastora\",\"isPartOf\":{\"@id\":\"https:\\\/\\\/gastora.eu\\\/#website\"},\"primaryImageOfPage\":{\"@id\":\"https:\\\/\\\/gastora.eu\\\/product\\\/premium-gril-en-pierre-de-lave-unit-double-profondeur-90-cm-gaz\\\/#primaryimage\"},\"image\":{\"@id\":\"https:\\\/\\\/gastora.eu\\\/product\\\/premium-gril-en-pierre-de-lave-unit-double-profondeur-90-cm-gaz\\\/#primaryimage\"},\"thumbnailUrl\":\"https:\\\/\\\/gastora.eu\\\/wp-content\\\/uploads\\\/2026\\\/04\\\/7864n18090320.png\",\"datePublished\":\"2026-04-25T17:49:53+00:00\",\"dateModified\":\"2026-04-28T16:56:29+00:00\",\"description\":\"Achetez Premium gril en pierre de lave - unit\u00e9 double - profondeur 90 cm - gaz au meilleur prix, fiable et performant avec une livraison rapide\",\"breadcrumb\":{\"@id\":\"https:\\\/\\\/gastora.eu\\\/product\\\/premium-gril-en-pierre-de-lave-unit-double-profondeur-90-cm-gaz\\\/#breadcrumb\"},\"inLanguage\":\"en-US\",\"potentialAction\":[{\"@type\":\"ReadAction\",\"target\":[\"https:\\\/\\\/gastora.eu\\\/product\\\/premium-gril-en-pierre-de-lave-unit-double-profondeur-90-cm-gaz\\\/\"]}]},{\"@type\":\"ImageObject\",\"inLanguage\":\"en-US\",\"@id\":\"https:\\\/\\\/gastora.eu\\\/product\\\/premium-gril-en-pierre-de-lave-unit-double-profondeur-90-cm-gaz\\\/#primaryimage\",\"url\":\"https:\\\/\\\/gastora.eu\\\/wp-content\\\/uploads\\\/2026\\\/04\\\/7864n18090320.png\",\"contentUrl\":\"https:\\\/\\\/gastora.eu\\\/wp-content\\\/uploads\\\/2026\\\/04\\\/7864n18090320.png\",\"width\":1200,\"height\":1200},{\"@type\":\"BreadcrumbList\",\"@id\":\"https:\\\/\\\/gastora.eu\\\/product\\\/premium-gril-en-pierre-de-lave-unit-double-profondeur-90-cm-gaz\\\/#breadcrumb\",\"itemListElement\":[{\"@type\":\"ListItem\",\"position\":1,\"name\":\"Home\",\"item\":\"https:\\\/\\\/gastora.eu\\\/\"},{\"@type\":\"ListItem\",\"position\":2,\"name\":\"Shop\",\"item\":\"https:\\\/\\\/gastora.eu\\\/shop\\\/\"},{\"@type\":\"ListItem\",\"position\":3,\"name\":\"Premium gril en pierre de lave &#8211; unit\u00e9 double &#8211; profondeur 90 cm &#8211; gaz\"}]},{\"@type\":\"WebSite\",\"@id\":\"https:\\\/\\\/gastora.eu\\\/#website\",\"url\":\"https:\\\/\\\/gastora.eu\\\/\",\"name\":\"Gastora\",\"description\":\"\u00c9quipements professionnels CHR\",\"publisher\":{\"@id\":\"https:\\\/\\\/gastora.eu\\\/#organization\"},\"potentialAction\":[{\"@type\":\"SearchAction\",\"target\":{\"@type\":\"EntryPoint\",\"urlTemplate\":\"https:\\\/\\\/gastora.eu\\\/?s={search_term_string}\"},\"query-input\":{\"@type\":\"PropertyValueSpecification\",\"valueRequired\":true,\"valueName\":\"search_term_string\"}}],\"inLanguage\":\"en-US\"},{\"@type\":\"Organization\",\"@id\":\"https:\\\/\\\/gastora.eu\\\/#organization\",\"name\":\"Gastora\",\"url\":\"https:\\\/\\\/gastora.eu\\\/\",\"logo\":{\"@type\":\"ImageObject\",\"inLanguage\":\"en-US\",\"@id\":\"https:\\\/\\\/gastora.eu\\\/#\\\/schema\\\/logo\\\/image\\\/\",\"url\":\"https:\\\/\\\/gastora.eu\\\/wp-content\\\/uploads\\\/2025\\\/12\\\/ChatGPT-Image-2-janv.-2026-22_52_47-1.png\",\"contentUrl\":\"https:\\\/\\\/gastora.eu\\\/wp-content\\\/uploads\\\/2025\\\/12\\\/ChatGPT-Image-2-janv.-2026-22_52_47-1.png\",\"width\":1536,\"height\":320,\"caption\":\"Gastora\"},\"image\":{\"@id\":\"https:\\\/\\\/gastora.eu\\\/#\\\/schema\\\/logo\\\/image\\\/\"}}]}<\/script>\n<!-- \/ Yoast SEO plugin. -->","yoast_head_json":{"title":"Premium gril en pierre de lave - unit\u00e9 double - profondeur 90 cm - gaz - Gastora","description":"Achetez Premium gril en pierre de lave - unit\u00e9 double - profondeur 90 cm - gaz au meilleur prix, fiable et performant avec une livraison rapide","robots":{"index":"index","follow":"follow","max-snippet":"max-snippet:-1","max-image-preview":"max-image-preview:large","max-video-preview":"max-video-preview:-1"},"canonical":"https:\/\/gastora.eu\/en\/product\/premium-gril-en-pierre-de-lave-unit-double-profondeur-90-cm-gaz\/","og_locale":"en_US","og_type":"article","og_title":"Premium gril en pierre de lave - unit\u00e9 double - profondeur 90 cm - gaz - Gastora","og_description":"Achetez Premium gril en pierre de lave - unit\u00e9 double - profondeur 90 cm - gaz au meilleur prix, fiable et performant avec une livraison rapide","og_url":"https:\/\/gastora.eu\/en\/product\/premium-gril-en-pierre-de-lave-unit-double-profondeur-90-cm-gaz\/","og_site_name":"Gastora","article_modified_time":"2026-04-28T16:56:29+00:00","twitter_card":"summary_large_image","twitter_misc":{"Est. reading time":"2 minutes"},"schema":{"@context":"https:\/\/schema.org","@graph":[{"@type":"WebPage","@id":"https:\/\/gastora.eu\/product\/premium-gril-en-pierre-de-lave-unit-double-profondeur-90-cm-gaz\/","url":"https:\/\/gastora.eu\/product\/premium-gril-en-pierre-de-lave-unit-double-profondeur-90-cm-gaz\/","name":"Premium gril en pierre de lave - unit\u00e9 double - profondeur 90 cm - gaz - Gastora","isPartOf":{"@id":"https:\/\/gastora.eu\/#website"},"primaryImageOfPage":{"@id":"https:\/\/gastora.eu\/product\/premium-gril-en-pierre-de-lave-unit-double-profondeur-90-cm-gaz\/#primaryimage"},"image":{"@id":"https:\/\/gastora.eu\/product\/premium-gril-en-pierre-de-lave-unit-double-profondeur-90-cm-gaz\/#primaryimage"},"thumbnailUrl":"https:\/\/gastora.eu\/wp-content\/uploads\/2026\/04\/7864n18090320.png","datePublished":"2026-04-25T17:49:53+00:00","dateModified":"2026-04-28T16:56:29+00:00","description":"Achetez Premium gril en pierre de lave - unit\u00e9 double - profondeur 90 cm - gaz au meilleur prix, fiable et performant avec une livraison rapide","breadcrumb":{"@id":"https:\/\/gastora.eu\/product\/premium-gril-en-pierre-de-lave-unit-double-profondeur-90-cm-gaz\/#breadcrumb"},"inLanguage":"en-US","potentialAction":[{"@type":"ReadAction","target":["https:\/\/gastora.eu\/product\/premium-gril-en-pierre-de-lave-unit-double-profondeur-90-cm-gaz\/"]}]},{"@type":"ImageObject","inLanguage":"en-US","@id":"https:\/\/gastora.eu\/product\/premium-gril-en-pierre-de-lave-unit-double-profondeur-90-cm-gaz\/#primaryimage","url":"https:\/\/gastora.eu\/wp-content\/uploads\/2026\/04\/7864n18090320.png","contentUrl":"https:\/\/gastora.eu\/wp-content\/uploads\/2026\/04\/7864n18090320.png","width":1200,"height":1200},{"@type":"BreadcrumbList","@id":"https:\/\/gastora.eu\/product\/premium-gril-en-pierre-de-lave-unit-double-profondeur-90-cm-gaz\/#breadcrumb","itemListElement":[{"@type":"ListItem","position":1,"name":"Home","item":"https:\/\/gastora.eu\/"},{"@type":"ListItem","position":2,"name":"Shop","item":"https:\/\/gastora.eu\/shop\/"},{"@type":"ListItem","position":3,"name":"Premium gril en pierre de lave &#8211; unit\u00e9 double &#8211; profondeur 90 cm &#8211; gaz"}]},{"@type":"WebSite","@id":"https:\/\/gastora.eu\/#website","url":"https:\/\/gastora.eu\/","name":"Gastora","description":"\u00c9quipements professionnels CHR","publisher":{"@id":"https:\/\/gastora.eu\/#organization"},"potentialAction":[{"@type":"SearchAction","target":{"@type":"EntryPoint","urlTemplate":"https:\/\/gastora.eu\/?s={search_term_string}"},"query-input":{"@type":"PropertyValueSpecification","valueRequired":true,"valueName":"search_term_string"}}],"inLanguage":"en-US"},{"@type":"Organization","@id":"https:\/\/gastora.eu\/#organization","name":"Gastora","url":"https:\/\/gastora.eu\/","logo":{"@type":"ImageObject","inLanguage":"en-US","@id":"https:\/\/gastora.eu\/#\/schema\/logo\/image\/","url":"https:\/\/gastora.eu\/wp-content\/uploads\/2025\/12\/ChatGPT-Image-2-janv.-2026-22_52_47-1.png","contentUrl":"https:\/\/gastora.eu\/wp-content\/uploads\/2025\/12\/ChatGPT-Image-2-janv.-2026-22_52_47-1.png","width":1536,"height":320,"caption":"Gastora"},"image":{"@id":"https:\/\/gastora.eu\/#\/schema\/logo\/image\/"}}]}},"jetpack_sharing_enabled":true,"_links":{"self":[{"href":"https:\/\/gastora.eu\/en\/wp-json\/wp\/v2\/product\/14411","targetHints":{"allow":["GET"]}}],"collection":[{"href":"https:\/\/gastora.eu\/en\/wp-json\/wp\/v2\/product"}],"about":[{"href":"https:\/\/gastora.eu\/en\/wp-json\/wp\/v2\/types\/product"}],"wp:featuredmedia":[{"embeddable":true,"href":"https:\/\/gastora.eu\/en\/wp-json\/wp\/v2\/media\/7570"}],"wp:attachment":[{"href":"https:\/\/gastora.eu\/en\/wp-json\/wp\/v2\/media?parent=14411"}],"wp:term":[{"taxonomy":"product_brand","embeddable":true,"href":"https:\/\/gastora.eu\/en\/wp-json\/wp\/v2\/product_brand?post=14411"},{"taxonomy":"product_cat","embeddable":true,"href":"https:\/\/gastora.eu\/en\/wp-json\/wp\/v2\/product_cat?post=14411"},{"taxonomy":"product_tag","embeddable":true,"href":"https:\/\/gastora.eu\/en\/wp-json\/wp\/v2\/product_tag?post=14411"}],"curies":[{"name":"wp","href":"https:\/\/api.w.org\/{rel}","templated":true}]}}