{"id":14409,"date":"2026-04-25T17:49:51","date_gmt":"2026-04-25T17:49:51","guid":{"rendered":"https:\/\/gastora.eu\/?post_type=product&#038;p=14409"},"modified":"2026-04-28T16:56:28","modified_gmt":"2026-04-28T16:56:28","slug":"premium-cuisinire-induction-4-brleurs-unit-double-profondeur-90-cm-lectrique","status":"publish","type":"product","link":"https:\/\/gastora.eu\/en\/product\/premium-cuisinire-induction-4-brleurs-unit-double-profondeur-90-cm-lectrique\/","title":{"rendered":"Premium cuisini\u00e8re \u00e0 induction &#8211; 4 br\u00fbleurs &#8211; unit\u00e9 double &#8211; profondeur 90 cm &#8211; \u00e9lectrique"},"content":{"rendered":"<p>Avec cette plaque \u00e0 induction \u00e0 quatre br\u00fbleurs, vous disposez d&#8217;un appareil \u00e9conome en \u00e9nergie et robuste \u00e0 inclure dans votre ligne de cuisson. Gr\u00e2ce \u00e0 sa surface de cuisson en vitroc\u00e9ramique et \u00e0 son bo\u00eetier en acier inoxydable, cette plaque \u00e0 induction est facile \u00e0 nettoyer. Elle peut \u00eatre compl\u00e9t\u00e9e par une base ouverte en acier inoxydable ou par une base ferm\u00e9e avec porte. Vous pouvez la commander en tant qu&#8217;accessoire.<\/p>\n<h3>Plaque de cuisson efficace<\/h3>\n<p>La surface de cuisson de cette plaque \u00e0 induction peut \u00eatre utilis\u00e9e de mani\u00e8re optimale, car les quatre br\u00fbleurs sont constitu\u00e9s de deux grandes plaques en verre c\u00e9ramique qui diffusent la chaleur sur la quasi-totalit\u00e9 de la surface. Ajoutez \u00e0 cela une profondeur de 90 cm et vous obtenez une plaque \u00e0 induction tr\u00e8s pratique, sur laquelle vous avez facilement assez de place pour quatre casseroles de grande taille.<\/p>\n<p>L&#8217;un des principaux avantages de la cuisson \u00e0 induction est que seule la surface sur laquelle se trouve la casserole est chauff\u00e9e. Cela \u00e9vite la perte de chaleur et d&#8217;\u00e9nergie dans les zones non utilis\u00e9es. Vous pouvez donc utiliser le br\u00fbleur avec des casseroles de presque toutes les tailles. Vous pouvez \u00e9galement utiliser la quasi-totalit\u00e9 de la surface de cuisson, quelle que soit la mani\u00e8re dont vous placez les casseroles sur la cuisini\u00e8re. En outre, la &#8220;protection contre la d\u00e9tection des casseroles&#8221; est une bonne fonction de s\u00e9curit\u00e9 qui r\u00e9duit le risque de br\u00fblure apr\u00e8s que les casseroles ont \u00e9t\u00e9 retir\u00e9es de la table de cuisson et si vous avez oubli\u00e9 d&#8217;\u00e9teindre l&#8217;appareil. En outre, un interrupteur de s\u00e9curit\u00e9 prot\u00e8ge l&#8217;appareil contre la surchauffe.<\/p>\n<h3>Nettoyage facile<\/h3>\n<p>La partie sup\u00e9rieure de l&#8217;appareil est soud\u00e9e sans joints et le bo\u00eetier est enti\u00e8rement en acier inoxydable. Gr\u00e2ce \u00e0 la surface lisse de la plaque de verre, le nettoyage de l&#8217;appareil est un jeu d&#8217;enfant. Il suffit d&#8217;un chiffon humide, d&#8217;eau chaude et d&#8217;un d\u00e9tergent doux. Apr\u00e8s avoir essuy\u00e9 et s\u00e9ch\u00e9 toutes les surfaces, la plaque \u00e0 induction est pr\u00eate pour le prochain travail.<\/p>\n<p><strong>Caract\u00e9ristiques du produit<\/strong><\/p>\n<ul>\n<li>Poids net : 69 kg<\/li>\n<li>Dimensions : L80 x P90 x H28cm<\/li>\n<li>Puissance : 4 x 3,5 kW<\/li>\n<li>Puissance \u00e9lectrique totale : 14,0 kW<\/li>\n<li>400V \/ 50Hz \/ 3 Phase 14 000W<\/li>\n<\/ul>\n<p><strong>Ce produit est fourni sans fiche.<\/strong><\/p>","protected":false},"excerpt":{"rendered":"<p>Efficace, solide et pratique, telle est la meilleure fa\u00e7on de d\u00e9crire cette plaque \u00e0 induction haut de gamme \u00e0 quatre br\u00fbleurs. Il s&#8217;agit d&#8217;un appareil au design luxueux, dot\u00e9 d&#8217;un solide bo\u00eetier en acier inoxydable qui lui permet d&#8217;\u00eatre plac\u00e9 dans la ligne de cuisson Maxima de 90 cm de profondeur. Elle est parfaite pour une utilisation quotidienne dans les cuisines professionnelles.<\/p>","protected":false},"featured_media":7566,"template":"","meta":{"_acf_changed":false},"product_brand":[],"product_cat":[495],"product_tag":[],"class_list":{"0":"post-14409","1":"product","2":"type-product","3":"status-publish","4":"has-post-thumbnail","6":"product_cat-plaques-pianos-de-cuisson-2","8":"first","9":"instock","10":"sale","11":"taxable","12":"shipping-taxable","13":"purchasable","14":"product-type-simple"},"acf":[],"yoast_head":"<!-- This site is optimized with the Yoast SEO plugin v27.5 - https:\/\/yoast.com\/product\/yoast-seo-wordpress\/ -->\n<title>Premium cuisini\u00e8re \u00e0 induction - 4 br\u00fbleurs - unit\u00e9 double - profondeur 90 cm - \u00e9lectrique - Gastora<\/title>\n<meta name=\"description\" content=\"Achetez Premium cuisini\u00e8re \u00e0 induction - 4 br\u00fbleurs - unit\u00e9 double - profondeur 90 cm - \u00e9lectrique au meilleur prix, fiable et performant avec une livraison rapide\" \/>\n<meta name=\"robots\" content=\"index, follow, max-snippet:-1, max-image-preview:large, max-video-preview:-1\" \/>\n<link rel=\"canonical\" href=\"https:\/\/gastora.eu\/en\/product\/premium-cuisinire-induction-4-brleurs-unit-double-profondeur-90-cm-lectrique\/\" \/>\n<meta property=\"og:locale\" content=\"en_US\" \/>\n<meta property=\"og:type\" content=\"article\" \/>\n<meta property=\"og:title\" content=\"Premium cuisini\u00e8re \u00e0 induction - 4 br\u00fbleurs - unit\u00e9 double - profondeur 90 cm - \u00e9lectrique - Gastora\" \/>\n<meta property=\"og:description\" content=\"Achetez Premium cuisini\u00e8re \u00e0 induction - 4 br\u00fbleurs - unit\u00e9 double - profondeur 90 cm - \u00e9lectrique au meilleur prix, fiable et performant avec une livraison rapide\" \/>\n<meta property=\"og:url\" content=\"https:\/\/gastora.eu\/en\/product\/premium-cuisinire-induction-4-brleurs-unit-double-profondeur-90-cm-lectrique\/\" \/>\n<meta property=\"og:site_name\" content=\"Gastora\" \/>\n<meta property=\"article:modified_time\" content=\"2026-04-28T16:56:28+00:00\" \/>\n<meta name=\"twitter:card\" content=\"summary_large_image\" \/>\n<meta name=\"twitter:label1\" content=\"Est. reading time\" \/>\n\t<meta name=\"twitter:data1\" content=\"2 minutes\" \/>\n<script type=\"application\/ld+json\" class=\"yoast-schema-graph\">{\"@context\":\"https:\\\/\\\/schema.org\",\"@graph\":[{\"@type\":\"WebPage\",\"@id\":\"https:\\\/\\\/gastora.eu\\\/product\\\/premium-cuisinire-induction-4-brleurs-unit-double-profondeur-90-cm-lectrique\\\/\",\"url\":\"https:\\\/\\\/gastora.eu\\\/product\\\/premium-cuisinire-induction-4-brleurs-unit-double-profondeur-90-cm-lectrique\\\/\",\"name\":\"Premium cuisini\u00e8re \u00e0 induction - 4 br\u00fbleurs - unit\u00e9 double - profondeur 90 cm - \u00e9lectrique - Gastora\",\"isPartOf\":{\"@id\":\"https:\\\/\\\/gastora.eu\\\/#website\"},\"primaryImageOfPage\":{\"@id\":\"https:\\\/\\\/gastora.eu\\\/product\\\/premium-cuisinire-induction-4-brleurs-unit-double-profondeur-90-cm-lectrique\\\/#primaryimage\"},\"image\":{\"@id\":\"https:\\\/\\\/gastora.eu\\\/product\\\/premium-cuisinire-induction-4-brleurs-unit-double-profondeur-90-cm-lectrique\\\/#primaryimage\"},\"thumbnailUrl\":\"https:\\\/\\\/gastora.eu\\\/wp-content\\\/uploads\\\/2026\\\/04\\\/7865n180903is.jpg\",\"datePublished\":\"2026-04-25T17:49:51+00:00\",\"dateModified\":\"2026-04-28T16:56:28+00:00\",\"description\":\"Achetez Premium cuisini\u00e8re \u00e0 induction - 4 br\u00fbleurs - unit\u00e9 double - profondeur 90 cm - \u00e9lectrique au meilleur prix, fiable et performant avec une livraison rapide\",\"breadcrumb\":{\"@id\":\"https:\\\/\\\/gastora.eu\\\/product\\\/premium-cuisinire-induction-4-brleurs-unit-double-profondeur-90-cm-lectrique\\\/#breadcrumb\"},\"inLanguage\":\"en-US\",\"potentialAction\":[{\"@type\":\"ReadAction\",\"target\":[\"https:\\\/\\\/gastora.eu\\\/product\\\/premium-cuisinire-induction-4-brleurs-unit-double-profondeur-90-cm-lectrique\\\/\"]}]},{\"@type\":\"ImageObject\",\"inLanguage\":\"en-US\",\"@id\":\"https:\\\/\\\/gastora.eu\\\/product\\\/premium-cuisinire-induction-4-brleurs-unit-double-profondeur-90-cm-lectrique\\\/#primaryimage\",\"url\":\"https:\\\/\\\/gastora.eu\\\/wp-content\\\/uploads\\\/2026\\\/04\\\/7865n180903is.jpg\",\"contentUrl\":\"https:\\\/\\\/gastora.eu\\\/wp-content\\\/uploads\\\/2026\\\/04\\\/7865n180903is.jpg\",\"width\":1200,\"height\":1200},{\"@type\":\"BreadcrumbList\",\"@id\":\"https:\\\/\\\/gastora.eu\\\/product\\\/premium-cuisinire-induction-4-brleurs-unit-double-profondeur-90-cm-lectrique\\\/#breadcrumb\",\"itemListElement\":[{\"@type\":\"ListItem\",\"position\":1,\"name\":\"Home\",\"item\":\"https:\\\/\\\/gastora.eu\\\/\"},{\"@type\":\"ListItem\",\"position\":2,\"name\":\"Shop\",\"item\":\"https:\\\/\\\/gastora.eu\\\/shop\\\/\"},{\"@type\":\"ListItem\",\"position\":3,\"name\":\"Premium cuisini\u00e8re \u00e0 induction &#8211; 4 br\u00fbleurs &#8211; unit\u00e9 double &#8211; profondeur 90 cm &#8211; \u00e9lectrique\"}]},{\"@type\":\"WebSite\",\"@id\":\"https:\\\/\\\/gastora.eu\\\/#website\",\"url\":\"https:\\\/\\\/gastora.eu\\\/\",\"name\":\"Gastora\",\"description\":\"\u00c9quipements professionnels CHR\",\"publisher\":{\"@id\":\"https:\\\/\\\/gastora.eu\\\/#organization\"},\"potentialAction\":[{\"@type\":\"SearchAction\",\"target\":{\"@type\":\"EntryPoint\",\"urlTemplate\":\"https:\\\/\\\/gastora.eu\\\/?s={search_term_string}\"},\"query-input\":{\"@type\":\"PropertyValueSpecification\",\"valueRequired\":true,\"valueName\":\"search_term_string\"}}],\"inLanguage\":\"en-US\"},{\"@type\":\"Organization\",\"@id\":\"https:\\\/\\\/gastora.eu\\\/#organization\",\"name\":\"Gastora\",\"url\":\"https:\\\/\\\/gastora.eu\\\/\",\"logo\":{\"@type\":\"ImageObject\",\"inLanguage\":\"en-US\",\"@id\":\"https:\\\/\\\/gastora.eu\\\/#\\\/schema\\\/logo\\\/image\\\/\",\"url\":\"https:\\\/\\\/gastora.eu\\\/wp-content\\\/uploads\\\/2025\\\/12\\\/ChatGPT-Image-2-janv.-2026-22_52_47-1.png\",\"contentUrl\":\"https:\\\/\\\/gastora.eu\\\/wp-content\\\/uploads\\\/2025\\\/12\\\/ChatGPT-Image-2-janv.-2026-22_52_47-1.png\",\"width\":1536,\"height\":320,\"caption\":\"Gastora\"},\"image\":{\"@id\":\"https:\\\/\\\/gastora.eu\\\/#\\\/schema\\\/logo\\\/image\\\/\"}}]}<\/script>\n<!-- \/ Yoast SEO plugin. -->","yoast_head_json":{"title":"Premium cuisini\u00e8re \u00e0 induction - 4 br\u00fbleurs - unit\u00e9 double - profondeur 90 cm - \u00e9lectrique - Gastora","description":"Achetez Premium cuisini\u00e8re \u00e0 induction - 4 br\u00fbleurs - unit\u00e9 double - profondeur 90 cm - \u00e9lectrique au meilleur prix, fiable et performant avec une livraison rapide","robots":{"index":"index","follow":"follow","max-snippet":"max-snippet:-1","max-image-preview":"max-image-preview:large","max-video-preview":"max-video-preview:-1"},"canonical":"https:\/\/gastora.eu\/en\/product\/premium-cuisinire-induction-4-brleurs-unit-double-profondeur-90-cm-lectrique\/","og_locale":"en_US","og_type":"article","og_title":"Premium cuisini\u00e8re \u00e0 induction - 4 br\u00fbleurs - unit\u00e9 double - profondeur 90 cm - \u00e9lectrique - Gastora","og_description":"Achetez Premium cuisini\u00e8re \u00e0 induction - 4 br\u00fbleurs - unit\u00e9 double - profondeur 90 cm - \u00e9lectrique au meilleur prix, fiable et performant avec une livraison rapide","og_url":"https:\/\/gastora.eu\/en\/product\/premium-cuisinire-induction-4-brleurs-unit-double-profondeur-90-cm-lectrique\/","og_site_name":"Gastora","article_modified_time":"2026-04-28T16:56:28+00:00","twitter_card":"summary_large_image","twitter_misc":{"Est. reading time":"2 minutes"},"schema":{"@context":"https:\/\/schema.org","@graph":[{"@type":"WebPage","@id":"https:\/\/gastora.eu\/product\/premium-cuisinire-induction-4-brleurs-unit-double-profondeur-90-cm-lectrique\/","url":"https:\/\/gastora.eu\/product\/premium-cuisinire-induction-4-brleurs-unit-double-profondeur-90-cm-lectrique\/","name":"Premium cuisini\u00e8re \u00e0 induction - 4 br\u00fbleurs - unit\u00e9 double - profondeur 90 cm - \u00e9lectrique - Gastora","isPartOf":{"@id":"https:\/\/gastora.eu\/#website"},"primaryImageOfPage":{"@id":"https:\/\/gastora.eu\/product\/premium-cuisinire-induction-4-brleurs-unit-double-profondeur-90-cm-lectrique\/#primaryimage"},"image":{"@id":"https:\/\/gastora.eu\/product\/premium-cuisinire-induction-4-brleurs-unit-double-profondeur-90-cm-lectrique\/#primaryimage"},"thumbnailUrl":"https:\/\/gastora.eu\/wp-content\/uploads\/2026\/04\/7865n180903is.jpg","datePublished":"2026-04-25T17:49:51+00:00","dateModified":"2026-04-28T16:56:28+00:00","description":"Achetez Premium cuisini\u00e8re \u00e0 induction - 4 br\u00fbleurs - unit\u00e9 double - profondeur 90 cm - \u00e9lectrique au meilleur prix, fiable et performant avec une livraison rapide","breadcrumb":{"@id":"https:\/\/gastora.eu\/product\/premium-cuisinire-induction-4-brleurs-unit-double-profondeur-90-cm-lectrique\/#breadcrumb"},"inLanguage":"en-US","potentialAction":[{"@type":"ReadAction","target":["https:\/\/gastora.eu\/product\/premium-cuisinire-induction-4-brleurs-unit-double-profondeur-90-cm-lectrique\/"]}]},{"@type":"ImageObject","inLanguage":"en-US","@id":"https:\/\/gastora.eu\/product\/premium-cuisinire-induction-4-brleurs-unit-double-profondeur-90-cm-lectrique\/#primaryimage","url":"https:\/\/gastora.eu\/wp-content\/uploads\/2026\/04\/7865n180903is.jpg","contentUrl":"https:\/\/gastora.eu\/wp-content\/uploads\/2026\/04\/7865n180903is.jpg","width":1200,"height":1200},{"@type":"BreadcrumbList","@id":"https:\/\/gastora.eu\/product\/premium-cuisinire-induction-4-brleurs-unit-double-profondeur-90-cm-lectrique\/#breadcrumb","itemListElement":[{"@type":"ListItem","position":1,"name":"Home","item":"https:\/\/gastora.eu\/"},{"@type":"ListItem","position":2,"name":"Shop","item":"https:\/\/gastora.eu\/shop\/"},{"@type":"ListItem","position":3,"name":"Premium cuisini\u00e8re \u00e0 induction &#8211; 4 br\u00fbleurs &#8211; unit\u00e9 double &#8211; profondeur 90 cm &#8211; \u00e9lectrique"}]},{"@type":"WebSite","@id":"https:\/\/gastora.eu\/#website","url":"https:\/\/gastora.eu\/","name":"Gastora","description":"\u00c9quipements professionnels CHR","publisher":{"@id":"https:\/\/gastora.eu\/#organization"},"potentialAction":[{"@type":"SearchAction","target":{"@type":"EntryPoint","urlTemplate":"https:\/\/gastora.eu\/?s={search_term_string}"},"query-input":{"@type":"PropertyValueSpecification","valueRequired":true,"valueName":"search_term_string"}}],"inLanguage":"en-US"},{"@type":"Organization","@id":"https:\/\/gastora.eu\/#organization","name":"Gastora","url":"https:\/\/gastora.eu\/","logo":{"@type":"ImageObject","inLanguage":"en-US","@id":"https:\/\/gastora.eu\/#\/schema\/logo\/image\/","url":"https:\/\/gastora.eu\/wp-content\/uploads\/2025\/12\/ChatGPT-Image-2-janv.-2026-22_52_47-1.png","contentUrl":"https:\/\/gastora.eu\/wp-content\/uploads\/2025\/12\/ChatGPT-Image-2-janv.-2026-22_52_47-1.png","width":1536,"height":320,"caption":"Gastora"},"image":{"@id":"https:\/\/gastora.eu\/#\/schema\/logo\/image\/"}}]}},"jetpack_sharing_enabled":true,"_links":{"self":[{"href":"https:\/\/gastora.eu\/en\/wp-json\/wp\/v2\/product\/14409","targetHints":{"allow":["GET"]}}],"collection":[{"href":"https:\/\/gastora.eu\/en\/wp-json\/wp\/v2\/product"}],"about":[{"href":"https:\/\/gastora.eu\/en\/wp-json\/wp\/v2\/types\/product"}],"wp:featuredmedia":[{"embeddable":true,"href":"https:\/\/gastora.eu\/en\/wp-json\/wp\/v2\/media\/7566"}],"wp:attachment":[{"href":"https:\/\/gastora.eu\/en\/wp-json\/wp\/v2\/media?parent=14409"}],"wp:term":[{"taxonomy":"product_brand","embeddable":true,"href":"https:\/\/gastora.eu\/en\/wp-json\/wp\/v2\/product_brand?post=14409"},{"taxonomy":"product_cat","embeddable":true,"href":"https:\/\/gastora.eu\/en\/wp-json\/wp\/v2\/product_cat?post=14409"},{"taxonomy":"product_tag","embeddable":true,"href":"https:\/\/gastora.eu\/en\/wp-json\/wp\/v2\/product_tag?post=14409"}],"curies":[{"name":"wp","href":"https:\/\/api.w.org\/{rel}","templated":true}]}}