{"id":14408,"date":"2026-04-25T17:49:49","date_gmt":"2026-04-25T17:49:49","guid":{"rendered":"https:\/\/gastora.eu\/?post_type=product&#038;p=14408"},"modified":"2026-04-28T16:56:28","modified_gmt":"2026-04-28T16:56:28","slug":"gaufrier-3-pices-vagin-rotatif","status":"publish","type":"product","link":"https:\/\/gastora.eu\/en\/product\/gaufrier-3-pices-vagin-rotatif\/","title":{"rendered":"Gaufrier &#8211; 3 pi\u00e8ces &#8211; vagin &#8211; rotatif"},"content":{"rendered":"<p>Les gaufres sont depuis longtemps un en-cas populaire dans le monde entier et le fait de pouvoir servir des gaufres fra\u00eechement pr\u00e9par\u00e9es peut faire toute la diff\u00e9rence dans votre commerce alimentaire. Ce gaufrier Vagina Waffle Maker vous permet de servir trois d\u00e9licieuses gaufres en forme de vagin en un rien de temps.<\/p>\n<h3>De nombreuses variations sont possibles<\/h3>\n<p>Les gaufres fantaisie sont une tendance croissante depuis de nombreuses ann\u00e9es dans les food trucks, les stands de march\u00e9 et autres \u00e9v\u00e9nements en plein air. Comme pour les gaufres traditionnelles, vous pouvez combiner des ingr\u00e9dients, sucr\u00e9s ou sal\u00e9s, pour cr\u00e9er une infinit\u00e9 de vari\u00e9t\u00e9s adapt\u00e9es \u00e0 tous les go\u00fbts. Les garnitures les plus savoureuses sont la cr\u00e8me fouett\u00e9e, la sauce au chocolat ou m\u00eame des paillettes multicolores.<\/p>\n<h3>Une gaufre toujours parfaite<\/h3>\n<p>Gr\u00e2ce au design pratique de ce gaufrier, la r\u00e9alisation de gaufres parfaites est \u00e0 la port\u00e9e de tous. Ce gaufrier fantaisie est \u00e9quip\u00e9 d&#8217;une foule de fonctions qui rendent la pr\u00e9paration des gaufres encore plus facile. Gr\u00e2ce \u00e0 un puissant \u00e9l\u00e9ment chauffant, les plaques de cuisson atteignent tr\u00e8s rapidement la bonne temp\u00e9rature pour que vous puissiez commencer le plus t\u00f4t possible. La temp\u00e9rature peut \u00eatre r\u00e9gl\u00e9e \u00e0 l&#8217;aide du thermostat num\u00e9rique et si vous r\u00e9glez la minuterie et l&#8217;alarme de minuterie, vous pouvez vous assurer que vos gaufres ont toujours le m\u00eame r\u00e9sultat. Ce gaufrier repose \u00e9galement sur quatre pieds en acier inoxydable afin de rester stable pendant l&#8217;utilisation.<\/p>\n<p><strong>Caract\u00e9ristiques<\/strong><\/p>\n<ul>\n<li>Plaques de cuisson en aluminium avec rev\u00eatement antiadh\u00e9sif<\/li>\n<li>Plage de temp\u00e9rature de 50 \u00e0 300\u00b0C<\/li>\n<li>\u00c9quip\u00e9 d&#8217;une minuterie et d&#8217;un t\u00e9moin lumineux de temp\u00e9rature<\/li>\n<li>\u00c9quip\u00e9 d&#8217;un bac de r\u00e9cup\u00e9ration<\/li>\n<li>Construction tr\u00e8s durable et conception hygi\u00e9nique<\/li>\n<\/ul>\n<p><strong>Produit<\/strong> <strong>sp\u00e9cifications<\/strong><\/p>\n<ul>\n<li>Poids net : 12 kg<\/li>\n<li>Dimensions des gaufres : L13 x P8 x H2cm<\/li>\n<li>Dimensions de l&#8217;appareil : L38 x P44 x H33cm<\/li>\n<li>Puissance \u00e9lectrique totale : 1,56 kW<\/li>\n<li>230V\/50Hz\/1 Phase 1560W<\/li>\n<\/ul>","protected":false},"excerpt":{"rendered":"<p>Ce gaufrier peut faire quatre gaufres en forme de vagin en m\u00eame temps. Le gaufrier est fabriqu\u00e9 en acier inoxydable, poss\u00e8de une plaque de cuisson en aluminium avec rev\u00eatement antiadh\u00e9sif, un bac de r\u00e9cup\u00e9ration, un affichage analogique avec des boutons pour la temp\u00e9rature et une minuterie avec alarme. Parfait pour un usage quotidien.<\/p>","protected":false},"featured_media":7564,"template":"","meta":{"_acf_changed":false},"product_brand":[],"product_cat":[16],"product_tag":[],"class_list":{"0":"post-14408","1":"product","2":"type-product","3":"status-publish","4":"has-post-thumbnail","6":"product_cat-cuisson","8":"first","9":"instock","10":"sale","11":"taxable","12":"shipping-taxable","13":"purchasable","14":"product-type-simple"},"acf":[],"yoast_head":"<!-- This site is optimized with the Yoast SEO plugin v27.4 - https:\/\/yoast.com\/product\/yoast-seo-wordpress\/ -->\n<title>Gaufrier - 3 pi\u00e8ces - vagin - rotatif - Gastora<\/title>\n<meta name=\"description\" content=\"Achetez Gaufrier - 3 pi\u00e8ces - vagin - rotatif au meilleur prix, fiable et performant avec une livraison rapide\" \/>\n<meta name=\"robots\" content=\"index, follow, max-snippet:-1, max-image-preview:large, max-video-preview:-1\" \/>\n<link rel=\"canonical\" href=\"https:\/\/gastora.eu\/en\/product\/gaufrier-3-pices-vagin-rotatif\/\" \/>\n<meta property=\"og:locale\" content=\"en_US\" \/>\n<meta property=\"og:type\" content=\"article\" \/>\n<meta property=\"og:title\" content=\"Gaufrier - 3 pi\u00e8ces - vagin - rotatif - Gastora\" \/>\n<meta property=\"og:description\" content=\"Achetez Gaufrier - 3 pi\u00e8ces - vagin - rotatif au meilleur prix, fiable et performant avec une livraison rapide\" \/>\n<meta property=\"og:url\" content=\"https:\/\/gastora.eu\/en\/product\/gaufrier-3-pices-vagin-rotatif\/\" \/>\n<meta property=\"og:site_name\" content=\"Gastora\" \/>\n<meta property=\"article:modified_time\" content=\"2026-04-28T16:56:28+00:00\" \/>\n<meta name=\"twitter:card\" content=\"summary_large_image\" \/>\n<meta name=\"twitter:label1\" content=\"Est. reading time\" \/>\n\t<meta name=\"twitter:data1\" content=\"2 minutes\" \/>\n<script type=\"application\/ld+json\" class=\"yoast-schema-graph\">{\"@context\":\"https:\\\/\\\/schema.org\",\"@graph\":[{\"@type\":\"WebPage\",\"@id\":\"https:\\\/\\\/gastora.eu\\\/product\\\/gaufrier-3-pices-vagin-rotatif\\\/\",\"url\":\"https:\\\/\\\/gastora.eu\\\/product\\\/gaufrier-3-pices-vagin-rotatif\\\/\",\"name\":\"Gaufrier - 3 pi\u00e8ces - vagin - rotatif - Gastora\",\"isPartOf\":{\"@id\":\"https:\\\/\\\/gastora.eu\\\/#website\"},\"primaryImageOfPage\":{\"@id\":\"https:\\\/\\\/gastora.eu\\\/product\\\/gaufrier-3-pices-vagin-rotatif\\\/#primaryimage\"},\"image\":{\"@id\":\"https:\\\/\\\/gastora.eu\\\/product\\\/gaufrier-3-pices-vagin-rotatif\\\/#primaryimage\"},\"thumbnailUrl\":\"https:\\\/\\\/gastora.eu\\\/wp-content\\\/uploads\\\/2026\\\/04\\\/sp-005_1_2.jpg\",\"datePublished\":\"2026-04-25T17:49:49+00:00\",\"dateModified\":\"2026-04-28T16:56:28+00:00\",\"description\":\"Achetez Gaufrier - 3 pi\u00e8ces - vagin - rotatif au meilleur prix, fiable et performant avec une livraison rapide\",\"breadcrumb\":{\"@id\":\"https:\\\/\\\/gastora.eu\\\/product\\\/gaufrier-3-pices-vagin-rotatif\\\/#breadcrumb\"},\"inLanguage\":\"en-US\",\"potentialAction\":[{\"@type\":\"ReadAction\",\"target\":[\"https:\\\/\\\/gastora.eu\\\/product\\\/gaufrier-3-pices-vagin-rotatif\\\/\"]}]},{\"@type\":\"ImageObject\",\"inLanguage\":\"en-US\",\"@id\":\"https:\\\/\\\/gastora.eu\\\/product\\\/gaufrier-3-pices-vagin-rotatif\\\/#primaryimage\",\"url\":\"https:\\\/\\\/gastora.eu\\\/wp-content\\\/uploads\\\/2026\\\/04\\\/sp-005_1_2.jpg\",\"contentUrl\":\"https:\\\/\\\/gastora.eu\\\/wp-content\\\/uploads\\\/2026\\\/04\\\/sp-005_1_2.jpg\",\"width\":1200,\"height\":1200},{\"@type\":\"BreadcrumbList\",\"@id\":\"https:\\\/\\\/gastora.eu\\\/product\\\/gaufrier-3-pices-vagin-rotatif\\\/#breadcrumb\",\"itemListElement\":[{\"@type\":\"ListItem\",\"position\":1,\"name\":\"Home\",\"item\":\"https:\\\/\\\/gastora.eu\\\/\"},{\"@type\":\"ListItem\",\"position\":2,\"name\":\"Shop\",\"item\":\"https:\\\/\\\/gastora.eu\\\/shop\\\/\"},{\"@type\":\"ListItem\",\"position\":3,\"name\":\"Gaufrier &#8211; 3 pi\u00e8ces &#8211; vagin &#8211; rotatif\"}]},{\"@type\":\"WebSite\",\"@id\":\"https:\\\/\\\/gastora.eu\\\/#website\",\"url\":\"https:\\\/\\\/gastora.eu\\\/\",\"name\":\"Gastora\",\"description\":\"\u00c9quipements professionnels CHR\",\"publisher\":{\"@id\":\"https:\\\/\\\/gastora.eu\\\/#organization\"},\"potentialAction\":[{\"@type\":\"SearchAction\",\"target\":{\"@type\":\"EntryPoint\",\"urlTemplate\":\"https:\\\/\\\/gastora.eu\\\/?s={search_term_string}\"},\"query-input\":{\"@type\":\"PropertyValueSpecification\",\"valueRequired\":true,\"valueName\":\"search_term_string\"}}],\"inLanguage\":\"en-US\"},{\"@type\":\"Organization\",\"@id\":\"https:\\\/\\\/gastora.eu\\\/#organization\",\"name\":\"Gastora\",\"url\":\"https:\\\/\\\/gastora.eu\\\/\",\"logo\":{\"@type\":\"ImageObject\",\"inLanguage\":\"en-US\",\"@id\":\"https:\\\/\\\/gastora.eu\\\/#\\\/schema\\\/logo\\\/image\\\/\",\"url\":\"https:\\\/\\\/gastora.eu\\\/wp-content\\\/uploads\\\/2025\\\/12\\\/ChatGPT-Image-2-janv.-2026-22_52_47-1.png\",\"contentUrl\":\"https:\\\/\\\/gastora.eu\\\/wp-content\\\/uploads\\\/2025\\\/12\\\/ChatGPT-Image-2-janv.-2026-22_52_47-1.png\",\"width\":1536,\"height\":320,\"caption\":\"Gastora\"},\"image\":{\"@id\":\"https:\\\/\\\/gastora.eu\\\/#\\\/schema\\\/logo\\\/image\\\/\"}}]}<\/script>\n<!-- \/ Yoast SEO plugin. -->","yoast_head_json":{"title":"Gaufrier - 3 pi\u00e8ces - vagin - rotatif - Gastora","description":"Achetez Gaufrier - 3 pi\u00e8ces - vagin - rotatif au meilleur prix, fiable et performant avec une livraison rapide","robots":{"index":"index","follow":"follow","max-snippet":"max-snippet:-1","max-image-preview":"max-image-preview:large","max-video-preview":"max-video-preview:-1"},"canonical":"https:\/\/gastora.eu\/en\/product\/gaufrier-3-pices-vagin-rotatif\/","og_locale":"en_US","og_type":"article","og_title":"Gaufrier - 3 pi\u00e8ces - vagin - rotatif - Gastora","og_description":"Achetez Gaufrier - 3 pi\u00e8ces - vagin - rotatif au meilleur prix, fiable et performant avec une livraison rapide","og_url":"https:\/\/gastora.eu\/en\/product\/gaufrier-3-pices-vagin-rotatif\/","og_site_name":"Gastora","article_modified_time":"2026-04-28T16:56:28+00:00","twitter_card":"summary_large_image","twitter_misc":{"Est. reading time":"2 minutes"},"schema":{"@context":"https:\/\/schema.org","@graph":[{"@type":"WebPage","@id":"https:\/\/gastora.eu\/product\/gaufrier-3-pices-vagin-rotatif\/","url":"https:\/\/gastora.eu\/product\/gaufrier-3-pices-vagin-rotatif\/","name":"Gaufrier - 3 pi\u00e8ces - vagin - rotatif - Gastora","isPartOf":{"@id":"https:\/\/gastora.eu\/#website"},"primaryImageOfPage":{"@id":"https:\/\/gastora.eu\/product\/gaufrier-3-pices-vagin-rotatif\/#primaryimage"},"image":{"@id":"https:\/\/gastora.eu\/product\/gaufrier-3-pices-vagin-rotatif\/#primaryimage"},"thumbnailUrl":"https:\/\/gastora.eu\/wp-content\/uploads\/2026\/04\/sp-005_1_2.jpg","datePublished":"2026-04-25T17:49:49+00:00","dateModified":"2026-04-28T16:56:28+00:00","description":"Achetez Gaufrier - 3 pi\u00e8ces - vagin - rotatif au meilleur prix, fiable et performant avec une livraison rapide","breadcrumb":{"@id":"https:\/\/gastora.eu\/product\/gaufrier-3-pices-vagin-rotatif\/#breadcrumb"},"inLanguage":"en-US","potentialAction":[{"@type":"ReadAction","target":["https:\/\/gastora.eu\/product\/gaufrier-3-pices-vagin-rotatif\/"]}]},{"@type":"ImageObject","inLanguage":"en-US","@id":"https:\/\/gastora.eu\/product\/gaufrier-3-pices-vagin-rotatif\/#primaryimage","url":"https:\/\/gastora.eu\/wp-content\/uploads\/2026\/04\/sp-005_1_2.jpg","contentUrl":"https:\/\/gastora.eu\/wp-content\/uploads\/2026\/04\/sp-005_1_2.jpg","width":1200,"height":1200},{"@type":"BreadcrumbList","@id":"https:\/\/gastora.eu\/product\/gaufrier-3-pices-vagin-rotatif\/#breadcrumb","itemListElement":[{"@type":"ListItem","position":1,"name":"Home","item":"https:\/\/gastora.eu\/"},{"@type":"ListItem","position":2,"name":"Shop","item":"https:\/\/gastora.eu\/shop\/"},{"@type":"ListItem","position":3,"name":"Gaufrier &#8211; 3 pi\u00e8ces &#8211; vagin &#8211; rotatif"}]},{"@type":"WebSite","@id":"https:\/\/gastora.eu\/#website","url":"https:\/\/gastora.eu\/","name":"Gastora","description":"\u00c9quipements professionnels CHR","publisher":{"@id":"https:\/\/gastora.eu\/#organization"},"potentialAction":[{"@type":"SearchAction","target":{"@type":"EntryPoint","urlTemplate":"https:\/\/gastora.eu\/?s={search_term_string}"},"query-input":{"@type":"PropertyValueSpecification","valueRequired":true,"valueName":"search_term_string"}}],"inLanguage":"en-US"},{"@type":"Organization","@id":"https:\/\/gastora.eu\/#organization","name":"Gastora","url":"https:\/\/gastora.eu\/","logo":{"@type":"ImageObject","inLanguage":"en-US","@id":"https:\/\/gastora.eu\/#\/schema\/logo\/image\/","url":"https:\/\/gastora.eu\/wp-content\/uploads\/2025\/12\/ChatGPT-Image-2-janv.-2026-22_52_47-1.png","contentUrl":"https:\/\/gastora.eu\/wp-content\/uploads\/2025\/12\/ChatGPT-Image-2-janv.-2026-22_52_47-1.png","width":1536,"height":320,"caption":"Gastora"},"image":{"@id":"https:\/\/gastora.eu\/#\/schema\/logo\/image\/"}}]}},"jetpack_sharing_enabled":true,"_links":{"self":[{"href":"https:\/\/gastora.eu\/en\/wp-json\/wp\/v2\/product\/14408","targetHints":{"allow":["GET"]}}],"collection":[{"href":"https:\/\/gastora.eu\/en\/wp-json\/wp\/v2\/product"}],"about":[{"href":"https:\/\/gastora.eu\/en\/wp-json\/wp\/v2\/types\/product"}],"wp:featuredmedia":[{"embeddable":true,"href":"https:\/\/gastora.eu\/en\/wp-json\/wp\/v2\/media\/7564"}],"wp:attachment":[{"href":"https:\/\/gastora.eu\/en\/wp-json\/wp\/v2\/media?parent=14408"}],"wp:term":[{"taxonomy":"product_brand","embeddable":true,"href":"https:\/\/gastora.eu\/en\/wp-json\/wp\/v2\/product_brand?post=14408"},{"taxonomy":"product_cat","embeddable":true,"href":"https:\/\/gastora.eu\/en\/wp-json\/wp\/v2\/product_cat?post=14408"},{"taxonomy":"product_tag","embeddable":true,"href":"https:\/\/gastora.eu\/en\/wp-json\/wp\/v2\/product_tag?post=14408"}],"curies":[{"name":"wp","href":"https:\/\/api.w.org\/{rel}","templated":true}]}}