{"id":14405,"date":"2026-04-25T17:49:45","date_gmt":"2026-04-25T17:49:45","guid":{"rendered":"https:\/\/gastora.eu\/?post_type=product&#038;p=14405"},"modified":"2026-04-28T16:56:28","modified_gmt":"2026-04-28T16:56:28","slug":"premium-cuisinire-6-brleurs-unit-triple-profondeur-90-cm-incl-four-lectrique","status":"publish","type":"product","link":"https:\/\/gastora.eu\/en\/product\/premium-cuisinire-6-brleurs-unit-triple-profondeur-90-cm-incl-four-lectrique\/","title":{"rendered":"Premium cuisini\u00e8re &#8211; 6 br\u00fbleurs &#8211; unit\u00e9 triple &#8211; profondeur 90 cm &#8211; incl four &#8211; \u00e9lectrique"},"content":{"rendered":"<p>Cette cuisini\u00e8re \u00e9lectrique attrayante illustre imm\u00e9diatement ce que la gamme Cooking Range 900 de Maxima repr\u00e9sente : la qualit\u00e9, l&#8217;ergonomie et la commodit\u00e9. Elle est \u00e9quip\u00e9e de six br\u00fbleurs de grand format, d&#8217;un four spacieux et d&#8217;une base avec porte pour un espace de rangement suppl\u00e9mentaire. Il s&#8217;agit d&#8217;un appareil robuste, pr\u00eat pour un usage quotidien intensif, qui, gr\u00e2ce \u00e0 un choix de mat\u00e9riaux de premi\u00e8re qualit\u00e9, peut r\u00e9sister aux contraintes auxquelles une cuisine professionnelle doit faire face. Toutes les cuisines de restauration peuvent compter sur cette conception robuste de qualit\u00e9 sup\u00e9rieure.<\/p>\n<h3>Toujours de la capacit\u00e9, gr\u00e2ce \u00e0 six grandes plaques de cuisson<\/h3>\n<p>Cette cuisini\u00e8re \u00e9lectrique est \u00e9quip\u00e9e de six plaques de cuisson et d&#8217;un four \u00e9lectrique. Vous pouvez imm\u00e9diatement constater qu&#8217;il s&#8217;agit d&#8217;une cuisini\u00e8re de notre gamme de cuisson 900. Cette cuisini\u00e8re est fabriqu\u00e9e avec des mat\u00e9riaux de qualit\u00e9 et a \u00e9t\u00e9 con\u00e7ue pour un usage intensif. Les plaques de cuisson en fonte sont herm\u00e9tiques et forment une seule unit\u00e9 dans la partie sup\u00e9rieure. Gr\u00e2ce \u00e0 ses grandes dimensions (L120 x P90 cm), les six plaques de cuisson offrent suffisamment d&#8217;espace pour travailler avec de grandes casseroles. Vous pouvez r\u00e9gler les temp\u00e9ratures entre 90 et 450\u00b0C en six positions sur chaque table de cuisson. Les six plaques sont \u00e9galement \u00e9quip\u00e9es d&#8217;un interrupteur de s\u00e9curit\u00e9 en cas de surchauffe.<\/p>\n<p>Un autre avantage d&#8217;une cuisini\u00e8re \u00e9lectrique est la surface lisse des plaques de cuisson, ce qui les rend faciles \u00e0 nettoyer. Il en va de m\u00eame pour le bo\u00eetier en acier inoxydable. Les coins sont arrondis afin d&#8217;\u00e9viter que la salet\u00e9 ne s&#8217;y accumule.<\/p>\n<h3>Un four \u00e9lectrique spacieux<\/h3>\n<p>Le four fonctionne \u00e9galement \u00e0 l&#8217;\u00e9lectricit\u00e9 et offre beaucoup d&#8217;espace. Il peut \u00eatre chauff\u00e9 jusqu&#8217;\u00e0 300\u00b0C et dispose d&#8217;une grille chrom\u00e9e \u00e0 trois niveaux pour les r\u00e9cipients GN 2\/1. La chambre de cuisson statique est enti\u00e8rement en acier inoxydable et comporte des \u00e9l\u00e9ments chauffants en haut et en bas. Ces \u00e9l\u00e9ments peuvent \u00eatre utilis\u00e9s individuellement ou simultan\u00e9ment. La porte du four est dot\u00e9e d&#8217;une isolation tr\u00e8s \u00e9paisse de 40 mm et d&#8217;une grande poign\u00e9e \u00e0 l&#8217;avant. Cela vous permet de l&#8217;ouvrir facilement, m\u00eame si vous portez des gants de cuisine. En outre, cette cuisini\u00e8re dispose d&#8217;une base avec une porte pour un espace de rangement suppl\u00e9mentaire. Vous pouvez par exemple y ranger des casseroles et des ustensiles de cuisine.<\/p>\n<p>Caract\u00e9ristiques de la cuisini\u00e8re \u00e9lectrique haut de gamme :<\/p>\n<ul>\n<li>Table de cuisson aux angles arrondis, facile \u00e0 nettoyer<\/li>\n<li>Composants robustes<\/li>\n<li>Interrupteur de s\u00e9curit\u00e9 contre la surchauffe<\/li>\n<li>Plaque de cuisson individuelle avec 6 r\u00e9glages<\/li>\n<li>Dimensions d&#8217;une seule plaque de cuisson : L30 x P30cm<\/li>\n<li>Temp\u00e9rature comprise entre 90 et 450\u00b0C<\/li>\n<li>Construction tr\u00e8s durable<\/li>\n<li>Conception hygi\u00e9nique<\/li>\n<\/ul>\n<p>Caract\u00e9ristiques du four \u00e9lectrique :<\/p>\n<ul>\n<li>Chambre de cuisson en acier inoxydable<\/li>\n<li>\u00c9l\u00e9ments chauffants sup\u00e9rieurs et inf\u00e9rieurs<\/li>\n<li>Les \u00e9l\u00e9ments chauffants peuvent \u00eatre utilis\u00e9s individuellement ou ensemble<\/li>\n<li>Grille chrom\u00e9e \u00e0 3 niveaux pour r\u00e9cipients GN 2\/1<\/li>\n<li>Bonne isolation gr\u00e2ce \u00e0 la porte du four en acier inoxydable de 40 mm d&#8217;\u00e9paisseur<\/li>\n<li>Poign\u00e9e ergonomique et solide<\/li>\n<li>Thermostat de s\u00e9curit\u00e9 50-300\u00b0C<\/li>\n<li>Base avec porte pour espace de rangement<\/li>\n<\/ul>\n<p><strong>Caract\u00e9ristiques du produit<\/strong><\/p>\n<ul>\n<li>Poids net : 194 kg<\/li>\n<li>Dimensions de l&#8217;appareil : L120 x P90 x H85cm<\/li>\n<li>Puissance du four : 6,0 kW<\/li>\n<li>Puissance \u00e9lectrique totale : 30,0 kW<\/li>\n<li>Puissance : 400V \/ 50Hz \/ 3 Phase 30000W<\/li>\n<\/ul>\n<p><strong>Ce produit est fourni sans fiche.<\/strong><\/p>","protected":false},"excerpt":{"rendered":"<p><span>Grande, plus grande, plus grande : si vous avez besoin d&#8217;une grande capacit\u00e9, cette cuisini\u00e8re \u00e9lectrique est le bon choix !<\/span><span>Une cuisini\u00e8re \u00e0 six feux avec de grands br\u00fbleurs et un grand four \u00e9lectrique.<\/span><span>Ce superbe design est directement issu de notre gamme de cuisini\u00e8res haut de gamme 900 et est id\u00e9al pour une utilisation quotidienne intensive.<\/span><\/p>","protected":false},"featured_media":7558,"template":"","meta":{"_acf_changed":false},"product_brand":[],"product_cat":[495],"product_tag":[],"class_list":{"0":"post-14405","1":"product","2":"type-product","3":"status-publish","4":"has-post-thumbnail","6":"product_cat-plaques-pianos-de-cuisson-2","8":"first","9":"instock","10":"sale","11":"taxable","12":"shipping-taxable","13":"purchasable","14":"product-type-simple"},"acf":[],"yoast_head":"<!-- This site is optimized with the Yoast SEO plugin v27.5 - https:\/\/yoast.com\/product\/yoast-seo-wordpress\/ -->\n<title>Premium cuisini\u00e8re - 6 br\u00fbleurs - unit\u00e9 triple - profondeur 90 cm - incl four - \u00e9lectrique - Gastora<\/title>\n<meta name=\"description\" content=\"Achetez Premium cuisini\u00e8re - 6 br\u00fbleurs - unit\u00e9 triple - profondeur 90 cm - incl four - \u00e9lectrique au meilleur prix, fiable et performant avec une livraison rapide\" \/>\n<meta name=\"robots\" content=\"index, follow, max-snippet:-1, max-image-preview:large, max-video-preview:-1\" \/>\n<link rel=\"canonical\" href=\"https:\/\/gastora.eu\/en\/product\/premium-cuisinire-6-brleurs-unit-triple-profondeur-90-cm-incl-four-lectrique\/\" \/>\n<meta property=\"og:locale\" content=\"en_US\" \/>\n<meta property=\"og:type\" content=\"article\" \/>\n<meta property=\"og:title\" content=\"Premium cuisini\u00e8re - 6 br\u00fbleurs - unit\u00e9 triple - profondeur 90 cm - incl four - \u00e9lectrique - Gastora\" \/>\n<meta property=\"og:description\" content=\"Achetez Premium cuisini\u00e8re - 6 br\u00fbleurs - unit\u00e9 triple - profondeur 90 cm - incl four - \u00e9lectrique au meilleur prix, fiable et performant avec une livraison rapide\" \/>\n<meta property=\"og:url\" content=\"https:\/\/gastora.eu\/en\/product\/premium-cuisinire-6-brleurs-unit-triple-profondeur-90-cm-incl-four-lectrique\/\" \/>\n<meta property=\"og:site_name\" content=\"Gastora\" \/>\n<meta property=\"article:modified_time\" content=\"2026-04-28T16:56:28+00:00\" \/>\n<meta name=\"twitter:card\" content=\"summary_large_image\" \/>\n<meta name=\"twitter:label1\" content=\"Est. reading time\" \/>\n\t<meta name=\"twitter:data1\" content=\"3 minutes\" \/>\n<script type=\"application\/ld+json\" class=\"yoast-schema-graph\">{\"@context\":\"https:\\\/\\\/schema.org\",\"@graph\":[{\"@type\":\"WebPage\",\"@id\":\"https:\\\/\\\/gastora.eu\\\/product\\\/premium-cuisinire-6-brleurs-unit-triple-profondeur-90-cm-incl-four-lectrique\\\/\",\"url\":\"https:\\\/\\\/gastora.eu\\\/product\\\/premium-cuisinire-6-brleurs-unit-triple-profondeur-90-cm-incl-four-lectrique\\\/\",\"name\":\"Premium cuisini\u00e8re - 6 br\u00fbleurs - unit\u00e9 triple - profondeur 90 cm - incl four - \u00e9lectrique - Gastora\",\"isPartOf\":{\"@id\":\"https:\\\/\\\/gastora.eu\\\/#website\"},\"primaryImageOfPage\":{\"@id\":\"https:\\\/\\\/gastora.eu\\\/product\\\/premium-cuisinire-6-brleurs-unit-triple-profondeur-90-cm-incl-four-lectrique\\\/#primaryimage\"},\"image\":{\"@id\":\"https:\\\/\\\/gastora.eu\\\/product\\\/premium-cuisinire-6-brleurs-unit-triple-profondeur-90-cm-incl-four-lectrique\\\/#primaryimage\"},\"thumbnailUrl\":\"https:\\\/\\\/gastora.eu\\\/wp-content\\\/uploads\\\/2026\\\/04\\\/7865n11290811.jpg\",\"datePublished\":\"2026-04-25T17:49:45+00:00\",\"dateModified\":\"2026-04-28T16:56:28+00:00\",\"description\":\"Achetez Premium cuisini\u00e8re - 6 br\u00fbleurs - unit\u00e9 triple - profondeur 90 cm - incl four - \u00e9lectrique au meilleur prix, fiable et performant avec une livraison rapide\",\"breadcrumb\":{\"@id\":\"https:\\\/\\\/gastora.eu\\\/product\\\/premium-cuisinire-6-brleurs-unit-triple-profondeur-90-cm-incl-four-lectrique\\\/#breadcrumb\"},\"inLanguage\":\"en-US\",\"potentialAction\":[{\"@type\":\"ReadAction\",\"target\":[\"https:\\\/\\\/gastora.eu\\\/product\\\/premium-cuisinire-6-brleurs-unit-triple-profondeur-90-cm-incl-four-lectrique\\\/\"]}]},{\"@type\":\"ImageObject\",\"inLanguage\":\"en-US\",\"@id\":\"https:\\\/\\\/gastora.eu\\\/product\\\/premium-cuisinire-6-brleurs-unit-triple-profondeur-90-cm-incl-four-lectrique\\\/#primaryimage\",\"url\":\"https:\\\/\\\/gastora.eu\\\/wp-content\\\/uploads\\\/2026\\\/04\\\/7865n11290811.jpg\",\"contentUrl\":\"https:\\\/\\\/gastora.eu\\\/wp-content\\\/uploads\\\/2026\\\/04\\\/7865n11290811.jpg\",\"width\":1200,\"height\":1200},{\"@type\":\"BreadcrumbList\",\"@id\":\"https:\\\/\\\/gastora.eu\\\/product\\\/premium-cuisinire-6-brleurs-unit-triple-profondeur-90-cm-incl-four-lectrique\\\/#breadcrumb\",\"itemListElement\":[{\"@type\":\"ListItem\",\"position\":1,\"name\":\"Home\",\"item\":\"https:\\\/\\\/gastora.eu\\\/\"},{\"@type\":\"ListItem\",\"position\":2,\"name\":\"Shop\",\"item\":\"https:\\\/\\\/gastora.eu\\\/shop\\\/\"},{\"@type\":\"ListItem\",\"position\":3,\"name\":\"Premium cuisini\u00e8re &#8211; 6 br\u00fbleurs &#8211; unit\u00e9 triple &#8211; profondeur 90 cm &#8211; incl four &#8211; \u00e9lectrique\"}]},{\"@type\":\"WebSite\",\"@id\":\"https:\\\/\\\/gastora.eu\\\/#website\",\"url\":\"https:\\\/\\\/gastora.eu\\\/\",\"name\":\"Gastora\",\"description\":\"\u00c9quipements professionnels CHR\",\"publisher\":{\"@id\":\"https:\\\/\\\/gastora.eu\\\/#organization\"},\"potentialAction\":[{\"@type\":\"SearchAction\",\"target\":{\"@type\":\"EntryPoint\",\"urlTemplate\":\"https:\\\/\\\/gastora.eu\\\/?s={search_term_string}\"},\"query-input\":{\"@type\":\"PropertyValueSpecification\",\"valueRequired\":true,\"valueName\":\"search_term_string\"}}],\"inLanguage\":\"en-US\"},{\"@type\":\"Organization\",\"@id\":\"https:\\\/\\\/gastora.eu\\\/#organization\",\"name\":\"Gastora\",\"url\":\"https:\\\/\\\/gastora.eu\\\/\",\"logo\":{\"@type\":\"ImageObject\",\"inLanguage\":\"en-US\",\"@id\":\"https:\\\/\\\/gastora.eu\\\/#\\\/schema\\\/logo\\\/image\\\/\",\"url\":\"https:\\\/\\\/gastora.eu\\\/wp-content\\\/uploads\\\/2025\\\/12\\\/ChatGPT-Image-2-janv.-2026-22_52_47-1.png\",\"contentUrl\":\"https:\\\/\\\/gastora.eu\\\/wp-content\\\/uploads\\\/2025\\\/12\\\/ChatGPT-Image-2-janv.-2026-22_52_47-1.png\",\"width\":1536,\"height\":320,\"caption\":\"Gastora\"},\"image\":{\"@id\":\"https:\\\/\\\/gastora.eu\\\/#\\\/schema\\\/logo\\\/image\\\/\"}}]}<\/script>\n<!-- \/ Yoast SEO plugin. -->","yoast_head_json":{"title":"Premium cuisini\u00e8re - 6 br\u00fbleurs - unit\u00e9 triple - profondeur 90 cm - incl four - \u00e9lectrique - Gastora","description":"Achetez Premium cuisini\u00e8re - 6 br\u00fbleurs - unit\u00e9 triple - profondeur 90 cm - incl four - \u00e9lectrique au meilleur prix, fiable et performant avec une livraison rapide","robots":{"index":"index","follow":"follow","max-snippet":"max-snippet:-1","max-image-preview":"max-image-preview:large","max-video-preview":"max-video-preview:-1"},"canonical":"https:\/\/gastora.eu\/en\/product\/premium-cuisinire-6-brleurs-unit-triple-profondeur-90-cm-incl-four-lectrique\/","og_locale":"en_US","og_type":"article","og_title":"Premium cuisini\u00e8re - 6 br\u00fbleurs - unit\u00e9 triple - profondeur 90 cm - incl four - \u00e9lectrique - Gastora","og_description":"Achetez Premium cuisini\u00e8re - 6 br\u00fbleurs - unit\u00e9 triple - profondeur 90 cm - incl four - \u00e9lectrique au meilleur prix, fiable et performant avec une livraison rapide","og_url":"https:\/\/gastora.eu\/en\/product\/premium-cuisinire-6-brleurs-unit-triple-profondeur-90-cm-incl-four-lectrique\/","og_site_name":"Gastora","article_modified_time":"2026-04-28T16:56:28+00:00","twitter_card":"summary_large_image","twitter_misc":{"Est. reading time":"3 minutes"},"schema":{"@context":"https:\/\/schema.org","@graph":[{"@type":"WebPage","@id":"https:\/\/gastora.eu\/product\/premium-cuisinire-6-brleurs-unit-triple-profondeur-90-cm-incl-four-lectrique\/","url":"https:\/\/gastora.eu\/product\/premium-cuisinire-6-brleurs-unit-triple-profondeur-90-cm-incl-four-lectrique\/","name":"Premium cuisini\u00e8re - 6 br\u00fbleurs - unit\u00e9 triple - profondeur 90 cm - incl four - \u00e9lectrique - Gastora","isPartOf":{"@id":"https:\/\/gastora.eu\/#website"},"primaryImageOfPage":{"@id":"https:\/\/gastora.eu\/product\/premium-cuisinire-6-brleurs-unit-triple-profondeur-90-cm-incl-four-lectrique\/#primaryimage"},"image":{"@id":"https:\/\/gastora.eu\/product\/premium-cuisinire-6-brleurs-unit-triple-profondeur-90-cm-incl-four-lectrique\/#primaryimage"},"thumbnailUrl":"https:\/\/gastora.eu\/wp-content\/uploads\/2026\/04\/7865n11290811.jpg","datePublished":"2026-04-25T17:49:45+00:00","dateModified":"2026-04-28T16:56:28+00:00","description":"Achetez Premium cuisini\u00e8re - 6 br\u00fbleurs - unit\u00e9 triple - profondeur 90 cm - incl four - \u00e9lectrique au meilleur prix, fiable et performant avec une livraison rapide","breadcrumb":{"@id":"https:\/\/gastora.eu\/product\/premium-cuisinire-6-brleurs-unit-triple-profondeur-90-cm-incl-four-lectrique\/#breadcrumb"},"inLanguage":"en-US","potentialAction":[{"@type":"ReadAction","target":["https:\/\/gastora.eu\/product\/premium-cuisinire-6-brleurs-unit-triple-profondeur-90-cm-incl-four-lectrique\/"]}]},{"@type":"ImageObject","inLanguage":"en-US","@id":"https:\/\/gastora.eu\/product\/premium-cuisinire-6-brleurs-unit-triple-profondeur-90-cm-incl-four-lectrique\/#primaryimage","url":"https:\/\/gastora.eu\/wp-content\/uploads\/2026\/04\/7865n11290811.jpg","contentUrl":"https:\/\/gastora.eu\/wp-content\/uploads\/2026\/04\/7865n11290811.jpg","width":1200,"height":1200},{"@type":"BreadcrumbList","@id":"https:\/\/gastora.eu\/product\/premium-cuisinire-6-brleurs-unit-triple-profondeur-90-cm-incl-four-lectrique\/#breadcrumb","itemListElement":[{"@type":"ListItem","position":1,"name":"Home","item":"https:\/\/gastora.eu\/"},{"@type":"ListItem","position":2,"name":"Shop","item":"https:\/\/gastora.eu\/shop\/"},{"@type":"ListItem","position":3,"name":"Premium cuisini\u00e8re &#8211; 6 br\u00fbleurs &#8211; unit\u00e9 triple &#8211; profondeur 90 cm &#8211; incl four &#8211; \u00e9lectrique"}]},{"@type":"WebSite","@id":"https:\/\/gastora.eu\/#website","url":"https:\/\/gastora.eu\/","name":"Gastora","description":"\u00c9quipements professionnels CHR","publisher":{"@id":"https:\/\/gastora.eu\/#organization"},"potentialAction":[{"@type":"SearchAction","target":{"@type":"EntryPoint","urlTemplate":"https:\/\/gastora.eu\/?s={search_term_string}"},"query-input":{"@type":"PropertyValueSpecification","valueRequired":true,"valueName":"search_term_string"}}],"inLanguage":"en-US"},{"@type":"Organization","@id":"https:\/\/gastora.eu\/#organization","name":"Gastora","url":"https:\/\/gastora.eu\/","logo":{"@type":"ImageObject","inLanguage":"en-US","@id":"https:\/\/gastora.eu\/#\/schema\/logo\/image\/","url":"https:\/\/gastora.eu\/wp-content\/uploads\/2025\/12\/ChatGPT-Image-2-janv.-2026-22_52_47-1.png","contentUrl":"https:\/\/gastora.eu\/wp-content\/uploads\/2025\/12\/ChatGPT-Image-2-janv.-2026-22_52_47-1.png","width":1536,"height":320,"caption":"Gastora"},"image":{"@id":"https:\/\/gastora.eu\/#\/schema\/logo\/image\/"}}]}},"jetpack_sharing_enabled":true,"_links":{"self":[{"href":"https:\/\/gastora.eu\/en\/wp-json\/wp\/v2\/product\/14405","targetHints":{"allow":["GET"]}}],"collection":[{"href":"https:\/\/gastora.eu\/en\/wp-json\/wp\/v2\/product"}],"about":[{"href":"https:\/\/gastora.eu\/en\/wp-json\/wp\/v2\/types\/product"}],"wp:featuredmedia":[{"embeddable":true,"href":"https:\/\/gastora.eu\/en\/wp-json\/wp\/v2\/media\/7558"}],"wp:attachment":[{"href":"https:\/\/gastora.eu\/en\/wp-json\/wp\/v2\/media?parent=14405"}],"wp:term":[{"taxonomy":"product_brand","embeddable":true,"href":"https:\/\/gastora.eu\/en\/wp-json\/wp\/v2\/product_brand?post=14405"},{"taxonomy":"product_cat","embeddable":true,"href":"https:\/\/gastora.eu\/en\/wp-json\/wp\/v2\/product_cat?post=14405"},{"taxonomy":"product_tag","embeddable":true,"href":"https:\/\/gastora.eu\/en\/wp-json\/wp\/v2\/product_tag?post=14405"}],"curies":[{"name":"wp","href":"https:\/\/api.w.org\/{rel}","templated":true}]}}