{"id":14403,"date":"2026-04-25T17:49:43","date_gmt":"2026-04-25T17:49:43","guid":{"rendered":"https:\/\/gastora.eu\/?post_type=product&#038;p=14403"},"modified":"2026-04-28T16:56:27","modified_gmt":"2026-04-28T16:56:27","slug":"premium-cuisinire-6-brleurs-unit-triple-profondeur-90-cm-gaz","status":"publish","type":"product","link":"https:\/\/gastora.eu\/en\/product\/premium-cuisinire-6-brleurs-unit-triple-profondeur-90-cm-gaz\/","title":{"rendered":"Premium cuisini\u00e8re &#8211; 6 br\u00fbleurs &#8211; unit\u00e9 triple &#8211; profondeur 90 cm &#8211; gaz"},"content":{"rendered":"<p>Cette cuisini\u00e8re haut de gamme dispose d&#8217;une plaque de cuisson puissante avec 6 br\u00fbleurs. Gr\u00e2ce \u00e0 sa construction durable, cette table de cuisson vous durera tr\u00e8s longtemps et r\u00e9sistera \u00e0 de nombreuses sollicitations. Les supports de casseroles sont en fonte et les br\u00fbleurs \u00e0 gaz chrom\u00e9s garantissent un rendement \u00e9lev\u00e9 et une combustion rapide. En outre, la profondeur de la table de cuisson est de 90 cm. Elle est donc id\u00e9ale pour les grandes casseroles.<\/p>\n<h3>\u00c9quip\u00e9e d&#8217;une flamme pilote<\/h3>\n<p>La table de cuisson est dot\u00e9e de coins arrondis pour faciliter le nettoyage. De plus, les br\u00fbleurs sont \u00e9quip\u00e9s d&#8217;une veilleuse et d&#8217;une vanne de s\u00e9curit\u00e9 gaz avec thermocouple. La table de cuisson est \u00e9galement \u00e9quip\u00e9e d&#8217;un allumage Piezo et convient pour le GPL ou le gaz naturel.<\/p>\n<h3>Conception ergonomique<\/h3>\n<p>Cette table de cuisson professionnelle pr\u00e9sente un design ergonomique qui en fait un appareil de cuisine tr\u00e8s agr\u00e9able \u00e0 utiliser. Gr\u00e2ce \u00e0 son bo\u00eetier en acier inoxydable, la table de cuisson est facile \u00e0 nettoyer. Un chiffon humide et un d\u00e9tergent doux suffisent pour nettoyer les surfaces lisses. La table de cuisson est id\u00e9ale pour \u00eatre plac\u00e9e sur une table, un \u00e9tabli ou une base qui peut \u00eatre command\u00e9e s\u00e9par\u00e9ment.<\/p>\n<ul>\n<li>Table de cuisson aux angles arrondis, facile \u00e0 nettoyer<\/li>\n<li>Composants robustes<\/li>\n<li>Br\u00fbleurs avec veilleuse<\/li>\n<li>\u00c9quip\u00e9e d&#8217;un thermostat de s\u00e9curit\u00e9<\/li>\n<li>Soupape de s\u00e9curit\u00e9 pour le gaz avec thermocouple<\/li>\n<li>Allumage pi\u00e9zo<\/li>\n<li>Convient pour le GPL ou le gaz naturel<\/li>\n<li>Construction tr\u00e8s durable<\/li>\n<li>Conception hygi\u00e9nique<\/li>\n<\/ul>\n<p><strong>Caract\u00e9ristiques du produit<\/strong><\/p>\n<ul>\n<li>Poids net : 86 kg<\/li>\n<li>Dimensions de l&#8217;appareil : L120 x P90 x H28cm<\/li>\n<li>Capacit\u00e9 des br\u00fbleurs \u00e0 gaz : 3 x 6,0 kW et 3 x 10,0 kW<\/li>\n<li>Puissance totale du gaz : 48.0 kW<\/li>\n<li>Injecteurs de gaz install\u00e9s : G25 &#8211; gaz naturel<\/li>\n<li>Jeu suppl\u00e9mentaire d&#8217;injecteurs de gaz : G30 &#8211; GPL (propane\/butane)<\/li>\n<\/ul>","protected":false},"excerpt":{"rendered":"<p>Cette cuisini\u00e8re haut de gamme dispose de 6 br\u00fbleurs et convient \u00e0 une ligne de cuisson de 90 cm de profondeur. Le bo\u00eetier est en acier inoxydable avec des coins arrondis et les supports de casseroles sont en fonte. Ces mat\u00e9riaux solides font de cette cuisini\u00e8re un outil id\u00e9al pour une utilisation quotidienne intensive dans une cuisine professionnelle.<\/p>","protected":false},"featured_media":7554,"template":"","meta":{"_acf_changed":false},"product_brand":[],"product_cat":[495],"product_tag":[],"class_list":{"0":"post-14403","1":"product","2":"type-product","3":"status-publish","4":"has-post-thumbnail","6":"product_cat-plaques-pianos-de-cuisson-2","8":"first","9":"instock","10":"sale","11":"taxable","12":"shipping-taxable","13":"purchasable","14":"product-type-simple"},"acf":[],"yoast_head":"<!-- This site is optimized with the Yoast SEO plugin v27.5 - https:\/\/yoast.com\/product\/yoast-seo-wordpress\/ -->\n<title>Premium cuisini\u00e8re - 6 br\u00fbleurs - unit\u00e9 triple - profondeur 90 cm - gaz - Gastora<\/title>\n<meta name=\"description\" content=\"Achetez Premium cuisini\u00e8re - 6 br\u00fbleurs - unit\u00e9 triple - profondeur 90 cm - gaz au meilleur prix, fiable et performant avec une livraison rapide\" \/>\n<meta name=\"robots\" content=\"index, follow, max-snippet:-1, max-image-preview:large, max-video-preview:-1\" \/>\n<link rel=\"canonical\" href=\"https:\/\/gastora.eu\/en\/product\/premium-cuisinire-6-brleurs-unit-triple-profondeur-90-cm-gaz\/\" \/>\n<meta property=\"og:locale\" content=\"en_US\" \/>\n<meta property=\"og:type\" content=\"article\" \/>\n<meta property=\"og:title\" content=\"Premium cuisini\u00e8re - 6 br\u00fbleurs - unit\u00e9 triple - profondeur 90 cm - gaz - Gastora\" \/>\n<meta property=\"og:description\" content=\"Achetez Premium cuisini\u00e8re - 6 br\u00fbleurs - unit\u00e9 triple - profondeur 90 cm - gaz au meilleur prix, fiable et performant avec une livraison rapide\" \/>\n<meta property=\"og:url\" content=\"https:\/\/gastora.eu\/en\/product\/premium-cuisinire-6-brleurs-unit-triple-profondeur-90-cm-gaz\/\" \/>\n<meta property=\"og:site_name\" content=\"Gastora\" \/>\n<meta property=\"article:modified_time\" content=\"2026-04-28T16:56:27+00:00\" \/>\n<meta name=\"twitter:card\" content=\"summary_large_image\" \/>\n<meta name=\"twitter:label1\" content=\"Est. reading time\" \/>\n\t<meta name=\"twitter:data1\" content=\"2 minutes\" \/>\n<script type=\"application\/ld+json\" class=\"yoast-schema-graph\">{\"@context\":\"https:\\\/\\\/schema.org\",\"@graph\":[{\"@type\":\"WebPage\",\"@id\":\"https:\\\/\\\/gastora.eu\\\/product\\\/premium-cuisinire-6-brleurs-unit-triple-profondeur-90-cm-gaz\\\/\",\"url\":\"https:\\\/\\\/gastora.eu\\\/product\\\/premium-cuisinire-6-brleurs-unit-triple-profondeur-90-cm-gaz\\\/\",\"name\":\"Premium cuisini\u00e8re - 6 br\u00fbleurs - unit\u00e9 triple - profondeur 90 cm - gaz - Gastora\",\"isPartOf\":{\"@id\":\"https:\\\/\\\/gastora.eu\\\/#website\"},\"primaryImageOfPage\":{\"@id\":\"https:\\\/\\\/gastora.eu\\\/product\\\/premium-cuisinire-6-brleurs-unit-triple-profondeur-90-cm-gaz\\\/#primaryimage\"},\"image\":{\"@id\":\"https:\\\/\\\/gastora.eu\\\/product\\\/premium-cuisinire-6-brleurs-unit-triple-profondeur-90-cm-gaz\\\/#primaryimage\"},\"thumbnailUrl\":\"https:\\\/\\\/gastora.eu\\\/wp-content\\\/uploads\\\/2026\\\/04\\\/7865n11290320.jpg\",\"datePublished\":\"2026-04-25T17:49:43+00:00\",\"dateModified\":\"2026-04-28T16:56:27+00:00\",\"description\":\"Achetez Premium cuisini\u00e8re - 6 br\u00fbleurs - unit\u00e9 triple - profondeur 90 cm - gaz au meilleur prix, fiable et performant avec une livraison rapide\",\"breadcrumb\":{\"@id\":\"https:\\\/\\\/gastora.eu\\\/product\\\/premium-cuisinire-6-brleurs-unit-triple-profondeur-90-cm-gaz\\\/#breadcrumb\"},\"inLanguage\":\"en-US\",\"potentialAction\":[{\"@type\":\"ReadAction\",\"target\":[\"https:\\\/\\\/gastora.eu\\\/product\\\/premium-cuisinire-6-brleurs-unit-triple-profondeur-90-cm-gaz\\\/\"]}]},{\"@type\":\"ImageObject\",\"inLanguage\":\"en-US\",\"@id\":\"https:\\\/\\\/gastora.eu\\\/product\\\/premium-cuisinire-6-brleurs-unit-triple-profondeur-90-cm-gaz\\\/#primaryimage\",\"url\":\"https:\\\/\\\/gastora.eu\\\/wp-content\\\/uploads\\\/2026\\\/04\\\/7865n11290320.jpg\",\"contentUrl\":\"https:\\\/\\\/gastora.eu\\\/wp-content\\\/uploads\\\/2026\\\/04\\\/7865n11290320.jpg\",\"width\":1200,\"height\":1200},{\"@type\":\"BreadcrumbList\",\"@id\":\"https:\\\/\\\/gastora.eu\\\/product\\\/premium-cuisinire-6-brleurs-unit-triple-profondeur-90-cm-gaz\\\/#breadcrumb\",\"itemListElement\":[{\"@type\":\"ListItem\",\"position\":1,\"name\":\"Home\",\"item\":\"https:\\\/\\\/gastora.eu\\\/\"},{\"@type\":\"ListItem\",\"position\":2,\"name\":\"Shop\",\"item\":\"https:\\\/\\\/gastora.eu\\\/shop\\\/\"},{\"@type\":\"ListItem\",\"position\":3,\"name\":\"Premium cuisini\u00e8re &#8211; 6 br\u00fbleurs &#8211; unit\u00e9 triple &#8211; profondeur 90 cm &#8211; gaz\"}]},{\"@type\":\"WebSite\",\"@id\":\"https:\\\/\\\/gastora.eu\\\/#website\",\"url\":\"https:\\\/\\\/gastora.eu\\\/\",\"name\":\"Gastora\",\"description\":\"\u00c9quipements professionnels CHR\",\"publisher\":{\"@id\":\"https:\\\/\\\/gastora.eu\\\/#organization\"},\"potentialAction\":[{\"@type\":\"SearchAction\",\"target\":{\"@type\":\"EntryPoint\",\"urlTemplate\":\"https:\\\/\\\/gastora.eu\\\/?s={search_term_string}\"},\"query-input\":{\"@type\":\"PropertyValueSpecification\",\"valueRequired\":true,\"valueName\":\"search_term_string\"}}],\"inLanguage\":\"en-US\"},{\"@type\":\"Organization\",\"@id\":\"https:\\\/\\\/gastora.eu\\\/#organization\",\"name\":\"Gastora\",\"url\":\"https:\\\/\\\/gastora.eu\\\/\",\"logo\":{\"@type\":\"ImageObject\",\"inLanguage\":\"en-US\",\"@id\":\"https:\\\/\\\/gastora.eu\\\/#\\\/schema\\\/logo\\\/image\\\/\",\"url\":\"https:\\\/\\\/gastora.eu\\\/wp-content\\\/uploads\\\/2025\\\/12\\\/ChatGPT-Image-2-janv.-2026-22_52_47-1.png\",\"contentUrl\":\"https:\\\/\\\/gastora.eu\\\/wp-content\\\/uploads\\\/2025\\\/12\\\/ChatGPT-Image-2-janv.-2026-22_52_47-1.png\",\"width\":1536,\"height\":320,\"caption\":\"Gastora\"},\"image\":{\"@id\":\"https:\\\/\\\/gastora.eu\\\/#\\\/schema\\\/logo\\\/image\\\/\"}}]}<\/script>\n<!-- \/ Yoast SEO plugin. -->","yoast_head_json":{"title":"Premium cuisini\u00e8re - 6 br\u00fbleurs - unit\u00e9 triple - profondeur 90 cm - gaz - Gastora","description":"Achetez Premium cuisini\u00e8re - 6 br\u00fbleurs - unit\u00e9 triple - profondeur 90 cm - gaz au meilleur prix, fiable et performant avec une livraison rapide","robots":{"index":"index","follow":"follow","max-snippet":"max-snippet:-1","max-image-preview":"max-image-preview:large","max-video-preview":"max-video-preview:-1"},"canonical":"https:\/\/gastora.eu\/en\/product\/premium-cuisinire-6-brleurs-unit-triple-profondeur-90-cm-gaz\/","og_locale":"en_US","og_type":"article","og_title":"Premium cuisini\u00e8re - 6 br\u00fbleurs - unit\u00e9 triple - profondeur 90 cm - gaz - Gastora","og_description":"Achetez Premium cuisini\u00e8re - 6 br\u00fbleurs - unit\u00e9 triple - profondeur 90 cm - gaz au meilleur prix, fiable et performant avec une livraison rapide","og_url":"https:\/\/gastora.eu\/en\/product\/premium-cuisinire-6-brleurs-unit-triple-profondeur-90-cm-gaz\/","og_site_name":"Gastora","article_modified_time":"2026-04-28T16:56:27+00:00","twitter_card":"summary_large_image","twitter_misc":{"Est. reading time":"2 minutes"},"schema":{"@context":"https:\/\/schema.org","@graph":[{"@type":"WebPage","@id":"https:\/\/gastora.eu\/product\/premium-cuisinire-6-brleurs-unit-triple-profondeur-90-cm-gaz\/","url":"https:\/\/gastora.eu\/product\/premium-cuisinire-6-brleurs-unit-triple-profondeur-90-cm-gaz\/","name":"Premium cuisini\u00e8re - 6 br\u00fbleurs - unit\u00e9 triple - profondeur 90 cm - gaz - Gastora","isPartOf":{"@id":"https:\/\/gastora.eu\/#website"},"primaryImageOfPage":{"@id":"https:\/\/gastora.eu\/product\/premium-cuisinire-6-brleurs-unit-triple-profondeur-90-cm-gaz\/#primaryimage"},"image":{"@id":"https:\/\/gastora.eu\/product\/premium-cuisinire-6-brleurs-unit-triple-profondeur-90-cm-gaz\/#primaryimage"},"thumbnailUrl":"https:\/\/gastora.eu\/wp-content\/uploads\/2026\/04\/7865n11290320.jpg","datePublished":"2026-04-25T17:49:43+00:00","dateModified":"2026-04-28T16:56:27+00:00","description":"Achetez Premium cuisini\u00e8re - 6 br\u00fbleurs - unit\u00e9 triple - profondeur 90 cm - gaz au meilleur prix, fiable et performant avec une livraison rapide","breadcrumb":{"@id":"https:\/\/gastora.eu\/product\/premium-cuisinire-6-brleurs-unit-triple-profondeur-90-cm-gaz\/#breadcrumb"},"inLanguage":"en-US","potentialAction":[{"@type":"ReadAction","target":["https:\/\/gastora.eu\/product\/premium-cuisinire-6-brleurs-unit-triple-profondeur-90-cm-gaz\/"]}]},{"@type":"ImageObject","inLanguage":"en-US","@id":"https:\/\/gastora.eu\/product\/premium-cuisinire-6-brleurs-unit-triple-profondeur-90-cm-gaz\/#primaryimage","url":"https:\/\/gastora.eu\/wp-content\/uploads\/2026\/04\/7865n11290320.jpg","contentUrl":"https:\/\/gastora.eu\/wp-content\/uploads\/2026\/04\/7865n11290320.jpg","width":1200,"height":1200},{"@type":"BreadcrumbList","@id":"https:\/\/gastora.eu\/product\/premium-cuisinire-6-brleurs-unit-triple-profondeur-90-cm-gaz\/#breadcrumb","itemListElement":[{"@type":"ListItem","position":1,"name":"Home","item":"https:\/\/gastora.eu\/"},{"@type":"ListItem","position":2,"name":"Shop","item":"https:\/\/gastora.eu\/shop\/"},{"@type":"ListItem","position":3,"name":"Premium cuisini\u00e8re &#8211; 6 br\u00fbleurs &#8211; unit\u00e9 triple &#8211; profondeur 90 cm &#8211; gaz"}]},{"@type":"WebSite","@id":"https:\/\/gastora.eu\/#website","url":"https:\/\/gastora.eu\/","name":"Gastora","description":"\u00c9quipements professionnels CHR","publisher":{"@id":"https:\/\/gastora.eu\/#organization"},"potentialAction":[{"@type":"SearchAction","target":{"@type":"EntryPoint","urlTemplate":"https:\/\/gastora.eu\/?s={search_term_string}"},"query-input":{"@type":"PropertyValueSpecification","valueRequired":true,"valueName":"search_term_string"}}],"inLanguage":"en-US"},{"@type":"Organization","@id":"https:\/\/gastora.eu\/#organization","name":"Gastora","url":"https:\/\/gastora.eu\/","logo":{"@type":"ImageObject","inLanguage":"en-US","@id":"https:\/\/gastora.eu\/#\/schema\/logo\/image\/","url":"https:\/\/gastora.eu\/wp-content\/uploads\/2025\/12\/ChatGPT-Image-2-janv.-2026-22_52_47-1.png","contentUrl":"https:\/\/gastora.eu\/wp-content\/uploads\/2025\/12\/ChatGPT-Image-2-janv.-2026-22_52_47-1.png","width":1536,"height":320,"caption":"Gastora"},"image":{"@id":"https:\/\/gastora.eu\/#\/schema\/logo\/image\/"}}]}},"jetpack_sharing_enabled":true,"_links":{"self":[{"href":"https:\/\/gastora.eu\/en\/wp-json\/wp\/v2\/product\/14403","targetHints":{"allow":["GET"]}}],"collection":[{"href":"https:\/\/gastora.eu\/en\/wp-json\/wp\/v2\/product"}],"about":[{"href":"https:\/\/gastora.eu\/en\/wp-json\/wp\/v2\/types\/product"}],"wp:featuredmedia":[{"embeddable":true,"href":"https:\/\/gastora.eu\/en\/wp-json\/wp\/v2\/media\/7554"}],"wp:attachment":[{"href":"https:\/\/gastora.eu\/en\/wp-json\/wp\/v2\/media?parent=14403"}],"wp:term":[{"taxonomy":"product_brand","embeddable":true,"href":"https:\/\/gastora.eu\/en\/wp-json\/wp\/v2\/product_brand?post=14403"},{"taxonomy":"product_cat","embeddable":true,"href":"https:\/\/gastora.eu\/en\/wp-json\/wp\/v2\/product_cat?post=14403"},{"taxonomy":"product_tag","embeddable":true,"href":"https:\/\/gastora.eu\/en\/wp-json\/wp\/v2\/product_tag?post=14403"}],"curies":[{"name":"wp","href":"https:\/\/api.w.org\/{rel}","templated":true}]}}