{"id":14402,"date":"2026-04-25T17:49:42","date_gmt":"2026-04-25T17:49:42","guid":{"rendered":"https:\/\/gastora.eu\/?post_type=product&#038;p=14402"},"modified":"2026-04-28T16:56:27","modified_gmt":"2026-04-28T16:56:27","slug":"premium-cuisinire-1-brleur-unit-double-profondeur-90-cm-gaz","status":"publish","type":"product","link":"https:\/\/gastora.eu\/en\/product\/premium-cuisinire-1-brleur-unit-double-profondeur-90-cm-gaz\/","title":{"rendered":"Premium cuisini\u00e8re &#8211; 1 br\u00fbleur &#8211; unit\u00e9 double &#8211; profondeur 90 cm &#8211; gaz"},"content":{"rendered":"<p><span>M\u00eame si une seule flamme suffit, vous pouvez toujours opter pour la qualit\u00e9 avec cette table de cuisson de notre gamme Cooking Range 900. Avec un beau design et des mat\u00e9riaux robustes, elle convient \u00e0 un travail quotidien intensif.<\/span><\/p>\n<h3><span>S\u00e9lection de mat\u00e9riaux haut de gamme<\/span><\/h3>\n<p><span>La solidit\u00e9 de cet appareil rayonne et c&#8217;est parce que les mat\u00e9riaux de haute qualit\u00e9 combin\u00e9s \u00e0 un beau design en font un produit haut de gamme. Ce r\u00e9chaud \u00e0 gaz n&#8217;a pas besoin de fioritures ou d&#8217;embellissements inutiles, car il excelle dans ses performances et son utilisation pratique. Tout d&#8217;abord, le bo\u00eetier est en acier inoxydable. Ce mat\u00e9riau lisse est bien s\u00fbr r\u00e9put\u00e9 pour sa robustesse, mais il est \u00e9galement tr\u00e8s facile \u00e0 nettoyer. Les coins sont arrondis afin que la salet\u00e9 ne s&#8217;y accumule pas et que vous puissiez les atteindre facilement. Les supports de casseroles sont en fonte lourde et les br\u00fbleurs \u00e0 gaz chrom\u00e9s sont tr\u00e8s puissants et chauffent rapidement.<\/span><\/p>\n<p><span>Le fait qu&#8217;elle ne comporte qu&#8217;un seul br\u00fbleur n&#8217;en fait pas une petite table de cuisson : gr\u00e2ce \u00e0 sa profondeur de 90 cm, vous pouvez facilement y poser une grande casserole. Le br\u00fbleur \u00e0 deux flammes permet d&#8217;accueillir sans probl\u00e8me des casseroles plus grandes. Et gr\u00e2ce \u00e0 ses gros boutons ronds, vous \u00eates certain qu&#8217;il s&#8217;agit d&#8217;un r\u00e9chaud \u00e0 gaz pratique \u00e0 utiliser.<\/span><\/p>\n<h3><span>Adapt\u00e9e au GPL et au gaz naturel<\/span><\/h3>\n<p><span>Cette table de cuisson professionnelle convient au GPL ou au gaz naturel et prend vie gr\u00e2ce \u00e0 l&#8217;allumage pi\u00e9zo\u00e9lectrique tr\u00e8s pratique. Elle est \u00e9quip\u00e9e d&#8217;une soupape de s\u00e9curit\u00e9 avec thermocouple, qui garantit que le robinet de gaz reste ouvert tant que le capteur enregistre de la chaleur. D\u00e8s qu&#8217;il n&#8217;y a plus de flamme, la vanne de gaz se ferme automatiquement afin d&#8217;\u00e9viter toute fuite de gaz. Un thermostat de s\u00e9curit\u00e9 constitue une s\u00e9curit\u00e9 suppl\u00e9mentaire.<\/span><\/p>\n<p><strong><span>Caract\u00e9ristiques du produit<\/span><\/strong><\/p>\n<ul>\n<li><span>Poids net : 65,6 kg<\/span><\/li>\n<li><span>Dimensions : L80 x P90 x H28cm<\/span><\/li>\n<li><span>Puissance des br\u00fbleurs : 4,0 kW et 10,0 kW<\/span><\/li>\n<li><span>Puissance totale du gaz : 14,0 kW<\/span><\/li>\n<li><span>Injecteurs de gaz install\u00e9s : G25 &#8211; gaz naturel<\/span><\/li>\n<li><span>Jeu suppl\u00e9mentaire d&#8217;injecteurs de gaz : G30 &#8211; GPL (propane\/butane)<\/span><\/li>\n<\/ul>","protected":false},"excerpt":{"rendered":"<p>Ce r\u00e9chaud \u00e0 gaz Premium poss\u00e8de un br\u00fbleur \u00e0 deux flammes et peut \u00eatre utilis\u00e9 dans des lignes de cuisson de 90 cm de profondeur. Vous pouvez r\u00e9gler la temp\u00e9rature de chaque flamme s\u00e9par\u00e9ment. Les supports de casseroles sont en fonte et la cuisini\u00e8re elle-m\u00eame est en acier inoxydable. Gr\u00e2ce \u00e0 ces mat\u00e9riaux robustes, la cuisini\u00e8re convient \u00e0 un usage quotidien intensif.<\/p>","protected":false},"featured_media":7552,"template":"","meta":{"_acf_changed":false},"product_brand":[],"product_cat":[495],"product_tag":[],"class_list":{"0":"post-14402","1":"product","2":"type-product","3":"status-publish","4":"has-post-thumbnail","6":"product_cat-plaques-pianos-de-cuisson-2","8":"first","9":"instock","10":"sale","11":"taxable","12":"shipping-taxable","13":"purchasable","14":"product-type-simple"},"acf":[],"yoast_head":"<!-- This site is optimized with the Yoast SEO plugin v27.6 - https:\/\/yoast.com\/product\/yoast-seo-wordpress\/ -->\n<title>Premium cuisini\u00e8re - 1 br\u00fbleur - unit\u00e9 double - profondeur 90 cm - gaz - Gastora<\/title>\n<meta name=\"description\" content=\"Achetez Premium cuisini\u00e8re - 1 br\u00fbleur - unit\u00e9 double - profondeur 90 cm - gaz au meilleur prix, fiable et performant avec une livraison rapide\" \/>\n<meta name=\"robots\" content=\"index, follow, max-snippet:-1, max-image-preview:large, max-video-preview:-1\" \/>\n<link rel=\"canonical\" href=\"https:\/\/gastora.eu\/en\/product\/premium-cuisinire-1-brleur-unit-double-profondeur-90-cm-gaz\/\" \/>\n<meta property=\"og:locale\" content=\"en_US\" \/>\n<meta property=\"og:type\" content=\"article\" \/>\n<meta property=\"og:title\" content=\"Premium cuisini\u00e8re - 1 br\u00fbleur - unit\u00e9 double - profondeur 90 cm - gaz - Gastora\" \/>\n<meta property=\"og:description\" content=\"Achetez Premium cuisini\u00e8re - 1 br\u00fbleur - unit\u00e9 double - profondeur 90 cm - gaz au meilleur prix, fiable et performant avec une livraison rapide\" \/>\n<meta property=\"og:url\" content=\"https:\/\/gastora.eu\/en\/product\/premium-cuisinire-1-brleur-unit-double-profondeur-90-cm-gaz\/\" \/>\n<meta property=\"og:site_name\" content=\"Gastora\" \/>\n<meta property=\"article:modified_time\" content=\"2026-04-28T16:56:27+00:00\" \/>\n<meta name=\"twitter:card\" content=\"summary_large_image\" \/>\n<meta name=\"twitter:label1\" content=\"Est. reading time\" \/>\n\t<meta name=\"twitter:data1\" content=\"2 minutes\" \/>\n<script type=\"application\/ld+json\" class=\"yoast-schema-graph\">{\"@context\":\"https:\\\/\\\/schema.org\",\"@graph\":[{\"@type\":\"WebPage\",\"@id\":\"https:\\\/\\\/gastora.eu\\\/product\\\/premium-cuisinire-1-brleur-unit-double-profondeur-90-cm-gaz\\\/\",\"url\":\"https:\\\/\\\/gastora.eu\\\/product\\\/premium-cuisinire-1-brleur-unit-double-profondeur-90-cm-gaz\\\/\",\"name\":\"Premium cuisini\u00e8re - 1 br\u00fbleur - unit\u00e9 double - profondeur 90 cm - gaz - Gastora\",\"isPartOf\":{\"@id\":\"https:\\\/\\\/gastora.eu\\\/#website\"},\"primaryImageOfPage\":{\"@id\":\"https:\\\/\\\/gastora.eu\\\/product\\\/premium-cuisinire-1-brleur-unit-double-profondeur-90-cm-gaz\\\/#primaryimage\"},\"image\":{\"@id\":\"https:\\\/\\\/gastora.eu\\\/product\\\/premium-cuisinire-1-brleur-unit-double-profondeur-90-cm-gaz\\\/#primaryimage\"},\"thumbnailUrl\":\"https:\\\/\\\/gastora.eu\\\/wp-content\\\/uploads\\\/2026\\\/04\\\/7865n18090353.jpg\",\"datePublished\":\"2026-04-25T17:49:42+00:00\",\"dateModified\":\"2026-04-28T16:56:27+00:00\",\"description\":\"Achetez Premium cuisini\u00e8re - 1 br\u00fbleur - unit\u00e9 double - profondeur 90 cm - gaz au meilleur prix, fiable et performant avec une livraison rapide\",\"breadcrumb\":{\"@id\":\"https:\\\/\\\/gastora.eu\\\/product\\\/premium-cuisinire-1-brleur-unit-double-profondeur-90-cm-gaz\\\/#breadcrumb\"},\"inLanguage\":\"en-US\",\"potentialAction\":[{\"@type\":\"ReadAction\",\"target\":[\"https:\\\/\\\/gastora.eu\\\/product\\\/premium-cuisinire-1-brleur-unit-double-profondeur-90-cm-gaz\\\/\"]}]},{\"@type\":\"ImageObject\",\"inLanguage\":\"en-US\",\"@id\":\"https:\\\/\\\/gastora.eu\\\/product\\\/premium-cuisinire-1-brleur-unit-double-profondeur-90-cm-gaz\\\/#primaryimage\",\"url\":\"https:\\\/\\\/gastora.eu\\\/wp-content\\\/uploads\\\/2026\\\/04\\\/7865n18090353.jpg\",\"contentUrl\":\"https:\\\/\\\/gastora.eu\\\/wp-content\\\/uploads\\\/2026\\\/04\\\/7865n18090353.jpg\",\"width\":1200,\"height\":1200},{\"@type\":\"BreadcrumbList\",\"@id\":\"https:\\\/\\\/gastora.eu\\\/product\\\/premium-cuisinire-1-brleur-unit-double-profondeur-90-cm-gaz\\\/#breadcrumb\",\"itemListElement\":[{\"@type\":\"ListItem\",\"position\":1,\"name\":\"Home\",\"item\":\"https:\\\/\\\/gastora.eu\\\/\"},{\"@type\":\"ListItem\",\"position\":2,\"name\":\"Shop\",\"item\":\"https:\\\/\\\/gastora.eu\\\/shop\\\/\"},{\"@type\":\"ListItem\",\"position\":3,\"name\":\"Premium cuisini\u00e8re &#8211; 1 br\u00fbleur &#8211; unit\u00e9 double &#8211; profondeur 90 cm &#8211; gaz\"}]},{\"@type\":\"WebSite\",\"@id\":\"https:\\\/\\\/gastora.eu\\\/#website\",\"url\":\"https:\\\/\\\/gastora.eu\\\/\",\"name\":\"Gastora\",\"description\":\"\u00c9quipements professionnels CHR\",\"publisher\":{\"@id\":\"https:\\\/\\\/gastora.eu\\\/#organization\"},\"potentialAction\":[{\"@type\":\"SearchAction\",\"target\":{\"@type\":\"EntryPoint\",\"urlTemplate\":\"https:\\\/\\\/gastora.eu\\\/?s={search_term_string}\"},\"query-input\":{\"@type\":\"PropertyValueSpecification\",\"valueRequired\":true,\"valueName\":\"search_term_string\"}}],\"inLanguage\":\"en-US\"},{\"@type\":\"Organization\",\"@id\":\"https:\\\/\\\/gastora.eu\\\/#organization\",\"name\":\"Gastora\",\"url\":\"https:\\\/\\\/gastora.eu\\\/\",\"logo\":{\"@type\":\"ImageObject\",\"inLanguage\":\"en-US\",\"@id\":\"https:\\\/\\\/gastora.eu\\\/#\\\/schema\\\/logo\\\/image\\\/\",\"url\":\"https:\\\/\\\/gastora.eu\\\/wp-content\\\/uploads\\\/2025\\\/12\\\/ChatGPT-Image-2-janv.-2026-22_52_47-1.png\",\"contentUrl\":\"https:\\\/\\\/gastora.eu\\\/wp-content\\\/uploads\\\/2025\\\/12\\\/ChatGPT-Image-2-janv.-2026-22_52_47-1.png\",\"width\":1536,\"height\":320,\"caption\":\"Gastora\"},\"image\":{\"@id\":\"https:\\\/\\\/gastora.eu\\\/#\\\/schema\\\/logo\\\/image\\\/\"}}]}<\/script>\n<!-- \/ Yoast SEO plugin. -->","yoast_head_json":{"title":"Premium cuisini\u00e8re - 1 br\u00fbleur - unit\u00e9 double - profondeur 90 cm - gaz - Gastora","description":"Achetez Premium cuisini\u00e8re - 1 br\u00fbleur - unit\u00e9 double - profondeur 90 cm - gaz au meilleur prix, fiable et performant avec une livraison rapide","robots":{"index":"index","follow":"follow","max-snippet":"max-snippet:-1","max-image-preview":"max-image-preview:large","max-video-preview":"max-video-preview:-1"},"canonical":"https:\/\/gastora.eu\/en\/product\/premium-cuisinire-1-brleur-unit-double-profondeur-90-cm-gaz\/","og_locale":"en_US","og_type":"article","og_title":"Premium cuisini\u00e8re - 1 br\u00fbleur - unit\u00e9 double - profondeur 90 cm - gaz - Gastora","og_description":"Achetez Premium cuisini\u00e8re - 1 br\u00fbleur - unit\u00e9 double - profondeur 90 cm - gaz au meilleur prix, fiable et performant avec une livraison rapide","og_url":"https:\/\/gastora.eu\/en\/product\/premium-cuisinire-1-brleur-unit-double-profondeur-90-cm-gaz\/","og_site_name":"Gastora","article_modified_time":"2026-04-28T16:56:27+00:00","twitter_card":"summary_large_image","twitter_misc":{"Est. reading time":"2 minutes"},"schema":{"@context":"https:\/\/schema.org","@graph":[{"@type":"WebPage","@id":"https:\/\/gastora.eu\/product\/premium-cuisinire-1-brleur-unit-double-profondeur-90-cm-gaz\/","url":"https:\/\/gastora.eu\/product\/premium-cuisinire-1-brleur-unit-double-profondeur-90-cm-gaz\/","name":"Premium cuisini\u00e8re - 1 br\u00fbleur - unit\u00e9 double - profondeur 90 cm - gaz - Gastora","isPartOf":{"@id":"https:\/\/gastora.eu\/#website"},"primaryImageOfPage":{"@id":"https:\/\/gastora.eu\/product\/premium-cuisinire-1-brleur-unit-double-profondeur-90-cm-gaz\/#primaryimage"},"image":{"@id":"https:\/\/gastora.eu\/product\/premium-cuisinire-1-brleur-unit-double-profondeur-90-cm-gaz\/#primaryimage"},"thumbnailUrl":"https:\/\/gastora.eu\/wp-content\/uploads\/2026\/04\/7865n18090353.jpg","datePublished":"2026-04-25T17:49:42+00:00","dateModified":"2026-04-28T16:56:27+00:00","description":"Achetez Premium cuisini\u00e8re - 1 br\u00fbleur - unit\u00e9 double - profondeur 90 cm - gaz au meilleur prix, fiable et performant avec une livraison rapide","breadcrumb":{"@id":"https:\/\/gastora.eu\/product\/premium-cuisinire-1-brleur-unit-double-profondeur-90-cm-gaz\/#breadcrumb"},"inLanguage":"en-US","potentialAction":[{"@type":"ReadAction","target":["https:\/\/gastora.eu\/product\/premium-cuisinire-1-brleur-unit-double-profondeur-90-cm-gaz\/"]}]},{"@type":"ImageObject","inLanguage":"en-US","@id":"https:\/\/gastora.eu\/product\/premium-cuisinire-1-brleur-unit-double-profondeur-90-cm-gaz\/#primaryimage","url":"https:\/\/gastora.eu\/wp-content\/uploads\/2026\/04\/7865n18090353.jpg","contentUrl":"https:\/\/gastora.eu\/wp-content\/uploads\/2026\/04\/7865n18090353.jpg","width":1200,"height":1200},{"@type":"BreadcrumbList","@id":"https:\/\/gastora.eu\/product\/premium-cuisinire-1-brleur-unit-double-profondeur-90-cm-gaz\/#breadcrumb","itemListElement":[{"@type":"ListItem","position":1,"name":"Home","item":"https:\/\/gastora.eu\/"},{"@type":"ListItem","position":2,"name":"Shop","item":"https:\/\/gastora.eu\/shop\/"},{"@type":"ListItem","position":3,"name":"Premium cuisini\u00e8re &#8211; 1 br\u00fbleur &#8211; unit\u00e9 double &#8211; profondeur 90 cm &#8211; gaz"}]},{"@type":"WebSite","@id":"https:\/\/gastora.eu\/#website","url":"https:\/\/gastora.eu\/","name":"Gastora","description":"\u00c9quipements professionnels CHR","publisher":{"@id":"https:\/\/gastora.eu\/#organization"},"potentialAction":[{"@type":"SearchAction","target":{"@type":"EntryPoint","urlTemplate":"https:\/\/gastora.eu\/?s={search_term_string}"},"query-input":{"@type":"PropertyValueSpecification","valueRequired":true,"valueName":"search_term_string"}}],"inLanguage":"en-US"},{"@type":"Organization","@id":"https:\/\/gastora.eu\/#organization","name":"Gastora","url":"https:\/\/gastora.eu\/","logo":{"@type":"ImageObject","inLanguage":"en-US","@id":"https:\/\/gastora.eu\/#\/schema\/logo\/image\/","url":"https:\/\/gastora.eu\/wp-content\/uploads\/2025\/12\/ChatGPT-Image-2-janv.-2026-22_52_47-1.png","contentUrl":"https:\/\/gastora.eu\/wp-content\/uploads\/2025\/12\/ChatGPT-Image-2-janv.-2026-22_52_47-1.png","width":1536,"height":320,"caption":"Gastora"},"image":{"@id":"https:\/\/gastora.eu\/#\/schema\/logo\/image\/"}}]}},"jetpack_sharing_enabled":true,"_links":{"self":[{"href":"https:\/\/gastora.eu\/en\/wp-json\/wp\/v2\/product\/14402","targetHints":{"allow":["GET"]}}],"collection":[{"href":"https:\/\/gastora.eu\/en\/wp-json\/wp\/v2\/product"}],"about":[{"href":"https:\/\/gastora.eu\/en\/wp-json\/wp\/v2\/types\/product"}],"wp:featuredmedia":[{"embeddable":true,"href":"https:\/\/gastora.eu\/en\/wp-json\/wp\/v2\/media\/7552"}],"wp:attachment":[{"href":"https:\/\/gastora.eu\/en\/wp-json\/wp\/v2\/media?parent=14402"}],"wp:term":[{"taxonomy":"product_brand","embeddable":true,"href":"https:\/\/gastora.eu\/en\/wp-json\/wp\/v2\/product_brand?post=14402"},{"taxonomy":"product_cat","embeddable":true,"href":"https:\/\/gastora.eu\/en\/wp-json\/wp\/v2\/product_cat?post=14402"},{"taxonomy":"product_tag","embeddable":true,"href":"https:\/\/gastora.eu\/en\/wp-json\/wp\/v2\/product_tag?post=14402"}],"curies":[{"name":"wp","href":"https:\/\/api.w.org\/{rel}","templated":true}]}}