{"id":14374,"date":"2026-04-25T17:49:06","date_gmt":"2026-04-25T17:49:06","guid":{"rendered":"https:\/\/gastora.eu\/?post_type=product&#038;p=14374"},"modified":"2026-04-28T16:56:24","modified_gmt":"2026-04-28T16:56:24","slug":"machine-tartelettes-diffrents-moules-disponibles","status":"publish","type":"product","link":"https:\/\/gastora.eu\/en\/product\/machine-tartelettes-diffrents-moules-disponibles\/","title":{"rendered":"Machine \u00e0 tartelettes &#8211; diff\u00e9rents moules disponibles"},"content":{"rendered":"<p>Si vous souhaitez r\u00e9aliser plusieurs fonds de tartelettes \u00e0 la fois, utilisez cette machine \u00e0 tartelettes pratique et professionnelle. Les plaques de cuisson de cette machine \u00e0 tartelettes sont interchangeables, ce qui vous permet de choisir parmi diff\u00e9rentes formes. Les plaques de cuisson \u00e9tant en aluminium et dot\u00e9es d&#8217;un rev\u00eatement antiadh\u00e9sif, la p\u00e2te ne colle pas. Les plaques de cuisson sont fix\u00e9es \u00e0 l&#8217;aide de quatre \u00e9crous \u00e0 ailettes. En desserrant les \u00e9crous, vous pouvez changer les plaques de cuisson pour une autre forme.<\/p>\n<h3>R\u00e9aliser plusieurs fonds de tartelettes \u00e0 la fois<\/h3>\n<p>Avec cette machine \u00e0 tartelettes, vous pouvez rapidement produire plusieurs formes de tartelettes \u00e0 la fois. Lors de la commande de la machine \u00e0 tartelettes, vous pouvez \u00e9galement acheter les diff\u00e9rents moules disponibles s\u00e9par\u00e9ment. Le thermostat variable permet de r\u00e9gler individuellement le chauffage du haut et du bas, avec des temp\u00e9ratures comprises entre 50 et 300\u2070C. Le voyant lumineux indique que l&#8217;appareil a atteint la bonne temp\u00e9rature et que vous pouvez commencer \u00e0 cuire. Cet appareil de cuisine est facile \u00e0 utiliser et dispose d&#8217;un affichage num\u00e9rique. En outre, vous pouvez r\u00e9gler une minuterie entre 0 et 10 minutes.<\/p>\n<h3>Plaques de cuisson amovibles<\/h3>\n<p>L&#8217;appareil \u00e0 tartelettes est \u00e9galement \u00e9quip\u00e9 d&#8217;une poign\u00e9e robuste et d&#8217;un bac de r\u00e9cup\u00e9ration amovible. Gr\u00e2ce aux quatre pieds en acier inoxydable, l&#8217;appareil reste stable pendant l&#8217;utilisation. Si vous souhaitez nettoyer l&#8217;appareil \u00e0 tartelettes, d\u00e9branchez-le apr\u00e8s utilisation. Retirez le moule en d\u00e9vissant les \u00e9crous \u00e0 ailettes. Vous pouvez commencer le nettoyage lorsque la plaque est encore chaude au toucher. Enlevez les r\u00e9sidus alimentaires \u00e0 l&#8217;aide d&#8217;une brosse, d&#8217;une \u00e9ponge ou d&#8217;un chiffon humide et d&#8217;un peu d&#8217;eau chaude. Une fois le nettoyage termin\u00e9, s\u00e9chez la plaque avec un chiffon doux. La l\u00e8chefrite peut \u00eatre lav\u00e9e au lave-vaisselle.<\/p>\n<p><strong>Caract\u00e9ristiques<\/strong><\/p>\n<ul>\n<li>Robuste et facile \u00e0 utiliser<\/li>\n<li>Thermostat variable de 50 \u00b0C \u00e0 300 \u00b0C<\/li>\n<li>Chauffage s\u00e9par\u00e9 du haut et du bas<\/li>\n<li>\u00c9quip\u00e9 d&#8217;une minuterie de 0 \u00e0 10 minutes avec alarme<\/li>\n<li>T\u00e9moin lumineux de temp\u00e9rature<\/li>\n<li>\u00c9quip\u00e9 d&#8217;un bac de r\u00e9cup\u00e9ration<\/li>\n<\/ul>\n<p><strong>Caract\u00e9ristiques du produit<\/strong><\/p>\n<ul>\n<li>Poids net : 20 kg<\/li>\n<li>Dimensions de l&#8217;appareil : L44 x P47 x H46,5cm<\/li>\n<li>Puissance \u00e9lectrique totale : 3,2 kW<\/li>\n<li>230V\/50Hz\/1Phase 3200W<\/li>\n<\/ul>\n<p><strong>Remarque : cette machine est livr\u00e9e sans moule<\/strong><\/p>","protected":false},"excerpt":{"rendered":"<p>Cette machine \u00e0 tartelettes permet de r\u00e9aliser de petites tartelettes \u00e0 l&#8217;aide de moules de diff\u00e9rentes formes. Les moules peuvent \u00eatre retir\u00e9s et chang\u00e9s facilement. Les commandes num\u00e9riques vous permettent de r\u00e9gler la temp\u00e9rature souhait\u00e9e pour les \u00e9l\u00e9ments chauffants sup\u00e9rieur et inf\u00e9rieur. L&#8217;appareil est \u00e9galement \u00e9quip\u00e9 d&#8217;une minuterie pratique.<\/p>","protected":false},"featured_media":7496,"template":"","meta":{"_acf_changed":false},"product_brand":[],"product_cat":[48],"product_tag":[],"class_list":{"0":"post-14374","1":"product","2":"type-product","3":"status-publish","4":"has-post-thumbnail","6":"product_cat-boulangerie-patisserie","8":"first","9":"instock","10":"sale","11":"taxable","12":"shipping-taxable","13":"purchasable","14":"product-type-simple"},"acf":[],"yoast_head":"<!-- This site is optimized with the Yoast SEO plugin v27.5 - https:\/\/yoast.com\/product\/yoast-seo-wordpress\/ -->\n<title>Machine \u00e0 tartelettes - diff\u00e9rents moules disponibles - Gastora<\/title>\n<meta name=\"description\" content=\"Achetez Machine \u00e0 tartelettes - diff\u00e9rents moules disponibles au meilleur prix, fiable et performant avec une livraison rapide\" \/>\n<meta name=\"robots\" content=\"index, follow, max-snippet:-1, max-image-preview:large, max-video-preview:-1\" \/>\n<link rel=\"canonical\" href=\"https:\/\/gastora.eu\/en\/product\/machine-tartelettes-diffrents-moules-disponibles\/\" \/>\n<meta property=\"og:locale\" content=\"en_US\" \/>\n<meta property=\"og:type\" content=\"article\" \/>\n<meta property=\"og:title\" content=\"Machine \u00e0 tartelettes - diff\u00e9rents moules disponibles - Gastora\" \/>\n<meta property=\"og:description\" content=\"Achetez Machine \u00e0 tartelettes - diff\u00e9rents moules disponibles au meilleur prix, fiable et performant avec une livraison rapide\" \/>\n<meta property=\"og:url\" content=\"https:\/\/gastora.eu\/en\/product\/machine-tartelettes-diffrents-moules-disponibles\/\" \/>\n<meta property=\"og:site_name\" content=\"Gastora\" \/>\n<meta property=\"article:modified_time\" content=\"2026-04-28T16:56:24+00:00\" \/>\n<meta name=\"twitter:card\" content=\"summary_large_image\" \/>\n<meta name=\"twitter:label1\" content=\"Est. reading time\" \/>\n\t<meta name=\"twitter:data1\" content=\"2 minutes\" \/>\n<script type=\"application\/ld+json\" class=\"yoast-schema-graph\">{\"@context\":\"https:\\\/\\\/schema.org\",\"@graph\":[{\"@type\":\"WebPage\",\"@id\":\"https:\\\/\\\/gastora.eu\\\/product\\\/machine-tartelettes-diffrents-moules-disponibles\\\/\",\"url\":\"https:\\\/\\\/gastora.eu\\\/product\\\/machine-tartelettes-diffrents-moules-disponibles\\\/\",\"name\":\"Machine \u00e0 tartelettes - diff\u00e9rents moules disponibles - Gastora\",\"isPartOf\":{\"@id\":\"https:\\\/\\\/gastora.eu\\\/#website\"},\"primaryImageOfPage\":{\"@id\":\"https:\\\/\\\/gastora.eu\\\/product\\\/machine-tartelettes-diffrents-moules-disponibles\\\/#primaryimage\"},\"image\":{\"@id\":\"https:\\\/\\\/gastora.eu\\\/product\\\/machine-tartelettes-diffrents-moules-disponibles\\\/#primaryimage\"},\"thumbnailUrl\":\"https:\\\/\\\/gastora.eu\\\/wp-content\\\/uploads\\\/2026\\\/04\\\/sp-005-61656f8a14721.jpg\",\"datePublished\":\"2026-04-25T17:49:06+00:00\",\"dateModified\":\"2026-04-28T16:56:24+00:00\",\"description\":\"Achetez Machine \u00e0 tartelettes - diff\u00e9rents moules disponibles au meilleur prix, fiable et performant avec une livraison rapide\",\"breadcrumb\":{\"@id\":\"https:\\\/\\\/gastora.eu\\\/product\\\/machine-tartelettes-diffrents-moules-disponibles\\\/#breadcrumb\"},\"inLanguage\":\"en-US\",\"potentialAction\":[{\"@type\":\"ReadAction\",\"target\":[\"https:\\\/\\\/gastora.eu\\\/product\\\/machine-tartelettes-diffrents-moules-disponibles\\\/\"]}]},{\"@type\":\"ImageObject\",\"inLanguage\":\"en-US\",\"@id\":\"https:\\\/\\\/gastora.eu\\\/product\\\/machine-tartelettes-diffrents-moules-disponibles\\\/#primaryimage\",\"url\":\"https:\\\/\\\/gastora.eu\\\/wp-content\\\/uploads\\\/2026\\\/04\\\/sp-005-61656f8a14721.jpg\",\"contentUrl\":\"https:\\\/\\\/gastora.eu\\\/wp-content\\\/uploads\\\/2026\\\/04\\\/sp-005-61656f8a14721.jpg\",\"width\":2048,\"height\":2048},{\"@type\":\"BreadcrumbList\",\"@id\":\"https:\\\/\\\/gastora.eu\\\/product\\\/machine-tartelettes-diffrents-moules-disponibles\\\/#breadcrumb\",\"itemListElement\":[{\"@type\":\"ListItem\",\"position\":1,\"name\":\"Home\",\"item\":\"https:\\\/\\\/gastora.eu\\\/\"},{\"@type\":\"ListItem\",\"position\":2,\"name\":\"Shop\",\"item\":\"https:\\\/\\\/gastora.eu\\\/shop\\\/\"},{\"@type\":\"ListItem\",\"position\":3,\"name\":\"Machine \u00e0 tartelettes &#8211; diff\u00e9rents moules disponibles\"}]},{\"@type\":\"WebSite\",\"@id\":\"https:\\\/\\\/gastora.eu\\\/#website\",\"url\":\"https:\\\/\\\/gastora.eu\\\/\",\"name\":\"Gastora\",\"description\":\"\u00c9quipements professionnels CHR\",\"publisher\":{\"@id\":\"https:\\\/\\\/gastora.eu\\\/#organization\"},\"potentialAction\":[{\"@type\":\"SearchAction\",\"target\":{\"@type\":\"EntryPoint\",\"urlTemplate\":\"https:\\\/\\\/gastora.eu\\\/?s={search_term_string}\"},\"query-input\":{\"@type\":\"PropertyValueSpecification\",\"valueRequired\":true,\"valueName\":\"search_term_string\"}}],\"inLanguage\":\"en-US\"},{\"@type\":\"Organization\",\"@id\":\"https:\\\/\\\/gastora.eu\\\/#organization\",\"name\":\"Gastora\",\"url\":\"https:\\\/\\\/gastora.eu\\\/\",\"logo\":{\"@type\":\"ImageObject\",\"inLanguage\":\"en-US\",\"@id\":\"https:\\\/\\\/gastora.eu\\\/#\\\/schema\\\/logo\\\/image\\\/\",\"url\":\"https:\\\/\\\/gastora.eu\\\/wp-content\\\/uploads\\\/2025\\\/12\\\/ChatGPT-Image-2-janv.-2026-22_52_47-1.png\",\"contentUrl\":\"https:\\\/\\\/gastora.eu\\\/wp-content\\\/uploads\\\/2025\\\/12\\\/ChatGPT-Image-2-janv.-2026-22_52_47-1.png\",\"width\":1536,\"height\":320,\"caption\":\"Gastora\"},\"image\":{\"@id\":\"https:\\\/\\\/gastora.eu\\\/#\\\/schema\\\/logo\\\/image\\\/\"}}]}<\/script>\n<!-- \/ Yoast SEO plugin. -->","yoast_head_json":{"title":"Machine \u00e0 tartelettes - diff\u00e9rents moules disponibles - Gastora","description":"Achetez Machine \u00e0 tartelettes - diff\u00e9rents moules disponibles au meilleur prix, fiable et performant avec une livraison rapide","robots":{"index":"index","follow":"follow","max-snippet":"max-snippet:-1","max-image-preview":"max-image-preview:large","max-video-preview":"max-video-preview:-1"},"canonical":"https:\/\/gastora.eu\/en\/product\/machine-tartelettes-diffrents-moules-disponibles\/","og_locale":"en_US","og_type":"article","og_title":"Machine \u00e0 tartelettes - diff\u00e9rents moules disponibles - Gastora","og_description":"Achetez Machine \u00e0 tartelettes - diff\u00e9rents moules disponibles au meilleur prix, fiable et performant avec une livraison rapide","og_url":"https:\/\/gastora.eu\/en\/product\/machine-tartelettes-diffrents-moules-disponibles\/","og_site_name":"Gastora","article_modified_time":"2026-04-28T16:56:24+00:00","twitter_card":"summary_large_image","twitter_misc":{"Est. reading time":"2 minutes"},"schema":{"@context":"https:\/\/schema.org","@graph":[{"@type":"WebPage","@id":"https:\/\/gastora.eu\/product\/machine-tartelettes-diffrents-moules-disponibles\/","url":"https:\/\/gastora.eu\/product\/machine-tartelettes-diffrents-moules-disponibles\/","name":"Machine \u00e0 tartelettes - diff\u00e9rents moules disponibles - Gastora","isPartOf":{"@id":"https:\/\/gastora.eu\/#website"},"primaryImageOfPage":{"@id":"https:\/\/gastora.eu\/product\/machine-tartelettes-diffrents-moules-disponibles\/#primaryimage"},"image":{"@id":"https:\/\/gastora.eu\/product\/machine-tartelettes-diffrents-moules-disponibles\/#primaryimage"},"thumbnailUrl":"https:\/\/gastora.eu\/wp-content\/uploads\/2026\/04\/sp-005-61656f8a14721.jpg","datePublished":"2026-04-25T17:49:06+00:00","dateModified":"2026-04-28T16:56:24+00:00","description":"Achetez Machine \u00e0 tartelettes - diff\u00e9rents moules disponibles au meilleur prix, fiable et performant avec une livraison rapide","breadcrumb":{"@id":"https:\/\/gastora.eu\/product\/machine-tartelettes-diffrents-moules-disponibles\/#breadcrumb"},"inLanguage":"en-US","potentialAction":[{"@type":"ReadAction","target":["https:\/\/gastora.eu\/product\/machine-tartelettes-diffrents-moules-disponibles\/"]}]},{"@type":"ImageObject","inLanguage":"en-US","@id":"https:\/\/gastora.eu\/product\/machine-tartelettes-diffrents-moules-disponibles\/#primaryimage","url":"https:\/\/gastora.eu\/wp-content\/uploads\/2026\/04\/sp-005-61656f8a14721.jpg","contentUrl":"https:\/\/gastora.eu\/wp-content\/uploads\/2026\/04\/sp-005-61656f8a14721.jpg","width":2048,"height":2048},{"@type":"BreadcrumbList","@id":"https:\/\/gastora.eu\/product\/machine-tartelettes-diffrents-moules-disponibles\/#breadcrumb","itemListElement":[{"@type":"ListItem","position":1,"name":"Home","item":"https:\/\/gastora.eu\/"},{"@type":"ListItem","position":2,"name":"Shop","item":"https:\/\/gastora.eu\/shop\/"},{"@type":"ListItem","position":3,"name":"Machine \u00e0 tartelettes &#8211; diff\u00e9rents moules disponibles"}]},{"@type":"WebSite","@id":"https:\/\/gastora.eu\/#website","url":"https:\/\/gastora.eu\/","name":"Gastora","description":"\u00c9quipements professionnels CHR","publisher":{"@id":"https:\/\/gastora.eu\/#organization"},"potentialAction":[{"@type":"SearchAction","target":{"@type":"EntryPoint","urlTemplate":"https:\/\/gastora.eu\/?s={search_term_string}"},"query-input":{"@type":"PropertyValueSpecification","valueRequired":true,"valueName":"search_term_string"}}],"inLanguage":"en-US"},{"@type":"Organization","@id":"https:\/\/gastora.eu\/#organization","name":"Gastora","url":"https:\/\/gastora.eu\/","logo":{"@type":"ImageObject","inLanguage":"en-US","@id":"https:\/\/gastora.eu\/#\/schema\/logo\/image\/","url":"https:\/\/gastora.eu\/wp-content\/uploads\/2025\/12\/ChatGPT-Image-2-janv.-2026-22_52_47-1.png","contentUrl":"https:\/\/gastora.eu\/wp-content\/uploads\/2025\/12\/ChatGPT-Image-2-janv.-2026-22_52_47-1.png","width":1536,"height":320,"caption":"Gastora"},"image":{"@id":"https:\/\/gastora.eu\/#\/schema\/logo\/image\/"}}]}},"jetpack_sharing_enabled":true,"_links":{"self":[{"href":"https:\/\/gastora.eu\/en\/wp-json\/wp\/v2\/product\/14374","targetHints":{"allow":["GET"]}}],"collection":[{"href":"https:\/\/gastora.eu\/en\/wp-json\/wp\/v2\/product"}],"about":[{"href":"https:\/\/gastora.eu\/en\/wp-json\/wp\/v2\/types\/product"}],"wp:featuredmedia":[{"embeddable":true,"href":"https:\/\/gastora.eu\/en\/wp-json\/wp\/v2\/media\/7496"}],"wp:attachment":[{"href":"https:\/\/gastora.eu\/en\/wp-json\/wp\/v2\/media?parent=14374"}],"wp:term":[{"taxonomy":"product_brand","embeddable":true,"href":"https:\/\/gastora.eu\/en\/wp-json\/wp\/v2\/product_brand?post=14374"},{"taxonomy":"product_cat","embeddable":true,"href":"https:\/\/gastora.eu\/en\/wp-json\/wp\/v2\/product_cat?post=14374"},{"taxonomy":"product_tag","embeddable":true,"href":"https:\/\/gastora.eu\/en\/wp-json\/wp\/v2\/product_tag?post=14374"}],"curies":[{"name":"wp","href":"https:\/\/api.w.org\/{rel}","templated":true}]}}