{"id":14372,"date":"2026-04-25T17:49:04","date_gmt":"2026-04-25T17:49:04","guid":{"rendered":"https:\/\/gastora.eu\/?post_type=product&#038;p=14372"},"modified":"2026-04-28T16:56:24","modified_gmt":"2026-04-28T16:56:24","slug":"gaufrier-4-sucettes-sur-btonnets","status":"publish","type":"product","link":"https:\/\/gastora.eu\/en\/product\/gaufrier-4-sucettes-sur-btonnets\/","title":{"rendered":"Gaufrier &#8211; 4 sucettes &#8211; sur b\u00e2tonnets"},"content":{"rendered":"<p>Les gaufres en forme de sucette sont tr\u00e8s populaires, surtout aupr\u00e8s des enfants. Avec ce gaufrier, vous pouvez facilement cr\u00e9er quatre gaufres sur un b\u00e2tonnet en m\u00eame temps. Ces gaufres ont la forme d&#8217;un sapin et sont d\u00e9licieuses avec du sucre glace ou arros\u00e9es de chocolat. Gr\u00e2ce au b\u00e2ton dans la gaufre, les gaufres sucettes sont faciles \u00e0 manger. Les plateaux en aluminium sont dot\u00e9s d&#8217;un rev\u00eatement antiadh\u00e9sif, ce qui permet \u00e0 la p\u00e2te et aux gaufres de ne pas coller aux plaques. Gr\u00e2ce \u00e0 la qualit\u00e9 de ses composants, ce gaufrier a une longue dur\u00e9e de vie et convient parfaitement \u00e0 une utilisation professionnelle dans les p\u00e2tisseries traditionnelles, les food trucks, les caf\u00e9s et autres entreprises de restauration.<\/p>\n<h3>Plaques de cuisson \u00e0 chauffage rapide<\/h3>\n<p>Le gaufrier est dot\u00e9 d&#8217;un puissant \u00e9l\u00e9ment chauffant qui permet de chauffer rapidement les plaques de cuisson et de les maintenir au chaud pendant la cuisson. La plaque comporte une encoche pour le b\u00e2tonnet. Placez d&#8217;abord le b\u00e2tonnet sur la plaque de cuisson, puis remplissez la forme de p\u00e2te. Faites cuire et vous obtiendrez bient\u00f4t de belles gaufres en forme de sucette avec ce gaufrier. Ce gaufrier est \u00e9galement tr\u00e8s convivial et facile \u00e0 utiliser. Gr\u00e2ce au thermostat, vous pouvez r\u00e9gler la temp\u00e9rature de votre choix entre 50 et 300\u00baC. D\u00e8s que le voyant lumineux s&#8217;\u00e9teint, le gaufrier est pr\u00eat \u00e0 l&#8217;emploi.<\/p>\n<h3>Facile \u00e0 nettoyer<\/h3>\n<p>Le bac de r\u00e9cup\u00e9ration, tr\u00e8s pratique, recueille les p\u00e2tes renvers\u00e9es et est facile \u00e0 retirer et \u00e0 nettoyer. Il en va de m\u00eame pour le bo\u00eetier, qui est en acier inoxydable et donc facile \u00e0 nettoyer. Pour nettoyer les plateaux, \u00e9teignez d&#8217;abord l&#8217;appareil et d\u00e9branchez la fiche de la prise murale. Attendez que les plateaux aient refroidi, mais qu&#8217;ils soient encore chauds. Vous pouvez ensuite les nettoyer \u00e0 l&#8217;aide d&#8217;une brosse, d&#8217;une \u00e9ponge ou d&#8217;un chiffon humide avec un peu d&#8217;eau chaude. Gr\u00e2ce aux pieds en acier inoxydable, le gaufrier ne bouge pas pendant l&#8217;utilisation et reste bien en place.<\/p>\n<p><strong>Caract\u00e9ristiques<\/strong><\/p>\n<ul>\n<li>Robuste et facile \u00e0 utiliser<\/li>\n<li>Encoche dans la plaque de cuisson pour le b\u00e2tonnet<\/li>\n<li>Thermostat variable de 50 \u00b0C \u00e0 300 \u00b0C<\/li>\n<li>\u00c9quip\u00e9 d&#8217;une minuterie<\/li>\n<li>T\u00e9moin lumineux de temp\u00e9rature<\/li>\n<li>\u00c9quip\u00e9 d&#8217;un bac de r\u00e9cup\u00e9ration<\/li>\n<li>Repose sur 4 pieds en acier inoxydable<\/li>\n<\/ul>\n<p><strong>Caract\u00e9ristiques du produit<\/strong><\/p>\n<ul>\n<li>Poids net : 13 kg<\/li>\n<li>Dimensions de la gaufre en forme de sucette : L21 x P5 x H3cm<\/li>\n<li>Dimensions de l&#8217;appareil : L30 x P38 x H26cm<\/li>\n<li>230V\/50Hz\/1Phase 1900W<\/li>\n<\/ul>","protected":false},"excerpt":{"rendered":"<p>Avec ce gaufrier \u00e0 sucettes, vous pouvez rapidement et facilement pr\u00e9parer quatre d\u00e9licieuses gaufres \u00e0 sucettes en forme de sapin. Les gaufres sur b\u00e2tonnet sont id\u00e9ales pour les festivals gastronomiques, les march\u00e9s et les foires, et ce gaufrier ne devrait pas manquer dans les p\u00e2tisseries, les food trucks et les caf\u00e9s.<\/p>","protected":false},"featured_media":7492,"template":"","meta":{"_acf_changed":false},"product_brand":[],"product_cat":[16],"product_tag":[],"class_list":{"0":"post-14372","1":"product","2":"type-product","3":"status-publish","4":"has-post-thumbnail","6":"product_cat-cuisson","8":"first","9":"instock","10":"sale","11":"taxable","12":"shipping-taxable","13":"purchasable","14":"product-type-simple"},"acf":[],"yoast_head":"<!-- This site is optimized with the Yoast SEO plugin v27.5 - https:\/\/yoast.com\/product\/yoast-seo-wordpress\/ -->\n<title>Gaufrier - 4 sucettes - sur b\u00e2tonnets - Gastora<\/title>\n<meta name=\"description\" content=\"Achetez Gaufrier - 4 sucettes - sur b\u00e2tonnets au meilleur prix, fiable et performant avec une livraison rapide\" \/>\n<meta name=\"robots\" content=\"index, follow, max-snippet:-1, max-image-preview:large, max-video-preview:-1\" \/>\n<link rel=\"canonical\" href=\"https:\/\/gastora.eu\/en\/product\/gaufrier-4-sucettes-sur-btonnets\/\" \/>\n<meta property=\"og:locale\" content=\"en_US\" \/>\n<meta property=\"og:type\" content=\"article\" \/>\n<meta property=\"og:title\" content=\"Gaufrier - 4 sucettes - sur b\u00e2tonnets - Gastora\" \/>\n<meta property=\"og:description\" content=\"Achetez Gaufrier - 4 sucettes - sur b\u00e2tonnets au meilleur prix, fiable et performant avec une livraison rapide\" \/>\n<meta property=\"og:url\" content=\"https:\/\/gastora.eu\/en\/product\/gaufrier-4-sucettes-sur-btonnets\/\" \/>\n<meta property=\"og:site_name\" content=\"Gastora\" \/>\n<meta property=\"article:modified_time\" content=\"2026-04-28T16:56:24+00:00\" \/>\n<meta name=\"twitter:card\" content=\"summary_large_image\" \/>\n<meta name=\"twitter:label1\" content=\"Est. reading time\" \/>\n\t<meta name=\"twitter:data1\" content=\"2 minutes\" \/>\n<script type=\"application\/ld+json\" class=\"yoast-schema-graph\">{\"@context\":\"https:\\\/\\\/schema.org\",\"@graph\":[{\"@type\":\"WebPage\",\"@id\":\"https:\\\/\\\/gastora.eu\\\/product\\\/gaufrier-4-sucettes-sur-btonnets\\\/\",\"url\":\"https:\\\/\\\/gastora.eu\\\/product\\\/gaufrier-4-sucettes-sur-btonnets\\\/\",\"name\":\"Gaufrier - 4 sucettes - sur b\u00e2tonnets - Gastora\",\"isPartOf\":{\"@id\":\"https:\\\/\\\/gastora.eu\\\/#website\"},\"primaryImageOfPage\":{\"@id\":\"https:\\\/\\\/gastora.eu\\\/product\\\/gaufrier-4-sucettes-sur-btonnets\\\/#primaryimage\"},\"image\":{\"@id\":\"https:\\\/\\\/gastora.eu\\\/product\\\/gaufrier-4-sucettes-sur-btonnets\\\/#primaryimage\"},\"thumbnailUrl\":\"https:\\\/\\\/gastora.eu\\\/wp-content\\\/uploads\\\/2026\\\/04\\\/sp-005-61656f73251c3.jpg\",\"datePublished\":\"2026-04-25T17:49:04+00:00\",\"dateModified\":\"2026-04-28T16:56:24+00:00\",\"description\":\"Achetez Gaufrier - 4 sucettes - sur b\u00e2tonnets au meilleur prix, fiable et performant avec une livraison rapide\",\"breadcrumb\":{\"@id\":\"https:\\\/\\\/gastora.eu\\\/product\\\/gaufrier-4-sucettes-sur-btonnets\\\/#breadcrumb\"},\"inLanguage\":\"en-US\",\"potentialAction\":[{\"@type\":\"ReadAction\",\"target\":[\"https:\\\/\\\/gastora.eu\\\/product\\\/gaufrier-4-sucettes-sur-btonnets\\\/\"]}]},{\"@type\":\"ImageObject\",\"inLanguage\":\"en-US\",\"@id\":\"https:\\\/\\\/gastora.eu\\\/product\\\/gaufrier-4-sucettes-sur-btonnets\\\/#primaryimage\",\"url\":\"https:\\\/\\\/gastora.eu\\\/wp-content\\\/uploads\\\/2026\\\/04\\\/sp-005-61656f73251c3.jpg\",\"contentUrl\":\"https:\\\/\\\/gastora.eu\\\/wp-content\\\/uploads\\\/2026\\\/04\\\/sp-005-61656f73251c3.jpg\",\"width\":2048,\"height\":2048},{\"@type\":\"BreadcrumbList\",\"@id\":\"https:\\\/\\\/gastora.eu\\\/product\\\/gaufrier-4-sucettes-sur-btonnets\\\/#breadcrumb\",\"itemListElement\":[{\"@type\":\"ListItem\",\"position\":1,\"name\":\"Home\",\"item\":\"https:\\\/\\\/gastora.eu\\\/\"},{\"@type\":\"ListItem\",\"position\":2,\"name\":\"Shop\",\"item\":\"https:\\\/\\\/gastora.eu\\\/shop\\\/\"},{\"@type\":\"ListItem\",\"position\":3,\"name\":\"Gaufrier &#8211; 4 sucettes &#8211; sur b\u00e2tonnets\"}]},{\"@type\":\"WebSite\",\"@id\":\"https:\\\/\\\/gastora.eu\\\/#website\",\"url\":\"https:\\\/\\\/gastora.eu\\\/\",\"name\":\"Gastora\",\"description\":\"\u00c9quipements professionnels CHR\",\"publisher\":{\"@id\":\"https:\\\/\\\/gastora.eu\\\/#organization\"},\"potentialAction\":[{\"@type\":\"SearchAction\",\"target\":{\"@type\":\"EntryPoint\",\"urlTemplate\":\"https:\\\/\\\/gastora.eu\\\/?s={search_term_string}\"},\"query-input\":{\"@type\":\"PropertyValueSpecification\",\"valueRequired\":true,\"valueName\":\"search_term_string\"}}],\"inLanguage\":\"en-US\"},{\"@type\":\"Organization\",\"@id\":\"https:\\\/\\\/gastora.eu\\\/#organization\",\"name\":\"Gastora\",\"url\":\"https:\\\/\\\/gastora.eu\\\/\",\"logo\":{\"@type\":\"ImageObject\",\"inLanguage\":\"en-US\",\"@id\":\"https:\\\/\\\/gastora.eu\\\/#\\\/schema\\\/logo\\\/image\\\/\",\"url\":\"https:\\\/\\\/gastora.eu\\\/wp-content\\\/uploads\\\/2025\\\/12\\\/ChatGPT-Image-2-janv.-2026-22_52_47-1.png\",\"contentUrl\":\"https:\\\/\\\/gastora.eu\\\/wp-content\\\/uploads\\\/2025\\\/12\\\/ChatGPT-Image-2-janv.-2026-22_52_47-1.png\",\"width\":1536,\"height\":320,\"caption\":\"Gastora\"},\"image\":{\"@id\":\"https:\\\/\\\/gastora.eu\\\/#\\\/schema\\\/logo\\\/image\\\/\"}}]}<\/script>\n<!-- \/ Yoast SEO plugin. -->","yoast_head_json":{"title":"Gaufrier - 4 sucettes - sur b\u00e2tonnets - Gastora","description":"Achetez Gaufrier - 4 sucettes - sur b\u00e2tonnets au meilleur prix, fiable et performant avec une livraison rapide","robots":{"index":"index","follow":"follow","max-snippet":"max-snippet:-1","max-image-preview":"max-image-preview:large","max-video-preview":"max-video-preview:-1"},"canonical":"https:\/\/gastora.eu\/en\/product\/gaufrier-4-sucettes-sur-btonnets\/","og_locale":"en_US","og_type":"article","og_title":"Gaufrier - 4 sucettes - sur b\u00e2tonnets - Gastora","og_description":"Achetez Gaufrier - 4 sucettes - sur b\u00e2tonnets au meilleur prix, fiable et performant avec une livraison rapide","og_url":"https:\/\/gastora.eu\/en\/product\/gaufrier-4-sucettes-sur-btonnets\/","og_site_name":"Gastora","article_modified_time":"2026-04-28T16:56:24+00:00","twitter_card":"summary_large_image","twitter_misc":{"Est. reading time":"2 minutes"},"schema":{"@context":"https:\/\/schema.org","@graph":[{"@type":"WebPage","@id":"https:\/\/gastora.eu\/product\/gaufrier-4-sucettes-sur-btonnets\/","url":"https:\/\/gastora.eu\/product\/gaufrier-4-sucettes-sur-btonnets\/","name":"Gaufrier - 4 sucettes - sur b\u00e2tonnets - Gastora","isPartOf":{"@id":"https:\/\/gastora.eu\/#website"},"primaryImageOfPage":{"@id":"https:\/\/gastora.eu\/product\/gaufrier-4-sucettes-sur-btonnets\/#primaryimage"},"image":{"@id":"https:\/\/gastora.eu\/product\/gaufrier-4-sucettes-sur-btonnets\/#primaryimage"},"thumbnailUrl":"https:\/\/gastora.eu\/wp-content\/uploads\/2026\/04\/sp-005-61656f73251c3.jpg","datePublished":"2026-04-25T17:49:04+00:00","dateModified":"2026-04-28T16:56:24+00:00","description":"Achetez Gaufrier - 4 sucettes - sur b\u00e2tonnets au meilleur prix, fiable et performant avec une livraison rapide","breadcrumb":{"@id":"https:\/\/gastora.eu\/product\/gaufrier-4-sucettes-sur-btonnets\/#breadcrumb"},"inLanguage":"en-US","potentialAction":[{"@type":"ReadAction","target":["https:\/\/gastora.eu\/product\/gaufrier-4-sucettes-sur-btonnets\/"]}]},{"@type":"ImageObject","inLanguage":"en-US","@id":"https:\/\/gastora.eu\/product\/gaufrier-4-sucettes-sur-btonnets\/#primaryimage","url":"https:\/\/gastora.eu\/wp-content\/uploads\/2026\/04\/sp-005-61656f73251c3.jpg","contentUrl":"https:\/\/gastora.eu\/wp-content\/uploads\/2026\/04\/sp-005-61656f73251c3.jpg","width":2048,"height":2048},{"@type":"BreadcrumbList","@id":"https:\/\/gastora.eu\/product\/gaufrier-4-sucettes-sur-btonnets\/#breadcrumb","itemListElement":[{"@type":"ListItem","position":1,"name":"Home","item":"https:\/\/gastora.eu\/"},{"@type":"ListItem","position":2,"name":"Shop","item":"https:\/\/gastora.eu\/shop\/"},{"@type":"ListItem","position":3,"name":"Gaufrier &#8211; 4 sucettes &#8211; sur b\u00e2tonnets"}]},{"@type":"WebSite","@id":"https:\/\/gastora.eu\/#website","url":"https:\/\/gastora.eu\/","name":"Gastora","description":"\u00c9quipements professionnels CHR","publisher":{"@id":"https:\/\/gastora.eu\/#organization"},"potentialAction":[{"@type":"SearchAction","target":{"@type":"EntryPoint","urlTemplate":"https:\/\/gastora.eu\/?s={search_term_string}"},"query-input":{"@type":"PropertyValueSpecification","valueRequired":true,"valueName":"search_term_string"}}],"inLanguage":"en-US"},{"@type":"Organization","@id":"https:\/\/gastora.eu\/#organization","name":"Gastora","url":"https:\/\/gastora.eu\/","logo":{"@type":"ImageObject","inLanguage":"en-US","@id":"https:\/\/gastora.eu\/#\/schema\/logo\/image\/","url":"https:\/\/gastora.eu\/wp-content\/uploads\/2025\/12\/ChatGPT-Image-2-janv.-2026-22_52_47-1.png","contentUrl":"https:\/\/gastora.eu\/wp-content\/uploads\/2025\/12\/ChatGPT-Image-2-janv.-2026-22_52_47-1.png","width":1536,"height":320,"caption":"Gastora"},"image":{"@id":"https:\/\/gastora.eu\/#\/schema\/logo\/image\/"}}]}},"jetpack_sharing_enabled":true,"_links":{"self":[{"href":"https:\/\/gastora.eu\/en\/wp-json\/wp\/v2\/product\/14372","targetHints":{"allow":["GET"]}}],"collection":[{"href":"https:\/\/gastora.eu\/en\/wp-json\/wp\/v2\/product"}],"about":[{"href":"https:\/\/gastora.eu\/en\/wp-json\/wp\/v2\/types\/product"}],"wp:featuredmedia":[{"embeddable":true,"href":"https:\/\/gastora.eu\/en\/wp-json\/wp\/v2\/media\/7492"}],"wp:attachment":[{"href":"https:\/\/gastora.eu\/en\/wp-json\/wp\/v2\/media?parent=14372"}],"wp:term":[{"taxonomy":"product_brand","embeddable":true,"href":"https:\/\/gastora.eu\/en\/wp-json\/wp\/v2\/product_brand?post=14372"},{"taxonomy":"product_cat","embeddable":true,"href":"https:\/\/gastora.eu\/en\/wp-json\/wp\/v2\/product_cat?post=14372"},{"taxonomy":"product_tag","embeddable":true,"href":"https:\/\/gastora.eu\/en\/wp-json\/wp\/v2\/product_tag?post=14372"}],"curies":[{"name":"wp","href":"https:\/\/api.w.org\/{rel}","templated":true}]}}