{"id":14369,"date":"2026-04-25T17:49:01","date_gmt":"2026-04-25T17:49:01","guid":{"rendered":"https:\/\/gastora.eu\/?post_type=product&#038;p=14369"},"modified":"2026-04-28T16:56:24","modified_gmt":"2026-04-28T16:56:24","slug":"gaufrier-1-pice-cne-de-glace","status":"publish","type":"product","link":"https:\/\/gastora.eu\/en\/product\/gaufrier-1-pice-cne-de-glace\/","title":{"rendered":"Gaufrier &#8211; 1 pi\u00e8ce &#8211; c\u00f4ne de glace"},"content":{"rendered":"<p>Si vous voulez servir de la vraie glace artisanale, faites les cornets de glace vous-m\u00eame en utilisant ce gaufrier professionnel sp\u00e9cialement con\u00e7u pour faire des cornets. Ce gaufrier est un atout pour les glaciers, les caf\u00e9s et autres \u00e9tablissements de restauration. Il sert des c\u00f4nes d\u00e9licieusement croustillants qui peuvent \u00eatre d\u00e9cor\u00e9s de chocolat, de disco dip ou de noix, par exemple. Ainsi, vous pouvez offrir \u00e0 vos clients les plus d\u00e9licieux cornets de glace dans le parfum de leur choix. Non seulement vous gagnerez du temps avec ce gaufrier \u00e9lectrique, mais vous offrirez \u00e9galement \u00e0 vos invit\u00e9s une exp\u00e9rience gustative unique.<\/p>\n<h3>Chauffe rapidement<\/h3>\n<p>Avec ce gaufrier \u00e0 c\u00f4nes, vous pouvez rapidement et facilement fabriquer des c\u00f4nes de cr\u00e8me glac\u00e9e \u00e0 utiliser dans tout \u00e9tablissement de restauration. Le puissant \u00e9l\u00e9ment chauffant permet de chauffer rapidement la plaque, afin que vous puissiez commencer \u00e0 l&#8217;utiliser rapidement. Gr\u00e2ce au rev\u00eatement antiadh\u00e9sif de la plaque en aluminium, les gaufres ne collent pas. Ce gaufrier dispose \u00e9galement d&#8217;un thermostat qui vous permet de r\u00e9gler les temp\u00e9ratures entre 50 et 300\u00baC. Le t\u00e9moin lumineux indique que le gaufrier est r\u00e9chauff\u00e9 et pr\u00eat \u00e0 \u00eatre utilis\u00e9. La minuterie pratique est \u00e9galement tr\u00e8s facile \u00e0 utiliser et permet de s&#8217;assurer que les gaufres ne br\u00fblent pas. La poign\u00e9e robuste permet d&#8217;ouvrir et de fermer facilement le gaufrier. De cette fa\u00e7on, vous pouvez produire rapidement et en toute s\u00e9curit\u00e9 un grand nombre de gaufres en c\u00f4ne en succession rapide.<\/p>\n<h3>Facile \u00e0 nettoyer<\/h3>\n<p>Gr\u00e2ce \u00e0 sa conception hygi\u00e9nique, ce gaufrier pour cornets \u00e0 glace est facile \u00e0 nettoyer. La plaque en aluminium peut \u00eatre nettoy\u00e9e en essuyant les restes pendant qu&#8217;elle est encore chaude au toucher. Mais d&#8217;abord, \u00e9teignez l&#8217;appareil et d\u00e9branchez-le de la prise murale. Pour le nettoyage, utilisez une brosse, une \u00e9ponge ou un chiffon humide, et un peu d&#8217;eau chaude. Veillez \u00e0 ne pas rayer la surface, sinon vous endommagerez le rev\u00eatement antiadh\u00e9sif. L&#8217;appareil repose sur quatre pieds en plastique.<\/p>\n<ul>\n<li>Robuste et facile \u00e0 utiliser<\/li>\n<li>Production rapide de gaufres oubliehorn<\/li>\n<li>Plaque de cuisson en aluminium avec rev\u00eatement antiadh\u00e9sif en t\u00e9flon<\/li>\n<li>Thermostat variable de 50\u00b0C \u00e0 300\u00b0C<\/li>\n<li>\u00c9quip\u00e9 d&#8217;un minuteur<\/li>\n<li>T\u00e9moin lumineux de temp\u00e9rature<\/li>\n<li>Poign\u00e9e robuste<\/li>\n<li>Repose sur 4 pieds en plastique<\/li>\n<li>Construction tr\u00e8s durable<\/li>\n<li>Conception hygi\u00e9nique<\/li>\n<\/ul>\n<p>Sp\u00e9cifications du produit<\/p>\n<ul>\n<li>Poids net : 7 kg<\/li>\n<li>Taille de la gaufre : \u00f8210 x H3 mm<\/li>\n<li>Dimensions de l&#8217;appareil : L250 x P350 x H270 mm<\/li>\n<li>Puissance \u00e9lectrique totale : 1,0 kW<\/li>\n<li>230V \/ 50Hz \/ 1Phase 1000 Watt<\/li>\n<\/ul>\n<ul>\n<li>Poids net : 7 kg<\/li>\n<li>Taille de la gaufre : \u00f8210 x H3 mm<\/li>\n<li>Dimensions de la machine : W25 x D35 x H27cm<\/li>\n<li>Puissance \u00e9lectrique totale : 1,0 kW<\/li>\n<li>230V\/50Hz\/1Phase 1000W<\/li>\n<\/ul>","protected":false},"excerpt":{"rendered":"<p>Les c\u00f4nes de cr\u00e8me glac\u00e9e artisanaux sont r\u00e9alis\u00e9s avec ce robuste gaufrier pour c\u00f4nes de cr\u00e8me glac\u00e9e. Il convient \u00e0 un usage professionnel quotidien dans les glaciers, les caf\u00e9s et les restaurants. La plaque en aluminium est dot\u00e9e d&#8217;un rev\u00eatement antiadh\u00e9sif, ce qui la rend tr\u00e8s facile \u00e0 nettoyer.<\/p>","protected":false},"featured_media":7486,"template":"","meta":{"_acf_changed":false},"product_brand":[],"product_cat":[16],"product_tag":[],"class_list":{"0":"post-14369","1":"product","2":"type-product","3":"status-publish","4":"has-post-thumbnail","6":"product_cat-cuisson","8":"first","9":"instock","10":"sale","11":"taxable","12":"shipping-taxable","13":"purchasable","14":"product-type-simple"},"acf":[],"yoast_head":"<!-- This site is optimized with the Yoast SEO plugin v27.5 - https:\/\/yoast.com\/product\/yoast-seo-wordpress\/ -->\n<title>Gaufrier - 1 pi\u00e8ce - c\u00f4ne de glace - Gastora<\/title>\n<meta name=\"description\" content=\"Achetez Gaufrier - 1 pi\u00e8ce - c\u00f4ne de glace au meilleur prix, fiable et performant avec une livraison rapide\" \/>\n<meta name=\"robots\" content=\"index, follow, max-snippet:-1, max-image-preview:large, max-video-preview:-1\" \/>\n<link rel=\"canonical\" href=\"https:\/\/gastora.eu\/en\/product\/gaufrier-1-pice-cne-de-glace\/\" \/>\n<meta property=\"og:locale\" content=\"en_US\" \/>\n<meta property=\"og:type\" content=\"article\" \/>\n<meta property=\"og:title\" content=\"Gaufrier - 1 pi\u00e8ce - c\u00f4ne de glace - Gastora\" \/>\n<meta property=\"og:description\" content=\"Achetez Gaufrier - 1 pi\u00e8ce - c\u00f4ne de glace au meilleur prix, fiable et performant avec une livraison rapide\" \/>\n<meta property=\"og:url\" content=\"https:\/\/gastora.eu\/en\/product\/gaufrier-1-pice-cne-de-glace\/\" \/>\n<meta property=\"og:site_name\" content=\"Gastora\" \/>\n<meta property=\"article:modified_time\" content=\"2026-04-28T16:56:24+00:00\" \/>\n<meta name=\"twitter:card\" content=\"summary_large_image\" \/>\n<meta name=\"twitter:label1\" content=\"Est. reading time\" \/>\n\t<meta name=\"twitter:data1\" content=\"2 minutes\" \/>\n<script type=\"application\/ld+json\" class=\"yoast-schema-graph\">{\"@context\":\"https:\\\/\\\/schema.org\",\"@graph\":[{\"@type\":\"WebPage\",\"@id\":\"https:\\\/\\\/gastora.eu\\\/product\\\/gaufrier-1-pice-cne-de-glace\\\/\",\"url\":\"https:\\\/\\\/gastora.eu\\\/product\\\/gaufrier-1-pice-cne-de-glace\\\/\",\"name\":\"Gaufrier - 1 pi\u00e8ce - c\u00f4ne de glace - Gastora\",\"isPartOf\":{\"@id\":\"https:\\\/\\\/gastora.eu\\\/#website\"},\"primaryImageOfPage\":{\"@id\":\"https:\\\/\\\/gastora.eu\\\/product\\\/gaufrier-1-pice-cne-de-glace\\\/#primaryimage\"},\"image\":{\"@id\":\"https:\\\/\\\/gastora.eu\\\/product\\\/gaufrier-1-pice-cne-de-glace\\\/#primaryimage\"},\"thumbnailUrl\":\"https:\\\/\\\/gastora.eu\\\/wp-content\\\/uploads\\\/2026\\\/04\\\/sp-005-61656f74a0655.jpg\",\"datePublished\":\"2026-04-25T17:49:01+00:00\",\"dateModified\":\"2026-04-28T16:56:24+00:00\",\"description\":\"Achetez Gaufrier - 1 pi\u00e8ce - c\u00f4ne de glace au meilleur prix, fiable et performant avec une livraison rapide\",\"breadcrumb\":{\"@id\":\"https:\\\/\\\/gastora.eu\\\/product\\\/gaufrier-1-pice-cne-de-glace\\\/#breadcrumb\"},\"inLanguage\":\"en-US\",\"potentialAction\":[{\"@type\":\"ReadAction\",\"target\":[\"https:\\\/\\\/gastora.eu\\\/product\\\/gaufrier-1-pice-cne-de-glace\\\/\"]}]},{\"@type\":\"ImageObject\",\"inLanguage\":\"en-US\",\"@id\":\"https:\\\/\\\/gastora.eu\\\/product\\\/gaufrier-1-pice-cne-de-glace\\\/#primaryimage\",\"url\":\"https:\\\/\\\/gastora.eu\\\/wp-content\\\/uploads\\\/2026\\\/04\\\/sp-005-61656f74a0655.jpg\",\"contentUrl\":\"https:\\\/\\\/gastora.eu\\\/wp-content\\\/uploads\\\/2026\\\/04\\\/sp-005-61656f74a0655.jpg\",\"width\":2048,\"height\":2048},{\"@type\":\"BreadcrumbList\",\"@id\":\"https:\\\/\\\/gastora.eu\\\/product\\\/gaufrier-1-pice-cne-de-glace\\\/#breadcrumb\",\"itemListElement\":[{\"@type\":\"ListItem\",\"position\":1,\"name\":\"Home\",\"item\":\"https:\\\/\\\/gastora.eu\\\/\"},{\"@type\":\"ListItem\",\"position\":2,\"name\":\"Shop\",\"item\":\"https:\\\/\\\/gastora.eu\\\/shop\\\/\"},{\"@type\":\"ListItem\",\"position\":3,\"name\":\"Gaufrier &#8211; 1 pi\u00e8ce &#8211; c\u00f4ne de glace\"}]},{\"@type\":\"WebSite\",\"@id\":\"https:\\\/\\\/gastora.eu\\\/#website\",\"url\":\"https:\\\/\\\/gastora.eu\\\/\",\"name\":\"Gastora\",\"description\":\"\u00c9quipements professionnels CHR\",\"publisher\":{\"@id\":\"https:\\\/\\\/gastora.eu\\\/#organization\"},\"potentialAction\":[{\"@type\":\"SearchAction\",\"target\":{\"@type\":\"EntryPoint\",\"urlTemplate\":\"https:\\\/\\\/gastora.eu\\\/?s={search_term_string}\"},\"query-input\":{\"@type\":\"PropertyValueSpecification\",\"valueRequired\":true,\"valueName\":\"search_term_string\"}}],\"inLanguage\":\"en-US\"},{\"@type\":\"Organization\",\"@id\":\"https:\\\/\\\/gastora.eu\\\/#organization\",\"name\":\"Gastora\",\"url\":\"https:\\\/\\\/gastora.eu\\\/\",\"logo\":{\"@type\":\"ImageObject\",\"inLanguage\":\"en-US\",\"@id\":\"https:\\\/\\\/gastora.eu\\\/#\\\/schema\\\/logo\\\/image\\\/\",\"url\":\"https:\\\/\\\/gastora.eu\\\/wp-content\\\/uploads\\\/2025\\\/12\\\/ChatGPT-Image-2-janv.-2026-22_52_47-1.png\",\"contentUrl\":\"https:\\\/\\\/gastora.eu\\\/wp-content\\\/uploads\\\/2025\\\/12\\\/ChatGPT-Image-2-janv.-2026-22_52_47-1.png\",\"width\":1536,\"height\":320,\"caption\":\"Gastora\"},\"image\":{\"@id\":\"https:\\\/\\\/gastora.eu\\\/#\\\/schema\\\/logo\\\/image\\\/\"}}]}<\/script>\n<!-- \/ Yoast SEO plugin. -->","yoast_head_json":{"title":"Gaufrier - 1 pi\u00e8ce - c\u00f4ne de glace - Gastora","description":"Achetez Gaufrier - 1 pi\u00e8ce - c\u00f4ne de glace au meilleur prix, fiable et performant avec une livraison rapide","robots":{"index":"index","follow":"follow","max-snippet":"max-snippet:-1","max-image-preview":"max-image-preview:large","max-video-preview":"max-video-preview:-1"},"canonical":"https:\/\/gastora.eu\/en\/product\/gaufrier-1-pice-cne-de-glace\/","og_locale":"en_US","og_type":"article","og_title":"Gaufrier - 1 pi\u00e8ce - c\u00f4ne de glace - Gastora","og_description":"Achetez Gaufrier - 1 pi\u00e8ce - c\u00f4ne de glace au meilleur prix, fiable et performant avec une livraison rapide","og_url":"https:\/\/gastora.eu\/en\/product\/gaufrier-1-pice-cne-de-glace\/","og_site_name":"Gastora","article_modified_time":"2026-04-28T16:56:24+00:00","twitter_card":"summary_large_image","twitter_misc":{"Est. reading time":"2 minutes"},"schema":{"@context":"https:\/\/schema.org","@graph":[{"@type":"WebPage","@id":"https:\/\/gastora.eu\/product\/gaufrier-1-pice-cne-de-glace\/","url":"https:\/\/gastora.eu\/product\/gaufrier-1-pice-cne-de-glace\/","name":"Gaufrier - 1 pi\u00e8ce - c\u00f4ne de glace - Gastora","isPartOf":{"@id":"https:\/\/gastora.eu\/#website"},"primaryImageOfPage":{"@id":"https:\/\/gastora.eu\/product\/gaufrier-1-pice-cne-de-glace\/#primaryimage"},"image":{"@id":"https:\/\/gastora.eu\/product\/gaufrier-1-pice-cne-de-glace\/#primaryimage"},"thumbnailUrl":"https:\/\/gastora.eu\/wp-content\/uploads\/2026\/04\/sp-005-61656f74a0655.jpg","datePublished":"2026-04-25T17:49:01+00:00","dateModified":"2026-04-28T16:56:24+00:00","description":"Achetez Gaufrier - 1 pi\u00e8ce - c\u00f4ne de glace au meilleur prix, fiable et performant avec une livraison rapide","breadcrumb":{"@id":"https:\/\/gastora.eu\/product\/gaufrier-1-pice-cne-de-glace\/#breadcrumb"},"inLanguage":"en-US","potentialAction":[{"@type":"ReadAction","target":["https:\/\/gastora.eu\/product\/gaufrier-1-pice-cne-de-glace\/"]}]},{"@type":"ImageObject","inLanguage":"en-US","@id":"https:\/\/gastora.eu\/product\/gaufrier-1-pice-cne-de-glace\/#primaryimage","url":"https:\/\/gastora.eu\/wp-content\/uploads\/2026\/04\/sp-005-61656f74a0655.jpg","contentUrl":"https:\/\/gastora.eu\/wp-content\/uploads\/2026\/04\/sp-005-61656f74a0655.jpg","width":2048,"height":2048},{"@type":"BreadcrumbList","@id":"https:\/\/gastora.eu\/product\/gaufrier-1-pice-cne-de-glace\/#breadcrumb","itemListElement":[{"@type":"ListItem","position":1,"name":"Home","item":"https:\/\/gastora.eu\/"},{"@type":"ListItem","position":2,"name":"Shop","item":"https:\/\/gastora.eu\/shop\/"},{"@type":"ListItem","position":3,"name":"Gaufrier &#8211; 1 pi\u00e8ce &#8211; c\u00f4ne de glace"}]},{"@type":"WebSite","@id":"https:\/\/gastora.eu\/#website","url":"https:\/\/gastora.eu\/","name":"Gastora","description":"\u00c9quipements professionnels CHR","publisher":{"@id":"https:\/\/gastora.eu\/#organization"},"potentialAction":[{"@type":"SearchAction","target":{"@type":"EntryPoint","urlTemplate":"https:\/\/gastora.eu\/?s={search_term_string}"},"query-input":{"@type":"PropertyValueSpecification","valueRequired":true,"valueName":"search_term_string"}}],"inLanguage":"en-US"},{"@type":"Organization","@id":"https:\/\/gastora.eu\/#organization","name":"Gastora","url":"https:\/\/gastora.eu\/","logo":{"@type":"ImageObject","inLanguage":"en-US","@id":"https:\/\/gastora.eu\/#\/schema\/logo\/image\/","url":"https:\/\/gastora.eu\/wp-content\/uploads\/2025\/12\/ChatGPT-Image-2-janv.-2026-22_52_47-1.png","contentUrl":"https:\/\/gastora.eu\/wp-content\/uploads\/2025\/12\/ChatGPT-Image-2-janv.-2026-22_52_47-1.png","width":1536,"height":320,"caption":"Gastora"},"image":{"@id":"https:\/\/gastora.eu\/#\/schema\/logo\/image\/"}}]}},"jetpack_sharing_enabled":true,"_links":{"self":[{"href":"https:\/\/gastora.eu\/en\/wp-json\/wp\/v2\/product\/14369","targetHints":{"allow":["GET"]}}],"collection":[{"href":"https:\/\/gastora.eu\/en\/wp-json\/wp\/v2\/product"}],"about":[{"href":"https:\/\/gastora.eu\/en\/wp-json\/wp\/v2\/types\/product"}],"wp:featuredmedia":[{"embeddable":true,"href":"https:\/\/gastora.eu\/en\/wp-json\/wp\/v2\/media\/7486"}],"wp:attachment":[{"href":"https:\/\/gastora.eu\/en\/wp-json\/wp\/v2\/media?parent=14369"}],"wp:term":[{"taxonomy":"product_brand","embeddable":true,"href":"https:\/\/gastora.eu\/en\/wp-json\/wp\/v2\/product_brand?post=14369"},{"taxonomy":"product_cat","embeddable":true,"href":"https:\/\/gastora.eu\/en\/wp-json\/wp\/v2\/product_cat?post=14369"},{"taxonomy":"product_tag","embeddable":true,"href":"https:\/\/gastora.eu\/en\/wp-json\/wp\/v2\/product_tag?post=14369"}],"curies":[{"name":"wp","href":"https:\/\/api.w.org\/{rel}","templated":true}]}}