{"id":14368,"date":"2026-04-25T17:49:00","date_gmt":"2026-04-25T17:49:00","guid":{"rendered":"https:\/\/gastora.eu\/?post_type=product&#038;p=14368"},"modified":"2026-04-26T08:37:01","modified_gmt":"2026-04-26T08:37:01","slug":"gaufrier-6-btons-corn-dogs-motif-diamant","status":"publish","type":"product","link":"https:\/\/gastora.eu\/en\/product\/gaufrier-6-btons-corn-dogs-motif-diamant\/","title":{"rendered":"Gaufrier &#8211; 6 b\u00e2tons &#8211; corn dogs &#8211; motif diamant"},"content":{"rendered":"<p>Un corn dog traditionnel n&#8217;est vraiment complet que lorsque la p\u00e2te provient \u00e9galement de votre cuisine. Ce gaufrier vous permet de pr\u00e9parer rapidement et facilement des corn-dogs \u00e0 six nervures. Gr\u00e2ce \u00e0 l&#8217;encoche dans le plateau, un b\u00e2tonnet peut \u00eatre plac\u00e9 sur la plaque. Vous obtenez ainsi de d\u00e9licieux corn dogs nervur\u00e9s que vous pouvez servir sur un b\u00e2tonnet. Ce gaufrier de haute qualit\u00e9 convient \u00e0 un usage quotidien intensif dans les p\u00e2tisseries traditionnelles, les caf\u00e9s et les restaurants. Le plateau en aluminium est dot\u00e9 d&#8217;un rev\u00eatement antiadh\u00e9sif afin que les corn dogs ne collent pas entre eux. Avec ce gaufrier extra-large, vous pouvez faire jusqu&#8217;\u00e0 six gaufres en m\u00eame temps.<\/p>\n<h3>Facile \u00e0 utiliser<\/h3>\n<p>Gr\u00e2ce \u00e0 ses interrupteurs robustes et simples, ce gaufrier est tr\u00e8s facile \u00e0 utiliser. Il est dot\u00e9 d&#8217;un r\u00e9gulateur de temp\u00e9rature thermostatique qui vous permet de r\u00e9gler la temp\u00e9rature entre 50 et 300\u00baC. Lorsque vous versez la p\u00e2te dans le gaufrier, il est possible que des \u00e9claboussures se produisent \u00e0 c\u00f4t\u00e9 du plateau. Ce probl\u00e8me peut \u00eatre r\u00e9solu gr\u00e2ce au bac de r\u00e9cup\u00e9ration pratique et amovible mont\u00e9 sous le gaufrier.<\/p>\n<h3>\u00c9quip\u00e9 de pieds en acier inoxydable<\/h3>\n<p>Le bo\u00eetier et les poign\u00e9es sont en acier inoxydable et faciles \u00e0 nettoyer. Commencez par \u00e9teindre le gaufrier et d\u00e9branchez la fiche de la prise murale. Lorsque les plateaux sont encore chauds au toucher, commencez \u00e0 les nettoyer. Utilisez une \u00e9ponge, une brosse ou un chiffon humide et un peu d&#8217;eau chaude pour nettoyer les plateaux de mani\u00e8re hygi\u00e9nique. Les pieds en acier inoxydable situ\u00e9s \u00e0 la base du gaufrier permettent \u00e0 l&#8217;appareil de rester en place pendant l&#8217;utilisation.<\/p>\n<p><strong>Caract\u00e9ristiques<\/strong><\/p>\n<ul>\n<li>Encoche dans la plaque de cuisson pour le b\u00e2tonnet<\/li>\n<li>Thermostat variable de 50 \u00b0C \u00e0 300 \u00b0C<\/li>\n<li>\u00c9quip\u00e9 d&#8217;une minuterie<\/li>\n<li>T\u00e9moin lumineux de temp\u00e9rature<\/li>\n<li>\u00c9quip\u00e9 d&#8217;un bac de r\u00e9cup\u00e9ration<\/li>\n<li>Repose sur 4 pieds en acier inoxydable<\/li>\n<\/ul>\n<p><strong>Caract\u00e9ristiques du produit<\/strong><\/p>\n<ul>\n<li>Poids net : 11 kg<\/li>\n<li>Taille de la saucisse : B135 x D36 x H30mm<\/li>\n<li>Dimensions de l&#8217;appareil : L38 x P31 x H26cm<\/li>\n<li>Puissance \u00e9lectrique totale : 1,75 kW<\/li>\n<li>230V\/50Hz\/1Phase 1750W<\/li>\n<\/ul>","protected":false},"excerpt":{"rendered":"<p>Avec ce gaufrier, vous pouvez rapidement et facilement cr\u00e9er six corn dogs nervur\u00e9s en m\u00eame temps. Le gaufrier est \u00e9quip\u00e9 d&#8217;une plaque de cuisson en aluminium avec rev\u00eatement antiadh\u00e9sif. La plaque de cuisson pr\u00e9sente un motif en losange et des encoches pour les b\u00e2tonnets. Le gaufrier est facile \u00e0 utiliser et parfait pour une utilisation quotidienne.<\/p>","protected":false},"featured_media":7484,"template":"","meta":{"_acf_changed":false},"product_brand":[],"product_cat":[16],"product_tag":[],"class_list":{"0":"post-14368","1":"product","2":"type-product","3":"status-publish","4":"has-post-thumbnail","6":"product_cat-cuisson","8":"first","9":"instock","10":"sale","11":"taxable","12":"shipping-taxable","13":"purchasable","14":"product-type-simple"},"acf":[],"yoast_head":"<!-- This site is optimized with the Yoast SEO plugin v27.4 - https:\/\/yoast.com\/product\/yoast-seo-wordpress\/ -->\n<title>Gaufrier - 6 b\u00e2tons - corn dogs - motif diamant - Gastora<\/title>\n<meta name=\"description\" content=\"Achetez Gaufrier - 6 b\u00e2tons - corn dogs - motif diamant au meilleur prix, fiable et performant avec une livraison rapide\" \/>\n<meta name=\"robots\" content=\"index, follow, max-snippet:-1, max-image-preview:large, max-video-preview:-1\" \/>\n<link rel=\"canonical\" href=\"https:\/\/gastora.eu\/en\/product\/gaufrier-6-btons-corn-dogs-motif-diamant\/\" \/>\n<meta property=\"og:locale\" content=\"en_US\" \/>\n<meta property=\"og:type\" content=\"article\" \/>\n<meta property=\"og:title\" content=\"Gaufrier - 6 b\u00e2tons - corn dogs - motif diamant - Gastora\" \/>\n<meta property=\"og:description\" content=\"Achetez Gaufrier - 6 b\u00e2tons - corn dogs - motif diamant au meilleur prix, fiable et performant avec une livraison rapide\" \/>\n<meta property=\"og:url\" content=\"https:\/\/gastora.eu\/en\/product\/gaufrier-6-btons-corn-dogs-motif-diamant\/\" \/>\n<meta property=\"og:site_name\" content=\"Gastora\" \/>\n<meta property=\"article:modified_time\" content=\"2026-04-26T08:37:01+00:00\" \/>\n<meta name=\"twitter:card\" content=\"summary_large_image\" \/>\n<meta name=\"twitter:label1\" content=\"Est. reading time\" \/>\n\t<meta name=\"twitter:data1\" content=\"2 minutes\" \/>\n<script type=\"application\/ld+json\" class=\"yoast-schema-graph\">{\"@context\":\"https:\\\/\\\/schema.org\",\"@graph\":[{\"@type\":\"WebPage\",\"@id\":\"https:\\\/\\\/gastora.eu\\\/product\\\/gaufrier-6-btons-corn-dogs-motif-diamant\\\/\",\"url\":\"https:\\\/\\\/gastora.eu\\\/product\\\/gaufrier-6-btons-corn-dogs-motif-diamant\\\/\",\"name\":\"Gaufrier - 6 b\u00e2tons - corn dogs - motif diamant - Gastora\",\"isPartOf\":{\"@id\":\"https:\\\/\\\/gastora.eu\\\/#website\"},\"primaryImageOfPage\":{\"@id\":\"https:\\\/\\\/gastora.eu\\\/product\\\/gaufrier-6-btons-corn-dogs-motif-diamant\\\/#primaryimage\"},\"image\":{\"@id\":\"https:\\\/\\\/gastora.eu\\\/product\\\/gaufrier-6-btons-corn-dogs-motif-diamant\\\/#primaryimage\"},\"thumbnailUrl\":\"https:\\\/\\\/gastora.eu\\\/wp-content\\\/uploads\\\/2026\\\/04\\\/sp-005-61656f730920b.jpg\",\"datePublished\":\"2026-04-25T17:49:00+00:00\",\"dateModified\":\"2026-04-26T08:37:01+00:00\",\"description\":\"Achetez Gaufrier - 6 b\u00e2tons - corn dogs - motif diamant au meilleur prix, fiable et performant avec une livraison rapide\",\"breadcrumb\":{\"@id\":\"https:\\\/\\\/gastora.eu\\\/product\\\/gaufrier-6-btons-corn-dogs-motif-diamant\\\/#breadcrumb\"},\"inLanguage\":\"en-US\",\"potentialAction\":[{\"@type\":\"ReadAction\",\"target\":[\"https:\\\/\\\/gastora.eu\\\/product\\\/gaufrier-6-btons-corn-dogs-motif-diamant\\\/\"]}]},{\"@type\":\"ImageObject\",\"inLanguage\":\"en-US\",\"@id\":\"https:\\\/\\\/gastora.eu\\\/product\\\/gaufrier-6-btons-corn-dogs-motif-diamant\\\/#primaryimage\",\"url\":\"https:\\\/\\\/gastora.eu\\\/wp-content\\\/uploads\\\/2026\\\/04\\\/sp-005-61656f730920b.jpg\",\"contentUrl\":\"https:\\\/\\\/gastora.eu\\\/wp-content\\\/uploads\\\/2026\\\/04\\\/sp-005-61656f730920b.jpg\",\"width\":2048,\"height\":2048},{\"@type\":\"BreadcrumbList\",\"@id\":\"https:\\\/\\\/gastora.eu\\\/product\\\/gaufrier-6-btons-corn-dogs-motif-diamant\\\/#breadcrumb\",\"itemListElement\":[{\"@type\":\"ListItem\",\"position\":1,\"name\":\"Home\",\"item\":\"https:\\\/\\\/gastora.eu\\\/\"},{\"@type\":\"ListItem\",\"position\":2,\"name\":\"Shop\",\"item\":\"https:\\\/\\\/gastora.eu\\\/shop\\\/\"},{\"@type\":\"ListItem\",\"position\":3,\"name\":\"Gaufrier &#8211; 6 b\u00e2tons &#8211; corn dogs &#8211; motif diamant\"}]},{\"@type\":\"WebSite\",\"@id\":\"https:\\\/\\\/gastora.eu\\\/#website\",\"url\":\"https:\\\/\\\/gastora.eu\\\/\",\"name\":\"Gastora\",\"description\":\"\u00c9quipements professionnels CHR\",\"publisher\":{\"@id\":\"https:\\\/\\\/gastora.eu\\\/#organization\"},\"potentialAction\":[{\"@type\":\"SearchAction\",\"target\":{\"@type\":\"EntryPoint\",\"urlTemplate\":\"https:\\\/\\\/gastora.eu\\\/?s={search_term_string}\"},\"query-input\":{\"@type\":\"PropertyValueSpecification\",\"valueRequired\":true,\"valueName\":\"search_term_string\"}}],\"inLanguage\":\"en-US\"},{\"@type\":\"Organization\",\"@id\":\"https:\\\/\\\/gastora.eu\\\/#organization\",\"name\":\"Gastora\",\"url\":\"https:\\\/\\\/gastora.eu\\\/\",\"logo\":{\"@type\":\"ImageObject\",\"inLanguage\":\"en-US\",\"@id\":\"https:\\\/\\\/gastora.eu\\\/#\\\/schema\\\/logo\\\/image\\\/\",\"url\":\"https:\\\/\\\/gastora.eu\\\/wp-content\\\/uploads\\\/2025\\\/12\\\/ChatGPT-Image-2-janv.-2026-22_52_47-1.png\",\"contentUrl\":\"https:\\\/\\\/gastora.eu\\\/wp-content\\\/uploads\\\/2025\\\/12\\\/ChatGPT-Image-2-janv.-2026-22_52_47-1.png\",\"width\":1536,\"height\":320,\"caption\":\"Gastora\"},\"image\":{\"@id\":\"https:\\\/\\\/gastora.eu\\\/#\\\/schema\\\/logo\\\/image\\\/\"}}]}<\/script>\n<!-- \/ Yoast SEO plugin. -->","yoast_head_json":{"title":"Gaufrier - 6 b\u00e2tons - corn dogs - motif diamant - Gastora","description":"Achetez Gaufrier - 6 b\u00e2tons - corn dogs - motif diamant au meilleur prix, fiable et performant avec une livraison rapide","robots":{"index":"index","follow":"follow","max-snippet":"max-snippet:-1","max-image-preview":"max-image-preview:large","max-video-preview":"max-video-preview:-1"},"canonical":"https:\/\/gastora.eu\/en\/product\/gaufrier-6-btons-corn-dogs-motif-diamant\/","og_locale":"en_US","og_type":"article","og_title":"Gaufrier - 6 b\u00e2tons - corn dogs - motif diamant - Gastora","og_description":"Achetez Gaufrier - 6 b\u00e2tons - corn dogs - motif diamant au meilleur prix, fiable et performant avec une livraison rapide","og_url":"https:\/\/gastora.eu\/en\/product\/gaufrier-6-btons-corn-dogs-motif-diamant\/","og_site_name":"Gastora","article_modified_time":"2026-04-26T08:37:01+00:00","twitter_card":"summary_large_image","twitter_misc":{"Est. reading time":"2 minutes"},"schema":{"@context":"https:\/\/schema.org","@graph":[{"@type":"WebPage","@id":"https:\/\/gastora.eu\/product\/gaufrier-6-btons-corn-dogs-motif-diamant\/","url":"https:\/\/gastora.eu\/product\/gaufrier-6-btons-corn-dogs-motif-diamant\/","name":"Gaufrier - 6 b\u00e2tons - corn dogs - motif diamant - Gastora","isPartOf":{"@id":"https:\/\/gastora.eu\/#website"},"primaryImageOfPage":{"@id":"https:\/\/gastora.eu\/product\/gaufrier-6-btons-corn-dogs-motif-diamant\/#primaryimage"},"image":{"@id":"https:\/\/gastora.eu\/product\/gaufrier-6-btons-corn-dogs-motif-diamant\/#primaryimage"},"thumbnailUrl":"https:\/\/gastora.eu\/wp-content\/uploads\/2026\/04\/sp-005-61656f730920b.jpg","datePublished":"2026-04-25T17:49:00+00:00","dateModified":"2026-04-26T08:37:01+00:00","description":"Achetez Gaufrier - 6 b\u00e2tons - corn dogs - motif diamant au meilleur prix, fiable et performant avec une livraison rapide","breadcrumb":{"@id":"https:\/\/gastora.eu\/product\/gaufrier-6-btons-corn-dogs-motif-diamant\/#breadcrumb"},"inLanguage":"en-US","potentialAction":[{"@type":"ReadAction","target":["https:\/\/gastora.eu\/product\/gaufrier-6-btons-corn-dogs-motif-diamant\/"]}]},{"@type":"ImageObject","inLanguage":"en-US","@id":"https:\/\/gastora.eu\/product\/gaufrier-6-btons-corn-dogs-motif-diamant\/#primaryimage","url":"https:\/\/gastora.eu\/wp-content\/uploads\/2026\/04\/sp-005-61656f730920b.jpg","contentUrl":"https:\/\/gastora.eu\/wp-content\/uploads\/2026\/04\/sp-005-61656f730920b.jpg","width":2048,"height":2048},{"@type":"BreadcrumbList","@id":"https:\/\/gastora.eu\/product\/gaufrier-6-btons-corn-dogs-motif-diamant\/#breadcrumb","itemListElement":[{"@type":"ListItem","position":1,"name":"Home","item":"https:\/\/gastora.eu\/"},{"@type":"ListItem","position":2,"name":"Shop","item":"https:\/\/gastora.eu\/shop\/"},{"@type":"ListItem","position":3,"name":"Gaufrier &#8211; 6 b\u00e2tons &#8211; corn dogs &#8211; motif diamant"}]},{"@type":"WebSite","@id":"https:\/\/gastora.eu\/#website","url":"https:\/\/gastora.eu\/","name":"Gastora","description":"\u00c9quipements professionnels CHR","publisher":{"@id":"https:\/\/gastora.eu\/#organization"},"potentialAction":[{"@type":"SearchAction","target":{"@type":"EntryPoint","urlTemplate":"https:\/\/gastora.eu\/?s={search_term_string}"},"query-input":{"@type":"PropertyValueSpecification","valueRequired":true,"valueName":"search_term_string"}}],"inLanguage":"en-US"},{"@type":"Organization","@id":"https:\/\/gastora.eu\/#organization","name":"Gastora","url":"https:\/\/gastora.eu\/","logo":{"@type":"ImageObject","inLanguage":"en-US","@id":"https:\/\/gastora.eu\/#\/schema\/logo\/image\/","url":"https:\/\/gastora.eu\/wp-content\/uploads\/2025\/12\/ChatGPT-Image-2-janv.-2026-22_52_47-1.png","contentUrl":"https:\/\/gastora.eu\/wp-content\/uploads\/2025\/12\/ChatGPT-Image-2-janv.-2026-22_52_47-1.png","width":1536,"height":320,"caption":"Gastora"},"image":{"@id":"https:\/\/gastora.eu\/#\/schema\/logo\/image\/"}}]}},"jetpack_sharing_enabled":true,"_links":{"self":[{"href":"https:\/\/gastora.eu\/en\/wp-json\/wp\/v2\/product\/14368","targetHints":{"allow":["GET"]}}],"collection":[{"href":"https:\/\/gastora.eu\/en\/wp-json\/wp\/v2\/product"}],"about":[{"href":"https:\/\/gastora.eu\/en\/wp-json\/wp\/v2\/types\/product"}],"wp:featuredmedia":[{"embeddable":true,"href":"https:\/\/gastora.eu\/en\/wp-json\/wp\/v2\/media\/7484"}],"wp:attachment":[{"href":"https:\/\/gastora.eu\/en\/wp-json\/wp\/v2\/media?parent=14368"}],"wp:term":[{"taxonomy":"product_brand","embeddable":true,"href":"https:\/\/gastora.eu\/en\/wp-json\/wp\/v2\/product_brand?post=14368"},{"taxonomy":"product_cat","embeddable":true,"href":"https:\/\/gastora.eu\/en\/wp-json\/wp\/v2\/product_cat?post=14368"},{"taxonomy":"product_tag","embeddable":true,"href":"https:\/\/gastora.eu\/en\/wp-json\/wp\/v2\/product_tag?post=14368"}],"curies":[{"name":"wp","href":"https:\/\/api.w.org\/{rel}","templated":true}]}}