{"id":14367,"date":"2026-04-25T17:48:57","date_gmt":"2026-04-25T17:48:57","guid":{"rendered":"https:\/\/gastora.eu\/?post_type=product&#038;p=14367"},"modified":"2026-04-26T08:36:58","modified_gmt":"2026-04-26T08:36:58","slug":"gaufrier-6-btons-corn-dogs-2-motifs","status":"publish","type":"product","link":"https:\/\/gastora.eu\/en\/product\/gaufrier-6-btons-corn-dogs-2-motifs\/","title":{"rendered":"Gaufrier &#8211; 6 b\u00e2tons &#8211; corn dogs &#8211; 2 motifs"},"content":{"rendered":"<p>Un corn dog artisanal est unique lorsque la p\u00e2te provient \u00e9galement de votre cuisine. Avec ce gaufrier, vous pouvez pr\u00e9parer rapidement et facilement six d\u00e9licieux corn dogs. Gr\u00e2ce \u00e0 l&#8217;encoche dans le plateau, vous pouvez placer un b\u00e2tonnet \u00e0 l&#8217;int\u00e9rieur de chaque corn dog. Vous pouvez ainsi servir de d\u00e9licieux plats sur un b\u00e2tonnet. Ce gaufrier de haute qualit\u00e9 convient \u00e0 un usage quotidien intensif dans les p\u00e2tisseries traditionnelles, les caf\u00e9s et les restaurants. Le plateau en aluminium est dot\u00e9 d&#8217;un rev\u00eatement antiadh\u00e9sif afin que les corn-dogs ne collent pas entre eux. Avec l&#8217;appareil \u00e0 corn-dogs extra large, vous pouvez pr\u00e9parer jusqu&#8217;\u00e0 six corn-dogs \u00e0 la fois.<\/p>\n<h3>Facile \u00e0 utiliser<\/h3>\n<p>Gr\u00e2ce \u00e0 ses interrupteurs robustes et simples, ce gaufrier est tr\u00e8s facile \u00e0 utiliser. Le gaufrier est \u00e9quip\u00e9 d&#8217;un r\u00e9gulateur de temp\u00e9rature thermostatique qui vous permet de r\u00e9gler la temp\u00e9rature entre 50 et 300\u00baC. Lorsque vous versez la p\u00e2te dans le gaufrier, des \u00e9claboussures peuvent se produire \u00e0 c\u00f4t\u00e9 des plaques de cuisson. Ce probl\u00e8me est r\u00e9solu gr\u00e2ce au bac de r\u00e9cup\u00e9ration pratique et amovible mont\u00e9 sous le gaufrier.<\/p>\n<h3>\u00c9quip\u00e9 de pieds en acier inoxydable<\/h3>\n<p>Le bo\u00eetier et les poign\u00e9es sont en acier inoxydable, ce qui facilite le nettoyage. \u00c9teignez le gaufrier et d\u00e9branchez la fiche de la prise murale. Lorsque les plateaux sont encore chauds au toucher, commencez \u00e0 les nettoyer. Utilisez une \u00e9ponge, une brosse ou un chiffon humide et un peu d&#8217;eau chaude pour nettoyer les plateaux. Les pieds en acier inoxydable situ\u00e9s \u00e0 la base du gaufrier permettent \u00e0 l&#8217;appareil de rester en place pendant son utilisation.<\/p>\n<p><strong>Caract\u00e9ristiques<\/strong><\/p>\n<ul>\n<li>La forme convient pour 3 corn dogs et 3 hot dogs<\/li>\n<li>Encoche dans la plaque de cuisson pour le b\u00e2tonnet<\/li>\n<li>Thermostat variable de 50 \u00b0C \u00e0 300 \u00b0C<\/li>\n<li>\u00c9quip\u00e9 d&#8217;une minuterie<\/li>\n<li>T\u00e9moin lumineux de temp\u00e9rature<\/li>\n<li>\u00c9quip\u00e9 d&#8217;un bac de r\u00e9cup\u00e9ration<\/li>\n<li>Repose sur quatre pieds en acier inoxydable<\/li>\n<\/ul>\n<p><strong>Caract\u00e9ristiques du produit<\/strong><\/p>\n<ul>\n<li>Poids net : 11 kg<\/li>\n<li>Dimensions de la saucisse : L13,5 x P4 x H4cm<\/li>\n<li>Dimensions de l&#8217;appareil : L38 x P31 x H27cm<\/li>\n<li>Puissance \u00e9lectrique totale : 1,75 kW<\/li>\n<li>230V\/50Hz\/1Phase 1750W<\/li>\n<\/ul>","protected":false},"excerpt":{"rendered":"<p>Avec ce gaufrier, vous pouvez faire six corn-dogs rapidement en m\u00eame temps. L&#8217;appareil est tr\u00e8s facile \u00e0 utiliser gr\u00e2ce aux boutons de r\u00e9glage de la temp\u00e9rature et de la minuterie. La plaque de cuisson est en aluminium et poss\u00e8de un rev\u00eatement antiadh\u00e9sif. La plaque de cuisson est munie d&#8217;encoches pour les b\u00e2tonnets et de deux motifs.<\/p>","protected":false},"featured_media":7482,"template":"","meta":{"_acf_changed":false},"product_brand":[],"product_cat":[16],"product_tag":[],"class_list":{"0":"post-14367","1":"product","2":"type-product","3":"status-publish","4":"has-post-thumbnail","6":"product_cat-cuisson","8":"first","9":"instock","10":"sale","11":"taxable","12":"shipping-taxable","13":"purchasable","14":"product-type-simple"},"acf":[],"yoast_head":"<!-- This site is optimized with the Yoast SEO plugin v27.4 - https:\/\/yoast.com\/product\/yoast-seo-wordpress\/ -->\n<title>Gaufrier - 6 b\u00e2tons - corn dogs - 2 motifs - Gastora<\/title>\n<meta name=\"description\" content=\"Achetez Gaufrier - 6 b\u00e2tons - corn dogs - 2 motifs au meilleur prix, fiable et performant avec une livraison rapide\" \/>\n<meta name=\"robots\" content=\"index, follow, max-snippet:-1, max-image-preview:large, max-video-preview:-1\" \/>\n<link rel=\"canonical\" href=\"https:\/\/gastora.eu\/en\/product\/gaufrier-6-btons-corn-dogs-2-motifs\/\" \/>\n<meta property=\"og:locale\" content=\"en_US\" \/>\n<meta property=\"og:type\" content=\"article\" \/>\n<meta property=\"og:title\" content=\"Gaufrier - 6 b\u00e2tons - corn dogs - 2 motifs - Gastora\" \/>\n<meta property=\"og:description\" content=\"Achetez Gaufrier - 6 b\u00e2tons - corn dogs - 2 motifs au meilleur prix, fiable et performant avec une livraison rapide\" \/>\n<meta property=\"og:url\" content=\"https:\/\/gastora.eu\/en\/product\/gaufrier-6-btons-corn-dogs-2-motifs\/\" \/>\n<meta property=\"og:site_name\" content=\"Gastora\" \/>\n<meta property=\"article:modified_time\" content=\"2026-04-26T08:36:58+00:00\" \/>\n<meta name=\"twitter:card\" content=\"summary_large_image\" \/>\n<meta name=\"twitter:label1\" content=\"Est. reading time\" \/>\n\t<meta name=\"twitter:data1\" content=\"2 minutes\" \/>\n<script type=\"application\/ld+json\" class=\"yoast-schema-graph\">{\"@context\":\"https:\\\/\\\/schema.org\",\"@graph\":[{\"@type\":\"WebPage\",\"@id\":\"https:\\\/\\\/gastora.eu\\\/product\\\/gaufrier-6-btons-corn-dogs-2-motifs\\\/\",\"url\":\"https:\\\/\\\/gastora.eu\\\/product\\\/gaufrier-6-btons-corn-dogs-2-motifs\\\/\",\"name\":\"Gaufrier - 6 b\u00e2tons - corn dogs - 2 motifs - Gastora\",\"isPartOf\":{\"@id\":\"https:\\\/\\\/gastora.eu\\\/#website\"},\"primaryImageOfPage\":{\"@id\":\"https:\\\/\\\/gastora.eu\\\/product\\\/gaufrier-6-btons-corn-dogs-2-motifs\\\/#primaryimage\"},\"image\":{\"@id\":\"https:\\\/\\\/gastora.eu\\\/product\\\/gaufrier-6-btons-corn-dogs-2-motifs\\\/#primaryimage\"},\"thumbnailUrl\":\"https:\\\/\\\/gastora.eu\\\/wp-content\\\/uploads\\\/2026\\\/04\\\/sp-005-61656f72ec8b3.jpg\",\"datePublished\":\"2026-04-25T17:48:57+00:00\",\"dateModified\":\"2026-04-26T08:36:58+00:00\",\"description\":\"Achetez Gaufrier - 6 b\u00e2tons - corn dogs - 2 motifs au meilleur prix, fiable et performant avec une livraison rapide\",\"breadcrumb\":{\"@id\":\"https:\\\/\\\/gastora.eu\\\/product\\\/gaufrier-6-btons-corn-dogs-2-motifs\\\/#breadcrumb\"},\"inLanguage\":\"en-US\",\"potentialAction\":[{\"@type\":\"ReadAction\",\"target\":[\"https:\\\/\\\/gastora.eu\\\/product\\\/gaufrier-6-btons-corn-dogs-2-motifs\\\/\"]}]},{\"@type\":\"ImageObject\",\"inLanguage\":\"en-US\",\"@id\":\"https:\\\/\\\/gastora.eu\\\/product\\\/gaufrier-6-btons-corn-dogs-2-motifs\\\/#primaryimage\",\"url\":\"https:\\\/\\\/gastora.eu\\\/wp-content\\\/uploads\\\/2026\\\/04\\\/sp-005-61656f72ec8b3.jpg\",\"contentUrl\":\"https:\\\/\\\/gastora.eu\\\/wp-content\\\/uploads\\\/2026\\\/04\\\/sp-005-61656f72ec8b3.jpg\",\"width\":2048,\"height\":2048},{\"@type\":\"BreadcrumbList\",\"@id\":\"https:\\\/\\\/gastora.eu\\\/product\\\/gaufrier-6-btons-corn-dogs-2-motifs\\\/#breadcrumb\",\"itemListElement\":[{\"@type\":\"ListItem\",\"position\":1,\"name\":\"Home\",\"item\":\"https:\\\/\\\/gastora.eu\\\/\"},{\"@type\":\"ListItem\",\"position\":2,\"name\":\"Shop\",\"item\":\"https:\\\/\\\/gastora.eu\\\/shop\\\/\"},{\"@type\":\"ListItem\",\"position\":3,\"name\":\"Gaufrier &#8211; 6 b\u00e2tons &#8211; corn dogs &#8211; 2 motifs\"}]},{\"@type\":\"WebSite\",\"@id\":\"https:\\\/\\\/gastora.eu\\\/#website\",\"url\":\"https:\\\/\\\/gastora.eu\\\/\",\"name\":\"Gastora\",\"description\":\"\u00c9quipements professionnels CHR\",\"publisher\":{\"@id\":\"https:\\\/\\\/gastora.eu\\\/#organization\"},\"potentialAction\":[{\"@type\":\"SearchAction\",\"target\":{\"@type\":\"EntryPoint\",\"urlTemplate\":\"https:\\\/\\\/gastora.eu\\\/?s={search_term_string}\"},\"query-input\":{\"@type\":\"PropertyValueSpecification\",\"valueRequired\":true,\"valueName\":\"search_term_string\"}}],\"inLanguage\":\"en-US\"},{\"@type\":\"Organization\",\"@id\":\"https:\\\/\\\/gastora.eu\\\/#organization\",\"name\":\"Gastora\",\"url\":\"https:\\\/\\\/gastora.eu\\\/\",\"logo\":{\"@type\":\"ImageObject\",\"inLanguage\":\"en-US\",\"@id\":\"https:\\\/\\\/gastora.eu\\\/#\\\/schema\\\/logo\\\/image\\\/\",\"url\":\"https:\\\/\\\/gastora.eu\\\/wp-content\\\/uploads\\\/2025\\\/12\\\/ChatGPT-Image-2-janv.-2026-22_52_47-1.png\",\"contentUrl\":\"https:\\\/\\\/gastora.eu\\\/wp-content\\\/uploads\\\/2025\\\/12\\\/ChatGPT-Image-2-janv.-2026-22_52_47-1.png\",\"width\":1536,\"height\":320,\"caption\":\"Gastora\"},\"image\":{\"@id\":\"https:\\\/\\\/gastora.eu\\\/#\\\/schema\\\/logo\\\/image\\\/\"}}]}<\/script>\n<!-- \/ Yoast SEO plugin. -->","yoast_head_json":{"title":"Gaufrier - 6 b\u00e2tons - corn dogs - 2 motifs - Gastora","description":"Achetez Gaufrier - 6 b\u00e2tons - corn dogs - 2 motifs au meilleur prix, fiable et performant avec une livraison rapide","robots":{"index":"index","follow":"follow","max-snippet":"max-snippet:-1","max-image-preview":"max-image-preview:large","max-video-preview":"max-video-preview:-1"},"canonical":"https:\/\/gastora.eu\/en\/product\/gaufrier-6-btons-corn-dogs-2-motifs\/","og_locale":"en_US","og_type":"article","og_title":"Gaufrier - 6 b\u00e2tons - corn dogs - 2 motifs - Gastora","og_description":"Achetez Gaufrier - 6 b\u00e2tons - corn dogs - 2 motifs au meilleur prix, fiable et performant avec une livraison rapide","og_url":"https:\/\/gastora.eu\/en\/product\/gaufrier-6-btons-corn-dogs-2-motifs\/","og_site_name":"Gastora","article_modified_time":"2026-04-26T08:36:58+00:00","twitter_card":"summary_large_image","twitter_misc":{"Est. reading time":"2 minutes"},"schema":{"@context":"https:\/\/schema.org","@graph":[{"@type":"WebPage","@id":"https:\/\/gastora.eu\/product\/gaufrier-6-btons-corn-dogs-2-motifs\/","url":"https:\/\/gastora.eu\/product\/gaufrier-6-btons-corn-dogs-2-motifs\/","name":"Gaufrier - 6 b\u00e2tons - corn dogs - 2 motifs - Gastora","isPartOf":{"@id":"https:\/\/gastora.eu\/#website"},"primaryImageOfPage":{"@id":"https:\/\/gastora.eu\/product\/gaufrier-6-btons-corn-dogs-2-motifs\/#primaryimage"},"image":{"@id":"https:\/\/gastora.eu\/product\/gaufrier-6-btons-corn-dogs-2-motifs\/#primaryimage"},"thumbnailUrl":"https:\/\/gastora.eu\/wp-content\/uploads\/2026\/04\/sp-005-61656f72ec8b3.jpg","datePublished":"2026-04-25T17:48:57+00:00","dateModified":"2026-04-26T08:36:58+00:00","description":"Achetez Gaufrier - 6 b\u00e2tons - corn dogs - 2 motifs au meilleur prix, fiable et performant avec une livraison rapide","breadcrumb":{"@id":"https:\/\/gastora.eu\/product\/gaufrier-6-btons-corn-dogs-2-motifs\/#breadcrumb"},"inLanguage":"en-US","potentialAction":[{"@type":"ReadAction","target":["https:\/\/gastora.eu\/product\/gaufrier-6-btons-corn-dogs-2-motifs\/"]}]},{"@type":"ImageObject","inLanguage":"en-US","@id":"https:\/\/gastora.eu\/product\/gaufrier-6-btons-corn-dogs-2-motifs\/#primaryimage","url":"https:\/\/gastora.eu\/wp-content\/uploads\/2026\/04\/sp-005-61656f72ec8b3.jpg","contentUrl":"https:\/\/gastora.eu\/wp-content\/uploads\/2026\/04\/sp-005-61656f72ec8b3.jpg","width":2048,"height":2048},{"@type":"BreadcrumbList","@id":"https:\/\/gastora.eu\/product\/gaufrier-6-btons-corn-dogs-2-motifs\/#breadcrumb","itemListElement":[{"@type":"ListItem","position":1,"name":"Home","item":"https:\/\/gastora.eu\/"},{"@type":"ListItem","position":2,"name":"Shop","item":"https:\/\/gastora.eu\/shop\/"},{"@type":"ListItem","position":3,"name":"Gaufrier &#8211; 6 b\u00e2tons &#8211; corn dogs &#8211; 2 motifs"}]},{"@type":"WebSite","@id":"https:\/\/gastora.eu\/#website","url":"https:\/\/gastora.eu\/","name":"Gastora","description":"\u00c9quipements professionnels CHR","publisher":{"@id":"https:\/\/gastora.eu\/#organization"},"potentialAction":[{"@type":"SearchAction","target":{"@type":"EntryPoint","urlTemplate":"https:\/\/gastora.eu\/?s={search_term_string}"},"query-input":{"@type":"PropertyValueSpecification","valueRequired":true,"valueName":"search_term_string"}}],"inLanguage":"en-US"},{"@type":"Organization","@id":"https:\/\/gastora.eu\/#organization","name":"Gastora","url":"https:\/\/gastora.eu\/","logo":{"@type":"ImageObject","inLanguage":"en-US","@id":"https:\/\/gastora.eu\/#\/schema\/logo\/image\/","url":"https:\/\/gastora.eu\/wp-content\/uploads\/2025\/12\/ChatGPT-Image-2-janv.-2026-22_52_47-1.png","contentUrl":"https:\/\/gastora.eu\/wp-content\/uploads\/2025\/12\/ChatGPT-Image-2-janv.-2026-22_52_47-1.png","width":1536,"height":320,"caption":"Gastora"},"image":{"@id":"https:\/\/gastora.eu\/#\/schema\/logo\/image\/"}}]}},"jetpack_sharing_enabled":true,"_links":{"self":[{"href":"https:\/\/gastora.eu\/en\/wp-json\/wp\/v2\/product\/14367","targetHints":{"allow":["GET"]}}],"collection":[{"href":"https:\/\/gastora.eu\/en\/wp-json\/wp\/v2\/product"}],"about":[{"href":"https:\/\/gastora.eu\/en\/wp-json\/wp\/v2\/types\/product"}],"wp:featuredmedia":[{"embeddable":true,"href":"https:\/\/gastora.eu\/en\/wp-json\/wp\/v2\/media\/7482"}],"wp:attachment":[{"href":"https:\/\/gastora.eu\/en\/wp-json\/wp\/v2\/media?parent=14367"}],"wp:term":[{"taxonomy":"product_brand","embeddable":true,"href":"https:\/\/gastora.eu\/en\/wp-json\/wp\/v2\/product_brand?post=14367"},{"taxonomy":"product_cat","embeddable":true,"href":"https:\/\/gastora.eu\/en\/wp-json\/wp\/v2\/product_cat?post=14367"},{"taxonomy":"product_tag","embeddable":true,"href":"https:\/\/gastora.eu\/en\/wp-json\/wp\/v2\/product_tag?post=14367"}],"curies":[{"name":"wp","href":"https:\/\/api.w.org\/{rel}","templated":true}]}}