{"id":14366,"date":"2026-04-25T17:48:56","date_gmt":"2026-04-25T17:48:56","guid":{"rendered":"https:\/\/gastora.eu\/?post_type=product&#038;p=14366"},"modified":"2026-04-26T08:36:58","modified_gmt":"2026-04-26T08:36:58","slug":"gaufrier-1-gaufre-nid-dabeille-rond","status":"publish","type":"product","link":"https:\/\/gastora.eu\/en\/product\/gaufrier-1-gaufre-nid-dabeille-rond\/","title":{"rendered":"Gaufrier &#8211; 1 gaufre &#8211; nid d&#8217;abeille rond"},"content":{"rendered":"<p>Servez aux clients les gaufres les plus savoureuses dans votre caf\u00e9, votre p\u00e2tisserie ou sur le march\u00e9. Avec ce gaufrier, vous pouvez cr\u00e9er de d\u00e9licieuses gaufres alv\u00e9ol\u00e9es avec un ext\u00e9rieur croustillant et un int\u00e9rieur moelleux. Utilisez la forme alv\u00e9ol\u00e9e \u00e0 l&#8217;ancienne dans ce gaufrier \u00e9lectrique tr\u00e8s moderne. Le gaufrier peut \u00e9galement \u00eatre tourn\u00e9, de sorte que les gaufres sont cuites uniform\u00e9ment en brun dor\u00e9 en haut et en bas. La plaque en aluminium de ce gaufrier est dot\u00e9e d&#8217;un rev\u00eatement antiadh\u00e9sif pour que les gaufres ne collent pas. En outre, ce gaufrier alv\u00e9olaire est dot\u00e9 d&#8217;un puissant \u00e9l\u00e9ment chauffant qui chauffe rapidement le plateau et le maintient facilement au chaud <\/p>\n<h3>Facile \u00e0 utiliser<\/h3>\n<p>Ce gaufrier robuste est facile \u00e0 utiliser. Vous l&#8217;allumez \u00e0 l&#8217;aide du bouton marche\/arr\u00eat. La temp\u00e9rature peut \u00eatre r\u00e9gl\u00e9e \u00e0 l&#8217;aide de la molette entre 50 et 300\u00baC. Ce gaufrier est \u00e9galement \u00e9quip\u00e9 d&#8217;un minuteur tr\u00e8s pratique. Vous pouvez l&#8217;activer et le d\u00e9sactiver d&#8217;une simple pression sur le bouton. Le t\u00e9moin lumineux vous permet de savoir quand le gaufrier a atteint la bonne temp\u00e9rature et que vous pouvez commencer \u00e0 cuisiner. Gr\u00e2ce aux poign\u00e9es en bois, vous pouvez facilement retourner le gaufrier sur son axe.<\/p>\n<h3>Plateau d&#8217;\u00e9gouttage amovible<\/h3>\n<p>Lorsque vous travaillez avec de la p\u00e2te \u00e0 frire, des d\u00e9versements peuvent se produire. Gr\u00e2ce \u00e0 la cuvette d&#8217;\u00e9gouttage amovible, ce n&#8217;est pas un probl\u00e8me car vous pouvez la nettoyer en un rien de temps. Le gaufrier lui-m\u00eame est \u00e9galement facile \u00e0 nettoyer. \u00c9teignez l&#8217;appareil et d\u00e9branchez la fiche de la prise murale. Attendez que les plaques aient refroidi mais soient encore chaudes au toucher. Nettoyez les plateaux avec une \u00e9ponge, une brosse ou un chiffon humide et un peu d&#8217;eau. L&#8217;appareil repose sur quatre pieds en caoutchouc afin qu&#8217;il reste stable pendant l&#8217;utilisation.<\/p>\n<ul>\n<li>Robuste et facile \u00e0 utiliser<\/li>\n<li>Production rapide de gaufrettes alv\u00e9ol\u00e9es<\/li>\n<li>Plaque de cuisson en aluminium avec rev\u00eatement antiadh\u00e9sif<\/li>\n<li>Gaufrier rotatif<\/li>\n<li>Thermostat variable de 50 \u00b0 C \u00e0 300 \u00b0 C<\/li>\n<li>Equip\u00e9 d&#8217;un minuteur 0-10 minutes avec alarme<\/li>\n<li>T\u00e9moin lumineux de temp\u00e9rature<\/li>\n<li>\u00c9quip\u00e9 d&#8217;une l\u00e8chefrite<\/li>\n<li>Poign\u00e9e robuste<\/li>\n<li>Repose sur 4 pieds en caoutchouc<\/li>\n<li>Construction tr\u00e8s durable<\/li>\n<li>Conception hygi\u00e9nique<\/li>\n<\/ul>\n<p>Caract\u00e9ristiques du produit<\/p>\n<ul>\n<li>Poids net : 7,4 kg<\/li>\n<li>Taille de la plaquette : L190 x P170 x H 20 mm<\/li>\n<li>Dimensions du dispositif : L240 x P375 x H305 mm<\/li>\n<li>Puissance \u00e9lectrique totale : 1,5 kW<\/li>\n<li>230V \/ 50Hz \/ 1Phase 1500 Watt<\/li>\n<\/ul>\n<ul>\n<li>Poids net : 7,4 kg\n<\/li>\n<li>Taille des gaufres : B190 x P170 x H20 mm\n<\/li>\n<li>Dimensions de l&#8217;appareil : B24 x D37,5 x H30,5cm\n<\/li>\n<li>Puissance \u00e9lectrique totale : 1,5 kW\n<\/li>\n<li>230V\/50Hz\/1Phase 1500W<br \/>","protected":false},"excerpt":{"rendered":"<p>Avec ce gaufrier rotatif, vous pouvez cuire de d\u00e9licieuses gaufres en forme de nid d&#8217;abeille. Gr\u00e2ce \u00e0 la fonction de rotation, les gaufres sont cuites uniform\u00e9ment jusqu&#8217;\u00e0 ce qu&#8217;elles soient dor\u00e9es des deux c\u00f4t\u00e9s. Le rev\u00eatement antiadh\u00e9sif des plateaux en aluminium fait en sorte que les gaufres ne collent pas.<\/p>","protected":false},"featured_media":7480,"template":"","meta":{"_acf_changed":false},"product_brand":[],"product_cat":[16],"product_tag":[],"class_list":{"0":"post-14366","1":"product","2":"type-product","3":"status-publish","4":"has-post-thumbnail","6":"product_cat-cuisson","8":"first","9":"instock","10":"sale","11":"taxable","12":"shipping-taxable","13":"purchasable","14":"product-type-simple"},"acf":[],"yoast_head":"<!-- This site is optimized with the Yoast SEO plugin v27.4 - https:\/\/yoast.com\/product\/yoast-seo-wordpress\/ -->\n<title>Gaufrier - 1 gaufre - nid d&#039;abeille rond - Gastora<\/title>\n<meta name=\"description\" content=\"Achetez Gaufrier - 1 gaufre - nid d&#039;abeille rond au meilleur prix, fiable et performant avec une livraison rapide\" \/>\n<meta name=\"robots\" content=\"index, follow, max-snippet:-1, max-image-preview:large, max-video-preview:-1\" \/>\n<link rel=\"canonical\" href=\"https:\/\/gastora.eu\/en\/product\/gaufrier-1-gaufre-nid-dabeille-rond\/\" \/>\n<meta property=\"og:locale\" content=\"en_US\" \/>\n<meta property=\"og:type\" content=\"article\" \/>\n<meta property=\"og:title\" content=\"Gaufrier - 1 gaufre - nid d&#039;abeille rond - Gastora\" \/>\n<meta property=\"og:description\" content=\"Achetez Gaufrier - 1 gaufre - nid d&#039;abeille rond au meilleur prix, fiable et performant avec une livraison rapide\" \/>\n<meta property=\"og:url\" content=\"https:\/\/gastora.eu\/en\/product\/gaufrier-1-gaufre-nid-dabeille-rond\/\" \/>\n<meta property=\"og:site_name\" content=\"Gastora\" \/>\n<meta property=\"article:modified_time\" content=\"2026-04-26T08:36:58+00:00\" \/>\n<meta name=\"twitter:card\" content=\"summary_large_image\" \/>\n<meta name=\"twitter:label1\" content=\"Est. reading time\" \/>\n\t<meta name=\"twitter:data1\" content=\"2 minutes\" \/>\n<script type=\"application\/ld+json\" class=\"yoast-schema-graph\">{\"@context\":\"https:\\\/\\\/schema.org\",\"@graph\":[{\"@type\":\"WebPage\",\"@id\":\"https:\\\/\\\/gastora.eu\\\/product\\\/gaufrier-1-gaufre-nid-dabeille-rond\\\/\",\"url\":\"https:\\\/\\\/gastora.eu\\\/product\\\/gaufrier-1-gaufre-nid-dabeille-rond\\\/\",\"name\":\"Gaufrier - 1 gaufre - nid d'abeille rond - Gastora\",\"isPartOf\":{\"@id\":\"https:\\\/\\\/gastora.eu\\\/#website\"},\"primaryImageOfPage\":{\"@id\":\"https:\\\/\\\/gastora.eu\\\/product\\\/gaufrier-1-gaufre-nid-dabeille-rond\\\/#primaryimage\"},\"image\":{\"@id\":\"https:\\\/\\\/gastora.eu\\\/product\\\/gaufrier-1-gaufre-nid-dabeille-rond\\\/#primaryimage\"},\"thumbnailUrl\":\"https:\\\/\\\/gastora.eu\\\/wp-content\\\/uploads\\\/2026\\\/04\\\/sp-005-61656f748e26b.jpg\",\"datePublished\":\"2026-04-25T17:48:56+00:00\",\"dateModified\":\"2026-04-26T08:36:58+00:00\",\"description\":\"Achetez Gaufrier - 1 gaufre - nid d'abeille rond au meilleur prix, fiable et performant avec une livraison rapide\",\"breadcrumb\":{\"@id\":\"https:\\\/\\\/gastora.eu\\\/product\\\/gaufrier-1-gaufre-nid-dabeille-rond\\\/#breadcrumb\"},\"inLanguage\":\"en-US\",\"potentialAction\":[{\"@type\":\"ReadAction\",\"target\":[\"https:\\\/\\\/gastora.eu\\\/product\\\/gaufrier-1-gaufre-nid-dabeille-rond\\\/\"]}]},{\"@type\":\"ImageObject\",\"inLanguage\":\"en-US\",\"@id\":\"https:\\\/\\\/gastora.eu\\\/product\\\/gaufrier-1-gaufre-nid-dabeille-rond\\\/#primaryimage\",\"url\":\"https:\\\/\\\/gastora.eu\\\/wp-content\\\/uploads\\\/2026\\\/04\\\/sp-005-61656f748e26b.jpg\",\"contentUrl\":\"https:\\\/\\\/gastora.eu\\\/wp-content\\\/uploads\\\/2026\\\/04\\\/sp-005-61656f748e26b.jpg\",\"width\":2048,\"height\":2048},{\"@type\":\"BreadcrumbList\",\"@id\":\"https:\\\/\\\/gastora.eu\\\/product\\\/gaufrier-1-gaufre-nid-dabeille-rond\\\/#breadcrumb\",\"itemListElement\":[{\"@type\":\"ListItem\",\"position\":1,\"name\":\"Home\",\"item\":\"https:\\\/\\\/gastora.eu\\\/\"},{\"@type\":\"ListItem\",\"position\":2,\"name\":\"Shop\",\"item\":\"https:\\\/\\\/gastora.eu\\\/shop\\\/\"},{\"@type\":\"ListItem\",\"position\":3,\"name\":\"Gaufrier &#8211; 1 gaufre &#8211; nid d&#8217;abeille rond\"}]},{\"@type\":\"WebSite\",\"@id\":\"https:\\\/\\\/gastora.eu\\\/#website\",\"url\":\"https:\\\/\\\/gastora.eu\\\/\",\"name\":\"Gastora\",\"description\":\"\u00c9quipements professionnels CHR\",\"publisher\":{\"@id\":\"https:\\\/\\\/gastora.eu\\\/#organization\"},\"potentialAction\":[{\"@type\":\"SearchAction\",\"target\":{\"@type\":\"EntryPoint\",\"urlTemplate\":\"https:\\\/\\\/gastora.eu\\\/?s={search_term_string}\"},\"query-input\":{\"@type\":\"PropertyValueSpecification\",\"valueRequired\":true,\"valueName\":\"search_term_string\"}}],\"inLanguage\":\"en-US\"},{\"@type\":\"Organization\",\"@id\":\"https:\\\/\\\/gastora.eu\\\/#organization\",\"name\":\"Gastora\",\"url\":\"https:\\\/\\\/gastora.eu\\\/\",\"logo\":{\"@type\":\"ImageObject\",\"inLanguage\":\"en-US\",\"@id\":\"https:\\\/\\\/gastora.eu\\\/#\\\/schema\\\/logo\\\/image\\\/\",\"url\":\"https:\\\/\\\/gastora.eu\\\/wp-content\\\/uploads\\\/2025\\\/12\\\/ChatGPT-Image-2-janv.-2026-22_52_47-1.png\",\"contentUrl\":\"https:\\\/\\\/gastora.eu\\\/wp-content\\\/uploads\\\/2025\\\/12\\\/ChatGPT-Image-2-janv.-2026-22_52_47-1.png\",\"width\":1536,\"height\":320,\"caption\":\"Gastora\"},\"image\":{\"@id\":\"https:\\\/\\\/gastora.eu\\\/#\\\/schema\\\/logo\\\/image\\\/\"}}]}<\/script>\n<!-- \/ Yoast SEO plugin. -->","yoast_head_json":{"title":"Gaufrier - 1 gaufre - nid d'abeille rond - Gastora","description":"Achetez Gaufrier - 1 gaufre - nid d'abeille rond au meilleur prix, fiable et performant avec une livraison rapide","robots":{"index":"index","follow":"follow","max-snippet":"max-snippet:-1","max-image-preview":"max-image-preview:large","max-video-preview":"max-video-preview:-1"},"canonical":"https:\/\/gastora.eu\/en\/product\/gaufrier-1-gaufre-nid-dabeille-rond\/","og_locale":"en_US","og_type":"article","og_title":"Gaufrier - 1 gaufre - nid d'abeille rond - Gastora","og_description":"Achetez Gaufrier - 1 gaufre - nid d'abeille rond au meilleur prix, fiable et performant avec une livraison rapide","og_url":"https:\/\/gastora.eu\/en\/product\/gaufrier-1-gaufre-nid-dabeille-rond\/","og_site_name":"Gastora","article_modified_time":"2026-04-26T08:36:58+00:00","twitter_card":"summary_large_image","twitter_misc":{"Est. reading time":"2 minutes"},"schema":{"@context":"https:\/\/schema.org","@graph":[{"@type":"WebPage","@id":"https:\/\/gastora.eu\/product\/gaufrier-1-gaufre-nid-dabeille-rond\/","url":"https:\/\/gastora.eu\/product\/gaufrier-1-gaufre-nid-dabeille-rond\/","name":"Gaufrier - 1 gaufre - nid d'abeille rond - Gastora","isPartOf":{"@id":"https:\/\/gastora.eu\/#website"},"primaryImageOfPage":{"@id":"https:\/\/gastora.eu\/product\/gaufrier-1-gaufre-nid-dabeille-rond\/#primaryimage"},"image":{"@id":"https:\/\/gastora.eu\/product\/gaufrier-1-gaufre-nid-dabeille-rond\/#primaryimage"},"thumbnailUrl":"https:\/\/gastora.eu\/wp-content\/uploads\/2026\/04\/sp-005-61656f748e26b.jpg","datePublished":"2026-04-25T17:48:56+00:00","dateModified":"2026-04-26T08:36:58+00:00","description":"Achetez Gaufrier - 1 gaufre - nid d'abeille rond au meilleur prix, fiable et performant avec une livraison rapide","breadcrumb":{"@id":"https:\/\/gastora.eu\/product\/gaufrier-1-gaufre-nid-dabeille-rond\/#breadcrumb"},"inLanguage":"en-US","potentialAction":[{"@type":"ReadAction","target":["https:\/\/gastora.eu\/product\/gaufrier-1-gaufre-nid-dabeille-rond\/"]}]},{"@type":"ImageObject","inLanguage":"en-US","@id":"https:\/\/gastora.eu\/product\/gaufrier-1-gaufre-nid-dabeille-rond\/#primaryimage","url":"https:\/\/gastora.eu\/wp-content\/uploads\/2026\/04\/sp-005-61656f748e26b.jpg","contentUrl":"https:\/\/gastora.eu\/wp-content\/uploads\/2026\/04\/sp-005-61656f748e26b.jpg","width":2048,"height":2048},{"@type":"BreadcrumbList","@id":"https:\/\/gastora.eu\/product\/gaufrier-1-gaufre-nid-dabeille-rond\/#breadcrumb","itemListElement":[{"@type":"ListItem","position":1,"name":"Home","item":"https:\/\/gastora.eu\/"},{"@type":"ListItem","position":2,"name":"Shop","item":"https:\/\/gastora.eu\/shop\/"},{"@type":"ListItem","position":3,"name":"Gaufrier &#8211; 1 gaufre &#8211; nid d&#8217;abeille rond"}]},{"@type":"WebSite","@id":"https:\/\/gastora.eu\/#website","url":"https:\/\/gastora.eu\/","name":"Gastora","description":"\u00c9quipements professionnels CHR","publisher":{"@id":"https:\/\/gastora.eu\/#organization"},"potentialAction":[{"@type":"SearchAction","target":{"@type":"EntryPoint","urlTemplate":"https:\/\/gastora.eu\/?s={search_term_string}"},"query-input":{"@type":"PropertyValueSpecification","valueRequired":true,"valueName":"search_term_string"}}],"inLanguage":"en-US"},{"@type":"Organization","@id":"https:\/\/gastora.eu\/#organization","name":"Gastora","url":"https:\/\/gastora.eu\/","logo":{"@type":"ImageObject","inLanguage":"en-US","@id":"https:\/\/gastora.eu\/#\/schema\/logo\/image\/","url":"https:\/\/gastora.eu\/wp-content\/uploads\/2025\/12\/ChatGPT-Image-2-janv.-2026-22_52_47-1.png","contentUrl":"https:\/\/gastora.eu\/wp-content\/uploads\/2025\/12\/ChatGPT-Image-2-janv.-2026-22_52_47-1.png","width":1536,"height":320,"caption":"Gastora"},"image":{"@id":"https:\/\/gastora.eu\/#\/schema\/logo\/image\/"}}]}},"jetpack_sharing_enabled":true,"_links":{"self":[{"href":"https:\/\/gastora.eu\/en\/wp-json\/wp\/v2\/product\/14366","targetHints":{"allow":["GET"]}}],"collection":[{"href":"https:\/\/gastora.eu\/en\/wp-json\/wp\/v2\/product"}],"about":[{"href":"https:\/\/gastora.eu\/en\/wp-json\/wp\/v2\/types\/product"}],"wp:featuredmedia":[{"embeddable":true,"href":"https:\/\/gastora.eu\/en\/wp-json\/wp\/v2\/media\/7480"}],"wp:attachment":[{"href":"https:\/\/gastora.eu\/en\/wp-json\/wp\/v2\/media?parent=14366"}],"wp:term":[{"taxonomy":"product_brand","embeddable":true,"href":"https:\/\/gastora.eu\/en\/wp-json\/wp\/v2\/product_brand?post=14366"},{"taxonomy":"product_cat","embeddable":true,"href":"https:\/\/gastora.eu\/en\/wp-json\/wp\/v2\/product_cat?post=14366"},{"taxonomy":"product_tag","embeddable":true,"href":"https:\/\/gastora.eu\/en\/wp-json\/wp\/v2\/product_tag?post=14366"}],"curies":[{"name":"wp","href":"https:\/\/api.w.org\/{rel}","templated":true}]}}