{"id":14364,"date":"2026-04-25T17:48:54","date_gmt":"2026-04-25T17:48:54","guid":{"rendered":"https:\/\/gastora.eu\/?post_type=product&#038;p=14364"},"modified":"2026-04-26T08:36:57","modified_gmt":"2026-04-26T08:36:57","slug":"appareil-panini-2-pices-gelato","status":"publish","type":"product","link":"https:\/\/gastora.eu\/en\/product\/appareil-panini-2-pices-gelato\/","title":{"rendered":"Appareil \u00e0 panini &#8211; 2 pi\u00e8ces &#8211; gelato"},"content":{"rendered":"<p>L&#8217;Italie rencontre la France avec de d\u00e9licieux petits pains brioch\u00e9s chauds remplis de glace italienne et de nombreuses garnitures sucr\u00e9es. On pourrait appeler cela un sandwich \u00e0 la cr\u00e8me glac\u00e9e. D\u00e9posez une boule de cr\u00e8me glac\u00e9e sur une moiti\u00e9 de la p\u00e2te et laissez-vous tenter par des garnitures telles que des paillettes, du caramel, du chocolat, des noix, de la noix de coco, etc. Il n&#8217;est pas \u00e9tonnant que cette tendance des desserts soit irr\u00e9pressible : qui pourrait r\u00e9sister \u00e0 un panini au gelato ?<\/p>\n<h3>Une utilisation simple<\/h3>\n<p>Cet appareil est aussi facile \u00e0 utiliser que n&#8217;importe quelle machine \u00e0 panini de Maxima. Chaque plaque de cuisson peut \u00eatre contr\u00f4l\u00e9e s\u00e9par\u00e9ment \u00e0 l&#8217;aide d&#8217;un thermostat r\u00e9glable entre 50 et 300\u00b0C, et elle est \u00e9quip\u00e9e d&#8217;une minuterie. Gr\u00e2ce \u00e0 l&#8217;\u00e9l\u00e9ment chauffant puissant, la plaque de cuisson se r\u00e9chauffe rapidement. C&#8217;est pourquoi cet appareil \u00e0 panini convient \u00e0 tous les types d&#8217;\u00e9tablissements de restauration, des caf\u00e9s aux p\u00e2tisseries, en passant par les glaciers. Gr\u00e2ce \u00e0 sa conception hygi\u00e9nique, le nettoyage est \u00e9galement un jeu d&#8217;enfant. L&#8217;ext\u00e9rieur est en acier inoxydable, ce qui permet de l&#8217;essuyer facilement avec un chiffon. La plaque de cuisson est en aluminium et dot\u00e9e d&#8217;un rev\u00eatement antiadh\u00e9sif. Elle se nettoie facilement \u00e0 l&#8217;aide d&#8217;une brosse, d&#8217;une \u00e9ponge ou d&#8217;un chiffon humide.<\/p>\n<h3>Conception double<\/h3>\n<p>Cette machine \u00e0 panini est &#8220;doubl\u00e9e&#8221;, ce qui vous permet de pr\u00e9parer deux paninis \u00e0 la cr\u00e8me glac\u00e9e en m\u00eame temps. Et ce n&#8217;est pas un luxe superflu, car avec ce dessert au menu, ils s&#8217;envolent presque comme des petits pains. Et c&#8217;est tant mieux, car comme vous pouvez l&#8217;attendre de la qualit\u00e9 de Maxima Kitchen Equipment, cet appareil robuste est con\u00e7u pour une utilisation quotidienne intensive.<\/p>\n<p>Caract\u00e9ristiques<\/p>\n<ul>\n<li>Plaques de cuisson utilisables individuellement<\/li>\n<li>\u00c9quip\u00e9 d&#8217;une minuterie et d&#8217;une alarme<\/li>\n<li>Thermostat facile \u00e0 r\u00e9gler<\/li>\n<li>Plaque de cuisson en aluminium avec rev\u00eatement antiadh\u00e9sif<\/li>\n<li>Les plaques de cuisson ne sont pas amovibles<\/li>\n<\/ul>\n<p>Caract\u00e9ristiques du produit<\/p>\n<ul>\n<li>Robuste et facile \u00e0 utiliser<\/li>\n<li>Production rapide de 2 paninis \u00e0 la cr\u00e8me glac\u00e9e<\/li>\n<li>Plaque de cuisson en aluminium avec rev\u00eatement antiadh\u00e9sif en T\u00e9flon<\/li>\n<li>Thermostat variable de 50\u00b0C \u00e0 300\u00b0C<\/li>\n<li>Equip\u00e9 d&#8217;une minuterie<\/li>\n<li>T\u00e9moin lumineux de temp\u00e9rature<\/li>\n<li>Poign\u00e9e robuste<\/li>\n<li>Repose sur 4 pieds en caoutchouc<\/li>\n<li>Construction tr\u00e8s durable<\/li>\n<li>Conception hygi\u00e9nique<\/li>\n<li>Poids net : 11 kg<\/li>\n<li>Dimensions du panini : \u2205 10 x H5cm<\/li>\n<li>Dimensions de l&#8217;appareil : L40 x P35 x H18cm<\/li>\n<li>Puissance \u00e9lectrique totale : 1,2 kW<\/li>\n<li>230V\/50Hz\/1Phase 1200W<\/li>\n<\/ul>","protected":false},"excerpt":{"rendered":"<p>L&#8217;un des desserts les plus d\u00e9licieux est d\u00e9sormais facile \u00e0 r\u00e9aliser soi-m\u00eame : l&#8217;irr\u00e9sistible panini au gelato ou \u00e0 la cr\u00e8me glac\u00e9e. Avec cette double machine \u00e0 panini, vous pouvez enfermer une boule de glace dans une tranche de pain ou un pain brioch\u00e9 pour obtenir un d\u00e9licieux sandwich \u00e0 la cr\u00e8me glac\u00e9e. Indispensable \u00e0 toute carte des desserts !<\/p>","protected":false},"featured_media":7476,"template":"","meta":{"_acf_changed":false},"product_brand":[],"product_cat":[470],"product_tag":[],"class_list":{"0":"post-14364","1":"product","2":"type-product","3":"status-publish","4":"has-post-thumbnail","6":"product_cat-grills-planchas-2","8":"first","9":"instock","10":"sale","11":"taxable","12":"shipping-taxable","13":"purchasable","14":"product-type-simple"},"acf":[],"yoast_head":"<!-- This site is optimized with the Yoast SEO plugin v27.4 - https:\/\/yoast.com\/product\/yoast-seo-wordpress\/ -->\n<title>Appareil \u00e0 panini - 2 pi\u00e8ces - gelato - Gastora<\/title>\n<meta name=\"description\" content=\"Achetez Appareil \u00e0 panini - 2 pi\u00e8ces - gelato au meilleur prix, fiable et performant avec une livraison rapide\" \/>\n<meta name=\"robots\" content=\"index, follow, max-snippet:-1, max-image-preview:large, max-video-preview:-1\" \/>\n<link rel=\"canonical\" href=\"https:\/\/gastora.eu\/en\/product\/appareil-panini-2-pices-gelato\/\" \/>\n<meta property=\"og:locale\" content=\"en_US\" \/>\n<meta property=\"og:type\" content=\"article\" \/>\n<meta property=\"og:title\" content=\"Appareil \u00e0 panini - 2 pi\u00e8ces - gelato - Gastora\" \/>\n<meta property=\"og:description\" content=\"Achetez Appareil \u00e0 panini - 2 pi\u00e8ces - gelato au meilleur prix, fiable et performant avec une livraison rapide\" \/>\n<meta property=\"og:url\" content=\"https:\/\/gastora.eu\/en\/product\/appareil-panini-2-pices-gelato\/\" \/>\n<meta property=\"og:site_name\" content=\"Gastora\" \/>\n<meta property=\"article:modified_time\" content=\"2026-04-26T08:36:57+00:00\" \/>\n<meta name=\"twitter:card\" content=\"summary_large_image\" \/>\n<meta name=\"twitter:label1\" content=\"Est. reading time\" \/>\n\t<meta name=\"twitter:data1\" content=\"2 minutes\" \/>\n<script type=\"application\/ld+json\" class=\"yoast-schema-graph\">{\"@context\":\"https:\\\/\\\/schema.org\",\"@graph\":[{\"@type\":\"WebPage\",\"@id\":\"https:\\\/\\\/gastora.eu\\\/product\\\/appareil-panini-2-pices-gelato\\\/\",\"url\":\"https:\\\/\\\/gastora.eu\\\/product\\\/appareil-panini-2-pices-gelato\\\/\",\"name\":\"Appareil \u00e0 panini - 2 pi\u00e8ces - gelato - Gastora\",\"isPartOf\":{\"@id\":\"https:\\\/\\\/gastora.eu\\\/#website\"},\"primaryImageOfPage\":{\"@id\":\"https:\\\/\\\/gastora.eu\\\/product\\\/appareil-panini-2-pices-gelato\\\/#primaryimage\"},\"image\":{\"@id\":\"https:\\\/\\\/gastora.eu\\\/product\\\/appareil-panini-2-pices-gelato\\\/#primaryimage\"},\"thumbnailUrl\":\"https:\\\/\\\/gastora.eu\\\/wp-content\\\/uploads\\\/2026\\\/04\\\/sp-005-61656f7505842.jpg\",\"datePublished\":\"2026-04-25T17:48:54+00:00\",\"dateModified\":\"2026-04-26T08:36:57+00:00\",\"description\":\"Achetez Appareil \u00e0 panini - 2 pi\u00e8ces - gelato au meilleur prix, fiable et performant avec une livraison rapide\",\"breadcrumb\":{\"@id\":\"https:\\\/\\\/gastora.eu\\\/product\\\/appareil-panini-2-pices-gelato\\\/#breadcrumb\"},\"inLanguage\":\"en-US\",\"potentialAction\":[{\"@type\":\"ReadAction\",\"target\":[\"https:\\\/\\\/gastora.eu\\\/product\\\/appareil-panini-2-pices-gelato\\\/\"]}]},{\"@type\":\"ImageObject\",\"inLanguage\":\"en-US\",\"@id\":\"https:\\\/\\\/gastora.eu\\\/product\\\/appareil-panini-2-pices-gelato\\\/#primaryimage\",\"url\":\"https:\\\/\\\/gastora.eu\\\/wp-content\\\/uploads\\\/2026\\\/04\\\/sp-005-61656f7505842.jpg\",\"contentUrl\":\"https:\\\/\\\/gastora.eu\\\/wp-content\\\/uploads\\\/2026\\\/04\\\/sp-005-61656f7505842.jpg\",\"width\":2048,\"height\":2048},{\"@type\":\"BreadcrumbList\",\"@id\":\"https:\\\/\\\/gastora.eu\\\/product\\\/appareil-panini-2-pices-gelato\\\/#breadcrumb\",\"itemListElement\":[{\"@type\":\"ListItem\",\"position\":1,\"name\":\"Home\",\"item\":\"https:\\\/\\\/gastora.eu\\\/\"},{\"@type\":\"ListItem\",\"position\":2,\"name\":\"Shop\",\"item\":\"https:\\\/\\\/gastora.eu\\\/shop\\\/\"},{\"@type\":\"ListItem\",\"position\":3,\"name\":\"Appareil \u00e0 panini &#8211; 2 pi\u00e8ces &#8211; gelato\"}]},{\"@type\":\"WebSite\",\"@id\":\"https:\\\/\\\/gastora.eu\\\/#website\",\"url\":\"https:\\\/\\\/gastora.eu\\\/\",\"name\":\"Gastora\",\"description\":\"\u00c9quipements professionnels CHR\",\"publisher\":{\"@id\":\"https:\\\/\\\/gastora.eu\\\/#organization\"},\"potentialAction\":[{\"@type\":\"SearchAction\",\"target\":{\"@type\":\"EntryPoint\",\"urlTemplate\":\"https:\\\/\\\/gastora.eu\\\/?s={search_term_string}\"},\"query-input\":{\"@type\":\"PropertyValueSpecification\",\"valueRequired\":true,\"valueName\":\"search_term_string\"}}],\"inLanguage\":\"en-US\"},{\"@type\":\"Organization\",\"@id\":\"https:\\\/\\\/gastora.eu\\\/#organization\",\"name\":\"Gastora\",\"url\":\"https:\\\/\\\/gastora.eu\\\/\",\"logo\":{\"@type\":\"ImageObject\",\"inLanguage\":\"en-US\",\"@id\":\"https:\\\/\\\/gastora.eu\\\/#\\\/schema\\\/logo\\\/image\\\/\",\"url\":\"https:\\\/\\\/gastora.eu\\\/wp-content\\\/uploads\\\/2025\\\/12\\\/ChatGPT-Image-2-janv.-2026-22_52_47-1.png\",\"contentUrl\":\"https:\\\/\\\/gastora.eu\\\/wp-content\\\/uploads\\\/2025\\\/12\\\/ChatGPT-Image-2-janv.-2026-22_52_47-1.png\",\"width\":1536,\"height\":320,\"caption\":\"Gastora\"},\"image\":{\"@id\":\"https:\\\/\\\/gastora.eu\\\/#\\\/schema\\\/logo\\\/image\\\/\"}}]}<\/script>\n<!-- \/ Yoast SEO plugin. -->","yoast_head_json":{"title":"Appareil \u00e0 panini - 2 pi\u00e8ces - gelato - Gastora","description":"Achetez Appareil \u00e0 panini - 2 pi\u00e8ces - gelato au meilleur prix, fiable et performant avec une livraison rapide","robots":{"index":"index","follow":"follow","max-snippet":"max-snippet:-1","max-image-preview":"max-image-preview:large","max-video-preview":"max-video-preview:-1"},"canonical":"https:\/\/gastora.eu\/en\/product\/appareil-panini-2-pices-gelato\/","og_locale":"en_US","og_type":"article","og_title":"Appareil \u00e0 panini - 2 pi\u00e8ces - gelato - Gastora","og_description":"Achetez Appareil \u00e0 panini - 2 pi\u00e8ces - gelato au meilleur prix, fiable et performant avec une livraison rapide","og_url":"https:\/\/gastora.eu\/en\/product\/appareil-panini-2-pices-gelato\/","og_site_name":"Gastora","article_modified_time":"2026-04-26T08:36:57+00:00","twitter_card":"summary_large_image","twitter_misc":{"Est. reading time":"2 minutes"},"schema":{"@context":"https:\/\/schema.org","@graph":[{"@type":"WebPage","@id":"https:\/\/gastora.eu\/product\/appareil-panini-2-pices-gelato\/","url":"https:\/\/gastora.eu\/product\/appareil-panini-2-pices-gelato\/","name":"Appareil \u00e0 panini - 2 pi\u00e8ces - gelato - Gastora","isPartOf":{"@id":"https:\/\/gastora.eu\/#website"},"primaryImageOfPage":{"@id":"https:\/\/gastora.eu\/product\/appareil-panini-2-pices-gelato\/#primaryimage"},"image":{"@id":"https:\/\/gastora.eu\/product\/appareil-panini-2-pices-gelato\/#primaryimage"},"thumbnailUrl":"https:\/\/gastora.eu\/wp-content\/uploads\/2026\/04\/sp-005-61656f7505842.jpg","datePublished":"2026-04-25T17:48:54+00:00","dateModified":"2026-04-26T08:36:57+00:00","description":"Achetez Appareil \u00e0 panini - 2 pi\u00e8ces - gelato au meilleur prix, fiable et performant avec une livraison rapide","breadcrumb":{"@id":"https:\/\/gastora.eu\/product\/appareil-panini-2-pices-gelato\/#breadcrumb"},"inLanguage":"en-US","potentialAction":[{"@type":"ReadAction","target":["https:\/\/gastora.eu\/product\/appareil-panini-2-pices-gelato\/"]}]},{"@type":"ImageObject","inLanguage":"en-US","@id":"https:\/\/gastora.eu\/product\/appareil-panini-2-pices-gelato\/#primaryimage","url":"https:\/\/gastora.eu\/wp-content\/uploads\/2026\/04\/sp-005-61656f7505842.jpg","contentUrl":"https:\/\/gastora.eu\/wp-content\/uploads\/2026\/04\/sp-005-61656f7505842.jpg","width":2048,"height":2048},{"@type":"BreadcrumbList","@id":"https:\/\/gastora.eu\/product\/appareil-panini-2-pices-gelato\/#breadcrumb","itemListElement":[{"@type":"ListItem","position":1,"name":"Home","item":"https:\/\/gastora.eu\/"},{"@type":"ListItem","position":2,"name":"Shop","item":"https:\/\/gastora.eu\/shop\/"},{"@type":"ListItem","position":3,"name":"Appareil \u00e0 panini &#8211; 2 pi\u00e8ces &#8211; gelato"}]},{"@type":"WebSite","@id":"https:\/\/gastora.eu\/#website","url":"https:\/\/gastora.eu\/","name":"Gastora","description":"\u00c9quipements professionnels CHR","publisher":{"@id":"https:\/\/gastora.eu\/#organization"},"potentialAction":[{"@type":"SearchAction","target":{"@type":"EntryPoint","urlTemplate":"https:\/\/gastora.eu\/?s={search_term_string}"},"query-input":{"@type":"PropertyValueSpecification","valueRequired":true,"valueName":"search_term_string"}}],"inLanguage":"en-US"},{"@type":"Organization","@id":"https:\/\/gastora.eu\/#organization","name":"Gastora","url":"https:\/\/gastora.eu\/","logo":{"@type":"ImageObject","inLanguage":"en-US","@id":"https:\/\/gastora.eu\/#\/schema\/logo\/image\/","url":"https:\/\/gastora.eu\/wp-content\/uploads\/2025\/12\/ChatGPT-Image-2-janv.-2026-22_52_47-1.png","contentUrl":"https:\/\/gastora.eu\/wp-content\/uploads\/2025\/12\/ChatGPT-Image-2-janv.-2026-22_52_47-1.png","width":1536,"height":320,"caption":"Gastora"},"image":{"@id":"https:\/\/gastora.eu\/#\/schema\/logo\/image\/"}}]}},"jetpack_sharing_enabled":true,"_links":{"self":[{"href":"https:\/\/gastora.eu\/en\/wp-json\/wp\/v2\/product\/14364","targetHints":{"allow":["GET"]}}],"collection":[{"href":"https:\/\/gastora.eu\/en\/wp-json\/wp\/v2\/product"}],"about":[{"href":"https:\/\/gastora.eu\/en\/wp-json\/wp\/v2\/types\/product"}],"wp:featuredmedia":[{"embeddable":true,"href":"https:\/\/gastora.eu\/en\/wp-json\/wp\/v2\/media\/7476"}],"wp:attachment":[{"href":"https:\/\/gastora.eu\/en\/wp-json\/wp\/v2\/media?parent=14364"}],"wp:term":[{"taxonomy":"product_brand","embeddable":true,"href":"https:\/\/gastora.eu\/en\/wp-json\/wp\/v2\/product_brand?post=14364"},{"taxonomy":"product_cat","embeddable":true,"href":"https:\/\/gastora.eu\/en\/wp-json\/wp\/v2\/product_cat?post=14364"},{"taxonomy":"product_tag","embeddable":true,"href":"https:\/\/gastora.eu\/en\/wp-json\/wp\/v2\/product_tag?post=14364"}],"curies":[{"name":"wp","href":"https:\/\/api.w.org\/{rel}","templated":true}]}}