{"id":14362,"date":"2026-04-25T17:48:52","date_gmt":"2026-04-25T17:48:52","guid":{"rendered":"https:\/\/gastora.eu\/?post_type=product&#038;p=14362"},"modified":"2026-04-28T16:56:23","modified_gmt":"2026-04-28T16:56:23","slug":"gaufrier-10-pices-churros","status":"publish","type":"product","link":"https:\/\/gastora.eu\/en\/product\/gaufrier-10-pices-churros\/","title":{"rendered":"Gaufrier &#8211; 10 pi\u00e8ces &#8211; churros"},"content":{"rendered":"<p>Une promenade au march\u00e9 ou \u00e0 la foire devrait toujours s&#8217;accompagner d&#8217;un sachet de churros des plus savoureux. D\u00e9sormais, vous pouvez pr\u00e9parer des churros rapidement et facilement gr\u00e2ce \u00e0 ce gaufrier professionnel. En un rien de temps, vous obtiendrez 10 churros d\u00e9licieusement cuits, pr\u00eats \u00e0 \u00eatre servis aux clients. De plus, la p\u00e2te et les churros cuits ne collent pas aux plaques de cuisson, car celles-ci sont en aluminium et dot\u00e9es d&#8217;un rev\u00eatement antiadh\u00e9sif.<\/p>\n<h3>Taille compacte<\/h3>\n<p>L&#8217;avantage de ce gaufrier est sa taille compacte. Vous pouvez facilement le poser sur une table ou un plan de travail car il ne prend que tr\u00e8s peu de place. L&#8217;utilisation est \u00e9galement simple : branchez l&#8217;appareil, appuyez sur le bouton d&#8217;alimentation et r\u00e9glez la temp\u00e9rature \u00e0 l&#8217;aide du thermostat. Vous pouvez choisir une temp\u00e9rature comprise entre 50 et 300\u00b0C. Cet appareil est \u00e9galement \u00e9quip\u00e9 d&#8217;une minuterie, ce qui vous \u00e9vite d&#8217;attendre la fin de la cuisson des churros.<\/p>\n<h3>Facile \u00e0 nettoyer<\/h3>\n<p>Ce gaufrier a \u00e9t\u00e9 con\u00e7u par des professionnels et dispose d&#8217;un bac de r\u00e9cup\u00e9ration en acier inoxydable facile \u00e0 retirer. Vous pouvez ainsi nettoyer rapidement et facilement toute p\u00e2te renvers\u00e9e. Pour nettoyer les plaques de cuisson, utilisez une \u00e9ponge, une brosse ou un chiffon humide avec un peu de d\u00e9tergent. Avant de commencer le nettoyage, il est important d&#8217;\u00e9teindre l&#8217;appareil et de le d\u00e9brancher. Vous pouvez nettoyer les plateaux d\u00e8s qu&#8217;ils sont chauds et qu&#8217;ils ne sont plus br\u00fblants au toucher. Le gaufrier est \u00e9quip\u00e9 de quatre pieds en acier inoxydable pour une stabilit\u00e9 optimale.<\/p>\n<p><strong>Caract\u00e9ristiques<\/strong><\/p>\n<ul>\n<li>Robuste et facile \u00e0 utiliser<\/li>\n<li>Plaque de cuisson en aluminium avec rev\u00eatement antiadh\u00e9sif<\/li>\n<li>Thermostat variable de 50 \u00e0 300\u00b0C<\/li>\n<li>\u00c9quip\u00e9 d&#8217;un minuteur et d&#8217;un t\u00e9moin lumineux de temp\u00e9rature<\/li>\n<li>Construction tr\u00e8s durable<\/li>\n<\/ul>\n<p><strong>Caract\u00e9ristiques du produit<\/strong><\/p>\n<ul>\n<li>Poids net : 11 kg<\/li>\n<li>Dimensions des churros : L215 x P20 x 16mm<\/li>\n<li>Dimensions de l&#8217;appareil : L30 x P38 x H26cm<\/li>\n<li>230V \/ 50Hz \/ 1 Phase 1900W<\/li>\n<\/ul>","protected":false},"excerpt":{"rendered":"<p>Cette machine \u00e0 churros robuste vous permet de cuire rapidement et facilement jusqu&#8217;\u00e0 10 churros simultan\u00e9ment. Les plaques de cuisson sont en aluminium et dot\u00e9es d&#8217;un rev\u00eatement antiadh\u00e9sif. Le gaufrier est en acier inoxydable, dispose d&#8217;un bac de r\u00e9cup\u00e9ration et d&#8217;un panneau de commande \u00e0 boutons facile \u00e0 r\u00e9gler.<\/p>","protected":false},"featured_media":7472,"template":"","meta":{"_acf_changed":false},"product_brand":[],"product_cat":[16],"product_tag":[],"class_list":{"0":"post-14362","1":"product","2":"type-product","3":"status-publish","4":"has-post-thumbnail","6":"product_cat-cuisson","8":"first","9":"instock","10":"sale","11":"taxable","12":"shipping-taxable","13":"purchasable","14":"product-type-simple"},"acf":[],"yoast_head":"<!-- This site is optimized with the Yoast SEO plugin v27.5 - https:\/\/yoast.com\/product\/yoast-seo-wordpress\/ -->\n<title>Gaufrier - 10 pi\u00e8ces - churros - Gastora<\/title>\n<meta name=\"description\" content=\"Achetez Gaufrier - 10 pi\u00e8ces - churros au meilleur prix, fiable et performant avec une livraison rapide\" \/>\n<meta name=\"robots\" content=\"index, follow, max-snippet:-1, max-image-preview:large, max-video-preview:-1\" \/>\n<link rel=\"canonical\" href=\"https:\/\/gastora.eu\/en\/product\/gaufrier-10-pices-churros\/\" \/>\n<meta property=\"og:locale\" content=\"en_US\" \/>\n<meta property=\"og:type\" content=\"article\" \/>\n<meta property=\"og:title\" content=\"Gaufrier - 10 pi\u00e8ces - churros - Gastora\" \/>\n<meta property=\"og:description\" content=\"Achetez Gaufrier - 10 pi\u00e8ces - churros au meilleur prix, fiable et performant avec une livraison rapide\" \/>\n<meta property=\"og:url\" content=\"https:\/\/gastora.eu\/en\/product\/gaufrier-10-pices-churros\/\" \/>\n<meta property=\"og:site_name\" content=\"Gastora\" \/>\n<meta property=\"article:modified_time\" content=\"2026-04-28T16:56:23+00:00\" \/>\n<meta name=\"twitter:card\" content=\"summary_large_image\" \/>\n<meta name=\"twitter:label1\" content=\"Est. reading time\" \/>\n\t<meta name=\"twitter:data1\" content=\"2 minutes\" \/>\n<script type=\"application\/ld+json\" class=\"yoast-schema-graph\">{\"@context\":\"https:\\\/\\\/schema.org\",\"@graph\":[{\"@type\":\"WebPage\",\"@id\":\"https:\\\/\\\/gastora.eu\\\/product\\\/gaufrier-10-pices-churros\\\/\",\"url\":\"https:\\\/\\\/gastora.eu\\\/product\\\/gaufrier-10-pices-churros\\\/\",\"name\":\"Gaufrier - 10 pi\u00e8ces - churros - Gastora\",\"isPartOf\":{\"@id\":\"https:\\\/\\\/gastora.eu\\\/#website\"},\"primaryImageOfPage\":{\"@id\":\"https:\\\/\\\/gastora.eu\\\/product\\\/gaufrier-10-pices-churros\\\/#primaryimage\"},\"image\":{\"@id\":\"https:\\\/\\\/gastora.eu\\\/product\\\/gaufrier-10-pices-churros\\\/#primaryimage\"},\"thumbnailUrl\":\"https:\\\/\\\/gastora.eu\\\/wp-content\\\/uploads\\\/2026\\\/04\\\/sp-005-61656f72c5781.jpg\",\"datePublished\":\"2026-04-25T17:48:52+00:00\",\"dateModified\":\"2026-04-28T16:56:23+00:00\",\"description\":\"Achetez Gaufrier - 10 pi\u00e8ces - churros au meilleur prix, fiable et performant avec une livraison rapide\",\"breadcrumb\":{\"@id\":\"https:\\\/\\\/gastora.eu\\\/product\\\/gaufrier-10-pices-churros\\\/#breadcrumb\"},\"inLanguage\":\"en-US\",\"potentialAction\":[{\"@type\":\"ReadAction\",\"target\":[\"https:\\\/\\\/gastora.eu\\\/product\\\/gaufrier-10-pices-churros\\\/\"]}]},{\"@type\":\"ImageObject\",\"inLanguage\":\"en-US\",\"@id\":\"https:\\\/\\\/gastora.eu\\\/product\\\/gaufrier-10-pices-churros\\\/#primaryimage\",\"url\":\"https:\\\/\\\/gastora.eu\\\/wp-content\\\/uploads\\\/2026\\\/04\\\/sp-005-61656f72c5781.jpg\",\"contentUrl\":\"https:\\\/\\\/gastora.eu\\\/wp-content\\\/uploads\\\/2026\\\/04\\\/sp-005-61656f72c5781.jpg\",\"width\":2048,\"height\":2048},{\"@type\":\"BreadcrumbList\",\"@id\":\"https:\\\/\\\/gastora.eu\\\/product\\\/gaufrier-10-pices-churros\\\/#breadcrumb\",\"itemListElement\":[{\"@type\":\"ListItem\",\"position\":1,\"name\":\"Home\",\"item\":\"https:\\\/\\\/gastora.eu\\\/\"},{\"@type\":\"ListItem\",\"position\":2,\"name\":\"Shop\",\"item\":\"https:\\\/\\\/gastora.eu\\\/shop\\\/\"},{\"@type\":\"ListItem\",\"position\":3,\"name\":\"Gaufrier &#8211; 10 pi\u00e8ces &#8211; churros\"}]},{\"@type\":\"WebSite\",\"@id\":\"https:\\\/\\\/gastora.eu\\\/#website\",\"url\":\"https:\\\/\\\/gastora.eu\\\/\",\"name\":\"Gastora\",\"description\":\"\u00c9quipements professionnels CHR\",\"publisher\":{\"@id\":\"https:\\\/\\\/gastora.eu\\\/#organization\"},\"potentialAction\":[{\"@type\":\"SearchAction\",\"target\":{\"@type\":\"EntryPoint\",\"urlTemplate\":\"https:\\\/\\\/gastora.eu\\\/?s={search_term_string}\"},\"query-input\":{\"@type\":\"PropertyValueSpecification\",\"valueRequired\":true,\"valueName\":\"search_term_string\"}}],\"inLanguage\":\"en-US\"},{\"@type\":\"Organization\",\"@id\":\"https:\\\/\\\/gastora.eu\\\/#organization\",\"name\":\"Gastora\",\"url\":\"https:\\\/\\\/gastora.eu\\\/\",\"logo\":{\"@type\":\"ImageObject\",\"inLanguage\":\"en-US\",\"@id\":\"https:\\\/\\\/gastora.eu\\\/#\\\/schema\\\/logo\\\/image\\\/\",\"url\":\"https:\\\/\\\/gastora.eu\\\/wp-content\\\/uploads\\\/2025\\\/12\\\/ChatGPT-Image-2-janv.-2026-22_52_47-1.png\",\"contentUrl\":\"https:\\\/\\\/gastora.eu\\\/wp-content\\\/uploads\\\/2025\\\/12\\\/ChatGPT-Image-2-janv.-2026-22_52_47-1.png\",\"width\":1536,\"height\":320,\"caption\":\"Gastora\"},\"image\":{\"@id\":\"https:\\\/\\\/gastora.eu\\\/#\\\/schema\\\/logo\\\/image\\\/\"}}]}<\/script>\n<!-- \/ Yoast SEO plugin. -->","yoast_head_json":{"title":"Gaufrier - 10 pi\u00e8ces - churros - Gastora","description":"Achetez Gaufrier - 10 pi\u00e8ces - churros au meilleur prix, fiable et performant avec une livraison rapide","robots":{"index":"index","follow":"follow","max-snippet":"max-snippet:-1","max-image-preview":"max-image-preview:large","max-video-preview":"max-video-preview:-1"},"canonical":"https:\/\/gastora.eu\/en\/product\/gaufrier-10-pices-churros\/","og_locale":"en_US","og_type":"article","og_title":"Gaufrier - 10 pi\u00e8ces - churros - Gastora","og_description":"Achetez Gaufrier - 10 pi\u00e8ces - churros au meilleur prix, fiable et performant avec une livraison rapide","og_url":"https:\/\/gastora.eu\/en\/product\/gaufrier-10-pices-churros\/","og_site_name":"Gastora","article_modified_time":"2026-04-28T16:56:23+00:00","twitter_card":"summary_large_image","twitter_misc":{"Est. reading time":"2 minutes"},"schema":{"@context":"https:\/\/schema.org","@graph":[{"@type":"WebPage","@id":"https:\/\/gastora.eu\/product\/gaufrier-10-pices-churros\/","url":"https:\/\/gastora.eu\/product\/gaufrier-10-pices-churros\/","name":"Gaufrier - 10 pi\u00e8ces - churros - Gastora","isPartOf":{"@id":"https:\/\/gastora.eu\/#website"},"primaryImageOfPage":{"@id":"https:\/\/gastora.eu\/product\/gaufrier-10-pices-churros\/#primaryimage"},"image":{"@id":"https:\/\/gastora.eu\/product\/gaufrier-10-pices-churros\/#primaryimage"},"thumbnailUrl":"https:\/\/gastora.eu\/wp-content\/uploads\/2026\/04\/sp-005-61656f72c5781.jpg","datePublished":"2026-04-25T17:48:52+00:00","dateModified":"2026-04-28T16:56:23+00:00","description":"Achetez Gaufrier - 10 pi\u00e8ces - churros au meilleur prix, fiable et performant avec une livraison rapide","breadcrumb":{"@id":"https:\/\/gastora.eu\/product\/gaufrier-10-pices-churros\/#breadcrumb"},"inLanguage":"en-US","potentialAction":[{"@type":"ReadAction","target":["https:\/\/gastora.eu\/product\/gaufrier-10-pices-churros\/"]}]},{"@type":"ImageObject","inLanguage":"en-US","@id":"https:\/\/gastora.eu\/product\/gaufrier-10-pices-churros\/#primaryimage","url":"https:\/\/gastora.eu\/wp-content\/uploads\/2026\/04\/sp-005-61656f72c5781.jpg","contentUrl":"https:\/\/gastora.eu\/wp-content\/uploads\/2026\/04\/sp-005-61656f72c5781.jpg","width":2048,"height":2048},{"@type":"BreadcrumbList","@id":"https:\/\/gastora.eu\/product\/gaufrier-10-pices-churros\/#breadcrumb","itemListElement":[{"@type":"ListItem","position":1,"name":"Home","item":"https:\/\/gastora.eu\/"},{"@type":"ListItem","position":2,"name":"Shop","item":"https:\/\/gastora.eu\/shop\/"},{"@type":"ListItem","position":3,"name":"Gaufrier &#8211; 10 pi\u00e8ces &#8211; churros"}]},{"@type":"WebSite","@id":"https:\/\/gastora.eu\/#website","url":"https:\/\/gastora.eu\/","name":"Gastora","description":"\u00c9quipements professionnels CHR","publisher":{"@id":"https:\/\/gastora.eu\/#organization"},"potentialAction":[{"@type":"SearchAction","target":{"@type":"EntryPoint","urlTemplate":"https:\/\/gastora.eu\/?s={search_term_string}"},"query-input":{"@type":"PropertyValueSpecification","valueRequired":true,"valueName":"search_term_string"}}],"inLanguage":"en-US"},{"@type":"Organization","@id":"https:\/\/gastora.eu\/#organization","name":"Gastora","url":"https:\/\/gastora.eu\/","logo":{"@type":"ImageObject","inLanguage":"en-US","@id":"https:\/\/gastora.eu\/#\/schema\/logo\/image\/","url":"https:\/\/gastora.eu\/wp-content\/uploads\/2025\/12\/ChatGPT-Image-2-janv.-2026-22_52_47-1.png","contentUrl":"https:\/\/gastora.eu\/wp-content\/uploads\/2025\/12\/ChatGPT-Image-2-janv.-2026-22_52_47-1.png","width":1536,"height":320,"caption":"Gastora"},"image":{"@id":"https:\/\/gastora.eu\/#\/schema\/logo\/image\/"}}]}},"jetpack_sharing_enabled":true,"_links":{"self":[{"href":"https:\/\/gastora.eu\/en\/wp-json\/wp\/v2\/product\/14362","targetHints":{"allow":["GET"]}}],"collection":[{"href":"https:\/\/gastora.eu\/en\/wp-json\/wp\/v2\/product"}],"about":[{"href":"https:\/\/gastora.eu\/en\/wp-json\/wp\/v2\/types\/product"}],"wp:featuredmedia":[{"embeddable":true,"href":"https:\/\/gastora.eu\/en\/wp-json\/wp\/v2\/media\/7472"}],"wp:attachment":[{"href":"https:\/\/gastora.eu\/en\/wp-json\/wp\/v2\/media?parent=14362"}],"wp:term":[{"taxonomy":"product_brand","embeddable":true,"href":"https:\/\/gastora.eu\/en\/wp-json\/wp\/v2\/product_brand?post=14362"},{"taxonomy":"product_cat","embeddable":true,"href":"https:\/\/gastora.eu\/en\/wp-json\/wp\/v2\/product_cat?post=14362"},{"taxonomy":"product_tag","embeddable":true,"href":"https:\/\/gastora.eu\/en\/wp-json\/wp\/v2\/product_tag?post=14362"}],"curies":[{"name":"wp","href":"https:\/\/api.w.org\/{rel}","templated":true}]}}