{"id":14360,"date":"2026-04-25T17:48:50","date_gmt":"2026-04-25T17:48:50","guid":{"rendered":"https:\/\/gastora.eu\/?post_type=product&#038;p=14360"},"modified":"2026-04-28T16:56:23","modified_gmt":"2026-04-28T16:56:23","slug":"gaufrier-4-gaufres-mini-ronds","status":"publish","type":"product","link":"https:\/\/gastora.eu\/en\/product\/gaufrier-4-gaufres-mini-ronds\/","title":{"rendered":"Gaufrier &#8211; 4 gaufres &#8211; mini ronds"},"content":{"rendered":"<p>Vous aimez servir \u00e0 vos clients quelque chose de diff\u00e9rent au lieu d&#8217;une gaufre standard ? Que diriez-vous d&#8217;une mini gaufre que vous pr\u00e9parez rapidement et facilement avec ce gaufrier professionnel ? Vous pouvez utiliser ce gaufrier non seulement dans une p\u00e2tisserie ou un caf\u00e9, mais aussi dans des restaurants, des foires ou dans votre food truck. Gr\u00e2ce \u00e0 sa taille compacte, ce gaufrier permet de cr\u00e9er les gaufres les plus savoureuses n&#8217;importe o\u00f9.<\/p>\n<h3>Plateau en aluminium avec rev\u00eatement antiadh\u00e9sif<\/h3>\n<p>Avec cet appareil, les gaufres ne collent plus au gaufrier. Il est dot\u00e9 d&#8217;un plateau en aluminium avec rev\u00eatement antiadh\u00e9sif, qui chauffe rapidement et uniform\u00e9ment gr\u00e2ce \u00e0 la puissante r\u00e9sistance. En outre, la chaleur se propage mieux et les plateaux restent chauds pendant l&#8217;utilisation. La construction durable pr\u00e9sente l&#8217;avantage que ce gaufrier durera des ann\u00e9es. Il est \u00e9galement \u00e9quip\u00e9 d&#8217;un thermostat variable pour des temp\u00e9ratures comprises entre 50 et 300\u00baC. La minuterie emp\u00eache les gaufres de br\u00fbler. D\u00e8s que le voyant lumineux s&#8217;\u00e9teint, le gaufrier est \u00e0 temp\u00e9rature et vous pouvez commencer \u00e0 faire des gaufres.<\/p>\n<h3>Bac de r\u00e9cup\u00e9ration amovible<\/h3>\n<p>Sous le gaufrier se trouve un bac d&#8217;\u00e9gouttage pratique que vous pouvez retirer pour faciliter le nettoyage. Les plateaux peuvent \u00eatre nettoy\u00e9s \u00e0 l&#8217;aide d&#8217;une brosse, d&#8217;une \u00e9ponge ou d&#8217;un chiffon humide et d&#8217;un peu d&#8217;eau chaude. Vous devez d&#8217;abord \u00e9teindre l&#8217;appareil et le d\u00e9brancher. Attendez que le plateau soit ti\u00e8de et qu&#8217;il ne soit plus chaud, puis essuyez tout. L&#8217;appareil repose sur des pieds en caoutchouc en acier inoxydable, ce qui lui permet de rester stable pendant son utilisation.<\/p>\n<p><strong>Caract\u00e9ristiques<\/strong><\/p>\n<ul>\n<li>Thermostat variable de 50 \u00b0C \u00e0 300 \u00b0C<\/li>\n<li>\u00c9quip\u00e9 d&#8217;une minuterie<\/li>\n<li>T\u00e9moin lumineux de temp\u00e9rature<\/li>\n<li>\u00c9quip\u00e9 d&#8217;un bac de r\u00e9cup\u00e9ration<\/li>\n<li>Repose sur 4 pieds en acier inoxydable<\/li>\n<li>Construction tr\u00e8s durable<\/li>\n<\/ul>\n<p><strong>Caract\u00e9ristiques du produit<\/strong><\/p>\n<ul>\n<li>Poids net : 12 kg<\/li>\n<li>Dimensionnement des gaufres : \u00d8 110 x 16 mm<\/li>\n<li>Dimensions de l&#8217;appareil : B30 x D38 x H27cm<\/li>\n<li>230V\/50Hz\/1Phase 1900W<\/li>\n<\/ul>","protected":false},"excerpt":{"rendered":"<p>Ce gaufrier en acier inoxydable avec plaque de cuisson en aluminium est dot\u00e9 d&#8217;un rev\u00eatement antiadh\u00e9sif et est parfait pour cr\u00e9er quatre gaufres rondes par lot. Il est \u00e9quip\u00e9 d&#8217;un bac de r\u00e9cup\u00e9ration, d&#8217;un panneau de commande analogique pour la minuterie et la temp\u00e9rature et de voyants lumineux. Ce gaufrier peut \u00eatre utilis\u00e9 dans les p\u00e2tisseries, les caf\u00e9s, les cantines et les restaurants.<\/p>","protected":false},"featured_media":7468,"template":"","meta":{"_acf_changed":false},"product_brand":[],"product_cat":[16],"product_tag":[],"class_list":{"0":"post-14360","1":"product","2":"type-product","3":"status-publish","4":"has-post-thumbnail","6":"product_cat-cuisson","8":"first","9":"instock","10":"sale","11":"taxable","12":"shipping-taxable","13":"purchasable","14":"product-type-simple"},"acf":[],"yoast_head":"<!-- This site is optimized with the Yoast SEO plugin v27.5 - https:\/\/yoast.com\/product\/yoast-seo-wordpress\/ -->\n<title>Gaufrier - 4 gaufres - mini ronds - Gastora<\/title>\n<meta name=\"description\" content=\"Achetez Gaufrier - 4 gaufres - mini ronds au meilleur prix, fiable et performant avec une livraison rapide\" \/>\n<meta name=\"robots\" content=\"index, follow, max-snippet:-1, max-image-preview:large, max-video-preview:-1\" \/>\n<link rel=\"canonical\" href=\"https:\/\/gastora.eu\/en\/product\/gaufrier-4-gaufres-mini-ronds\/\" \/>\n<meta property=\"og:locale\" content=\"en_US\" \/>\n<meta property=\"og:type\" content=\"article\" \/>\n<meta property=\"og:title\" content=\"Gaufrier - 4 gaufres - mini ronds - Gastora\" \/>\n<meta property=\"og:description\" content=\"Achetez Gaufrier - 4 gaufres - mini ronds au meilleur prix, fiable et performant avec une livraison rapide\" \/>\n<meta property=\"og:url\" content=\"https:\/\/gastora.eu\/en\/product\/gaufrier-4-gaufres-mini-ronds\/\" \/>\n<meta property=\"og:site_name\" content=\"Gastora\" \/>\n<meta property=\"article:modified_time\" content=\"2026-04-28T16:56:23+00:00\" \/>\n<meta name=\"twitter:card\" content=\"summary_large_image\" \/>\n<meta name=\"twitter:label1\" content=\"Est. reading time\" \/>\n\t<meta name=\"twitter:data1\" content=\"2 minutes\" \/>\n<script type=\"application\/ld+json\" class=\"yoast-schema-graph\">{\"@context\":\"https:\\\/\\\/schema.org\",\"@graph\":[{\"@type\":\"WebPage\",\"@id\":\"https:\\\/\\\/gastora.eu\\\/product\\\/gaufrier-4-gaufres-mini-ronds\\\/\",\"url\":\"https:\\\/\\\/gastora.eu\\\/product\\\/gaufrier-4-gaufres-mini-ronds\\\/\",\"name\":\"Gaufrier - 4 gaufres - mini ronds - Gastora\",\"isPartOf\":{\"@id\":\"https:\\\/\\\/gastora.eu\\\/#website\"},\"primaryImageOfPage\":{\"@id\":\"https:\\\/\\\/gastora.eu\\\/product\\\/gaufrier-4-gaufres-mini-ronds\\\/#primaryimage\"},\"image\":{\"@id\":\"https:\\\/\\\/gastora.eu\\\/product\\\/gaufrier-4-gaufres-mini-ronds\\\/#primaryimage\"},\"thumbnailUrl\":\"https:\\\/\\\/gastora.eu\\\/wp-content\\\/uploads\\\/2026\\\/04\\\/sp-005-61656f7279b2b.jpg\",\"datePublished\":\"2026-04-25T17:48:50+00:00\",\"dateModified\":\"2026-04-28T16:56:23+00:00\",\"description\":\"Achetez Gaufrier - 4 gaufres - mini ronds au meilleur prix, fiable et performant avec une livraison rapide\",\"breadcrumb\":{\"@id\":\"https:\\\/\\\/gastora.eu\\\/product\\\/gaufrier-4-gaufres-mini-ronds\\\/#breadcrumb\"},\"inLanguage\":\"en-US\",\"potentialAction\":[{\"@type\":\"ReadAction\",\"target\":[\"https:\\\/\\\/gastora.eu\\\/product\\\/gaufrier-4-gaufres-mini-ronds\\\/\"]}]},{\"@type\":\"ImageObject\",\"inLanguage\":\"en-US\",\"@id\":\"https:\\\/\\\/gastora.eu\\\/product\\\/gaufrier-4-gaufres-mini-ronds\\\/#primaryimage\",\"url\":\"https:\\\/\\\/gastora.eu\\\/wp-content\\\/uploads\\\/2026\\\/04\\\/sp-005-61656f7279b2b.jpg\",\"contentUrl\":\"https:\\\/\\\/gastora.eu\\\/wp-content\\\/uploads\\\/2026\\\/04\\\/sp-005-61656f7279b2b.jpg\",\"width\":2048,\"height\":2048},{\"@type\":\"BreadcrumbList\",\"@id\":\"https:\\\/\\\/gastora.eu\\\/product\\\/gaufrier-4-gaufres-mini-ronds\\\/#breadcrumb\",\"itemListElement\":[{\"@type\":\"ListItem\",\"position\":1,\"name\":\"Home\",\"item\":\"https:\\\/\\\/gastora.eu\\\/\"},{\"@type\":\"ListItem\",\"position\":2,\"name\":\"Shop\",\"item\":\"https:\\\/\\\/gastora.eu\\\/shop\\\/\"},{\"@type\":\"ListItem\",\"position\":3,\"name\":\"Gaufrier &#8211; 4 gaufres &#8211; mini ronds\"}]},{\"@type\":\"WebSite\",\"@id\":\"https:\\\/\\\/gastora.eu\\\/#website\",\"url\":\"https:\\\/\\\/gastora.eu\\\/\",\"name\":\"Gastora\",\"description\":\"\u00c9quipements professionnels CHR\",\"publisher\":{\"@id\":\"https:\\\/\\\/gastora.eu\\\/#organization\"},\"potentialAction\":[{\"@type\":\"SearchAction\",\"target\":{\"@type\":\"EntryPoint\",\"urlTemplate\":\"https:\\\/\\\/gastora.eu\\\/?s={search_term_string}\"},\"query-input\":{\"@type\":\"PropertyValueSpecification\",\"valueRequired\":true,\"valueName\":\"search_term_string\"}}],\"inLanguage\":\"en-US\"},{\"@type\":\"Organization\",\"@id\":\"https:\\\/\\\/gastora.eu\\\/#organization\",\"name\":\"Gastora\",\"url\":\"https:\\\/\\\/gastora.eu\\\/\",\"logo\":{\"@type\":\"ImageObject\",\"inLanguage\":\"en-US\",\"@id\":\"https:\\\/\\\/gastora.eu\\\/#\\\/schema\\\/logo\\\/image\\\/\",\"url\":\"https:\\\/\\\/gastora.eu\\\/wp-content\\\/uploads\\\/2025\\\/12\\\/ChatGPT-Image-2-janv.-2026-22_52_47-1.png\",\"contentUrl\":\"https:\\\/\\\/gastora.eu\\\/wp-content\\\/uploads\\\/2025\\\/12\\\/ChatGPT-Image-2-janv.-2026-22_52_47-1.png\",\"width\":1536,\"height\":320,\"caption\":\"Gastora\"},\"image\":{\"@id\":\"https:\\\/\\\/gastora.eu\\\/#\\\/schema\\\/logo\\\/image\\\/\"}}]}<\/script>\n<!-- \/ Yoast SEO plugin. -->","yoast_head_json":{"title":"Gaufrier - 4 gaufres - mini ronds - Gastora","description":"Achetez Gaufrier - 4 gaufres - mini ronds au meilleur prix, fiable et performant avec une livraison rapide","robots":{"index":"index","follow":"follow","max-snippet":"max-snippet:-1","max-image-preview":"max-image-preview:large","max-video-preview":"max-video-preview:-1"},"canonical":"https:\/\/gastora.eu\/en\/product\/gaufrier-4-gaufres-mini-ronds\/","og_locale":"en_US","og_type":"article","og_title":"Gaufrier - 4 gaufres - mini ronds - Gastora","og_description":"Achetez Gaufrier - 4 gaufres - mini ronds au meilleur prix, fiable et performant avec une livraison rapide","og_url":"https:\/\/gastora.eu\/en\/product\/gaufrier-4-gaufres-mini-ronds\/","og_site_name":"Gastora","article_modified_time":"2026-04-28T16:56:23+00:00","twitter_card":"summary_large_image","twitter_misc":{"Est. reading time":"2 minutes"},"schema":{"@context":"https:\/\/schema.org","@graph":[{"@type":"WebPage","@id":"https:\/\/gastora.eu\/product\/gaufrier-4-gaufres-mini-ronds\/","url":"https:\/\/gastora.eu\/product\/gaufrier-4-gaufres-mini-ronds\/","name":"Gaufrier - 4 gaufres - mini ronds - Gastora","isPartOf":{"@id":"https:\/\/gastora.eu\/#website"},"primaryImageOfPage":{"@id":"https:\/\/gastora.eu\/product\/gaufrier-4-gaufres-mini-ronds\/#primaryimage"},"image":{"@id":"https:\/\/gastora.eu\/product\/gaufrier-4-gaufres-mini-ronds\/#primaryimage"},"thumbnailUrl":"https:\/\/gastora.eu\/wp-content\/uploads\/2026\/04\/sp-005-61656f7279b2b.jpg","datePublished":"2026-04-25T17:48:50+00:00","dateModified":"2026-04-28T16:56:23+00:00","description":"Achetez Gaufrier - 4 gaufres - mini ronds au meilleur prix, fiable et performant avec une livraison rapide","breadcrumb":{"@id":"https:\/\/gastora.eu\/product\/gaufrier-4-gaufres-mini-ronds\/#breadcrumb"},"inLanguage":"en-US","potentialAction":[{"@type":"ReadAction","target":["https:\/\/gastora.eu\/product\/gaufrier-4-gaufres-mini-ronds\/"]}]},{"@type":"ImageObject","inLanguage":"en-US","@id":"https:\/\/gastora.eu\/product\/gaufrier-4-gaufres-mini-ronds\/#primaryimage","url":"https:\/\/gastora.eu\/wp-content\/uploads\/2026\/04\/sp-005-61656f7279b2b.jpg","contentUrl":"https:\/\/gastora.eu\/wp-content\/uploads\/2026\/04\/sp-005-61656f7279b2b.jpg","width":2048,"height":2048},{"@type":"BreadcrumbList","@id":"https:\/\/gastora.eu\/product\/gaufrier-4-gaufres-mini-ronds\/#breadcrumb","itemListElement":[{"@type":"ListItem","position":1,"name":"Home","item":"https:\/\/gastora.eu\/"},{"@type":"ListItem","position":2,"name":"Shop","item":"https:\/\/gastora.eu\/shop\/"},{"@type":"ListItem","position":3,"name":"Gaufrier &#8211; 4 gaufres &#8211; mini ronds"}]},{"@type":"WebSite","@id":"https:\/\/gastora.eu\/#website","url":"https:\/\/gastora.eu\/","name":"Gastora","description":"\u00c9quipements professionnels CHR","publisher":{"@id":"https:\/\/gastora.eu\/#organization"},"potentialAction":[{"@type":"SearchAction","target":{"@type":"EntryPoint","urlTemplate":"https:\/\/gastora.eu\/?s={search_term_string}"},"query-input":{"@type":"PropertyValueSpecification","valueRequired":true,"valueName":"search_term_string"}}],"inLanguage":"en-US"},{"@type":"Organization","@id":"https:\/\/gastora.eu\/#organization","name":"Gastora","url":"https:\/\/gastora.eu\/","logo":{"@type":"ImageObject","inLanguage":"en-US","@id":"https:\/\/gastora.eu\/#\/schema\/logo\/image\/","url":"https:\/\/gastora.eu\/wp-content\/uploads\/2025\/12\/ChatGPT-Image-2-janv.-2026-22_52_47-1.png","contentUrl":"https:\/\/gastora.eu\/wp-content\/uploads\/2025\/12\/ChatGPT-Image-2-janv.-2026-22_52_47-1.png","width":1536,"height":320,"caption":"Gastora"},"image":{"@id":"https:\/\/gastora.eu\/#\/schema\/logo\/image\/"}}]}},"jetpack_sharing_enabled":true,"_links":{"self":[{"href":"https:\/\/gastora.eu\/en\/wp-json\/wp\/v2\/product\/14360","targetHints":{"allow":["GET"]}}],"collection":[{"href":"https:\/\/gastora.eu\/en\/wp-json\/wp\/v2\/product"}],"about":[{"href":"https:\/\/gastora.eu\/en\/wp-json\/wp\/v2\/types\/product"}],"wp:featuredmedia":[{"embeddable":true,"href":"https:\/\/gastora.eu\/en\/wp-json\/wp\/v2\/media\/7468"}],"wp:attachment":[{"href":"https:\/\/gastora.eu\/en\/wp-json\/wp\/v2\/media?parent=14360"}],"wp:term":[{"taxonomy":"product_brand","embeddable":true,"href":"https:\/\/gastora.eu\/en\/wp-json\/wp\/v2\/product_brand?post=14360"},{"taxonomy":"product_cat","embeddable":true,"href":"https:\/\/gastora.eu\/en\/wp-json\/wp\/v2\/product_cat?post=14360"},{"taxonomy":"product_tag","embeddable":true,"href":"https:\/\/gastora.eu\/en\/wp-json\/wp\/v2\/product_tag?post=14360"}],"curies":[{"name":"wp","href":"https:\/\/api.w.org\/{rel}","templated":true}]}}