{"id":14359,"date":"2026-04-25T17:48:49","date_gmt":"2026-04-25T17:48:49","guid":{"rendered":"https:\/\/gastora.eu\/?post_type=product&#038;p=14359"},"modified":"2026-04-28T16:56:23","modified_gmt":"2026-04-28T16:56:23","slug":"gaufrier-10-gaufres-mini-belge","status":"publish","type":"product","link":"https:\/\/gastora.eu\/en\/product\/gaufrier-10-gaufres-mini-belge\/","title":{"rendered":"Gaufrier &#8211; 10 gaufres &#8211; mini belge"},"content":{"rendered":"<p>Rien ne vaut les gaufres belges cuites \u00e0 l&#8217;ancienne. Avec ce gaufrier professionnel, vous pouvez cr\u00e9er pas moins de 10 mini gaufres belges en un rien de temps. C&#8217;est l&#8217;en-cas id\u00e9al pour toute p\u00e2tisserie, au march\u00e9 ou dans un caf\u00e9. Plus besoin de faire des gaufres avec une pince \u00e0 gaufres \u00e0 l&#8217;ancienne, mais plut\u00f4t avec cet appareil \u00e9lectrique. Cela permet de gagner un temps pr\u00e9cieux, qui peut \u00eatre utilis\u00e9 pour d&#8217;autres pr\u00e9parations dans la cuisine. La plaque en aluminium \u00e9tant dot\u00e9e d&#8217;un rev\u00eatement antiadh\u00e9sif, les gaufres ne collent pas entre elles et peuvent \u00eatre facilement retir\u00e9es du gaufrier. De plus, il assure une bonne conduction de la chaleur et les plateaux se r\u00e9chauffent rapidement <\/p>\n<h3>Faites 10 mini gaufres en une seule fois<\/h3>\n<p>Ce mini gaufrier est adapt\u00e9 \u00e0 une utilisation quotidienne intensive pour r\u00e9aliser 10 mini gaufres belges en quelques minutes. R\u00e9glez le minuteur pour que vos gaufres ne restent pas trop longtemps dans le gaufrier et ne br\u00fblent pas. Que vous souhaitiez servir \u00e0 vos clients des gaufres brun clair ou dor\u00e9es et croustillantes, le thermostat variable vous permet de r\u00e9gler n&#8217;importe quelle temp\u00e9rature entre 50 et 300\u00baC. Gr\u00e2ce au t\u00e9moin lumineux, vous savez exactement quand le gaufrier a atteint la bonne temp\u00e9rature et vous pouvez commencer \u00e0 cuisiner. Le gaufrier est \u00e9galement dot\u00e9 d&#8217;une poign\u00e9e robuste et d&#8217;un bac de r\u00e9cup\u00e9ration pratique.<\/p>\n<h3>Rapide \u00e0 nettoyer<\/h3>\n<p>Le nettoyage du gaufrier est une t\u00e2che facile. L&#8217;ext\u00e9rieur est en acier inoxydable et peut \u00eatre essuy\u00e9 rapidement avec un chiffon. Pour nettoyer les plateaux, \u00e9teignez l&#8217;appareil et d\u00e9branchez la fiche de la prise murale. D\u00e8s que les plateaux sont ti\u00e8des au toucher et non plus chauds, vous pouvez les nettoyer avec une \u00e9ponge, une brosse ou un chiffon humide et un peu d&#8217;eau. L&#8217;appareil repose sur quatre pieds en acier inoxydable, de sorte qu&#8217;il reste stable pendant son utilisation.<\/p>\n<ul>\n<li>Robuste et facile \u00e0 utiliser<\/li>\n<li>Production rapide de 10 mini gaufres en m\u00eame temps<\/li>\n<li>Plaque de cuisson en aluminium avec rev\u00eatement anti-adh\u00e9sif<\/li>\n<li>Thermostat variable de 50 \u00b0C \u00e0 300 \u00b0C<\/li>\n<li>\u00c9quip\u00e9 d&#8217;un minuteur <\/li>\n<li>T\u00e9moin lumineux de temp\u00e9rature<\/li>\n<li>Poign\u00e9e robuste<\/li>\n<li>Equip\u00e9 d&#8217;un bac de r\u00e9cup\u00e9ration<\/li>\n<li>Repose sur 4 pieds en acier inoxydable<\/li>\n<li>Construction tr\u00e8s durable<\/li>\n<li>Conception hygi\u00e9nique<\/li>\n<\/ul>\n<p>Caract\u00e9ristiques du produit<\/p>\n<ul>\n<li>Poids net : 11 kg<\/li>\n<li>Dimensions gaufre : L55 x P82 x H12 mm<\/li>\n<li>Dimensions de l&#8217;appareil : L380 x P310 x H270 mm<\/li>\n<li>Puissance \u00e9lectrique totale : 1,75 kW<\/li>\n<li>230V \/ 50Hz \/ 1Phase 1750 Watt<\/li>\n<\/ul>\n<ul>\n<li>Poids net : 11kg\n<\/li>\n<li>Dimensions des gaufres : B55 x D82 x H12mm\n<\/li>\n<li>Dimensions de l&#8217;appareil : B38 x D31 x H27cm\n<\/li>\n<li>Puissance \u00e9lectrique totale : 1,75 kW\n<\/li>\n<li>230V\/50Hz\/1Phase 1750W<br \/>","protected":false},"excerpt":{"rendered":"<p>R\u00e9alisez rapidement et facilement 10 mini gaufres belges \u00e0 la fois avec ce gaufrier professionnel. Elles constituent un en-cas parfait dans les p\u00e2tisseries ou sont servies en dessert, par exemple dans les caf\u00e9s et les restaurants. La plaque en aluminium est dot\u00e9e d&#8217;un rev\u00eatement antiadh\u00e9sif pour que les gaufres ne collent pas.<\/p>","protected":false},"featured_media":7466,"template":"","meta":{"_acf_changed":false},"product_brand":[],"product_cat":[16],"product_tag":[],"class_list":{"0":"post-14359","1":"product","2":"type-product","3":"status-publish","4":"has-post-thumbnail","6":"product_cat-cuisson","8":"first","9":"instock","10":"sale","11":"taxable","12":"shipping-taxable","13":"purchasable","14":"product-type-simple"},"acf":[],"yoast_head":"<!-- This site is optimized with the Yoast SEO plugin v27.5 - https:\/\/yoast.com\/product\/yoast-seo-wordpress\/ -->\n<title>Gaufrier - 10 gaufres - mini belge - Gastora<\/title>\n<meta name=\"description\" content=\"Achetez Gaufrier - 10 gaufres - mini belge au meilleur prix, fiable et performant avec une livraison rapide\" \/>\n<meta name=\"robots\" content=\"index, follow, max-snippet:-1, max-image-preview:large, max-video-preview:-1\" \/>\n<link rel=\"canonical\" href=\"https:\/\/gastora.eu\/en\/product\/gaufrier-10-gaufres-mini-belge\/\" \/>\n<meta property=\"og:locale\" content=\"en_US\" \/>\n<meta property=\"og:type\" content=\"article\" \/>\n<meta property=\"og:title\" content=\"Gaufrier - 10 gaufres - mini belge - Gastora\" \/>\n<meta property=\"og:description\" content=\"Achetez Gaufrier - 10 gaufres - mini belge au meilleur prix, fiable et performant avec une livraison rapide\" \/>\n<meta property=\"og:url\" content=\"https:\/\/gastora.eu\/en\/product\/gaufrier-10-gaufres-mini-belge\/\" \/>\n<meta property=\"og:site_name\" content=\"Gastora\" \/>\n<meta property=\"article:modified_time\" content=\"2026-04-28T16:56:23+00:00\" \/>\n<meta name=\"twitter:card\" content=\"summary_large_image\" \/>\n<meta name=\"twitter:label1\" content=\"Est. reading time\" \/>\n\t<meta name=\"twitter:data1\" content=\"2 minutes\" \/>\n<script type=\"application\/ld+json\" class=\"yoast-schema-graph\">{\"@context\":\"https:\\\/\\\/schema.org\",\"@graph\":[{\"@type\":\"WebPage\",\"@id\":\"https:\\\/\\\/gastora.eu\\\/product\\\/gaufrier-10-gaufres-mini-belge\\\/\",\"url\":\"https:\\\/\\\/gastora.eu\\\/product\\\/gaufrier-10-gaufres-mini-belge\\\/\",\"name\":\"Gaufrier - 10 gaufres - mini belge - Gastora\",\"isPartOf\":{\"@id\":\"https:\\\/\\\/gastora.eu\\\/#website\"},\"primaryImageOfPage\":{\"@id\":\"https:\\\/\\\/gastora.eu\\\/product\\\/gaufrier-10-gaufres-mini-belge\\\/#primaryimage\"},\"image\":{\"@id\":\"https:\\\/\\\/gastora.eu\\\/product\\\/gaufrier-10-gaufres-mini-belge\\\/#primaryimage\"},\"thumbnailUrl\":\"https:\\\/\\\/gastora.eu\\\/wp-content\\\/uploads\\\/2026\\\/04\\\/sp-005-61656f7258d0b.jpg\",\"datePublished\":\"2026-04-25T17:48:49+00:00\",\"dateModified\":\"2026-04-28T16:56:23+00:00\",\"description\":\"Achetez Gaufrier - 10 gaufres - mini belge au meilleur prix, fiable et performant avec une livraison rapide\",\"breadcrumb\":{\"@id\":\"https:\\\/\\\/gastora.eu\\\/product\\\/gaufrier-10-gaufres-mini-belge\\\/#breadcrumb\"},\"inLanguage\":\"en-US\",\"potentialAction\":[{\"@type\":\"ReadAction\",\"target\":[\"https:\\\/\\\/gastora.eu\\\/product\\\/gaufrier-10-gaufres-mini-belge\\\/\"]}]},{\"@type\":\"ImageObject\",\"inLanguage\":\"en-US\",\"@id\":\"https:\\\/\\\/gastora.eu\\\/product\\\/gaufrier-10-gaufres-mini-belge\\\/#primaryimage\",\"url\":\"https:\\\/\\\/gastora.eu\\\/wp-content\\\/uploads\\\/2026\\\/04\\\/sp-005-61656f7258d0b.jpg\",\"contentUrl\":\"https:\\\/\\\/gastora.eu\\\/wp-content\\\/uploads\\\/2026\\\/04\\\/sp-005-61656f7258d0b.jpg\",\"width\":2048,\"height\":2048},{\"@type\":\"BreadcrumbList\",\"@id\":\"https:\\\/\\\/gastora.eu\\\/product\\\/gaufrier-10-gaufres-mini-belge\\\/#breadcrumb\",\"itemListElement\":[{\"@type\":\"ListItem\",\"position\":1,\"name\":\"Home\",\"item\":\"https:\\\/\\\/gastora.eu\\\/\"},{\"@type\":\"ListItem\",\"position\":2,\"name\":\"Shop\",\"item\":\"https:\\\/\\\/gastora.eu\\\/shop\\\/\"},{\"@type\":\"ListItem\",\"position\":3,\"name\":\"Gaufrier &#8211; 10 gaufres &#8211; mini belge\"}]},{\"@type\":\"WebSite\",\"@id\":\"https:\\\/\\\/gastora.eu\\\/#website\",\"url\":\"https:\\\/\\\/gastora.eu\\\/\",\"name\":\"Gastora\",\"description\":\"\u00c9quipements professionnels CHR\",\"publisher\":{\"@id\":\"https:\\\/\\\/gastora.eu\\\/#organization\"},\"potentialAction\":[{\"@type\":\"SearchAction\",\"target\":{\"@type\":\"EntryPoint\",\"urlTemplate\":\"https:\\\/\\\/gastora.eu\\\/?s={search_term_string}\"},\"query-input\":{\"@type\":\"PropertyValueSpecification\",\"valueRequired\":true,\"valueName\":\"search_term_string\"}}],\"inLanguage\":\"en-US\"},{\"@type\":\"Organization\",\"@id\":\"https:\\\/\\\/gastora.eu\\\/#organization\",\"name\":\"Gastora\",\"url\":\"https:\\\/\\\/gastora.eu\\\/\",\"logo\":{\"@type\":\"ImageObject\",\"inLanguage\":\"en-US\",\"@id\":\"https:\\\/\\\/gastora.eu\\\/#\\\/schema\\\/logo\\\/image\\\/\",\"url\":\"https:\\\/\\\/gastora.eu\\\/wp-content\\\/uploads\\\/2025\\\/12\\\/ChatGPT-Image-2-janv.-2026-22_52_47-1.png\",\"contentUrl\":\"https:\\\/\\\/gastora.eu\\\/wp-content\\\/uploads\\\/2025\\\/12\\\/ChatGPT-Image-2-janv.-2026-22_52_47-1.png\",\"width\":1536,\"height\":320,\"caption\":\"Gastora\"},\"image\":{\"@id\":\"https:\\\/\\\/gastora.eu\\\/#\\\/schema\\\/logo\\\/image\\\/\"}}]}<\/script>\n<!-- \/ Yoast SEO plugin. -->","yoast_head_json":{"title":"Gaufrier - 10 gaufres - mini belge - Gastora","description":"Achetez Gaufrier - 10 gaufres - mini belge au meilleur prix, fiable et performant avec une livraison rapide","robots":{"index":"index","follow":"follow","max-snippet":"max-snippet:-1","max-image-preview":"max-image-preview:large","max-video-preview":"max-video-preview:-1"},"canonical":"https:\/\/gastora.eu\/en\/product\/gaufrier-10-gaufres-mini-belge\/","og_locale":"en_US","og_type":"article","og_title":"Gaufrier - 10 gaufres - mini belge - Gastora","og_description":"Achetez Gaufrier - 10 gaufres - mini belge au meilleur prix, fiable et performant avec une livraison rapide","og_url":"https:\/\/gastora.eu\/en\/product\/gaufrier-10-gaufres-mini-belge\/","og_site_name":"Gastora","article_modified_time":"2026-04-28T16:56:23+00:00","twitter_card":"summary_large_image","twitter_misc":{"Est. reading time":"2 minutes"},"schema":{"@context":"https:\/\/schema.org","@graph":[{"@type":"WebPage","@id":"https:\/\/gastora.eu\/product\/gaufrier-10-gaufres-mini-belge\/","url":"https:\/\/gastora.eu\/product\/gaufrier-10-gaufres-mini-belge\/","name":"Gaufrier - 10 gaufres - mini belge - Gastora","isPartOf":{"@id":"https:\/\/gastora.eu\/#website"},"primaryImageOfPage":{"@id":"https:\/\/gastora.eu\/product\/gaufrier-10-gaufres-mini-belge\/#primaryimage"},"image":{"@id":"https:\/\/gastora.eu\/product\/gaufrier-10-gaufres-mini-belge\/#primaryimage"},"thumbnailUrl":"https:\/\/gastora.eu\/wp-content\/uploads\/2026\/04\/sp-005-61656f7258d0b.jpg","datePublished":"2026-04-25T17:48:49+00:00","dateModified":"2026-04-28T16:56:23+00:00","description":"Achetez Gaufrier - 10 gaufres - mini belge au meilleur prix, fiable et performant avec une livraison rapide","breadcrumb":{"@id":"https:\/\/gastora.eu\/product\/gaufrier-10-gaufres-mini-belge\/#breadcrumb"},"inLanguage":"en-US","potentialAction":[{"@type":"ReadAction","target":["https:\/\/gastora.eu\/product\/gaufrier-10-gaufres-mini-belge\/"]}]},{"@type":"ImageObject","inLanguage":"en-US","@id":"https:\/\/gastora.eu\/product\/gaufrier-10-gaufres-mini-belge\/#primaryimage","url":"https:\/\/gastora.eu\/wp-content\/uploads\/2026\/04\/sp-005-61656f7258d0b.jpg","contentUrl":"https:\/\/gastora.eu\/wp-content\/uploads\/2026\/04\/sp-005-61656f7258d0b.jpg","width":2048,"height":2048},{"@type":"BreadcrumbList","@id":"https:\/\/gastora.eu\/product\/gaufrier-10-gaufres-mini-belge\/#breadcrumb","itemListElement":[{"@type":"ListItem","position":1,"name":"Home","item":"https:\/\/gastora.eu\/"},{"@type":"ListItem","position":2,"name":"Shop","item":"https:\/\/gastora.eu\/shop\/"},{"@type":"ListItem","position":3,"name":"Gaufrier &#8211; 10 gaufres &#8211; mini belge"}]},{"@type":"WebSite","@id":"https:\/\/gastora.eu\/#website","url":"https:\/\/gastora.eu\/","name":"Gastora","description":"\u00c9quipements professionnels CHR","publisher":{"@id":"https:\/\/gastora.eu\/#organization"},"potentialAction":[{"@type":"SearchAction","target":{"@type":"EntryPoint","urlTemplate":"https:\/\/gastora.eu\/?s={search_term_string}"},"query-input":{"@type":"PropertyValueSpecification","valueRequired":true,"valueName":"search_term_string"}}],"inLanguage":"en-US"},{"@type":"Organization","@id":"https:\/\/gastora.eu\/#organization","name":"Gastora","url":"https:\/\/gastora.eu\/","logo":{"@type":"ImageObject","inLanguage":"en-US","@id":"https:\/\/gastora.eu\/#\/schema\/logo\/image\/","url":"https:\/\/gastora.eu\/wp-content\/uploads\/2025\/12\/ChatGPT-Image-2-janv.-2026-22_52_47-1.png","contentUrl":"https:\/\/gastora.eu\/wp-content\/uploads\/2025\/12\/ChatGPT-Image-2-janv.-2026-22_52_47-1.png","width":1536,"height":320,"caption":"Gastora"},"image":{"@id":"https:\/\/gastora.eu\/#\/schema\/logo\/image\/"}}]}},"jetpack_sharing_enabled":true,"_links":{"self":[{"href":"https:\/\/gastora.eu\/en\/wp-json\/wp\/v2\/product\/14359","targetHints":{"allow":["GET"]}}],"collection":[{"href":"https:\/\/gastora.eu\/en\/wp-json\/wp\/v2\/product"}],"about":[{"href":"https:\/\/gastora.eu\/en\/wp-json\/wp\/v2\/types\/product"}],"wp:featuredmedia":[{"embeddable":true,"href":"https:\/\/gastora.eu\/en\/wp-json\/wp\/v2\/media\/7466"}],"wp:attachment":[{"href":"https:\/\/gastora.eu\/en\/wp-json\/wp\/v2\/media?parent=14359"}],"wp:term":[{"taxonomy":"product_brand","embeddable":true,"href":"https:\/\/gastora.eu\/en\/wp-json\/wp\/v2\/product_brand?post=14359"},{"taxonomy":"product_cat","embeddable":true,"href":"https:\/\/gastora.eu\/en\/wp-json\/wp\/v2\/product_cat?post=14359"},{"taxonomy":"product_tag","embeddable":true,"href":"https:\/\/gastora.eu\/en\/wp-json\/wp\/v2\/product_tag?post=14359"}],"curies":[{"name":"wp","href":"https:\/\/api.w.org\/{rel}","templated":true}]}}