{"id":14357,"date":"2026-04-25T17:48:45","date_gmt":"2026-04-25T17:48:45","guid":{"rendered":"https:\/\/gastora.eu\/?post_type=product&#038;p=14357"},"modified":"2026-04-28T16:56:22","modified_gmt":"2026-04-28T16:56:22","slug":"gaufrier-3-pices-belge","status":"publish","type":"product","link":"https:\/\/gastora.eu\/en\/product\/gaufrier-3-pices-belge\/","title":{"rendered":"Gaufrier &#8211; 3 pi\u00e8ces &#8211; belge"},"content":{"rendered":"<p>Ce gaufrier classique vous fait gagner beaucoup de temps et vous permet de pr\u00e9parer rapidement et facilement trois vraies gaufres belges en m\u00eame temps. C&#8217;est un v\u00e9ritable atout pour toute p\u00e2tisserie, tout caf\u00e9 ou pour les march\u00e9s et les foires. Servez de d\u00e9licieuses gaufres l\u00e9g\u00e8res et a\u00e9r\u00e9es saupoudr\u00e9es de sucre glace ou de d\u00e9licieuses cerises et de cr\u00e8me fouett\u00e9e. Gr\u00e2ce au puissant \u00e9l\u00e9ment chauffant du gaufrier, la plaque se r\u00e9chauffe rapidement et vous pouvez commencer \u00e0 cuisiner en quelques minutes. L&#8217;\u00e9l\u00e9ment chauffant veille \u00e9galement \u00e0 ce que les plaques restent chaudes pendant l&#8217;utilisation. Il convient \u00e0 un usage quotidien intensif dans toutes les cuisines de restauration.<\/p>\n<h3>Cuisson simultan\u00e9e de trois gaufres belges<\/h3>\n<p>Ce gaufrier robuste est \u00e9quip\u00e9 d&#8217;une plaque de cuisson en aluminium avec rev\u00eatement antiadh\u00e9sif. Les gaufres ne collent donc pas \u00e0 la plaque. Gr\u00e2ce au thermostat variable, vous pouvez r\u00e9gler la temp\u00e9rature entre 50 et 300\u00baC. C&#8217;est pratique si vous voulez faire des gaufres plus claires ou plus fonc\u00e9es et croustillantes. Gr\u00e2ce au voyant lumineux, vous savez exactement quand le gaufrier est \u00e0 la bonne temp\u00e9rature. La poign\u00e9e robuste vous permet de manipuler facilement le gaufrier. C&#8217;est pourquoi le gaufrier est \u00e9quip\u00e9 d&#8217;une minuterie, afin que vous n&#8217;oubliiez pas les gaufres pendant que vous \u00eates occup\u00e9.<\/p>\n<h3>Bac de r\u00e9cup\u00e9ration amovible en acier inoxydable<\/h3>\n<p>Le plateau d&#8217;\u00e9gouttage en acier inoxydable situ\u00e9 sous le gaufrier est amovible et facile \u00e0 nettoyer. Gr\u00e2ce \u00e0 leur conception hygi\u00e9nique, les plaques en aluminium sont \u00e9galement faciles \u00e0 nettoyer. Commencez par \u00e9teindre l&#8217;appareil et d\u00e9branchez la fiche de la prise murale. Laissez refroidir les plaques jusqu&#8217;\u00e0 ce qu&#8217;elles soient encore chaudes au toucher. Utilisez ensuite une brosse, une \u00e9ponge ou un chiffon humide pour enlever tout r\u00e9sidu. Veillez \u00e0 ne pas rayer le rev\u00eatement antiadh\u00e9sif. L&#8217;appareil repose sur quatre pieds en acier inoxydable afin de rester stable pendant l&#8217;utilisation.<\/p>\n<ul>\n<li>Robuste et facile \u00e0 utiliser<\/li>\n<li>Production rapide de 3 gaufres en m\u00eame temps<\/li>\n<li>Plaque de cuisson en aluminium avec rev\u00eatement antiadh\u00e9sif<\/li>\n<li>Thermostat variable de 50 \u00b0C \u00e0 300 \u00b0C<\/li>\n<li>\u00c9quip\u00e9 d&#8217;une minuterie<\/li>\n<li>T\u00e9moin lumineux de temp\u00e9rature<\/li>\n<li>Poign\u00e9e robuste<\/li>\n<li>\u00c9quip\u00e9 d&#8217;un bac de r\u00e9cup\u00e9ration<\/li>\n<li>Repose sur 4 pieds en acier inoxydable<\/li>\n<li>Construction tr\u00e8s durable<\/li>\n<li>Conception hygi\u00e9nique<\/li>\n<\/ul>\n<p><strong>Caract\u00e9ristiques du produit<\/strong><\/p>\n<ul>\n<li>Poids net : 12 kg<\/li>\n<li>Taille des gaufres : B75 x D125 x H13mm<\/li>\n<li>Dimensions de la machine : B38 x D31,5 x H27,5cm<\/li>\n<li>Puissance \u00e9lectrique totale : 1,75 kW<\/li>\n<li>230V\/50Hz\/1Phase 1750W<\/li>\n<\/ul>","protected":false},"excerpt":{"rendered":"<p>Ce gaufrier classique permet de pr\u00e9parer rapidement et facilement trois gaufres belges authentiques en m\u00eame temps. Il est indispensable dans les p\u00e2tisseries et les caf\u00e9s. Gr\u00e2ce \u00e0 l&#8217;\u00e9l\u00e9ment chauffant puissant, la plaque se r\u00e9chauffe rapidement et vous pouvez commencer \u00e0 cuisiner imm\u00e9diatement.<\/p>","protected":false},"featured_media":7462,"template":"","meta":{"_acf_changed":false},"product_brand":[],"product_cat":[16],"product_tag":[],"class_list":{"0":"post-14357","1":"product","2":"type-product","3":"status-publish","4":"has-post-thumbnail","6":"product_cat-cuisson","8":"first","9":"instock","10":"sale","11":"taxable","12":"shipping-taxable","13":"purchasable","14":"product-type-simple"},"acf":[],"yoast_head":"<!-- This site is optimized with the Yoast SEO plugin v27.5 - https:\/\/yoast.com\/product\/yoast-seo-wordpress\/ -->\n<title>Gaufrier - 3 pi\u00e8ces - belge - Gastora<\/title>\n<meta name=\"description\" content=\"Achetez Gaufrier - 3 pi\u00e8ces - belge au meilleur prix, fiable et performant avec une livraison rapide\" \/>\n<meta name=\"robots\" content=\"index, follow, max-snippet:-1, max-image-preview:large, max-video-preview:-1\" \/>\n<link rel=\"canonical\" href=\"https:\/\/gastora.eu\/en\/product\/gaufrier-3-pices-belge\/\" \/>\n<meta property=\"og:locale\" content=\"en_US\" \/>\n<meta property=\"og:type\" content=\"article\" \/>\n<meta property=\"og:title\" content=\"Gaufrier - 3 pi\u00e8ces - belge - Gastora\" \/>\n<meta property=\"og:description\" content=\"Achetez Gaufrier - 3 pi\u00e8ces - belge au meilleur prix, fiable et performant avec une livraison rapide\" \/>\n<meta property=\"og:url\" content=\"https:\/\/gastora.eu\/en\/product\/gaufrier-3-pices-belge\/\" \/>\n<meta property=\"og:site_name\" content=\"Gastora\" \/>\n<meta property=\"article:modified_time\" content=\"2026-04-28T16:56:22+00:00\" \/>\n<meta name=\"twitter:card\" content=\"summary_large_image\" \/>\n<meta name=\"twitter:label1\" content=\"Est. reading time\" \/>\n\t<meta name=\"twitter:data1\" content=\"2 minutes\" \/>\n<script type=\"application\/ld+json\" class=\"yoast-schema-graph\">{\"@context\":\"https:\\\/\\\/schema.org\",\"@graph\":[{\"@type\":\"WebPage\",\"@id\":\"https:\\\/\\\/gastora.eu\\\/product\\\/gaufrier-3-pices-belge\\\/\",\"url\":\"https:\\\/\\\/gastora.eu\\\/product\\\/gaufrier-3-pices-belge\\\/\",\"name\":\"Gaufrier - 3 pi\u00e8ces - belge - Gastora\",\"isPartOf\":{\"@id\":\"https:\\\/\\\/gastora.eu\\\/#website\"},\"primaryImageOfPage\":{\"@id\":\"https:\\\/\\\/gastora.eu\\\/product\\\/gaufrier-3-pices-belge\\\/#primaryimage\"},\"image\":{\"@id\":\"https:\\\/\\\/gastora.eu\\\/product\\\/gaufrier-3-pices-belge\\\/#primaryimage\"},\"thumbnailUrl\":\"https:\\\/\\\/gastora.eu\\\/wp-content\\\/uploads\\\/2026\\\/04\\\/sp-005-61656f7235b90.jpg\",\"datePublished\":\"2026-04-25T17:48:45+00:00\",\"dateModified\":\"2026-04-28T16:56:22+00:00\",\"description\":\"Achetez Gaufrier - 3 pi\u00e8ces - belge au meilleur prix, fiable et performant avec une livraison rapide\",\"breadcrumb\":{\"@id\":\"https:\\\/\\\/gastora.eu\\\/product\\\/gaufrier-3-pices-belge\\\/#breadcrumb\"},\"inLanguage\":\"en-US\",\"potentialAction\":[{\"@type\":\"ReadAction\",\"target\":[\"https:\\\/\\\/gastora.eu\\\/product\\\/gaufrier-3-pices-belge\\\/\"]}]},{\"@type\":\"ImageObject\",\"inLanguage\":\"en-US\",\"@id\":\"https:\\\/\\\/gastora.eu\\\/product\\\/gaufrier-3-pices-belge\\\/#primaryimage\",\"url\":\"https:\\\/\\\/gastora.eu\\\/wp-content\\\/uploads\\\/2026\\\/04\\\/sp-005-61656f7235b90.jpg\",\"contentUrl\":\"https:\\\/\\\/gastora.eu\\\/wp-content\\\/uploads\\\/2026\\\/04\\\/sp-005-61656f7235b90.jpg\",\"width\":2048,\"height\":2048},{\"@type\":\"BreadcrumbList\",\"@id\":\"https:\\\/\\\/gastora.eu\\\/product\\\/gaufrier-3-pices-belge\\\/#breadcrumb\",\"itemListElement\":[{\"@type\":\"ListItem\",\"position\":1,\"name\":\"Home\",\"item\":\"https:\\\/\\\/gastora.eu\\\/\"},{\"@type\":\"ListItem\",\"position\":2,\"name\":\"Shop\",\"item\":\"https:\\\/\\\/gastora.eu\\\/shop\\\/\"},{\"@type\":\"ListItem\",\"position\":3,\"name\":\"Gaufrier &#8211; 3 pi\u00e8ces &#8211; belge\"}]},{\"@type\":\"WebSite\",\"@id\":\"https:\\\/\\\/gastora.eu\\\/#website\",\"url\":\"https:\\\/\\\/gastora.eu\\\/\",\"name\":\"Gastora\",\"description\":\"\u00c9quipements professionnels CHR\",\"publisher\":{\"@id\":\"https:\\\/\\\/gastora.eu\\\/#organization\"},\"potentialAction\":[{\"@type\":\"SearchAction\",\"target\":{\"@type\":\"EntryPoint\",\"urlTemplate\":\"https:\\\/\\\/gastora.eu\\\/?s={search_term_string}\"},\"query-input\":{\"@type\":\"PropertyValueSpecification\",\"valueRequired\":true,\"valueName\":\"search_term_string\"}}],\"inLanguage\":\"en-US\"},{\"@type\":\"Organization\",\"@id\":\"https:\\\/\\\/gastora.eu\\\/#organization\",\"name\":\"Gastora\",\"url\":\"https:\\\/\\\/gastora.eu\\\/\",\"logo\":{\"@type\":\"ImageObject\",\"inLanguage\":\"en-US\",\"@id\":\"https:\\\/\\\/gastora.eu\\\/#\\\/schema\\\/logo\\\/image\\\/\",\"url\":\"https:\\\/\\\/gastora.eu\\\/wp-content\\\/uploads\\\/2025\\\/12\\\/ChatGPT-Image-2-janv.-2026-22_52_47-1.png\",\"contentUrl\":\"https:\\\/\\\/gastora.eu\\\/wp-content\\\/uploads\\\/2025\\\/12\\\/ChatGPT-Image-2-janv.-2026-22_52_47-1.png\",\"width\":1536,\"height\":320,\"caption\":\"Gastora\"},\"image\":{\"@id\":\"https:\\\/\\\/gastora.eu\\\/#\\\/schema\\\/logo\\\/image\\\/\"}}]}<\/script>\n<!-- \/ Yoast SEO plugin. -->","yoast_head_json":{"title":"Gaufrier - 3 pi\u00e8ces - belge - Gastora","description":"Achetez Gaufrier - 3 pi\u00e8ces - belge au meilleur prix, fiable et performant avec une livraison rapide","robots":{"index":"index","follow":"follow","max-snippet":"max-snippet:-1","max-image-preview":"max-image-preview:large","max-video-preview":"max-video-preview:-1"},"canonical":"https:\/\/gastora.eu\/en\/product\/gaufrier-3-pices-belge\/","og_locale":"en_US","og_type":"article","og_title":"Gaufrier - 3 pi\u00e8ces - belge - Gastora","og_description":"Achetez Gaufrier - 3 pi\u00e8ces - belge au meilleur prix, fiable et performant avec une livraison rapide","og_url":"https:\/\/gastora.eu\/en\/product\/gaufrier-3-pices-belge\/","og_site_name":"Gastora","article_modified_time":"2026-04-28T16:56:22+00:00","twitter_card":"summary_large_image","twitter_misc":{"Est. reading time":"2 minutes"},"schema":{"@context":"https:\/\/schema.org","@graph":[{"@type":"WebPage","@id":"https:\/\/gastora.eu\/product\/gaufrier-3-pices-belge\/","url":"https:\/\/gastora.eu\/product\/gaufrier-3-pices-belge\/","name":"Gaufrier - 3 pi\u00e8ces - belge - Gastora","isPartOf":{"@id":"https:\/\/gastora.eu\/#website"},"primaryImageOfPage":{"@id":"https:\/\/gastora.eu\/product\/gaufrier-3-pices-belge\/#primaryimage"},"image":{"@id":"https:\/\/gastora.eu\/product\/gaufrier-3-pices-belge\/#primaryimage"},"thumbnailUrl":"https:\/\/gastora.eu\/wp-content\/uploads\/2026\/04\/sp-005-61656f7235b90.jpg","datePublished":"2026-04-25T17:48:45+00:00","dateModified":"2026-04-28T16:56:22+00:00","description":"Achetez Gaufrier - 3 pi\u00e8ces - belge au meilleur prix, fiable et performant avec une livraison rapide","breadcrumb":{"@id":"https:\/\/gastora.eu\/product\/gaufrier-3-pices-belge\/#breadcrumb"},"inLanguage":"en-US","potentialAction":[{"@type":"ReadAction","target":["https:\/\/gastora.eu\/product\/gaufrier-3-pices-belge\/"]}]},{"@type":"ImageObject","inLanguage":"en-US","@id":"https:\/\/gastora.eu\/product\/gaufrier-3-pices-belge\/#primaryimage","url":"https:\/\/gastora.eu\/wp-content\/uploads\/2026\/04\/sp-005-61656f7235b90.jpg","contentUrl":"https:\/\/gastora.eu\/wp-content\/uploads\/2026\/04\/sp-005-61656f7235b90.jpg","width":2048,"height":2048},{"@type":"BreadcrumbList","@id":"https:\/\/gastora.eu\/product\/gaufrier-3-pices-belge\/#breadcrumb","itemListElement":[{"@type":"ListItem","position":1,"name":"Home","item":"https:\/\/gastora.eu\/"},{"@type":"ListItem","position":2,"name":"Shop","item":"https:\/\/gastora.eu\/shop\/"},{"@type":"ListItem","position":3,"name":"Gaufrier &#8211; 3 pi\u00e8ces &#8211; belge"}]},{"@type":"WebSite","@id":"https:\/\/gastora.eu\/#website","url":"https:\/\/gastora.eu\/","name":"Gastora","description":"\u00c9quipements professionnels CHR","publisher":{"@id":"https:\/\/gastora.eu\/#organization"},"potentialAction":[{"@type":"SearchAction","target":{"@type":"EntryPoint","urlTemplate":"https:\/\/gastora.eu\/?s={search_term_string}"},"query-input":{"@type":"PropertyValueSpecification","valueRequired":true,"valueName":"search_term_string"}}],"inLanguage":"en-US"},{"@type":"Organization","@id":"https:\/\/gastora.eu\/#organization","name":"Gastora","url":"https:\/\/gastora.eu\/","logo":{"@type":"ImageObject","inLanguage":"en-US","@id":"https:\/\/gastora.eu\/#\/schema\/logo\/image\/","url":"https:\/\/gastora.eu\/wp-content\/uploads\/2025\/12\/ChatGPT-Image-2-janv.-2026-22_52_47-1.png","contentUrl":"https:\/\/gastora.eu\/wp-content\/uploads\/2025\/12\/ChatGPT-Image-2-janv.-2026-22_52_47-1.png","width":1536,"height":320,"caption":"Gastora"},"image":{"@id":"https:\/\/gastora.eu\/#\/schema\/logo\/image\/"}}]}},"jetpack_sharing_enabled":true,"_links":{"self":[{"href":"https:\/\/gastora.eu\/en\/wp-json\/wp\/v2\/product\/14357","targetHints":{"allow":["GET"]}}],"collection":[{"href":"https:\/\/gastora.eu\/en\/wp-json\/wp\/v2\/product"}],"about":[{"href":"https:\/\/gastora.eu\/en\/wp-json\/wp\/v2\/types\/product"}],"wp:featuredmedia":[{"embeddable":true,"href":"https:\/\/gastora.eu\/en\/wp-json\/wp\/v2\/media\/7462"}],"wp:attachment":[{"href":"https:\/\/gastora.eu\/en\/wp-json\/wp\/v2\/media?parent=14357"}],"wp:term":[{"taxonomy":"product_brand","embeddable":true,"href":"https:\/\/gastora.eu\/en\/wp-json\/wp\/v2\/product_brand?post=14357"},{"taxonomy":"product_cat","embeddable":true,"href":"https:\/\/gastora.eu\/en\/wp-json\/wp\/v2\/product_cat?post=14357"},{"taxonomy":"product_tag","embeddable":true,"href":"https:\/\/gastora.eu\/en\/wp-json\/wp\/v2\/product_tag?post=14357"}],"curies":[{"name":"wp","href":"https:\/\/api.w.org\/{rel}","templated":true}]}}