{"id":14356,"date":"2026-04-25T17:48:44","date_gmt":"2026-04-25T17:48:44","guid":{"rendered":"https:\/\/gastora.eu\/?post_type=product&#038;p=14356"},"modified":"2026-04-26T08:36:49","modified_gmt":"2026-04-26T08:36:49","slug":"gaufrier-2-pices-belge-2","status":"publish","type":"product","link":"https:\/\/gastora.eu\/en\/product\/gaufrier-2-pices-belge-2\/","title":{"rendered":"Gaufrier &#8211; 2 pi\u00e8ces &#8211; belge"},"content":{"rendered":"<p>Ce gaufrier \u00e9lectrique classique vous permet de pr\u00e9parer rapidement et facilement des gaufres en un rien de temps. En quelques secondes, il produit des gaufres d\u00e9licieusement l\u00e9g\u00e8res que vous pouvez servir imm\u00e9diatement avec des garnitures telles que du sucre glace, des cerises chaudes et de la cr\u00e8me fouett\u00e9e. Gr\u00e2ce \u00e0 son puissant \u00e9l\u00e9ment chauffant, le gaufrier atteint rapidement la bonne temp\u00e9rature et les plaques restent chaudes. Gr\u00e2ce \u00e0 ses pi\u00e8ces de haute qualit\u00e9, ce gaufrier peut r\u00e9sister \u00e0 une utilisation intensive dans n&#8217;importe quelle cuisine.<\/p>\n<h3>Forme classique pour les gaufres belges<\/h3>\n<p>Ce gaufrier de haute qualit\u00e9 pour la restauration a une forme classique qui convient \u00e0 la pr\u00e9paration de gaufres belges. Gr\u00e2ce \u00e0 la commande thermostatique conviviale, vous pouvez choisir n&#8217;importe quelle temp\u00e9rature entre 50 et 300\u00baC. Vous pouvez rapidement et facilement pr\u00e9parer deux gaufres en m\u00eame temps. Le voyant orange s&#8217;allume pour indiquer que les plaques chauffent. D\u00e8s que le voyant s&#8217;\u00e9teint, vous pouvez commencer \u00e0 cuisiner. Le minuteur vous permet de vous assurer que vos gaufres ne br\u00fblent pas, mais qu&#8217;elles ont juste le bon degr\u00e9 de croustillant et de couleur. Les plaques en aluminium sont dot\u00e9es d&#8217;un rev\u00eatement antiadh\u00e9sif qui permet d&#8217;obtenir des gaufres parfaites.<\/p>\n<h3>Avec pieds en acier inoxydable<\/h3>\n<p>Le bo\u00eetier en acier inoxydable se nettoie facilement \u00e0 l&#8217;aide d&#8217;un chiffon humide. Les plaques en aluminium ne sont pas amovibles mais peuvent \u00eatre nettoy\u00e9es rapidement et facilement \u00e0 l&#8217;aide d&#8217;une brosse, d&#8217;une \u00e9ponge ou d&#8217;un chiffon et d&#8217;un peu d&#8217;eau chaude. La meilleure fa\u00e7on de nettoyer les plateaux est d&#8217;\u00e9teindre l&#8217;appareil, de d\u00e9brancher le cordon d&#8217;alimentation et d&#8217;attendre que l&#8217;appareil ne soit plus chaud mais ti\u00e8de au toucher. C&#8217;est le moyen le plus facile d&#8217;essuyer les r\u00e9sidus. L&#8217;appareil repose sur quatre pieds en caoutchouc afin qu&#8217;il ne se d\u00e9place pas lorsqu&#8217;il est utilis\u00e9.<\/p>\n<p><strong>Caract\u00e9ristiques<\/strong><\/p>\n<ul>\n<li>Robuste et facile \u00e0 utiliser<\/li>\n<li>Plaque de cuisson en aluminium avec rev\u00eatement antiadh\u00e9sif<\/li>\n<li>Thermostat variable de 50 \u00b0C \u00e0 300 \u00b0C<\/li>\n<li>\u00c9quip\u00e9 d&#8217;une minuterie<\/li>\n<li>T\u00e9moin lumineux de temp\u00e9rature<\/li>\n<li>Poign\u00e9e robuste<\/li>\n<\/ul>\n<p><strong>Caract\u00e9ristiques du produit<\/strong><\/p>\n<ul>\n<li>Poids net : 11 kg<\/li>\n<li>Dimensions des gaufres : B10 x D16 x H3cm<\/li>\n<li>Dimensions de la machine : B30 x D38 x H26cm<\/li>\n<li>230V\/50Hz\/1Phase 1900W<\/li>\n<\/ul>","protected":false},"excerpt":{"rendered":"<p>Ce gaufrier classique est parfait pour pr\u00e9parer deux gaufres belges en m\u00eame temps. Il dispose de deux boutons de commande pour la temp\u00e9rature et la minuterie. Le bo\u00eetier en acier inoxydable et la plaque de cuisson en aluminium avec rev\u00eatement antiadh\u00e9sif facilitent le nettoyage. Ce gaufrier est id\u00e9al pour une utilisation quotidienne dans les p\u00e2tisseries, les march\u00e9s et les foires.<\/p>","protected":false},"featured_media":7460,"template":"","meta":{"_acf_changed":false},"product_brand":[],"product_cat":[16],"product_tag":[],"class_list":{"0":"post-14356","1":"product","2":"type-product","3":"status-publish","4":"has-post-thumbnail","6":"product_cat-cuisson","8":"first","9":"instock","10":"sale","11":"taxable","12":"shipping-taxable","13":"purchasable","14":"product-type-simple"},"acf":[],"yoast_head":"<!-- This site is optimized with the Yoast SEO plugin v27.4 - https:\/\/yoast.com\/product\/yoast-seo-wordpress\/ -->\n<title>Gaufrier - 2 pi\u00e8ces - belge - Gastora<\/title>\n<meta name=\"description\" content=\"Achetez Gaufrier - 2 pi\u00e8ces - belge au meilleur prix, fiable et performant avec une livraison rapide\" \/>\n<meta name=\"robots\" content=\"index, follow, max-snippet:-1, max-image-preview:large, max-video-preview:-1\" \/>\n<link rel=\"canonical\" href=\"https:\/\/gastora.eu\/en\/product\/gaufrier-2-pices-belge-2\/\" \/>\n<meta property=\"og:locale\" content=\"en_US\" \/>\n<meta property=\"og:type\" content=\"article\" \/>\n<meta property=\"og:title\" content=\"Gaufrier - 2 pi\u00e8ces - belge - Gastora\" \/>\n<meta property=\"og:description\" content=\"Achetez Gaufrier - 2 pi\u00e8ces - belge au meilleur prix, fiable et performant avec une livraison rapide\" \/>\n<meta property=\"og:url\" content=\"https:\/\/gastora.eu\/en\/product\/gaufrier-2-pices-belge-2\/\" \/>\n<meta property=\"og:site_name\" content=\"Gastora\" \/>\n<meta property=\"article:modified_time\" content=\"2026-04-26T08:36:49+00:00\" \/>\n<meta name=\"twitter:card\" content=\"summary_large_image\" \/>\n<meta name=\"twitter:label1\" content=\"Est. reading time\" \/>\n\t<meta name=\"twitter:data1\" content=\"2 minutes\" \/>\n<script type=\"application\/ld+json\" class=\"yoast-schema-graph\">{\"@context\":\"https:\\\/\\\/schema.org\",\"@graph\":[{\"@type\":\"WebPage\",\"@id\":\"https:\\\/\\\/gastora.eu\\\/product\\\/gaufrier-2-pices-belge-2\\\/\",\"url\":\"https:\\\/\\\/gastora.eu\\\/product\\\/gaufrier-2-pices-belge-2\\\/\",\"name\":\"Gaufrier - 2 pi\u00e8ces - belge - Gastora\",\"isPartOf\":{\"@id\":\"https:\\\/\\\/gastora.eu\\\/#website\"},\"primaryImageOfPage\":{\"@id\":\"https:\\\/\\\/gastora.eu\\\/product\\\/gaufrier-2-pices-belge-2\\\/#primaryimage\"},\"image\":{\"@id\":\"https:\\\/\\\/gastora.eu\\\/product\\\/gaufrier-2-pices-belge-2\\\/#primaryimage\"},\"thumbnailUrl\":\"https:\\\/\\\/gastora.eu\\\/wp-content\\\/uploads\\\/2026\\\/04\\\/sp-005-61656f7223a0a.jpg\",\"datePublished\":\"2026-04-25T17:48:44+00:00\",\"dateModified\":\"2026-04-26T08:36:49+00:00\",\"description\":\"Achetez Gaufrier - 2 pi\u00e8ces - belge au meilleur prix, fiable et performant avec une livraison rapide\",\"breadcrumb\":{\"@id\":\"https:\\\/\\\/gastora.eu\\\/product\\\/gaufrier-2-pices-belge-2\\\/#breadcrumb\"},\"inLanguage\":\"en-US\",\"potentialAction\":[{\"@type\":\"ReadAction\",\"target\":[\"https:\\\/\\\/gastora.eu\\\/product\\\/gaufrier-2-pices-belge-2\\\/\"]}]},{\"@type\":\"ImageObject\",\"inLanguage\":\"en-US\",\"@id\":\"https:\\\/\\\/gastora.eu\\\/product\\\/gaufrier-2-pices-belge-2\\\/#primaryimage\",\"url\":\"https:\\\/\\\/gastora.eu\\\/wp-content\\\/uploads\\\/2026\\\/04\\\/sp-005-61656f7223a0a.jpg\",\"contentUrl\":\"https:\\\/\\\/gastora.eu\\\/wp-content\\\/uploads\\\/2026\\\/04\\\/sp-005-61656f7223a0a.jpg\",\"width\":2048,\"height\":2048},{\"@type\":\"BreadcrumbList\",\"@id\":\"https:\\\/\\\/gastora.eu\\\/product\\\/gaufrier-2-pices-belge-2\\\/#breadcrumb\",\"itemListElement\":[{\"@type\":\"ListItem\",\"position\":1,\"name\":\"Home\",\"item\":\"https:\\\/\\\/gastora.eu\\\/\"},{\"@type\":\"ListItem\",\"position\":2,\"name\":\"Shop\",\"item\":\"https:\\\/\\\/gastora.eu\\\/shop\\\/\"},{\"@type\":\"ListItem\",\"position\":3,\"name\":\"Gaufrier &#8211; 2 pi\u00e8ces &#8211; belge\"}]},{\"@type\":\"WebSite\",\"@id\":\"https:\\\/\\\/gastora.eu\\\/#website\",\"url\":\"https:\\\/\\\/gastora.eu\\\/\",\"name\":\"Gastora\",\"description\":\"\u00c9quipements professionnels CHR\",\"publisher\":{\"@id\":\"https:\\\/\\\/gastora.eu\\\/#organization\"},\"potentialAction\":[{\"@type\":\"SearchAction\",\"target\":{\"@type\":\"EntryPoint\",\"urlTemplate\":\"https:\\\/\\\/gastora.eu\\\/?s={search_term_string}\"},\"query-input\":{\"@type\":\"PropertyValueSpecification\",\"valueRequired\":true,\"valueName\":\"search_term_string\"}}],\"inLanguage\":\"en-US\"},{\"@type\":\"Organization\",\"@id\":\"https:\\\/\\\/gastora.eu\\\/#organization\",\"name\":\"Gastora\",\"url\":\"https:\\\/\\\/gastora.eu\\\/\",\"logo\":{\"@type\":\"ImageObject\",\"inLanguage\":\"en-US\",\"@id\":\"https:\\\/\\\/gastora.eu\\\/#\\\/schema\\\/logo\\\/image\\\/\",\"url\":\"https:\\\/\\\/gastora.eu\\\/wp-content\\\/uploads\\\/2025\\\/12\\\/ChatGPT-Image-2-janv.-2026-22_52_47-1.png\",\"contentUrl\":\"https:\\\/\\\/gastora.eu\\\/wp-content\\\/uploads\\\/2025\\\/12\\\/ChatGPT-Image-2-janv.-2026-22_52_47-1.png\",\"width\":1536,\"height\":320,\"caption\":\"Gastora\"},\"image\":{\"@id\":\"https:\\\/\\\/gastora.eu\\\/#\\\/schema\\\/logo\\\/image\\\/\"}}]}<\/script>\n<!-- \/ Yoast SEO plugin. -->","yoast_head_json":{"title":"Gaufrier - 2 pi\u00e8ces - belge - Gastora","description":"Achetez Gaufrier - 2 pi\u00e8ces - belge au meilleur prix, fiable et performant avec une livraison rapide","robots":{"index":"index","follow":"follow","max-snippet":"max-snippet:-1","max-image-preview":"max-image-preview:large","max-video-preview":"max-video-preview:-1"},"canonical":"https:\/\/gastora.eu\/en\/product\/gaufrier-2-pices-belge-2\/","og_locale":"en_US","og_type":"article","og_title":"Gaufrier - 2 pi\u00e8ces - belge - Gastora","og_description":"Achetez Gaufrier - 2 pi\u00e8ces - belge au meilleur prix, fiable et performant avec une livraison rapide","og_url":"https:\/\/gastora.eu\/en\/product\/gaufrier-2-pices-belge-2\/","og_site_name":"Gastora","article_modified_time":"2026-04-26T08:36:49+00:00","twitter_card":"summary_large_image","twitter_misc":{"Est. reading time":"2 minutes"},"schema":{"@context":"https:\/\/schema.org","@graph":[{"@type":"WebPage","@id":"https:\/\/gastora.eu\/product\/gaufrier-2-pices-belge-2\/","url":"https:\/\/gastora.eu\/product\/gaufrier-2-pices-belge-2\/","name":"Gaufrier - 2 pi\u00e8ces - belge - Gastora","isPartOf":{"@id":"https:\/\/gastora.eu\/#website"},"primaryImageOfPage":{"@id":"https:\/\/gastora.eu\/product\/gaufrier-2-pices-belge-2\/#primaryimage"},"image":{"@id":"https:\/\/gastora.eu\/product\/gaufrier-2-pices-belge-2\/#primaryimage"},"thumbnailUrl":"https:\/\/gastora.eu\/wp-content\/uploads\/2026\/04\/sp-005-61656f7223a0a.jpg","datePublished":"2026-04-25T17:48:44+00:00","dateModified":"2026-04-26T08:36:49+00:00","description":"Achetez Gaufrier - 2 pi\u00e8ces - belge au meilleur prix, fiable et performant avec une livraison rapide","breadcrumb":{"@id":"https:\/\/gastora.eu\/product\/gaufrier-2-pices-belge-2\/#breadcrumb"},"inLanguage":"en-US","potentialAction":[{"@type":"ReadAction","target":["https:\/\/gastora.eu\/product\/gaufrier-2-pices-belge-2\/"]}]},{"@type":"ImageObject","inLanguage":"en-US","@id":"https:\/\/gastora.eu\/product\/gaufrier-2-pices-belge-2\/#primaryimage","url":"https:\/\/gastora.eu\/wp-content\/uploads\/2026\/04\/sp-005-61656f7223a0a.jpg","contentUrl":"https:\/\/gastora.eu\/wp-content\/uploads\/2026\/04\/sp-005-61656f7223a0a.jpg","width":2048,"height":2048},{"@type":"BreadcrumbList","@id":"https:\/\/gastora.eu\/product\/gaufrier-2-pices-belge-2\/#breadcrumb","itemListElement":[{"@type":"ListItem","position":1,"name":"Home","item":"https:\/\/gastora.eu\/"},{"@type":"ListItem","position":2,"name":"Shop","item":"https:\/\/gastora.eu\/shop\/"},{"@type":"ListItem","position":3,"name":"Gaufrier &#8211; 2 pi\u00e8ces &#8211; belge"}]},{"@type":"WebSite","@id":"https:\/\/gastora.eu\/#website","url":"https:\/\/gastora.eu\/","name":"Gastora","description":"\u00c9quipements professionnels CHR","publisher":{"@id":"https:\/\/gastora.eu\/#organization"},"potentialAction":[{"@type":"SearchAction","target":{"@type":"EntryPoint","urlTemplate":"https:\/\/gastora.eu\/?s={search_term_string}"},"query-input":{"@type":"PropertyValueSpecification","valueRequired":true,"valueName":"search_term_string"}}],"inLanguage":"en-US"},{"@type":"Organization","@id":"https:\/\/gastora.eu\/#organization","name":"Gastora","url":"https:\/\/gastora.eu\/","logo":{"@type":"ImageObject","inLanguage":"en-US","@id":"https:\/\/gastora.eu\/#\/schema\/logo\/image\/","url":"https:\/\/gastora.eu\/wp-content\/uploads\/2025\/12\/ChatGPT-Image-2-janv.-2026-22_52_47-1.png","contentUrl":"https:\/\/gastora.eu\/wp-content\/uploads\/2025\/12\/ChatGPT-Image-2-janv.-2026-22_52_47-1.png","width":1536,"height":320,"caption":"Gastora"},"image":{"@id":"https:\/\/gastora.eu\/#\/schema\/logo\/image\/"}}]}},"jetpack_sharing_enabled":true,"_links":{"self":[{"href":"https:\/\/gastora.eu\/en\/wp-json\/wp\/v2\/product\/14356","targetHints":{"allow":["GET"]}}],"collection":[{"href":"https:\/\/gastora.eu\/en\/wp-json\/wp\/v2\/product"}],"about":[{"href":"https:\/\/gastora.eu\/en\/wp-json\/wp\/v2\/types\/product"}],"wp:featuredmedia":[{"embeddable":true,"href":"https:\/\/gastora.eu\/en\/wp-json\/wp\/v2\/media\/7460"}],"wp:attachment":[{"href":"https:\/\/gastora.eu\/en\/wp-json\/wp\/v2\/media?parent=14356"}],"wp:term":[{"taxonomy":"product_brand","embeddable":true,"href":"https:\/\/gastora.eu\/en\/wp-json\/wp\/v2\/product_brand?post=14356"},{"taxonomy":"product_cat","embeddable":true,"href":"https:\/\/gastora.eu\/en\/wp-json\/wp\/v2\/product_cat?post=14356"},{"taxonomy":"product_tag","embeddable":true,"href":"https:\/\/gastora.eu\/en\/wp-json\/wp\/v2\/product_tag?post=14356"}],"curies":[{"name":"wp","href":"https:\/\/api.w.org\/{rel}","templated":true}]}}