{"id":14355,"date":"2026-04-25T17:48:43","date_gmt":"2026-04-25T17:48:43","guid":{"rendered":"https:\/\/gastora.eu\/?post_type=product&#038;p=14355"},"modified":"2026-04-26T08:36:48","modified_gmt":"2026-04-26T08:36:48","slug":"gaufrier-3-sucettes-emojis-sur-btonnets","status":"publish","type":"product","link":"https:\/\/gastora.eu\/en\/product\/gaufrier-3-sucettes-emojis-sur-btonnets\/","title":{"rendered":"Gaufrier &#8211; 3 sucettes &#8211; emojis sur b\u00e2tonnets"},"content":{"rendered":"<p>Surprenez vos clients avec ces gaufres emoji amusantes et populaires sur un b\u00e2ton. Elles remportent un franc succ\u00e8s sur les march\u00e9s et les foires, notamment aupr\u00e8s des enfants. Elles sont particuli\u00e8rement d\u00e9licieuses lorsqu&#8217;elles sont recouvertes de sucre glace ou tremp\u00e9es dans du chocolat. Les plaques de cuisson en aluminium comportent une encoche o\u00f9 vous pouvez placer un b\u00e2tonnet pour faciliter leur prise en main. En outre, les plaques de cuisson sont dot\u00e9es d&#8217;un rev\u00eatement antiadh\u00e9sif pour que la p\u00e2te et les gaufres ne collent pas. La construction durable et les pi\u00e8ces robustes conf\u00e8rent \u00e0 ce gaufrier une longue dur\u00e9e de vie. Ce gaufrier est bien adapt\u00e9 \u00e0 une utilisation professionnelle quotidienne dans des lieux comme les caf\u00e9s, les \u00e9tals de march\u00e9 et m\u00eame les food trucks.<\/p>\n<h3>Gaufrier rotatif<\/h3>\n<p>Lorsque vous commencez \u00e0 cuisiner, il est important que les plaques de cuisson chauffent rapidement. Ce n&#8217;est pas un probl\u00e8me, gr\u00e2ce \u00e0 l&#8217;\u00e9l\u00e9ment chauffant puissant de ce gaufrier. Cet \u00e9l\u00e9ment chauffant permet \u00e9galement aux plaques de rester \u00e0 la bonne temp\u00e9rature pendant la cuisson. L&#8217;appareil a un fonctionnement simple et convivial. Gr\u00e2ce au thermostat, vous pouvez r\u00e9gler la temp\u00e9rature souhait\u00e9e entre 50 et 300\u00b0C. D\u00e8s que le t\u00e9moin lumineux s&#8217;\u00e9teint, le gaufrier est pr\u00eat \u00e0 \u00eatre utilis\u00e9. Les gaufres ne br\u00fblent plus, gr\u00e2ce \u00e0 la minuterie r\u00e9glable. Comme ce gaufrier est rotatif, les gaufres sortent dor\u00e9es et parfaitement cuites des deux c\u00f4t\u00e9s.<\/p>\n<h3>Facile \u00e0 nettoyer<\/h3>\n<p>Le bo\u00eetier est en acier inoxydable, il est donc tr\u00e8s facile \u00e0 nettoyer. Si vous voulez nettoyer les plaques de cuisson, vous devez d&#8217;abord \u00e9teindre l&#8217;appareil et le d\u00e9brancher de la prise de courant. Attendez que les plaques de cuisson aient refroidi, mais soient encore chaudes au toucher. Nettoyez-les \u00e0 l&#8217;aide d&#8217;un chiffon humide avec un peu d&#8217;eau chaude. Gr\u00e2ce \u00e0 ses pieds en acier inoxydable, le gaufrier ne se d\u00e9place pas pendant l&#8217;utilisation et reste en place.<\/p>\n<p><strong>Caract\u00e9ristiques<\/strong> <\/p>\n<ul>\n<li>Robuste et facile \u00e0 utiliser<\/li>\n<li>Production rapide de trois gaufres emoji en m\u00eame temps<\/li>\n<li>Plaque de cuisson en aluminium avec un rev\u00eatement antiadh\u00e9sif<\/li>\n<li>Encoche dans la plaque de cuisson pour le b\u00e2ton<\/li>\n<li>Thermostat de 50 \u00e0 300\u00b0C<\/li>\n<li>\u00c9quip\u00e9 d&#8217;un minuteur<\/li>\n<li>T\u00e9moin lumineux de temp\u00e9rature<\/li>\n<li>Poign\u00e9e robuste<\/li>\n<li>Repose sur quatre pieds en acier inoxydable<\/li>\n<li>Construction tr\u00e8s durable<\/li>\n<li>Conception hygi\u00e9nique<\/li>\n<\/ul>\n<p><strong>Caract\u00e9ristiques du produit<\/strong><\/p>\n<ul>\n<li>Poids net : 9 kg<\/li>\n<li>Dimensions des gaufres : W19,5 x D3 x H3,5cm<\/li>\n<li>Dimensions de l&#8217;appareil : L30,5 x P34 x H28,5cm<\/li>\n<li>Puissance \u00e9lectrique totale : 1,56 kW<\/li>\n<li>230V\/50Hz\/1 Phase 1560W<\/li>\n<\/ul>","protected":false},"excerpt":{"rendered":"<p>Pr\u00e9parez une temp\u00eate avec ces sucettes gaufr\u00e9es emoji populaires en utilisant ce gaufrier professionnel pour sucettes. Gr\u00e2ce \u00e0 l&#8217;\u00e9l\u00e9ment chauffant puissant, les plaques de cuisson chauffent rapidement, ce qui vous permet de pr\u00e9parer facilement trois savoureuses gaufres emoji sur un b\u00e2ton en un rien de temps. Il est id\u00e9al pour les \u00e9tals de march\u00e9 ou les caf\u00e9s.<\/p>","protected":false},"featured_media":7458,"template":"","meta":{"_acf_changed":false},"product_brand":[],"product_cat":[16],"product_tag":[],"class_list":{"0":"post-14355","1":"product","2":"type-product","3":"status-publish","4":"has-post-thumbnail","6":"product_cat-cuisson","8":"first","9":"instock","10":"sale","11":"taxable","12":"shipping-taxable","13":"purchasable","14":"product-type-simple"},"acf":[],"yoast_head":"<!-- This site is optimized with the Yoast SEO plugin v27.4 - https:\/\/yoast.com\/product\/yoast-seo-wordpress\/ -->\n<title>Gaufrier - 3 sucettes - emojis sur b\u00e2tonnets - Gastora<\/title>\n<meta name=\"description\" content=\"Achetez Gaufrier - 3 sucettes - emojis sur b\u00e2tonnets au meilleur prix, fiable et performant avec une livraison rapide\" \/>\n<meta name=\"robots\" content=\"index, follow, max-snippet:-1, max-image-preview:large, max-video-preview:-1\" \/>\n<link rel=\"canonical\" href=\"https:\/\/gastora.eu\/en\/product\/gaufrier-3-sucettes-emojis-sur-btonnets\/\" \/>\n<meta property=\"og:locale\" content=\"en_US\" \/>\n<meta property=\"og:type\" content=\"article\" \/>\n<meta property=\"og:title\" content=\"Gaufrier - 3 sucettes - emojis sur b\u00e2tonnets - Gastora\" \/>\n<meta property=\"og:description\" content=\"Achetez Gaufrier - 3 sucettes - emojis sur b\u00e2tonnets au meilleur prix, fiable et performant avec une livraison rapide\" \/>\n<meta property=\"og:url\" content=\"https:\/\/gastora.eu\/en\/product\/gaufrier-3-sucettes-emojis-sur-btonnets\/\" \/>\n<meta property=\"og:site_name\" content=\"Gastora\" \/>\n<meta property=\"article:modified_time\" content=\"2026-04-26T08:36:48+00:00\" \/>\n<meta name=\"twitter:card\" content=\"summary_large_image\" \/>\n<meta name=\"twitter:label1\" content=\"Est. reading time\" \/>\n\t<meta name=\"twitter:data1\" content=\"2 minutes\" \/>\n<script type=\"application\/ld+json\" class=\"yoast-schema-graph\">{\"@context\":\"https:\\\/\\\/schema.org\",\"@graph\":[{\"@type\":\"WebPage\",\"@id\":\"https:\\\/\\\/gastora.eu\\\/product\\\/gaufrier-3-sucettes-emojis-sur-btonnets\\\/\",\"url\":\"https:\\\/\\\/gastora.eu\\\/product\\\/gaufrier-3-sucettes-emojis-sur-btonnets\\\/\",\"name\":\"Gaufrier - 3 sucettes - emojis sur b\u00e2tonnets - Gastora\",\"isPartOf\":{\"@id\":\"https:\\\/\\\/gastora.eu\\\/#website\"},\"primaryImageOfPage\":{\"@id\":\"https:\\\/\\\/gastora.eu\\\/product\\\/gaufrier-3-sucettes-emojis-sur-btonnets\\\/#primaryimage\"},\"image\":{\"@id\":\"https:\\\/\\\/gastora.eu\\\/product\\\/gaufrier-3-sucettes-emojis-sur-btonnets\\\/#primaryimage\"},\"thumbnailUrl\":\"https:\\\/\\\/gastora.eu\\\/wp-content\\\/uploads\\\/2026\\\/04\\\/sp-005-4.jpg\",\"datePublished\":\"2026-04-25T17:48:43+00:00\",\"dateModified\":\"2026-04-26T08:36:48+00:00\",\"description\":\"Achetez Gaufrier - 3 sucettes - emojis sur b\u00e2tonnets au meilleur prix, fiable et performant avec une livraison rapide\",\"breadcrumb\":{\"@id\":\"https:\\\/\\\/gastora.eu\\\/product\\\/gaufrier-3-sucettes-emojis-sur-btonnets\\\/#breadcrumb\"},\"inLanguage\":\"en-US\",\"potentialAction\":[{\"@type\":\"ReadAction\",\"target\":[\"https:\\\/\\\/gastora.eu\\\/product\\\/gaufrier-3-sucettes-emojis-sur-btonnets\\\/\"]}]},{\"@type\":\"ImageObject\",\"inLanguage\":\"en-US\",\"@id\":\"https:\\\/\\\/gastora.eu\\\/product\\\/gaufrier-3-sucettes-emojis-sur-btonnets\\\/#primaryimage\",\"url\":\"https:\\\/\\\/gastora.eu\\\/wp-content\\\/uploads\\\/2026\\\/04\\\/sp-005-4.jpg\",\"contentUrl\":\"https:\\\/\\\/gastora.eu\\\/wp-content\\\/uploads\\\/2026\\\/04\\\/sp-005-4.jpg\",\"width\":2048,\"height\":2048},{\"@type\":\"BreadcrumbList\",\"@id\":\"https:\\\/\\\/gastora.eu\\\/product\\\/gaufrier-3-sucettes-emojis-sur-btonnets\\\/#breadcrumb\",\"itemListElement\":[{\"@type\":\"ListItem\",\"position\":1,\"name\":\"Home\",\"item\":\"https:\\\/\\\/gastora.eu\\\/\"},{\"@type\":\"ListItem\",\"position\":2,\"name\":\"Shop\",\"item\":\"https:\\\/\\\/gastora.eu\\\/shop\\\/\"},{\"@type\":\"ListItem\",\"position\":3,\"name\":\"Gaufrier &#8211; 3 sucettes &#8211; emojis sur b\u00e2tonnets\"}]},{\"@type\":\"WebSite\",\"@id\":\"https:\\\/\\\/gastora.eu\\\/#website\",\"url\":\"https:\\\/\\\/gastora.eu\\\/\",\"name\":\"Gastora\",\"description\":\"\u00c9quipements professionnels CHR\",\"publisher\":{\"@id\":\"https:\\\/\\\/gastora.eu\\\/#organization\"},\"potentialAction\":[{\"@type\":\"SearchAction\",\"target\":{\"@type\":\"EntryPoint\",\"urlTemplate\":\"https:\\\/\\\/gastora.eu\\\/?s={search_term_string}\"},\"query-input\":{\"@type\":\"PropertyValueSpecification\",\"valueRequired\":true,\"valueName\":\"search_term_string\"}}],\"inLanguage\":\"en-US\"},{\"@type\":\"Organization\",\"@id\":\"https:\\\/\\\/gastora.eu\\\/#organization\",\"name\":\"Gastora\",\"url\":\"https:\\\/\\\/gastora.eu\\\/\",\"logo\":{\"@type\":\"ImageObject\",\"inLanguage\":\"en-US\",\"@id\":\"https:\\\/\\\/gastora.eu\\\/#\\\/schema\\\/logo\\\/image\\\/\",\"url\":\"https:\\\/\\\/gastora.eu\\\/wp-content\\\/uploads\\\/2025\\\/12\\\/ChatGPT-Image-2-janv.-2026-22_52_47-1.png\",\"contentUrl\":\"https:\\\/\\\/gastora.eu\\\/wp-content\\\/uploads\\\/2025\\\/12\\\/ChatGPT-Image-2-janv.-2026-22_52_47-1.png\",\"width\":1536,\"height\":320,\"caption\":\"Gastora\"},\"image\":{\"@id\":\"https:\\\/\\\/gastora.eu\\\/#\\\/schema\\\/logo\\\/image\\\/\"}}]}<\/script>\n<!-- \/ Yoast SEO plugin. -->","yoast_head_json":{"title":"Gaufrier - 3 sucettes - emojis sur b\u00e2tonnets - Gastora","description":"Achetez Gaufrier - 3 sucettes - emojis sur b\u00e2tonnets au meilleur prix, fiable et performant avec une livraison rapide","robots":{"index":"index","follow":"follow","max-snippet":"max-snippet:-1","max-image-preview":"max-image-preview:large","max-video-preview":"max-video-preview:-1"},"canonical":"https:\/\/gastora.eu\/en\/product\/gaufrier-3-sucettes-emojis-sur-btonnets\/","og_locale":"en_US","og_type":"article","og_title":"Gaufrier - 3 sucettes - emojis sur b\u00e2tonnets - Gastora","og_description":"Achetez Gaufrier - 3 sucettes - emojis sur b\u00e2tonnets au meilleur prix, fiable et performant avec une livraison rapide","og_url":"https:\/\/gastora.eu\/en\/product\/gaufrier-3-sucettes-emojis-sur-btonnets\/","og_site_name":"Gastora","article_modified_time":"2026-04-26T08:36:48+00:00","twitter_card":"summary_large_image","twitter_misc":{"Est. reading time":"2 minutes"},"schema":{"@context":"https:\/\/schema.org","@graph":[{"@type":"WebPage","@id":"https:\/\/gastora.eu\/product\/gaufrier-3-sucettes-emojis-sur-btonnets\/","url":"https:\/\/gastora.eu\/product\/gaufrier-3-sucettes-emojis-sur-btonnets\/","name":"Gaufrier - 3 sucettes - emojis sur b\u00e2tonnets - Gastora","isPartOf":{"@id":"https:\/\/gastora.eu\/#website"},"primaryImageOfPage":{"@id":"https:\/\/gastora.eu\/product\/gaufrier-3-sucettes-emojis-sur-btonnets\/#primaryimage"},"image":{"@id":"https:\/\/gastora.eu\/product\/gaufrier-3-sucettes-emojis-sur-btonnets\/#primaryimage"},"thumbnailUrl":"https:\/\/gastora.eu\/wp-content\/uploads\/2026\/04\/sp-005-4.jpg","datePublished":"2026-04-25T17:48:43+00:00","dateModified":"2026-04-26T08:36:48+00:00","description":"Achetez Gaufrier - 3 sucettes - emojis sur b\u00e2tonnets au meilleur prix, fiable et performant avec une livraison rapide","breadcrumb":{"@id":"https:\/\/gastora.eu\/product\/gaufrier-3-sucettes-emojis-sur-btonnets\/#breadcrumb"},"inLanguage":"en-US","potentialAction":[{"@type":"ReadAction","target":["https:\/\/gastora.eu\/product\/gaufrier-3-sucettes-emojis-sur-btonnets\/"]}]},{"@type":"ImageObject","inLanguage":"en-US","@id":"https:\/\/gastora.eu\/product\/gaufrier-3-sucettes-emojis-sur-btonnets\/#primaryimage","url":"https:\/\/gastora.eu\/wp-content\/uploads\/2026\/04\/sp-005-4.jpg","contentUrl":"https:\/\/gastora.eu\/wp-content\/uploads\/2026\/04\/sp-005-4.jpg","width":2048,"height":2048},{"@type":"BreadcrumbList","@id":"https:\/\/gastora.eu\/product\/gaufrier-3-sucettes-emojis-sur-btonnets\/#breadcrumb","itemListElement":[{"@type":"ListItem","position":1,"name":"Home","item":"https:\/\/gastora.eu\/"},{"@type":"ListItem","position":2,"name":"Shop","item":"https:\/\/gastora.eu\/shop\/"},{"@type":"ListItem","position":3,"name":"Gaufrier &#8211; 3 sucettes &#8211; emojis sur b\u00e2tonnets"}]},{"@type":"WebSite","@id":"https:\/\/gastora.eu\/#website","url":"https:\/\/gastora.eu\/","name":"Gastora","description":"\u00c9quipements professionnels CHR","publisher":{"@id":"https:\/\/gastora.eu\/#organization"},"potentialAction":[{"@type":"SearchAction","target":{"@type":"EntryPoint","urlTemplate":"https:\/\/gastora.eu\/?s={search_term_string}"},"query-input":{"@type":"PropertyValueSpecification","valueRequired":true,"valueName":"search_term_string"}}],"inLanguage":"en-US"},{"@type":"Organization","@id":"https:\/\/gastora.eu\/#organization","name":"Gastora","url":"https:\/\/gastora.eu\/","logo":{"@type":"ImageObject","inLanguage":"en-US","@id":"https:\/\/gastora.eu\/#\/schema\/logo\/image\/","url":"https:\/\/gastora.eu\/wp-content\/uploads\/2025\/12\/ChatGPT-Image-2-janv.-2026-22_52_47-1.png","contentUrl":"https:\/\/gastora.eu\/wp-content\/uploads\/2025\/12\/ChatGPT-Image-2-janv.-2026-22_52_47-1.png","width":1536,"height":320,"caption":"Gastora"},"image":{"@id":"https:\/\/gastora.eu\/#\/schema\/logo\/image\/"}}]}},"jetpack_sharing_enabled":true,"_links":{"self":[{"href":"https:\/\/gastora.eu\/en\/wp-json\/wp\/v2\/product\/14355","targetHints":{"allow":["GET"]}}],"collection":[{"href":"https:\/\/gastora.eu\/en\/wp-json\/wp\/v2\/product"}],"about":[{"href":"https:\/\/gastora.eu\/en\/wp-json\/wp\/v2\/types\/product"}],"wp:featuredmedia":[{"embeddable":true,"href":"https:\/\/gastora.eu\/en\/wp-json\/wp\/v2\/media\/7458"}],"wp:attachment":[{"href":"https:\/\/gastora.eu\/en\/wp-json\/wp\/v2\/media?parent=14355"}],"wp:term":[{"taxonomy":"product_brand","embeddable":true,"href":"https:\/\/gastora.eu\/en\/wp-json\/wp\/v2\/product_brand?post=14355"},{"taxonomy":"product_cat","embeddable":true,"href":"https:\/\/gastora.eu\/en\/wp-json\/wp\/v2\/product_cat?post=14355"},{"taxonomy":"product_tag","embeddable":true,"href":"https:\/\/gastora.eu\/en\/wp-json\/wp\/v2\/product_tag?post=14355"}],"curies":[{"name":"wp","href":"https:\/\/api.w.org\/{rel}","templated":true}]}}