{"id":14354,"date":"2026-04-25T17:48:42","date_gmt":"2026-04-25T17:48:42","guid":{"rendered":"https:\/\/gastora.eu\/?post_type=product&#038;p=14354"},"modified":"2026-04-26T08:36:48","modified_gmt":"2026-04-26T08:36:48","slug":"gaufrier-6-cake-pops","status":"publish","type":"product","link":"https:\/\/gastora.eu\/en\/product\/gaufrier-6-cake-pops\/","title":{"rendered":"Gaufrier &#8211; 6 cake pops"},"content":{"rendered":"<p>Les cake pops : le joyeux go\u00fbter qui fait sourire tout le monde. Avec ces boules de g\u00e2teau d\u00e9cor\u00e9es sur un b\u00e2tonnet, vous pouvez cr\u00e9er des variations \u00e0 l&#8217;infini. Adaptez la d\u00e9coration des cake pops aux f\u00eates, au style de votre entreprise ou cr\u00e9ez des smileys, des animaux ou des boules de No\u00ebl. Laissez libre cours \u00e0 votre cr\u00e9ativit\u00e9. Une chose est s\u00fbre : ce gaufrier professionnel vous permet de r\u00e9aliser rapidement et facilement la base de six cake pops en une seule fois.<\/p>\n<h3>Gaufrier pivotant<\/h3>\n<p>Ce gaufrier \u00e9lectrique est un mod\u00e8le rotatif qui vous permet de tourner tous vos cakes pops en une seule fois sans avoir \u00e0 les retirer de la plaque de cuisson. La p\u00e2te peut ainsi s&#8217;affaisser des deux c\u00f4t\u00e9s, de sorte que les cake pops ont toujours une forme ronde parfaite des deux c\u00f4t\u00e9s. L&#8217;appareil repose fermement sur quatre pieds en acier inoxydable, ce qui lui permet de rester stable lorsqu&#8217;il tourne. La plaque de cuisson est dot\u00e9e d&#8217;une encoche sp\u00e9ciale pour le b\u00e2ton. Cela vous permet de placer le b\u00e2tonnet au bon endroit en une seule fois et il sera toujours droit et au milieu du g\u00e2teau. Laissez cuire quelques minutes et vos g\u00e2teaux sur b\u00e2tonnet sont pr\u00eats \u00e0 \u00eatre d\u00e9cor\u00e9s, par exemple avec du chocolat.<\/p>\n<h3>Des g\u00e2teaux toujours parfaits<\/h3>\n<p>Gr\u00e2ce \u00e0 son fonctionnement pratique, la r\u00e9alisation d&#8217;un cake pop parfait est \u00e0 la port\u00e9e de tous. Ce gaufrier professionnel est \u00e9quip\u00e9 de toutes les commodit\u00e9s. Avec le bouton rotatif, vous r\u00e9glez la temp\u00e9rature et, si vous le souhaitez, vous activez la minuterie avec une alarme pour obtenir toujours des cake pops de la m\u00eame qualit\u00e9.<\/p>\n<p>Caract\u00e9ristiques<\/p>\n<ul>\n<li>Gaufrier rotatif pour une belle forme ronde<\/li>\n<li>\u00c9quip\u00e9 d&#8217;une minuterie et d&#8217;une alarme<\/li>\n<li>Thermostat facile \u00e0 r\u00e9gler<\/li>\n<li>Plaque de cuisson en aluminium avec rev\u00eatement antiadh\u00e9sif et encoche pour le collage<\/li>\n<li>Les plaques de cuisson ne sont pas amovibles<\/li>\n<\/ul>\n<p>Caract\u00e9ristiques du produit<\/p>\n<ul>\n<li>Robuste et facile \u00e0 utiliser<\/li>\n<li>Production rapide de 6 cake pops en m\u00eame temps<\/li>\n<li>Plaque de cuisson en aluminium avec rev\u00eatement antiadh\u00e9sif<\/li>\n<li>Encoche dans la plaque de cuisson pour le b\u00e2ton<\/li>\n<li>Thermostat variable de 50\u00b0C \u00e0 300\u00b0C<\/li>\n<li>Equip\u00e9 d&#8217;une minuterie 0-10 minutes avec alarme<\/li>\n<li>Poids net : 17,5kg<\/li>\n<li>Dimensions du cake pop : \u2205 5 x 4cm<\/li>\n<li>Dimensions de l&#8217;appareil : L78 x P32 x H32cm<\/li>\n<li>Puissance \u00e9lectrique totale : 1,2 kW<\/li>\n<li>230V\/50Hz\/1Phase 1200W<\/li>\n<\/ul>","protected":false},"excerpt":{"rendered":"<p>Ce gaufrier rotatif en acier inoxydable permet de r\u00e9aliser six cake pops en une seule fois. Le panneau de commande vous permet de r\u00e9gler la temp\u00e9rature souhait\u00e9e et la minuterie. Il est dot\u00e9 d&#8217;une plaque de cuisson en aluminium avec rev\u00eatement antiadh\u00e9sif et d&#8217;encoches pour les b\u00e2tonnets. Parfait pour les foires, les march\u00e9s ou les food trucks.<\/p>","protected":false},"featured_media":7456,"template":"","meta":{"_acf_changed":false},"product_brand":[],"product_cat":[16],"product_tag":[],"class_list":{"0":"post-14354","1":"product","2":"type-product","3":"status-publish","4":"has-post-thumbnail","6":"product_cat-cuisson","8":"first","9":"instock","10":"sale","11":"taxable","12":"shipping-taxable","13":"purchasable","14":"product-type-simple"},"acf":[],"yoast_head":"<!-- This site is optimized with the Yoast SEO plugin v27.4 - https:\/\/yoast.com\/product\/yoast-seo-wordpress\/ -->\n<title>Gaufrier - 6 cake pops - Gastora<\/title>\n<meta name=\"description\" content=\"Achetez Gaufrier - 6 cake pops au meilleur prix, fiable et performant avec une livraison rapide\" \/>\n<meta name=\"robots\" content=\"index, follow, max-snippet:-1, max-image-preview:large, max-video-preview:-1\" \/>\n<link rel=\"canonical\" href=\"https:\/\/gastora.eu\/en\/product\/gaufrier-6-cake-pops\/\" \/>\n<meta property=\"og:locale\" content=\"en_US\" \/>\n<meta property=\"og:type\" content=\"article\" \/>\n<meta property=\"og:title\" content=\"Gaufrier - 6 cake pops - Gastora\" \/>\n<meta property=\"og:description\" content=\"Achetez Gaufrier - 6 cake pops au meilleur prix, fiable et performant avec une livraison rapide\" \/>\n<meta property=\"og:url\" content=\"https:\/\/gastora.eu\/en\/product\/gaufrier-6-cake-pops\/\" \/>\n<meta property=\"og:site_name\" content=\"Gastora\" \/>\n<meta property=\"article:modified_time\" content=\"2026-04-26T08:36:48+00:00\" \/>\n<meta name=\"twitter:card\" content=\"summary_large_image\" \/>\n<meta name=\"twitter:label1\" content=\"Est. reading time\" \/>\n\t<meta name=\"twitter:data1\" content=\"2 minutes\" \/>\n<script type=\"application\/ld+json\" class=\"yoast-schema-graph\">{\"@context\":\"https:\\\/\\\/schema.org\",\"@graph\":[{\"@type\":\"WebPage\",\"@id\":\"https:\\\/\\\/gastora.eu\\\/product\\\/gaufrier-6-cake-pops\\\/\",\"url\":\"https:\\\/\\\/gastora.eu\\\/product\\\/gaufrier-6-cake-pops\\\/\",\"name\":\"Gaufrier - 6 cake pops - Gastora\",\"isPartOf\":{\"@id\":\"https:\\\/\\\/gastora.eu\\\/#website\"},\"primaryImageOfPage\":{\"@id\":\"https:\\\/\\\/gastora.eu\\\/product\\\/gaufrier-6-cake-pops\\\/#primaryimage\"},\"image\":{\"@id\":\"https:\\\/\\\/gastora.eu\\\/product\\\/gaufrier-6-cake-pops\\\/#primaryimage\"},\"thumbnailUrl\":\"https:\\\/\\\/gastora.eu\\\/wp-content\\\/uploads\\\/2026\\\/04\\\/sp-005-61656f87cba0a.jpg\",\"datePublished\":\"2026-04-25T17:48:42+00:00\",\"dateModified\":\"2026-04-26T08:36:48+00:00\",\"description\":\"Achetez Gaufrier - 6 cake pops au meilleur prix, fiable et performant avec une livraison rapide\",\"breadcrumb\":{\"@id\":\"https:\\\/\\\/gastora.eu\\\/product\\\/gaufrier-6-cake-pops\\\/#breadcrumb\"},\"inLanguage\":\"en-US\",\"potentialAction\":[{\"@type\":\"ReadAction\",\"target\":[\"https:\\\/\\\/gastora.eu\\\/product\\\/gaufrier-6-cake-pops\\\/\"]}]},{\"@type\":\"ImageObject\",\"inLanguage\":\"en-US\",\"@id\":\"https:\\\/\\\/gastora.eu\\\/product\\\/gaufrier-6-cake-pops\\\/#primaryimage\",\"url\":\"https:\\\/\\\/gastora.eu\\\/wp-content\\\/uploads\\\/2026\\\/04\\\/sp-005-61656f87cba0a.jpg\",\"contentUrl\":\"https:\\\/\\\/gastora.eu\\\/wp-content\\\/uploads\\\/2026\\\/04\\\/sp-005-61656f87cba0a.jpg\",\"width\":2048,\"height\":2048},{\"@type\":\"BreadcrumbList\",\"@id\":\"https:\\\/\\\/gastora.eu\\\/product\\\/gaufrier-6-cake-pops\\\/#breadcrumb\",\"itemListElement\":[{\"@type\":\"ListItem\",\"position\":1,\"name\":\"Home\",\"item\":\"https:\\\/\\\/gastora.eu\\\/\"},{\"@type\":\"ListItem\",\"position\":2,\"name\":\"Shop\",\"item\":\"https:\\\/\\\/gastora.eu\\\/shop\\\/\"},{\"@type\":\"ListItem\",\"position\":3,\"name\":\"Gaufrier &#8211; 6 cake pops\"}]},{\"@type\":\"WebSite\",\"@id\":\"https:\\\/\\\/gastora.eu\\\/#website\",\"url\":\"https:\\\/\\\/gastora.eu\\\/\",\"name\":\"Gastora\",\"description\":\"\u00c9quipements professionnels CHR\",\"publisher\":{\"@id\":\"https:\\\/\\\/gastora.eu\\\/#organization\"},\"potentialAction\":[{\"@type\":\"SearchAction\",\"target\":{\"@type\":\"EntryPoint\",\"urlTemplate\":\"https:\\\/\\\/gastora.eu\\\/?s={search_term_string}\"},\"query-input\":{\"@type\":\"PropertyValueSpecification\",\"valueRequired\":true,\"valueName\":\"search_term_string\"}}],\"inLanguage\":\"en-US\"},{\"@type\":\"Organization\",\"@id\":\"https:\\\/\\\/gastora.eu\\\/#organization\",\"name\":\"Gastora\",\"url\":\"https:\\\/\\\/gastora.eu\\\/\",\"logo\":{\"@type\":\"ImageObject\",\"inLanguage\":\"en-US\",\"@id\":\"https:\\\/\\\/gastora.eu\\\/#\\\/schema\\\/logo\\\/image\\\/\",\"url\":\"https:\\\/\\\/gastora.eu\\\/wp-content\\\/uploads\\\/2025\\\/12\\\/ChatGPT-Image-2-janv.-2026-22_52_47-1.png\",\"contentUrl\":\"https:\\\/\\\/gastora.eu\\\/wp-content\\\/uploads\\\/2025\\\/12\\\/ChatGPT-Image-2-janv.-2026-22_52_47-1.png\",\"width\":1536,\"height\":320,\"caption\":\"Gastora\"},\"image\":{\"@id\":\"https:\\\/\\\/gastora.eu\\\/#\\\/schema\\\/logo\\\/image\\\/\"}}]}<\/script>\n<!-- \/ Yoast SEO plugin. -->","yoast_head_json":{"title":"Gaufrier - 6 cake pops - Gastora","description":"Achetez Gaufrier - 6 cake pops au meilleur prix, fiable et performant avec une livraison rapide","robots":{"index":"index","follow":"follow","max-snippet":"max-snippet:-1","max-image-preview":"max-image-preview:large","max-video-preview":"max-video-preview:-1"},"canonical":"https:\/\/gastora.eu\/en\/product\/gaufrier-6-cake-pops\/","og_locale":"en_US","og_type":"article","og_title":"Gaufrier - 6 cake pops - Gastora","og_description":"Achetez Gaufrier - 6 cake pops au meilleur prix, fiable et performant avec une livraison rapide","og_url":"https:\/\/gastora.eu\/en\/product\/gaufrier-6-cake-pops\/","og_site_name":"Gastora","article_modified_time":"2026-04-26T08:36:48+00:00","twitter_card":"summary_large_image","twitter_misc":{"Est. reading time":"2 minutes"},"schema":{"@context":"https:\/\/schema.org","@graph":[{"@type":"WebPage","@id":"https:\/\/gastora.eu\/product\/gaufrier-6-cake-pops\/","url":"https:\/\/gastora.eu\/product\/gaufrier-6-cake-pops\/","name":"Gaufrier - 6 cake pops - Gastora","isPartOf":{"@id":"https:\/\/gastora.eu\/#website"},"primaryImageOfPage":{"@id":"https:\/\/gastora.eu\/product\/gaufrier-6-cake-pops\/#primaryimage"},"image":{"@id":"https:\/\/gastora.eu\/product\/gaufrier-6-cake-pops\/#primaryimage"},"thumbnailUrl":"https:\/\/gastora.eu\/wp-content\/uploads\/2026\/04\/sp-005-61656f87cba0a.jpg","datePublished":"2026-04-25T17:48:42+00:00","dateModified":"2026-04-26T08:36:48+00:00","description":"Achetez Gaufrier - 6 cake pops au meilleur prix, fiable et performant avec une livraison rapide","breadcrumb":{"@id":"https:\/\/gastora.eu\/product\/gaufrier-6-cake-pops\/#breadcrumb"},"inLanguage":"en-US","potentialAction":[{"@type":"ReadAction","target":["https:\/\/gastora.eu\/product\/gaufrier-6-cake-pops\/"]}]},{"@type":"ImageObject","inLanguage":"en-US","@id":"https:\/\/gastora.eu\/product\/gaufrier-6-cake-pops\/#primaryimage","url":"https:\/\/gastora.eu\/wp-content\/uploads\/2026\/04\/sp-005-61656f87cba0a.jpg","contentUrl":"https:\/\/gastora.eu\/wp-content\/uploads\/2026\/04\/sp-005-61656f87cba0a.jpg","width":2048,"height":2048},{"@type":"BreadcrumbList","@id":"https:\/\/gastora.eu\/product\/gaufrier-6-cake-pops\/#breadcrumb","itemListElement":[{"@type":"ListItem","position":1,"name":"Home","item":"https:\/\/gastora.eu\/"},{"@type":"ListItem","position":2,"name":"Shop","item":"https:\/\/gastora.eu\/shop\/"},{"@type":"ListItem","position":3,"name":"Gaufrier &#8211; 6 cake pops"}]},{"@type":"WebSite","@id":"https:\/\/gastora.eu\/#website","url":"https:\/\/gastora.eu\/","name":"Gastora","description":"\u00c9quipements professionnels CHR","publisher":{"@id":"https:\/\/gastora.eu\/#organization"},"potentialAction":[{"@type":"SearchAction","target":{"@type":"EntryPoint","urlTemplate":"https:\/\/gastora.eu\/?s={search_term_string}"},"query-input":{"@type":"PropertyValueSpecification","valueRequired":true,"valueName":"search_term_string"}}],"inLanguage":"en-US"},{"@type":"Organization","@id":"https:\/\/gastora.eu\/#organization","name":"Gastora","url":"https:\/\/gastora.eu\/","logo":{"@type":"ImageObject","inLanguage":"en-US","@id":"https:\/\/gastora.eu\/#\/schema\/logo\/image\/","url":"https:\/\/gastora.eu\/wp-content\/uploads\/2025\/12\/ChatGPT-Image-2-janv.-2026-22_52_47-1.png","contentUrl":"https:\/\/gastora.eu\/wp-content\/uploads\/2025\/12\/ChatGPT-Image-2-janv.-2026-22_52_47-1.png","width":1536,"height":320,"caption":"Gastora"},"image":{"@id":"https:\/\/gastora.eu\/#\/schema\/logo\/image\/"}}]}},"jetpack_sharing_enabled":true,"_links":{"self":[{"href":"https:\/\/gastora.eu\/en\/wp-json\/wp\/v2\/product\/14354","targetHints":{"allow":["GET"]}}],"collection":[{"href":"https:\/\/gastora.eu\/en\/wp-json\/wp\/v2\/product"}],"about":[{"href":"https:\/\/gastora.eu\/en\/wp-json\/wp\/v2\/types\/product"}],"wp:featuredmedia":[{"embeddable":true,"href":"https:\/\/gastora.eu\/en\/wp-json\/wp\/v2\/media\/7456"}],"wp:attachment":[{"href":"https:\/\/gastora.eu\/en\/wp-json\/wp\/v2\/media?parent=14354"}],"wp:term":[{"taxonomy":"product_brand","embeddable":true,"href":"https:\/\/gastora.eu\/en\/wp-json\/wp\/v2\/product_brand?post=14354"},{"taxonomy":"product_cat","embeddable":true,"href":"https:\/\/gastora.eu\/en\/wp-json\/wp\/v2\/product_cat?post=14354"},{"taxonomy":"product_tag","embeddable":true,"href":"https:\/\/gastora.eu\/en\/wp-json\/wp\/v2\/product_tag?post=14354"}],"curies":[{"name":"wp","href":"https:\/\/api.w.org\/{rel}","templated":true}]}}