{"id":14353,"date":"2026-04-25T17:48:41","date_gmt":"2026-04-25T17:48:41","guid":{"rendered":"https:\/\/gastora.eu\/?post_type=product&#038;p=14353"},"modified":"2026-04-26T08:36:47","modified_gmt":"2026-04-26T08:36:47","slug":"gaufrier-3-sucettes-coeurs-avec-emojis-sur-btonnets","status":"publish","type":"product","link":"https:\/\/gastora.eu\/en\/product\/gaufrier-3-sucettes-coeurs-avec-emojis-sur-btonnets\/","title":{"rendered":"Gaufrier &#8211; 3 sucettes &#8211; coeurs avec emojis sur b\u00e2tonnets"},"content":{"rendered":"<p>Les gaufres Lollipop sont tr\u00e8s populaires. Avec cet appareil \u00e0 gaufres, vous pouvez faire cuire trois d\u00e9licieuses gaufres sur un b\u00e2ton \u00e0 la fois. Elles ont la forme de sept c\u0153urs empil\u00e9s les uns sur les autres, avec un \u00e9moji smiley heureux sur le dessus. De quoi faire sourire tout le monde ! Et pour vous aussi, car gr\u00e2ce \u00e0 son fonctionnement facile et \u00e0 sa conception robuste, vous pourrez prendre plaisir \u00e0 pr\u00e9parer ces gaufres pendant longtemps.<\/p>\n<h3>Gaufrier r\u00e9versible<\/h3>\n<p>Ce gaufrier \u00e9lectrique est \u00e9quip\u00e9 d&#8217;une poign\u00e9e r\u00e9versible. Cela signifie que vous pouvez retourner toutes vos gaufres en une seule fois, sans avoir \u00e0 les retirer de la plaque de cuisson. Ainsi, la p\u00e2te peut s&#8217;enfoncer des deux c\u00f4t\u00e9s, ce qui donne \u00e0 vos gaufres une forme ronde &#8220;compl\u00e8te&#8221; des deux c\u00f4t\u00e9s. D\u00e9sormais, vous ne servirez plus que des gaufres parfaites.<\/p>\n<h3>R\u00e9chauffe rapidement<\/h3>\n<p>Ce gaufrier \u00e9lectrique est parfait pour les \u00e9tals de march\u00e9 et les stands de g\u00e2teaux, mais aussi pour les restaurants et les caf\u00e9s. Apr\u00e8s tout, une joyeuse gaufre sur un b\u00e2ton n&#8217;est pas seulement id\u00e9ale comme en-cas, mais aussi comme dessert. Vous pouvez r\u00e9gler vous-m\u00eame la temp\u00e9rature entre 50 et 300\u00b0C et avec le minuteur, vous n&#8217;oublierez jamais de les retirer. Gr\u00e2ce aux plaques de cuisson \u00e0 chauffage rapide, les gaufres sucettes sont pr\u00eates en quelques minutes seulement. La plaque de cuisson est dot\u00e9e d&#8217;un renfoncement sp\u00e9cial pour le b\u00e2tonnet. Cela vous permet de placer le b\u00e2ton au bon endroit en une seule fois, et il sera toujours droit et au milieu de la gaufre.<\/p>\n<p>Caract\u00e9ristiques<\/p>\n<ul>\n<li>Gaufrier rotatif pour de belles formes sur les deux faces <\/li>\n<li>\u00c9quip\u00e9 d&#8217;un minuteur<\/li>\n<li>Thermostat facile \u00e0 r\u00e9gler<\/li>\n<li>Plaque de cuisson en aluminium avec rev\u00eatement antiadh\u00e9sif<\/li>\n<li>Les plaques de cuisson ne sont pas amovibles<\/li>\n<\/ul>\n<p>Caract\u00e9ristiques du produit<\/p>\n<ul>\n<li>Robuste et facile \u00e0 utiliser<\/li>\n<li>Production rapide de gaufres emoji \u00e0 3 c\u0153urs en m\u00eame temps<\/li>\n<li>Plaque de cuisson en aluminium avec rev\u00eatement antiadh\u00e9sif<\/li>\n<li>Encoche dans la plaque de cuisson pour le b\u00e2ton<\/li>\n<li>Thermostat variable de 50 \u00b0 C \u00e0 300 \u00b0 C<\/li>\n<li>Equip\u00e9 d&#8217;un minuteur<\/li>\n<li>T\u00e9moin lumineux de temp\u00e9rature<\/li>\n<li>Poign\u00e9e robuste<\/li>\n<li>Repose sur 4 pieds en acier inoxydable<\/li>\n<li>Construction tr\u00e8s durable<\/li>\n<li>Conception hygi\u00e9nique<\/li>\n<li>Poids net : 8 kg <\/li>\n<li>Dimensions des gaufres : W14 x D4 x H2cm<\/li>\n<li>Dimensions de l&#8217;appareil : L30,5 x P34 x H28,5cm <\/li>\n<li>Puissance \u00e9lectrique totale : 1,56 kW<\/li>\n<li>230V\/50Hz\/1Phase 1560W<\/li>\n<\/ul>","protected":false},"excerpt":{"rendered":"<p>L&#8217;amour est dans l&#8217;air avec ces joyeuses gaufres en forme d&#8217;\u00e9moji de c\u0153ur que vous pouvez faire avec ce gaufrier. Vous en faites cuire trois \u00e0 la fois et sur un b\u00e2tonnet pratique. Elles sont faciles \u00e0 manger, et bien s\u00fbr, faciles \u00e0 offrir. De plus, avec ce mod\u00e8le rotatif, vous ferez toujours des gaufres avec une belle forme pleine.<\/p>","protected":false},"featured_media":7454,"template":"","meta":{"_acf_changed":false},"product_brand":[],"product_cat":[16],"product_tag":[],"class_list":{"0":"post-14353","1":"product","2":"type-product","3":"status-publish","4":"has-post-thumbnail","6":"product_cat-cuisson","8":"first","9":"instock","10":"sale","11":"taxable","12":"shipping-taxable","13":"purchasable","14":"product-type-simple"},"acf":[],"yoast_head":"<!-- This site is optimized with the Yoast SEO plugin v27.4 - https:\/\/yoast.com\/product\/yoast-seo-wordpress\/ -->\n<title>Gaufrier - 3 sucettes - coeurs avec emojis sur b\u00e2tonnets - Gastora<\/title>\n<meta name=\"description\" content=\"Achetez Gaufrier - 3 sucettes - coeurs avec emojis sur b\u00e2tonnets au meilleur prix, fiable et performant avec une livraison rapide\" \/>\n<meta name=\"robots\" content=\"index, follow, max-snippet:-1, max-image-preview:large, max-video-preview:-1\" \/>\n<link rel=\"canonical\" href=\"https:\/\/gastora.eu\/en\/product\/gaufrier-3-sucettes-coeurs-avec-emojis-sur-btonnets\/\" \/>\n<meta property=\"og:locale\" content=\"en_US\" \/>\n<meta property=\"og:type\" content=\"article\" \/>\n<meta property=\"og:title\" content=\"Gaufrier - 3 sucettes - coeurs avec emojis sur b\u00e2tonnets - Gastora\" \/>\n<meta property=\"og:description\" content=\"Achetez Gaufrier - 3 sucettes - coeurs avec emojis sur b\u00e2tonnets au meilleur prix, fiable et performant avec une livraison rapide\" \/>\n<meta property=\"og:url\" content=\"https:\/\/gastora.eu\/en\/product\/gaufrier-3-sucettes-coeurs-avec-emojis-sur-btonnets\/\" \/>\n<meta property=\"og:site_name\" content=\"Gastora\" \/>\n<meta property=\"article:modified_time\" content=\"2026-04-26T08:36:47+00:00\" \/>\n<meta name=\"twitter:card\" content=\"summary_large_image\" \/>\n<meta name=\"twitter:label1\" content=\"Est. reading time\" \/>\n\t<meta name=\"twitter:data1\" content=\"2 minutes\" \/>\n<script type=\"application\/ld+json\" class=\"yoast-schema-graph\">{\"@context\":\"https:\\\/\\\/schema.org\",\"@graph\":[{\"@type\":\"WebPage\",\"@id\":\"https:\\\/\\\/gastora.eu\\\/product\\\/gaufrier-3-sucettes-coeurs-avec-emojis-sur-btonnets\\\/\",\"url\":\"https:\\\/\\\/gastora.eu\\\/product\\\/gaufrier-3-sucettes-coeurs-avec-emojis-sur-btonnets\\\/\",\"name\":\"Gaufrier - 3 sucettes - coeurs avec emojis sur b\u00e2tonnets - Gastora\",\"isPartOf\":{\"@id\":\"https:\\\/\\\/gastora.eu\\\/#website\"},\"primaryImageOfPage\":{\"@id\":\"https:\\\/\\\/gastora.eu\\\/product\\\/gaufrier-3-sucettes-coeurs-avec-emojis-sur-btonnets\\\/#primaryimage\"},\"image\":{\"@id\":\"https:\\\/\\\/gastora.eu\\\/product\\\/gaufrier-3-sucettes-coeurs-avec-emojis-sur-btonnets\\\/#primaryimage\"},\"thumbnailUrl\":\"https:\\\/\\\/gastora.eu\\\/wp-content\\\/uploads\\\/2026\\\/04\\\/sp-005-61656f87a52fa.jpg\",\"datePublished\":\"2026-04-25T17:48:41+00:00\",\"dateModified\":\"2026-04-26T08:36:47+00:00\",\"description\":\"Achetez Gaufrier - 3 sucettes - coeurs avec emojis sur b\u00e2tonnets au meilleur prix, fiable et performant avec une livraison rapide\",\"breadcrumb\":{\"@id\":\"https:\\\/\\\/gastora.eu\\\/product\\\/gaufrier-3-sucettes-coeurs-avec-emojis-sur-btonnets\\\/#breadcrumb\"},\"inLanguage\":\"en-US\",\"potentialAction\":[{\"@type\":\"ReadAction\",\"target\":[\"https:\\\/\\\/gastora.eu\\\/product\\\/gaufrier-3-sucettes-coeurs-avec-emojis-sur-btonnets\\\/\"]}]},{\"@type\":\"ImageObject\",\"inLanguage\":\"en-US\",\"@id\":\"https:\\\/\\\/gastora.eu\\\/product\\\/gaufrier-3-sucettes-coeurs-avec-emojis-sur-btonnets\\\/#primaryimage\",\"url\":\"https:\\\/\\\/gastora.eu\\\/wp-content\\\/uploads\\\/2026\\\/04\\\/sp-005-61656f87a52fa.jpg\",\"contentUrl\":\"https:\\\/\\\/gastora.eu\\\/wp-content\\\/uploads\\\/2026\\\/04\\\/sp-005-61656f87a52fa.jpg\",\"width\":2048,\"height\":2048},{\"@type\":\"BreadcrumbList\",\"@id\":\"https:\\\/\\\/gastora.eu\\\/product\\\/gaufrier-3-sucettes-coeurs-avec-emojis-sur-btonnets\\\/#breadcrumb\",\"itemListElement\":[{\"@type\":\"ListItem\",\"position\":1,\"name\":\"Home\",\"item\":\"https:\\\/\\\/gastora.eu\\\/\"},{\"@type\":\"ListItem\",\"position\":2,\"name\":\"Shop\",\"item\":\"https:\\\/\\\/gastora.eu\\\/shop\\\/\"},{\"@type\":\"ListItem\",\"position\":3,\"name\":\"Gaufrier &#8211; 3 sucettes &#8211; coeurs avec emojis sur b\u00e2tonnets\"}]},{\"@type\":\"WebSite\",\"@id\":\"https:\\\/\\\/gastora.eu\\\/#website\",\"url\":\"https:\\\/\\\/gastora.eu\\\/\",\"name\":\"Gastora\",\"description\":\"\u00c9quipements professionnels CHR\",\"publisher\":{\"@id\":\"https:\\\/\\\/gastora.eu\\\/#organization\"},\"potentialAction\":[{\"@type\":\"SearchAction\",\"target\":{\"@type\":\"EntryPoint\",\"urlTemplate\":\"https:\\\/\\\/gastora.eu\\\/?s={search_term_string}\"},\"query-input\":{\"@type\":\"PropertyValueSpecification\",\"valueRequired\":true,\"valueName\":\"search_term_string\"}}],\"inLanguage\":\"en-US\"},{\"@type\":\"Organization\",\"@id\":\"https:\\\/\\\/gastora.eu\\\/#organization\",\"name\":\"Gastora\",\"url\":\"https:\\\/\\\/gastora.eu\\\/\",\"logo\":{\"@type\":\"ImageObject\",\"inLanguage\":\"en-US\",\"@id\":\"https:\\\/\\\/gastora.eu\\\/#\\\/schema\\\/logo\\\/image\\\/\",\"url\":\"https:\\\/\\\/gastora.eu\\\/wp-content\\\/uploads\\\/2025\\\/12\\\/ChatGPT-Image-2-janv.-2026-22_52_47-1.png\",\"contentUrl\":\"https:\\\/\\\/gastora.eu\\\/wp-content\\\/uploads\\\/2025\\\/12\\\/ChatGPT-Image-2-janv.-2026-22_52_47-1.png\",\"width\":1536,\"height\":320,\"caption\":\"Gastora\"},\"image\":{\"@id\":\"https:\\\/\\\/gastora.eu\\\/#\\\/schema\\\/logo\\\/image\\\/\"}}]}<\/script>\n<!-- \/ Yoast SEO plugin. -->","yoast_head_json":{"title":"Gaufrier - 3 sucettes - coeurs avec emojis sur b\u00e2tonnets - Gastora","description":"Achetez Gaufrier - 3 sucettes - coeurs avec emojis sur b\u00e2tonnets au meilleur prix, fiable et performant avec une livraison rapide","robots":{"index":"index","follow":"follow","max-snippet":"max-snippet:-1","max-image-preview":"max-image-preview:large","max-video-preview":"max-video-preview:-1"},"canonical":"https:\/\/gastora.eu\/en\/product\/gaufrier-3-sucettes-coeurs-avec-emojis-sur-btonnets\/","og_locale":"en_US","og_type":"article","og_title":"Gaufrier - 3 sucettes - coeurs avec emojis sur b\u00e2tonnets - Gastora","og_description":"Achetez Gaufrier - 3 sucettes - coeurs avec emojis sur b\u00e2tonnets au meilleur prix, fiable et performant avec une livraison rapide","og_url":"https:\/\/gastora.eu\/en\/product\/gaufrier-3-sucettes-coeurs-avec-emojis-sur-btonnets\/","og_site_name":"Gastora","article_modified_time":"2026-04-26T08:36:47+00:00","twitter_card":"summary_large_image","twitter_misc":{"Est. reading time":"2 minutes"},"schema":{"@context":"https:\/\/schema.org","@graph":[{"@type":"WebPage","@id":"https:\/\/gastora.eu\/product\/gaufrier-3-sucettes-coeurs-avec-emojis-sur-btonnets\/","url":"https:\/\/gastora.eu\/product\/gaufrier-3-sucettes-coeurs-avec-emojis-sur-btonnets\/","name":"Gaufrier - 3 sucettes - coeurs avec emojis sur b\u00e2tonnets - Gastora","isPartOf":{"@id":"https:\/\/gastora.eu\/#website"},"primaryImageOfPage":{"@id":"https:\/\/gastora.eu\/product\/gaufrier-3-sucettes-coeurs-avec-emojis-sur-btonnets\/#primaryimage"},"image":{"@id":"https:\/\/gastora.eu\/product\/gaufrier-3-sucettes-coeurs-avec-emojis-sur-btonnets\/#primaryimage"},"thumbnailUrl":"https:\/\/gastora.eu\/wp-content\/uploads\/2026\/04\/sp-005-61656f87a52fa.jpg","datePublished":"2026-04-25T17:48:41+00:00","dateModified":"2026-04-26T08:36:47+00:00","description":"Achetez Gaufrier - 3 sucettes - coeurs avec emojis sur b\u00e2tonnets au meilleur prix, fiable et performant avec une livraison rapide","breadcrumb":{"@id":"https:\/\/gastora.eu\/product\/gaufrier-3-sucettes-coeurs-avec-emojis-sur-btonnets\/#breadcrumb"},"inLanguage":"en-US","potentialAction":[{"@type":"ReadAction","target":["https:\/\/gastora.eu\/product\/gaufrier-3-sucettes-coeurs-avec-emojis-sur-btonnets\/"]}]},{"@type":"ImageObject","inLanguage":"en-US","@id":"https:\/\/gastora.eu\/product\/gaufrier-3-sucettes-coeurs-avec-emojis-sur-btonnets\/#primaryimage","url":"https:\/\/gastora.eu\/wp-content\/uploads\/2026\/04\/sp-005-61656f87a52fa.jpg","contentUrl":"https:\/\/gastora.eu\/wp-content\/uploads\/2026\/04\/sp-005-61656f87a52fa.jpg","width":2048,"height":2048},{"@type":"BreadcrumbList","@id":"https:\/\/gastora.eu\/product\/gaufrier-3-sucettes-coeurs-avec-emojis-sur-btonnets\/#breadcrumb","itemListElement":[{"@type":"ListItem","position":1,"name":"Home","item":"https:\/\/gastora.eu\/"},{"@type":"ListItem","position":2,"name":"Shop","item":"https:\/\/gastora.eu\/shop\/"},{"@type":"ListItem","position":3,"name":"Gaufrier &#8211; 3 sucettes &#8211; coeurs avec emojis sur b\u00e2tonnets"}]},{"@type":"WebSite","@id":"https:\/\/gastora.eu\/#website","url":"https:\/\/gastora.eu\/","name":"Gastora","description":"\u00c9quipements professionnels CHR","publisher":{"@id":"https:\/\/gastora.eu\/#organization"},"potentialAction":[{"@type":"SearchAction","target":{"@type":"EntryPoint","urlTemplate":"https:\/\/gastora.eu\/?s={search_term_string}"},"query-input":{"@type":"PropertyValueSpecification","valueRequired":true,"valueName":"search_term_string"}}],"inLanguage":"en-US"},{"@type":"Organization","@id":"https:\/\/gastora.eu\/#organization","name":"Gastora","url":"https:\/\/gastora.eu\/","logo":{"@type":"ImageObject","inLanguage":"en-US","@id":"https:\/\/gastora.eu\/#\/schema\/logo\/image\/","url":"https:\/\/gastora.eu\/wp-content\/uploads\/2025\/12\/ChatGPT-Image-2-janv.-2026-22_52_47-1.png","contentUrl":"https:\/\/gastora.eu\/wp-content\/uploads\/2025\/12\/ChatGPT-Image-2-janv.-2026-22_52_47-1.png","width":1536,"height":320,"caption":"Gastora"},"image":{"@id":"https:\/\/gastora.eu\/#\/schema\/logo\/image\/"}}]}},"jetpack_sharing_enabled":true,"_links":{"self":[{"href":"https:\/\/gastora.eu\/en\/wp-json\/wp\/v2\/product\/14353","targetHints":{"allow":["GET"]}}],"collection":[{"href":"https:\/\/gastora.eu\/en\/wp-json\/wp\/v2\/product"}],"about":[{"href":"https:\/\/gastora.eu\/en\/wp-json\/wp\/v2\/types\/product"}],"wp:featuredmedia":[{"embeddable":true,"href":"https:\/\/gastora.eu\/en\/wp-json\/wp\/v2\/media\/7454"}],"wp:attachment":[{"href":"https:\/\/gastora.eu\/en\/wp-json\/wp\/v2\/media?parent=14353"}],"wp:term":[{"taxonomy":"product_brand","embeddable":true,"href":"https:\/\/gastora.eu\/en\/wp-json\/wp\/v2\/product_brand?post=14353"},{"taxonomy":"product_cat","embeddable":true,"href":"https:\/\/gastora.eu\/en\/wp-json\/wp\/v2\/product_cat?post=14353"},{"taxonomy":"product_tag","embeddable":true,"href":"https:\/\/gastora.eu\/en\/wp-json\/wp\/v2\/product_tag?post=14353"}],"curies":[{"name":"wp","href":"https:\/\/api.w.org\/{rel}","templated":true}]}}