{"id":14352,"date":"2026-04-25T17:48:40","date_gmt":"2026-04-25T17:48:40","guid":{"rendered":"https:\/\/gastora.eu\/?post_type=product&#038;p=14352"},"modified":"2026-04-28T16:56:22","modified_gmt":"2026-04-28T16:56:22","slug":"gaufrier-5-formes-de-taiyaki-poisson-rotatif-numrique","status":"publish","type":"product","link":"https:\/\/gastora.eu\/en\/product\/gaufrier-5-formes-de-taiyaki-poisson-rotatif-numrique\/","title":{"rendered":"Gaufrier &#8211; 5 formes de taiyaki \/ poisson &#8211; rotatif &#8211; num\u00e9rique"},"content":{"rendered":"<p>Lorsque vous faites des gaufres avec ce gaufrier num\u00e9rique, vous cr\u00e9ez les populaires gaufres japonaises et cor\u00e9ennes Taiyaki. Ces gaufres sont fabriqu\u00e9es \u00e0 partir d&#8217;une p\u00e2te \u00e0 cr\u00eapes et disposent d&#8217;un espace pour ajouter une garniture. La forme des gaufres Taiyaki est g\u00e9n\u00e9ralement un poisson car, au Japon, il symbolise le bonheur. Apr\u00e8s la cuisson, vous pouvez garnir les gaufres Taiyaki de p\u00e2te de haricots rouges traditionnelle ou de quelque chose de diff\u00e9rent, comme du fromage, du chocolat ou de la cr\u00e8me anglaise.<\/p>\n<h3>Facile \u00e0 utiliser<\/h3>\n<p>Ce gaufrier est facile \u00e0 utiliser et convient parfaitement aux \u00e9tals de march\u00e9, aux foires ou m\u00eame aux caf\u00e9s. Il est de haute qualit\u00e9 et, gr\u00e2ce \u00e0 sa taille compacte, il est facile \u00e0 d\u00e9placer et \u00e0 ranger. La plaque de cuisson en aluminium est dot\u00e9e d&#8217;un rev\u00eatement antiadh\u00e9sif qui assure une bonne conduction de la chaleur et fait en sorte que les gaufres ne collent pas \u00e0 la machine. Le thermostat num\u00e9rique peut \u00eatre r\u00e9gl\u00e9 sur des temp\u00e9ratures comprises entre 50 et 300\u00b0C. Cet appareil \u00e0 gaufres est \u00e9quip\u00e9 d&#8217;un minuteur avec alarme que vous pouvez activer ou d\u00e9sactiver. Cela est utile pour ne pas trop cuire les gaufres Taiyaki et les br\u00fbler. L&#8217;appareil dispose \u00e9galement d&#8217;un t\u00e9moin lumineux qui vous indique que les plaques de cuisson sont \u00e0 la bonne temp\u00e9rature et que vous pouvez commencer \u00e0 pr\u00e9parer les gaufres.<\/p>\n<h3>Le nettoyage simplifi\u00e9<\/h3>\n<p>Cette construction tr\u00e8s durable est \u00e9quip\u00e9e d&#8217;un bac de r\u00e9cup\u00e9ration que vous pouvez retirer pour un nettoyage facile. Comme le gaufrier est rotatif, les gaufres sont cuites jusqu&#8217;\u00e0 ce qu&#8217;elles soient dor\u00e9es de tous les c\u00f4t\u00e9s. Le nettoyage est facile avec une brosse, une \u00e9ponge ou un chiffon humide. Assurez-vous d&#8217;abord que l&#8217;appareil est \u00e9teint et que la fiche est d\u00e9branch\u00e9e de la prise. Laissez les plateaux refroidir jusqu&#8217;\u00e0 ce qu&#8217;ils soient encore un peu chauds au toucher. Il est ainsi plus facile d&#8217;essuyer le gaufrier. Ce gaufrier repose sur quatre pieds en acier inoxydable pour une meilleure stabilit\u00e9 pendant l&#8217;utilisation.<\/p>\n<p><strong>Caract\u00e9ristiques<\/strong><\/p>\n<ul>\n<li>Robuste et facile \u00e0 utiliser<\/li>\n<li>Production rapide de cinq gaufres Taiyaki en m\u00eame temps<\/li>\n<li>Plaque de cuisson en aluminium avec rev\u00eatement antiadh\u00e9sif<\/li>\n<li>Affichage num\u00e9rique<\/li>\n<li>Thermostat variable 50-300\u00b0C<\/li>\n<li>Equip\u00e9 d&#8217;un minuteur 0-10 minutes avec une alarme<\/li>\n<li>T\u00e9moin lumineux de temp\u00e9rature<\/li>\n<li>Le gaufrier est rotatif<\/li>\n<li>Poign\u00e9e robuste<\/li>\n<li>Equip\u00e9 d&#8217;un \u00e9gouttoir<\/li>\n<li>Repose sur quatre pieds en acier inoxydable<\/li>\n<li>Construction tr\u00e8s durable<\/li>\n<li>Conception hygi\u00e9nique<\/li>\n<\/ul>\n<p><strong>Caract\u00e9ristiques du produit<\/strong><\/p>\n<ul>\n<li>Poids net : 21kg<\/li>\n<li>Dimensions des gaufres : L12 x P7 x H3cm<\/li>\n<li>Dimensions de l&#8217;appareil : L41 x P68,5 x H34,5cm<\/li>\n<li>Puissance \u00e9lectrique totale : 3,2 kW<\/li>\n<li>230V \/ 50Hz \/ 1 Phase 3200 W<\/li>\n<\/ul>","protected":false},"excerpt":{"rendered":"<p>Avec ce gaufrier num\u00e9rique, vous pouvez rapidement et facilement cuire cinq gaufres Taiyaki en m\u00eame temps. Ces gaufres en forme de poisson sont une collation japonaise et cor\u00e9enne populaire et un excellent ajout \u00e0 tout stand de march\u00e9, food trucks ou menu de restaurant.<\/p>","protected":false},"featured_media":7452,"template":"","meta":{"_acf_changed":false},"product_brand":[],"product_cat":[16],"product_tag":[],"class_list":{"0":"post-14352","1":"product","2":"type-product","3":"status-publish","4":"has-post-thumbnail","6":"product_cat-cuisson","8":"first","9":"instock","10":"sale","11":"taxable","12":"shipping-taxable","13":"purchasable","14":"product-type-simple"},"acf":[],"yoast_head":"<!-- This site is optimized with the Yoast SEO plugin v27.5 - https:\/\/yoast.com\/product\/yoast-seo-wordpress\/ -->\n<title>Gaufrier - 5 formes de taiyaki \/ poisson - rotatif - num\u00e9rique - Gastora<\/title>\n<meta name=\"description\" content=\"Achetez Gaufrier - 5 formes de taiyaki \/ poisson - rotatif - num\u00e9rique au meilleur prix, fiable et performant avec une livraison rapide\" \/>\n<meta name=\"robots\" content=\"index, follow, max-snippet:-1, max-image-preview:large, max-video-preview:-1\" \/>\n<link rel=\"canonical\" href=\"https:\/\/gastora.eu\/en\/product\/gaufrier-5-formes-de-taiyaki-poisson-rotatif-numrique\/\" \/>\n<meta property=\"og:locale\" content=\"en_US\" \/>\n<meta property=\"og:type\" content=\"article\" \/>\n<meta property=\"og:title\" content=\"Gaufrier - 5 formes de taiyaki \/ poisson - rotatif - num\u00e9rique - Gastora\" \/>\n<meta property=\"og:description\" content=\"Achetez Gaufrier - 5 formes de taiyaki \/ poisson - rotatif - num\u00e9rique au meilleur prix, fiable et performant avec une livraison rapide\" \/>\n<meta property=\"og:url\" content=\"https:\/\/gastora.eu\/en\/product\/gaufrier-5-formes-de-taiyaki-poisson-rotatif-numrique\/\" \/>\n<meta property=\"og:site_name\" content=\"Gastora\" \/>\n<meta property=\"article:modified_time\" content=\"2026-04-28T16:56:22+00:00\" \/>\n<meta name=\"twitter:card\" content=\"summary_large_image\" \/>\n<meta name=\"twitter:label1\" content=\"Est. reading time\" \/>\n\t<meta name=\"twitter:data1\" content=\"2 minutes\" \/>\n<script type=\"application\/ld+json\" class=\"yoast-schema-graph\">{\"@context\":\"https:\\\/\\\/schema.org\",\"@graph\":[{\"@type\":\"WebPage\",\"@id\":\"https:\\\/\\\/gastora.eu\\\/product\\\/gaufrier-5-formes-de-taiyaki-poisson-rotatif-numrique\\\/\",\"url\":\"https:\\\/\\\/gastora.eu\\\/product\\\/gaufrier-5-formes-de-taiyaki-poisson-rotatif-numrique\\\/\",\"name\":\"Gaufrier - 5 formes de taiyaki \\\/ poisson - rotatif - num\u00e9rique - Gastora\",\"isPartOf\":{\"@id\":\"https:\\\/\\\/gastora.eu\\\/#website\"},\"primaryImageOfPage\":{\"@id\":\"https:\\\/\\\/gastora.eu\\\/product\\\/gaufrier-5-formes-de-taiyaki-poisson-rotatif-numrique\\\/#primaryimage\"},\"image\":{\"@id\":\"https:\\\/\\\/gastora.eu\\\/product\\\/gaufrier-5-formes-de-taiyaki-poisson-rotatif-numrique\\\/#primaryimage\"},\"thumbnailUrl\":\"https:\\\/\\\/gastora.eu\\\/wp-content\\\/uploads\\\/2026\\\/04\\\/sp-005-61656f8981ac7.jpg\",\"datePublished\":\"2026-04-25T17:48:40+00:00\",\"dateModified\":\"2026-04-28T16:56:22+00:00\",\"description\":\"Achetez Gaufrier - 5 formes de taiyaki \\\/ poisson - rotatif - num\u00e9rique au meilleur prix, fiable et performant avec une livraison rapide\",\"breadcrumb\":{\"@id\":\"https:\\\/\\\/gastora.eu\\\/product\\\/gaufrier-5-formes-de-taiyaki-poisson-rotatif-numrique\\\/#breadcrumb\"},\"inLanguage\":\"en-US\",\"potentialAction\":[{\"@type\":\"ReadAction\",\"target\":[\"https:\\\/\\\/gastora.eu\\\/product\\\/gaufrier-5-formes-de-taiyaki-poisson-rotatif-numrique\\\/\"]}]},{\"@type\":\"ImageObject\",\"inLanguage\":\"en-US\",\"@id\":\"https:\\\/\\\/gastora.eu\\\/product\\\/gaufrier-5-formes-de-taiyaki-poisson-rotatif-numrique\\\/#primaryimage\",\"url\":\"https:\\\/\\\/gastora.eu\\\/wp-content\\\/uploads\\\/2026\\\/04\\\/sp-005-61656f8981ac7.jpg\",\"contentUrl\":\"https:\\\/\\\/gastora.eu\\\/wp-content\\\/uploads\\\/2026\\\/04\\\/sp-005-61656f8981ac7.jpg\",\"width\":2048,\"height\":2048},{\"@type\":\"BreadcrumbList\",\"@id\":\"https:\\\/\\\/gastora.eu\\\/product\\\/gaufrier-5-formes-de-taiyaki-poisson-rotatif-numrique\\\/#breadcrumb\",\"itemListElement\":[{\"@type\":\"ListItem\",\"position\":1,\"name\":\"Home\",\"item\":\"https:\\\/\\\/gastora.eu\\\/\"},{\"@type\":\"ListItem\",\"position\":2,\"name\":\"Shop\",\"item\":\"https:\\\/\\\/gastora.eu\\\/shop\\\/\"},{\"@type\":\"ListItem\",\"position\":3,\"name\":\"Gaufrier &#8211; 5 formes de taiyaki \\\/ poisson &#8211; rotatif &#8211; num\u00e9rique\"}]},{\"@type\":\"WebSite\",\"@id\":\"https:\\\/\\\/gastora.eu\\\/#website\",\"url\":\"https:\\\/\\\/gastora.eu\\\/\",\"name\":\"Gastora\",\"description\":\"\u00c9quipements professionnels CHR\",\"publisher\":{\"@id\":\"https:\\\/\\\/gastora.eu\\\/#organization\"},\"potentialAction\":[{\"@type\":\"SearchAction\",\"target\":{\"@type\":\"EntryPoint\",\"urlTemplate\":\"https:\\\/\\\/gastora.eu\\\/?s={search_term_string}\"},\"query-input\":{\"@type\":\"PropertyValueSpecification\",\"valueRequired\":true,\"valueName\":\"search_term_string\"}}],\"inLanguage\":\"en-US\"},{\"@type\":\"Organization\",\"@id\":\"https:\\\/\\\/gastora.eu\\\/#organization\",\"name\":\"Gastora\",\"url\":\"https:\\\/\\\/gastora.eu\\\/\",\"logo\":{\"@type\":\"ImageObject\",\"inLanguage\":\"en-US\",\"@id\":\"https:\\\/\\\/gastora.eu\\\/#\\\/schema\\\/logo\\\/image\\\/\",\"url\":\"https:\\\/\\\/gastora.eu\\\/wp-content\\\/uploads\\\/2025\\\/12\\\/ChatGPT-Image-2-janv.-2026-22_52_47-1.png\",\"contentUrl\":\"https:\\\/\\\/gastora.eu\\\/wp-content\\\/uploads\\\/2025\\\/12\\\/ChatGPT-Image-2-janv.-2026-22_52_47-1.png\",\"width\":1536,\"height\":320,\"caption\":\"Gastora\"},\"image\":{\"@id\":\"https:\\\/\\\/gastora.eu\\\/#\\\/schema\\\/logo\\\/image\\\/\"}}]}<\/script>\n<!-- \/ Yoast SEO plugin. -->","yoast_head_json":{"title":"Gaufrier - 5 formes de taiyaki \/ poisson - rotatif - num\u00e9rique - Gastora","description":"Achetez Gaufrier - 5 formes de taiyaki \/ poisson - rotatif - num\u00e9rique au meilleur prix, fiable et performant avec une livraison rapide","robots":{"index":"index","follow":"follow","max-snippet":"max-snippet:-1","max-image-preview":"max-image-preview:large","max-video-preview":"max-video-preview:-1"},"canonical":"https:\/\/gastora.eu\/en\/product\/gaufrier-5-formes-de-taiyaki-poisson-rotatif-numrique\/","og_locale":"en_US","og_type":"article","og_title":"Gaufrier - 5 formes de taiyaki \/ poisson - rotatif - num\u00e9rique - Gastora","og_description":"Achetez Gaufrier - 5 formes de taiyaki \/ poisson - rotatif - num\u00e9rique au meilleur prix, fiable et performant avec une livraison rapide","og_url":"https:\/\/gastora.eu\/en\/product\/gaufrier-5-formes-de-taiyaki-poisson-rotatif-numrique\/","og_site_name":"Gastora","article_modified_time":"2026-04-28T16:56:22+00:00","twitter_card":"summary_large_image","twitter_misc":{"Est. reading time":"2 minutes"},"schema":{"@context":"https:\/\/schema.org","@graph":[{"@type":"WebPage","@id":"https:\/\/gastora.eu\/product\/gaufrier-5-formes-de-taiyaki-poisson-rotatif-numrique\/","url":"https:\/\/gastora.eu\/product\/gaufrier-5-formes-de-taiyaki-poisson-rotatif-numrique\/","name":"Gaufrier - 5 formes de taiyaki \/ poisson - rotatif - num\u00e9rique - Gastora","isPartOf":{"@id":"https:\/\/gastora.eu\/#website"},"primaryImageOfPage":{"@id":"https:\/\/gastora.eu\/product\/gaufrier-5-formes-de-taiyaki-poisson-rotatif-numrique\/#primaryimage"},"image":{"@id":"https:\/\/gastora.eu\/product\/gaufrier-5-formes-de-taiyaki-poisson-rotatif-numrique\/#primaryimage"},"thumbnailUrl":"https:\/\/gastora.eu\/wp-content\/uploads\/2026\/04\/sp-005-61656f8981ac7.jpg","datePublished":"2026-04-25T17:48:40+00:00","dateModified":"2026-04-28T16:56:22+00:00","description":"Achetez Gaufrier - 5 formes de taiyaki \/ poisson - rotatif - num\u00e9rique au meilleur prix, fiable et performant avec une livraison rapide","breadcrumb":{"@id":"https:\/\/gastora.eu\/product\/gaufrier-5-formes-de-taiyaki-poisson-rotatif-numrique\/#breadcrumb"},"inLanguage":"en-US","potentialAction":[{"@type":"ReadAction","target":["https:\/\/gastora.eu\/product\/gaufrier-5-formes-de-taiyaki-poisson-rotatif-numrique\/"]}]},{"@type":"ImageObject","inLanguage":"en-US","@id":"https:\/\/gastora.eu\/product\/gaufrier-5-formes-de-taiyaki-poisson-rotatif-numrique\/#primaryimage","url":"https:\/\/gastora.eu\/wp-content\/uploads\/2026\/04\/sp-005-61656f8981ac7.jpg","contentUrl":"https:\/\/gastora.eu\/wp-content\/uploads\/2026\/04\/sp-005-61656f8981ac7.jpg","width":2048,"height":2048},{"@type":"BreadcrumbList","@id":"https:\/\/gastora.eu\/product\/gaufrier-5-formes-de-taiyaki-poisson-rotatif-numrique\/#breadcrumb","itemListElement":[{"@type":"ListItem","position":1,"name":"Home","item":"https:\/\/gastora.eu\/"},{"@type":"ListItem","position":2,"name":"Shop","item":"https:\/\/gastora.eu\/shop\/"},{"@type":"ListItem","position":3,"name":"Gaufrier &#8211; 5 formes de taiyaki \/ poisson &#8211; rotatif &#8211; num\u00e9rique"}]},{"@type":"WebSite","@id":"https:\/\/gastora.eu\/#website","url":"https:\/\/gastora.eu\/","name":"Gastora","description":"\u00c9quipements professionnels CHR","publisher":{"@id":"https:\/\/gastora.eu\/#organization"},"potentialAction":[{"@type":"SearchAction","target":{"@type":"EntryPoint","urlTemplate":"https:\/\/gastora.eu\/?s={search_term_string}"},"query-input":{"@type":"PropertyValueSpecification","valueRequired":true,"valueName":"search_term_string"}}],"inLanguage":"en-US"},{"@type":"Organization","@id":"https:\/\/gastora.eu\/#organization","name":"Gastora","url":"https:\/\/gastora.eu\/","logo":{"@type":"ImageObject","inLanguage":"en-US","@id":"https:\/\/gastora.eu\/#\/schema\/logo\/image\/","url":"https:\/\/gastora.eu\/wp-content\/uploads\/2025\/12\/ChatGPT-Image-2-janv.-2026-22_52_47-1.png","contentUrl":"https:\/\/gastora.eu\/wp-content\/uploads\/2025\/12\/ChatGPT-Image-2-janv.-2026-22_52_47-1.png","width":1536,"height":320,"caption":"Gastora"},"image":{"@id":"https:\/\/gastora.eu\/#\/schema\/logo\/image\/"}}]}},"jetpack_sharing_enabled":true,"_links":{"self":[{"href":"https:\/\/gastora.eu\/en\/wp-json\/wp\/v2\/product\/14352","targetHints":{"allow":["GET"]}}],"collection":[{"href":"https:\/\/gastora.eu\/en\/wp-json\/wp\/v2\/product"}],"about":[{"href":"https:\/\/gastora.eu\/en\/wp-json\/wp\/v2\/types\/product"}],"wp:featuredmedia":[{"embeddable":true,"href":"https:\/\/gastora.eu\/en\/wp-json\/wp\/v2\/media\/7452"}],"wp:attachment":[{"href":"https:\/\/gastora.eu\/en\/wp-json\/wp\/v2\/media?parent=14352"}],"wp:term":[{"taxonomy":"product_brand","embeddable":true,"href":"https:\/\/gastora.eu\/en\/wp-json\/wp\/v2\/product_brand?post=14352"},{"taxonomy":"product_cat","embeddable":true,"href":"https:\/\/gastora.eu\/en\/wp-json\/wp\/v2\/product_cat?post=14352"},{"taxonomy":"product_tag","embeddable":true,"href":"https:\/\/gastora.eu\/en\/wp-json\/wp\/v2\/product_tag?post=14352"}],"curies":[{"name":"wp","href":"https:\/\/api.w.org\/{rel}","templated":true}]}}