{"id":14351,"date":"2026-04-25T17:48:39","date_gmt":"2026-04-25T17:48:39","guid":{"rendered":"https:\/\/gastora.eu\/?post_type=product&#038;p=14351"},"modified":"2026-04-26T08:36:45","modified_gmt":"2026-04-26T08:36:45","slug":"gaufrier-2-pices-rotatif-numrique","status":"publish","type":"product","link":"https:\/\/gastora.eu\/en\/product\/gaufrier-2-pices-rotatif-numrique\/","title":{"rendered":"Gaufrier &#8211; 2 pi\u00e8ces &#8211; rotatif &#8211; num\u00e9rique"},"content":{"rendered":"<p>Ce gaufrier robuste vous permet de pr\u00e9parer rapidement et facilement deux gaufres belges en m\u00eame temps. Le gaufrier \u00e9tant rotatif, les gaufres sont cuites uniform\u00e9ment jusqu&#8217;\u00e0 ce qu&#8217;elles soient bien dor\u00e9es. Ce gaufrier professionnel est un atout pour toute p\u00e2tisserie, tout caf\u00e9 ou tout restaurant. Le plateau en aluminium avec rev\u00eatement antiadh\u00e9sif assure une bonne conduction de la chaleur. L&#8217;avantage suppl\u00e9mentaire est que les plateaux chauffent rapidement et restent chauds pendant l&#8217;utilisation.<\/p>\n<h3>Gaufrier rotatif classique<\/h3>\n<p>Gr\u00e2ce \u00e0 sa construction durable, ce gaufrier a une longue dur\u00e9e de vie. Il dispose \u00e9galement d&#8217;un thermostat variable qui permet de r\u00e9gler la temp\u00e9rature entre 50 et 300\u00baC. Il s&#8217;agit d&#8217;un appareil convivial dot\u00e9 d&#8217;un \u00e9cran num\u00e9rique facile \u00e0 lire. Le gaufrier est \u00e9galement dot\u00e9 d&#8217;une poign\u00e9e robuste. D\u00e8s que le voyant lumineux cesse de clignoter, le gaufrier a atteint la bonne temp\u00e9rature et les gaufres peuvent \u00eatre pr\u00e9par\u00e9es. Le gaufrier dispose \u00e9galement d&#8217;une minuterie r\u00e9glable entre 0 et 10 minutes. L&#8217;alarme vous indique quand les gaufres sont pr\u00eates.<\/p>\n<h3>Facile \u00e0 nettoyer<\/h3>\n<p>Le gaufrier est non seulement facile \u00e0 utiliser, mais aussi rapide et facile \u00e0 nettoyer. Avant de commencer le nettoyage, \u00e9teignez l&#8217;appareil et d\u00e9branchez-le. Une fois que les plateaux ont refroidi mais sont encore chauds au toucher, vous pouvez les nettoyer \u00e0 l&#8217;aide d&#8217;une brosse, d&#8217;une \u00e9ponge ou d&#8217;un chiffon humide et d&#8217;eau chaude. N&#8217;utilisez pas de tampons \u00e0 r\u00e9curer, qui risquent de rayer le rev\u00eatement antiadh\u00e9sif. L&#8217;appareil repose sur quatre pieds en acier inoxydable pour rester stable pendant l&#8217;utilisation.<\/p>\n<p><strong>Caract\u00e9ristiques<\/strong><\/p>\n<ul>\n<li>Plaque de cuisson en aluminium avec rev\u00eatement antiadh\u00e9sif<\/li>\n<li>Thermostat variable de 50\u00b0C \u00e0 300\u00b0C<\/li>\n<li>\u00c9quip\u00e9 d&#8217;une minuterie de 0 \u00e0 10 minutes avec alarme<\/li>\n<li>Affichage num\u00e9rique<\/li>\n<li>T\u00e9moin lumineux de temp\u00e9rature<\/li>\n<li>Le gaufrier est rotatif<\/li>\n<li>Poign\u00e9e robuste<\/li>\n<\/ul>\n<p><strong>Caract\u00e9ristiques du produit<\/strong><\/p>\n<ul>\n<li>Poids net : 12 kg<\/li>\n<li>Taille des gaufres : B95 x D165 x H18mm<\/li>\n<li>Dimensions de l&#8217;appareil : B60,5 x D34,5 x H29cm<\/li>\n<li>Puissance \u00e9lectrique totale : 1,2 kW<\/li>\n<li>230V\/50Hz\/1Phase 1200W<\/li>\n<\/ul>","protected":false},"excerpt":{"rendered":"<p>Ce gaufrier robuste vous permet de pr\u00e9parer deux authentiques gaufres belges en m\u00eame temps. Le gaufrier peut \u00e9galement \u00eatre tourn\u00e9 pour que les gaufres soient uniform\u00e9ment dor\u00e9es. Fabriqu\u00e9 en acier inoxydable et dot\u00e9 d&#8217;une plaque de cuisson antiadh\u00e9sive en aluminium, il est \u00e0 la fois durable et facile \u00e0 nettoyer.<\/p>","protected":false},"featured_media":7450,"template":"","meta":{"_acf_changed":false},"product_brand":[],"product_cat":[16],"product_tag":[],"class_list":{"0":"post-14351","1":"product","2":"type-product","3":"status-publish","4":"has-post-thumbnail","6":"product_cat-cuisson","8":"first","9":"instock","10":"sale","11":"taxable","12":"shipping-taxable","13":"purchasable","14":"product-type-simple"},"acf":[],"yoast_head":"<!-- This site is optimized with the Yoast SEO plugin v27.4 - https:\/\/yoast.com\/product\/yoast-seo-wordpress\/ -->\n<title>Gaufrier - 2 pi\u00e8ces - rotatif - num\u00e9rique - Gastora<\/title>\n<meta name=\"description\" content=\"Achetez Gaufrier - 2 pi\u00e8ces - rotatif - num\u00e9rique au meilleur prix, fiable et performant avec une livraison rapide\" \/>\n<meta name=\"robots\" content=\"index, follow, max-snippet:-1, max-image-preview:large, max-video-preview:-1\" \/>\n<link rel=\"canonical\" href=\"https:\/\/gastora.eu\/en\/product\/gaufrier-2-pices-rotatif-numrique\/\" \/>\n<meta property=\"og:locale\" content=\"en_US\" \/>\n<meta property=\"og:type\" content=\"article\" \/>\n<meta property=\"og:title\" content=\"Gaufrier - 2 pi\u00e8ces - rotatif - num\u00e9rique - Gastora\" \/>\n<meta property=\"og:description\" content=\"Achetez Gaufrier - 2 pi\u00e8ces - rotatif - num\u00e9rique au meilleur prix, fiable et performant avec une livraison rapide\" \/>\n<meta property=\"og:url\" content=\"https:\/\/gastora.eu\/en\/product\/gaufrier-2-pices-rotatif-numrique\/\" \/>\n<meta property=\"og:site_name\" content=\"Gastora\" \/>\n<meta property=\"article:modified_time\" content=\"2026-04-26T08:36:45+00:00\" \/>\n<meta name=\"twitter:card\" content=\"summary_large_image\" \/>\n<meta name=\"twitter:label1\" content=\"Est. reading time\" \/>\n\t<meta name=\"twitter:data1\" content=\"2 minutes\" \/>\n<script type=\"application\/ld+json\" class=\"yoast-schema-graph\">{\"@context\":\"https:\\\/\\\/schema.org\",\"@graph\":[{\"@type\":\"WebPage\",\"@id\":\"https:\\\/\\\/gastora.eu\\\/product\\\/gaufrier-2-pices-rotatif-numrique\\\/\",\"url\":\"https:\\\/\\\/gastora.eu\\\/product\\\/gaufrier-2-pices-rotatif-numrique\\\/\",\"name\":\"Gaufrier - 2 pi\u00e8ces - rotatif - num\u00e9rique - Gastora\",\"isPartOf\":{\"@id\":\"https:\\\/\\\/gastora.eu\\\/#website\"},\"primaryImageOfPage\":{\"@id\":\"https:\\\/\\\/gastora.eu\\\/product\\\/gaufrier-2-pices-rotatif-numrique\\\/#primaryimage\"},\"image\":{\"@id\":\"https:\\\/\\\/gastora.eu\\\/product\\\/gaufrier-2-pices-rotatif-numrique\\\/#primaryimage\"},\"thumbnailUrl\":\"https:\\\/\\\/gastora.eu\\\/wp-content\\\/uploads\\\/2026\\\/04\\\/sp-005-61656f8910284.jpg\",\"datePublished\":\"2026-04-25T17:48:39+00:00\",\"dateModified\":\"2026-04-26T08:36:45+00:00\",\"description\":\"Achetez Gaufrier - 2 pi\u00e8ces - rotatif - num\u00e9rique au meilleur prix, fiable et performant avec une livraison rapide\",\"breadcrumb\":{\"@id\":\"https:\\\/\\\/gastora.eu\\\/product\\\/gaufrier-2-pices-rotatif-numrique\\\/#breadcrumb\"},\"inLanguage\":\"en-US\",\"potentialAction\":[{\"@type\":\"ReadAction\",\"target\":[\"https:\\\/\\\/gastora.eu\\\/product\\\/gaufrier-2-pices-rotatif-numrique\\\/\"]}]},{\"@type\":\"ImageObject\",\"inLanguage\":\"en-US\",\"@id\":\"https:\\\/\\\/gastora.eu\\\/product\\\/gaufrier-2-pices-rotatif-numrique\\\/#primaryimage\",\"url\":\"https:\\\/\\\/gastora.eu\\\/wp-content\\\/uploads\\\/2026\\\/04\\\/sp-005-61656f8910284.jpg\",\"contentUrl\":\"https:\\\/\\\/gastora.eu\\\/wp-content\\\/uploads\\\/2026\\\/04\\\/sp-005-61656f8910284.jpg\",\"width\":2048,\"height\":2048},{\"@type\":\"BreadcrumbList\",\"@id\":\"https:\\\/\\\/gastora.eu\\\/product\\\/gaufrier-2-pices-rotatif-numrique\\\/#breadcrumb\",\"itemListElement\":[{\"@type\":\"ListItem\",\"position\":1,\"name\":\"Home\",\"item\":\"https:\\\/\\\/gastora.eu\\\/\"},{\"@type\":\"ListItem\",\"position\":2,\"name\":\"Shop\",\"item\":\"https:\\\/\\\/gastora.eu\\\/shop\\\/\"},{\"@type\":\"ListItem\",\"position\":3,\"name\":\"Gaufrier &#8211; 2 pi\u00e8ces &#8211; rotatif &#8211; num\u00e9rique\"}]},{\"@type\":\"WebSite\",\"@id\":\"https:\\\/\\\/gastora.eu\\\/#website\",\"url\":\"https:\\\/\\\/gastora.eu\\\/\",\"name\":\"Gastora\",\"description\":\"\u00c9quipements professionnels CHR\",\"publisher\":{\"@id\":\"https:\\\/\\\/gastora.eu\\\/#organization\"},\"potentialAction\":[{\"@type\":\"SearchAction\",\"target\":{\"@type\":\"EntryPoint\",\"urlTemplate\":\"https:\\\/\\\/gastora.eu\\\/?s={search_term_string}\"},\"query-input\":{\"@type\":\"PropertyValueSpecification\",\"valueRequired\":true,\"valueName\":\"search_term_string\"}}],\"inLanguage\":\"en-US\"},{\"@type\":\"Organization\",\"@id\":\"https:\\\/\\\/gastora.eu\\\/#organization\",\"name\":\"Gastora\",\"url\":\"https:\\\/\\\/gastora.eu\\\/\",\"logo\":{\"@type\":\"ImageObject\",\"inLanguage\":\"en-US\",\"@id\":\"https:\\\/\\\/gastora.eu\\\/#\\\/schema\\\/logo\\\/image\\\/\",\"url\":\"https:\\\/\\\/gastora.eu\\\/wp-content\\\/uploads\\\/2025\\\/12\\\/ChatGPT-Image-2-janv.-2026-22_52_47-1.png\",\"contentUrl\":\"https:\\\/\\\/gastora.eu\\\/wp-content\\\/uploads\\\/2025\\\/12\\\/ChatGPT-Image-2-janv.-2026-22_52_47-1.png\",\"width\":1536,\"height\":320,\"caption\":\"Gastora\"},\"image\":{\"@id\":\"https:\\\/\\\/gastora.eu\\\/#\\\/schema\\\/logo\\\/image\\\/\"}}]}<\/script>\n<!-- \/ Yoast SEO plugin. -->","yoast_head_json":{"title":"Gaufrier - 2 pi\u00e8ces - rotatif - num\u00e9rique - Gastora","description":"Achetez Gaufrier - 2 pi\u00e8ces - rotatif - num\u00e9rique au meilleur prix, fiable et performant avec une livraison rapide","robots":{"index":"index","follow":"follow","max-snippet":"max-snippet:-1","max-image-preview":"max-image-preview:large","max-video-preview":"max-video-preview:-1"},"canonical":"https:\/\/gastora.eu\/en\/product\/gaufrier-2-pices-rotatif-numrique\/","og_locale":"en_US","og_type":"article","og_title":"Gaufrier - 2 pi\u00e8ces - rotatif - num\u00e9rique - Gastora","og_description":"Achetez Gaufrier - 2 pi\u00e8ces - rotatif - num\u00e9rique au meilleur prix, fiable et performant avec une livraison rapide","og_url":"https:\/\/gastora.eu\/en\/product\/gaufrier-2-pices-rotatif-numrique\/","og_site_name":"Gastora","article_modified_time":"2026-04-26T08:36:45+00:00","twitter_card":"summary_large_image","twitter_misc":{"Est. reading time":"2 minutes"},"schema":{"@context":"https:\/\/schema.org","@graph":[{"@type":"WebPage","@id":"https:\/\/gastora.eu\/product\/gaufrier-2-pices-rotatif-numrique\/","url":"https:\/\/gastora.eu\/product\/gaufrier-2-pices-rotatif-numrique\/","name":"Gaufrier - 2 pi\u00e8ces - rotatif - num\u00e9rique - Gastora","isPartOf":{"@id":"https:\/\/gastora.eu\/#website"},"primaryImageOfPage":{"@id":"https:\/\/gastora.eu\/product\/gaufrier-2-pices-rotatif-numrique\/#primaryimage"},"image":{"@id":"https:\/\/gastora.eu\/product\/gaufrier-2-pices-rotatif-numrique\/#primaryimage"},"thumbnailUrl":"https:\/\/gastora.eu\/wp-content\/uploads\/2026\/04\/sp-005-61656f8910284.jpg","datePublished":"2026-04-25T17:48:39+00:00","dateModified":"2026-04-26T08:36:45+00:00","description":"Achetez Gaufrier - 2 pi\u00e8ces - rotatif - num\u00e9rique au meilleur prix, fiable et performant avec une livraison rapide","breadcrumb":{"@id":"https:\/\/gastora.eu\/product\/gaufrier-2-pices-rotatif-numrique\/#breadcrumb"},"inLanguage":"en-US","potentialAction":[{"@type":"ReadAction","target":["https:\/\/gastora.eu\/product\/gaufrier-2-pices-rotatif-numrique\/"]}]},{"@type":"ImageObject","inLanguage":"en-US","@id":"https:\/\/gastora.eu\/product\/gaufrier-2-pices-rotatif-numrique\/#primaryimage","url":"https:\/\/gastora.eu\/wp-content\/uploads\/2026\/04\/sp-005-61656f8910284.jpg","contentUrl":"https:\/\/gastora.eu\/wp-content\/uploads\/2026\/04\/sp-005-61656f8910284.jpg","width":2048,"height":2048},{"@type":"BreadcrumbList","@id":"https:\/\/gastora.eu\/product\/gaufrier-2-pices-rotatif-numrique\/#breadcrumb","itemListElement":[{"@type":"ListItem","position":1,"name":"Home","item":"https:\/\/gastora.eu\/"},{"@type":"ListItem","position":2,"name":"Shop","item":"https:\/\/gastora.eu\/shop\/"},{"@type":"ListItem","position":3,"name":"Gaufrier &#8211; 2 pi\u00e8ces &#8211; rotatif &#8211; num\u00e9rique"}]},{"@type":"WebSite","@id":"https:\/\/gastora.eu\/#website","url":"https:\/\/gastora.eu\/","name":"Gastora","description":"\u00c9quipements professionnels CHR","publisher":{"@id":"https:\/\/gastora.eu\/#organization"},"potentialAction":[{"@type":"SearchAction","target":{"@type":"EntryPoint","urlTemplate":"https:\/\/gastora.eu\/?s={search_term_string}"},"query-input":{"@type":"PropertyValueSpecification","valueRequired":true,"valueName":"search_term_string"}}],"inLanguage":"en-US"},{"@type":"Organization","@id":"https:\/\/gastora.eu\/#organization","name":"Gastora","url":"https:\/\/gastora.eu\/","logo":{"@type":"ImageObject","inLanguage":"en-US","@id":"https:\/\/gastora.eu\/#\/schema\/logo\/image\/","url":"https:\/\/gastora.eu\/wp-content\/uploads\/2025\/12\/ChatGPT-Image-2-janv.-2026-22_52_47-1.png","contentUrl":"https:\/\/gastora.eu\/wp-content\/uploads\/2025\/12\/ChatGPT-Image-2-janv.-2026-22_52_47-1.png","width":1536,"height":320,"caption":"Gastora"},"image":{"@id":"https:\/\/gastora.eu\/#\/schema\/logo\/image\/"}}]}},"jetpack_sharing_enabled":true,"_links":{"self":[{"href":"https:\/\/gastora.eu\/en\/wp-json\/wp\/v2\/product\/14351","targetHints":{"allow":["GET"]}}],"collection":[{"href":"https:\/\/gastora.eu\/en\/wp-json\/wp\/v2\/product"}],"about":[{"href":"https:\/\/gastora.eu\/en\/wp-json\/wp\/v2\/types\/product"}],"wp:featuredmedia":[{"embeddable":true,"href":"https:\/\/gastora.eu\/en\/wp-json\/wp\/v2\/media\/7450"}],"wp:attachment":[{"href":"https:\/\/gastora.eu\/en\/wp-json\/wp\/v2\/media?parent=14351"}],"wp:term":[{"taxonomy":"product_brand","embeddable":true,"href":"https:\/\/gastora.eu\/en\/wp-json\/wp\/v2\/product_brand?post=14351"},{"taxonomy":"product_cat","embeddable":true,"href":"https:\/\/gastora.eu\/en\/wp-json\/wp\/v2\/product_cat?post=14351"},{"taxonomy":"product_tag","embeddable":true,"href":"https:\/\/gastora.eu\/en\/wp-json\/wp\/v2\/product_tag?post=14351"}],"curies":[{"name":"wp","href":"https:\/\/api.w.org\/{rel}","templated":true}]}}