{"id":14350,"date":"2026-04-25T17:48:38","date_gmt":"2026-04-25T17:48:38","guid":{"rendered":"https:\/\/gastora.eu\/?post_type=product&#038;p=14350"},"modified":"2026-04-28T16:56:22","modified_gmt":"2026-04-28T16:56:22","slug":"appareil-croque-monsieur-2-sandwichs","status":"publish","type":"product","link":"https:\/\/gastora.eu\/en\/product\/appareil-croque-monsieur-2-sandwichs\/","title":{"rendered":"Appareil \u00e0 croque-monsieur &#8211; 2 sandwichs"},"content":{"rendered":"<p>Vous souhaitez servir rapidement des sandwichs grill\u00e9s \u00e0 vos clients ? Alors utilisez cette machine \u00e0 sandwichs grill\u00e9s professionnelle, qui peut \u00eatre utilis\u00e9e aussi bien dans les cuisines de restauration qu&#8217;\u00e0 la maison. Vous pouvez pr\u00e9parer deux sandwichs grill\u00e9s ou paninis \u00e0 la fois. Gr\u00e2ce au rev\u00eatement antiadh\u00e9sif des plaques de cuisson en aluminium, le fromage, le jambon ou d&#8217;autres ingr\u00e9dients ne collent pas aux plaques lorsqu&#8217;elles sont pr\u00eates \u00e0 \u00eatre retir\u00e9es. En outre, il assure une excellente conduction de la chaleur pour que les sandwichs soient pr\u00eats en m\u00eame temps. Gr\u00e2ce \u00e0 sa taille compacte, cette machine \u00e0 sandwichs grill\u00e9s est id\u00e9ale pour une utilisation dans les caf\u00e9s et les restaurants <\/p>\n<h3>Des ann\u00e9es de plaisir avec cette machine \u00e0 sandwichs<\/h3>\n<p>La construction tr\u00e8s durable de cette machine \u00e0 sandwichs professionnelle pr\u00e9sente deux avantages : elle vous donnera des ann\u00e9es de plaisir et elle peut r\u00e9sister \u00e0 une utilisation intensive. La machine \u00e0 sandwichs est tr\u00e8s facile \u00e0 utiliser. Vous l&#8217;allumez et r\u00e9glez ensuite la temp\u00e9rature. Celle-ci peut \u00eatre comprise entre 50 et 300\u00baC. Une fois que vous avez choisi la temp\u00e9rature, la machine \u00e0 sandwichs grill\u00e9s vous indique quand vous pouvez commencer \u00e0 griller. Emp\u00eachez-les de cuire trop longtemps sur le plateau de cuisson et r\u00e9glez la minuterie sur le temps de cuisson souhait\u00e9.<\/p>\n<h3>\u00c9quip\u00e9 de pieds robustes en acier inoxydable<\/h3>\n<p>Avant de commencer \u00e0 nettoyer le grille-pain, \u00e9teignez-le et d\u00e9branchez-le de la prise murale. Retirez ensuite les r\u00e9sidus alimentaires grossiers ou tenaces \u00e0 l&#8217;aide d&#8217;une brosse. Prenez un chiffon ou une brosse humide et un d\u00e9tergent doux. Nettoyez les plaques de cuisson et les accessoires tels que la l\u00e8chefrite amovible. Vous ne pouvez pas mettre les pi\u00e8ces de cet appareil \u00e0 panini dans le lave-vaisselle. Apr\u00e8s le nettoyage, s\u00e9chez l&#8217;appareil avec un chiffon doux pour la prochaine tourn\u00e9e. Le grille-pain repose fermement sur des pieds en acier inoxydable pendant la cuisson des sandwichs et des paninis.<\/p>\n<ul>\n<li>Robuste et facile \u00e0 utiliser<\/li>\n<li>Production rapide de 2 sandwichs<\/li>\n<li>Plaque de cuisson en aluminium avec rev\u00eatement antiadh\u00e9sif<\/li>\n<li>Thermostat variable de 50 \u00b0C \u00e0 300 \u00b0C<\/li>\n<li>\u00c9quip\u00e9 d&#8217;un minuteur<\/li>\n<li>T\u00e9moin lumineux de temp\u00e9rature<\/li>\n<li>Poign\u00e9e robuste<\/li>\n<li>\u00c9quip\u00e9 d&#8217;une l\u00e8chefrite<\/li>\n<li>Repose sur 4 pieds en acier inoxydable<\/li>\n<li>Construction tr\u00e8s durable<\/li>\n<li>Conception hygi\u00e9nique<\/li>\n<\/ul>\n<p>Caract\u00e9ristiques du produit<\/p>\n<ul>\n<li>Poids net : 10 kg<\/li>\n<li>Dimensions du sandwich : B120 x D140 x H20 mm<\/li>\n<li>Dimensions de l&#8217;appareil : L380 x D310 x H270 mm<\/li>\n<li>Puissance \u00e9lectrique totale : 1,75 kW<\/li>\n<li>230V \/ 50Hz \/ 1Phase 1750 Watt<\/li>\n<\/ul>\n<ul>\n<li>Poids net : 10kg\n<\/li>\n<li>Dimensions du sandwich : L12 x P14 x H2cm\n<\/li>\n<li>Dimensions de l&#8217;appareil : L38 x P31 x H27cm\n<\/li>\n<li>Puissance \u00e9lectrique totale : 1,75 kW\n<\/li>\n<li>230V\/50Hz\/1Phase 1750W<br \/>","protected":false},"excerpt":{"rendered":"<p>Pour la pr\u00e9paration simple et rapide de deux sandwichs ou paninis grill\u00e9s, utilisez cette machine \u00e0 sandwichs grill\u00e9s professionnelle. Elle a un format compact qui trouve sa place dans presque toutes les cuisines de restauration. Elle est id\u00e9ale pour une utilisation professionnelle dans les restaurants et les caf\u00e9s, ainsi que pour une utilisation dans la cuisine domestique<\/p>","protected":false},"featured_media":7448,"template":"","meta":{"_acf_changed":false},"product_brand":[],"product_cat":[470],"product_tag":[],"class_list":{"0":"post-14350","1":"product","2":"type-product","3":"status-publish","4":"has-post-thumbnail","6":"product_cat-grills-planchas-2","8":"first","9":"instock","10":"sale","11":"taxable","12":"shipping-taxable","13":"purchasable","14":"product-type-simple"},"acf":[],"yoast_head":"<!-- This site is optimized with the Yoast SEO plugin v27.5 - https:\/\/yoast.com\/product\/yoast-seo-wordpress\/ -->\n<title>Appareil \u00e0 croque-monsieur - 2 sandwichs - Gastora<\/title>\n<meta name=\"description\" content=\"Achetez Appareil \u00e0 croque-monsieur - 2 sandwichs au meilleur prix, fiable et performant avec une livraison rapide\" \/>\n<meta name=\"robots\" content=\"index, follow, max-snippet:-1, max-image-preview:large, max-video-preview:-1\" \/>\n<link rel=\"canonical\" href=\"https:\/\/gastora.eu\/en\/product\/appareil-croque-monsieur-2-sandwichs\/\" \/>\n<meta property=\"og:locale\" content=\"en_US\" \/>\n<meta property=\"og:type\" content=\"article\" \/>\n<meta property=\"og:title\" content=\"Appareil \u00e0 croque-monsieur - 2 sandwichs - Gastora\" \/>\n<meta property=\"og:description\" content=\"Achetez Appareil \u00e0 croque-monsieur - 2 sandwichs au meilleur prix, fiable et performant avec une livraison rapide\" \/>\n<meta property=\"og:url\" content=\"https:\/\/gastora.eu\/en\/product\/appareil-croque-monsieur-2-sandwichs\/\" \/>\n<meta property=\"og:site_name\" content=\"Gastora\" \/>\n<meta property=\"article:modified_time\" content=\"2026-04-28T16:56:22+00:00\" \/>\n<meta name=\"twitter:card\" content=\"summary_large_image\" \/>\n<meta name=\"twitter:label1\" content=\"Est. reading time\" \/>\n\t<meta name=\"twitter:data1\" content=\"2 minutes\" \/>\n<script type=\"application\/ld+json\" class=\"yoast-schema-graph\">{\"@context\":\"https:\\\/\\\/schema.org\",\"@graph\":[{\"@type\":\"WebPage\",\"@id\":\"https:\\\/\\\/gastora.eu\\\/product\\\/appareil-croque-monsieur-2-sandwichs\\\/\",\"url\":\"https:\\\/\\\/gastora.eu\\\/product\\\/appareil-croque-monsieur-2-sandwichs\\\/\",\"name\":\"Appareil \u00e0 croque-monsieur - 2 sandwichs - Gastora\",\"isPartOf\":{\"@id\":\"https:\\\/\\\/gastora.eu\\\/#website\"},\"primaryImageOfPage\":{\"@id\":\"https:\\\/\\\/gastora.eu\\\/product\\\/appareil-croque-monsieur-2-sandwichs\\\/#primaryimage\"},\"image\":{\"@id\":\"https:\\\/\\\/gastora.eu\\\/product\\\/appareil-croque-monsieur-2-sandwichs\\\/#primaryimage\"},\"thumbnailUrl\":\"https:\\\/\\\/gastora.eu\\\/wp-content\\\/uploads\\\/2026\\\/04\\\/sp-005-61656f735351c.jpg\",\"datePublished\":\"2026-04-25T17:48:38+00:00\",\"dateModified\":\"2026-04-28T16:56:22+00:00\",\"description\":\"Achetez Appareil \u00e0 croque-monsieur - 2 sandwichs au meilleur prix, fiable et performant avec une livraison rapide\",\"breadcrumb\":{\"@id\":\"https:\\\/\\\/gastora.eu\\\/product\\\/appareil-croque-monsieur-2-sandwichs\\\/#breadcrumb\"},\"inLanguage\":\"en-US\",\"potentialAction\":[{\"@type\":\"ReadAction\",\"target\":[\"https:\\\/\\\/gastora.eu\\\/product\\\/appareil-croque-monsieur-2-sandwichs\\\/\"]}]},{\"@type\":\"ImageObject\",\"inLanguage\":\"en-US\",\"@id\":\"https:\\\/\\\/gastora.eu\\\/product\\\/appareil-croque-monsieur-2-sandwichs\\\/#primaryimage\",\"url\":\"https:\\\/\\\/gastora.eu\\\/wp-content\\\/uploads\\\/2026\\\/04\\\/sp-005-61656f735351c.jpg\",\"contentUrl\":\"https:\\\/\\\/gastora.eu\\\/wp-content\\\/uploads\\\/2026\\\/04\\\/sp-005-61656f735351c.jpg\",\"width\":2048,\"height\":2048},{\"@type\":\"BreadcrumbList\",\"@id\":\"https:\\\/\\\/gastora.eu\\\/product\\\/appareil-croque-monsieur-2-sandwichs\\\/#breadcrumb\",\"itemListElement\":[{\"@type\":\"ListItem\",\"position\":1,\"name\":\"Home\",\"item\":\"https:\\\/\\\/gastora.eu\\\/\"},{\"@type\":\"ListItem\",\"position\":2,\"name\":\"Shop\",\"item\":\"https:\\\/\\\/gastora.eu\\\/shop\\\/\"},{\"@type\":\"ListItem\",\"position\":3,\"name\":\"Appareil \u00e0 croque-monsieur &#8211; 2 sandwichs\"}]},{\"@type\":\"WebSite\",\"@id\":\"https:\\\/\\\/gastora.eu\\\/#website\",\"url\":\"https:\\\/\\\/gastora.eu\\\/\",\"name\":\"Gastora\",\"description\":\"\u00c9quipements professionnels CHR\",\"publisher\":{\"@id\":\"https:\\\/\\\/gastora.eu\\\/#organization\"},\"potentialAction\":[{\"@type\":\"SearchAction\",\"target\":{\"@type\":\"EntryPoint\",\"urlTemplate\":\"https:\\\/\\\/gastora.eu\\\/?s={search_term_string}\"},\"query-input\":{\"@type\":\"PropertyValueSpecification\",\"valueRequired\":true,\"valueName\":\"search_term_string\"}}],\"inLanguage\":\"en-US\"},{\"@type\":\"Organization\",\"@id\":\"https:\\\/\\\/gastora.eu\\\/#organization\",\"name\":\"Gastora\",\"url\":\"https:\\\/\\\/gastora.eu\\\/\",\"logo\":{\"@type\":\"ImageObject\",\"inLanguage\":\"en-US\",\"@id\":\"https:\\\/\\\/gastora.eu\\\/#\\\/schema\\\/logo\\\/image\\\/\",\"url\":\"https:\\\/\\\/gastora.eu\\\/wp-content\\\/uploads\\\/2025\\\/12\\\/ChatGPT-Image-2-janv.-2026-22_52_47-1.png\",\"contentUrl\":\"https:\\\/\\\/gastora.eu\\\/wp-content\\\/uploads\\\/2025\\\/12\\\/ChatGPT-Image-2-janv.-2026-22_52_47-1.png\",\"width\":1536,\"height\":320,\"caption\":\"Gastora\"},\"image\":{\"@id\":\"https:\\\/\\\/gastora.eu\\\/#\\\/schema\\\/logo\\\/image\\\/\"}}]}<\/script>\n<!-- \/ Yoast SEO plugin. -->","yoast_head_json":{"title":"Appareil \u00e0 croque-monsieur - 2 sandwichs - Gastora","description":"Achetez Appareil \u00e0 croque-monsieur - 2 sandwichs au meilleur prix, fiable et performant avec une livraison rapide","robots":{"index":"index","follow":"follow","max-snippet":"max-snippet:-1","max-image-preview":"max-image-preview:large","max-video-preview":"max-video-preview:-1"},"canonical":"https:\/\/gastora.eu\/en\/product\/appareil-croque-monsieur-2-sandwichs\/","og_locale":"en_US","og_type":"article","og_title":"Appareil \u00e0 croque-monsieur - 2 sandwichs - Gastora","og_description":"Achetez Appareil \u00e0 croque-monsieur - 2 sandwichs au meilleur prix, fiable et performant avec une livraison rapide","og_url":"https:\/\/gastora.eu\/en\/product\/appareil-croque-monsieur-2-sandwichs\/","og_site_name":"Gastora","article_modified_time":"2026-04-28T16:56:22+00:00","twitter_card":"summary_large_image","twitter_misc":{"Est. reading time":"2 minutes"},"schema":{"@context":"https:\/\/schema.org","@graph":[{"@type":"WebPage","@id":"https:\/\/gastora.eu\/product\/appareil-croque-monsieur-2-sandwichs\/","url":"https:\/\/gastora.eu\/product\/appareil-croque-monsieur-2-sandwichs\/","name":"Appareil \u00e0 croque-monsieur - 2 sandwichs - Gastora","isPartOf":{"@id":"https:\/\/gastora.eu\/#website"},"primaryImageOfPage":{"@id":"https:\/\/gastora.eu\/product\/appareil-croque-monsieur-2-sandwichs\/#primaryimage"},"image":{"@id":"https:\/\/gastora.eu\/product\/appareil-croque-monsieur-2-sandwichs\/#primaryimage"},"thumbnailUrl":"https:\/\/gastora.eu\/wp-content\/uploads\/2026\/04\/sp-005-61656f735351c.jpg","datePublished":"2026-04-25T17:48:38+00:00","dateModified":"2026-04-28T16:56:22+00:00","description":"Achetez Appareil \u00e0 croque-monsieur - 2 sandwichs au meilleur prix, fiable et performant avec une livraison rapide","breadcrumb":{"@id":"https:\/\/gastora.eu\/product\/appareil-croque-monsieur-2-sandwichs\/#breadcrumb"},"inLanguage":"en-US","potentialAction":[{"@type":"ReadAction","target":["https:\/\/gastora.eu\/product\/appareil-croque-monsieur-2-sandwichs\/"]}]},{"@type":"ImageObject","inLanguage":"en-US","@id":"https:\/\/gastora.eu\/product\/appareil-croque-monsieur-2-sandwichs\/#primaryimage","url":"https:\/\/gastora.eu\/wp-content\/uploads\/2026\/04\/sp-005-61656f735351c.jpg","contentUrl":"https:\/\/gastora.eu\/wp-content\/uploads\/2026\/04\/sp-005-61656f735351c.jpg","width":2048,"height":2048},{"@type":"BreadcrumbList","@id":"https:\/\/gastora.eu\/product\/appareil-croque-monsieur-2-sandwichs\/#breadcrumb","itemListElement":[{"@type":"ListItem","position":1,"name":"Home","item":"https:\/\/gastora.eu\/"},{"@type":"ListItem","position":2,"name":"Shop","item":"https:\/\/gastora.eu\/shop\/"},{"@type":"ListItem","position":3,"name":"Appareil \u00e0 croque-monsieur &#8211; 2 sandwichs"}]},{"@type":"WebSite","@id":"https:\/\/gastora.eu\/#website","url":"https:\/\/gastora.eu\/","name":"Gastora","description":"\u00c9quipements professionnels CHR","publisher":{"@id":"https:\/\/gastora.eu\/#organization"},"potentialAction":[{"@type":"SearchAction","target":{"@type":"EntryPoint","urlTemplate":"https:\/\/gastora.eu\/?s={search_term_string}"},"query-input":{"@type":"PropertyValueSpecification","valueRequired":true,"valueName":"search_term_string"}}],"inLanguage":"en-US"},{"@type":"Organization","@id":"https:\/\/gastora.eu\/#organization","name":"Gastora","url":"https:\/\/gastora.eu\/","logo":{"@type":"ImageObject","inLanguage":"en-US","@id":"https:\/\/gastora.eu\/#\/schema\/logo\/image\/","url":"https:\/\/gastora.eu\/wp-content\/uploads\/2025\/12\/ChatGPT-Image-2-janv.-2026-22_52_47-1.png","contentUrl":"https:\/\/gastora.eu\/wp-content\/uploads\/2025\/12\/ChatGPT-Image-2-janv.-2026-22_52_47-1.png","width":1536,"height":320,"caption":"Gastora"},"image":{"@id":"https:\/\/gastora.eu\/#\/schema\/logo\/image\/"}}]}},"jetpack_sharing_enabled":true,"_links":{"self":[{"href":"https:\/\/gastora.eu\/en\/wp-json\/wp\/v2\/product\/14350","targetHints":{"allow":["GET"]}}],"collection":[{"href":"https:\/\/gastora.eu\/en\/wp-json\/wp\/v2\/product"}],"about":[{"href":"https:\/\/gastora.eu\/en\/wp-json\/wp\/v2\/types\/product"}],"wp:featuredmedia":[{"embeddable":true,"href":"https:\/\/gastora.eu\/en\/wp-json\/wp\/v2\/media\/7448"}],"wp:attachment":[{"href":"https:\/\/gastora.eu\/en\/wp-json\/wp\/v2\/media?parent=14350"}],"wp:term":[{"taxonomy":"product_brand","embeddable":true,"href":"https:\/\/gastora.eu\/en\/wp-json\/wp\/v2\/product_brand?post=14350"},{"taxonomy":"product_cat","embeddable":true,"href":"https:\/\/gastora.eu\/en\/wp-json\/wp\/v2\/product_cat?post=14350"},{"taxonomy":"product_tag","embeddable":true,"href":"https:\/\/gastora.eu\/en\/wp-json\/wp\/v2\/product_tag?post=14350"}],"curies":[{"name":"wp","href":"https:\/\/api.w.org\/{rel}","templated":true}]}}