{"id":14349,"date":"2026-04-25T17:48:37","date_gmt":"2026-04-25T17:48:37","guid":{"rendered":"https:\/\/gastora.eu\/?post_type=product&#038;p=14349"},"modified":"2026-04-28T16:56:22","modified_gmt":"2026-04-28T16:56:22","slug":"dispensateur-de-pte-16-l-acier-inoxydable-bouton-de-dosage-inclus","status":"publish","type":"product","link":"https:\/\/gastora.eu\/en\/product\/dispensateur-de-pte-16-l-acier-inoxydable-bouton-de-dosage-inclus\/","title":{"rendered":"Dispensateur de p\u00e2te &#8211; 1,6 L &#8211; acier inoxydable &#8211; bouton de dosage inclus"},"content":{"rendered":"<h2>Batter en Acier Inoxydable Distributeur Deluxe &#8211; 1.6L<\/h2>\n<p>Avec le distributeur de p\u00e2te en acier inoxydable Deluxe, vous pouvez facilement verser la p\u00e2te dans les diff\u00e9rents moules \u00e0 p\u00e2tisserie. Le distributeur de p\u00e2te a un bouton de dosage avec lequel vous pouvez d\u00e9terminer la quantit\u00e9 de p\u00e2te que vous souhaitez utiliser. Ce n&#8217;est pas seulement une aide pratique, mais \u00e9galement hygi\u00e9nique, car vous n&#8217;entrez pas en contact avec les raccords. Vous \u00e9vitez \u00e9galement de renverser \u00e0 c\u00f4t\u00e9 du plat de cuisson. Parce que le distributeur de p\u00e2te est en acier inoxydable, il est \u00e9galement facile \u00e0 nettoyer.<\/p>\n<p>Caract\u00e9ristiques du distributeur de p\u00e2te<\/p>\n<ul>\n<li>Finition robuste et solide<\/li>\n<li>\u00c9quip\u00e9 d&#8217;un bouton de dose<\/li>\n<li>Comprend un tr\u00e9pied pour lancer la p\u00e2te<\/li>\n<li>Construction tr\u00e8s durable<\/li>\n<li>Conception hygi\u00e9nique<\/li>\n<\/ul>\n<p>Sp\u00e9cifications du produit<\/p>\n<ul>\n<li>Poids net: 0,8 kg<\/li>\n<li>Dimensions du bec: 3\/6\/8 mm<\/li>\n<li>Quantit\u00e9 de p\u00e2te: 1,6 litre<\/li>\n<li>Dimensions de l&#8217;appareil: L240 x P245 x H200 mm<\/li>\n<\/ul>","protected":false},"excerpt":{"rendered":"<p>Ce distributeur de p\u00e2te \u00e0 frire tr\u00e8s pratique est fabriqu\u00e9 en acier inoxydable et est un ajout bienvenu dans les cuisines professionnelles. Il est id\u00e9al pour distribuer la p\u00e2te de mani\u00e8re uniforme. Gr\u00e2ce au bouton de dosage, vous pouvez d\u00e9terminer rapidement la quantit\u00e9 de p\u00e2te \u00e0 utiliser.<\/p>","protected":false},"featured_media":7446,"template":"","meta":{"_acf_changed":false},"product_brand":[],"product_cat":[495],"product_tag":[],"class_list":{"0":"post-14349","1":"product","2":"type-product","3":"status-publish","4":"has-post-thumbnail","6":"product_cat-plaques-pianos-de-cuisson-2","8":"first","9":"instock","10":"sale","11":"taxable","12":"shipping-taxable","13":"purchasable","14":"product-type-simple"},"acf":[],"yoast_head":"<!-- This site is optimized with the Yoast SEO plugin v27.6 - https:\/\/yoast.com\/product\/yoast-seo-wordpress\/ -->\n<title>Dispensateur de p\u00e2te - 1,6 L - acier inoxydable - bouton de dosage inclus - Gastora<\/title>\n<meta name=\"description\" content=\"Achetez Dispensateur de p\u00e2te - 1,6 L - acier inoxydable - bouton de dosage inclus au meilleur prix, fiable et performant avec une livraison rapide\" \/>\n<meta name=\"robots\" content=\"index, follow, max-snippet:-1, max-image-preview:large, max-video-preview:-1\" \/>\n<link rel=\"canonical\" href=\"https:\/\/gastora.eu\/en\/product\/dispensateur-de-pte-16-l-acier-inoxydable-bouton-de-dosage-inclus\/\" \/>\n<meta property=\"og:locale\" content=\"en_US\" \/>\n<meta property=\"og:type\" content=\"article\" \/>\n<meta property=\"og:title\" content=\"Dispensateur de p\u00e2te - 1,6 L - acier inoxydable - bouton de dosage inclus - Gastora\" \/>\n<meta property=\"og:description\" content=\"Achetez Dispensateur de p\u00e2te - 1,6 L - acier inoxydable - bouton de dosage inclus au meilleur prix, fiable et performant avec une livraison rapide\" \/>\n<meta property=\"og:url\" content=\"https:\/\/gastora.eu\/en\/product\/dispensateur-de-pte-16-l-acier-inoxydable-bouton-de-dosage-inclus\/\" \/>\n<meta property=\"og:site_name\" content=\"Gastora\" \/>\n<meta property=\"article:modified_time\" content=\"2026-04-28T16:56:22+00:00\" \/>\n<meta name=\"twitter:card\" content=\"summary_large_image\" \/>\n<meta name=\"twitter:label1\" content=\"Est. reading time\" \/>\n\t<meta name=\"twitter:data1\" content=\"1 minute\" \/>\n<script type=\"application\/ld+json\" class=\"yoast-schema-graph\">{\"@context\":\"https:\\\/\\\/schema.org\",\"@graph\":[{\"@type\":\"WebPage\",\"@id\":\"https:\\\/\\\/gastora.eu\\\/product\\\/dispensateur-de-pte-16-l-acier-inoxydable-bouton-de-dosage-inclus\\\/\",\"url\":\"https:\\\/\\\/gastora.eu\\\/product\\\/dispensateur-de-pte-16-l-acier-inoxydable-bouton-de-dosage-inclus\\\/\",\"name\":\"Dispensateur de p\u00e2te - 1,6 L - acier inoxydable - bouton de dosage inclus - Gastora\",\"isPartOf\":{\"@id\":\"https:\\\/\\\/gastora.eu\\\/#website\"},\"primaryImageOfPage\":{\"@id\":\"https:\\\/\\\/gastora.eu\\\/product\\\/dispensateur-de-pte-16-l-acier-inoxydable-bouton-de-dosage-inclus\\\/#primaryimage\"},\"image\":{\"@id\":\"https:\\\/\\\/gastora.eu\\\/product\\\/dispensateur-de-pte-16-l-acier-inoxydable-bouton-de-dosage-inclus\\\/#primaryimage\"},\"thumbnailUrl\":\"https:\\\/\\\/gastora.eu\\\/wp-content\\\/uploads\\\/2026\\\/04\\\/sp-247.jpg\",\"datePublished\":\"2026-04-25T17:48:37+00:00\",\"dateModified\":\"2026-04-28T16:56:22+00:00\",\"description\":\"Achetez Dispensateur de p\u00e2te - 1,6 L - acier inoxydable - bouton de dosage inclus au meilleur prix, fiable et performant avec une livraison rapide\",\"breadcrumb\":{\"@id\":\"https:\\\/\\\/gastora.eu\\\/product\\\/dispensateur-de-pte-16-l-acier-inoxydable-bouton-de-dosage-inclus\\\/#breadcrumb\"},\"inLanguage\":\"en-US\",\"potentialAction\":[{\"@type\":\"ReadAction\",\"target\":[\"https:\\\/\\\/gastora.eu\\\/product\\\/dispensateur-de-pte-16-l-acier-inoxydable-bouton-de-dosage-inclus\\\/\"]}]},{\"@type\":\"ImageObject\",\"inLanguage\":\"en-US\",\"@id\":\"https:\\\/\\\/gastora.eu\\\/product\\\/dispensateur-de-pte-16-l-acier-inoxydable-bouton-de-dosage-inclus\\\/#primaryimage\",\"url\":\"https:\\\/\\\/gastora.eu\\\/wp-content\\\/uploads\\\/2026\\\/04\\\/sp-247.jpg\",\"contentUrl\":\"https:\\\/\\\/gastora.eu\\\/wp-content\\\/uploads\\\/2026\\\/04\\\/sp-247.jpg\",\"width\":2047,\"height\":1366},{\"@type\":\"BreadcrumbList\",\"@id\":\"https:\\\/\\\/gastora.eu\\\/product\\\/dispensateur-de-pte-16-l-acier-inoxydable-bouton-de-dosage-inclus\\\/#breadcrumb\",\"itemListElement\":[{\"@type\":\"ListItem\",\"position\":1,\"name\":\"Home\",\"item\":\"https:\\\/\\\/gastora.eu\\\/\"},{\"@type\":\"ListItem\",\"position\":2,\"name\":\"Shop\",\"item\":\"https:\\\/\\\/gastora.eu\\\/shop\\\/\"},{\"@type\":\"ListItem\",\"position\":3,\"name\":\"Dispensateur de p\u00e2te &#8211; 1,6 L &#8211; acier inoxydable &#8211; bouton de dosage inclus\"}]},{\"@type\":\"WebSite\",\"@id\":\"https:\\\/\\\/gastora.eu\\\/#website\",\"url\":\"https:\\\/\\\/gastora.eu\\\/\",\"name\":\"Gastora\",\"description\":\"\u00c9quipements professionnels CHR\",\"publisher\":{\"@id\":\"https:\\\/\\\/gastora.eu\\\/#organization\"},\"potentialAction\":[{\"@type\":\"SearchAction\",\"target\":{\"@type\":\"EntryPoint\",\"urlTemplate\":\"https:\\\/\\\/gastora.eu\\\/?s={search_term_string}\"},\"query-input\":{\"@type\":\"PropertyValueSpecification\",\"valueRequired\":true,\"valueName\":\"search_term_string\"}}],\"inLanguage\":\"en-US\"},{\"@type\":\"Organization\",\"@id\":\"https:\\\/\\\/gastora.eu\\\/#organization\",\"name\":\"Gastora\",\"url\":\"https:\\\/\\\/gastora.eu\\\/\",\"logo\":{\"@type\":\"ImageObject\",\"inLanguage\":\"en-US\",\"@id\":\"https:\\\/\\\/gastora.eu\\\/#\\\/schema\\\/logo\\\/image\\\/\",\"url\":\"https:\\\/\\\/gastora.eu\\\/wp-content\\\/uploads\\\/2025\\\/12\\\/ChatGPT-Image-2-janv.-2026-22_52_47-1.png\",\"contentUrl\":\"https:\\\/\\\/gastora.eu\\\/wp-content\\\/uploads\\\/2025\\\/12\\\/ChatGPT-Image-2-janv.-2026-22_52_47-1.png\",\"width\":1536,\"height\":320,\"caption\":\"Gastora\"},\"image\":{\"@id\":\"https:\\\/\\\/gastora.eu\\\/#\\\/schema\\\/logo\\\/image\\\/\"}}]}<\/script>\n<!-- \/ Yoast SEO plugin. -->","yoast_head_json":{"title":"Dispensateur de p\u00e2te - 1,6 L - acier inoxydable - bouton de dosage inclus - Gastora","description":"Achetez Dispensateur de p\u00e2te - 1,6 L - acier inoxydable - bouton de dosage inclus au meilleur prix, fiable et performant avec une livraison rapide","robots":{"index":"index","follow":"follow","max-snippet":"max-snippet:-1","max-image-preview":"max-image-preview:large","max-video-preview":"max-video-preview:-1"},"canonical":"https:\/\/gastora.eu\/en\/product\/dispensateur-de-pte-16-l-acier-inoxydable-bouton-de-dosage-inclus\/","og_locale":"en_US","og_type":"article","og_title":"Dispensateur de p\u00e2te - 1,6 L - acier inoxydable - bouton de dosage inclus - Gastora","og_description":"Achetez Dispensateur de p\u00e2te - 1,6 L - acier inoxydable - bouton de dosage inclus au meilleur prix, fiable et performant avec une livraison rapide","og_url":"https:\/\/gastora.eu\/en\/product\/dispensateur-de-pte-16-l-acier-inoxydable-bouton-de-dosage-inclus\/","og_site_name":"Gastora","article_modified_time":"2026-04-28T16:56:22+00:00","twitter_card":"summary_large_image","twitter_misc":{"Est. reading time":"1 minute"},"schema":{"@context":"https:\/\/schema.org","@graph":[{"@type":"WebPage","@id":"https:\/\/gastora.eu\/product\/dispensateur-de-pte-16-l-acier-inoxydable-bouton-de-dosage-inclus\/","url":"https:\/\/gastora.eu\/product\/dispensateur-de-pte-16-l-acier-inoxydable-bouton-de-dosage-inclus\/","name":"Dispensateur de p\u00e2te - 1,6 L - acier inoxydable - bouton de dosage inclus - Gastora","isPartOf":{"@id":"https:\/\/gastora.eu\/#website"},"primaryImageOfPage":{"@id":"https:\/\/gastora.eu\/product\/dispensateur-de-pte-16-l-acier-inoxydable-bouton-de-dosage-inclus\/#primaryimage"},"image":{"@id":"https:\/\/gastora.eu\/product\/dispensateur-de-pte-16-l-acier-inoxydable-bouton-de-dosage-inclus\/#primaryimage"},"thumbnailUrl":"https:\/\/gastora.eu\/wp-content\/uploads\/2026\/04\/sp-247.jpg","datePublished":"2026-04-25T17:48:37+00:00","dateModified":"2026-04-28T16:56:22+00:00","description":"Achetez Dispensateur de p\u00e2te - 1,6 L - acier inoxydable - bouton de dosage inclus au meilleur prix, fiable et performant avec une livraison rapide","breadcrumb":{"@id":"https:\/\/gastora.eu\/product\/dispensateur-de-pte-16-l-acier-inoxydable-bouton-de-dosage-inclus\/#breadcrumb"},"inLanguage":"en-US","potentialAction":[{"@type":"ReadAction","target":["https:\/\/gastora.eu\/product\/dispensateur-de-pte-16-l-acier-inoxydable-bouton-de-dosage-inclus\/"]}]},{"@type":"ImageObject","inLanguage":"en-US","@id":"https:\/\/gastora.eu\/product\/dispensateur-de-pte-16-l-acier-inoxydable-bouton-de-dosage-inclus\/#primaryimage","url":"https:\/\/gastora.eu\/wp-content\/uploads\/2026\/04\/sp-247.jpg","contentUrl":"https:\/\/gastora.eu\/wp-content\/uploads\/2026\/04\/sp-247.jpg","width":2047,"height":1366},{"@type":"BreadcrumbList","@id":"https:\/\/gastora.eu\/product\/dispensateur-de-pte-16-l-acier-inoxydable-bouton-de-dosage-inclus\/#breadcrumb","itemListElement":[{"@type":"ListItem","position":1,"name":"Home","item":"https:\/\/gastora.eu\/"},{"@type":"ListItem","position":2,"name":"Shop","item":"https:\/\/gastora.eu\/shop\/"},{"@type":"ListItem","position":3,"name":"Dispensateur de p\u00e2te &#8211; 1,6 L &#8211; acier inoxydable &#8211; bouton de dosage inclus"}]},{"@type":"WebSite","@id":"https:\/\/gastora.eu\/#website","url":"https:\/\/gastora.eu\/","name":"Gastora","description":"\u00c9quipements professionnels CHR","publisher":{"@id":"https:\/\/gastora.eu\/#organization"},"potentialAction":[{"@type":"SearchAction","target":{"@type":"EntryPoint","urlTemplate":"https:\/\/gastora.eu\/?s={search_term_string}"},"query-input":{"@type":"PropertyValueSpecification","valueRequired":true,"valueName":"search_term_string"}}],"inLanguage":"en-US"},{"@type":"Organization","@id":"https:\/\/gastora.eu\/#organization","name":"Gastora","url":"https:\/\/gastora.eu\/","logo":{"@type":"ImageObject","inLanguage":"en-US","@id":"https:\/\/gastora.eu\/#\/schema\/logo\/image\/","url":"https:\/\/gastora.eu\/wp-content\/uploads\/2025\/12\/ChatGPT-Image-2-janv.-2026-22_52_47-1.png","contentUrl":"https:\/\/gastora.eu\/wp-content\/uploads\/2025\/12\/ChatGPT-Image-2-janv.-2026-22_52_47-1.png","width":1536,"height":320,"caption":"Gastora"},"image":{"@id":"https:\/\/gastora.eu\/#\/schema\/logo\/image\/"}}]}},"jetpack_sharing_enabled":true,"_links":{"self":[{"href":"https:\/\/gastora.eu\/en\/wp-json\/wp\/v2\/product\/14349","targetHints":{"allow":["GET"]}}],"collection":[{"href":"https:\/\/gastora.eu\/en\/wp-json\/wp\/v2\/product"}],"about":[{"href":"https:\/\/gastora.eu\/en\/wp-json\/wp\/v2\/types\/product"}],"wp:featuredmedia":[{"embeddable":true,"href":"https:\/\/gastora.eu\/en\/wp-json\/wp\/v2\/media\/7446"}],"wp:attachment":[{"href":"https:\/\/gastora.eu\/en\/wp-json\/wp\/v2\/media?parent=14349"}],"wp:term":[{"taxonomy":"product_brand","embeddable":true,"href":"https:\/\/gastora.eu\/en\/wp-json\/wp\/v2\/product_brand?post=14349"},{"taxonomy":"product_cat","embeddable":true,"href":"https:\/\/gastora.eu\/en\/wp-json\/wp\/v2\/product_cat?post=14349"},{"taxonomy":"product_tag","embeddable":true,"href":"https:\/\/gastora.eu\/en\/wp-json\/wp\/v2\/product_tag?post=14349"}],"curies":[{"name":"wp","href":"https:\/\/api.w.org\/{rel}","templated":true}]}}