{"id":14348,"date":"2026-04-25T17:48:36","date_gmt":"2026-04-25T17:48:36","guid":{"rendered":"https:\/\/gastora.eu\/?post_type=product&#038;p=14348"},"modified":"2026-04-28T16:56:22","modified_gmt":"2026-04-28T16:56:22","slug":"dispensateur-de-pte-13-l-acier-inoxydable-bouton-de-dosage-inclus","status":"publish","type":"product","link":"https:\/\/gastora.eu\/en\/product\/dispensateur-de-pte-13-l-acier-inoxydable-bouton-de-dosage-inclus\/","title":{"rendered":"Dispensateur de p\u00e2te &#8211; 1,3 L &#8211; acier inoxydable &#8211; bouton de dosage inclus"},"content":{"rendered":"<p>Remplir des moules \u00e0 p\u00e2tisserie, faire des cr\u00eapes ou des pancakes, ou verser de la p\u00e2te dans des moules \u00e0 cupcakes et \u00e0 muffins sans d\u00e9g\u00e2ts ? C&#8217;est tr\u00e8s facile \u00e0 faire avec ce distributeur de p\u00e2te professionnel. Le distributeur de p\u00e2te est fabriqu\u00e9 en acier inoxydable et a une capacit\u00e9 de 1,6 litre. Il est id\u00e9al pour verser facilement et de mani\u00e8re parfaitement dos\u00e9e la p\u00e2te dans toutes sortes de moules \u00e0 p\u00e2tisserie. Avec ce robot de cuisine, vous travaillez non seulement de mani\u00e8re tr\u00e8s propre, mais aussi de mani\u00e8re hygi\u00e9nique car vous n&#8217;entrez pas en contact avec la p\u00e2te.<\/p>\n<h3>Bouton de mesure pratique<\/h3>\n<p>Ce distributeur de p\u00e2te robuste a une finition solide et durera des ann\u00e9es. Gr\u00e2ce \u00e0 son bo\u00eetier en acier inoxydable, le distributeur peut r\u00e9sister \u00e0 un traitement brutal. Pour faciliter le remplissage des moules \u00e0 p\u00e2tisserie, ce distributeur de p\u00e2te est \u00e9quip\u00e9 d&#8217;un support pour verser la p\u00e2te. Le bouton de dosage vous permet de d\u00e9terminer la quantit\u00e9 de p\u00e2te \u00e0 utiliser.<\/p>\n<h3>Pi\u00e8ces r\u00e9sistantes au lave-vaisselle<\/h3>\n<p>Pour \u00e9viter que les r\u00e9sidus de p\u00e2te ne collent, il est conseill\u00e9 de nettoyer soigneusement le distributeur de p\u00e2te apr\u00e8s chaque utilisation. Gr\u00e2ce aux mat\u00e9riaux en acier inoxydable, le nettoyage du distributeur de p\u00e2te \u00e0 frire est facile. Vous pouvez d\u00e9monter les pi\u00e8ces et les nettoyer dans le lave-vaisselle. Apr\u00e8s le nettoyage, s\u00e9chez toutes les pi\u00e8ces avec un chiffon doux. Vous pouvez ensuite remonter le distributeur de p\u00e2te et il est pr\u00eat pour la prochaine t\u00e2che.<\/p>\n<ul>\n<li>Finition robuste et solide<\/li>\n<li>\u00c9quip\u00e9 d&#8217;un bouton de dosage<\/li>\n<li>Comprend un tr\u00e9pied pour la coul\u00e9e de la p\u00e2te<\/li>\n<li>Construction tr\u00e8s durable<\/li>\n<li>Conception hygi\u00e9nique<\/li>\n<\/ul>\n<p>Caract\u00e9ristiques du produit<\/p>\n<ul>\n<li>Poids net : 2 kg<\/li>\n<li>Dimensions du bec verseur : 8 mm<\/li>\n<li>Quantit\u00e9 de p\u00e2te : 1.3 litres<\/li>\n<li>Dimensions de l&#8217;appareil : L200 x P150 x H210 mm<\/li>\n<\/ul>\n<ul>\n<li>Poids net : 2kg\n<\/li>\n<li>Dimensions de la sortie : 8mm\n<\/li>\n<li>Quantit\u00e9 de p\u00e2te : 1,3L\n<\/li>\n<li>Dimensions de l&#8217;appareil : B20 x D15 x H21cm<br \/>","protected":false},"excerpt":{"rendered":"<p>Ce distributeur de p\u00e2te \u00e0 frire tr\u00e8s pratique est fabriqu\u00e9 en acier inoxydable et est un ajout bienvenu dans les cuisines professionnelles. Il est id\u00e9al pour distribuer la p\u00e2te de mani\u00e8re uniforme. Gr\u00e2ce au bouton de dosage, vous pouvez d\u00e9terminer rapidement la quantit\u00e9 de p\u00e2te \u00e0 utiliser.<\/p>","protected":false},"featured_media":7444,"template":"","meta":{"_acf_changed":false},"product_brand":[],"product_cat":[495],"product_tag":[],"class_list":{"0":"post-14348","1":"product","2":"type-product","3":"status-publish","4":"has-post-thumbnail","6":"product_cat-plaques-pianos-de-cuisson-2","8":"first","9":"instock","10":"sale","11":"taxable","12":"shipping-taxable","13":"purchasable","14":"product-type-simple"},"acf":[],"yoast_head":"<!-- This site is optimized with the Yoast SEO plugin v27.6 - https:\/\/yoast.com\/product\/yoast-seo-wordpress\/ -->\n<title>Dispensateur de p\u00e2te - 1,3 L - acier inoxydable - bouton de dosage inclus - Gastora<\/title>\n<meta name=\"description\" content=\"Achetez Dispensateur de p\u00e2te - 1,3 L - acier inoxydable - bouton de dosage inclus au meilleur prix, fiable et performant avec une livraison rapide\" \/>\n<meta name=\"robots\" content=\"index, follow, max-snippet:-1, max-image-preview:large, max-video-preview:-1\" \/>\n<link rel=\"canonical\" href=\"https:\/\/gastora.eu\/en\/product\/dispensateur-de-pte-13-l-acier-inoxydable-bouton-de-dosage-inclus\/\" \/>\n<meta property=\"og:locale\" content=\"en_US\" \/>\n<meta property=\"og:type\" content=\"article\" \/>\n<meta property=\"og:title\" content=\"Dispensateur de p\u00e2te - 1,3 L - acier inoxydable - bouton de dosage inclus - Gastora\" \/>\n<meta property=\"og:description\" content=\"Achetez Dispensateur de p\u00e2te - 1,3 L - acier inoxydable - bouton de dosage inclus au meilleur prix, fiable et performant avec une livraison rapide\" \/>\n<meta property=\"og:url\" content=\"https:\/\/gastora.eu\/en\/product\/dispensateur-de-pte-13-l-acier-inoxydable-bouton-de-dosage-inclus\/\" \/>\n<meta property=\"og:site_name\" content=\"Gastora\" \/>\n<meta property=\"article:modified_time\" content=\"2026-04-28T16:56:22+00:00\" \/>\n<meta name=\"twitter:card\" content=\"summary_large_image\" \/>\n<meta name=\"twitter:label1\" content=\"Est. reading time\" \/>\n\t<meta name=\"twitter:data1\" content=\"2 minutes\" \/>\n<script type=\"application\/ld+json\" class=\"yoast-schema-graph\">{\"@context\":\"https:\\\/\\\/schema.org\",\"@graph\":[{\"@type\":\"WebPage\",\"@id\":\"https:\\\/\\\/gastora.eu\\\/product\\\/dispensateur-de-pte-13-l-acier-inoxydable-bouton-de-dosage-inclus\\\/\",\"url\":\"https:\\\/\\\/gastora.eu\\\/product\\\/dispensateur-de-pte-13-l-acier-inoxydable-bouton-de-dosage-inclus\\\/\",\"name\":\"Dispensateur de p\u00e2te - 1,3 L - acier inoxydable - bouton de dosage inclus - Gastora\",\"isPartOf\":{\"@id\":\"https:\\\/\\\/gastora.eu\\\/#website\"},\"primaryImageOfPage\":{\"@id\":\"https:\\\/\\\/gastora.eu\\\/product\\\/dispensateur-de-pte-13-l-acier-inoxydable-bouton-de-dosage-inclus\\\/#primaryimage\"},\"image\":{\"@id\":\"https:\\\/\\\/gastora.eu\\\/product\\\/dispensateur-de-pte-13-l-acier-inoxydable-bouton-de-dosage-inclus\\\/#primaryimage\"},\"thumbnailUrl\":\"https:\\\/\\\/gastora.eu\\\/wp-content\\\/uploads\\\/2026\\\/04\\\/sp-239.jpg\",\"datePublished\":\"2026-04-25T17:48:36+00:00\",\"dateModified\":\"2026-04-28T16:56:22+00:00\",\"description\":\"Achetez Dispensateur de p\u00e2te - 1,3 L - acier inoxydable - bouton de dosage inclus au meilleur prix, fiable et performant avec une livraison rapide\",\"breadcrumb\":{\"@id\":\"https:\\\/\\\/gastora.eu\\\/product\\\/dispensateur-de-pte-13-l-acier-inoxydable-bouton-de-dosage-inclus\\\/#breadcrumb\"},\"inLanguage\":\"en-US\",\"potentialAction\":[{\"@type\":\"ReadAction\",\"target\":[\"https:\\\/\\\/gastora.eu\\\/product\\\/dispensateur-de-pte-13-l-acier-inoxydable-bouton-de-dosage-inclus\\\/\"]}]},{\"@type\":\"ImageObject\",\"inLanguage\":\"en-US\",\"@id\":\"https:\\\/\\\/gastora.eu\\\/product\\\/dispensateur-de-pte-13-l-acier-inoxydable-bouton-de-dosage-inclus\\\/#primaryimage\",\"url\":\"https:\\\/\\\/gastora.eu\\\/wp-content\\\/uploads\\\/2026\\\/04\\\/sp-239.jpg\",\"contentUrl\":\"https:\\\/\\\/gastora.eu\\\/wp-content\\\/uploads\\\/2026\\\/04\\\/sp-239.jpg\",\"width\":2048,\"height\":1366},{\"@type\":\"BreadcrumbList\",\"@id\":\"https:\\\/\\\/gastora.eu\\\/product\\\/dispensateur-de-pte-13-l-acier-inoxydable-bouton-de-dosage-inclus\\\/#breadcrumb\",\"itemListElement\":[{\"@type\":\"ListItem\",\"position\":1,\"name\":\"Home\",\"item\":\"https:\\\/\\\/gastora.eu\\\/\"},{\"@type\":\"ListItem\",\"position\":2,\"name\":\"Shop\",\"item\":\"https:\\\/\\\/gastora.eu\\\/shop\\\/\"},{\"@type\":\"ListItem\",\"position\":3,\"name\":\"Dispensateur de p\u00e2te &#8211; 1,3 L &#8211; acier inoxydable &#8211; bouton de dosage inclus\"}]},{\"@type\":\"WebSite\",\"@id\":\"https:\\\/\\\/gastora.eu\\\/#website\",\"url\":\"https:\\\/\\\/gastora.eu\\\/\",\"name\":\"Gastora\",\"description\":\"\u00c9quipements professionnels CHR\",\"publisher\":{\"@id\":\"https:\\\/\\\/gastora.eu\\\/#organization\"},\"potentialAction\":[{\"@type\":\"SearchAction\",\"target\":{\"@type\":\"EntryPoint\",\"urlTemplate\":\"https:\\\/\\\/gastora.eu\\\/?s={search_term_string}\"},\"query-input\":{\"@type\":\"PropertyValueSpecification\",\"valueRequired\":true,\"valueName\":\"search_term_string\"}}],\"inLanguage\":\"en-US\"},{\"@type\":\"Organization\",\"@id\":\"https:\\\/\\\/gastora.eu\\\/#organization\",\"name\":\"Gastora\",\"url\":\"https:\\\/\\\/gastora.eu\\\/\",\"logo\":{\"@type\":\"ImageObject\",\"inLanguage\":\"en-US\",\"@id\":\"https:\\\/\\\/gastora.eu\\\/#\\\/schema\\\/logo\\\/image\\\/\",\"url\":\"https:\\\/\\\/gastora.eu\\\/wp-content\\\/uploads\\\/2025\\\/12\\\/ChatGPT-Image-2-janv.-2026-22_52_47-1.png\",\"contentUrl\":\"https:\\\/\\\/gastora.eu\\\/wp-content\\\/uploads\\\/2025\\\/12\\\/ChatGPT-Image-2-janv.-2026-22_52_47-1.png\",\"width\":1536,\"height\":320,\"caption\":\"Gastora\"},\"image\":{\"@id\":\"https:\\\/\\\/gastora.eu\\\/#\\\/schema\\\/logo\\\/image\\\/\"}}]}<\/script>\n<!-- \/ Yoast SEO plugin. -->","yoast_head_json":{"title":"Dispensateur de p\u00e2te - 1,3 L - acier inoxydable - bouton de dosage inclus - Gastora","description":"Achetez Dispensateur de p\u00e2te - 1,3 L - acier inoxydable - bouton de dosage inclus au meilleur prix, fiable et performant avec une livraison rapide","robots":{"index":"index","follow":"follow","max-snippet":"max-snippet:-1","max-image-preview":"max-image-preview:large","max-video-preview":"max-video-preview:-1"},"canonical":"https:\/\/gastora.eu\/en\/product\/dispensateur-de-pte-13-l-acier-inoxydable-bouton-de-dosage-inclus\/","og_locale":"en_US","og_type":"article","og_title":"Dispensateur de p\u00e2te - 1,3 L - acier inoxydable - bouton de dosage inclus - Gastora","og_description":"Achetez Dispensateur de p\u00e2te - 1,3 L - acier inoxydable - bouton de dosage inclus au meilleur prix, fiable et performant avec une livraison rapide","og_url":"https:\/\/gastora.eu\/en\/product\/dispensateur-de-pte-13-l-acier-inoxydable-bouton-de-dosage-inclus\/","og_site_name":"Gastora","article_modified_time":"2026-04-28T16:56:22+00:00","twitter_card":"summary_large_image","twitter_misc":{"Est. reading time":"2 minutes"},"schema":{"@context":"https:\/\/schema.org","@graph":[{"@type":"WebPage","@id":"https:\/\/gastora.eu\/product\/dispensateur-de-pte-13-l-acier-inoxydable-bouton-de-dosage-inclus\/","url":"https:\/\/gastora.eu\/product\/dispensateur-de-pte-13-l-acier-inoxydable-bouton-de-dosage-inclus\/","name":"Dispensateur de p\u00e2te - 1,3 L - acier inoxydable - bouton de dosage inclus - Gastora","isPartOf":{"@id":"https:\/\/gastora.eu\/#website"},"primaryImageOfPage":{"@id":"https:\/\/gastora.eu\/product\/dispensateur-de-pte-13-l-acier-inoxydable-bouton-de-dosage-inclus\/#primaryimage"},"image":{"@id":"https:\/\/gastora.eu\/product\/dispensateur-de-pte-13-l-acier-inoxydable-bouton-de-dosage-inclus\/#primaryimage"},"thumbnailUrl":"https:\/\/gastora.eu\/wp-content\/uploads\/2026\/04\/sp-239.jpg","datePublished":"2026-04-25T17:48:36+00:00","dateModified":"2026-04-28T16:56:22+00:00","description":"Achetez Dispensateur de p\u00e2te - 1,3 L - acier inoxydable - bouton de dosage inclus au meilleur prix, fiable et performant avec une livraison rapide","breadcrumb":{"@id":"https:\/\/gastora.eu\/product\/dispensateur-de-pte-13-l-acier-inoxydable-bouton-de-dosage-inclus\/#breadcrumb"},"inLanguage":"en-US","potentialAction":[{"@type":"ReadAction","target":["https:\/\/gastora.eu\/product\/dispensateur-de-pte-13-l-acier-inoxydable-bouton-de-dosage-inclus\/"]}]},{"@type":"ImageObject","inLanguage":"en-US","@id":"https:\/\/gastora.eu\/product\/dispensateur-de-pte-13-l-acier-inoxydable-bouton-de-dosage-inclus\/#primaryimage","url":"https:\/\/gastora.eu\/wp-content\/uploads\/2026\/04\/sp-239.jpg","contentUrl":"https:\/\/gastora.eu\/wp-content\/uploads\/2026\/04\/sp-239.jpg","width":2048,"height":1366},{"@type":"BreadcrumbList","@id":"https:\/\/gastora.eu\/product\/dispensateur-de-pte-13-l-acier-inoxydable-bouton-de-dosage-inclus\/#breadcrumb","itemListElement":[{"@type":"ListItem","position":1,"name":"Home","item":"https:\/\/gastora.eu\/"},{"@type":"ListItem","position":2,"name":"Shop","item":"https:\/\/gastora.eu\/shop\/"},{"@type":"ListItem","position":3,"name":"Dispensateur de p\u00e2te &#8211; 1,3 L &#8211; acier inoxydable &#8211; bouton de dosage inclus"}]},{"@type":"WebSite","@id":"https:\/\/gastora.eu\/#website","url":"https:\/\/gastora.eu\/","name":"Gastora","description":"\u00c9quipements professionnels CHR","publisher":{"@id":"https:\/\/gastora.eu\/#organization"},"potentialAction":[{"@type":"SearchAction","target":{"@type":"EntryPoint","urlTemplate":"https:\/\/gastora.eu\/?s={search_term_string}"},"query-input":{"@type":"PropertyValueSpecification","valueRequired":true,"valueName":"search_term_string"}}],"inLanguage":"en-US"},{"@type":"Organization","@id":"https:\/\/gastora.eu\/#organization","name":"Gastora","url":"https:\/\/gastora.eu\/","logo":{"@type":"ImageObject","inLanguage":"en-US","@id":"https:\/\/gastora.eu\/#\/schema\/logo\/image\/","url":"https:\/\/gastora.eu\/wp-content\/uploads\/2025\/12\/ChatGPT-Image-2-janv.-2026-22_52_47-1.png","contentUrl":"https:\/\/gastora.eu\/wp-content\/uploads\/2025\/12\/ChatGPT-Image-2-janv.-2026-22_52_47-1.png","width":1536,"height":320,"caption":"Gastora"},"image":{"@id":"https:\/\/gastora.eu\/#\/schema\/logo\/image\/"}}]}},"jetpack_sharing_enabled":true,"_links":{"self":[{"href":"https:\/\/gastora.eu\/en\/wp-json\/wp\/v2\/product\/14348","targetHints":{"allow":["GET"]}}],"collection":[{"href":"https:\/\/gastora.eu\/en\/wp-json\/wp\/v2\/product"}],"about":[{"href":"https:\/\/gastora.eu\/en\/wp-json\/wp\/v2\/types\/product"}],"wp:featuredmedia":[{"embeddable":true,"href":"https:\/\/gastora.eu\/en\/wp-json\/wp\/v2\/media\/7444"}],"wp:attachment":[{"href":"https:\/\/gastora.eu\/en\/wp-json\/wp\/v2\/media?parent=14348"}],"wp:term":[{"taxonomy":"product_brand","embeddable":true,"href":"https:\/\/gastora.eu\/en\/wp-json\/wp\/v2\/product_brand?post=14348"},{"taxonomy":"product_cat","embeddable":true,"href":"https:\/\/gastora.eu\/en\/wp-json\/wp\/v2\/product_cat?post=14348"},{"taxonomy":"product_tag","embeddable":true,"href":"https:\/\/gastora.eu\/en\/wp-json\/wp\/v2\/product_tag?post=14348"}],"curies":[{"name":"wp","href":"https:\/\/api.w.org\/{rel}","templated":true}]}}