{"id":14347,"date":"2026-04-25T17:48:34","date_gmt":"2026-04-25T17:48:34","guid":{"rendered":"https:\/\/gastora.eu\/?post_type=product&#038;p=14347"},"modified":"2026-04-26T08:36:40","modified_gmt":"2026-04-26T08:36:40","slug":"four-pizza-avec-tapis-roulant-sadapte-2-x-20-cm-30-pizzas-par-heure","status":"publish","type":"product","link":"https:\/\/gastora.eu\/en\/product\/four-pizza-avec-tapis-roulant-sadapte-2-x-20-cm-30-pizzas-par-heure\/","title":{"rendered":"Four \u00e0 pizza avec tapis roulant &#8211; s&#8217;adapte \u00e0 2 x \u00d820 cm &#8211; 30 pizzas par heure"},"content":{"rendered":"<p>Ce four robuste dot\u00e9 d&#8217;un tapis roulant est id\u00e9al pour une utilisation professionnelle et une production \u00e9lev\u00e9e de pizzas. Il suffit de placer les pizzas fra\u00eeches sur le tapis roulant, qui les fait avancer vers le four. Dans le four, les pizzas sont cuites uniform\u00e9ment de tous les c\u00f4t\u00e9s et ressortent de l&#8217;autre c\u00f4t\u00e9. Outre les pizzas, vous pouvez \u00e9galement pr\u00e9parer des flammkuchen avec ce four \u00e0 pizza de haute qualit\u00e9.<\/p>\n<h3>Id\u00e9al pour une production \u00e9lev\u00e9e<\/h3>\n<p>Sur le tapis roulant, ce four \u00e0 pizza permet de cuire jusqu&#8217;\u00e0 30 pizzas par heure. Gr\u00e2ce au double chauffage et \u00e0 l&#8217;affichage num\u00e9rique, il est facile de r\u00e9gler la temp\u00e9rature id\u00e9ale. Les fl\u00e8ches permettent de s\u00e9lectionner la temp\u00e9rature souhait\u00e9e entre 50 et 280\u00baC. De plus, le four \u00e0 pizza dispose d&#8217;un interrupteur de vitesse pour r\u00e9gler la vitesse de la bande transporteuse. Ce mod\u00e8le de table peut \u00eatre plac\u00e9 sur une table ou un comptoir.<\/p>\n<h3>Facile \u00e0 nettoyer<\/h3>\n<p>Avant de nettoyer ce four \u00e0 pizza de haute qualit\u00e9, \u00e9teignez l&#8217;appareil et laissez-le refroidir. Enlevez ensuite les r\u00e9sidus grossiers ou tenaces \u00e0 l&#8217;aide d&#8217;une brosse. Nettoyez l&#8217;appareil \u00e0 l&#8217;aide d&#8217;un chiffon humide et d&#8217;un d\u00e9tergent doux. Toutes les pi\u00e8ces et tous les accessoires peuvent \u00eatre nettoy\u00e9s \u00e0 l&#8217;aide d&#8217;une brosse douce ou d&#8217;un chiffon humide. Les pi\u00e8ces ne peuvent pas \u00eatre mises au lave-vaisselle. L&#8217;ext\u00e9rieur en acier inoxydable du four \u00e0 pizza peut \u00eatre nettoy\u00e9 avec un chiffon humide. Apr\u00e8s le nettoyage, s\u00e9chez toutes les pi\u00e8ces avec un chiffon doux.<\/p>\n<p><strong>Caract\u00e9ristiques<\/strong><\/p>\n<ul>\n<li>Four \u00e0 pizza professionnel adapt\u00e9 \u00e0 une production \u00e9lev\u00e9e<\/li>\n<li>Fabriqu\u00e9 en acier inoxydable et facile \u00e0 nettoyer<\/li>\n<li>Double chauffage, chacun avec un affichage num\u00e9rique<\/li>\n<li>Chauffage uniforme de tous les c\u00f4t\u00e9s<\/li>\n<li>Thermostat r\u00e9glable entre 50 et 280\u00b0C<\/li>\n<\/ul>\n<p><strong>Caract\u00e9ristiques du produit<\/strong><\/p>\n<ul>\n<li>Poids net : 34 kg<\/li>\n<li>Dimensions de la chambre : L53 x P40 x H2\/4\/5,5cm<\/li>\n<li>Dimensions de l&#8217;appareil : B66 x D68 x H44cm<\/li>\n<li>Dimensions de l&#8217;appareil avec tapis roulant : L124 x P68 x H44cm<\/li>\n<li>Convient pour 2 pizzas de +\/-20cm<\/li>\n<li>Capacit\u00e9 de production : 30 pizzas par heure<\/li>\n<li>Temps de production du d\u00e9but \u00e0 la fin : 12 minutes par 2 pizzas<\/li>\n<li>Puissance \u00e9lectrique totale : 3,4 kW<\/li>\n<li>230V\/50Hz\/1Phase 3400W<\/li>\n<\/ul>\n<p><strong>Ce produit est fourni sans prise de courant.<\/strong><\/p>","protected":false},"excerpt":{"rendered":"<p>Ce four \u00e0 pizza professionnel est \u00e9quip\u00e9 d&#8217;un tapis roulant qui vous permet de pr\u00e9parer rapidement de d\u00e9licieuses pizzas. Vous pouvez pr\u00e9parer environ 30 pizzas d&#8217;un diam\u00e8tre de 20 cm par heure. Le chauffage sup\u00e9rieur et inf\u00e9rieur peut \u00eatre r\u00e9gl\u00e9 individuellement \u00e0 l&#8217;aide de l&#8217;affichage num\u00e9rique. Ce four \u00e0 pizza \u00e9lectrique convient \u00e0 un usage professionnel quotidien.<\/p>","protected":false},"featured_media":7442,"template":"","meta":{"_acf_changed":false},"product_brand":[],"product_cat":[484],"product_tag":[],"class_list":{"0":"post-14347","1":"product","2":"type-product","3":"status-publish","4":"has-post-thumbnail","6":"product_cat-fours-convection-mixtes-pizza-2","8":"first","9":"instock","10":"sale","11":"taxable","12":"shipping-taxable","13":"purchasable","14":"product-type-simple"},"acf":[],"yoast_head":"<!-- This site is optimized with the Yoast SEO plugin v27.4 - https:\/\/yoast.com\/product\/yoast-seo-wordpress\/ -->\n<title>Four \u00e0 pizza avec tapis roulant - s&#039;adapte \u00e0 2 x \u00d820 cm - 30 pizzas par heure - Gastora<\/title>\n<meta name=\"description\" content=\"Achetez Four \u00e0 pizza avec tapis roulant - s&#039;adapte \u00e0 2 x \u00d820 cm - 30 pizzas par heure au meilleur prix, fiable et performant avec une livraison rapide\" \/>\n<meta name=\"robots\" content=\"index, follow, max-snippet:-1, max-image-preview:large, max-video-preview:-1\" \/>\n<link rel=\"canonical\" href=\"https:\/\/gastora.eu\/en\/product\/four-pizza-avec-tapis-roulant-sadapte-2-x-20-cm-30-pizzas-par-heure\/\" \/>\n<meta property=\"og:locale\" content=\"en_US\" \/>\n<meta property=\"og:type\" content=\"article\" \/>\n<meta property=\"og:title\" content=\"Four \u00e0 pizza avec tapis roulant - s&#039;adapte \u00e0 2 x \u00d820 cm - 30 pizzas par heure - Gastora\" \/>\n<meta property=\"og:description\" content=\"Achetez Four \u00e0 pizza avec tapis roulant - s&#039;adapte \u00e0 2 x \u00d820 cm - 30 pizzas par heure au meilleur prix, fiable et performant avec une livraison rapide\" \/>\n<meta property=\"og:url\" content=\"https:\/\/gastora.eu\/en\/product\/four-pizza-avec-tapis-roulant-sadapte-2-x-20-cm-30-pizzas-par-heure\/\" \/>\n<meta property=\"og:site_name\" content=\"Gastora\" \/>\n<meta property=\"article:modified_time\" content=\"2026-04-26T08:36:40+00:00\" \/>\n<meta name=\"twitter:card\" content=\"summary_large_image\" \/>\n<meta name=\"twitter:label1\" content=\"Est. reading time\" \/>\n\t<meta name=\"twitter:data1\" content=\"2 minutes\" \/>\n<script type=\"application\/ld+json\" class=\"yoast-schema-graph\">{\"@context\":\"https:\\\/\\\/schema.org\",\"@graph\":[{\"@type\":\"WebPage\",\"@id\":\"https:\\\/\\\/gastora.eu\\\/product\\\/four-pizza-avec-tapis-roulant-sadapte-2-x-20-cm-30-pizzas-par-heure\\\/\",\"url\":\"https:\\\/\\\/gastora.eu\\\/product\\\/four-pizza-avec-tapis-roulant-sadapte-2-x-20-cm-30-pizzas-par-heure\\\/\",\"name\":\"Four \u00e0 pizza avec tapis roulant - s'adapte \u00e0 2 x \u00d820 cm - 30 pizzas par heure - Gastora\",\"isPartOf\":{\"@id\":\"https:\\\/\\\/gastora.eu\\\/#website\"},\"primaryImageOfPage\":{\"@id\":\"https:\\\/\\\/gastora.eu\\\/product\\\/four-pizza-avec-tapis-roulant-sadapte-2-x-20-cm-30-pizzas-par-heure\\\/#primaryimage\"},\"image\":{\"@id\":\"https:\\\/\\\/gastora.eu\\\/product\\\/four-pizza-avec-tapis-roulant-sadapte-2-x-20-cm-30-pizzas-par-heure\\\/#primaryimage\"},\"thumbnailUrl\":\"https:\\\/\\\/gastora.eu\\\/wp-content\\\/uploads\\\/2026\\\/04\\\/sp-041-61656f8db9b7b.jpg\",\"datePublished\":\"2026-04-25T17:48:34+00:00\",\"dateModified\":\"2026-04-26T08:36:40+00:00\",\"description\":\"Achetez Four \u00e0 pizza avec tapis roulant - s'adapte \u00e0 2 x \u00d820 cm - 30 pizzas par heure au meilleur prix, fiable et performant avec une livraison rapide\",\"breadcrumb\":{\"@id\":\"https:\\\/\\\/gastora.eu\\\/product\\\/four-pizza-avec-tapis-roulant-sadapte-2-x-20-cm-30-pizzas-par-heure\\\/#breadcrumb\"},\"inLanguage\":\"en-US\",\"potentialAction\":[{\"@type\":\"ReadAction\",\"target\":[\"https:\\\/\\\/gastora.eu\\\/product\\\/four-pizza-avec-tapis-roulant-sadapte-2-x-20-cm-30-pizzas-par-heure\\\/\"]}]},{\"@type\":\"ImageObject\",\"inLanguage\":\"en-US\",\"@id\":\"https:\\\/\\\/gastora.eu\\\/product\\\/four-pizza-avec-tapis-roulant-sadapte-2-x-20-cm-30-pizzas-par-heure\\\/#primaryimage\",\"url\":\"https:\\\/\\\/gastora.eu\\\/wp-content\\\/uploads\\\/2026\\\/04\\\/sp-041-61656f8db9b7b.jpg\",\"contentUrl\":\"https:\\\/\\\/gastora.eu\\\/wp-content\\\/uploads\\\/2026\\\/04\\\/sp-041-61656f8db9b7b.jpg\",\"width\":2048,\"height\":2048},{\"@type\":\"BreadcrumbList\",\"@id\":\"https:\\\/\\\/gastora.eu\\\/product\\\/four-pizza-avec-tapis-roulant-sadapte-2-x-20-cm-30-pizzas-par-heure\\\/#breadcrumb\",\"itemListElement\":[{\"@type\":\"ListItem\",\"position\":1,\"name\":\"Home\",\"item\":\"https:\\\/\\\/gastora.eu\\\/\"},{\"@type\":\"ListItem\",\"position\":2,\"name\":\"Shop\",\"item\":\"https:\\\/\\\/gastora.eu\\\/shop\\\/\"},{\"@type\":\"ListItem\",\"position\":3,\"name\":\"Four \u00e0 pizza avec tapis roulant &#8211; s&#8217;adapte \u00e0 2 x \u00d820 cm &#8211; 30 pizzas par heure\"}]},{\"@type\":\"WebSite\",\"@id\":\"https:\\\/\\\/gastora.eu\\\/#website\",\"url\":\"https:\\\/\\\/gastora.eu\\\/\",\"name\":\"Gastora\",\"description\":\"\u00c9quipements professionnels CHR\",\"publisher\":{\"@id\":\"https:\\\/\\\/gastora.eu\\\/#organization\"},\"potentialAction\":[{\"@type\":\"SearchAction\",\"target\":{\"@type\":\"EntryPoint\",\"urlTemplate\":\"https:\\\/\\\/gastora.eu\\\/?s={search_term_string}\"},\"query-input\":{\"@type\":\"PropertyValueSpecification\",\"valueRequired\":true,\"valueName\":\"search_term_string\"}}],\"inLanguage\":\"en-US\"},{\"@type\":\"Organization\",\"@id\":\"https:\\\/\\\/gastora.eu\\\/#organization\",\"name\":\"Gastora\",\"url\":\"https:\\\/\\\/gastora.eu\\\/\",\"logo\":{\"@type\":\"ImageObject\",\"inLanguage\":\"en-US\",\"@id\":\"https:\\\/\\\/gastora.eu\\\/#\\\/schema\\\/logo\\\/image\\\/\",\"url\":\"https:\\\/\\\/gastora.eu\\\/wp-content\\\/uploads\\\/2025\\\/12\\\/ChatGPT-Image-2-janv.-2026-22_52_47-1.png\",\"contentUrl\":\"https:\\\/\\\/gastora.eu\\\/wp-content\\\/uploads\\\/2025\\\/12\\\/ChatGPT-Image-2-janv.-2026-22_52_47-1.png\",\"width\":1536,\"height\":320,\"caption\":\"Gastora\"},\"image\":{\"@id\":\"https:\\\/\\\/gastora.eu\\\/#\\\/schema\\\/logo\\\/image\\\/\"}}]}<\/script>\n<!-- \/ Yoast SEO plugin. -->","yoast_head_json":{"title":"Four \u00e0 pizza avec tapis roulant - s'adapte \u00e0 2 x \u00d820 cm - 30 pizzas par heure - Gastora","description":"Achetez Four \u00e0 pizza avec tapis roulant - s'adapte \u00e0 2 x \u00d820 cm - 30 pizzas par heure au meilleur prix, fiable et performant avec une livraison rapide","robots":{"index":"index","follow":"follow","max-snippet":"max-snippet:-1","max-image-preview":"max-image-preview:large","max-video-preview":"max-video-preview:-1"},"canonical":"https:\/\/gastora.eu\/en\/product\/four-pizza-avec-tapis-roulant-sadapte-2-x-20-cm-30-pizzas-par-heure\/","og_locale":"en_US","og_type":"article","og_title":"Four \u00e0 pizza avec tapis roulant - s'adapte \u00e0 2 x \u00d820 cm - 30 pizzas par heure - Gastora","og_description":"Achetez Four \u00e0 pizza avec tapis roulant - s'adapte \u00e0 2 x \u00d820 cm - 30 pizzas par heure au meilleur prix, fiable et performant avec une livraison rapide","og_url":"https:\/\/gastora.eu\/en\/product\/four-pizza-avec-tapis-roulant-sadapte-2-x-20-cm-30-pizzas-par-heure\/","og_site_name":"Gastora","article_modified_time":"2026-04-26T08:36:40+00:00","twitter_card":"summary_large_image","twitter_misc":{"Est. reading time":"2 minutes"},"schema":{"@context":"https:\/\/schema.org","@graph":[{"@type":"WebPage","@id":"https:\/\/gastora.eu\/product\/four-pizza-avec-tapis-roulant-sadapte-2-x-20-cm-30-pizzas-par-heure\/","url":"https:\/\/gastora.eu\/product\/four-pizza-avec-tapis-roulant-sadapte-2-x-20-cm-30-pizzas-par-heure\/","name":"Four \u00e0 pizza avec tapis roulant - s'adapte \u00e0 2 x \u00d820 cm - 30 pizzas par heure - Gastora","isPartOf":{"@id":"https:\/\/gastora.eu\/#website"},"primaryImageOfPage":{"@id":"https:\/\/gastora.eu\/product\/four-pizza-avec-tapis-roulant-sadapte-2-x-20-cm-30-pizzas-par-heure\/#primaryimage"},"image":{"@id":"https:\/\/gastora.eu\/product\/four-pizza-avec-tapis-roulant-sadapte-2-x-20-cm-30-pizzas-par-heure\/#primaryimage"},"thumbnailUrl":"https:\/\/gastora.eu\/wp-content\/uploads\/2026\/04\/sp-041-61656f8db9b7b.jpg","datePublished":"2026-04-25T17:48:34+00:00","dateModified":"2026-04-26T08:36:40+00:00","description":"Achetez Four \u00e0 pizza avec tapis roulant - s'adapte \u00e0 2 x \u00d820 cm - 30 pizzas par heure au meilleur prix, fiable et performant avec une livraison rapide","breadcrumb":{"@id":"https:\/\/gastora.eu\/product\/four-pizza-avec-tapis-roulant-sadapte-2-x-20-cm-30-pizzas-par-heure\/#breadcrumb"},"inLanguage":"en-US","potentialAction":[{"@type":"ReadAction","target":["https:\/\/gastora.eu\/product\/four-pizza-avec-tapis-roulant-sadapte-2-x-20-cm-30-pizzas-par-heure\/"]}]},{"@type":"ImageObject","inLanguage":"en-US","@id":"https:\/\/gastora.eu\/product\/four-pizza-avec-tapis-roulant-sadapte-2-x-20-cm-30-pizzas-par-heure\/#primaryimage","url":"https:\/\/gastora.eu\/wp-content\/uploads\/2026\/04\/sp-041-61656f8db9b7b.jpg","contentUrl":"https:\/\/gastora.eu\/wp-content\/uploads\/2026\/04\/sp-041-61656f8db9b7b.jpg","width":2048,"height":2048},{"@type":"BreadcrumbList","@id":"https:\/\/gastora.eu\/product\/four-pizza-avec-tapis-roulant-sadapte-2-x-20-cm-30-pizzas-par-heure\/#breadcrumb","itemListElement":[{"@type":"ListItem","position":1,"name":"Home","item":"https:\/\/gastora.eu\/"},{"@type":"ListItem","position":2,"name":"Shop","item":"https:\/\/gastora.eu\/shop\/"},{"@type":"ListItem","position":3,"name":"Four \u00e0 pizza avec tapis roulant &#8211; s&#8217;adapte \u00e0 2 x \u00d820 cm &#8211; 30 pizzas par heure"}]},{"@type":"WebSite","@id":"https:\/\/gastora.eu\/#website","url":"https:\/\/gastora.eu\/","name":"Gastora","description":"\u00c9quipements professionnels CHR","publisher":{"@id":"https:\/\/gastora.eu\/#organization"},"potentialAction":[{"@type":"SearchAction","target":{"@type":"EntryPoint","urlTemplate":"https:\/\/gastora.eu\/?s={search_term_string}"},"query-input":{"@type":"PropertyValueSpecification","valueRequired":true,"valueName":"search_term_string"}}],"inLanguage":"en-US"},{"@type":"Organization","@id":"https:\/\/gastora.eu\/#organization","name":"Gastora","url":"https:\/\/gastora.eu\/","logo":{"@type":"ImageObject","inLanguage":"en-US","@id":"https:\/\/gastora.eu\/#\/schema\/logo\/image\/","url":"https:\/\/gastora.eu\/wp-content\/uploads\/2025\/12\/ChatGPT-Image-2-janv.-2026-22_52_47-1.png","contentUrl":"https:\/\/gastora.eu\/wp-content\/uploads\/2025\/12\/ChatGPT-Image-2-janv.-2026-22_52_47-1.png","width":1536,"height":320,"caption":"Gastora"},"image":{"@id":"https:\/\/gastora.eu\/#\/schema\/logo\/image\/"}}]}},"jetpack_sharing_enabled":true,"_links":{"self":[{"href":"https:\/\/gastora.eu\/en\/wp-json\/wp\/v2\/product\/14347","targetHints":{"allow":["GET"]}}],"collection":[{"href":"https:\/\/gastora.eu\/en\/wp-json\/wp\/v2\/product"}],"about":[{"href":"https:\/\/gastora.eu\/en\/wp-json\/wp\/v2\/types\/product"}],"wp:featuredmedia":[{"embeddable":true,"href":"https:\/\/gastora.eu\/en\/wp-json\/wp\/v2\/media\/7442"}],"wp:attachment":[{"href":"https:\/\/gastora.eu\/en\/wp-json\/wp\/v2\/media?parent=14347"}],"wp:term":[{"taxonomy":"product_brand","embeddable":true,"href":"https:\/\/gastora.eu\/en\/wp-json\/wp\/v2\/product_brand?post=14347"},{"taxonomy":"product_cat","embeddable":true,"href":"https:\/\/gastora.eu\/en\/wp-json\/wp\/v2\/product_cat?post=14347"},{"taxonomy":"product_tag","embeddable":true,"href":"https:\/\/gastora.eu\/en\/wp-json\/wp\/v2\/product_tag?post=14347"}],"curies":[{"name":"wp","href":"https:\/\/api.w.org\/{rel}","templated":true}]}}