{"id":14344,"date":"2026-04-25T17:48:30","date_gmt":"2026-04-25T17:48:30","guid":{"rendered":"https:\/\/gastora.eu\/?post_type=product&#038;p=14344"},"modified":"2026-04-28T16:56:21","modified_gmt":"2026-04-28T16:56:21","slug":"mini-crpire-100-pices-4-cm-chacune","status":"publish","type":"product","link":"https:\/\/gastora.eu\/en\/product\/mini-crpire-100-pices-4-cm-chacune\/","title":{"rendered":"Mini cr\u00eapi\u00e8re &#8211; 100 pi\u00e8ces &#8211; \u00d84 cm chacune"},"content":{"rendered":"<p>Pour pr\u00e9parer rapidement de d\u00e9licieuses mini-cr\u00eapes, installez cette mini-cr\u00eapi\u00e8re \u00e9lectrique dans votre cuisine. Vous pouvez pr\u00e9parer jusqu&#8217;\u00e0 100 mini-cr\u00eapes \u00e0 la fois et, gr\u00e2ce \u00e0 la bonne conduction de la chaleur, vous pouvez d\u00e9marrer rapidement. Cette mini-cr\u00eapi\u00e8re est dot\u00e9e d&#8217;une plaque de cuisson en aluminium avec un rev\u00eatement antiadh\u00e9sif pour que les cr\u00eapes se d\u00e9tachent facilement de la plaque.<\/p>\n<h3>Durable et facile \u00e0 utiliser<\/h3>\n<p>L&#8217;utilisation de la mini-cr\u00eapi\u00e8re est tr\u00e8s simple. Vous pouvez facilement r\u00e9gler vous-m\u00eame la temp\u00e9rature et le temps de pr\u00e9paration \u00e0 l&#8217;aide du cadran pratique. Les temp\u00e9ratures peuvent \u00eatre r\u00e9gl\u00e9es entre 50 et 300\u2070C. De plus, la cr\u00eapi\u00e8re est \u00e9quip\u00e9e d&#8217;un voyant lumineux qui vous permet de savoir exactement quand la plaque a atteint la bonne temp\u00e9rature. La plaque est \u00e9galement dot\u00e9e d&#8217;un bord sur\u00e9lev\u00e9 afin que la p\u00e2te \u00e0 cr\u00eapes ne s&#8217;\u00e9coule pas sur les bords. Gr\u00e2ce \u00e0 sa conception robuste, vous pouvez utiliser cette cr\u00eapi\u00e8re pendant des ann\u00e9es, car elle r\u00e9siste \u00e0 l&#8217;usure.<\/p>\n<h3>Facile \u00e0 nettoyer<\/h3>\n<p>Cette cr\u00eapi\u00e8re \u00e9lectrique repose sur quatre pieds en acier inoxydable. L&#8217;ext\u00e9rieur est \u00e9galement en acier inoxydable. La plaque de cuisson est donc facile \u00e0 nettoyer. Apr\u00e8s utilisation, \u00e9teignez l&#8217;appareil et d\u00e9branchez la fiche de la prise murale. D\u00e8s que la plaque est chaude, vous pouvez commencer \u00e0 la nettoyer. Les r\u00e9sidus \u00e9ventuels s&#8217;enl\u00e8vent facilement \u00e0 l&#8217;aide d&#8217;une brosse, d&#8217;une \u00e9ponge ou d&#8217;un chiffon humide et d&#8217;un peu d&#8217;eau chaude. Apr\u00e8s le nettoyage, s\u00e9chez la plaque avec un chiffon doux. Vous pouvez \u00e9galement s\u00e9cher l&#8217;ext\u00e9rieur en acier inoxydable avec un chiffon doux et sec.<\/p>\n<p><strong>Caract\u00e9ristiques<\/strong><\/p>\n<ul>\n<li>Robuste et facile \u00e0 utiliser<\/li>\n<li>Plaque de cuisson avec rev\u00eatement antiadh\u00e9sif<\/li>\n<li>Thermostat variable de 50 \u00b0C \u00e0 300 \u00b0C<\/li>\n<li>\u00c9quip\u00e9e d&#8217;une minuterie et d&#8217;un t\u00e9moin lumineux de temp\u00e9rature<\/li>\n<li>Construction tr\u00e8s durable<\/li>\n<\/ul>\n<p><strong>Caract\u00e9ristiques du produit<\/strong><\/p>\n<ul>\n<li>Poids net : 18 kg<\/li>\n<li>Capacit\u00e9 : 100 mini-cr\u00eapes<\/li>\n<li>Dimensions des cr\u00eapes : \u00f8 40 x 7mm<\/li>\n<li>Dimensions de la machine : L54 x P590 x H20cm<\/li>\n<li>230V\/50Hz\/1Phase 3200W<\/li>\n<\/ul>","protected":false},"excerpt":{"rendered":"<p>Cette mini-cr\u00eapi\u00e8re \u00e9lectrique permet de r\u00e9aliser rapidement 100 savoureuses mini-cr\u00eapes de 4 cm de diam\u00e8tre. Le panneau de commande analogique vous permet de r\u00e9gler s\u00e9par\u00e9ment la temp\u00e9rature et la minuterie des deux \u00e9l\u00e9ments chauffants. La plaque de cuisson est en aluminium et poss\u00e8de un rev\u00eatement antiadh\u00e9sif.<\/p>","protected":false},"featured_media":7436,"template":"","meta":{"_acf_changed":false},"product_brand":[],"product_cat":[495],"product_tag":[],"class_list":{"0":"post-14344","1":"product","2":"type-product","3":"status-publish","4":"has-post-thumbnail","6":"product_cat-plaques-pianos-de-cuisson-2","8":"first","9":"instock","10":"sale","11":"taxable","12":"shipping-taxable","13":"purchasable","14":"product-type-simple"},"acf":[],"yoast_head":"<!-- This site is optimized with the Yoast SEO plugin v27.6 - https:\/\/yoast.com\/product\/yoast-seo-wordpress\/ -->\n<title>Mini cr\u00eapi\u00e8re - 100 pi\u00e8ces - \u00d84 cm chacune - Gastora<\/title>\n<meta name=\"description\" content=\"Achetez Mini cr\u00eapi\u00e8re - 100 pi\u00e8ces - \u00d84 cm chacune au meilleur prix, fiable et performant avec une livraison rapide\" \/>\n<meta name=\"robots\" content=\"index, follow, max-snippet:-1, max-image-preview:large, max-video-preview:-1\" \/>\n<link rel=\"canonical\" href=\"https:\/\/gastora.eu\/en\/product\/mini-crpire-100-pices-4-cm-chacune\/\" \/>\n<meta property=\"og:locale\" content=\"en_US\" \/>\n<meta property=\"og:type\" content=\"article\" \/>\n<meta property=\"og:title\" content=\"Mini cr\u00eapi\u00e8re - 100 pi\u00e8ces - \u00d84 cm chacune - Gastora\" \/>\n<meta property=\"og:description\" content=\"Achetez Mini cr\u00eapi\u00e8re - 100 pi\u00e8ces - \u00d84 cm chacune au meilleur prix, fiable et performant avec une livraison rapide\" \/>\n<meta property=\"og:url\" content=\"https:\/\/gastora.eu\/en\/product\/mini-crpire-100-pices-4-cm-chacune\/\" \/>\n<meta property=\"og:site_name\" content=\"Gastora\" \/>\n<meta property=\"article:modified_time\" content=\"2026-04-28T16:56:21+00:00\" \/>\n<meta name=\"twitter:card\" content=\"summary_large_image\" \/>\n<meta name=\"twitter:label1\" content=\"Est. reading time\" \/>\n\t<meta name=\"twitter:data1\" content=\"2 minutes\" \/>\n<script type=\"application\/ld+json\" class=\"yoast-schema-graph\">{\"@context\":\"https:\\\/\\\/schema.org\",\"@graph\":[{\"@type\":\"WebPage\",\"@id\":\"https:\\\/\\\/gastora.eu\\\/product\\\/mini-crpire-100-pices-4-cm-chacune\\\/\",\"url\":\"https:\\\/\\\/gastora.eu\\\/product\\\/mini-crpire-100-pices-4-cm-chacune\\\/\",\"name\":\"Mini cr\u00eapi\u00e8re - 100 pi\u00e8ces - \u00d84 cm chacune - Gastora\",\"isPartOf\":{\"@id\":\"https:\\\/\\\/gastora.eu\\\/#website\"},\"primaryImageOfPage\":{\"@id\":\"https:\\\/\\\/gastora.eu\\\/product\\\/mini-crpire-100-pices-4-cm-chacune\\\/#primaryimage\"},\"image\":{\"@id\":\"https:\\\/\\\/gastora.eu\\\/product\\\/mini-crpire-100-pices-4-cm-chacune\\\/#primaryimage\"},\"thumbnailUrl\":\"https:\\\/\\\/gastora.eu\\\/wp-content\\\/uploads\\\/2026\\\/04\\\/sp-005-61656f73e937f.jpg\",\"datePublished\":\"2026-04-25T17:48:30+00:00\",\"dateModified\":\"2026-04-28T16:56:21+00:00\",\"description\":\"Achetez Mini cr\u00eapi\u00e8re - 100 pi\u00e8ces - \u00d84 cm chacune au meilleur prix, fiable et performant avec une livraison rapide\",\"breadcrumb\":{\"@id\":\"https:\\\/\\\/gastora.eu\\\/product\\\/mini-crpire-100-pices-4-cm-chacune\\\/#breadcrumb\"},\"inLanguage\":\"en-US\",\"potentialAction\":[{\"@type\":\"ReadAction\",\"target\":[\"https:\\\/\\\/gastora.eu\\\/product\\\/mini-crpire-100-pices-4-cm-chacune\\\/\"]}]},{\"@type\":\"ImageObject\",\"inLanguage\":\"en-US\",\"@id\":\"https:\\\/\\\/gastora.eu\\\/product\\\/mini-crpire-100-pices-4-cm-chacune\\\/#primaryimage\",\"url\":\"https:\\\/\\\/gastora.eu\\\/wp-content\\\/uploads\\\/2026\\\/04\\\/sp-005-61656f73e937f.jpg\",\"contentUrl\":\"https:\\\/\\\/gastora.eu\\\/wp-content\\\/uploads\\\/2026\\\/04\\\/sp-005-61656f73e937f.jpg\",\"width\":2048,\"height\":2048},{\"@type\":\"BreadcrumbList\",\"@id\":\"https:\\\/\\\/gastora.eu\\\/product\\\/mini-crpire-100-pices-4-cm-chacune\\\/#breadcrumb\",\"itemListElement\":[{\"@type\":\"ListItem\",\"position\":1,\"name\":\"Home\",\"item\":\"https:\\\/\\\/gastora.eu\\\/\"},{\"@type\":\"ListItem\",\"position\":2,\"name\":\"Shop\",\"item\":\"https:\\\/\\\/gastora.eu\\\/shop\\\/\"},{\"@type\":\"ListItem\",\"position\":3,\"name\":\"Mini cr\u00eapi\u00e8re &#8211; 100 pi\u00e8ces &#8211; \u00d84 cm chacune\"}]},{\"@type\":\"WebSite\",\"@id\":\"https:\\\/\\\/gastora.eu\\\/#website\",\"url\":\"https:\\\/\\\/gastora.eu\\\/\",\"name\":\"Gastora\",\"description\":\"\u00c9quipements professionnels CHR\",\"publisher\":{\"@id\":\"https:\\\/\\\/gastora.eu\\\/#organization\"},\"potentialAction\":[{\"@type\":\"SearchAction\",\"target\":{\"@type\":\"EntryPoint\",\"urlTemplate\":\"https:\\\/\\\/gastora.eu\\\/?s={search_term_string}\"},\"query-input\":{\"@type\":\"PropertyValueSpecification\",\"valueRequired\":true,\"valueName\":\"search_term_string\"}}],\"inLanguage\":\"en-US\"},{\"@type\":\"Organization\",\"@id\":\"https:\\\/\\\/gastora.eu\\\/#organization\",\"name\":\"Gastora\",\"url\":\"https:\\\/\\\/gastora.eu\\\/\",\"logo\":{\"@type\":\"ImageObject\",\"inLanguage\":\"en-US\",\"@id\":\"https:\\\/\\\/gastora.eu\\\/#\\\/schema\\\/logo\\\/image\\\/\",\"url\":\"https:\\\/\\\/gastora.eu\\\/wp-content\\\/uploads\\\/2025\\\/12\\\/ChatGPT-Image-2-janv.-2026-22_52_47-1.png\",\"contentUrl\":\"https:\\\/\\\/gastora.eu\\\/wp-content\\\/uploads\\\/2025\\\/12\\\/ChatGPT-Image-2-janv.-2026-22_52_47-1.png\",\"width\":1536,\"height\":320,\"caption\":\"Gastora\"},\"image\":{\"@id\":\"https:\\\/\\\/gastora.eu\\\/#\\\/schema\\\/logo\\\/image\\\/\"}}]}<\/script>\n<!-- \/ Yoast SEO plugin. -->","yoast_head_json":{"title":"Mini cr\u00eapi\u00e8re - 100 pi\u00e8ces - \u00d84 cm chacune - Gastora","description":"Achetez Mini cr\u00eapi\u00e8re - 100 pi\u00e8ces - \u00d84 cm chacune au meilleur prix, fiable et performant avec une livraison rapide","robots":{"index":"index","follow":"follow","max-snippet":"max-snippet:-1","max-image-preview":"max-image-preview:large","max-video-preview":"max-video-preview:-1"},"canonical":"https:\/\/gastora.eu\/en\/product\/mini-crpire-100-pices-4-cm-chacune\/","og_locale":"en_US","og_type":"article","og_title":"Mini cr\u00eapi\u00e8re - 100 pi\u00e8ces - \u00d84 cm chacune - Gastora","og_description":"Achetez Mini cr\u00eapi\u00e8re - 100 pi\u00e8ces - \u00d84 cm chacune au meilleur prix, fiable et performant avec une livraison rapide","og_url":"https:\/\/gastora.eu\/en\/product\/mini-crpire-100-pices-4-cm-chacune\/","og_site_name":"Gastora","article_modified_time":"2026-04-28T16:56:21+00:00","twitter_card":"summary_large_image","twitter_misc":{"Est. reading time":"2 minutes"},"schema":{"@context":"https:\/\/schema.org","@graph":[{"@type":"WebPage","@id":"https:\/\/gastora.eu\/product\/mini-crpire-100-pices-4-cm-chacune\/","url":"https:\/\/gastora.eu\/product\/mini-crpire-100-pices-4-cm-chacune\/","name":"Mini cr\u00eapi\u00e8re - 100 pi\u00e8ces - \u00d84 cm chacune - Gastora","isPartOf":{"@id":"https:\/\/gastora.eu\/#website"},"primaryImageOfPage":{"@id":"https:\/\/gastora.eu\/product\/mini-crpire-100-pices-4-cm-chacune\/#primaryimage"},"image":{"@id":"https:\/\/gastora.eu\/product\/mini-crpire-100-pices-4-cm-chacune\/#primaryimage"},"thumbnailUrl":"https:\/\/gastora.eu\/wp-content\/uploads\/2026\/04\/sp-005-61656f73e937f.jpg","datePublished":"2026-04-25T17:48:30+00:00","dateModified":"2026-04-28T16:56:21+00:00","description":"Achetez Mini cr\u00eapi\u00e8re - 100 pi\u00e8ces - \u00d84 cm chacune au meilleur prix, fiable et performant avec une livraison rapide","breadcrumb":{"@id":"https:\/\/gastora.eu\/product\/mini-crpire-100-pices-4-cm-chacune\/#breadcrumb"},"inLanguage":"en-US","potentialAction":[{"@type":"ReadAction","target":["https:\/\/gastora.eu\/product\/mini-crpire-100-pices-4-cm-chacune\/"]}]},{"@type":"ImageObject","inLanguage":"en-US","@id":"https:\/\/gastora.eu\/product\/mini-crpire-100-pices-4-cm-chacune\/#primaryimage","url":"https:\/\/gastora.eu\/wp-content\/uploads\/2026\/04\/sp-005-61656f73e937f.jpg","contentUrl":"https:\/\/gastora.eu\/wp-content\/uploads\/2026\/04\/sp-005-61656f73e937f.jpg","width":2048,"height":2048},{"@type":"BreadcrumbList","@id":"https:\/\/gastora.eu\/product\/mini-crpire-100-pices-4-cm-chacune\/#breadcrumb","itemListElement":[{"@type":"ListItem","position":1,"name":"Home","item":"https:\/\/gastora.eu\/"},{"@type":"ListItem","position":2,"name":"Shop","item":"https:\/\/gastora.eu\/shop\/"},{"@type":"ListItem","position":3,"name":"Mini cr\u00eapi\u00e8re &#8211; 100 pi\u00e8ces &#8211; \u00d84 cm chacune"}]},{"@type":"WebSite","@id":"https:\/\/gastora.eu\/#website","url":"https:\/\/gastora.eu\/","name":"Gastora","description":"\u00c9quipements professionnels CHR","publisher":{"@id":"https:\/\/gastora.eu\/#organization"},"potentialAction":[{"@type":"SearchAction","target":{"@type":"EntryPoint","urlTemplate":"https:\/\/gastora.eu\/?s={search_term_string}"},"query-input":{"@type":"PropertyValueSpecification","valueRequired":true,"valueName":"search_term_string"}}],"inLanguage":"en-US"},{"@type":"Organization","@id":"https:\/\/gastora.eu\/#organization","name":"Gastora","url":"https:\/\/gastora.eu\/","logo":{"@type":"ImageObject","inLanguage":"en-US","@id":"https:\/\/gastora.eu\/#\/schema\/logo\/image\/","url":"https:\/\/gastora.eu\/wp-content\/uploads\/2025\/12\/ChatGPT-Image-2-janv.-2026-22_52_47-1.png","contentUrl":"https:\/\/gastora.eu\/wp-content\/uploads\/2025\/12\/ChatGPT-Image-2-janv.-2026-22_52_47-1.png","width":1536,"height":320,"caption":"Gastora"},"image":{"@id":"https:\/\/gastora.eu\/#\/schema\/logo\/image\/"}}]}},"jetpack_sharing_enabled":true,"_links":{"self":[{"href":"https:\/\/gastora.eu\/en\/wp-json\/wp\/v2\/product\/14344","targetHints":{"allow":["GET"]}}],"collection":[{"href":"https:\/\/gastora.eu\/en\/wp-json\/wp\/v2\/product"}],"about":[{"href":"https:\/\/gastora.eu\/en\/wp-json\/wp\/v2\/types\/product"}],"wp:featuredmedia":[{"embeddable":true,"href":"https:\/\/gastora.eu\/en\/wp-json\/wp\/v2\/media\/7436"}],"wp:attachment":[{"href":"https:\/\/gastora.eu\/en\/wp-json\/wp\/v2\/media?parent=14344"}],"wp:term":[{"taxonomy":"product_brand","embeddable":true,"href":"https:\/\/gastora.eu\/en\/wp-json\/wp\/v2\/product_brand?post=14344"},{"taxonomy":"product_cat","embeddable":true,"href":"https:\/\/gastora.eu\/en\/wp-json\/wp\/v2\/product_cat?post=14344"},{"taxonomy":"product_tag","embeddable":true,"href":"https:\/\/gastora.eu\/en\/wp-json\/wp\/v2\/product_tag?post=14344"}],"curies":[{"name":"wp","href":"https:\/\/api.w.org\/{rel}","templated":true}]}}