{"id":14340,"date":"2026-04-25T17:48:26","date_gmt":"2026-04-25T17:48:26","guid":{"rendered":"https:\/\/gastora.eu\/?post_type=product&#038;p=14340"},"modified":"2026-04-28T16:56:21","modified_gmt":"2026-04-28T16:56:21","slug":"appareil-crpes-9-crpes-75-cm-chacune","status":"publish","type":"product","link":"https:\/\/gastora.eu\/en\/product\/appareil-crpes-9-crpes-75-cm-chacune\/","title":{"rendered":"Appareil \u00e0 cr\u00eapes &#8211; 9 Cr\u00eapes &#8211; \u00d87,5 cm chacune"},"content":{"rendered":"<p>R\u00e9alisez vous-m\u00eame les cr\u00eapes les plus savoureuses gr\u00e2ce \u00e0 cette cr\u00eapi\u00e8re \u00e9lectrique \u00e0 double plaque. La plaque antiadh\u00e9sive peut cuire neuf cr\u00eapes d&#8217;un diam\u00e8tre de 7,5 cm chacune. Gr\u00e2ce \u00e0 la taille compacte de cette cr\u00eapi\u00e8re, vous pouvez rapidement et facilement faire des cr\u00eapes parfaitement rondes. Cet appareil de cuisine convient \u00e9galement parfaitement aux stands de p\u00e2tisseries, aux march\u00e9s et aux foires. La cr\u00eapi\u00e8re est dot\u00e9e d&#8217;une plaque de cuisson en aluminium qui contribue \u00e0 une bonne conduction de la chaleur.<\/p>\n<h3>\u00c9quip\u00e9e d&#8217;une minuterie pratique<\/h3>\n<p>Cette cr\u00eapi\u00e8re robuste est facile \u00e0 utiliser et assure une production rapide de cr\u00eapes. Le thermostat peut \u00eatre r\u00e9gl\u00e9 entre 50 et 300\u2070C. Le voyant lumineux indique que la cr\u00eapi\u00e8re est \u00e0 la bonne temp\u00e9rature et que la p\u00e2te peut \u00eatre vers\u00e9e sur la plaque de cuisson. Gr\u00e2ce \u00e0 la minuterie, vous pouvez facilement r\u00e9gler le temps de cuisson ad\u00e9quat. La cr\u00eapi\u00e8re est \u00e9galement dot\u00e9e d&#8217;une poign\u00e9e solide et d&#8217;un bac de r\u00e9cup\u00e9ration amovible.<\/p>\n<h3>Conception durable et hygi\u00e9nique<\/h3>\n<p>L&#8217;ext\u00e9rieur de la cr\u00eapi\u00e8re est en acier inoxydable, ce qui la rend durable et facile \u00e0 nettoyer. L&#8217;appareil repose sur quatre pieds en acier inoxydable pour une bonne stabilit\u00e9. Il est \u00e9galement dot\u00e9 d&#8217;une conception hygi\u00e9nique qui emp\u00eache les r\u00e9sidus alimentaires de s&#8217;infiltrer dans les coins et les coutures. Apr\u00e8s utilisation, \u00e9teignez l&#8217;appareil et d\u00e9branchez-le de la prise murale. D\u00e8s que la plaque est encore chaude au toucher, vous pouvez commencer \u00e0 la nettoyer. Enlevez d&#8217;abord les r\u00e9sidus avec un peu d&#8217;eau chaude, une brosse ou une \u00e9ponge. N&#8217;endommagez pas la plaque avec des objets pointus ou le c\u00f4t\u00e9 abrasif d&#8217;une \u00e9ponge. S\u00e9chez la plaque de cuisson avec un chiffon doux. Vous pouvez \u00e9galement essuyer l&#8217;ext\u00e9rieur avec un chiffon.<\/p>\n<p><strong>Caract\u00e9ristiques<\/strong><\/p>\n<ul>\n<li>Robuste et facile \u00e0 utiliser<\/li>\n<li>Plaque de cuisson en aluminium<\/li>\n<li>Thermostat variable de 50 \u00b0C \u00e0 300 \u00b0C<\/li>\n<li>\u00c9quip\u00e9 d&#8217;une minuterie et d&#8217;un t\u00e9moin lumineux de temp\u00e9rature<\/li>\n<li>Comprend un bac de r\u00e9cup\u00e9ration pratique<\/li>\n<li>Construction tr\u00e8s durable<\/li>\n<\/ul>\n<p><strong>Caract\u00e9ristiques du produit<\/strong><\/p>\n<ul>\n<li>Poids net : 11 kg<\/li>\n<li>Dimensions des cr\u00eapes : \u00d8 75 x 1,6cm<\/li>\n<li>Dimensions de l&#8217;appareil : L30 x P38 x H26cm<\/li>\n<li>Puissance \u00e9lectrique totale : 1,75 kW<\/li>\n<li>230V\/50Hz\/1Phase 1900W<\/li>\n<\/ul>","protected":false},"excerpt":{"rendered":"<p>R\u00e9alisez neuf cr\u00eapes parfaitement rondes avec cette cr\u00eapi\u00e8re \u00e9lectrique professionnelle, dont le bo\u00eetier et le plateau d&#8217;\u00e9gouttage en acier inoxydable facilitent le nettoyage. Les boutons rotatifs permettent de r\u00e9gler la minuterie et la temp\u00e9rature. Gr\u00e2ce aux doubles \u00e9l\u00e9ments chauffants, vous pouvez cuire les cr\u00eapes des deux c\u00f4t\u00e9s.<\/p>","protected":false},"featured_media":7428,"template":"","meta":{"_acf_changed":false},"product_brand":[],"product_cat":[495],"product_tag":[],"class_list":{"0":"post-14340","1":"product","2":"type-product","3":"status-publish","4":"has-post-thumbnail","6":"product_cat-plaques-pianos-de-cuisson-2","8":"first","9":"instock","10":"sale","11":"taxable","12":"shipping-taxable","13":"purchasable","14":"product-type-simple"},"acf":[],"yoast_head":"<!-- This site is optimized with the Yoast SEO plugin v27.5 - https:\/\/yoast.com\/product\/yoast-seo-wordpress\/ -->\n<title>Appareil \u00e0 cr\u00eapes - 9 Cr\u00eapes - \u00d87,5 cm chacune - Gastora<\/title>\n<meta name=\"description\" content=\"Achetez Appareil \u00e0 cr\u00eapes - 9 Cr\u00eapes - \u00d87,5 cm chacune au meilleur prix, fiable et performant avec une livraison rapide\" \/>\n<meta name=\"robots\" content=\"index, follow, max-snippet:-1, max-image-preview:large, max-video-preview:-1\" \/>\n<link rel=\"canonical\" href=\"https:\/\/gastora.eu\/en\/product\/appareil-crpes-9-crpes-75-cm-chacune\/\" \/>\n<meta property=\"og:locale\" content=\"en_US\" \/>\n<meta property=\"og:type\" content=\"article\" \/>\n<meta property=\"og:title\" content=\"Appareil \u00e0 cr\u00eapes - 9 Cr\u00eapes - \u00d87,5 cm chacune - Gastora\" \/>\n<meta property=\"og:description\" content=\"Achetez Appareil \u00e0 cr\u00eapes - 9 Cr\u00eapes - \u00d87,5 cm chacune au meilleur prix, fiable et performant avec une livraison rapide\" \/>\n<meta property=\"og:url\" content=\"https:\/\/gastora.eu\/en\/product\/appareil-crpes-9-crpes-75-cm-chacune\/\" \/>\n<meta property=\"og:site_name\" content=\"Gastora\" \/>\n<meta property=\"article:modified_time\" content=\"2026-04-28T16:56:21+00:00\" \/>\n<meta name=\"twitter:card\" content=\"summary_large_image\" \/>\n<meta name=\"twitter:label1\" content=\"Est. reading time\" \/>\n\t<meta name=\"twitter:data1\" content=\"2 minutes\" \/>\n<script type=\"application\/ld+json\" class=\"yoast-schema-graph\">{\"@context\":\"https:\\\/\\\/schema.org\",\"@graph\":[{\"@type\":\"WebPage\",\"@id\":\"https:\\\/\\\/gastora.eu\\\/product\\\/appareil-crpes-9-crpes-75-cm-chacune\\\/\",\"url\":\"https:\\\/\\\/gastora.eu\\\/product\\\/appareil-crpes-9-crpes-75-cm-chacune\\\/\",\"name\":\"Appareil \u00e0 cr\u00eapes - 9 Cr\u00eapes - \u00d87,5 cm chacune - Gastora\",\"isPartOf\":{\"@id\":\"https:\\\/\\\/gastora.eu\\\/#website\"},\"primaryImageOfPage\":{\"@id\":\"https:\\\/\\\/gastora.eu\\\/product\\\/appareil-crpes-9-crpes-75-cm-chacune\\\/#primaryimage\"},\"image\":{\"@id\":\"https:\\\/\\\/gastora.eu\\\/product\\\/appareil-crpes-9-crpes-75-cm-chacune\\\/#primaryimage\"},\"thumbnailUrl\":\"https:\\\/\\\/gastora.eu\\\/wp-content\\\/uploads\\\/2026\\\/04\\\/sp-005-61656f73ce3de.jpg\",\"datePublished\":\"2026-04-25T17:48:26+00:00\",\"dateModified\":\"2026-04-28T16:56:21+00:00\",\"description\":\"Achetez Appareil \u00e0 cr\u00eapes - 9 Cr\u00eapes - \u00d87,5 cm chacune au meilleur prix, fiable et performant avec une livraison rapide\",\"breadcrumb\":{\"@id\":\"https:\\\/\\\/gastora.eu\\\/product\\\/appareil-crpes-9-crpes-75-cm-chacune\\\/#breadcrumb\"},\"inLanguage\":\"en-US\",\"potentialAction\":[{\"@type\":\"ReadAction\",\"target\":[\"https:\\\/\\\/gastora.eu\\\/product\\\/appareil-crpes-9-crpes-75-cm-chacune\\\/\"]}]},{\"@type\":\"ImageObject\",\"inLanguage\":\"en-US\",\"@id\":\"https:\\\/\\\/gastora.eu\\\/product\\\/appareil-crpes-9-crpes-75-cm-chacune\\\/#primaryimage\",\"url\":\"https:\\\/\\\/gastora.eu\\\/wp-content\\\/uploads\\\/2026\\\/04\\\/sp-005-61656f73ce3de.jpg\",\"contentUrl\":\"https:\\\/\\\/gastora.eu\\\/wp-content\\\/uploads\\\/2026\\\/04\\\/sp-005-61656f73ce3de.jpg\",\"width\":2048,\"height\":2048},{\"@type\":\"BreadcrumbList\",\"@id\":\"https:\\\/\\\/gastora.eu\\\/product\\\/appareil-crpes-9-crpes-75-cm-chacune\\\/#breadcrumb\",\"itemListElement\":[{\"@type\":\"ListItem\",\"position\":1,\"name\":\"Home\",\"item\":\"https:\\\/\\\/gastora.eu\\\/\"},{\"@type\":\"ListItem\",\"position\":2,\"name\":\"Shop\",\"item\":\"https:\\\/\\\/gastora.eu\\\/shop\\\/\"},{\"@type\":\"ListItem\",\"position\":3,\"name\":\"Appareil \u00e0 cr\u00eapes &#8211; 9 Cr\u00eapes &#8211; \u00d87,5 cm chacune\"}]},{\"@type\":\"WebSite\",\"@id\":\"https:\\\/\\\/gastora.eu\\\/#website\",\"url\":\"https:\\\/\\\/gastora.eu\\\/\",\"name\":\"Gastora\",\"description\":\"\u00c9quipements professionnels CHR\",\"publisher\":{\"@id\":\"https:\\\/\\\/gastora.eu\\\/#organization\"},\"potentialAction\":[{\"@type\":\"SearchAction\",\"target\":{\"@type\":\"EntryPoint\",\"urlTemplate\":\"https:\\\/\\\/gastora.eu\\\/?s={search_term_string}\"},\"query-input\":{\"@type\":\"PropertyValueSpecification\",\"valueRequired\":true,\"valueName\":\"search_term_string\"}}],\"inLanguage\":\"en-US\"},{\"@type\":\"Organization\",\"@id\":\"https:\\\/\\\/gastora.eu\\\/#organization\",\"name\":\"Gastora\",\"url\":\"https:\\\/\\\/gastora.eu\\\/\",\"logo\":{\"@type\":\"ImageObject\",\"inLanguage\":\"en-US\",\"@id\":\"https:\\\/\\\/gastora.eu\\\/#\\\/schema\\\/logo\\\/image\\\/\",\"url\":\"https:\\\/\\\/gastora.eu\\\/wp-content\\\/uploads\\\/2025\\\/12\\\/ChatGPT-Image-2-janv.-2026-22_52_47-1.png\",\"contentUrl\":\"https:\\\/\\\/gastora.eu\\\/wp-content\\\/uploads\\\/2025\\\/12\\\/ChatGPT-Image-2-janv.-2026-22_52_47-1.png\",\"width\":1536,\"height\":320,\"caption\":\"Gastora\"},\"image\":{\"@id\":\"https:\\\/\\\/gastora.eu\\\/#\\\/schema\\\/logo\\\/image\\\/\"}}]}<\/script>\n<!-- \/ Yoast SEO plugin. -->","yoast_head_json":{"title":"Appareil \u00e0 cr\u00eapes - 9 Cr\u00eapes - \u00d87,5 cm chacune - Gastora","description":"Achetez Appareil \u00e0 cr\u00eapes - 9 Cr\u00eapes - \u00d87,5 cm chacune au meilleur prix, fiable et performant avec une livraison rapide","robots":{"index":"index","follow":"follow","max-snippet":"max-snippet:-1","max-image-preview":"max-image-preview:large","max-video-preview":"max-video-preview:-1"},"canonical":"https:\/\/gastora.eu\/en\/product\/appareil-crpes-9-crpes-75-cm-chacune\/","og_locale":"en_US","og_type":"article","og_title":"Appareil \u00e0 cr\u00eapes - 9 Cr\u00eapes - \u00d87,5 cm chacune - Gastora","og_description":"Achetez Appareil \u00e0 cr\u00eapes - 9 Cr\u00eapes - \u00d87,5 cm chacune au meilleur prix, fiable et performant avec une livraison rapide","og_url":"https:\/\/gastora.eu\/en\/product\/appareil-crpes-9-crpes-75-cm-chacune\/","og_site_name":"Gastora","article_modified_time":"2026-04-28T16:56:21+00:00","twitter_card":"summary_large_image","twitter_misc":{"Est. reading time":"2 minutes"},"schema":{"@context":"https:\/\/schema.org","@graph":[{"@type":"WebPage","@id":"https:\/\/gastora.eu\/product\/appareil-crpes-9-crpes-75-cm-chacune\/","url":"https:\/\/gastora.eu\/product\/appareil-crpes-9-crpes-75-cm-chacune\/","name":"Appareil \u00e0 cr\u00eapes - 9 Cr\u00eapes - \u00d87,5 cm chacune - Gastora","isPartOf":{"@id":"https:\/\/gastora.eu\/#website"},"primaryImageOfPage":{"@id":"https:\/\/gastora.eu\/product\/appareil-crpes-9-crpes-75-cm-chacune\/#primaryimage"},"image":{"@id":"https:\/\/gastora.eu\/product\/appareil-crpes-9-crpes-75-cm-chacune\/#primaryimage"},"thumbnailUrl":"https:\/\/gastora.eu\/wp-content\/uploads\/2026\/04\/sp-005-61656f73ce3de.jpg","datePublished":"2026-04-25T17:48:26+00:00","dateModified":"2026-04-28T16:56:21+00:00","description":"Achetez Appareil \u00e0 cr\u00eapes - 9 Cr\u00eapes - \u00d87,5 cm chacune au meilleur prix, fiable et performant avec une livraison rapide","breadcrumb":{"@id":"https:\/\/gastora.eu\/product\/appareil-crpes-9-crpes-75-cm-chacune\/#breadcrumb"},"inLanguage":"en-US","potentialAction":[{"@type":"ReadAction","target":["https:\/\/gastora.eu\/product\/appareil-crpes-9-crpes-75-cm-chacune\/"]}]},{"@type":"ImageObject","inLanguage":"en-US","@id":"https:\/\/gastora.eu\/product\/appareil-crpes-9-crpes-75-cm-chacune\/#primaryimage","url":"https:\/\/gastora.eu\/wp-content\/uploads\/2026\/04\/sp-005-61656f73ce3de.jpg","contentUrl":"https:\/\/gastora.eu\/wp-content\/uploads\/2026\/04\/sp-005-61656f73ce3de.jpg","width":2048,"height":2048},{"@type":"BreadcrumbList","@id":"https:\/\/gastora.eu\/product\/appareil-crpes-9-crpes-75-cm-chacune\/#breadcrumb","itemListElement":[{"@type":"ListItem","position":1,"name":"Home","item":"https:\/\/gastora.eu\/"},{"@type":"ListItem","position":2,"name":"Shop","item":"https:\/\/gastora.eu\/shop\/"},{"@type":"ListItem","position":3,"name":"Appareil \u00e0 cr\u00eapes &#8211; 9 Cr\u00eapes &#8211; \u00d87,5 cm chacune"}]},{"@type":"WebSite","@id":"https:\/\/gastora.eu\/#website","url":"https:\/\/gastora.eu\/","name":"Gastora","description":"\u00c9quipements professionnels CHR","publisher":{"@id":"https:\/\/gastora.eu\/#organization"},"potentialAction":[{"@type":"SearchAction","target":{"@type":"EntryPoint","urlTemplate":"https:\/\/gastora.eu\/?s={search_term_string}"},"query-input":{"@type":"PropertyValueSpecification","valueRequired":true,"valueName":"search_term_string"}}],"inLanguage":"en-US"},{"@type":"Organization","@id":"https:\/\/gastora.eu\/#organization","name":"Gastora","url":"https:\/\/gastora.eu\/","logo":{"@type":"ImageObject","inLanguage":"en-US","@id":"https:\/\/gastora.eu\/#\/schema\/logo\/image\/","url":"https:\/\/gastora.eu\/wp-content\/uploads\/2025\/12\/ChatGPT-Image-2-janv.-2026-22_52_47-1.png","contentUrl":"https:\/\/gastora.eu\/wp-content\/uploads\/2025\/12\/ChatGPT-Image-2-janv.-2026-22_52_47-1.png","width":1536,"height":320,"caption":"Gastora"},"image":{"@id":"https:\/\/gastora.eu\/#\/schema\/logo\/image\/"}}]}},"jetpack_sharing_enabled":true,"_links":{"self":[{"href":"https:\/\/gastora.eu\/en\/wp-json\/wp\/v2\/product\/14340","targetHints":{"allow":["GET"]}}],"collection":[{"href":"https:\/\/gastora.eu\/en\/wp-json\/wp\/v2\/product"}],"about":[{"href":"https:\/\/gastora.eu\/en\/wp-json\/wp\/v2\/types\/product"}],"wp:featuredmedia":[{"embeddable":true,"href":"https:\/\/gastora.eu\/en\/wp-json\/wp\/v2\/media\/7428"}],"wp:attachment":[{"href":"https:\/\/gastora.eu\/en\/wp-json\/wp\/v2\/media?parent=14340"}],"wp:term":[{"taxonomy":"product_brand","embeddable":true,"href":"https:\/\/gastora.eu\/en\/wp-json\/wp\/v2\/product_brand?post=14340"},{"taxonomy":"product_cat","embeddable":true,"href":"https:\/\/gastora.eu\/en\/wp-json\/wp\/v2\/product_cat?post=14340"},{"taxonomy":"product_tag","embeddable":true,"href":"https:\/\/gastora.eu\/en\/wp-json\/wp\/v2\/product_tag?post=14340"}],"curies":[{"name":"wp","href":"https:\/\/api.w.org\/{rel}","templated":true}]}}