{"id":14334,"date":"2026-04-25T17:48:17","date_gmt":"2026-04-25T17:48:17","guid":{"rendered":"https:\/\/gastora.eu\/?post_type=product&#038;p=14334"},"modified":"2026-04-28T16:56:20","modified_gmt":"2026-04-28T16:56:20","slug":"crpire-double-crpes-2-x-40-cm-incl-tartineur-de-pte-frire","status":"publish","type":"product","link":"https:\/\/gastora.eu\/en\/product\/crpire-double-crpes-2-x-40-cm-incl-tartineur-de-pte-frire\/","title":{"rendered":"Cr\u00eapi\u00e8re &#8211; double cr\u00eapes &#8211; 2 x 40 cm &#8211; incl. tartineur de p\u00e2te \u00e0 frire"},"content":{"rendered":"<p>Cette cr\u00eapi\u00e8re \u00e9lectrique double vous permet de r\u00e9aliser les cr\u00eapes les plus savoureuses, de fines galettes fran\u00e7aises. Les cr\u00eapes fra\u00eeches faites maison sont id\u00e9ales pour le petit-d\u00e9jeuner, le d\u00e9jeuner, le dessert ou comme en-cas facile \u00e0 pr\u00e9parer. Gr\u00e2ce \u00e0 sa taille compacte, vous pouvez utiliser la cr\u00eapi\u00e8re non seulement dans votre cuisine de restauration, mais aussi dans un stand de p\u00e2tisseries, un food truck ou sur un stand de march\u00e9 lors d&#8217;\u00e9v\u00e9nements. Un tiroir de rangement se trouve sous la plaque de cuisson des cr\u00eapes, o\u00f9 vous pouvez conserver les cr\u00eapes que vous avez pr\u00e9par\u00e9es. La plaque de cuisson a un transfert de chaleur optimal pour la production rapide de grandes portions de cr\u00eapes.<\/p>\n<h3>Distributeur de p\u00e2te en bois inclus<\/h3>\n<p>La cr\u00eapi\u00e8re est fabriqu\u00e9e en fonte et dot\u00e9e d&#8217;un rev\u00eatement antiadh\u00e9sif. Le thermostat r\u00e9glable permet de r\u00e9gler la temp\u00e9rature jusqu&#8217;\u00e0 300\u00baC. Pour savoir exactement quand la plaque est suffisamment chaude, vous disposez d&#8217;un voyant lumineux tr\u00e8s pratique. Lorsqu&#8217;il s&#8217;\u00e9teint, vous pouvez commencer \u00e0 cuire. Deux s\u00e9parateurs de p\u00e2te en bois sont fournis de s\u00e9rie, afin que vous puissiez r\u00e9partir la p\u00e2te sur la plaque de cuisson et obtenir des cr\u00eapes parfaites.<\/p>\n<h3>Facile \u00e0 nettoyer<\/h3>\n<p>Gr\u00e2ce aux pieds en caoutchouc, la plaque \u00e0 cr\u00eapes ne glisse pas et reste bien en place. Les restes de p\u00e2te et les garnitures doivent \u00eatre retir\u00e9s de la plaque imm\u00e9diatement avant d&#8217;ajouter de la p\u00e2te pour une nouvelle tourn\u00e9e. Gr\u00e2ce \u00e0 son rev\u00eatement antiadh\u00e9sif, la cr\u00eapi\u00e8re est facile \u00e0 nettoyer. D\u00e9branchez-la et nettoyez la plaque pendant qu&#8217;elle est encore chaude au toucher. Utilisez une \u00e9ponge ou une brosse, de l&#8217;eau chaude et un produit de nettoyage non agressif. S\u00e9chez ensuite la plaque avec un chiffon doux.<\/p>\n<p>Caract\u00e9ristiques<\/p>\n<ul>\n<li>Appareil puissant avec transfert de chaleur optimal pour une production rapide de cr\u00eapes<\/li>\n<li>Tiroir de rangement en acier inoxydable pour les cr\u00eapes<\/li>\n<li>Plaque de cuisson ronde en fonte avec rev\u00eatement antiadh\u00e9sif<\/li>\n<li>Thermostat variable de 0\u00b0C \u00e0 300\u00b0C par plaque avec t\u00e9moin lumineux de temp\u00e9rature<\/li>\n<li>Stable gr\u00e2ce \u00e0 4 pieds en caoutchouc, ne peut pas glisser<\/li>\n<\/ul>\n<p><strong>Caract\u00e9ristiques du produit<\/strong><\/p>\n<ul>\n<li>Poids net : 34,5kg<\/li>\n<li>Dimensions de la cr\u00eape : \u00d840cm<\/li>\n<li>Dimensions de la machine : B86,5 x D49 x H26cm<\/li>\n<li>Puissance \u00e9lectrique totale : 6,0 kW<\/li>\n<li>Puissance : 230V\/50Hz\/1Phase 2 x 3000W<\/li>\n<\/ul>","protected":false},"excerpt":{"rendered":"<p>Cette cr\u00eapi\u00e8re \u00e9lectrique double vous permet de pr\u00e9parer rapidement et facilement de grandes portions de cr\u00eapes. Gr\u00e2ce \u00e0 son fonctionnement simple et \u00e0 sa taille compacte, ces fines cr\u00eapes fran\u00e7aises peuvent \u00eatre pr\u00e9par\u00e9es \u00e0 n&#8217;importe quel endroit. Comprend un tiroir pratique pour conserver les cr\u00eapes jusqu&#8217;\u00e0 ce qu&#8217;elles soient servies.<\/p>","protected":false},"featured_media":7416,"template":"","meta":{"_acf_changed":false},"product_brand":[],"product_cat":[495],"product_tag":[],"class_list":{"0":"post-14334","1":"product","2":"type-product","3":"status-publish","4":"has-post-thumbnail","6":"product_cat-plaques-pianos-de-cuisson-2","8":"first","9":"instock","10":"sale","11":"taxable","12":"shipping-taxable","13":"purchasable","14":"product-type-simple"},"acf":[],"yoast_head":"<!-- This site is optimized with the Yoast SEO plugin v27.6 - https:\/\/yoast.com\/product\/yoast-seo-wordpress\/ -->\n<title>Cr\u00eapi\u00e8re - double cr\u00eapes - 2 x 40 cm - incl. tartineur de p\u00e2te \u00e0 frire - Gastora<\/title>\n<meta name=\"description\" content=\"Achetez Cr\u00eapi\u00e8re - double cr\u00eapes - 2 x 40 cm - incl. tartineur de p\u00e2te \u00e0 frire au meilleur prix, fiable et performant avec une livraison rapide\" \/>\n<meta name=\"robots\" content=\"index, follow, max-snippet:-1, max-image-preview:large, max-video-preview:-1\" \/>\n<link rel=\"canonical\" href=\"https:\/\/gastora.eu\/en\/product\/crpire-double-crpes-2-x-40-cm-incl-tartineur-de-pte-frire\/\" \/>\n<meta property=\"og:locale\" content=\"en_US\" \/>\n<meta property=\"og:type\" content=\"article\" \/>\n<meta property=\"og:title\" content=\"Cr\u00eapi\u00e8re - double cr\u00eapes - 2 x 40 cm - incl. tartineur de p\u00e2te \u00e0 frire - Gastora\" \/>\n<meta property=\"og:description\" content=\"Achetez Cr\u00eapi\u00e8re - double cr\u00eapes - 2 x 40 cm - incl. tartineur de p\u00e2te \u00e0 frire au meilleur prix, fiable et performant avec une livraison rapide\" \/>\n<meta property=\"og:url\" content=\"https:\/\/gastora.eu\/en\/product\/crpire-double-crpes-2-x-40-cm-incl-tartineur-de-pte-frire\/\" \/>\n<meta property=\"og:site_name\" content=\"Gastora\" \/>\n<meta property=\"article:modified_time\" content=\"2026-04-28T16:56:20+00:00\" \/>\n<meta name=\"twitter:card\" content=\"summary_large_image\" \/>\n<meta name=\"twitter:label1\" content=\"Est. reading time\" \/>\n\t<meta name=\"twitter:data1\" content=\"2 minutes\" \/>\n<script type=\"application\/ld+json\" class=\"yoast-schema-graph\">{\"@context\":\"https:\\\/\\\/schema.org\",\"@graph\":[{\"@type\":\"WebPage\",\"@id\":\"https:\\\/\\\/gastora.eu\\\/product\\\/crpire-double-crpes-2-x-40-cm-incl-tartineur-de-pte-frire\\\/\",\"url\":\"https:\\\/\\\/gastora.eu\\\/product\\\/crpire-double-crpes-2-x-40-cm-incl-tartineur-de-pte-frire\\\/\",\"name\":\"Cr\u00eapi\u00e8re - double cr\u00eapes - 2 x 40 cm - incl. tartineur de p\u00e2te \u00e0 frire - Gastora\",\"isPartOf\":{\"@id\":\"https:\\\/\\\/gastora.eu\\\/#website\"},\"primaryImageOfPage\":{\"@id\":\"https:\\\/\\\/gastora.eu\\\/product\\\/crpire-double-crpes-2-x-40-cm-incl-tartineur-de-pte-frire\\\/#primaryimage\"},\"image\":{\"@id\":\"https:\\\/\\\/gastora.eu\\\/product\\\/crpire-double-crpes-2-x-40-cm-incl-tartineur-de-pte-frire\\\/#primaryimage\"},\"thumbnailUrl\":\"https:\\\/\\\/gastora.eu\\\/wp-content\\\/uploads\\\/2026\\\/04\\\/sp-005-61656f865ea41.jpg\",\"datePublished\":\"2026-04-25T17:48:17+00:00\",\"dateModified\":\"2026-04-28T16:56:20+00:00\",\"description\":\"Achetez Cr\u00eapi\u00e8re - double cr\u00eapes - 2 x 40 cm - incl. tartineur de p\u00e2te \u00e0 frire au meilleur prix, fiable et performant avec une livraison rapide\",\"breadcrumb\":{\"@id\":\"https:\\\/\\\/gastora.eu\\\/product\\\/crpire-double-crpes-2-x-40-cm-incl-tartineur-de-pte-frire\\\/#breadcrumb\"},\"inLanguage\":\"en-US\",\"potentialAction\":[{\"@type\":\"ReadAction\",\"target\":[\"https:\\\/\\\/gastora.eu\\\/product\\\/crpire-double-crpes-2-x-40-cm-incl-tartineur-de-pte-frire\\\/\"]}]},{\"@type\":\"ImageObject\",\"inLanguage\":\"en-US\",\"@id\":\"https:\\\/\\\/gastora.eu\\\/product\\\/crpire-double-crpes-2-x-40-cm-incl-tartineur-de-pte-frire\\\/#primaryimage\",\"url\":\"https:\\\/\\\/gastora.eu\\\/wp-content\\\/uploads\\\/2026\\\/04\\\/sp-005-61656f865ea41.jpg\",\"contentUrl\":\"https:\\\/\\\/gastora.eu\\\/wp-content\\\/uploads\\\/2026\\\/04\\\/sp-005-61656f865ea41.jpg\",\"width\":2048,\"height\":2048},{\"@type\":\"BreadcrumbList\",\"@id\":\"https:\\\/\\\/gastora.eu\\\/product\\\/crpire-double-crpes-2-x-40-cm-incl-tartineur-de-pte-frire\\\/#breadcrumb\",\"itemListElement\":[{\"@type\":\"ListItem\",\"position\":1,\"name\":\"Home\",\"item\":\"https:\\\/\\\/gastora.eu\\\/\"},{\"@type\":\"ListItem\",\"position\":2,\"name\":\"Shop\",\"item\":\"https:\\\/\\\/gastora.eu\\\/shop\\\/\"},{\"@type\":\"ListItem\",\"position\":3,\"name\":\"Cr\u00eapi\u00e8re &#8211; double cr\u00eapes &#8211; 2 x 40 cm &#8211; incl. tartineur de p\u00e2te \u00e0 frire\"}]},{\"@type\":\"WebSite\",\"@id\":\"https:\\\/\\\/gastora.eu\\\/#website\",\"url\":\"https:\\\/\\\/gastora.eu\\\/\",\"name\":\"Gastora\",\"description\":\"\u00c9quipements professionnels CHR\",\"publisher\":{\"@id\":\"https:\\\/\\\/gastora.eu\\\/#organization\"},\"potentialAction\":[{\"@type\":\"SearchAction\",\"target\":{\"@type\":\"EntryPoint\",\"urlTemplate\":\"https:\\\/\\\/gastora.eu\\\/?s={search_term_string}\"},\"query-input\":{\"@type\":\"PropertyValueSpecification\",\"valueRequired\":true,\"valueName\":\"search_term_string\"}}],\"inLanguage\":\"en-US\"},{\"@type\":\"Organization\",\"@id\":\"https:\\\/\\\/gastora.eu\\\/#organization\",\"name\":\"Gastora\",\"url\":\"https:\\\/\\\/gastora.eu\\\/\",\"logo\":{\"@type\":\"ImageObject\",\"inLanguage\":\"en-US\",\"@id\":\"https:\\\/\\\/gastora.eu\\\/#\\\/schema\\\/logo\\\/image\\\/\",\"url\":\"https:\\\/\\\/gastora.eu\\\/wp-content\\\/uploads\\\/2025\\\/12\\\/ChatGPT-Image-2-janv.-2026-22_52_47-1.png\",\"contentUrl\":\"https:\\\/\\\/gastora.eu\\\/wp-content\\\/uploads\\\/2025\\\/12\\\/ChatGPT-Image-2-janv.-2026-22_52_47-1.png\",\"width\":1536,\"height\":320,\"caption\":\"Gastora\"},\"image\":{\"@id\":\"https:\\\/\\\/gastora.eu\\\/#\\\/schema\\\/logo\\\/image\\\/\"}}]}<\/script>\n<!-- \/ Yoast SEO plugin. -->","yoast_head_json":{"title":"Cr\u00eapi\u00e8re - double cr\u00eapes - 2 x 40 cm - incl. tartineur de p\u00e2te \u00e0 frire - Gastora","description":"Achetez Cr\u00eapi\u00e8re - double cr\u00eapes - 2 x 40 cm - incl. tartineur de p\u00e2te \u00e0 frire au meilleur prix, fiable et performant avec une livraison rapide","robots":{"index":"index","follow":"follow","max-snippet":"max-snippet:-1","max-image-preview":"max-image-preview:large","max-video-preview":"max-video-preview:-1"},"canonical":"https:\/\/gastora.eu\/en\/product\/crpire-double-crpes-2-x-40-cm-incl-tartineur-de-pte-frire\/","og_locale":"en_US","og_type":"article","og_title":"Cr\u00eapi\u00e8re - double cr\u00eapes - 2 x 40 cm - incl. tartineur de p\u00e2te \u00e0 frire - Gastora","og_description":"Achetez Cr\u00eapi\u00e8re - double cr\u00eapes - 2 x 40 cm - incl. tartineur de p\u00e2te \u00e0 frire au meilleur prix, fiable et performant avec une livraison rapide","og_url":"https:\/\/gastora.eu\/en\/product\/crpire-double-crpes-2-x-40-cm-incl-tartineur-de-pte-frire\/","og_site_name":"Gastora","article_modified_time":"2026-04-28T16:56:20+00:00","twitter_card":"summary_large_image","twitter_misc":{"Est. reading time":"2 minutes"},"schema":{"@context":"https:\/\/schema.org","@graph":[{"@type":"WebPage","@id":"https:\/\/gastora.eu\/product\/crpire-double-crpes-2-x-40-cm-incl-tartineur-de-pte-frire\/","url":"https:\/\/gastora.eu\/product\/crpire-double-crpes-2-x-40-cm-incl-tartineur-de-pte-frire\/","name":"Cr\u00eapi\u00e8re - double cr\u00eapes - 2 x 40 cm - incl. tartineur de p\u00e2te \u00e0 frire - Gastora","isPartOf":{"@id":"https:\/\/gastora.eu\/#website"},"primaryImageOfPage":{"@id":"https:\/\/gastora.eu\/product\/crpire-double-crpes-2-x-40-cm-incl-tartineur-de-pte-frire\/#primaryimage"},"image":{"@id":"https:\/\/gastora.eu\/product\/crpire-double-crpes-2-x-40-cm-incl-tartineur-de-pte-frire\/#primaryimage"},"thumbnailUrl":"https:\/\/gastora.eu\/wp-content\/uploads\/2026\/04\/sp-005-61656f865ea41.jpg","datePublished":"2026-04-25T17:48:17+00:00","dateModified":"2026-04-28T16:56:20+00:00","description":"Achetez Cr\u00eapi\u00e8re - double cr\u00eapes - 2 x 40 cm - incl. tartineur de p\u00e2te \u00e0 frire au meilleur prix, fiable et performant avec une livraison rapide","breadcrumb":{"@id":"https:\/\/gastora.eu\/product\/crpire-double-crpes-2-x-40-cm-incl-tartineur-de-pte-frire\/#breadcrumb"},"inLanguage":"en-US","potentialAction":[{"@type":"ReadAction","target":["https:\/\/gastora.eu\/product\/crpire-double-crpes-2-x-40-cm-incl-tartineur-de-pte-frire\/"]}]},{"@type":"ImageObject","inLanguage":"en-US","@id":"https:\/\/gastora.eu\/product\/crpire-double-crpes-2-x-40-cm-incl-tartineur-de-pte-frire\/#primaryimage","url":"https:\/\/gastora.eu\/wp-content\/uploads\/2026\/04\/sp-005-61656f865ea41.jpg","contentUrl":"https:\/\/gastora.eu\/wp-content\/uploads\/2026\/04\/sp-005-61656f865ea41.jpg","width":2048,"height":2048},{"@type":"BreadcrumbList","@id":"https:\/\/gastora.eu\/product\/crpire-double-crpes-2-x-40-cm-incl-tartineur-de-pte-frire\/#breadcrumb","itemListElement":[{"@type":"ListItem","position":1,"name":"Home","item":"https:\/\/gastora.eu\/"},{"@type":"ListItem","position":2,"name":"Shop","item":"https:\/\/gastora.eu\/shop\/"},{"@type":"ListItem","position":3,"name":"Cr\u00eapi\u00e8re &#8211; double cr\u00eapes &#8211; 2 x 40 cm &#8211; incl. tartineur de p\u00e2te \u00e0 frire"}]},{"@type":"WebSite","@id":"https:\/\/gastora.eu\/#website","url":"https:\/\/gastora.eu\/","name":"Gastora","description":"\u00c9quipements professionnels CHR","publisher":{"@id":"https:\/\/gastora.eu\/#organization"},"potentialAction":[{"@type":"SearchAction","target":{"@type":"EntryPoint","urlTemplate":"https:\/\/gastora.eu\/?s={search_term_string}"},"query-input":{"@type":"PropertyValueSpecification","valueRequired":true,"valueName":"search_term_string"}}],"inLanguage":"en-US"},{"@type":"Organization","@id":"https:\/\/gastora.eu\/#organization","name":"Gastora","url":"https:\/\/gastora.eu\/","logo":{"@type":"ImageObject","inLanguage":"en-US","@id":"https:\/\/gastora.eu\/#\/schema\/logo\/image\/","url":"https:\/\/gastora.eu\/wp-content\/uploads\/2025\/12\/ChatGPT-Image-2-janv.-2026-22_52_47-1.png","contentUrl":"https:\/\/gastora.eu\/wp-content\/uploads\/2025\/12\/ChatGPT-Image-2-janv.-2026-22_52_47-1.png","width":1536,"height":320,"caption":"Gastora"},"image":{"@id":"https:\/\/gastora.eu\/#\/schema\/logo\/image\/"}}]}},"jetpack_sharing_enabled":true,"_links":{"self":[{"href":"https:\/\/gastora.eu\/en\/wp-json\/wp\/v2\/product\/14334","targetHints":{"allow":["GET"]}}],"collection":[{"href":"https:\/\/gastora.eu\/en\/wp-json\/wp\/v2\/product"}],"about":[{"href":"https:\/\/gastora.eu\/en\/wp-json\/wp\/v2\/types\/product"}],"wp:featuredmedia":[{"embeddable":true,"href":"https:\/\/gastora.eu\/en\/wp-json\/wp\/v2\/media\/7416"}],"wp:attachment":[{"href":"https:\/\/gastora.eu\/en\/wp-json\/wp\/v2\/media?parent=14334"}],"wp:term":[{"taxonomy":"product_brand","embeddable":true,"href":"https:\/\/gastora.eu\/en\/wp-json\/wp\/v2\/product_brand?post=14334"},{"taxonomy":"product_cat","embeddable":true,"href":"https:\/\/gastora.eu\/en\/wp-json\/wp\/v2\/product_cat?post=14334"},{"taxonomy":"product_tag","embeddable":true,"href":"https:\/\/gastora.eu\/en\/wp-json\/wp\/v2\/product_tag?post=14334"}],"curies":[{"name":"wp","href":"https:\/\/api.w.org\/{rel}","templated":true}]}}