{"id":14333,"date":"2026-04-25T17:48:16","date_gmt":"2026-04-25T17:48:16","guid":{"rendered":"https:\/\/gastora.eu\/?post_type=product&#038;p=14333"},"modified":"2026-04-28T16:56:20","modified_gmt":"2026-04-28T16:56:20","slug":"crpire-crpe-simple-40-cm-avec-tartineur-de-pte-frire","status":"publish","type":"product","link":"https:\/\/gastora.eu\/en\/product\/crpire-crpe-simple-40-cm-avec-tartineur-de-pte-frire\/","title":{"rendered":"Cr\u00eapi\u00e8re &#8211; cr\u00eape simple &#8211; 40 cm &#8211; avec tartineur de p\u00e2te \u00e0 frire"},"content":{"rendered":"<p>Les cr\u00eapes fra\u00eeches faites maison sont id\u00e9ales pour le petit-d\u00e9jeuner, le d\u00e9jeuner, le dessert ou comme en-cas facile \u00e0 pr\u00e9parer. La taille compacte de la cr\u00eapi\u00e8re vous permet de l&#8217;utiliser non seulement dans votre cuisine de restauration, mais aussi dans un food truck ou sur un stand de march\u00e9 lors d&#8217;\u00e9v\u00e9nements. Un tiroir de rangement se trouve sous la plaque de cuisson des cr\u00eapes, o\u00f9 vous pouvez conserver les cr\u00eapes que vous avez pr\u00e9par\u00e9es. La plaque de cuisson offre un transfert de chaleur optimal pour une production rapide des cr\u00eapes.<\/p>\n<h3>Distributeur de p\u00e2te en bois inclus<\/h3>\n<p>La cr\u00eapi\u00e8re est fabriqu\u00e9e en fonte et dot\u00e9e d&#8217;un rev\u00eatement antiadh\u00e9sif. Le thermostat r\u00e9glable permet de r\u00e9gler la temp\u00e9rature jusqu&#8217;\u00e0 300\u00baC. Pour savoir exactement quand la plaque est suffisamment chaude, vous disposez d&#8217;un voyant lumineux tr\u00e8s pratique. Lorsque les voyants s&#8217;\u00e9teignent, vous pouvez commencer \u00e0 cuire. Un s\u00e9parateur de p\u00e2te en bois est fourni de s\u00e9rie pour que vous puissiez \u00e9taler la p\u00e2te sur la plaque de cuisson et obtenir des cr\u00eapes parfaites.<\/p>\n<h3>Facile \u00e0 nettoyer<\/h3>\n<p>Gr\u00e2ce aux pieds en caoutchouc, la plaque de cuisson des cr\u00eapes ne glisse pas et reste bien en place. Les r\u00e9sidus de p\u00e2te et de garnitures doivent \u00eatre nettoy\u00e9s imm\u00e9diatement avant d&#8217;ajouter la nouvelle p\u00e2te sur la plaque pour une autre cr\u00eape. Gr\u00e2ce \u00e0 son rev\u00eatement antiadh\u00e9sif, cette cr\u00eapi\u00e8re est facile \u00e0 nettoyer. D\u00e9branchez-la et nettoyez la plaque pendant qu&#8217;elle est encore chaude au toucher. Utilisez une \u00e9ponge, de l&#8217;eau chaude et un produit de nettoyage non agressif. S\u00e9chez ensuite la plaque avec un chiffon doux.<\/p>\n<p><strong>Caract\u00e9ristiques<\/strong><\/p>\n<ul>\n<li>Transfert de chaleur optimal pour une production rapide de cr\u00eapes<\/li>\n<li>Tiroir de rangement en acier inoxydable pour les cr\u00eapes<\/li>\n<li>Plaque de cuisson ronde en fonte avec rev\u00eatement antiadh\u00e9sif<\/li>\n<li>Thermostat variable de 0\u00b0C \u00e0 300\u00b0C avec t\u00e9moin de temp\u00e9rature<\/li>\n<li>Stable sur 4 pieds en caoutchouc pour ne pas glisser<\/li>\n<\/ul>\n<p><strong>Caract\u00e9ristiques du produit<\/strong><\/p>\n<ul>\n<li>Poids net : 17 kg<\/li>\n<li>Dimensions cr\u00eape : \u00d8 40 cm<\/li>\n<li>Dimensions de l&#8217;appareil : L44,5 x P50 x H25cm<\/li>\n<li>Puissance \u00e9lectrique totale : 3,0 kW<\/li>\n<li>Puissance : 230V \/ 50Hz \/ 1Phase 3000 Watt<\/li>\n<\/ul>","protected":false},"excerpt":{"rendered":"<p>Cette cr\u00eapi\u00e8re \u00e9lectrique simple vous permet de r\u00e9aliser rapidement et facilement de d\u00e9licieuses cr\u00eapes. Gr\u00e2ce \u00e0 son fonctionnement simple et \u00e0 sa taille compacte, ces fines cr\u00eapes fran\u00e7aises peuvent \u00eatre pr\u00e9par\u00e9es \u00e0 n&#8217;importe quel endroit. Elle comprend \u00e9galement un tiroir pratique pour conserver les cr\u00eapes jusqu&#8217;\u00e0 ce qu&#8217;elles soient servies.<\/p>","protected":false},"featured_media":7414,"template":"","meta":{"_acf_changed":false},"product_brand":[],"product_cat":[495],"product_tag":[],"class_list":{"0":"post-14333","1":"product","2":"type-product","3":"status-publish","4":"has-post-thumbnail","6":"product_cat-plaques-pianos-de-cuisson-2","8":"first","9":"instock","10":"sale","11":"taxable","12":"shipping-taxable","13":"purchasable","14":"product-type-simple"},"acf":[],"yoast_head":"<!-- This site is optimized with the Yoast SEO plugin v27.6 - https:\/\/yoast.com\/product\/yoast-seo-wordpress\/ -->\n<title>Cr\u00eapi\u00e8re - cr\u00eape simple - 40 cm - avec tartineur de p\u00e2te \u00e0 frire - Gastora<\/title>\n<meta name=\"description\" content=\"Achetez Cr\u00eapi\u00e8re - cr\u00eape simple - 40 cm - avec tartineur de p\u00e2te \u00e0 frire au meilleur prix, fiable et performant avec une livraison rapide\" \/>\n<meta name=\"robots\" content=\"index, follow, max-snippet:-1, max-image-preview:large, max-video-preview:-1\" \/>\n<link rel=\"canonical\" href=\"https:\/\/gastora.eu\/en\/product\/crpire-crpe-simple-40-cm-avec-tartineur-de-pte-frire\/\" \/>\n<meta property=\"og:locale\" content=\"en_US\" \/>\n<meta property=\"og:type\" content=\"article\" \/>\n<meta property=\"og:title\" content=\"Cr\u00eapi\u00e8re - cr\u00eape simple - 40 cm - avec tartineur de p\u00e2te \u00e0 frire - Gastora\" \/>\n<meta property=\"og:description\" content=\"Achetez Cr\u00eapi\u00e8re - cr\u00eape simple - 40 cm - avec tartineur de p\u00e2te \u00e0 frire au meilleur prix, fiable et performant avec une livraison rapide\" \/>\n<meta property=\"og:url\" content=\"https:\/\/gastora.eu\/en\/product\/crpire-crpe-simple-40-cm-avec-tartineur-de-pte-frire\/\" \/>\n<meta property=\"og:site_name\" content=\"Gastora\" \/>\n<meta property=\"article:modified_time\" content=\"2026-04-28T16:56:20+00:00\" \/>\n<meta name=\"twitter:card\" content=\"summary_large_image\" \/>\n<meta name=\"twitter:label1\" content=\"Est. reading time\" \/>\n\t<meta name=\"twitter:data1\" content=\"2 minutes\" \/>\n<script type=\"application\/ld+json\" class=\"yoast-schema-graph\">{\"@context\":\"https:\\\/\\\/schema.org\",\"@graph\":[{\"@type\":\"WebPage\",\"@id\":\"https:\\\/\\\/gastora.eu\\\/product\\\/crpire-crpe-simple-40-cm-avec-tartineur-de-pte-frire\\\/\",\"url\":\"https:\\\/\\\/gastora.eu\\\/product\\\/crpire-crpe-simple-40-cm-avec-tartineur-de-pte-frire\\\/\",\"name\":\"Cr\u00eapi\u00e8re - cr\u00eape simple - 40 cm - avec tartineur de p\u00e2te \u00e0 frire - Gastora\",\"isPartOf\":{\"@id\":\"https:\\\/\\\/gastora.eu\\\/#website\"},\"primaryImageOfPage\":{\"@id\":\"https:\\\/\\\/gastora.eu\\\/product\\\/crpire-crpe-simple-40-cm-avec-tartineur-de-pte-frire\\\/#primaryimage\"},\"image\":{\"@id\":\"https:\\\/\\\/gastora.eu\\\/product\\\/crpire-crpe-simple-40-cm-avec-tartineur-de-pte-frire\\\/#primaryimage\"},\"thumbnailUrl\":\"https:\\\/\\\/gastora.eu\\\/wp-content\\\/uploads\\\/2026\\\/04\\\/sp-005-61656f864b3eb.jpg\",\"datePublished\":\"2026-04-25T17:48:16+00:00\",\"dateModified\":\"2026-04-28T16:56:20+00:00\",\"description\":\"Achetez Cr\u00eapi\u00e8re - cr\u00eape simple - 40 cm - avec tartineur de p\u00e2te \u00e0 frire au meilleur prix, fiable et performant avec une livraison rapide\",\"breadcrumb\":{\"@id\":\"https:\\\/\\\/gastora.eu\\\/product\\\/crpire-crpe-simple-40-cm-avec-tartineur-de-pte-frire\\\/#breadcrumb\"},\"inLanguage\":\"en-US\",\"potentialAction\":[{\"@type\":\"ReadAction\",\"target\":[\"https:\\\/\\\/gastora.eu\\\/product\\\/crpire-crpe-simple-40-cm-avec-tartineur-de-pte-frire\\\/\"]}]},{\"@type\":\"ImageObject\",\"inLanguage\":\"en-US\",\"@id\":\"https:\\\/\\\/gastora.eu\\\/product\\\/crpire-crpe-simple-40-cm-avec-tartineur-de-pte-frire\\\/#primaryimage\",\"url\":\"https:\\\/\\\/gastora.eu\\\/wp-content\\\/uploads\\\/2026\\\/04\\\/sp-005-61656f864b3eb.jpg\",\"contentUrl\":\"https:\\\/\\\/gastora.eu\\\/wp-content\\\/uploads\\\/2026\\\/04\\\/sp-005-61656f864b3eb.jpg\",\"width\":2048,\"height\":2048},{\"@type\":\"BreadcrumbList\",\"@id\":\"https:\\\/\\\/gastora.eu\\\/product\\\/crpire-crpe-simple-40-cm-avec-tartineur-de-pte-frire\\\/#breadcrumb\",\"itemListElement\":[{\"@type\":\"ListItem\",\"position\":1,\"name\":\"Home\",\"item\":\"https:\\\/\\\/gastora.eu\\\/\"},{\"@type\":\"ListItem\",\"position\":2,\"name\":\"Shop\",\"item\":\"https:\\\/\\\/gastora.eu\\\/shop\\\/\"},{\"@type\":\"ListItem\",\"position\":3,\"name\":\"Cr\u00eapi\u00e8re &#8211; cr\u00eape simple &#8211; 40 cm &#8211; avec tartineur de p\u00e2te \u00e0 frire\"}]},{\"@type\":\"WebSite\",\"@id\":\"https:\\\/\\\/gastora.eu\\\/#website\",\"url\":\"https:\\\/\\\/gastora.eu\\\/\",\"name\":\"Gastora\",\"description\":\"\u00c9quipements professionnels CHR\",\"publisher\":{\"@id\":\"https:\\\/\\\/gastora.eu\\\/#organization\"},\"potentialAction\":[{\"@type\":\"SearchAction\",\"target\":{\"@type\":\"EntryPoint\",\"urlTemplate\":\"https:\\\/\\\/gastora.eu\\\/?s={search_term_string}\"},\"query-input\":{\"@type\":\"PropertyValueSpecification\",\"valueRequired\":true,\"valueName\":\"search_term_string\"}}],\"inLanguage\":\"en-US\"},{\"@type\":\"Organization\",\"@id\":\"https:\\\/\\\/gastora.eu\\\/#organization\",\"name\":\"Gastora\",\"url\":\"https:\\\/\\\/gastora.eu\\\/\",\"logo\":{\"@type\":\"ImageObject\",\"inLanguage\":\"en-US\",\"@id\":\"https:\\\/\\\/gastora.eu\\\/#\\\/schema\\\/logo\\\/image\\\/\",\"url\":\"https:\\\/\\\/gastora.eu\\\/wp-content\\\/uploads\\\/2025\\\/12\\\/ChatGPT-Image-2-janv.-2026-22_52_47-1.png\",\"contentUrl\":\"https:\\\/\\\/gastora.eu\\\/wp-content\\\/uploads\\\/2025\\\/12\\\/ChatGPT-Image-2-janv.-2026-22_52_47-1.png\",\"width\":1536,\"height\":320,\"caption\":\"Gastora\"},\"image\":{\"@id\":\"https:\\\/\\\/gastora.eu\\\/#\\\/schema\\\/logo\\\/image\\\/\"}}]}<\/script>\n<!-- \/ Yoast SEO plugin. -->","yoast_head_json":{"title":"Cr\u00eapi\u00e8re - cr\u00eape simple - 40 cm - avec tartineur de p\u00e2te \u00e0 frire - Gastora","description":"Achetez Cr\u00eapi\u00e8re - cr\u00eape simple - 40 cm - avec tartineur de p\u00e2te \u00e0 frire au meilleur prix, fiable et performant avec une livraison rapide","robots":{"index":"index","follow":"follow","max-snippet":"max-snippet:-1","max-image-preview":"max-image-preview:large","max-video-preview":"max-video-preview:-1"},"canonical":"https:\/\/gastora.eu\/en\/product\/crpire-crpe-simple-40-cm-avec-tartineur-de-pte-frire\/","og_locale":"en_US","og_type":"article","og_title":"Cr\u00eapi\u00e8re - cr\u00eape simple - 40 cm - avec tartineur de p\u00e2te \u00e0 frire - Gastora","og_description":"Achetez Cr\u00eapi\u00e8re - cr\u00eape simple - 40 cm - avec tartineur de p\u00e2te \u00e0 frire au meilleur prix, fiable et performant avec une livraison rapide","og_url":"https:\/\/gastora.eu\/en\/product\/crpire-crpe-simple-40-cm-avec-tartineur-de-pte-frire\/","og_site_name":"Gastora","article_modified_time":"2026-04-28T16:56:20+00:00","twitter_card":"summary_large_image","twitter_misc":{"Est. reading time":"2 minutes"},"schema":{"@context":"https:\/\/schema.org","@graph":[{"@type":"WebPage","@id":"https:\/\/gastora.eu\/product\/crpire-crpe-simple-40-cm-avec-tartineur-de-pte-frire\/","url":"https:\/\/gastora.eu\/product\/crpire-crpe-simple-40-cm-avec-tartineur-de-pte-frire\/","name":"Cr\u00eapi\u00e8re - cr\u00eape simple - 40 cm - avec tartineur de p\u00e2te \u00e0 frire - Gastora","isPartOf":{"@id":"https:\/\/gastora.eu\/#website"},"primaryImageOfPage":{"@id":"https:\/\/gastora.eu\/product\/crpire-crpe-simple-40-cm-avec-tartineur-de-pte-frire\/#primaryimage"},"image":{"@id":"https:\/\/gastora.eu\/product\/crpire-crpe-simple-40-cm-avec-tartineur-de-pte-frire\/#primaryimage"},"thumbnailUrl":"https:\/\/gastora.eu\/wp-content\/uploads\/2026\/04\/sp-005-61656f864b3eb.jpg","datePublished":"2026-04-25T17:48:16+00:00","dateModified":"2026-04-28T16:56:20+00:00","description":"Achetez Cr\u00eapi\u00e8re - cr\u00eape simple - 40 cm - avec tartineur de p\u00e2te \u00e0 frire au meilleur prix, fiable et performant avec une livraison rapide","breadcrumb":{"@id":"https:\/\/gastora.eu\/product\/crpire-crpe-simple-40-cm-avec-tartineur-de-pte-frire\/#breadcrumb"},"inLanguage":"en-US","potentialAction":[{"@type":"ReadAction","target":["https:\/\/gastora.eu\/product\/crpire-crpe-simple-40-cm-avec-tartineur-de-pte-frire\/"]}]},{"@type":"ImageObject","inLanguage":"en-US","@id":"https:\/\/gastora.eu\/product\/crpire-crpe-simple-40-cm-avec-tartineur-de-pte-frire\/#primaryimage","url":"https:\/\/gastora.eu\/wp-content\/uploads\/2026\/04\/sp-005-61656f864b3eb.jpg","contentUrl":"https:\/\/gastora.eu\/wp-content\/uploads\/2026\/04\/sp-005-61656f864b3eb.jpg","width":2048,"height":2048},{"@type":"BreadcrumbList","@id":"https:\/\/gastora.eu\/product\/crpire-crpe-simple-40-cm-avec-tartineur-de-pte-frire\/#breadcrumb","itemListElement":[{"@type":"ListItem","position":1,"name":"Home","item":"https:\/\/gastora.eu\/"},{"@type":"ListItem","position":2,"name":"Shop","item":"https:\/\/gastora.eu\/shop\/"},{"@type":"ListItem","position":3,"name":"Cr\u00eapi\u00e8re &#8211; cr\u00eape simple &#8211; 40 cm &#8211; avec tartineur de p\u00e2te \u00e0 frire"}]},{"@type":"WebSite","@id":"https:\/\/gastora.eu\/#website","url":"https:\/\/gastora.eu\/","name":"Gastora","description":"\u00c9quipements professionnels CHR","publisher":{"@id":"https:\/\/gastora.eu\/#organization"},"potentialAction":[{"@type":"SearchAction","target":{"@type":"EntryPoint","urlTemplate":"https:\/\/gastora.eu\/?s={search_term_string}"},"query-input":{"@type":"PropertyValueSpecification","valueRequired":true,"valueName":"search_term_string"}}],"inLanguage":"en-US"},{"@type":"Organization","@id":"https:\/\/gastora.eu\/#organization","name":"Gastora","url":"https:\/\/gastora.eu\/","logo":{"@type":"ImageObject","inLanguage":"en-US","@id":"https:\/\/gastora.eu\/#\/schema\/logo\/image\/","url":"https:\/\/gastora.eu\/wp-content\/uploads\/2025\/12\/ChatGPT-Image-2-janv.-2026-22_52_47-1.png","contentUrl":"https:\/\/gastora.eu\/wp-content\/uploads\/2025\/12\/ChatGPT-Image-2-janv.-2026-22_52_47-1.png","width":1536,"height":320,"caption":"Gastora"},"image":{"@id":"https:\/\/gastora.eu\/#\/schema\/logo\/image\/"}}]}},"jetpack_sharing_enabled":true,"_links":{"self":[{"href":"https:\/\/gastora.eu\/en\/wp-json\/wp\/v2\/product\/14333","targetHints":{"allow":["GET"]}}],"collection":[{"href":"https:\/\/gastora.eu\/en\/wp-json\/wp\/v2\/product"}],"about":[{"href":"https:\/\/gastora.eu\/en\/wp-json\/wp\/v2\/types\/product"}],"wp:featuredmedia":[{"embeddable":true,"href":"https:\/\/gastora.eu\/en\/wp-json\/wp\/v2\/media\/7414"}],"wp:attachment":[{"href":"https:\/\/gastora.eu\/en\/wp-json\/wp\/v2\/media?parent=14333"}],"wp:term":[{"taxonomy":"product_brand","embeddable":true,"href":"https:\/\/gastora.eu\/en\/wp-json\/wp\/v2\/product_brand?post=14333"},{"taxonomy":"product_cat","embeddable":true,"href":"https:\/\/gastora.eu\/en\/wp-json\/wp\/v2\/product_cat?post=14333"},{"taxonomy":"product_tag","embeddable":true,"href":"https:\/\/gastora.eu\/en\/wp-json\/wp\/v2\/product_tag?post=14333"}],"curies":[{"name":"wp","href":"https:\/\/api.w.org\/{rel}","templated":true}]}}