{"id":14331,"date":"2026-04-25T17:48:12","date_gmt":"2026-04-25T17:48:12","guid":{"rendered":"https:\/\/gastora.eu\/?post_type=product&#038;p=14331"},"modified":"2026-04-28T16:56:20","modified_gmt":"2026-04-28T16:56:20","slug":"fondoir-chocolat-6-x-16-gn-10-cm","status":"publish","type":"product","link":"https:\/\/gastora.eu\/en\/product\/fondoir-chocolat-6-x-16-gn-10-cm\/","title":{"rendered":"Fondoir \u00e0 chocolat &#8211; 6 x 1\/6 GN 10 cm"},"content":{"rendered":"<p>Ce magnifique fondoir \u00e0 chocolat permet de faire fondre facilement le chocolat. Il est \u00e9quip\u00e9 de 6 r\u00e9cipients GN de 1\/6 GN, d&#8217;une profondeur de 10 cm et de couvercles assortis. L&#8217;affichage num\u00e9rique indique clairement la temp\u00e9rature de l&#8217;eau et des r\u00e9cipients GN.<\/p>\n<h3>Faire fondre diff\u00e9rents chocolats<\/h3>\n<p>Ce fondoir \u00e0 chocolat vous permet de remplir simultan\u00e9ment six bacs GN de chocolat. Vous pouvez donc \u00e9galement faire fondre diff\u00e9rents parfums de chocolat en m\u00eame temps. Pour ce faire, vous devez surveiller de pr\u00e8s la temp\u00e9rature. Le chocolat blanc fond \u00e0 36 degr\u00e9s, tandis que le chocolat noir fond \u00e0 une temp\u00e9rature l\u00e9g\u00e8rement plus \u00e9lev\u00e9e. Vous pouvez utiliser du chocolat \u00e0 fondre sp\u00e9cial, mais vous pouvez aussi couper une tablette de chocolat en petits morceaux et la laisser fondre.<\/p>\n<h3>Fondoir \u00e0 chocolat en acier inoxydable<\/h3>\n<p>Ce fondoir \u00e0 chocolat en acier inoxydable est \u00e9quip\u00e9 de six bacs gastronormes. Le fondoir \u00e0 chocolat est dot\u00e9 de ponts interm\u00e9diaires et de supports m\u00e9talliques qui garantissent que les bacs gastronormes restent en place et ne flottent pas ou ne basculent pas. Le fondoir \u00e0 chocolat est facile \u00e0 utiliser. Remplissez le r\u00e9servoir d&#8217;eau et placez les six r\u00e9cipients dans le fondoir \u00e0 chocolat. Mettez l&#8217;appareil en marche et r\u00e9glez la temp\u00e9rature souhait\u00e9e. Vous pouvez r\u00e9gler la temp\u00e9rature par degr\u00e9s dans une fourchette de 3 \u00e0 100\u00b0C. Un t\u00e9moin de temp\u00e9rature sur l&#8217;\u00e9cran indique que le fondoir \u00e0 chocolat a atteint la temp\u00e9rature souhait\u00e9e. Remplissez les r\u00e9cipients de chocolat et remuez r\u00e9guli\u00e8rement pendant que le chocolat fond. Retirez les r\u00e9cipients de l&#8217;eau en utilisant des gants de protection lorsque le chocolat est suffisamment fondu.<\/p>\n<h3>Travailler en toute s\u00e9curit\u00e9<\/h3>\n<p>Il est essentiel de travailler en toute s\u00e9curit\u00e9 dans une cuisine. C&#8217;est pourquoi ce fondoir \u00e0 chocolat est \u00e9quip\u00e9 d&#8217;une soupape d&#8217;\u00e9vacuation de la vapeur. Vous pouvez ouvrir et fermer cette vanne. Lorsque l&#8217;eau devient chaude, il se produit beaucoup de vapeur. Ouvrez la soupape d&#8217;\u00e9vacuation de la vapeur lorsque vous commencez \u00e0 faire fondre du chocolat. La vapeur peut \u00eatre \u00e9vacu\u00e9e en toute s\u00e9curit\u00e9 par le c\u00f4t\u00e9 de l&#8217;appareil. Cela vous \u00e9vite de vous br\u00fbler lorsque vous voulez sortir un r\u00e9cipient. Vous pouvez \u00e9vacuer l&#8217;eau chaude du r\u00e9cipient \u00e0 l&#8217;aide du robinet de vidange. Vous ne devez donc pas retourner l&#8217;appareil pour le vider.<\/p>\n<h3>Nettoyage du fondoir \u00e0 chocolat<\/h3>\n<p>Dans les machines o\u00f9 l&#8217;on produit des aliments, il est essentiel de les nettoyer correctement. Cela permet de prolonger la dur\u00e9e de vie des appareils. Dans le cas de ce fondoir \u00e0 chocolat en acier inoxydable, il s&#8217;agit d&#8217;une t\u00e2che simple. D\u00e9branchez l&#8217;appareil et laissez le fondoir \u00e0 chocolat refroidir. Retirez les r\u00e9cipients GN et les couvercles de l&#8217;appareil et nettoyez-les \u00e0 l&#8217;eau savonneuse. Pour ce faire, utilisez de l&#8217;eau ti\u00e8de et un d\u00e9tergent doux. S\u00e9chez soigneusement les accessoires. Videz ensuite l&#8217;eau de la machine \u00e0 l&#8217;aide du robinet de vidange. S\u00e9chez bien l&#8217;int\u00e9rieur. Vous pouvez essuyer l&#8217;ext\u00e9rieur avec un chiffon doux et humide. Une fois bien secs, vous pouvez remettre les r\u00e9cipients GN dans le fondoir \u00e0 chocolat.<\/p>\n<p>Vous souhaitez acheter un fondoir \u00e0 chocolat aussi pratique ? Consultez notre sous-cat\u00e9gorie de fondoirs \u00e0 chocolat pour voir quels sont les autres mod\u00e8les que nous vendons et choisissez celui qui r\u00e9pond \u00e0 vos besoins. Vous n&#8217;avez pas encore trouv\u00e9 votre bonheur ? Contactez notre service client\u00e8le. Il se fera un plaisir de vous conseiller.<\/p>\n<p><strong>Caract\u00e9ristiques<\/strong><\/p>\n<ul>\n<li>Finition en acier inoxydable pour \u00e9viter la corrosion<\/li>\n<li>Thermostat variable de 3\u00b0C \u00e0 100\u00b0C<\/li>\n<li>Temp\u00e9rature constante<\/li>\n<li>\u00c9quip\u00e9 d&#8217;une sortie d&#8217;eau et de vapeur<\/li>\n<\/ul>\n<p><strong>Caract\u00e9ristiques du produit<\/strong><\/p>\n<ul>\n<li>Poids net : 9,5kg<\/li>\n<li>Capacit\u00e9 par bac GN : 1,7kg de chocolat<\/li>\n<li>Dimensions de l&#8217;appareil : L41 x P67 x H17cm<\/li>\n<li>alimentation : 230V \/ 50Hz \/ 1 Phase 1500 Watt<\/li>\n<\/ul>\n<p><em>Compris dans le prix<\/em><\/p>\n<ul>\n<li><em>Six r\u00e9cipients GN 1\/6 (10cm de profondeur)<\/em><\/li>\n<\/ul>","protected":false},"excerpt":{"rendered":"<p>Le fondoir \u00e0 chocolat se compose de 6 r\u00e9cipients GN de 1\/6 dans lesquels le chocolat peut \u00eatre lentement fondu. Il est id\u00e9al pour les glaciers, les chocolateries, les p\u00e2tisseries et autres \u00e9tablissements de restauration. La temp\u00e9rature pouvant \u00eatre r\u00e9gl\u00e9e avec pr\u00e9cision, vous \u00e9vitez de br\u00fbler le chocolat.<\/p>","protected":false},"featured_media":7410,"template":"","meta":{"_acf_changed":false},"product_brand":[],"product_cat":[487],"product_tag":[],"class_list":{"0":"post-14331","1":"product","2":"type-product","3":"status-publish","4":"has-post-thumbnail","6":"product_cat-bains-marie-2","8":"first","9":"instock","10":"sale","11":"taxable","12":"shipping-taxable","13":"purchasable","14":"product-type-simple"},"acf":[],"yoast_head":"<!-- This site is optimized with the Yoast SEO plugin v27.5 - https:\/\/yoast.com\/product\/yoast-seo-wordpress\/ -->\n<title>Fondoir \u00e0 chocolat - 6 x 1\/6 GN 10 cm - Gastora<\/title>\n<meta name=\"description\" content=\"Achetez Fondoir \u00e0 chocolat - 6 x 1\/6 GN 10 cm au meilleur prix, fiable et performant avec une livraison rapide\" \/>\n<meta name=\"robots\" content=\"index, follow, max-snippet:-1, max-image-preview:large, max-video-preview:-1\" \/>\n<link rel=\"canonical\" href=\"https:\/\/gastora.eu\/en\/product\/fondoir-chocolat-6-x-16-gn-10-cm\/\" \/>\n<meta property=\"og:locale\" content=\"en_US\" \/>\n<meta property=\"og:type\" content=\"article\" \/>\n<meta property=\"og:title\" content=\"Fondoir \u00e0 chocolat - 6 x 1\/6 GN 10 cm - Gastora\" \/>\n<meta property=\"og:description\" content=\"Achetez Fondoir \u00e0 chocolat - 6 x 1\/6 GN 10 cm au meilleur prix, fiable et performant avec une livraison rapide\" \/>\n<meta property=\"og:url\" content=\"https:\/\/gastora.eu\/en\/product\/fondoir-chocolat-6-x-16-gn-10-cm\/\" \/>\n<meta property=\"og:site_name\" content=\"Gastora\" \/>\n<meta property=\"article:modified_time\" content=\"2026-04-28T16:56:20+00:00\" \/>\n<meta name=\"twitter:card\" content=\"summary_large_image\" \/>\n<meta name=\"twitter:label1\" content=\"Est. reading time\" \/>\n\t<meta name=\"twitter:data1\" content=\"3 minutes\" \/>\n<script type=\"application\/ld+json\" class=\"yoast-schema-graph\">{\"@context\":\"https:\\\/\\\/schema.org\",\"@graph\":[{\"@type\":\"WebPage\",\"@id\":\"https:\\\/\\\/gastora.eu\\\/product\\\/fondoir-chocolat-6-x-16-gn-10-cm\\\/\",\"url\":\"https:\\\/\\\/gastora.eu\\\/product\\\/fondoir-chocolat-6-x-16-gn-10-cm\\\/\",\"name\":\"Fondoir \u00e0 chocolat - 6 x 1\\\/6 GN 10 cm - Gastora\",\"isPartOf\":{\"@id\":\"https:\\\/\\\/gastora.eu\\\/#website\"},\"primaryImageOfPage\":{\"@id\":\"https:\\\/\\\/gastora.eu\\\/product\\\/fondoir-chocolat-6-x-16-gn-10-cm\\\/#primaryimage\"},\"image\":{\"@id\":\"https:\\\/\\\/gastora.eu\\\/product\\\/fondoir-chocolat-6-x-16-gn-10-cm\\\/#primaryimage\"},\"thumbnailUrl\":\"https:\\\/\\\/gastora.eu\\\/wp-content\\\/uploads\\\/2026\\\/04\\\/sp-005-61656f71a9d61.jpg\",\"datePublished\":\"2026-04-25T17:48:12+00:00\",\"dateModified\":\"2026-04-28T16:56:20+00:00\",\"description\":\"Achetez Fondoir \u00e0 chocolat - 6 x 1\\\/6 GN 10 cm au meilleur prix, fiable et performant avec une livraison rapide\",\"breadcrumb\":{\"@id\":\"https:\\\/\\\/gastora.eu\\\/product\\\/fondoir-chocolat-6-x-16-gn-10-cm\\\/#breadcrumb\"},\"inLanguage\":\"en-US\",\"potentialAction\":[{\"@type\":\"ReadAction\",\"target\":[\"https:\\\/\\\/gastora.eu\\\/product\\\/fondoir-chocolat-6-x-16-gn-10-cm\\\/\"]}]},{\"@type\":\"ImageObject\",\"inLanguage\":\"en-US\",\"@id\":\"https:\\\/\\\/gastora.eu\\\/product\\\/fondoir-chocolat-6-x-16-gn-10-cm\\\/#primaryimage\",\"url\":\"https:\\\/\\\/gastora.eu\\\/wp-content\\\/uploads\\\/2026\\\/04\\\/sp-005-61656f71a9d61.jpg\",\"contentUrl\":\"https:\\\/\\\/gastora.eu\\\/wp-content\\\/uploads\\\/2026\\\/04\\\/sp-005-61656f71a9d61.jpg\",\"width\":2048,\"height\":2048},{\"@type\":\"BreadcrumbList\",\"@id\":\"https:\\\/\\\/gastora.eu\\\/product\\\/fondoir-chocolat-6-x-16-gn-10-cm\\\/#breadcrumb\",\"itemListElement\":[{\"@type\":\"ListItem\",\"position\":1,\"name\":\"Home\",\"item\":\"https:\\\/\\\/gastora.eu\\\/\"},{\"@type\":\"ListItem\",\"position\":2,\"name\":\"Shop\",\"item\":\"https:\\\/\\\/gastora.eu\\\/shop\\\/\"},{\"@type\":\"ListItem\",\"position\":3,\"name\":\"Fondoir \u00e0 chocolat &#8211; 6 x 1\\\/6 GN 10 cm\"}]},{\"@type\":\"WebSite\",\"@id\":\"https:\\\/\\\/gastora.eu\\\/#website\",\"url\":\"https:\\\/\\\/gastora.eu\\\/\",\"name\":\"Gastora\",\"description\":\"\u00c9quipements professionnels CHR\",\"publisher\":{\"@id\":\"https:\\\/\\\/gastora.eu\\\/#organization\"},\"potentialAction\":[{\"@type\":\"SearchAction\",\"target\":{\"@type\":\"EntryPoint\",\"urlTemplate\":\"https:\\\/\\\/gastora.eu\\\/?s={search_term_string}\"},\"query-input\":{\"@type\":\"PropertyValueSpecification\",\"valueRequired\":true,\"valueName\":\"search_term_string\"}}],\"inLanguage\":\"en-US\"},{\"@type\":\"Organization\",\"@id\":\"https:\\\/\\\/gastora.eu\\\/#organization\",\"name\":\"Gastora\",\"url\":\"https:\\\/\\\/gastora.eu\\\/\",\"logo\":{\"@type\":\"ImageObject\",\"inLanguage\":\"en-US\",\"@id\":\"https:\\\/\\\/gastora.eu\\\/#\\\/schema\\\/logo\\\/image\\\/\",\"url\":\"https:\\\/\\\/gastora.eu\\\/wp-content\\\/uploads\\\/2025\\\/12\\\/ChatGPT-Image-2-janv.-2026-22_52_47-1.png\",\"contentUrl\":\"https:\\\/\\\/gastora.eu\\\/wp-content\\\/uploads\\\/2025\\\/12\\\/ChatGPT-Image-2-janv.-2026-22_52_47-1.png\",\"width\":1536,\"height\":320,\"caption\":\"Gastora\"},\"image\":{\"@id\":\"https:\\\/\\\/gastora.eu\\\/#\\\/schema\\\/logo\\\/image\\\/\"}}]}<\/script>\n<!-- \/ Yoast SEO plugin. -->","yoast_head_json":{"title":"Fondoir \u00e0 chocolat - 6 x 1\/6 GN 10 cm - Gastora","description":"Achetez Fondoir \u00e0 chocolat - 6 x 1\/6 GN 10 cm au meilleur prix, fiable et performant avec une livraison rapide","robots":{"index":"index","follow":"follow","max-snippet":"max-snippet:-1","max-image-preview":"max-image-preview:large","max-video-preview":"max-video-preview:-1"},"canonical":"https:\/\/gastora.eu\/en\/product\/fondoir-chocolat-6-x-16-gn-10-cm\/","og_locale":"en_US","og_type":"article","og_title":"Fondoir \u00e0 chocolat - 6 x 1\/6 GN 10 cm - Gastora","og_description":"Achetez Fondoir \u00e0 chocolat - 6 x 1\/6 GN 10 cm au meilleur prix, fiable et performant avec une livraison rapide","og_url":"https:\/\/gastora.eu\/en\/product\/fondoir-chocolat-6-x-16-gn-10-cm\/","og_site_name":"Gastora","article_modified_time":"2026-04-28T16:56:20+00:00","twitter_card":"summary_large_image","twitter_misc":{"Est. reading time":"3 minutes"},"schema":{"@context":"https:\/\/schema.org","@graph":[{"@type":"WebPage","@id":"https:\/\/gastora.eu\/product\/fondoir-chocolat-6-x-16-gn-10-cm\/","url":"https:\/\/gastora.eu\/product\/fondoir-chocolat-6-x-16-gn-10-cm\/","name":"Fondoir \u00e0 chocolat - 6 x 1\/6 GN 10 cm - Gastora","isPartOf":{"@id":"https:\/\/gastora.eu\/#website"},"primaryImageOfPage":{"@id":"https:\/\/gastora.eu\/product\/fondoir-chocolat-6-x-16-gn-10-cm\/#primaryimage"},"image":{"@id":"https:\/\/gastora.eu\/product\/fondoir-chocolat-6-x-16-gn-10-cm\/#primaryimage"},"thumbnailUrl":"https:\/\/gastora.eu\/wp-content\/uploads\/2026\/04\/sp-005-61656f71a9d61.jpg","datePublished":"2026-04-25T17:48:12+00:00","dateModified":"2026-04-28T16:56:20+00:00","description":"Achetez Fondoir \u00e0 chocolat - 6 x 1\/6 GN 10 cm au meilleur prix, fiable et performant avec une livraison rapide","breadcrumb":{"@id":"https:\/\/gastora.eu\/product\/fondoir-chocolat-6-x-16-gn-10-cm\/#breadcrumb"},"inLanguage":"en-US","potentialAction":[{"@type":"ReadAction","target":["https:\/\/gastora.eu\/product\/fondoir-chocolat-6-x-16-gn-10-cm\/"]}]},{"@type":"ImageObject","inLanguage":"en-US","@id":"https:\/\/gastora.eu\/product\/fondoir-chocolat-6-x-16-gn-10-cm\/#primaryimage","url":"https:\/\/gastora.eu\/wp-content\/uploads\/2026\/04\/sp-005-61656f71a9d61.jpg","contentUrl":"https:\/\/gastora.eu\/wp-content\/uploads\/2026\/04\/sp-005-61656f71a9d61.jpg","width":2048,"height":2048},{"@type":"BreadcrumbList","@id":"https:\/\/gastora.eu\/product\/fondoir-chocolat-6-x-16-gn-10-cm\/#breadcrumb","itemListElement":[{"@type":"ListItem","position":1,"name":"Home","item":"https:\/\/gastora.eu\/"},{"@type":"ListItem","position":2,"name":"Shop","item":"https:\/\/gastora.eu\/shop\/"},{"@type":"ListItem","position":3,"name":"Fondoir \u00e0 chocolat &#8211; 6 x 1\/6 GN 10 cm"}]},{"@type":"WebSite","@id":"https:\/\/gastora.eu\/#website","url":"https:\/\/gastora.eu\/","name":"Gastora","description":"\u00c9quipements professionnels CHR","publisher":{"@id":"https:\/\/gastora.eu\/#organization"},"potentialAction":[{"@type":"SearchAction","target":{"@type":"EntryPoint","urlTemplate":"https:\/\/gastora.eu\/?s={search_term_string}"},"query-input":{"@type":"PropertyValueSpecification","valueRequired":true,"valueName":"search_term_string"}}],"inLanguage":"en-US"},{"@type":"Organization","@id":"https:\/\/gastora.eu\/#organization","name":"Gastora","url":"https:\/\/gastora.eu\/","logo":{"@type":"ImageObject","inLanguage":"en-US","@id":"https:\/\/gastora.eu\/#\/schema\/logo\/image\/","url":"https:\/\/gastora.eu\/wp-content\/uploads\/2025\/12\/ChatGPT-Image-2-janv.-2026-22_52_47-1.png","contentUrl":"https:\/\/gastora.eu\/wp-content\/uploads\/2025\/12\/ChatGPT-Image-2-janv.-2026-22_52_47-1.png","width":1536,"height":320,"caption":"Gastora"},"image":{"@id":"https:\/\/gastora.eu\/#\/schema\/logo\/image\/"}}]}},"jetpack_sharing_enabled":true,"_links":{"self":[{"href":"https:\/\/gastora.eu\/en\/wp-json\/wp\/v2\/product\/14331","targetHints":{"allow":["GET"]}}],"collection":[{"href":"https:\/\/gastora.eu\/en\/wp-json\/wp\/v2\/product"}],"about":[{"href":"https:\/\/gastora.eu\/en\/wp-json\/wp\/v2\/types\/product"}],"wp:featuredmedia":[{"embeddable":true,"href":"https:\/\/gastora.eu\/en\/wp-json\/wp\/v2\/media\/7410"}],"wp:attachment":[{"href":"https:\/\/gastora.eu\/en\/wp-json\/wp\/v2\/media?parent=14331"}],"wp:term":[{"taxonomy":"product_brand","embeddable":true,"href":"https:\/\/gastora.eu\/en\/wp-json\/wp\/v2\/product_brand?post=14331"},{"taxonomy":"product_cat","embeddable":true,"href":"https:\/\/gastora.eu\/en\/wp-json\/wp\/v2\/product_cat?post=14331"},{"taxonomy":"product_tag","embeddable":true,"href":"https:\/\/gastora.eu\/en\/wp-json\/wp\/v2\/product_tag?post=14331"}],"curies":[{"name":"wp","href":"https:\/\/api.w.org\/{rel}","templated":true}]}}